{"id":14729,"date":"2025-01-06T13:47:26","date_gmt":"2025-01-06T18:47:26","guid":{"rendered":"https:\/\/mvebio.com\/recursos\/registro-na-fda\/"},"modified":"2025-01-06T13:47:26","modified_gmt":"2025-01-06T18:47:26","slug":"registro-na-fda","status":"publish","type":"page","link":"https:\/\/mvebio.com\/pt-br\/recursos\/registro-na-fda\/","title":{"rendered":"Registro na FDA"},"content":{"rendered":"","protected":false},"excerpt":{"rendered":"","protected":false},"author":24,"featured_media":5275,"parent":12638,"menu_order":0,"comment_status":"closed","ping_status":"closed","template":"","meta":{"_acf_changed":false,"footnotes":""},"class_list":["post-14729","page","type-page","status-publish","has-post-thumbnail","hentry"],"acf":[],"yoast_head":"<!-- This site is optimized with the Yoast SEO plugin v27.2 - https:\/\/yoast.com\/product\/yoast-seo-wordpress\/ -->\n<title>Registro na FDA - MVE Biological Solutions<\/title>\n<meta name=\"description\" content=\"A MVE Biological Solutions aceitar\u00e1 devolu\u00e7\u00f5es da maioria dos itens no prazo de 30 dias ap\u00f3s a compra. Todos os itens devolvidos devem estar em condi\u00e7\u00f5es novas e sem uso, na embalagem original. As devolu\u00e7\u00f5es est\u00e3o sujeitas a uma taxa de reabastecimento.\" \/>\n<meta name=\"robots\" content=\"index, follow, max-snippet:-1, max-image-preview:large, max-video-preview:-1\" \/>\n<link rel=\"canonical\" href=\"https:\/\/mvebio.com\/pt-br\/recursos\/registro-na-fda\/\" \/>\n<meta property=\"og:locale\" content=\"pt_BR\" \/>\n<meta property=\"og:type\" content=\"article\" \/>\n<meta property=\"og:title\" content=\"Registro na FDA - MVE Biological Solutions\" \/>\n<meta property=\"og:description\" content=\"A MVE Biological Solutions aceitar\u00e1 devolu\u00e7\u00f5es da maioria dos itens no prazo de 30 dias ap\u00f3s a compra. Todos os itens devolvidos devem estar em condi\u00e7\u00f5es novas e sem uso, na embalagem original. As devolu\u00e7\u00f5es est\u00e3o sujeitas a uma taxa de reabastecimento.\" \/>\n<meta property=\"og:url\" content=\"https:\/\/mvebio.com\/pt-br\/recursos\/registro-na-fda\/\" \/>\n<meta property=\"og:site_name\" content=\"MVE Biological Solutions\" \/>\n<meta property=\"og:image\" content=\"https:\/\/mvebio.com\/wp-content\/uploads\/sites\/4\/2023\/12\/MVE_Header_8-1024x459.png\" \/>\n\t<meta property=\"og:image:width\" content=\"1024\" \/>\n\t<meta property=\"og:image:height\" content=\"459\" \/>\n\t<meta property=\"og:image:type\" content=\"image\/png\" \/>\n<meta name=\"twitter:card\" content=\"summary_large_image\" \/>\n<meta name=\"twitter:site\" content=\"@MveBioSolutions\" \/>\n<script type=\"application\/ld+json\" class=\"yoast-schema-graph\">{\"@context\":\"https:\/\/schema.org\",\"@graph\":[{\"@type\":\"WebPage\",\"@id\":\"https:\/\/mvebio.com\/pt-br\/recursos\/registro-na-fda\/\",\"url\":\"https:\/\/mvebio.com\/pt-br\/recursos\/registro-na-fda\/\",\"name\":\"Registro na FDA - MVE Biological Solutions\",\"isPartOf\":{\"@id\":\"https:\/\/mvebio.com\/pt-br\/#website\"},\"primaryImageOfPage\":{\"@id\":\"https:\/\/mvebio.com\/pt-br\/recursos\/registro-na-fda\/#primaryimage\"},\"image\":{\"@id\":\"https:\/\/mvebio.com\/pt-br\/recursos\/registro-na-fda\/#primaryimage\"},\"thumbnailUrl\":\"https:\/\/mvebio.com\/wp-content\/uploads\/sites\/4\/2023\/12\/MVE_Header_8.jpg\",\"datePublished\":\"2025-01-06T18:47:26+00:00\",\"description\":\"A MVE Biological Solutions aceitar\u00e1 devolu\u00e7\u00f5es da maioria dos itens no prazo de 30 dias ap\u00f3s a compra. Todos os itens devolvidos devem estar em condi\u00e7\u00f5es novas e sem uso, na embalagem original. As devolu\u00e7\u00f5es est\u00e3o sujeitas a uma taxa de reabastecimento.\",\"breadcrumb\":{\"@id\":\"https:\/\/mvebio.com\/pt-br\/recursos\/registro-na-fda\/#breadcrumb\"},\"inLanguage\":\"pt-BR\",\"potentialAction\":[{\"@type\":\"ReadAction\",\"target\":[\"https:\/\/mvebio.com\/pt-br\/recursos\/registro-na-fda\/\"]}]},{\"@type\":\"ImageObject\",\"inLanguage\":\"pt-BR\",\"@id\":\"https:\/\/mvebio.com\/pt-br\/recursos\/registro-na-fda\/#primaryimage\",\"url\":\"https:\/\/mvebio.com\/wp-content\/uploads\/sites\/4\/2023\/12\/MVE_Header_8.jpg\",\"contentUrl\":\"https:\/\/mvebio.com\/wp-content\/uploads\/sites\/4\/2023\/12\/MVE_Header_8.jpg\",\"width\":7441,\"height\":3338},{\"@type\":\"BreadcrumbList\",\"@id\":\"https:\/\/mvebio.com\/pt-br\/recursos\/registro-na-fda\/#breadcrumb\",\"itemListElement\":[{\"@type\":\"ListItem\",\"position\":1,\"name\":\"P\u00e1gina inicial\",\"item\":\"https:\/\/mvebio.com\/pt-br\/homepage\/\"},{\"@type\":\"ListItem\",\"position\":2,\"name\":\"Recursos\",\"item\":\"https:\/\/mvebio.com\/pt-br\/recursos\/\"},{\"@type\":\"ListItem\",\"position\":3,\"name\":\"Registro na FDA\"}]},{\"@type\":\"WebSite\",\"@id\":\"https:\/\/mvebio.com\/pt-br\/#website\",\"url\":\"https:\/\/mvebio.com\/pt-br\/\",\"name\":\"MVE Biological Solutions\",\"description\":\"Cryogenic freezers and dewars\",\"publisher\":{\"@id\":\"https:\/\/mvebio.com\/pt-br\/#organization\"},\"alternateName\":\"MVE Bio\",\"potentialAction\":[{\"@type\":\"SearchAction\",\"target\":{\"@type\":\"EntryPoint\",\"urlTemplate\":\"https:\/\/mvebio.com\/pt-br\/?s={search_term_string}\"},\"query-input\":{\"@type\":\"PropertyValueSpecification\",\"valueRequired\":true,\"valueName\":\"search_term_string\"}}],\"inLanguage\":\"pt-BR\"},{\"@type\":\"Organization\",\"@id\":\"https:\/\/mvebio.com\/pt-br\/#organization\",\"name\":\"MVE Biological Solutions\",\"alternateName\":\"MVE Bio\",\"url\":\"https:\/\/mvebio.com\/pt-br\/\",\"logo\":{\"@type\":\"ImageObject\",\"inLanguage\":\"pt-BR\",\"@id\":\"https:\/\/mvebio.com\/pt-br\/#\/schema\/logo\/image\/\",\"url\":\"https:\/\/mvebio.com\/wp-content\/uploads\/sites\/4\/2023\/12\/mve-square.png\",\"contentUrl\":\"https:\/\/mvebio.com\/wp-content\/uploads\/sites\/4\/2023\/12\/mve-square.png\",\"width\":1200,\"height\":1200,\"caption\":\"MVE Biological Solutions\"},\"image\":{\"@id\":\"https:\/\/mvebio.com\/pt-br\/#\/schema\/logo\/image\/\"},\"sameAs\":[\"https:\/\/x.com\/MveBioSolutions\",\"https:\/\/www.linkedin.com\/company\/mvebio\/\"]}]}<\/script>\n<!-- \/ Yoast SEO plugin. -->","yoast_head_json":{"title":"Registro na FDA - MVE Biological Solutions","description":"A MVE Biological Solutions aceitar\u00e1 devolu\u00e7\u00f5es da maioria dos itens no prazo de 30 dias ap\u00f3s a compra. Todos os itens devolvidos devem estar em condi\u00e7\u00f5es novas e sem uso, na embalagem original. As devolu\u00e7\u00f5es est\u00e3o sujeitas a uma taxa de reabastecimento.","robots":{"index":"index","follow":"follow","max-snippet":"max-snippet:-1","max-image-preview":"max-image-preview:large","max-video-preview":"max-video-preview:-1"},"canonical":"https:\/\/mvebio.com\/pt-br\/recursos\/registro-na-fda\/","og_locale":"pt_BR","og_type":"article","og_title":"Registro na FDA - MVE Biological Solutions","og_description":"A MVE Biological Solutions aceitar\u00e1 devolu\u00e7\u00f5es da maioria dos itens no prazo de 30 dias ap\u00f3s a compra. Todos os itens devolvidos devem estar em condi\u00e7\u00f5es novas e sem uso, na embalagem original. As devolu\u00e7\u00f5es est\u00e3o sujeitas a uma taxa de reabastecimento.","og_url":"https:\/\/mvebio.com\/pt-br\/recursos\/registro-na-fda\/","og_site_name":"MVE Biological Solutions","og_image":[{"width":1024,"height":459,"url":"https:\/\/mvebio.com\/wp-content\/uploads\/sites\/4\/2023\/12\/MVE_Header_8-1024x459.png","type":"image\/png"}],"twitter_card":"summary_large_image","twitter_site":"@MveBioSolutions","schema":{"@context":"https:\/\/schema.org","@graph":[{"@type":"WebPage","@id":"https:\/\/mvebio.com\/pt-br\/recursos\/registro-na-fda\/","url":"https:\/\/mvebio.com\/pt-br\/recursos\/registro-na-fda\/","name":"Registro na FDA - MVE Biological Solutions","isPartOf":{"@id":"https:\/\/mvebio.com\/pt-br\/#website"},"primaryImageOfPage":{"@id":"https:\/\/mvebio.com\/pt-br\/recursos\/registro-na-fda\/#primaryimage"},"image":{"@id":"https:\/\/mvebio.com\/pt-br\/recursos\/registro-na-fda\/#primaryimage"},"thumbnailUrl":"https:\/\/mvebio.com\/wp-content\/uploads\/sites\/4\/2023\/12\/MVE_Header_8.jpg","datePublished":"2025-01-06T18:47:26+00:00","description":"A MVE Biological Solutions aceitar\u00e1 devolu\u00e7\u00f5es da maioria dos itens no prazo de 30 dias ap\u00f3s a compra. Todos os itens devolvidos devem estar em condi\u00e7\u00f5es novas e sem uso, na embalagem original. As devolu\u00e7\u00f5es est\u00e3o sujeitas a uma taxa de reabastecimento.","breadcrumb":{"@id":"https:\/\/mvebio.com\/pt-br\/recursos\/registro-na-fda\/#breadcrumb"},"inLanguage":"pt-BR","potentialAction":[{"@type":"ReadAction","target":["https:\/\/mvebio.com\/pt-br\/recursos\/registro-na-fda\/"]}]},{"@type":"ImageObject","inLanguage":"pt-BR","@id":"https:\/\/mvebio.com\/pt-br\/recursos\/registro-na-fda\/#primaryimage","url":"https:\/\/mvebio.com\/wp-content\/uploads\/sites\/4\/2023\/12\/MVE_Header_8.jpg","contentUrl":"https:\/\/mvebio.com\/wp-content\/uploads\/sites\/4\/2023\/12\/MVE_Header_8.jpg","width":7441,"height":3338},{"@type":"BreadcrumbList","@id":"https:\/\/mvebio.com\/pt-br\/recursos\/registro-na-fda\/#breadcrumb","itemListElement":[{"@type":"ListItem","position":1,"name":"P\u00e1gina inicial","item":"https:\/\/mvebio.com\/pt-br\/homepage\/"},{"@type":"ListItem","position":2,"name":"Recursos","item":"https:\/\/mvebio.com\/pt-br\/recursos\/"},{"@type":"ListItem","position":3,"name":"Registro na FDA"}]},{"@type":"WebSite","@id":"https:\/\/mvebio.com\/pt-br\/#website","url":"https:\/\/mvebio.com\/pt-br\/","name":"MVE Biological Solutions","description":"Cryogenic freezers and dewars","publisher":{"@id":"https:\/\/mvebio.com\/pt-br\/#organization"},"alternateName":"MVE Bio","potentialAction":[{"@type":"SearchAction","target":{"@type":"EntryPoint","urlTemplate":"https:\/\/mvebio.com\/pt-br\/?s={search_term_string}"},"query-input":{"@type":"PropertyValueSpecification","valueRequired":true,"valueName":"search_term_string"}}],"inLanguage":"pt-BR"},{"@type":"Organization","@id":"https:\/\/mvebio.com\/pt-br\/#organization","name":"MVE Biological Solutions","alternateName":"MVE Bio","url":"https:\/\/mvebio.com\/pt-br\/","logo":{"@type":"ImageObject","inLanguage":"pt-BR","@id":"https:\/\/mvebio.com\/pt-br\/#\/schema\/logo\/image\/","url":"https:\/\/mvebio.com\/wp-content\/uploads\/sites\/4\/2023\/12\/mve-square.png","contentUrl":"https:\/\/mvebio.com\/wp-content\/uploads\/sites\/4\/2023\/12\/mve-square.png","width":1200,"height":1200,"caption":"MVE Biological Solutions"},"image":{"@id":"https:\/\/mvebio.com\/pt-br\/#\/schema\/logo\/image\/"},"sameAs":["https:\/\/x.com\/MveBioSolutions","https:\/\/www.linkedin.com\/company\/mvebio\/"]}]}},"_links":{"self":[{"href":"https:\/\/mvebio.com\/pt-br\/wp-json\/wp\/v2\/pages\/14729","targetHints":{"allow":["GET"]}}],"collection":[{"href":"https:\/\/mvebio.com\/pt-br\/wp-json\/wp\/v2\/pages"}],"about":[{"href":"https:\/\/mvebio.com\/pt-br\/wp-json\/wp\/v2\/types\/page"}],"author":[{"embeddable":true,"href":"https:\/\/mvebio.com\/pt-br\/wp-json\/wp\/v2\/users\/24"}],"replies":[{"embeddable":true,"href":"https:\/\/mvebio.com\/pt-br\/wp-json\/wp\/v2\/comments?post=14729"}],"version-history":[{"count":0,"href":"https:\/\/mvebio.com\/pt-br\/wp-json\/wp\/v2\/pages\/14729\/revisions"}],"up":[{"embeddable":true,"href":"https:\/\/mvebio.com\/pt-br\/wp-json\/wp\/v2\/pages\/12638"}],"wp:featuredmedia":[{"embeddable":true,"href":"https:\/\/mvebio.com\/pt-br\/wp-json\/wp\/v2\/media\/5275"}],"wp:attachment":[{"href":"https:\/\/mvebio.com\/pt-br\/wp-json\/wp\/v2\/media?parent=14729"}],"curies":[{"name":"wp","href":"https:\/\/api.w.org\/{rel}","templated":true}]}}