{"id":14225,"date":"2026-02-10T23:02:54","date_gmt":"2026-02-11T04:02:54","guid":{"rendered":"https:\/\/mvebio.com\/?page_id=14225"},"modified":"2026-02-18T10:36:01","modified_gmt":"2026-02-18T15:36:01","slug":"mve-fusion-800-series","status":"publish","type":"page","link":"https:\/\/mvebio.com\/pt-br\/nossos-produtos\/ciencias-da-vida-freezers\/mve-fusion-800-series\/","title":{"rendered":"MVE Fusion 800 Series"},"content":{"rendered":"","protected":false},"excerpt":{"rendered":"<p>Proteja suas amostras com o primeiro freezer criog\u00eanico autossustent\u00e1vel do mundo<\/p>\n","protected":false},"author":1,"featured_media":14239,"parent":12650,"menu_order":0,"comment_status":"closed","ping_status":"closed","template":"","meta":{"_acf_changed":false,"footnotes":""},"class_list":["post-14225","page","type-page","status-publish","has-post-thumbnail","hentry"],"acf":[],"yoast_head":"<!-- This site is optimized with the Yoast SEO plugin v27.2 - https:\/\/yoast.com\/product\/yoast-seo-wordpress\/ -->\n<title>MVE Fusion 800 Series - MVE Biological Solutions<\/title>\n<meta name=\"description\" content=\"Descubra o primeiro freezer criog\u00eanico autossustent\u00e1vel do mundo. Tenha total tranquilidade com nosso revolucion\u00e1rio e premiado freezer Fusion.\" \/>\n<meta name=\"robots\" content=\"index, follow, max-snippet:-1, max-image-preview:large, max-video-preview:-1\" \/>\n<link rel=\"canonical\" href=\"https:\/\/mvebio.com\/pt-br\/nossos-produtos\/ciencias-da-vida-freezers\/mve-fusion-800-series\/\" \/>\n<meta property=\"og:locale\" content=\"pt_BR\" \/>\n<meta property=\"og:type\" content=\"article\" \/>\n<meta property=\"og:title\" content=\"MVE Fusion 800 Series - MVE Biological Solutions\" \/>\n<meta property=\"og:description\" content=\"Descubra o primeiro freezer criog\u00eanico autossustent\u00e1vel do mundo. Tenha total tranquilidade com nosso revolucion\u00e1rio e premiado freezer Fusion.\" \/>\n<meta property=\"og:url\" content=\"https:\/\/mvebio.com\/pt-br\/nossos-produtos\/ciencias-da-vida-freezers\/mve-fusion-800-series\/\" \/>\n<meta property=\"og:site_name\" content=\"MVE Biological Solutions\" \/>\n<meta property=\"article:modified_time\" content=\"2026-02-18T15:36:01+00:00\" \/>\n<meta property=\"og:image\" content=\"https:\/\/mvebio.com\/wp-content\/uploads\/sites\/4\/2026\/02\/freezer-800.178-1-feature.jpg\" \/>\n\t<meta property=\"og:image:width\" content=\"1200\" \/>\n\t<meta property=\"og:image:height\" content=\"562\" \/>\n\t<meta property=\"og:image:type\" content=\"image\/jpeg\" \/>\n<meta name=\"twitter:card\" content=\"summary_large_image\" \/>\n<meta name=\"twitter:site\" content=\"@MveBioSolutions\" \/>\n<meta name=\"twitter:label1\" content=\"Est. tempo de leitura\" \/>\n\t<meta name=\"twitter:data1\" content=\"4 minutos\" \/>\n<script type=\"application\/ld+json\" class=\"yoast-schema-graph\">{\"@context\":\"https:\/\/schema.org\",\"@graph\":[{\"@type\":\"WebPage\",\"@id\":\"https:\/\/mvebio.com\/pt-br\/nossos-produtos\/ciencias-da-vida-freezers\/mve-fusion-800-series\/\",\"url\":\"https:\/\/mvebio.com\/pt-br\/nossos-produtos\/ciencias-da-vida-freezers\/mve-fusion-800-series\/\",\"name\":\"MVE Fusion 800 Series - MVE Biological Solutions\",\"isPartOf\":{\"@id\":\"https:\/\/mvebio.com\/pt-br\/#website\"},\"primaryImageOfPage\":{\"@id\":\"https:\/\/mvebio.com\/pt-br\/nossos-produtos\/ciencias-da-vida-freezers\/mve-fusion-800-series\/#primaryimage\"},\"image\":{\"@id\":\"https:\/\/mvebio.com\/pt-br\/nossos-produtos\/ciencias-da-vida-freezers\/mve-fusion-800-series\/#primaryimage\"},\"thumbnailUrl\":\"https:\/\/mvebio.com\/wp-content\/uploads\/sites\/4\/2026\/02\/freezer-800.178-1-feature.jpg\",\"datePublished\":\"2026-02-11T04:02:54+00:00\",\"dateModified\":\"2026-02-18T15:36:01+00:00\",\"description\":\"Descubra o primeiro freezer criog\u00eanico autossustent\u00e1vel do mundo. Tenha total tranquilidade com nosso revolucion\u00e1rio e premiado freezer Fusion.\",\"breadcrumb\":{\"@id\":\"https:\/\/mvebio.com\/pt-br\/nossos-produtos\/ciencias-da-vida-freezers\/mve-fusion-800-series\/#breadcrumb\"},\"inLanguage\":\"pt-BR\",\"potentialAction\":[{\"@type\":\"ReadAction\",\"target\":[\"https:\/\/mvebio.com\/pt-br\/nossos-produtos\/ciencias-da-vida-freezers\/mve-fusion-800-series\/\"]}]},{\"@type\":\"ImageObject\",\"inLanguage\":\"pt-BR\",\"@id\":\"https:\/\/mvebio.com\/pt-br\/nossos-produtos\/ciencias-da-vida-freezers\/mve-fusion-800-series\/#primaryimage\",\"url\":\"https:\/\/mvebio.com\/wp-content\/uploads\/sites\/4\/2026\/02\/freezer-800.178-1-feature.jpg\",\"contentUrl\":\"https:\/\/mvebio.com\/wp-content\/uploads\/sites\/4\/2026\/02\/freezer-800.178-1-feature.jpg\",\"width\":1200,\"height\":562,\"caption\":\"MVE Fusion 800 Series\"},{\"@type\":\"BreadcrumbList\",\"@id\":\"https:\/\/mvebio.com\/pt-br\/nossos-produtos\/ciencias-da-vida-freezers\/mve-fusion-800-series\/#breadcrumb\",\"itemListElement\":[{\"@type\":\"ListItem\",\"position\":1,\"name\":\"P\u00e1gina inicial\",\"item\":\"https:\/\/mvebio.com\/pt-br\/homepage\/\"},{\"@type\":\"ListItem\",\"position\":2,\"name\":\"Nossos produtos\",\"item\":\"https:\/\/mvebio.com\/pt-br\/nossos-produtos\/\"},{\"@type\":\"ListItem\",\"position\":3,\"name\":\"Ci\u00eancias da vida (freezers)\",\"item\":\"https:\/\/mvebio.com\/pt-br\/nossos-produtos\/ciencias-da-vida-freezers\/\"},{\"@type\":\"ListItem\",\"position\":4,\"name\":\"MVE Fusion 800 Series\"}]},{\"@type\":\"WebSite\",\"@id\":\"https:\/\/mvebio.com\/pt-br\/#website\",\"url\":\"https:\/\/mvebio.com\/pt-br\/\",\"name\":\"MVE Biological Solutions\",\"description\":\"Cryogenic freezers and dewars\",\"publisher\":{\"@id\":\"https:\/\/mvebio.com\/pt-br\/#organization\"},\"alternateName\":\"MVE Bio\",\"potentialAction\":[{\"@type\":\"SearchAction\",\"target\":{\"@type\":\"EntryPoint\",\"urlTemplate\":\"https:\/\/mvebio.com\/pt-br\/?s={search_term_string}\"},\"query-input\":{\"@type\":\"PropertyValueSpecification\",\"valueRequired\":true,\"valueName\":\"search_term_string\"}}],\"inLanguage\":\"pt-BR\"},{\"@type\":\"Organization\",\"@id\":\"https:\/\/mvebio.com\/pt-br\/#organization\",\"name\":\"MVE Biological Solutions\",\"alternateName\":\"MVE Bio\",\"url\":\"https:\/\/mvebio.com\/pt-br\/\",\"logo\":{\"@type\":\"ImageObject\",\"inLanguage\":\"pt-BR\",\"@id\":\"https:\/\/mvebio.com\/pt-br\/#\/schema\/logo\/image\/\",\"url\":\"https:\/\/mvebio.com\/wp-content\/uploads\/sites\/4\/2023\/12\/mve-square.png\",\"contentUrl\":\"https:\/\/mvebio.com\/wp-content\/uploads\/sites\/4\/2023\/12\/mve-square.png\",\"width\":1200,\"height\":1200,\"caption\":\"MVE Biological Solutions\"},\"image\":{\"@id\":\"https:\/\/mvebio.com\/pt-br\/#\/schema\/logo\/image\/\"},\"sameAs\":[\"https:\/\/x.com\/MveBioSolutions\",\"https:\/\/www.linkedin.com\/company\/mvebio\/\"]}]}<\/script>\n<!-- \/ Yoast SEO plugin. -->","yoast_head_json":{"title":"MVE Fusion 800 Series - MVE Biological Solutions","description":"Descubra o primeiro freezer criog\u00eanico autossustent\u00e1vel do mundo. Tenha total tranquilidade com nosso revolucion\u00e1rio e premiado freezer Fusion.","robots":{"index":"index","follow":"follow","max-snippet":"max-snippet:-1","max-image-preview":"max-image-preview:large","max-video-preview":"max-video-preview:-1"},"canonical":"https:\/\/mvebio.com\/pt-br\/nossos-produtos\/ciencias-da-vida-freezers\/mve-fusion-800-series\/","og_locale":"pt_BR","og_type":"article","og_title":"MVE Fusion 800 Series - MVE Biological Solutions","og_description":"Descubra o primeiro freezer criog\u00eanico autossustent\u00e1vel do mundo. Tenha total tranquilidade com nosso revolucion\u00e1rio e premiado freezer Fusion.","og_url":"https:\/\/mvebio.com\/pt-br\/nossos-produtos\/ciencias-da-vida-freezers\/mve-fusion-800-series\/","og_site_name":"MVE Biological Solutions","article_modified_time":"2026-02-18T15:36:01+00:00","og_image":[{"width":1200,"height":562,"url":"https:\/\/mvebio.com\/wp-content\/uploads\/sites\/4\/2026\/02\/freezer-800.178-1-feature.jpg","type":"image\/jpeg"}],"twitter_card":"summary_large_image","twitter_site":"@MveBioSolutions","twitter_misc":{"Est. tempo de leitura":"4 minutos"},"schema":{"@context":"https:\/\/schema.org","@graph":[{"@type":"WebPage","@id":"https:\/\/mvebio.com\/pt-br\/nossos-produtos\/ciencias-da-vida-freezers\/mve-fusion-800-series\/","url":"https:\/\/mvebio.com\/pt-br\/nossos-produtos\/ciencias-da-vida-freezers\/mve-fusion-800-series\/","name":"MVE Fusion 800 Series - MVE Biological Solutions","isPartOf":{"@id":"https:\/\/mvebio.com\/pt-br\/#website"},"primaryImageOfPage":{"@id":"https:\/\/mvebio.com\/pt-br\/nossos-produtos\/ciencias-da-vida-freezers\/mve-fusion-800-series\/#primaryimage"},"image":{"@id":"https:\/\/mvebio.com\/pt-br\/nossos-produtos\/ciencias-da-vida-freezers\/mve-fusion-800-series\/#primaryimage"},"thumbnailUrl":"https:\/\/mvebio.com\/wp-content\/uploads\/sites\/4\/2026\/02\/freezer-800.178-1-feature.jpg","datePublished":"2026-02-11T04:02:54+00:00","dateModified":"2026-02-18T15:36:01+00:00","description":"Descubra o primeiro freezer criog\u00eanico autossustent\u00e1vel do mundo. Tenha total tranquilidade com nosso revolucion\u00e1rio e premiado freezer Fusion.","breadcrumb":{"@id":"https:\/\/mvebio.com\/pt-br\/nossos-produtos\/ciencias-da-vida-freezers\/mve-fusion-800-series\/#breadcrumb"},"inLanguage":"pt-BR","potentialAction":[{"@type":"ReadAction","target":["https:\/\/mvebio.com\/pt-br\/nossos-produtos\/ciencias-da-vida-freezers\/mve-fusion-800-series\/"]}]},{"@type":"ImageObject","inLanguage":"pt-BR","@id":"https:\/\/mvebio.com\/pt-br\/nossos-produtos\/ciencias-da-vida-freezers\/mve-fusion-800-series\/#primaryimage","url":"https:\/\/mvebio.com\/wp-content\/uploads\/sites\/4\/2026\/02\/freezer-800.178-1-feature.jpg","contentUrl":"https:\/\/mvebio.com\/wp-content\/uploads\/sites\/4\/2026\/02\/freezer-800.178-1-feature.jpg","width":1200,"height":562,"caption":"MVE Fusion 800 Series"},{"@type":"BreadcrumbList","@id":"https:\/\/mvebio.com\/pt-br\/nossos-produtos\/ciencias-da-vida-freezers\/mve-fusion-800-series\/#breadcrumb","itemListElement":[{"@type":"ListItem","position":1,"name":"P\u00e1gina inicial","item":"https:\/\/mvebio.com\/pt-br\/homepage\/"},{"@type":"ListItem","position":2,"name":"Nossos produtos","item":"https:\/\/mvebio.com\/pt-br\/nossos-produtos\/"},{"@type":"ListItem","position":3,"name":"Ci\u00eancias da vida (freezers)","item":"https:\/\/mvebio.com\/pt-br\/nossos-produtos\/ciencias-da-vida-freezers\/"},{"@type":"ListItem","position":4,"name":"MVE Fusion 800 Series"}]},{"@type":"WebSite","@id":"https:\/\/mvebio.com\/pt-br\/#website","url":"https:\/\/mvebio.com\/pt-br\/","name":"MVE Biological Solutions","description":"Cryogenic freezers and dewars","publisher":{"@id":"https:\/\/mvebio.com\/pt-br\/#organization"},"alternateName":"MVE Bio","potentialAction":[{"@type":"SearchAction","target":{"@type":"EntryPoint","urlTemplate":"https:\/\/mvebio.com\/pt-br\/?s={search_term_string}"},"query-input":{"@type":"PropertyValueSpecification","valueRequired":true,"valueName":"search_term_string"}}],"inLanguage":"pt-BR"},{"@type":"Organization","@id":"https:\/\/mvebio.com\/pt-br\/#organization","name":"MVE Biological Solutions","alternateName":"MVE Bio","url":"https:\/\/mvebio.com\/pt-br\/","logo":{"@type":"ImageObject","inLanguage":"pt-BR","@id":"https:\/\/mvebio.com\/pt-br\/#\/schema\/logo\/image\/","url":"https:\/\/mvebio.com\/wp-content\/uploads\/sites\/4\/2023\/12\/mve-square.png","contentUrl":"https:\/\/mvebio.com\/wp-content\/uploads\/sites\/4\/2023\/12\/mve-square.png","width":1200,"height":1200,"caption":"MVE Biological Solutions"},"image":{"@id":"https:\/\/mvebio.com\/pt-br\/#\/schema\/logo\/image\/"},"sameAs":["https:\/\/x.com\/MveBioSolutions","https:\/\/www.linkedin.com\/company\/mvebio\/"]}]}},"_links":{"self":[{"href":"https:\/\/mvebio.com\/pt-br\/wp-json\/wp\/v2\/pages\/14225","targetHints":{"allow":["GET"]}}],"collection":[{"href":"https:\/\/mvebio.com\/pt-br\/wp-json\/wp\/v2\/pages"}],"about":[{"href":"https:\/\/mvebio.com\/pt-br\/wp-json\/wp\/v2\/types\/page"}],"author":[{"embeddable":true,"href":"https:\/\/mvebio.com\/pt-br\/wp-json\/wp\/v2\/users\/1"}],"replies":[{"embeddable":true,"href":"https:\/\/mvebio.com\/pt-br\/wp-json\/wp\/v2\/comments?post=14225"}],"version-history":[{"count":1,"href":"https:\/\/mvebio.com\/pt-br\/wp-json\/wp\/v2\/pages\/14225\/revisions"}],"predecessor-version":[{"id":14272,"href":"https:\/\/mvebio.com\/pt-br\/wp-json\/wp\/v2\/pages\/14225\/revisions\/14272"}],"up":[{"embeddable":true,"href":"https:\/\/mvebio.com\/pt-br\/wp-json\/wp\/v2\/pages\/12650"}],"wp:featuredmedia":[{"embeddable":true,"href":"https:\/\/mvebio.com\/pt-br\/wp-json\/wp\/v2\/media\/14239"}],"wp:attachment":[{"href":"https:\/\/mvebio.com\/pt-br\/wp-json\/wp\/v2\/media?parent=14225"}],"curies":[{"name":"wp","href":"https:\/\/api.w.org\/{rel}","templated":true}]}}