{"id":12776,"date":"2022-11-11T12:29:10","date_gmt":"2022-11-11T12:29:10","guid":{"rendered":"https:\/\/mvebio.com\/our-products\/"},"modified":"2026-02-18T11:16:35","modified_gmt":"2026-02-18T16:16:35","slug":"nossos-produtos","status":"publish","type":"page","link":"https:\/\/mvebio.com\/pt-br\/nossos-produtos\/","title":{"rendered":"Nossos produtos"},"content":{"rendered":"","protected":false},"excerpt":{"rendered":"","protected":false},"author":1,"featured_media":5275,"parent":0,"menu_order":0,"comment_status":"closed","ping_status":"closed","template":"","meta":{"_acf_changed":false,"footnotes":""},"class_list":["post-12776","page","type-page","status-publish","has-post-thumbnail","hentry"],"acf":[],"yoast_head":"<!-- This site is optimized with the Yoast SEO plugin v27.2 - https:\/\/yoast.com\/product\/yoast-seo-wordpress\/ -->\n<title>Nossos produtos - MVE Biological Solutions<\/title>\n<meta name=\"description\" content=\"Os produtos da MVE apresentam uma linha diversificada de freezers e dewars criog\u00eanicos inovadores e de alto desempenho, projetados para atender \u00e0s necessidades em constante evolu\u00e7\u00e3o dos setores de pesquisa, sa\u00fade e sa\u00fade animal.\" \/>\n<meta name=\"robots\" content=\"index, follow, max-snippet:-1, max-image-preview:large, max-video-preview:-1\" \/>\n<link rel=\"canonical\" href=\"https:\/\/mvebio.com\/pt-br\/nossos-produtos\/\" \/>\n<meta property=\"og:locale\" content=\"pt_BR\" \/>\n<meta property=\"og:type\" content=\"article\" \/>\n<meta property=\"og:title\" content=\"Nossos produtos - MVE Biological Solutions\" \/>\n<meta property=\"og:description\" content=\"Os produtos da MVE apresentam uma linha diversificada de freezers e dewars criog\u00eanicos inovadores e de alto desempenho, projetados para atender \u00e0s necessidades em constante evolu\u00e7\u00e3o dos setores de pesquisa, sa\u00fade e sa\u00fade animal.\" \/>\n<meta property=\"og:url\" content=\"https:\/\/mvebio.com\/pt-br\/nossos-produtos\/\" \/>\n<meta property=\"og:site_name\" content=\"MVE Biological Solutions\" \/>\n<meta property=\"article:modified_time\" content=\"2026-02-18T16:16:35+00:00\" \/>\n<meta property=\"og:image\" content=\"https:\/\/mvebio.com\/wp-content\/uploads\/sites\/4\/2023\/12\/MVE_Header_8-1024x459.png\" \/>\n\t<meta property=\"og:image:width\" content=\"1024\" \/>\n\t<meta property=\"og:image:height\" content=\"459\" \/>\n\t<meta property=\"og:image:type\" content=\"image\/png\" \/>\n<meta name=\"twitter:card\" content=\"summary_large_image\" \/>\n<meta name=\"twitter:site\" content=\"@MveBioSolutions\" \/>\n<meta name=\"twitter:label1\" content=\"Est. tempo de leitura\" \/>\n\t<meta name=\"twitter:data1\" content=\"2 minutos\" \/>\n<script type=\"application\/ld+json\" class=\"yoast-schema-graph\">{\"@context\":\"https:\/\/schema.org\",\"@graph\":[{\"@type\":\"WebPage\",\"@id\":\"https:\/\/mvebio.com\/pt-br\/nossos-produtos\/\",\"url\":\"https:\/\/mvebio.com\/pt-br\/nossos-produtos\/\",\"name\":\"Nossos produtos - MVE Biological Solutions\",\"isPartOf\":{\"@id\":\"https:\/\/mvebio.com\/pt-br\/#website\"},\"primaryImageOfPage\":{\"@id\":\"https:\/\/mvebio.com\/pt-br\/nossos-produtos\/#primaryimage\"},\"image\":{\"@id\":\"https:\/\/mvebio.com\/pt-br\/nossos-produtos\/#primaryimage\"},\"thumbnailUrl\":\"https:\/\/mvebio.com\/wp-content\/uploads\/sites\/4\/2023\/12\/MVE_Header_8.jpg\",\"datePublished\":\"2022-11-11T12:29:10+00:00\",\"dateModified\":\"2026-02-18T16:16:35+00:00\",\"description\":\"Os produtos da MVE apresentam uma linha diversificada de freezers e dewars criog\u00eanicos inovadores e de alto desempenho, projetados para atender \u00e0s necessidades em constante evolu\u00e7\u00e3o dos setores de pesquisa, sa\u00fade e sa\u00fade animal.\",\"breadcrumb\":{\"@id\":\"https:\/\/mvebio.com\/pt-br\/nossos-produtos\/#breadcrumb\"},\"inLanguage\":\"pt-BR\",\"potentialAction\":[{\"@type\":\"ReadAction\",\"target\":[\"https:\/\/mvebio.com\/pt-br\/nossos-produtos\/\"]}]},{\"@type\":\"ImageObject\",\"inLanguage\":\"pt-BR\",\"@id\":\"https:\/\/mvebio.com\/pt-br\/nossos-produtos\/#primaryimage\",\"url\":\"https:\/\/mvebio.com\/wp-content\/uploads\/sites\/4\/2023\/12\/MVE_Header_8.jpg\",\"contentUrl\":\"https:\/\/mvebio.com\/wp-content\/uploads\/sites\/4\/2023\/12\/MVE_Header_8.jpg\",\"width\":7441,\"height\":3338},{\"@type\":\"BreadcrumbList\",\"@id\":\"https:\/\/mvebio.com\/pt-br\/nossos-produtos\/#breadcrumb\",\"itemListElement\":[{\"@type\":\"ListItem\",\"position\":1,\"name\":\"P\u00e1gina inicial\",\"item\":\"https:\/\/mvebio.com\/pt-br\/homepage\/\"},{\"@type\":\"ListItem\",\"position\":2,\"name\":\"Nossos produtos\"}]},{\"@type\":\"WebSite\",\"@id\":\"https:\/\/mvebio.com\/pt-br\/#website\",\"url\":\"https:\/\/mvebio.com\/pt-br\/\",\"name\":\"MVE Biological Solutions\",\"description\":\"Cryogenic freezers and dewars\",\"publisher\":{\"@id\":\"https:\/\/mvebio.com\/pt-br\/#organization\"},\"alternateName\":\"MVE Bio\",\"potentialAction\":[{\"@type\":\"SearchAction\",\"target\":{\"@type\":\"EntryPoint\",\"urlTemplate\":\"https:\/\/mvebio.com\/pt-br\/?s={search_term_string}\"},\"query-input\":{\"@type\":\"PropertyValueSpecification\",\"valueRequired\":true,\"valueName\":\"search_term_string\"}}],\"inLanguage\":\"pt-BR\"},{\"@type\":\"Organization\",\"@id\":\"https:\/\/mvebio.com\/pt-br\/#organization\",\"name\":\"MVE Biological Solutions\",\"alternateName\":\"MVE Bio\",\"url\":\"https:\/\/mvebio.com\/pt-br\/\",\"logo\":{\"@type\":\"ImageObject\",\"inLanguage\":\"pt-BR\",\"@id\":\"https:\/\/mvebio.com\/pt-br\/#\/schema\/logo\/image\/\",\"url\":\"https:\/\/mvebio.com\/wp-content\/uploads\/sites\/4\/2023\/12\/mve-square.png\",\"contentUrl\":\"https:\/\/mvebio.com\/wp-content\/uploads\/sites\/4\/2023\/12\/mve-square.png\",\"width\":1200,\"height\":1200,\"caption\":\"MVE Biological Solutions\"},\"image\":{\"@id\":\"https:\/\/mvebio.com\/pt-br\/#\/schema\/logo\/image\/\"},\"sameAs\":[\"https:\/\/x.com\/MveBioSolutions\",\"https:\/\/www.linkedin.com\/company\/mvebio\/\"]}]}<\/script>\n<!-- \/ Yoast SEO plugin. -->","yoast_head_json":{"title":"Nossos produtos - MVE Biological Solutions","description":"Os produtos da MVE apresentam uma linha diversificada de freezers e dewars criog\u00eanicos inovadores e de alto desempenho, projetados para atender \u00e0s necessidades em constante evolu\u00e7\u00e3o dos setores de pesquisa, sa\u00fade e sa\u00fade animal.","robots":{"index":"index","follow":"follow","max-snippet":"max-snippet:-1","max-image-preview":"max-image-preview:large","max-video-preview":"max-video-preview:-1"},"canonical":"https:\/\/mvebio.com\/pt-br\/nossos-produtos\/","og_locale":"pt_BR","og_type":"article","og_title":"Nossos produtos - MVE Biological Solutions","og_description":"Os produtos da MVE apresentam uma linha diversificada de freezers e dewars criog\u00eanicos inovadores e de alto desempenho, projetados para atender \u00e0s necessidades em constante evolu\u00e7\u00e3o dos setores de pesquisa, sa\u00fade e sa\u00fade animal.","og_url":"https:\/\/mvebio.com\/pt-br\/nossos-produtos\/","og_site_name":"MVE Biological Solutions","article_modified_time":"2026-02-18T16:16:35+00:00","og_image":[{"width":1024,"height":459,"url":"https:\/\/mvebio.com\/wp-content\/uploads\/sites\/4\/2023\/12\/MVE_Header_8-1024x459.png","type":"image\/png"}],"twitter_card":"summary_large_image","twitter_site":"@MveBioSolutions","twitter_misc":{"Est. tempo de leitura":"2 minutos"},"schema":{"@context":"https:\/\/schema.org","@graph":[{"@type":"WebPage","@id":"https:\/\/mvebio.com\/pt-br\/nossos-produtos\/","url":"https:\/\/mvebio.com\/pt-br\/nossos-produtos\/","name":"Nossos produtos - MVE Biological Solutions","isPartOf":{"@id":"https:\/\/mvebio.com\/pt-br\/#website"},"primaryImageOfPage":{"@id":"https:\/\/mvebio.com\/pt-br\/nossos-produtos\/#primaryimage"},"image":{"@id":"https:\/\/mvebio.com\/pt-br\/nossos-produtos\/#primaryimage"},"thumbnailUrl":"https:\/\/mvebio.com\/wp-content\/uploads\/sites\/4\/2023\/12\/MVE_Header_8.jpg","datePublished":"2022-11-11T12:29:10+00:00","dateModified":"2026-02-18T16:16:35+00:00","description":"Os produtos da MVE apresentam uma linha diversificada de freezers e dewars criog\u00eanicos inovadores e de alto desempenho, projetados para atender \u00e0s necessidades em constante evolu\u00e7\u00e3o dos setores de pesquisa, sa\u00fade e sa\u00fade animal.","breadcrumb":{"@id":"https:\/\/mvebio.com\/pt-br\/nossos-produtos\/#breadcrumb"},"inLanguage":"pt-BR","potentialAction":[{"@type":"ReadAction","target":["https:\/\/mvebio.com\/pt-br\/nossos-produtos\/"]}]},{"@type":"ImageObject","inLanguage":"pt-BR","@id":"https:\/\/mvebio.com\/pt-br\/nossos-produtos\/#primaryimage","url":"https:\/\/mvebio.com\/wp-content\/uploads\/sites\/4\/2023\/12\/MVE_Header_8.jpg","contentUrl":"https:\/\/mvebio.com\/wp-content\/uploads\/sites\/4\/2023\/12\/MVE_Header_8.jpg","width":7441,"height":3338},{"@type":"BreadcrumbList","@id":"https:\/\/mvebio.com\/pt-br\/nossos-produtos\/#breadcrumb","itemListElement":[{"@type":"ListItem","position":1,"name":"P\u00e1gina inicial","item":"https:\/\/mvebio.com\/pt-br\/homepage\/"},{"@type":"ListItem","position":2,"name":"Nossos produtos"}]},{"@type":"WebSite","@id":"https:\/\/mvebio.com\/pt-br\/#website","url":"https:\/\/mvebio.com\/pt-br\/","name":"MVE Biological Solutions","description":"Cryogenic freezers and dewars","publisher":{"@id":"https:\/\/mvebio.com\/pt-br\/#organization"},"alternateName":"MVE Bio","potentialAction":[{"@type":"SearchAction","target":{"@type":"EntryPoint","urlTemplate":"https:\/\/mvebio.com\/pt-br\/?s={search_term_string}"},"query-input":{"@type":"PropertyValueSpecification","valueRequired":true,"valueName":"search_term_string"}}],"inLanguage":"pt-BR"},{"@type":"Organization","@id":"https:\/\/mvebio.com\/pt-br\/#organization","name":"MVE Biological Solutions","alternateName":"MVE Bio","url":"https:\/\/mvebio.com\/pt-br\/","logo":{"@type":"ImageObject","inLanguage":"pt-BR","@id":"https:\/\/mvebio.com\/pt-br\/#\/schema\/logo\/image\/","url":"https:\/\/mvebio.com\/wp-content\/uploads\/sites\/4\/2023\/12\/mve-square.png","contentUrl":"https:\/\/mvebio.com\/wp-content\/uploads\/sites\/4\/2023\/12\/mve-square.png","width":1200,"height":1200,"caption":"MVE Biological Solutions"},"image":{"@id":"https:\/\/mvebio.com\/pt-br\/#\/schema\/logo\/image\/"},"sameAs":["https:\/\/x.com\/MveBioSolutions","https:\/\/www.linkedin.com\/company\/mvebio\/"]}]}},"_links":{"self":[{"href":"https:\/\/mvebio.com\/pt-br\/wp-json\/wp\/v2\/pages\/12776","targetHints":{"allow":["GET"]}}],"collection":[{"href":"https:\/\/mvebio.com\/pt-br\/wp-json\/wp\/v2\/pages"}],"about":[{"href":"https:\/\/mvebio.com\/pt-br\/wp-json\/wp\/v2\/types\/page"}],"author":[{"embeddable":true,"href":"https:\/\/mvebio.com\/pt-br\/wp-json\/wp\/v2\/users\/1"}],"replies":[{"embeddable":true,"href":"https:\/\/mvebio.com\/pt-br\/wp-json\/wp\/v2\/comments?post=12776"}],"version-history":[{"count":1,"href":"https:\/\/mvebio.com\/pt-br\/wp-json\/wp\/v2\/pages\/12776\/revisions"}],"predecessor-version":[{"id":12871,"href":"https:\/\/mvebio.com\/pt-br\/wp-json\/wp\/v2\/pages\/12776\/revisions\/12871"}],"wp:featuredmedia":[{"embeddable":true,"href":"https:\/\/mvebio.com\/pt-br\/wp-json\/wp\/v2\/media\/5275"}],"wp:attachment":[{"href":"https:\/\/mvebio.com\/pt-br\/wp-json\/wp\/v2\/media?parent=12776"}],"curies":[{"name":"wp","href":"https:\/\/api.w.org\/{rel}","templated":true}]}}