{"id":12767,"date":"2022-09-28T12:58:19","date_gmt":"2022-09-28T16:58:19","guid":{"rendered":"https:\/\/mvebio.com\/resources\/distributor-support\/"},"modified":"2026-02-18T11:18:21","modified_gmt":"2026-02-18T16:18:21","slug":"suporte-ao-distribuidor","status":"publish","type":"page","link":"https:\/\/mvebio.com\/pt-br\/recursos\/suporte-ao-distribuidor\/","title":{"rendered":"Distributor Support"},"content":{"rendered":"","protected":true},"excerpt":{"rendered":"","protected":true},"author":1,"featured_media":3477,"parent":12638,"menu_order":0,"comment_status":"closed","ping_status":"closed","template":"","meta":{"_acf_changed":false,"footnotes":""},"class_list":["post-12767","page","type-page","status-publish","post-password-required","hentry"],"acf":[],"yoast_head":"<!-- This site is optimized with the Yoast SEO plugin v27.2 - https:\/\/yoast.com\/product\/yoast-seo-wordpress\/ -->\n<title>Distributor Support - MVE Biological Solutions<\/title>\n<meta name=\"description\" content=\"Na MVE Biological Solutions, priorizamos parcerias s\u00f3lidas, fornecendo o suporte de que voc\u00ea precisa para ter sucesso. Explore a p\u00e1gina de Suporte ao Distribuidor e descubra um mundo de oportunidades em tecnologia criog\u00eanica e ci\u00eancias da vida.\" \/>\n<meta name=\"robots\" content=\"noindex, nofollow\" \/>\n<meta property=\"og:locale\" content=\"pt_BR\" \/>\n<meta property=\"og:type\" content=\"article\" \/>\n<meta property=\"og:title\" content=\"Distributor Support - MVE Biological Solutions\" \/>\n<meta property=\"og:description\" content=\"Na MVE Biological Solutions, priorizamos parcerias s\u00f3lidas, fornecendo o suporte de que voc\u00ea precisa para ter sucesso. Explore a p\u00e1gina de Suporte ao Distribuidor e descubra um mundo de oportunidades em tecnologia criog\u00eanica e ci\u00eancias da vida.\" \/>\n<meta property=\"og:url\" content=\"https:\/\/mvebio.com\/pt-br\/recursos\/suporte-ao-distribuidor\/\" \/>\n<meta property=\"og:site_name\" content=\"MVE Biological Solutions\" \/>\n<meta property=\"article:modified_time\" content=\"2026-02-18T16:18:21+00:00\" \/>\n<meta name=\"twitter:card\" content=\"summary_large_image\" \/>\n<meta name=\"twitter:site\" content=\"@MveBioSolutions\" \/>\n<meta name=\"twitter:label1\" content=\"Est. tempo de leitura\" \/>\n\t<meta name=\"twitter:data1\" content=\"4 minutos\" \/>\n<script type=\"application\/ld+json\" class=\"yoast-schema-graph\">{\"@context\":\"https:\/\/schema.org\",\"@graph\":[{\"@type\":\"WebPage\",\"@id\":\"https:\/\/mvebio.com\/pt-br\/recursos\/suporte-ao-distribuidor\/\",\"url\":\"https:\/\/mvebio.com\/pt-br\/recursos\/suporte-ao-distribuidor\/\",\"name\":\"Distributor Support - MVE Biological Solutions\",\"isPartOf\":{\"@id\":\"https:\/\/mvebio.com\/pt-br\/#website\"},\"datePublished\":\"2022-09-28T16:58:19+00:00\",\"dateModified\":\"2026-02-18T16:18:21+00:00\",\"breadcrumb\":{\"@id\":\"https:\/\/mvebio.com\/pt-br\/recursos\/suporte-ao-distribuidor\/#breadcrumb\"},\"inLanguage\":\"pt-BR\"},{\"@type\":\"WebSite\",\"@id\":\"https:\/\/mvebio.com\/pt-br\/#website\",\"url\":\"https:\/\/mvebio.com\/pt-br\/\",\"name\":\"MVE Biological Solutions\",\"description\":\"Cryogenic freezers and dewars\",\"publisher\":{\"@id\":\"https:\/\/mvebio.com\/pt-br\/#organization\"},\"alternateName\":\"MVE Bio\",\"potentialAction\":[{\"@type\":\"SearchAction\",\"target\":{\"@type\":\"EntryPoint\",\"urlTemplate\":\"https:\/\/mvebio.com\/pt-br\/?s={search_term_string}\"},\"query-input\":{\"@type\":\"PropertyValueSpecification\",\"valueRequired\":true,\"valueName\":\"search_term_string\"}}],\"inLanguage\":\"pt-BR\"},{\"@type\":\"Organization\",\"@id\":\"https:\/\/mvebio.com\/pt-br\/#organization\",\"name\":\"MVE Biological Solutions\",\"alternateName\":\"MVE Bio\",\"url\":\"https:\/\/mvebio.com\/pt-br\/\",\"logo\":{\"@type\":\"ImageObject\",\"inLanguage\":\"pt-BR\",\"@id\":\"https:\/\/mvebio.com\/pt-br\/#\/schema\/logo\/image\/\",\"url\":\"https:\/\/mvebio.com\/wp-content\/uploads\/sites\/4\/2023\/12\/mve-square.png\",\"contentUrl\":\"https:\/\/mvebio.com\/wp-content\/uploads\/sites\/4\/2023\/12\/mve-square.png\",\"width\":1200,\"height\":1200,\"caption\":\"MVE Biological Solutions\"},\"image\":{\"@id\":\"https:\/\/mvebio.com\/pt-br\/#\/schema\/logo\/image\/\"},\"sameAs\":[\"https:\/\/x.com\/MveBioSolutions\",\"https:\/\/www.linkedin.com\/company\/mvebio\/\"]}]}<\/script>\n<!-- \/ Yoast SEO plugin. -->","yoast_head_json":{"title":"Distributor Support - MVE Biological Solutions","description":"Na MVE Biological Solutions, priorizamos parcerias s\u00f3lidas, fornecendo o suporte de que voc\u00ea precisa para ter sucesso. Explore a p\u00e1gina de Suporte ao Distribuidor e descubra um mundo de oportunidades em tecnologia criog\u00eanica e ci\u00eancias da vida.","robots":{"index":"noindex","follow":"nofollow"},"og_locale":"pt_BR","og_type":"article","og_title":"Distributor Support - MVE Biological Solutions","og_description":"Na MVE Biological Solutions, priorizamos parcerias s\u00f3lidas, fornecendo o suporte de que voc\u00ea precisa para ter sucesso. Explore a p\u00e1gina de Suporte ao Distribuidor e descubra um mundo de oportunidades em tecnologia criog\u00eanica e ci\u00eancias da vida.","og_url":"https:\/\/mvebio.com\/pt-br\/recursos\/suporte-ao-distribuidor\/","og_site_name":"MVE Biological Solutions","article_modified_time":"2026-02-18T16:18:21+00:00","twitter_card":"summary_large_image","twitter_site":"@MveBioSolutions","twitter_misc":{"Est. tempo de leitura":"4 minutos"},"schema":{"@context":"https:\/\/schema.org","@graph":[{"@type":"WebPage","@id":"https:\/\/mvebio.com\/pt-br\/recursos\/suporte-ao-distribuidor\/","url":"https:\/\/mvebio.com\/pt-br\/recursos\/suporte-ao-distribuidor\/","name":"Distributor Support - MVE Biological Solutions","isPartOf":{"@id":"https:\/\/mvebio.com\/pt-br\/#website"},"datePublished":"2022-09-28T16:58:19+00:00","dateModified":"2026-02-18T16:18:21+00:00","breadcrumb":{"@id":"https:\/\/mvebio.com\/pt-br\/recursos\/suporte-ao-distribuidor\/#breadcrumb"},"inLanguage":"pt-BR"},{"@type":"WebSite","@id":"https:\/\/mvebio.com\/pt-br\/#website","url":"https:\/\/mvebio.com\/pt-br\/","name":"MVE Biological Solutions","description":"Cryogenic freezers and dewars","publisher":{"@id":"https:\/\/mvebio.com\/pt-br\/#organization"},"alternateName":"MVE Bio","potentialAction":[{"@type":"SearchAction","target":{"@type":"EntryPoint","urlTemplate":"https:\/\/mvebio.com\/pt-br\/?s={search_term_string}"},"query-input":{"@type":"PropertyValueSpecification","valueRequired":true,"valueName":"search_term_string"}}],"inLanguage":"pt-BR"},{"@type":"Organization","@id":"https:\/\/mvebio.com\/pt-br\/#organization","name":"MVE Biological Solutions","alternateName":"MVE Bio","url":"https:\/\/mvebio.com\/pt-br\/","logo":{"@type":"ImageObject","inLanguage":"pt-BR","@id":"https:\/\/mvebio.com\/pt-br\/#\/schema\/logo\/image\/","url":"https:\/\/mvebio.com\/wp-content\/uploads\/sites\/4\/2023\/12\/mve-square.png","contentUrl":"https:\/\/mvebio.com\/wp-content\/uploads\/sites\/4\/2023\/12\/mve-square.png","width":1200,"height":1200,"caption":"MVE Biological Solutions"},"image":{"@id":"https:\/\/mvebio.com\/pt-br\/#\/schema\/logo\/image\/"},"sameAs":["https:\/\/x.com\/MveBioSolutions","https:\/\/www.linkedin.com\/company\/mvebio\/"]}]}},"_links":{"self":[{"href":"https:\/\/mvebio.com\/pt-br\/wp-json\/wp\/v2\/pages\/12767","targetHints":{"allow":["GET"]}}],"collection":[{"href":"https:\/\/mvebio.com\/pt-br\/wp-json\/wp\/v2\/pages"}],"about":[{"href":"https:\/\/mvebio.com\/pt-br\/wp-json\/wp\/v2\/types\/page"}],"author":[{"embeddable":true,"href":"https:\/\/mvebio.com\/pt-br\/wp-json\/wp\/v2\/users\/1"}],"replies":[{"embeddable":true,"href":"https:\/\/mvebio.com\/pt-br\/wp-json\/wp\/v2\/comments?post=12767"}],"version-history":[{"count":2,"href":"https:\/\/mvebio.com\/pt-br\/wp-json\/wp\/v2\/pages\/12767\/revisions"}],"predecessor-version":[{"id":14649,"href":"https:\/\/mvebio.com\/pt-br\/wp-json\/wp\/v2\/pages\/12767\/revisions\/14649"}],"up":[{"embeddable":true,"href":"https:\/\/mvebio.com\/pt-br\/wp-json\/wp\/v2\/pages\/12638"}],"wp:featuredmedia":[{"embeddable":true,"href":"https:\/\/mvebio.com\/pt-br\/wp-json\/wp\/v2\/media\/3477"}],"wp:attachment":[{"href":"https:\/\/mvebio.com\/pt-br\/wp-json\/wp\/v2\/media?parent=12767"}],"curies":[{"name":"wp","href":"https:\/\/api.w.org\/{rel}","templated":true}]}}