{"id":12764,"date":"2022-11-11T12:28:58","date_gmt":"2022-11-11T12:28:58","guid":{"rendered":"https:\/\/mvebio.com\/sobre-nos\/"},"modified":"2026-02-18T11:17:12","modified_gmt":"2026-02-18T16:17:12","slug":"sobre-nos","status":"publish","type":"page","link":"https:\/\/mvebio.com\/pt-br\/sobre-nos\/","title":{"rendered":"Sobre n\u00f3s"},"content":{"rendered":"","protected":false},"excerpt":{"rendered":"","protected":false},"author":1,"featured_media":5291,"parent":0,"menu_order":0,"comment_status":"closed","ping_status":"closed","template":"","meta":{"_acf_changed":false,"footnotes":""},"class_list":["post-12764","page","type-page","status-publish","has-post-thumbnail","hentry"],"acf":[],"yoast_head":"<!-- This site is optimized with the Yoast SEO plugin v27.2 - https:\/\/yoast.com\/product\/yoast-seo-wordpress\/ -->\n<title>Sobre n\u00f3s - MVE Biological Solutions<\/title>\n<meta name=\"description\" content=\"A MVE \u00e9 l\u00edder mundial na fabrica\u00e7\u00e3o de freezers criog\u00eanicos e dewars de alum\u00ednio de alta qualidade. Tamb\u00e9m oferecemos uma ampla sele\u00e7\u00e3o de acess\u00f3rios para um armazenamento criog\u00eanico mais seguro, conveniente e eficiente em seu biobanco, biorreposit\u00f3rio ou fazenda de congelamento. E usamos nossos mais de 60 anos de experi\u00eancia para melhorar e inovar continuamente nossa linha. Os setores de ci\u00eancias biol\u00f3gicas e sa\u00fade animal nos procuram com total confian\u00e7a. Eles sabem que nossas solu\u00e7\u00f5es biol\u00f3gicas oferecem a certeza de que precisam para salvar e melhorar vidas... um tecido e uma vacina de cada vez.\" \/>\n<meta name=\"robots\" content=\"index, follow, max-snippet:-1, max-image-preview:large, max-video-preview:-1\" \/>\n<link rel=\"canonical\" href=\"https:\/\/mvebio.com\/pt-br\/sobre-nos\/\" \/>\n<meta property=\"og:locale\" content=\"pt_BR\" \/>\n<meta property=\"og:type\" content=\"article\" \/>\n<meta property=\"og:title\" content=\"Sobre n\u00f3s - MVE Biological Solutions\" \/>\n<meta property=\"og:description\" content=\"A MVE \u00e9 l\u00edder mundial na fabrica\u00e7\u00e3o de freezers criog\u00eanicos e dewars de alum\u00ednio de alta qualidade. Tamb\u00e9m oferecemos uma ampla sele\u00e7\u00e3o de acess\u00f3rios para um armazenamento criog\u00eanico mais seguro, conveniente e eficiente em seu biobanco, biorreposit\u00f3rio ou fazenda de congelamento. E usamos nossos mais de 60 anos de experi\u00eancia para melhorar e inovar continuamente nossa linha. Os setores de ci\u00eancias biol\u00f3gicas e sa\u00fade animal nos procuram com total confian\u00e7a. Eles sabem que nossas solu\u00e7\u00f5es biol\u00f3gicas oferecem a certeza de que precisam para salvar e melhorar vidas... um tecido e uma vacina de cada vez.\" \/>\n<meta property=\"og:url\" content=\"https:\/\/mvebio.com\/pt-br\/sobre-nos\/\" \/>\n<meta property=\"og:site_name\" content=\"MVE Biological Solutions\" \/>\n<meta property=\"article:modified_time\" content=\"2026-02-18T16:17:12+00:00\" \/>\n<meta property=\"og:image\" content=\"https:\/\/mvebio.com\/wp-content\/uploads\/sites\/4\/2023\/12\/MVE_Header_1-1024x459.png\" \/>\n\t<meta property=\"og:image:width\" content=\"1024\" \/>\n\t<meta property=\"og:image:height\" content=\"459\" \/>\n\t<meta property=\"og:image:type\" content=\"image\/png\" \/>\n<meta name=\"twitter:card\" content=\"summary_large_image\" \/>\n<meta name=\"twitter:site\" content=\"@MveBioSolutions\" \/>\n<script type=\"application\/ld+json\" class=\"yoast-schema-graph\">{\"@context\":\"https:\/\/schema.org\",\"@graph\":[{\"@type\":\"WebPage\",\"@id\":\"https:\/\/mvebio.com\/pt-br\/sobre-nos\/\",\"url\":\"https:\/\/mvebio.com\/pt-br\/sobre-nos\/\",\"name\":\"Sobre n\u00f3s - MVE Biological Solutions\",\"isPartOf\":{\"@id\":\"https:\/\/mvebio.com\/pt-br\/#website\"},\"primaryImageOfPage\":{\"@id\":\"https:\/\/mvebio.com\/pt-br\/sobre-nos\/#primaryimage\"},\"image\":{\"@id\":\"https:\/\/mvebio.com\/pt-br\/sobre-nos\/#primaryimage\"},\"thumbnailUrl\":\"https:\/\/mvebio.com\/wp-content\/uploads\/sites\/4\/2023\/12\/MVE_Header_1.jpg\",\"datePublished\":\"2022-11-11T12:28:58+00:00\",\"dateModified\":\"2026-02-18T16:17:12+00:00\",\"description\":\"A MVE \u00e9 l\u00edder mundial na fabrica\u00e7\u00e3o de freezers criog\u00eanicos e dewars de alum\u00ednio de alta qualidade. Tamb\u00e9m oferecemos uma ampla sele\u00e7\u00e3o de acess\u00f3rios para um armazenamento criog\u00eanico mais seguro, conveniente e eficiente em seu biobanco, biorreposit\u00f3rio ou fazenda de congelamento. E usamos nossos mais de 60 anos de experi\u00eancia para melhorar e inovar continuamente nossa linha. Os setores de ci\u00eancias biol\u00f3gicas e sa\u00fade animal nos procuram com total confian\u00e7a. Eles sabem que nossas solu\u00e7\u00f5es biol\u00f3gicas oferecem a certeza de que precisam para salvar e melhorar vidas... um tecido e uma vacina de cada vez.\",\"breadcrumb\":{\"@id\":\"https:\/\/mvebio.com\/pt-br\/sobre-nos\/#breadcrumb\"},\"inLanguage\":\"pt-BR\",\"potentialAction\":[{\"@type\":\"ReadAction\",\"target\":[\"https:\/\/mvebio.com\/pt-br\/sobre-nos\/\"]}]},{\"@type\":\"ImageObject\",\"inLanguage\":\"pt-BR\",\"@id\":\"https:\/\/mvebio.com\/pt-br\/sobre-nos\/#primaryimage\",\"url\":\"https:\/\/mvebio.com\/wp-content\/uploads\/sites\/4\/2023\/12\/MVE_Header_1.jpg\",\"contentUrl\":\"https:\/\/mvebio.com\/wp-content\/uploads\/sites\/4\/2023\/12\/MVE_Header_1.jpg\",\"width\":7441,\"height\":3339},{\"@type\":\"BreadcrumbList\",\"@id\":\"https:\/\/mvebio.com\/pt-br\/sobre-nos\/#breadcrumb\",\"itemListElement\":[{\"@type\":\"ListItem\",\"position\":1,\"name\":\"P\u00e1gina inicial\",\"item\":\"https:\/\/mvebio.com\/pt-br\/homepage\/\"},{\"@type\":\"ListItem\",\"position\":2,\"name\":\"Sobre n\u00f3s\"}]},{\"@type\":\"WebSite\",\"@id\":\"https:\/\/mvebio.com\/pt-br\/#website\",\"url\":\"https:\/\/mvebio.com\/pt-br\/\",\"name\":\"MVE Biological Solutions\",\"description\":\"Cryogenic freezers and dewars\",\"publisher\":{\"@id\":\"https:\/\/mvebio.com\/pt-br\/#organization\"},\"alternateName\":\"MVE Bio\",\"potentialAction\":[{\"@type\":\"SearchAction\",\"target\":{\"@type\":\"EntryPoint\",\"urlTemplate\":\"https:\/\/mvebio.com\/pt-br\/?s={search_term_string}\"},\"query-input\":{\"@type\":\"PropertyValueSpecification\",\"valueRequired\":true,\"valueName\":\"search_term_string\"}}],\"inLanguage\":\"pt-BR\"},{\"@type\":\"Organization\",\"@id\":\"https:\/\/mvebio.com\/pt-br\/#organization\",\"name\":\"MVE Biological Solutions\",\"alternateName\":\"MVE Bio\",\"url\":\"https:\/\/mvebio.com\/pt-br\/\",\"logo\":{\"@type\":\"ImageObject\",\"inLanguage\":\"pt-BR\",\"@id\":\"https:\/\/mvebio.com\/pt-br\/#\/schema\/logo\/image\/\",\"url\":\"https:\/\/mvebio.com\/wp-content\/uploads\/sites\/4\/2023\/12\/mve-square.png\",\"contentUrl\":\"https:\/\/mvebio.com\/wp-content\/uploads\/sites\/4\/2023\/12\/mve-square.png\",\"width\":1200,\"height\":1200,\"caption\":\"MVE Biological Solutions\"},\"image\":{\"@id\":\"https:\/\/mvebio.com\/pt-br\/#\/schema\/logo\/image\/\"},\"sameAs\":[\"https:\/\/x.com\/MveBioSolutions\",\"https:\/\/www.linkedin.com\/company\/mvebio\/\"]}]}<\/script>\n<!-- \/ Yoast SEO plugin. -->","yoast_head_json":{"title":"Sobre n\u00f3s - MVE Biological Solutions","description":"A MVE \u00e9 l\u00edder mundial na fabrica\u00e7\u00e3o de freezers criog\u00eanicos e dewars de alum\u00ednio de alta qualidade. Tamb\u00e9m oferecemos uma ampla sele\u00e7\u00e3o de acess\u00f3rios para um armazenamento criog\u00eanico mais seguro, conveniente e eficiente em seu biobanco, biorreposit\u00f3rio ou fazenda de congelamento. E usamos nossos mais de 60 anos de experi\u00eancia para melhorar e inovar continuamente nossa linha. Os setores de ci\u00eancias biol\u00f3gicas e sa\u00fade animal nos procuram com total confian\u00e7a. Eles sabem que nossas solu\u00e7\u00f5es biol\u00f3gicas oferecem a certeza de que precisam para salvar e melhorar vidas... um tecido e uma vacina de cada vez.","robots":{"index":"index","follow":"follow","max-snippet":"max-snippet:-1","max-image-preview":"max-image-preview:large","max-video-preview":"max-video-preview:-1"},"canonical":"https:\/\/mvebio.com\/pt-br\/sobre-nos\/","og_locale":"pt_BR","og_type":"article","og_title":"Sobre n\u00f3s - MVE Biological Solutions","og_description":"A MVE \u00e9 l\u00edder mundial na fabrica\u00e7\u00e3o de freezers criog\u00eanicos e dewars de alum\u00ednio de alta qualidade. Tamb\u00e9m oferecemos uma ampla sele\u00e7\u00e3o de acess\u00f3rios para um armazenamento criog\u00eanico mais seguro, conveniente e eficiente em seu biobanco, biorreposit\u00f3rio ou fazenda de congelamento. E usamos nossos mais de 60 anos de experi\u00eancia para melhorar e inovar continuamente nossa linha. Os setores de ci\u00eancias biol\u00f3gicas e sa\u00fade animal nos procuram com total confian\u00e7a. Eles sabem que nossas solu\u00e7\u00f5es biol\u00f3gicas oferecem a certeza de que precisam para salvar e melhorar vidas... um tecido e uma vacina de cada vez.","og_url":"https:\/\/mvebio.com\/pt-br\/sobre-nos\/","og_site_name":"MVE Biological Solutions","article_modified_time":"2026-02-18T16:17:12+00:00","og_image":[{"width":1024,"height":459,"url":"https:\/\/mvebio.com\/wp-content\/uploads\/sites\/4\/2023\/12\/MVE_Header_1-1024x459.png","type":"image\/png"}],"twitter_card":"summary_large_image","twitter_site":"@MveBioSolutions","schema":{"@context":"https:\/\/schema.org","@graph":[{"@type":"WebPage","@id":"https:\/\/mvebio.com\/pt-br\/sobre-nos\/","url":"https:\/\/mvebio.com\/pt-br\/sobre-nos\/","name":"Sobre n\u00f3s - MVE Biological Solutions","isPartOf":{"@id":"https:\/\/mvebio.com\/pt-br\/#website"},"primaryImageOfPage":{"@id":"https:\/\/mvebio.com\/pt-br\/sobre-nos\/#primaryimage"},"image":{"@id":"https:\/\/mvebio.com\/pt-br\/sobre-nos\/#primaryimage"},"thumbnailUrl":"https:\/\/mvebio.com\/wp-content\/uploads\/sites\/4\/2023\/12\/MVE_Header_1.jpg","datePublished":"2022-11-11T12:28:58+00:00","dateModified":"2026-02-18T16:17:12+00:00","description":"A MVE \u00e9 l\u00edder mundial na fabrica\u00e7\u00e3o de freezers criog\u00eanicos e dewars de alum\u00ednio de alta qualidade. Tamb\u00e9m oferecemos uma ampla sele\u00e7\u00e3o de acess\u00f3rios para um armazenamento criog\u00eanico mais seguro, conveniente e eficiente em seu biobanco, biorreposit\u00f3rio ou fazenda de congelamento. E usamos nossos mais de 60 anos de experi\u00eancia para melhorar e inovar continuamente nossa linha. Os setores de ci\u00eancias biol\u00f3gicas e sa\u00fade animal nos procuram com total confian\u00e7a. Eles sabem que nossas solu\u00e7\u00f5es biol\u00f3gicas oferecem a certeza de que precisam para salvar e melhorar vidas... um tecido e uma vacina de cada vez.","breadcrumb":{"@id":"https:\/\/mvebio.com\/pt-br\/sobre-nos\/#breadcrumb"},"inLanguage":"pt-BR","potentialAction":[{"@type":"ReadAction","target":["https:\/\/mvebio.com\/pt-br\/sobre-nos\/"]}]},{"@type":"ImageObject","inLanguage":"pt-BR","@id":"https:\/\/mvebio.com\/pt-br\/sobre-nos\/#primaryimage","url":"https:\/\/mvebio.com\/wp-content\/uploads\/sites\/4\/2023\/12\/MVE_Header_1.jpg","contentUrl":"https:\/\/mvebio.com\/wp-content\/uploads\/sites\/4\/2023\/12\/MVE_Header_1.jpg","width":7441,"height":3339},{"@type":"BreadcrumbList","@id":"https:\/\/mvebio.com\/pt-br\/sobre-nos\/#breadcrumb","itemListElement":[{"@type":"ListItem","position":1,"name":"P\u00e1gina inicial","item":"https:\/\/mvebio.com\/pt-br\/homepage\/"},{"@type":"ListItem","position":2,"name":"Sobre n\u00f3s"}]},{"@type":"WebSite","@id":"https:\/\/mvebio.com\/pt-br\/#website","url":"https:\/\/mvebio.com\/pt-br\/","name":"MVE Biological Solutions","description":"Cryogenic freezers and dewars","publisher":{"@id":"https:\/\/mvebio.com\/pt-br\/#organization"},"alternateName":"MVE Bio","potentialAction":[{"@type":"SearchAction","target":{"@type":"EntryPoint","urlTemplate":"https:\/\/mvebio.com\/pt-br\/?s={search_term_string}"},"query-input":{"@type":"PropertyValueSpecification","valueRequired":true,"valueName":"search_term_string"}}],"inLanguage":"pt-BR"},{"@type":"Organization","@id":"https:\/\/mvebio.com\/pt-br\/#organization","name":"MVE Biological Solutions","alternateName":"MVE Bio","url":"https:\/\/mvebio.com\/pt-br\/","logo":{"@type":"ImageObject","inLanguage":"pt-BR","@id":"https:\/\/mvebio.com\/pt-br\/#\/schema\/logo\/image\/","url":"https:\/\/mvebio.com\/wp-content\/uploads\/sites\/4\/2023\/12\/mve-square.png","contentUrl":"https:\/\/mvebio.com\/wp-content\/uploads\/sites\/4\/2023\/12\/mve-square.png","width":1200,"height":1200,"caption":"MVE Biological Solutions"},"image":{"@id":"https:\/\/mvebio.com\/pt-br\/#\/schema\/logo\/image\/"},"sameAs":["https:\/\/x.com\/MveBioSolutions","https:\/\/www.linkedin.com\/company\/mvebio\/"]}]}},"_links":{"self":[{"href":"https:\/\/mvebio.com\/pt-br\/wp-json\/wp\/v2\/pages\/12764","targetHints":{"allow":["GET"]}}],"collection":[{"href":"https:\/\/mvebio.com\/pt-br\/wp-json\/wp\/v2\/pages"}],"about":[{"href":"https:\/\/mvebio.com\/pt-br\/wp-json\/wp\/v2\/types\/page"}],"author":[{"embeddable":true,"href":"https:\/\/mvebio.com\/pt-br\/wp-json\/wp\/v2\/users\/1"}],"replies":[{"embeddable":true,"href":"https:\/\/mvebio.com\/pt-br\/wp-json\/wp\/v2\/comments?post=12764"}],"version-history":[{"count":1,"href":"https:\/\/mvebio.com\/pt-br\/wp-json\/wp\/v2\/pages\/12764\/revisions"}],"predecessor-version":[{"id":14599,"href":"https:\/\/mvebio.com\/pt-br\/wp-json\/wp\/v2\/pages\/12764\/revisions\/14599"}],"wp:featuredmedia":[{"embeddable":true,"href":"https:\/\/mvebio.com\/pt-br\/wp-json\/wp\/v2\/media\/5291"}],"wp:attachment":[{"href":"https:\/\/mvebio.com\/pt-br\/wp-json\/wp\/v2\/media?parent=12764"}],"curies":[{"name":"wp","href":"https:\/\/api.w.org\/{rel}","templated":true}]}}