{"id":12754,"date":"2022-09-28T12:11:35","date_gmt":"2022-09-28T11:11:35","guid":{"rendered":"https:\/\/mvebio.com\/criadores-aluminio\/mve-sc-xc-series\/"},"modified":"2026-02-18T11:18:14","modified_gmt":"2026-02-18T16:18:14","slug":"serie-mve-sc-e-xc","status":"publish","type":"page","link":"https:\/\/mvebio.com\/pt-br\/nossos-produtos\/criadores-aluminio\/serie-mve-sc-e-xc\/","title":{"rendered":"MVE SC &amp; XC Series"},"content":{"rendered":"","protected":false},"excerpt":{"rendered":"<p>Armazenamento leve de amostras para criadores<\/p>\n","protected":false},"author":1,"featured_media":10616,"parent":12740,"menu_order":0,"comment_status":"closed","ping_status":"closed","template":"","meta":{"_acf_changed":false,"footnotes":""},"class_list":["post-12754","page","type-page","status-publish","has-post-thumbnail","hentry"],"acf":[],"yoast_head":"<!-- This site is optimized with the Yoast SEO plugin v27.2 - https:\/\/yoast.com\/product\/yoast-seo-wordpress\/ -->\n<title>Dewars criog\u00eanicos para reprodutores | A s\u00e9rie MVE SC &amp; XC<\/title>\n<meta name=\"description\" content=\"As s\u00e9ries MVE SC e XC s\u00e3o armazenadoras de amostras leves para criadores. Voc\u00ea est\u00e1 procurando um dewar de armazenamento de longo prazo para s\u00eamen, embri\u00f5es ou \u00f3vulos? E voc\u00ea precisa de um tanque port\u00e1til e leve capaz de armazenar um grande n\u00famero de canudos? Nesse caso, as s\u00e9ries Standard Capacity (SC) e Extra Capacity (XC) de dewars de alum\u00ednio podem ser exatamente o que voc\u00ea precisa.\" \/>\n<meta name=\"robots\" content=\"index, follow, max-snippet:-1, max-image-preview:large, max-video-preview:-1\" \/>\n<link rel=\"canonical\" href=\"https:\/\/mvebio.com\/pt-br\/nossos-produtos\/criadores-aluminio\/serie-mve-sc-e-xc\/\" \/>\n<meta property=\"og:locale\" content=\"pt_BR\" \/>\n<meta property=\"og:type\" content=\"article\" \/>\n<meta property=\"og:title\" content=\"Dewars criog\u00eanicos para reprodutores | A s\u00e9rie MVE SC &amp; XC\" \/>\n<meta property=\"og:description\" content=\"As s\u00e9ries MVE SC e XC s\u00e3o armazenadoras de amostras leves para criadores. Voc\u00ea est\u00e1 procurando um dewar de armazenamento de longo prazo para s\u00eamen, embri\u00f5es ou \u00f3vulos? E voc\u00ea precisa de um tanque port\u00e1til e leve capaz de armazenar um grande n\u00famero de canudos? Nesse caso, as s\u00e9ries Standard Capacity (SC) e Extra Capacity (XC) de dewars de alum\u00ednio podem ser exatamente o que voc\u00ea precisa.\" \/>\n<meta property=\"og:url\" content=\"https:\/\/mvebio.com\/pt-br\/nossos-produtos\/criadores-aluminio\/serie-mve-sc-e-xc\/\" \/>\n<meta property=\"og:site_name\" content=\"MVE Biological Solutions\" \/>\n<meta property=\"article:modified_time\" content=\"2026-02-18T16:18:14+00:00\" \/>\n<meta property=\"og:image\" content=\"https:\/\/mvebio.com\/wp-content\/uploads\/sites\/4\/2023\/12\/XC-Series-2.jpg\" \/>\n\t<meta property=\"og:image:width\" content=\"1200\" \/>\n\t<meta property=\"og:image:height\" content=\"562\" \/>\n\t<meta property=\"og:image:type\" content=\"image\/jpeg\" \/>\n<meta name=\"twitter:card\" content=\"summary_large_image\" \/>\n<meta name=\"twitter:site\" content=\"@MveBioSolutions\" \/>\n<meta name=\"twitter:label1\" content=\"Est. tempo de leitura\" \/>\n\t<meta name=\"twitter:data1\" content=\"7 minutos\" \/>\n<script type=\"application\/ld+json\" class=\"yoast-schema-graph\">{\"@context\":\"https:\/\/schema.org\",\"@graph\":[{\"@type\":\"WebPage\",\"@id\":\"https:\/\/mvebio.com\/pt-br\/nossos-produtos\/criadores-aluminio\/serie-mve-sc-e-xc\/\",\"url\":\"https:\/\/mvebio.com\/pt-br\/nossos-produtos\/criadores-aluminio\/serie-mve-sc-e-xc\/\",\"name\":\"Dewars criog\u00eanicos para reprodutores | A s\u00e9rie MVE SC & XC\",\"isPartOf\":{\"@id\":\"https:\/\/mvebio.com\/pt-br\/#website\"},\"primaryImageOfPage\":{\"@id\":\"https:\/\/mvebio.com\/pt-br\/nossos-produtos\/criadores-aluminio\/serie-mve-sc-e-xc\/#primaryimage\"},\"image\":{\"@id\":\"https:\/\/mvebio.com\/pt-br\/nossos-produtos\/criadores-aluminio\/serie-mve-sc-e-xc\/#primaryimage\"},\"thumbnailUrl\":\"https:\/\/mvebio.com\/wp-content\/uploads\/sites\/4\/2023\/12\/XC-Series-2.jpg\",\"datePublished\":\"2022-09-28T11:11:35+00:00\",\"dateModified\":\"2026-02-18T16:18:14+00:00\",\"description\":\"As s\u00e9ries MVE SC e XC s\u00e3o armazenadoras de amostras leves para criadores. Voc\u00ea est\u00e1 procurando um dewar de armazenamento de longo prazo para s\u00eamen, embri\u00f5es ou \u00f3vulos? E voc\u00ea precisa de um tanque port\u00e1til e leve capaz de armazenar um grande n\u00famero de canudos? Nesse caso, as s\u00e9ries Standard Capacity (SC) e Extra Capacity (XC) de dewars de alum\u00ednio podem ser exatamente o que voc\u00ea precisa.\",\"breadcrumb\":{\"@id\":\"https:\/\/mvebio.com\/pt-br\/nossos-produtos\/criadores-aluminio\/serie-mve-sc-e-xc\/#breadcrumb\"},\"inLanguage\":\"pt-BR\",\"potentialAction\":[{\"@type\":\"ReadAction\",\"target\":[\"https:\/\/mvebio.com\/pt-br\/nossos-produtos\/criadores-aluminio\/serie-mve-sc-e-xc\/\"]}]},{\"@type\":\"ImageObject\",\"inLanguage\":\"pt-BR\",\"@id\":\"https:\/\/mvebio.com\/pt-br\/nossos-produtos\/criadores-aluminio\/serie-mve-sc-e-xc\/#primaryimage\",\"url\":\"https:\/\/mvebio.com\/wp-content\/uploads\/sites\/4\/2023\/12\/XC-Series-2.jpg\",\"contentUrl\":\"https:\/\/mvebio.com\/wp-content\/uploads\/sites\/4\/2023\/12\/XC-Series-2.jpg\",\"width\":1200,\"height\":562,\"caption\":\"S\u00e9rie XC\"},{\"@type\":\"BreadcrumbList\",\"@id\":\"https:\/\/mvebio.com\/pt-br\/nossos-produtos\/criadores-aluminio\/serie-mve-sc-e-xc\/#breadcrumb\",\"itemListElement\":[{\"@type\":\"ListItem\",\"position\":1,\"name\":\"P\u00e1gina inicial\",\"item\":\"https:\/\/mvebio.com\/pt-br\/homepage\/\"},{\"@type\":\"ListItem\",\"position\":2,\"name\":\"Nossos produtos\",\"item\":\"https:\/\/mvebio.com\/pt-br\/nossos-produtos\/\"},{\"@type\":\"ListItem\",\"position\":3,\"name\":\"Criadores (alum\u00ednio)\",\"item\":\"https:\/\/mvebio.com\/pt-br\/nossos-produtos\/criadores-aluminio\/\"},{\"@type\":\"ListItem\",\"position\":4,\"name\":\"MVE SC &amp; XC Series\"}]},{\"@type\":\"WebSite\",\"@id\":\"https:\/\/mvebio.com\/pt-br\/#website\",\"url\":\"https:\/\/mvebio.com\/pt-br\/\",\"name\":\"MVE Biological Solutions\",\"description\":\"Cryogenic freezers and dewars\",\"publisher\":{\"@id\":\"https:\/\/mvebio.com\/pt-br\/#organization\"},\"alternateName\":\"MVE Bio\",\"potentialAction\":[{\"@type\":\"SearchAction\",\"target\":{\"@type\":\"EntryPoint\",\"urlTemplate\":\"https:\/\/mvebio.com\/pt-br\/?s={search_term_string}\"},\"query-input\":{\"@type\":\"PropertyValueSpecification\",\"valueRequired\":true,\"valueName\":\"search_term_string\"}}],\"inLanguage\":\"pt-BR\"},{\"@type\":\"Organization\",\"@id\":\"https:\/\/mvebio.com\/pt-br\/#organization\",\"name\":\"MVE Biological Solutions\",\"alternateName\":\"MVE Bio\",\"url\":\"https:\/\/mvebio.com\/pt-br\/\",\"logo\":{\"@type\":\"ImageObject\",\"inLanguage\":\"pt-BR\",\"@id\":\"https:\/\/mvebio.com\/pt-br\/#\/schema\/logo\/image\/\",\"url\":\"https:\/\/mvebio.com\/wp-content\/uploads\/sites\/4\/2023\/12\/mve-square.png\",\"contentUrl\":\"https:\/\/mvebio.com\/wp-content\/uploads\/sites\/4\/2023\/12\/mve-square.png\",\"width\":1200,\"height\":1200,\"caption\":\"MVE Biological Solutions\"},\"image\":{\"@id\":\"https:\/\/mvebio.com\/pt-br\/#\/schema\/logo\/image\/\"},\"sameAs\":[\"https:\/\/x.com\/MveBioSolutions\",\"https:\/\/www.linkedin.com\/company\/mvebio\/\"]}]}<\/script>\n<!-- \/ Yoast SEO plugin. -->","yoast_head_json":{"title":"Dewars criog\u00eanicos para reprodutores | A s\u00e9rie MVE SC & XC","description":"As s\u00e9ries MVE SC e XC s\u00e3o armazenadoras de amostras leves para criadores. Voc\u00ea est\u00e1 procurando um dewar de armazenamento de longo prazo para s\u00eamen, embri\u00f5es ou \u00f3vulos? E voc\u00ea precisa de um tanque port\u00e1til e leve capaz de armazenar um grande n\u00famero de canudos? Nesse caso, as s\u00e9ries Standard Capacity (SC) e Extra Capacity (XC) de dewars de alum\u00ednio podem ser exatamente o que voc\u00ea precisa.","robots":{"index":"index","follow":"follow","max-snippet":"max-snippet:-1","max-image-preview":"max-image-preview:large","max-video-preview":"max-video-preview:-1"},"canonical":"https:\/\/mvebio.com\/pt-br\/nossos-produtos\/criadores-aluminio\/serie-mve-sc-e-xc\/","og_locale":"pt_BR","og_type":"article","og_title":"Dewars criog\u00eanicos para reprodutores | A s\u00e9rie MVE SC & XC","og_description":"As s\u00e9ries MVE SC e XC s\u00e3o armazenadoras de amostras leves para criadores. Voc\u00ea est\u00e1 procurando um dewar de armazenamento de longo prazo para s\u00eamen, embri\u00f5es ou \u00f3vulos? E voc\u00ea precisa de um tanque port\u00e1til e leve capaz de armazenar um grande n\u00famero de canudos? Nesse caso, as s\u00e9ries Standard Capacity (SC) e Extra Capacity (XC) de dewars de alum\u00ednio podem ser exatamente o que voc\u00ea precisa.","og_url":"https:\/\/mvebio.com\/pt-br\/nossos-produtos\/criadores-aluminio\/serie-mve-sc-e-xc\/","og_site_name":"MVE Biological Solutions","article_modified_time":"2026-02-18T16:18:14+00:00","og_image":[{"width":1200,"height":562,"url":"https:\/\/mvebio.com\/wp-content\/uploads\/sites\/4\/2023\/12\/XC-Series-2.jpg","type":"image\/jpeg"}],"twitter_card":"summary_large_image","twitter_site":"@MveBioSolutions","twitter_misc":{"Est. tempo de leitura":"7 minutos"},"schema":{"@context":"https:\/\/schema.org","@graph":[{"@type":"WebPage","@id":"https:\/\/mvebio.com\/pt-br\/nossos-produtos\/criadores-aluminio\/serie-mve-sc-e-xc\/","url":"https:\/\/mvebio.com\/pt-br\/nossos-produtos\/criadores-aluminio\/serie-mve-sc-e-xc\/","name":"Dewars criog\u00eanicos para reprodutores | A s\u00e9rie MVE SC & XC","isPartOf":{"@id":"https:\/\/mvebio.com\/pt-br\/#website"},"primaryImageOfPage":{"@id":"https:\/\/mvebio.com\/pt-br\/nossos-produtos\/criadores-aluminio\/serie-mve-sc-e-xc\/#primaryimage"},"image":{"@id":"https:\/\/mvebio.com\/pt-br\/nossos-produtos\/criadores-aluminio\/serie-mve-sc-e-xc\/#primaryimage"},"thumbnailUrl":"https:\/\/mvebio.com\/wp-content\/uploads\/sites\/4\/2023\/12\/XC-Series-2.jpg","datePublished":"2022-09-28T11:11:35+00:00","dateModified":"2026-02-18T16:18:14+00:00","description":"As s\u00e9ries MVE SC e XC s\u00e3o armazenadoras de amostras leves para criadores. Voc\u00ea est\u00e1 procurando um dewar de armazenamento de longo prazo para s\u00eamen, embri\u00f5es ou \u00f3vulos? E voc\u00ea precisa de um tanque port\u00e1til e leve capaz de armazenar um grande n\u00famero de canudos? Nesse caso, as s\u00e9ries Standard Capacity (SC) e Extra Capacity (XC) de dewars de alum\u00ednio podem ser exatamente o que voc\u00ea precisa.","breadcrumb":{"@id":"https:\/\/mvebio.com\/pt-br\/nossos-produtos\/criadores-aluminio\/serie-mve-sc-e-xc\/#breadcrumb"},"inLanguage":"pt-BR","potentialAction":[{"@type":"ReadAction","target":["https:\/\/mvebio.com\/pt-br\/nossos-produtos\/criadores-aluminio\/serie-mve-sc-e-xc\/"]}]},{"@type":"ImageObject","inLanguage":"pt-BR","@id":"https:\/\/mvebio.com\/pt-br\/nossos-produtos\/criadores-aluminio\/serie-mve-sc-e-xc\/#primaryimage","url":"https:\/\/mvebio.com\/wp-content\/uploads\/sites\/4\/2023\/12\/XC-Series-2.jpg","contentUrl":"https:\/\/mvebio.com\/wp-content\/uploads\/sites\/4\/2023\/12\/XC-Series-2.jpg","width":1200,"height":562,"caption":"S\u00e9rie XC"},{"@type":"BreadcrumbList","@id":"https:\/\/mvebio.com\/pt-br\/nossos-produtos\/criadores-aluminio\/serie-mve-sc-e-xc\/#breadcrumb","itemListElement":[{"@type":"ListItem","position":1,"name":"P\u00e1gina inicial","item":"https:\/\/mvebio.com\/pt-br\/homepage\/"},{"@type":"ListItem","position":2,"name":"Nossos produtos","item":"https:\/\/mvebio.com\/pt-br\/nossos-produtos\/"},{"@type":"ListItem","position":3,"name":"Criadores (alum\u00ednio)","item":"https:\/\/mvebio.com\/pt-br\/nossos-produtos\/criadores-aluminio\/"},{"@type":"ListItem","position":4,"name":"MVE SC &amp; XC Series"}]},{"@type":"WebSite","@id":"https:\/\/mvebio.com\/pt-br\/#website","url":"https:\/\/mvebio.com\/pt-br\/","name":"MVE Biological Solutions","description":"Cryogenic freezers and dewars","publisher":{"@id":"https:\/\/mvebio.com\/pt-br\/#organization"},"alternateName":"MVE Bio","potentialAction":[{"@type":"SearchAction","target":{"@type":"EntryPoint","urlTemplate":"https:\/\/mvebio.com\/pt-br\/?s={search_term_string}"},"query-input":{"@type":"PropertyValueSpecification","valueRequired":true,"valueName":"search_term_string"}}],"inLanguage":"pt-BR"},{"@type":"Organization","@id":"https:\/\/mvebio.com\/pt-br\/#organization","name":"MVE Biological Solutions","alternateName":"MVE Bio","url":"https:\/\/mvebio.com\/pt-br\/","logo":{"@type":"ImageObject","inLanguage":"pt-BR","@id":"https:\/\/mvebio.com\/pt-br\/#\/schema\/logo\/image\/","url":"https:\/\/mvebio.com\/wp-content\/uploads\/sites\/4\/2023\/12\/mve-square.png","contentUrl":"https:\/\/mvebio.com\/wp-content\/uploads\/sites\/4\/2023\/12\/mve-square.png","width":1200,"height":1200,"caption":"MVE Biological Solutions"},"image":{"@id":"https:\/\/mvebio.com\/pt-br\/#\/schema\/logo\/image\/"},"sameAs":["https:\/\/x.com\/MveBioSolutions","https:\/\/www.linkedin.com\/company\/mvebio\/"]}]}},"_links":{"self":[{"href":"https:\/\/mvebio.com\/pt-br\/wp-json\/wp\/v2\/pages\/12754","targetHints":{"allow":["GET"]}}],"collection":[{"href":"https:\/\/mvebio.com\/pt-br\/wp-json\/wp\/v2\/pages"}],"about":[{"href":"https:\/\/mvebio.com\/pt-br\/wp-json\/wp\/v2\/types\/page"}],"author":[{"embeddable":true,"href":"https:\/\/mvebio.com\/pt-br\/wp-json\/wp\/v2\/users\/1"}],"replies":[{"embeddable":true,"href":"https:\/\/mvebio.com\/pt-br\/wp-json\/wp\/v2\/comments?post=12754"}],"version-history":[{"count":2,"href":"https:\/\/mvebio.com\/pt-br\/wp-json\/wp\/v2\/pages\/12754\/revisions"}],"predecessor-version":[{"id":14645,"href":"https:\/\/mvebio.com\/pt-br\/wp-json\/wp\/v2\/pages\/12754\/revisions\/14645"}],"up":[{"embeddable":true,"href":"https:\/\/mvebio.com\/pt-br\/wp-json\/wp\/v2\/pages\/12740"}],"wp:featuredmedia":[{"embeddable":true,"href":"https:\/\/mvebio.com\/pt-br\/wp-json\/wp\/v2\/media\/10616"}],"wp:attachment":[{"href":"https:\/\/mvebio.com\/pt-br\/wp-json\/wp\/v2\/media?parent=12754"}],"curies":[{"name":"wp","href":"https:\/\/api.w.org\/{rel}","templated":true}]}}