{"id":12747,"date":"2022-09-28T12:34:15","date_gmt":"2022-09-28T11:34:15","guid":{"rendered":"https:\/\/mvebio.com\/criadores-aluminio\/mve-spectrum-series\/"},"modified":"2026-02-18T11:18:08","modified_gmt":"2026-02-18T16:18:08","slug":"serie-espectro-mve","status":"publish","type":"page","link":"https:\/\/mvebio.com\/pt-br\/nossos-produtos\/criadores-aluminio\/serie-espectro-mve\/","title":{"rendered":"MVE Spectrum Series"},"content":{"rendered":"","protected":false},"excerpt":{"rendered":"<p>Armazenamento leve e eficiente para o mercado de reprodutores<\/p>\n","protected":false},"author":1,"featured_media":10640,"parent":12740,"menu_order":0,"comment_status":"closed","ping_status":"closed","template":"","meta":{"_acf_changed":false,"footnotes":""},"class_list":["post-12747","page","type-page","status-publish","has-post-thumbnail","hentry"],"acf":[],"yoast_head":"<!-- This site is optimized with the Yoast SEO plugin v27.2 - https:\/\/yoast.com\/product\/yoast-seo-wordpress\/ -->\n<title>MVE Spectrum Series - MVE Biological Solutions<\/title>\n<meta name=\"description\" content=\"Armazenamento de s\u00eamen de touro de pequena capacidade. Voc\u00ea \u00e9 um criador no setor de cria\u00e7\u00e3o de animais? Voc\u00ea precisa de uma solu\u00e7\u00e3o de armazenamento de s\u00eamen de touro de pequena capacidade? Nesse caso, o MVE Spectrum Series e o Spectrum 20 Signature podem ser ideais para voc\u00ea.\" \/>\n<meta name=\"robots\" content=\"index, follow, max-snippet:-1, max-image-preview:large, max-video-preview:-1\" \/>\n<link rel=\"canonical\" href=\"https:\/\/mvebio.com\/pt-br\/nossos-produtos\/criadores-aluminio\/serie-espectro-mve\/\" \/>\n<meta property=\"og:locale\" content=\"pt_BR\" \/>\n<meta property=\"og:type\" content=\"article\" \/>\n<meta property=\"og:title\" content=\"MVE Spectrum Series - MVE Biological Solutions\" \/>\n<meta property=\"og:description\" content=\"Armazenamento de s\u00eamen de touro de pequena capacidade. Voc\u00ea \u00e9 um criador no setor de cria\u00e7\u00e3o de animais? Voc\u00ea precisa de uma solu\u00e7\u00e3o de armazenamento de s\u00eamen de touro de pequena capacidade? Nesse caso, o MVE Spectrum Series e o Spectrum 20 Signature podem ser ideais para voc\u00ea.\" \/>\n<meta property=\"og:url\" content=\"https:\/\/mvebio.com\/pt-br\/nossos-produtos\/criadores-aluminio\/serie-espectro-mve\/\" \/>\n<meta property=\"og:site_name\" content=\"MVE Biological Solutions\" \/>\n<meta property=\"article:modified_time\" content=\"2026-02-18T16:18:08+00:00\" \/>\n<meta property=\"og:image\" content=\"https:\/\/mvebio.com\/wp-content\/uploads\/sites\/4\/2023\/12\/Spectrum-Series-feature.jpg\" \/>\n\t<meta property=\"og:image:width\" content=\"1200\" \/>\n\t<meta property=\"og:image:height\" content=\"563\" \/>\n\t<meta property=\"og:image:type\" content=\"image\/jpeg\" \/>\n<meta name=\"twitter:card\" content=\"summary_large_image\" \/>\n<meta name=\"twitter:site\" content=\"@MveBioSolutions\" \/>\n<meta name=\"twitter:label1\" content=\"Est. tempo de leitura\" \/>\n\t<meta name=\"twitter:data1\" content=\"5 minutos\" \/>\n<script type=\"application\/ld+json\" class=\"yoast-schema-graph\">{\"@context\":\"https:\/\/schema.org\",\"@graph\":[{\"@type\":\"WebPage\",\"@id\":\"https:\/\/mvebio.com\/pt-br\/nossos-produtos\/criadores-aluminio\/serie-espectro-mve\/\",\"url\":\"https:\/\/mvebio.com\/pt-br\/nossos-produtos\/criadores-aluminio\/serie-espectro-mve\/\",\"name\":\"MVE Spectrum Series - MVE Biological Solutions\",\"isPartOf\":{\"@id\":\"https:\/\/mvebio.com\/pt-br\/#website\"},\"primaryImageOfPage\":{\"@id\":\"https:\/\/mvebio.com\/pt-br\/nossos-produtos\/criadores-aluminio\/serie-espectro-mve\/#primaryimage\"},\"image\":{\"@id\":\"https:\/\/mvebio.com\/pt-br\/nossos-produtos\/criadores-aluminio\/serie-espectro-mve\/#primaryimage\"},\"thumbnailUrl\":\"https:\/\/mvebio.com\/wp-content\/uploads\/sites\/4\/2023\/12\/Spectrum-Series-feature.jpg\",\"datePublished\":\"2022-09-28T11:34:15+00:00\",\"dateModified\":\"2026-02-18T16:18:08+00:00\",\"description\":\"Armazenamento de s\u00eamen de touro de pequena capacidade. Voc\u00ea \u00e9 um criador no setor de cria\u00e7\u00e3o de animais? Voc\u00ea precisa de uma solu\u00e7\u00e3o de armazenamento de s\u00eamen de touro de pequena capacidade? Nesse caso, o MVE Spectrum Series e o Spectrum 20 Signature podem ser ideais para voc\u00ea.\",\"breadcrumb\":{\"@id\":\"https:\/\/mvebio.com\/pt-br\/nossos-produtos\/criadores-aluminio\/serie-espectro-mve\/#breadcrumb\"},\"inLanguage\":\"pt-BR\",\"potentialAction\":[{\"@type\":\"ReadAction\",\"target\":[\"https:\/\/mvebio.com\/pt-br\/nossos-produtos\/criadores-aluminio\/serie-espectro-mve\/\"]}]},{\"@type\":\"ImageObject\",\"inLanguage\":\"pt-BR\",\"@id\":\"https:\/\/mvebio.com\/pt-br\/nossos-produtos\/criadores-aluminio\/serie-espectro-mve\/#primaryimage\",\"url\":\"https:\/\/mvebio.com\/wp-content\/uploads\/sites\/4\/2023\/12\/Spectrum-Series-feature.jpg\",\"contentUrl\":\"https:\/\/mvebio.com\/wp-content\/uploads\/sites\/4\/2023\/12\/Spectrum-Series-feature.jpg\",\"width\":1200,\"height\":563,\"caption\":\"S\u00e9rie Spectrum\"},{\"@type\":\"BreadcrumbList\",\"@id\":\"https:\/\/mvebio.com\/pt-br\/nossos-produtos\/criadores-aluminio\/serie-espectro-mve\/#breadcrumb\",\"itemListElement\":[{\"@type\":\"ListItem\",\"position\":1,\"name\":\"P\u00e1gina inicial\",\"item\":\"https:\/\/mvebio.com\/pt-br\/homepage\/\"},{\"@type\":\"ListItem\",\"position\":2,\"name\":\"Nossos produtos\",\"item\":\"https:\/\/mvebio.com\/pt-br\/nossos-produtos\/\"},{\"@type\":\"ListItem\",\"position\":3,\"name\":\"Criadores (alum\u00ednio)\",\"item\":\"https:\/\/mvebio.com\/pt-br\/nossos-produtos\/criadores-aluminio\/\"},{\"@type\":\"ListItem\",\"position\":4,\"name\":\"MVE Spectrum Series\"}]},{\"@type\":\"WebSite\",\"@id\":\"https:\/\/mvebio.com\/pt-br\/#website\",\"url\":\"https:\/\/mvebio.com\/pt-br\/\",\"name\":\"MVE Biological Solutions\",\"description\":\"Cryogenic freezers and dewars\",\"publisher\":{\"@id\":\"https:\/\/mvebio.com\/pt-br\/#organization\"},\"alternateName\":\"MVE Bio\",\"potentialAction\":[{\"@type\":\"SearchAction\",\"target\":{\"@type\":\"EntryPoint\",\"urlTemplate\":\"https:\/\/mvebio.com\/pt-br\/?s={search_term_string}\"},\"query-input\":{\"@type\":\"PropertyValueSpecification\",\"valueRequired\":true,\"valueName\":\"search_term_string\"}}],\"inLanguage\":\"pt-BR\"},{\"@type\":\"Organization\",\"@id\":\"https:\/\/mvebio.com\/pt-br\/#organization\",\"name\":\"MVE Biological Solutions\",\"alternateName\":\"MVE Bio\",\"url\":\"https:\/\/mvebio.com\/pt-br\/\",\"logo\":{\"@type\":\"ImageObject\",\"inLanguage\":\"pt-BR\",\"@id\":\"https:\/\/mvebio.com\/pt-br\/#\/schema\/logo\/image\/\",\"url\":\"https:\/\/mvebio.com\/wp-content\/uploads\/sites\/4\/2023\/12\/mve-square.png\",\"contentUrl\":\"https:\/\/mvebio.com\/wp-content\/uploads\/sites\/4\/2023\/12\/mve-square.png\",\"width\":1200,\"height\":1200,\"caption\":\"MVE Biological Solutions\"},\"image\":{\"@id\":\"https:\/\/mvebio.com\/pt-br\/#\/schema\/logo\/image\/\"},\"sameAs\":[\"https:\/\/x.com\/MveBioSolutions\",\"https:\/\/www.linkedin.com\/company\/mvebio\/\"]}]}<\/script>\n<!-- \/ Yoast SEO plugin. -->","yoast_head_json":{"title":"MVE Spectrum Series - MVE Biological Solutions","description":"Armazenamento de s\u00eamen de touro de pequena capacidade. Voc\u00ea \u00e9 um criador no setor de cria\u00e7\u00e3o de animais? Voc\u00ea precisa de uma solu\u00e7\u00e3o de armazenamento de s\u00eamen de touro de pequena capacidade? Nesse caso, o MVE Spectrum Series e o Spectrum 20 Signature podem ser ideais para voc\u00ea.","robots":{"index":"index","follow":"follow","max-snippet":"max-snippet:-1","max-image-preview":"max-image-preview:large","max-video-preview":"max-video-preview:-1"},"canonical":"https:\/\/mvebio.com\/pt-br\/nossos-produtos\/criadores-aluminio\/serie-espectro-mve\/","og_locale":"pt_BR","og_type":"article","og_title":"MVE Spectrum Series - MVE Biological Solutions","og_description":"Armazenamento de s\u00eamen de touro de pequena capacidade. Voc\u00ea \u00e9 um criador no setor de cria\u00e7\u00e3o de animais? Voc\u00ea precisa de uma solu\u00e7\u00e3o de armazenamento de s\u00eamen de touro de pequena capacidade? Nesse caso, o MVE Spectrum Series e o Spectrum 20 Signature podem ser ideais para voc\u00ea.","og_url":"https:\/\/mvebio.com\/pt-br\/nossos-produtos\/criadores-aluminio\/serie-espectro-mve\/","og_site_name":"MVE Biological Solutions","article_modified_time":"2026-02-18T16:18:08+00:00","og_image":[{"width":1200,"height":563,"url":"https:\/\/mvebio.com\/wp-content\/uploads\/sites\/4\/2023\/12\/Spectrum-Series-feature.jpg","type":"image\/jpeg"}],"twitter_card":"summary_large_image","twitter_site":"@MveBioSolutions","twitter_misc":{"Est. tempo de leitura":"5 minutos"},"schema":{"@context":"https:\/\/schema.org","@graph":[{"@type":"WebPage","@id":"https:\/\/mvebio.com\/pt-br\/nossos-produtos\/criadores-aluminio\/serie-espectro-mve\/","url":"https:\/\/mvebio.com\/pt-br\/nossos-produtos\/criadores-aluminio\/serie-espectro-mve\/","name":"MVE Spectrum Series - MVE Biological Solutions","isPartOf":{"@id":"https:\/\/mvebio.com\/pt-br\/#website"},"primaryImageOfPage":{"@id":"https:\/\/mvebio.com\/pt-br\/nossos-produtos\/criadores-aluminio\/serie-espectro-mve\/#primaryimage"},"image":{"@id":"https:\/\/mvebio.com\/pt-br\/nossos-produtos\/criadores-aluminio\/serie-espectro-mve\/#primaryimage"},"thumbnailUrl":"https:\/\/mvebio.com\/wp-content\/uploads\/sites\/4\/2023\/12\/Spectrum-Series-feature.jpg","datePublished":"2022-09-28T11:34:15+00:00","dateModified":"2026-02-18T16:18:08+00:00","description":"Armazenamento de s\u00eamen de touro de pequena capacidade. Voc\u00ea \u00e9 um criador no setor de cria\u00e7\u00e3o de animais? Voc\u00ea precisa de uma solu\u00e7\u00e3o de armazenamento de s\u00eamen de touro de pequena capacidade? Nesse caso, o MVE Spectrum Series e o Spectrum 20 Signature podem ser ideais para voc\u00ea.","breadcrumb":{"@id":"https:\/\/mvebio.com\/pt-br\/nossos-produtos\/criadores-aluminio\/serie-espectro-mve\/#breadcrumb"},"inLanguage":"pt-BR","potentialAction":[{"@type":"ReadAction","target":["https:\/\/mvebio.com\/pt-br\/nossos-produtos\/criadores-aluminio\/serie-espectro-mve\/"]}]},{"@type":"ImageObject","inLanguage":"pt-BR","@id":"https:\/\/mvebio.com\/pt-br\/nossos-produtos\/criadores-aluminio\/serie-espectro-mve\/#primaryimage","url":"https:\/\/mvebio.com\/wp-content\/uploads\/sites\/4\/2023\/12\/Spectrum-Series-feature.jpg","contentUrl":"https:\/\/mvebio.com\/wp-content\/uploads\/sites\/4\/2023\/12\/Spectrum-Series-feature.jpg","width":1200,"height":563,"caption":"S\u00e9rie Spectrum"},{"@type":"BreadcrumbList","@id":"https:\/\/mvebio.com\/pt-br\/nossos-produtos\/criadores-aluminio\/serie-espectro-mve\/#breadcrumb","itemListElement":[{"@type":"ListItem","position":1,"name":"P\u00e1gina inicial","item":"https:\/\/mvebio.com\/pt-br\/homepage\/"},{"@type":"ListItem","position":2,"name":"Nossos produtos","item":"https:\/\/mvebio.com\/pt-br\/nossos-produtos\/"},{"@type":"ListItem","position":3,"name":"Criadores (alum\u00ednio)","item":"https:\/\/mvebio.com\/pt-br\/nossos-produtos\/criadores-aluminio\/"},{"@type":"ListItem","position":4,"name":"MVE Spectrum Series"}]},{"@type":"WebSite","@id":"https:\/\/mvebio.com\/pt-br\/#website","url":"https:\/\/mvebio.com\/pt-br\/","name":"MVE Biological Solutions","description":"Cryogenic freezers and dewars","publisher":{"@id":"https:\/\/mvebio.com\/pt-br\/#organization"},"alternateName":"MVE Bio","potentialAction":[{"@type":"SearchAction","target":{"@type":"EntryPoint","urlTemplate":"https:\/\/mvebio.com\/pt-br\/?s={search_term_string}"},"query-input":{"@type":"PropertyValueSpecification","valueRequired":true,"valueName":"search_term_string"}}],"inLanguage":"pt-BR"},{"@type":"Organization","@id":"https:\/\/mvebio.com\/pt-br\/#organization","name":"MVE Biological Solutions","alternateName":"MVE Bio","url":"https:\/\/mvebio.com\/pt-br\/","logo":{"@type":"ImageObject","inLanguage":"pt-BR","@id":"https:\/\/mvebio.com\/pt-br\/#\/schema\/logo\/image\/","url":"https:\/\/mvebio.com\/wp-content\/uploads\/sites\/4\/2023\/12\/mve-square.png","contentUrl":"https:\/\/mvebio.com\/wp-content\/uploads\/sites\/4\/2023\/12\/mve-square.png","width":1200,"height":1200,"caption":"MVE Biological Solutions"},"image":{"@id":"https:\/\/mvebio.com\/pt-br\/#\/schema\/logo\/image\/"},"sameAs":["https:\/\/x.com\/MveBioSolutions","https:\/\/www.linkedin.com\/company\/mvebio\/"]}]}},"_links":{"self":[{"href":"https:\/\/mvebio.com\/pt-br\/wp-json\/wp\/v2\/pages\/12747","targetHints":{"allow":["GET"]}}],"collection":[{"href":"https:\/\/mvebio.com\/pt-br\/wp-json\/wp\/v2\/pages"}],"about":[{"href":"https:\/\/mvebio.com\/pt-br\/wp-json\/wp\/v2\/types\/page"}],"author":[{"embeddable":true,"href":"https:\/\/mvebio.com\/pt-br\/wp-json\/wp\/v2\/users\/1"}],"replies":[{"embeddable":true,"href":"https:\/\/mvebio.com\/pt-br\/wp-json\/wp\/v2\/comments?post=12747"}],"version-history":[{"count":2,"href":"https:\/\/mvebio.com\/pt-br\/wp-json\/wp\/v2\/pages\/12747\/revisions"}],"predecessor-version":[{"id":14642,"href":"https:\/\/mvebio.com\/pt-br\/wp-json\/wp\/v2\/pages\/12747\/revisions\/14642"}],"up":[{"embeddable":true,"href":"https:\/\/mvebio.com\/pt-br\/wp-json\/wp\/v2\/pages\/12740"}],"wp:featuredmedia":[{"embeddable":true,"href":"https:\/\/mvebio.com\/pt-br\/wp-json\/wp\/v2\/media\/10640"}],"wp:attachment":[{"href":"https:\/\/mvebio.com\/pt-br\/wp-json\/wp\/v2\/media?parent=12747"}],"curies":[{"name":"wp","href":"https:\/\/api.w.org\/{rel}","templated":true}]}}