{"id":12725,"date":"2022-09-28T11:12:47","date_gmt":"2022-09-28T10:12:47","guid":{"rendered":"https:\/\/mvebio.com\/ciencias-da-vida-aluminio\/"},"modified":"2026-02-18T11:16:38","modified_gmt":"2026-02-18T16:16:38","slug":"ciencias-da-vida-aluminio","status":"publish","type":"page","link":"https:\/\/mvebio.com\/pt-br\/nossos-produtos\/ciencias-da-vida-aluminio\/","title":{"rendered":"Ci\u00eancias da vida (alum\u00ednio)"},"content":{"rendered":"","protected":false},"excerpt":{"rendered":"","protected":false},"author":1,"featured_media":10560,"parent":12776,"menu_order":0,"comment_status":"closed","ping_status":"closed","template":"","meta":{"_acf_changed":false,"footnotes":""},"class_list":["post-12725","page","type-page","status-publish","has-post-thumbnail","hentry"],"acf":[],"yoast_head":"<!-- This site is optimized with the Yoast SEO plugin v27.2 - https:\/\/yoast.com\/product\/yoast-seo-wordpress\/ -->\n<title>Ci\u00eancias da vida (alum\u00ednio) - MVE Biological Solutions<\/title>\n<meta name=\"description\" content=\"Na MVE, a excel\u00eancia encontra a versatilidade em nossa linha de produtos de alum\u00ednio adaptados \u00e0s necessidades din\u00e2micas das aplica\u00e7\u00f5es de ci\u00eancias biol\u00f3gicas. Nossas solu\u00e7\u00f5es de alum\u00ednio est\u00e3o na vanguarda da inova\u00e7\u00e3o, proporcionando a voc\u00ea confiabilidade e durabilidade inigual\u00e1veis para o armazenamento e o transporte seguros de amostras biol\u00f3gicas cr\u00edticas. Reconhecemos o papel fundamental que a precis\u00e3o desempenha nas ci\u00eancias da vida, e nossos produtos de alum\u00ednio foram criados para atender e superar os padr\u00f5es exigentes do setor.\" \/>\n<meta name=\"robots\" content=\"index, follow, max-snippet:-1, max-image-preview:large, max-video-preview:-1\" \/>\n<link rel=\"canonical\" href=\"https:\/\/mvebio.com\/pt-br\/nossos-produtos\/ciencias-da-vida-aluminio\/\" \/>\n<meta property=\"og:locale\" content=\"pt_BR\" \/>\n<meta property=\"og:type\" content=\"article\" \/>\n<meta property=\"og:title\" content=\"Ci\u00eancias da vida (alum\u00ednio) - MVE Biological Solutions\" \/>\n<meta property=\"og:description\" content=\"Na MVE, a excel\u00eancia encontra a versatilidade em nossa linha de produtos de alum\u00ednio adaptados \u00e0s necessidades din\u00e2micas das aplica\u00e7\u00f5es de ci\u00eancias biol\u00f3gicas. Nossas solu\u00e7\u00f5es de alum\u00ednio est\u00e3o na vanguarda da inova\u00e7\u00e3o, proporcionando a voc\u00ea confiabilidade e durabilidade inigual\u00e1veis para o armazenamento e o transporte seguros de amostras biol\u00f3gicas cr\u00edticas. Reconhecemos o papel fundamental que a precis\u00e3o desempenha nas ci\u00eancias da vida, e nossos produtos de alum\u00ednio foram criados para atender e superar os padr\u00f5es exigentes do setor.\" \/>\n<meta property=\"og:url\" content=\"https:\/\/mvebio.com\/pt-br\/nossos-produtos\/ciencias-da-vida-aluminio\/\" \/>\n<meta property=\"og:site_name\" content=\"MVE Biological Solutions\" \/>\n<meta property=\"article:modified_time\" content=\"2026-02-18T16:16:38+00:00\" \/>\n<meta property=\"og:image\" content=\"https:\/\/mvebio.com\/wp-content\/uploads\/sites\/4\/2023\/12\/MVE-BL7-Box-1.jpg\" \/>\n\t<meta property=\"og:image:width\" content=\"1200\" \/>\n\t<meta property=\"og:image:height\" content=\"562\" \/>\n\t<meta property=\"og:image:type\" content=\"image\/jpeg\" \/>\n<meta name=\"twitter:card\" content=\"summary_large_image\" \/>\n<meta name=\"twitter:site\" content=\"@MveBioSolutions\" \/>\n<script type=\"application\/ld+json\" class=\"yoast-schema-graph\">{\"@context\":\"https:\/\/schema.org\",\"@graph\":[{\"@type\":\"WebPage\",\"@id\":\"https:\/\/mvebio.com\/pt-br\/nossos-produtos\/ciencias-da-vida-aluminio\/\",\"url\":\"https:\/\/mvebio.com\/pt-br\/nossos-produtos\/ciencias-da-vida-aluminio\/\",\"name\":\"Ci\u00eancias da vida (alum\u00ednio) - MVE Biological Solutions\",\"isPartOf\":{\"@id\":\"https:\/\/mvebio.com\/pt-br\/#website\"},\"primaryImageOfPage\":{\"@id\":\"https:\/\/mvebio.com\/pt-br\/nossos-produtos\/ciencias-da-vida-aluminio\/#primaryimage\"},\"image\":{\"@id\":\"https:\/\/mvebio.com\/pt-br\/nossos-produtos\/ciencias-da-vida-aluminio\/#primaryimage\"},\"thumbnailUrl\":\"https:\/\/mvebio.com\/wp-content\/uploads\/sites\/4\/2023\/12\/MVE-BL7-Box-1.jpg\",\"datePublished\":\"2022-09-28T10:12:47+00:00\",\"dateModified\":\"2026-02-18T16:16:38+00:00\",\"description\":\"Na MVE, a excel\u00eancia encontra a versatilidade em nossa linha de produtos de alum\u00ednio adaptados \u00e0s necessidades din\u00e2micas das aplica\u00e7\u00f5es de ci\u00eancias biol\u00f3gicas. Nossas solu\u00e7\u00f5es de alum\u00ednio est\u00e3o na vanguarda da inova\u00e7\u00e3o, proporcionando a voc\u00ea confiabilidade e durabilidade inigual\u00e1veis para o armazenamento e o transporte seguros de amostras biol\u00f3gicas cr\u00edticas. Reconhecemos o papel fundamental que a precis\u00e3o desempenha nas ci\u00eancias da vida, e nossos produtos de alum\u00ednio foram criados para atender e superar os padr\u00f5es exigentes do setor.\",\"breadcrumb\":{\"@id\":\"https:\/\/mvebio.com\/pt-br\/nossos-produtos\/ciencias-da-vida-aluminio\/#breadcrumb\"},\"inLanguage\":\"pt-BR\",\"potentialAction\":[{\"@type\":\"ReadAction\",\"target\":[\"https:\/\/mvebio.com\/pt-br\/nossos-produtos\/ciencias-da-vida-aluminio\/\"]}]},{\"@type\":\"ImageObject\",\"inLanguage\":\"pt-BR\",\"@id\":\"https:\/\/mvebio.com\/pt-br\/nossos-produtos\/ciencias-da-vida-aluminio\/#primaryimage\",\"url\":\"https:\/\/mvebio.com\/wp-content\/uploads\/sites\/4\/2023\/12\/MVE-BL7-Box-1.jpg\",\"contentUrl\":\"https:\/\/mvebio.com\/wp-content\/uploads\/sites\/4\/2023\/12\/MVE-BL7-Box-1.jpg\",\"width\":1200,\"height\":562,\"caption\":\"BL7\"},{\"@type\":\"BreadcrumbList\",\"@id\":\"https:\/\/mvebio.com\/pt-br\/nossos-produtos\/ciencias-da-vida-aluminio\/#breadcrumb\",\"itemListElement\":[{\"@type\":\"ListItem\",\"position\":1,\"name\":\"P\u00e1gina inicial\",\"item\":\"https:\/\/mvebio.com\/pt-br\/homepage\/\"},{\"@type\":\"ListItem\",\"position\":2,\"name\":\"Nossos produtos\",\"item\":\"https:\/\/mvebio.com\/pt-br\/nossos-produtos\/\"},{\"@type\":\"ListItem\",\"position\":3,\"name\":\"Ci\u00eancias da vida (alum\u00ednio)\"}]},{\"@type\":\"WebSite\",\"@id\":\"https:\/\/mvebio.com\/pt-br\/#website\",\"url\":\"https:\/\/mvebio.com\/pt-br\/\",\"name\":\"MVE Biological Solutions\",\"description\":\"Cryogenic freezers and dewars\",\"publisher\":{\"@id\":\"https:\/\/mvebio.com\/pt-br\/#organization\"},\"alternateName\":\"MVE Bio\",\"potentialAction\":[{\"@type\":\"SearchAction\",\"target\":{\"@type\":\"EntryPoint\",\"urlTemplate\":\"https:\/\/mvebio.com\/pt-br\/?s={search_term_string}\"},\"query-input\":{\"@type\":\"PropertyValueSpecification\",\"valueRequired\":true,\"valueName\":\"search_term_string\"}}],\"inLanguage\":\"pt-BR\"},{\"@type\":\"Organization\",\"@id\":\"https:\/\/mvebio.com\/pt-br\/#organization\",\"name\":\"MVE Biological Solutions\",\"alternateName\":\"MVE Bio\",\"url\":\"https:\/\/mvebio.com\/pt-br\/\",\"logo\":{\"@type\":\"ImageObject\",\"inLanguage\":\"pt-BR\",\"@id\":\"https:\/\/mvebio.com\/pt-br\/#\/schema\/logo\/image\/\",\"url\":\"https:\/\/mvebio.com\/wp-content\/uploads\/sites\/4\/2023\/12\/mve-square.png\",\"contentUrl\":\"https:\/\/mvebio.com\/wp-content\/uploads\/sites\/4\/2023\/12\/mve-square.png\",\"width\":1200,\"height\":1200,\"caption\":\"MVE Biological Solutions\"},\"image\":{\"@id\":\"https:\/\/mvebio.com\/pt-br\/#\/schema\/logo\/image\/\"},\"sameAs\":[\"https:\/\/x.com\/MveBioSolutions\",\"https:\/\/www.linkedin.com\/company\/mvebio\/\"]}]}<\/script>\n<!-- \/ Yoast SEO plugin. -->","yoast_head_json":{"title":"Ci\u00eancias da vida (alum\u00ednio) - MVE Biological Solutions","description":"Na MVE, a excel\u00eancia encontra a versatilidade em nossa linha de produtos de alum\u00ednio adaptados \u00e0s necessidades din\u00e2micas das aplica\u00e7\u00f5es de ci\u00eancias biol\u00f3gicas. Nossas solu\u00e7\u00f5es de alum\u00ednio est\u00e3o na vanguarda da inova\u00e7\u00e3o, proporcionando a voc\u00ea confiabilidade e durabilidade inigual\u00e1veis para o armazenamento e o transporte seguros de amostras biol\u00f3gicas cr\u00edticas. Reconhecemos o papel fundamental que a precis\u00e3o desempenha nas ci\u00eancias da vida, e nossos produtos de alum\u00ednio foram criados para atender e superar os padr\u00f5es exigentes do setor.","robots":{"index":"index","follow":"follow","max-snippet":"max-snippet:-1","max-image-preview":"max-image-preview:large","max-video-preview":"max-video-preview:-1"},"canonical":"https:\/\/mvebio.com\/pt-br\/nossos-produtos\/ciencias-da-vida-aluminio\/","og_locale":"pt_BR","og_type":"article","og_title":"Ci\u00eancias da vida (alum\u00ednio) - MVE Biological Solutions","og_description":"Na MVE, a excel\u00eancia encontra a versatilidade em nossa linha de produtos de alum\u00ednio adaptados \u00e0s necessidades din\u00e2micas das aplica\u00e7\u00f5es de ci\u00eancias biol\u00f3gicas. Nossas solu\u00e7\u00f5es de alum\u00ednio est\u00e3o na vanguarda da inova\u00e7\u00e3o, proporcionando a voc\u00ea confiabilidade e durabilidade inigual\u00e1veis para o armazenamento e o transporte seguros de amostras biol\u00f3gicas cr\u00edticas. Reconhecemos o papel fundamental que a precis\u00e3o desempenha nas ci\u00eancias da vida, e nossos produtos de alum\u00ednio foram criados para atender e superar os padr\u00f5es exigentes do setor.","og_url":"https:\/\/mvebio.com\/pt-br\/nossos-produtos\/ciencias-da-vida-aluminio\/","og_site_name":"MVE Biological Solutions","article_modified_time":"2026-02-18T16:16:38+00:00","og_image":[{"width":1200,"height":562,"url":"https:\/\/mvebio.com\/wp-content\/uploads\/sites\/4\/2023\/12\/MVE-BL7-Box-1.jpg","type":"image\/jpeg"}],"twitter_card":"summary_large_image","twitter_site":"@MveBioSolutions","schema":{"@context":"https:\/\/schema.org","@graph":[{"@type":"WebPage","@id":"https:\/\/mvebio.com\/pt-br\/nossos-produtos\/ciencias-da-vida-aluminio\/","url":"https:\/\/mvebio.com\/pt-br\/nossos-produtos\/ciencias-da-vida-aluminio\/","name":"Ci\u00eancias da vida (alum\u00ednio) - MVE Biological Solutions","isPartOf":{"@id":"https:\/\/mvebio.com\/pt-br\/#website"},"primaryImageOfPage":{"@id":"https:\/\/mvebio.com\/pt-br\/nossos-produtos\/ciencias-da-vida-aluminio\/#primaryimage"},"image":{"@id":"https:\/\/mvebio.com\/pt-br\/nossos-produtos\/ciencias-da-vida-aluminio\/#primaryimage"},"thumbnailUrl":"https:\/\/mvebio.com\/wp-content\/uploads\/sites\/4\/2023\/12\/MVE-BL7-Box-1.jpg","datePublished":"2022-09-28T10:12:47+00:00","dateModified":"2026-02-18T16:16:38+00:00","description":"Na MVE, a excel\u00eancia encontra a versatilidade em nossa linha de produtos de alum\u00ednio adaptados \u00e0s necessidades din\u00e2micas das aplica\u00e7\u00f5es de ci\u00eancias biol\u00f3gicas. Nossas solu\u00e7\u00f5es de alum\u00ednio est\u00e3o na vanguarda da inova\u00e7\u00e3o, proporcionando a voc\u00ea confiabilidade e durabilidade inigual\u00e1veis para o armazenamento e o transporte seguros de amostras biol\u00f3gicas cr\u00edticas. Reconhecemos o papel fundamental que a precis\u00e3o desempenha nas ci\u00eancias da vida, e nossos produtos de alum\u00ednio foram criados para atender e superar os padr\u00f5es exigentes do setor.","breadcrumb":{"@id":"https:\/\/mvebio.com\/pt-br\/nossos-produtos\/ciencias-da-vida-aluminio\/#breadcrumb"},"inLanguage":"pt-BR","potentialAction":[{"@type":"ReadAction","target":["https:\/\/mvebio.com\/pt-br\/nossos-produtos\/ciencias-da-vida-aluminio\/"]}]},{"@type":"ImageObject","inLanguage":"pt-BR","@id":"https:\/\/mvebio.com\/pt-br\/nossos-produtos\/ciencias-da-vida-aluminio\/#primaryimage","url":"https:\/\/mvebio.com\/wp-content\/uploads\/sites\/4\/2023\/12\/MVE-BL7-Box-1.jpg","contentUrl":"https:\/\/mvebio.com\/wp-content\/uploads\/sites\/4\/2023\/12\/MVE-BL7-Box-1.jpg","width":1200,"height":562,"caption":"BL7"},{"@type":"BreadcrumbList","@id":"https:\/\/mvebio.com\/pt-br\/nossos-produtos\/ciencias-da-vida-aluminio\/#breadcrumb","itemListElement":[{"@type":"ListItem","position":1,"name":"P\u00e1gina inicial","item":"https:\/\/mvebio.com\/pt-br\/homepage\/"},{"@type":"ListItem","position":2,"name":"Nossos produtos","item":"https:\/\/mvebio.com\/pt-br\/nossos-produtos\/"},{"@type":"ListItem","position":3,"name":"Ci\u00eancias da vida (alum\u00ednio)"}]},{"@type":"WebSite","@id":"https:\/\/mvebio.com\/pt-br\/#website","url":"https:\/\/mvebio.com\/pt-br\/","name":"MVE Biological Solutions","description":"Cryogenic freezers and dewars","publisher":{"@id":"https:\/\/mvebio.com\/pt-br\/#organization"},"alternateName":"MVE Bio","potentialAction":[{"@type":"SearchAction","target":{"@type":"EntryPoint","urlTemplate":"https:\/\/mvebio.com\/pt-br\/?s={search_term_string}"},"query-input":{"@type":"PropertyValueSpecification","valueRequired":true,"valueName":"search_term_string"}}],"inLanguage":"pt-BR"},{"@type":"Organization","@id":"https:\/\/mvebio.com\/pt-br\/#organization","name":"MVE Biological Solutions","alternateName":"MVE Bio","url":"https:\/\/mvebio.com\/pt-br\/","logo":{"@type":"ImageObject","inLanguage":"pt-BR","@id":"https:\/\/mvebio.com\/pt-br\/#\/schema\/logo\/image\/","url":"https:\/\/mvebio.com\/wp-content\/uploads\/sites\/4\/2023\/12\/mve-square.png","contentUrl":"https:\/\/mvebio.com\/wp-content\/uploads\/sites\/4\/2023\/12\/mve-square.png","width":1200,"height":1200,"caption":"MVE Biological Solutions"},"image":{"@id":"https:\/\/mvebio.com\/pt-br\/#\/schema\/logo\/image\/"},"sameAs":["https:\/\/x.com\/MveBioSolutions","https:\/\/www.linkedin.com\/company\/mvebio\/"]}]}},"_links":{"self":[{"href":"https:\/\/mvebio.com\/pt-br\/wp-json\/wp\/v2\/pages\/12725","targetHints":{"allow":["GET"]}}],"collection":[{"href":"https:\/\/mvebio.com\/pt-br\/wp-json\/wp\/v2\/pages"}],"about":[{"href":"https:\/\/mvebio.com\/pt-br\/wp-json\/wp\/v2\/types\/page"}],"author":[{"embeddable":true,"href":"https:\/\/mvebio.com\/pt-br\/wp-json\/wp\/v2\/users\/1"}],"replies":[{"embeddable":true,"href":"https:\/\/mvebio.com\/pt-br\/wp-json\/wp\/v2\/comments?post=12725"}],"version-history":[{"count":1,"href":"https:\/\/mvebio.com\/pt-br\/wp-json\/wp\/v2\/pages\/12725\/revisions"}],"predecessor-version":[{"id":12778,"href":"https:\/\/mvebio.com\/pt-br\/wp-json\/wp\/v2\/pages\/12725\/revisions\/12778"}],"up":[{"embeddable":true,"href":"https:\/\/mvebio.com\/pt-br\/wp-json\/wp\/v2\/pages\/12776"}],"wp:featuredmedia":[{"embeddable":true,"href":"https:\/\/mvebio.com\/pt-br\/wp-json\/wp\/v2\/media\/10560"}],"wp:attachment":[{"href":"https:\/\/mvebio.com\/pt-br\/wp-json\/wp\/v2\/media?parent=12725"}],"curies":[{"name":"wp","href":"https:\/\/api.w.org\/{rel}","templated":true}]}}