{"id":12700,"date":"2023-03-30T11:07:53","date_gmt":"2023-03-30T10:07:53","guid":{"rendered":"https:\/\/mvebio.com\/mve-et-series\/"},"modified":"2026-02-18T10:44:58","modified_gmt":"2026-02-18T15:44:58","slug":"serie-mve-et","status":"publish","type":"page","link":"https:\/\/mvebio.com\/pt-br\/nossos-produtos\/criadores-aluminio\/serie-mve-et\/","title":{"rendered":"MVE ET Series"},"content":{"rendered":"","protected":false},"excerpt":{"rendered":"<p>Apresentamos nosso dewar global de baixo custo &#8211; incorporando o design e a m\u00e3o de obra de qualidade da marca MVE<\/p>\n","protected":false},"author":1,"featured_media":10657,"parent":12740,"menu_order":0,"comment_status":"closed","ping_status":"closed","template":"","meta":{"_acf_changed":false,"footnotes":""},"class_list":["post-12700","page","type-page","status-publish","has-post-thumbnail","hentry"],"acf":[],"yoast_head":"<!-- This site is optimized with the Yoast SEO plugin v27.2 - https:\/\/yoast.com\/product\/yoast-seo-wordpress\/ -->\n<title>MVE ET Series - MVE Biological Solutions<\/title>\n<meta name=\"description\" content=\"Os especialistas em design da MVE criaram agora uma linha de dewars econ\u00f4micos e rent\u00e1veis especificamente para uso em fazendas - e projetados com o t\u00e9cnico de insemina\u00e7\u00e3o artificial em mente. Cada componente foi projetado com precis\u00e3o para produzir um botij\u00e3o de s\u00eamen global de baixo custo, enquanto a qualidade consistente foi mantida no mais alto n\u00edvel para que a s\u00e9rie levasse o nome MVE.\" \/>\n<meta name=\"robots\" content=\"index, follow, max-snippet:-1, max-image-preview:large, max-video-preview:-1\" \/>\n<link rel=\"canonical\" href=\"https:\/\/mvebio.com\/pt-br\/nossos-produtos\/criadores-aluminio\/serie-mve-et\/\" \/>\n<meta property=\"og:locale\" content=\"pt_BR\" \/>\n<meta property=\"og:type\" content=\"article\" \/>\n<meta property=\"og:title\" content=\"MVE ET Series - MVE Biological Solutions\" \/>\n<meta property=\"og:description\" content=\"Os especialistas em design da MVE criaram agora uma linha de dewars econ\u00f4micos e rent\u00e1veis especificamente para uso em fazendas - e projetados com o t\u00e9cnico de insemina\u00e7\u00e3o artificial em mente. Cada componente foi projetado com precis\u00e3o para produzir um botij\u00e3o de s\u00eamen global de baixo custo, enquanto a qualidade consistente foi mantida no mais alto n\u00edvel para que a s\u00e9rie levasse o nome MVE.\" \/>\n<meta property=\"og:url\" content=\"https:\/\/mvebio.com\/pt-br\/nossos-produtos\/criadores-aluminio\/serie-mve-et\/\" \/>\n<meta property=\"og:site_name\" content=\"MVE Biological Solutions\" \/>\n<meta property=\"article:modified_time\" content=\"2026-02-18T15:44:58+00:00\" \/>\n<meta property=\"og:image\" content=\"https:\/\/mvebio.com\/wp-content\/uploads\/sites\/4\/2023\/12\/group-ET-tanks-scaled-feature.jpg\" \/>\n\t<meta property=\"og:image:width\" content=\"1200\" \/>\n\t<meta property=\"og:image:height\" content=\"563\" \/>\n\t<meta property=\"og:image:type\" content=\"image\/jpeg\" \/>\n<meta name=\"twitter:card\" content=\"summary_large_image\" \/>\n<meta name=\"twitter:site\" content=\"@MveBioSolutions\" \/>\n<meta name=\"twitter:label1\" content=\"Est. tempo de leitura\" \/>\n\t<meta name=\"twitter:data1\" content=\"8 minutos\" \/>\n<script type=\"application\/ld+json\" class=\"yoast-schema-graph\">{\"@context\":\"https:\/\/schema.org\",\"@graph\":[{\"@type\":\"WebPage\",\"@id\":\"https:\/\/mvebio.com\/pt-br\/nossos-produtos\/criadores-aluminio\/serie-mve-et\/\",\"url\":\"https:\/\/mvebio.com\/pt-br\/nossos-produtos\/criadores-aluminio\/serie-mve-et\/\",\"name\":\"MVE ET Series - MVE Biological Solutions\",\"isPartOf\":{\"@id\":\"https:\/\/mvebio.com\/pt-br\/#website\"},\"primaryImageOfPage\":{\"@id\":\"https:\/\/mvebio.com\/pt-br\/nossos-produtos\/criadores-aluminio\/serie-mve-et\/#primaryimage\"},\"image\":{\"@id\":\"https:\/\/mvebio.com\/pt-br\/nossos-produtos\/criadores-aluminio\/serie-mve-et\/#primaryimage\"},\"thumbnailUrl\":\"https:\/\/mvebio.com\/wp-content\/uploads\/sites\/4\/2023\/12\/group-ET-tanks-scaled-feature.jpg\",\"datePublished\":\"2023-03-30T10:07:53+00:00\",\"dateModified\":\"2026-02-18T15:44:58+00:00\",\"description\":\"Os especialistas em design da MVE criaram agora uma linha de dewars econ\u00f4micos e rent\u00e1veis especificamente para uso em fazendas - e projetados com o t\u00e9cnico de insemina\u00e7\u00e3o artificial em mente. Cada componente foi projetado com precis\u00e3o para produzir um botij\u00e3o de s\u00eamen global de baixo custo, enquanto a qualidade consistente foi mantida no mais alto n\u00edvel para que a s\u00e9rie levasse o nome MVE.\",\"breadcrumb\":{\"@id\":\"https:\/\/mvebio.com\/pt-br\/nossos-produtos\/criadores-aluminio\/serie-mve-et\/#breadcrumb\"},\"inLanguage\":\"pt-BR\",\"potentialAction\":[{\"@type\":\"ReadAction\",\"target\":[\"https:\/\/mvebio.com\/pt-br\/nossos-produtos\/criadores-aluminio\/serie-mve-et\/\"]}]},{\"@type\":\"ImageObject\",\"inLanguage\":\"pt-BR\",\"@id\":\"https:\/\/mvebio.com\/pt-br\/nossos-produtos\/criadores-aluminio\/serie-mve-et\/#primaryimage\",\"url\":\"https:\/\/mvebio.com\/wp-content\/uploads\/sites\/4\/2023\/12\/group-ET-tanks-scaled-feature.jpg\",\"contentUrl\":\"https:\/\/mvebio.com\/wp-content\/uploads\/sites\/4\/2023\/12\/group-ET-tanks-scaled-feature.jpg\",\"width\":1200,\"height\":563,\"caption\":\"Tanques ET\"},{\"@type\":\"BreadcrumbList\",\"@id\":\"https:\/\/mvebio.com\/pt-br\/nossos-produtos\/criadores-aluminio\/serie-mve-et\/#breadcrumb\",\"itemListElement\":[{\"@type\":\"ListItem\",\"position\":1,\"name\":\"P\u00e1gina inicial\",\"item\":\"https:\/\/mvebio.com\/pt-br\/homepage\/\"},{\"@type\":\"ListItem\",\"position\":2,\"name\":\"Nossos produtos\",\"item\":\"https:\/\/mvebio.com\/pt-br\/nossos-produtos\/\"},{\"@type\":\"ListItem\",\"position\":3,\"name\":\"Criadores (alum\u00ednio)\",\"item\":\"https:\/\/mvebio.com\/pt-br\/nossos-produtos\/criadores-aluminio\/\"},{\"@type\":\"ListItem\",\"position\":4,\"name\":\"MVE ET Series\"}]},{\"@type\":\"WebSite\",\"@id\":\"https:\/\/mvebio.com\/pt-br\/#website\",\"url\":\"https:\/\/mvebio.com\/pt-br\/\",\"name\":\"MVE Biological Solutions\",\"description\":\"Cryogenic freezers and dewars\",\"publisher\":{\"@id\":\"https:\/\/mvebio.com\/pt-br\/#organization\"},\"alternateName\":\"MVE Bio\",\"potentialAction\":[{\"@type\":\"SearchAction\",\"target\":{\"@type\":\"EntryPoint\",\"urlTemplate\":\"https:\/\/mvebio.com\/pt-br\/?s={search_term_string}\"},\"query-input\":{\"@type\":\"PropertyValueSpecification\",\"valueRequired\":true,\"valueName\":\"search_term_string\"}}],\"inLanguage\":\"pt-BR\"},{\"@type\":\"Organization\",\"@id\":\"https:\/\/mvebio.com\/pt-br\/#organization\",\"name\":\"MVE Biological Solutions\",\"alternateName\":\"MVE Bio\",\"url\":\"https:\/\/mvebio.com\/pt-br\/\",\"logo\":{\"@type\":\"ImageObject\",\"inLanguage\":\"pt-BR\",\"@id\":\"https:\/\/mvebio.com\/pt-br\/#\/schema\/logo\/image\/\",\"url\":\"https:\/\/mvebio.com\/wp-content\/uploads\/sites\/4\/2023\/12\/mve-square.png\",\"contentUrl\":\"https:\/\/mvebio.com\/wp-content\/uploads\/sites\/4\/2023\/12\/mve-square.png\",\"width\":1200,\"height\":1200,\"caption\":\"MVE Biological Solutions\"},\"image\":{\"@id\":\"https:\/\/mvebio.com\/pt-br\/#\/schema\/logo\/image\/\"},\"sameAs\":[\"https:\/\/x.com\/MveBioSolutions\",\"https:\/\/www.linkedin.com\/company\/mvebio\/\"]}]}<\/script>\n<!-- \/ Yoast SEO plugin. -->","yoast_head_json":{"title":"MVE ET Series - MVE Biological Solutions","description":"Os especialistas em design da MVE criaram agora uma linha de dewars econ\u00f4micos e rent\u00e1veis especificamente para uso em fazendas - e projetados com o t\u00e9cnico de insemina\u00e7\u00e3o artificial em mente. Cada componente foi projetado com precis\u00e3o para produzir um botij\u00e3o de s\u00eamen global de baixo custo, enquanto a qualidade consistente foi mantida no mais alto n\u00edvel para que a s\u00e9rie levasse o nome MVE.","robots":{"index":"index","follow":"follow","max-snippet":"max-snippet:-1","max-image-preview":"max-image-preview:large","max-video-preview":"max-video-preview:-1"},"canonical":"https:\/\/mvebio.com\/pt-br\/nossos-produtos\/criadores-aluminio\/serie-mve-et\/","og_locale":"pt_BR","og_type":"article","og_title":"MVE ET Series - MVE Biological Solutions","og_description":"Os especialistas em design da MVE criaram agora uma linha de dewars econ\u00f4micos e rent\u00e1veis especificamente para uso em fazendas - e projetados com o t\u00e9cnico de insemina\u00e7\u00e3o artificial em mente. Cada componente foi projetado com precis\u00e3o para produzir um botij\u00e3o de s\u00eamen global de baixo custo, enquanto a qualidade consistente foi mantida no mais alto n\u00edvel para que a s\u00e9rie levasse o nome MVE.","og_url":"https:\/\/mvebio.com\/pt-br\/nossos-produtos\/criadores-aluminio\/serie-mve-et\/","og_site_name":"MVE Biological Solutions","article_modified_time":"2026-02-18T15:44:58+00:00","og_image":[{"width":1200,"height":563,"url":"https:\/\/mvebio.com\/wp-content\/uploads\/sites\/4\/2023\/12\/group-ET-tanks-scaled-feature.jpg","type":"image\/jpeg"}],"twitter_card":"summary_large_image","twitter_site":"@MveBioSolutions","twitter_misc":{"Est. tempo de leitura":"8 minutos"},"schema":{"@context":"https:\/\/schema.org","@graph":[{"@type":"WebPage","@id":"https:\/\/mvebio.com\/pt-br\/nossos-produtos\/criadores-aluminio\/serie-mve-et\/","url":"https:\/\/mvebio.com\/pt-br\/nossos-produtos\/criadores-aluminio\/serie-mve-et\/","name":"MVE ET Series - MVE Biological Solutions","isPartOf":{"@id":"https:\/\/mvebio.com\/pt-br\/#website"},"primaryImageOfPage":{"@id":"https:\/\/mvebio.com\/pt-br\/nossos-produtos\/criadores-aluminio\/serie-mve-et\/#primaryimage"},"image":{"@id":"https:\/\/mvebio.com\/pt-br\/nossos-produtos\/criadores-aluminio\/serie-mve-et\/#primaryimage"},"thumbnailUrl":"https:\/\/mvebio.com\/wp-content\/uploads\/sites\/4\/2023\/12\/group-ET-tanks-scaled-feature.jpg","datePublished":"2023-03-30T10:07:53+00:00","dateModified":"2026-02-18T15:44:58+00:00","description":"Os especialistas em design da MVE criaram agora uma linha de dewars econ\u00f4micos e rent\u00e1veis especificamente para uso em fazendas - e projetados com o t\u00e9cnico de insemina\u00e7\u00e3o artificial em mente. Cada componente foi projetado com precis\u00e3o para produzir um botij\u00e3o de s\u00eamen global de baixo custo, enquanto a qualidade consistente foi mantida no mais alto n\u00edvel para que a s\u00e9rie levasse o nome MVE.","breadcrumb":{"@id":"https:\/\/mvebio.com\/pt-br\/nossos-produtos\/criadores-aluminio\/serie-mve-et\/#breadcrumb"},"inLanguage":"pt-BR","potentialAction":[{"@type":"ReadAction","target":["https:\/\/mvebio.com\/pt-br\/nossos-produtos\/criadores-aluminio\/serie-mve-et\/"]}]},{"@type":"ImageObject","inLanguage":"pt-BR","@id":"https:\/\/mvebio.com\/pt-br\/nossos-produtos\/criadores-aluminio\/serie-mve-et\/#primaryimage","url":"https:\/\/mvebio.com\/wp-content\/uploads\/sites\/4\/2023\/12\/group-ET-tanks-scaled-feature.jpg","contentUrl":"https:\/\/mvebio.com\/wp-content\/uploads\/sites\/4\/2023\/12\/group-ET-tanks-scaled-feature.jpg","width":1200,"height":563,"caption":"Tanques ET"},{"@type":"BreadcrumbList","@id":"https:\/\/mvebio.com\/pt-br\/nossos-produtos\/criadores-aluminio\/serie-mve-et\/#breadcrumb","itemListElement":[{"@type":"ListItem","position":1,"name":"P\u00e1gina inicial","item":"https:\/\/mvebio.com\/pt-br\/homepage\/"},{"@type":"ListItem","position":2,"name":"Nossos produtos","item":"https:\/\/mvebio.com\/pt-br\/nossos-produtos\/"},{"@type":"ListItem","position":3,"name":"Criadores (alum\u00ednio)","item":"https:\/\/mvebio.com\/pt-br\/nossos-produtos\/criadores-aluminio\/"},{"@type":"ListItem","position":4,"name":"MVE ET Series"}]},{"@type":"WebSite","@id":"https:\/\/mvebio.com\/pt-br\/#website","url":"https:\/\/mvebio.com\/pt-br\/","name":"MVE Biological Solutions","description":"Cryogenic freezers and dewars","publisher":{"@id":"https:\/\/mvebio.com\/pt-br\/#organization"},"alternateName":"MVE Bio","potentialAction":[{"@type":"SearchAction","target":{"@type":"EntryPoint","urlTemplate":"https:\/\/mvebio.com\/pt-br\/?s={search_term_string}"},"query-input":{"@type":"PropertyValueSpecification","valueRequired":true,"valueName":"search_term_string"}}],"inLanguage":"pt-BR"},{"@type":"Organization","@id":"https:\/\/mvebio.com\/pt-br\/#organization","name":"MVE Biological Solutions","alternateName":"MVE Bio","url":"https:\/\/mvebio.com\/pt-br\/","logo":{"@type":"ImageObject","inLanguage":"pt-BR","@id":"https:\/\/mvebio.com\/pt-br\/#\/schema\/logo\/image\/","url":"https:\/\/mvebio.com\/wp-content\/uploads\/sites\/4\/2023\/12\/mve-square.png","contentUrl":"https:\/\/mvebio.com\/wp-content\/uploads\/sites\/4\/2023\/12\/mve-square.png","width":1200,"height":1200,"caption":"MVE Biological Solutions"},"image":{"@id":"https:\/\/mvebio.com\/pt-br\/#\/schema\/logo\/image\/"},"sameAs":["https:\/\/x.com\/MveBioSolutions","https:\/\/www.linkedin.com\/company\/mvebio\/"]}]}},"_links":{"self":[{"href":"https:\/\/mvebio.com\/pt-br\/wp-json\/wp\/v2\/pages\/12700","targetHints":{"allow":["GET"]}}],"collection":[{"href":"https:\/\/mvebio.com\/pt-br\/wp-json\/wp\/v2\/pages"}],"about":[{"href":"https:\/\/mvebio.com\/pt-br\/wp-json\/wp\/v2\/types\/page"}],"author":[{"embeddable":true,"href":"https:\/\/mvebio.com\/pt-br\/wp-json\/wp\/v2\/users\/1"}],"replies":[{"embeddable":true,"href":"https:\/\/mvebio.com\/pt-br\/wp-json\/wp\/v2\/comments?post=12700"}],"version-history":[{"count":3,"href":"https:\/\/mvebio.com\/pt-br\/wp-json\/wp\/v2\/pages\/12700\/revisions"}],"predecessor-version":[{"id":14518,"href":"https:\/\/mvebio.com\/pt-br\/wp-json\/wp\/v2\/pages\/12700\/revisions\/14518"}],"up":[{"embeddable":true,"href":"https:\/\/mvebio.com\/pt-br\/wp-json\/wp\/v2\/pages\/12740"}],"wp:featuredmedia":[{"embeddable":true,"href":"https:\/\/mvebio.com\/pt-br\/wp-json\/wp\/v2\/media\/10657"}],"wp:attachment":[{"href":"https:\/\/mvebio.com\/pt-br\/wp-json\/wp\/v2\/media?parent=12700"}],"curies":[{"name":"wp","href":"https:\/\/api.w.org\/{rel}","templated":true}]}}