{"id":12693,"date":"2023-03-30T11:05:59","date_gmt":"2023-03-30T10:05:59","guid":{"rendered":"https:\/\/mvebio.com\/mve-lab-series\/"},"modified":"2026-02-18T10:46:24","modified_gmt":"2026-02-18T15:46:24","slug":"serie-de-laboratorio-mve","status":"publish","type":"page","link":"https:\/\/mvebio.com\/pt-br\/nossos-produtos\/criadores-aluminio\/serie-de-laboratorio-mve\/","title":{"rendered":"MVE Lab Series"},"content":{"rendered":"","protected":false},"excerpt":{"rendered":"<p>Complete o seu botij\u00e3o de s\u00eamen com a nossa s\u00e9rie Lab de dewars de alum\u00ednio<\/p>\n","protected":false},"author":1,"featured_media":10624,"parent":12740,"menu_order":0,"comment_status":"closed","ping_status":"closed","template":"","meta":{"_acf_changed":false,"footnotes":""},"class_list":["post-12693","page","type-page","status-publish","has-post-thumbnail","hentry"],"acf":[],"yoast_head":"<!-- This site is optimized with the Yoast SEO plugin v27.4 - https:\/\/yoast.com\/product\/yoast-seo-wordpress\/ -->\n<title>MVE Lab Series - MVE Biological Solutions<\/title>\n<meta name=\"description\" content=\"Nossos dewars Lab Series s\u00e3o projetados para armazenar nitrog\u00eanio l\u00edquido de forma eficiente para reabastecer os tanques de s\u00eamen quando necess\u00e1rio. Eles oferecem uma maneira segura, conveniente e econ\u00f4mica de armazenar nitrog\u00eanio l\u00edquido. E, \u00e9 claro, voc\u00ea provavelmente precisar\u00e1 dispens\u00e1-lo tamb\u00e9m, portanto, a s\u00e9rie MVE Lab de dewars de alum\u00ednio far\u00e1 o trabalho, seja despejando manualmente o nitrog\u00eanio l\u00edquido ou usando o dispositivo de descarga, dipper ou CryoTipper. \u00c9 por isso que eles s\u00e3o os dewars preferidos para o armazenamento de nitrog\u00eanio l\u00edquido em todo o mundo.\" \/>\n<meta name=\"robots\" content=\"index, follow, max-snippet:-1, max-image-preview:large, max-video-preview:-1\" \/>\n<link rel=\"canonical\" href=\"https:\/\/mvebio.com\/pt-br\/nossos-produtos\/criadores-aluminio\/serie-de-laboratorio-mve\/\" \/>\n<meta property=\"og:locale\" content=\"pt_BR\" \/>\n<meta property=\"og:type\" content=\"article\" \/>\n<meta property=\"og:title\" content=\"MVE Lab Series - MVE Biological Solutions\" \/>\n<meta property=\"og:description\" content=\"Nossos dewars Lab Series s\u00e3o projetados para armazenar nitrog\u00eanio l\u00edquido de forma eficiente para reabastecer os tanques de s\u00eamen quando necess\u00e1rio. Eles oferecem uma maneira segura, conveniente e econ\u00f4mica de armazenar nitrog\u00eanio l\u00edquido. E, \u00e9 claro, voc\u00ea provavelmente precisar\u00e1 dispens\u00e1-lo tamb\u00e9m, portanto, a s\u00e9rie MVE Lab de dewars de alum\u00ednio far\u00e1 o trabalho, seja despejando manualmente o nitrog\u00eanio l\u00edquido ou usando o dispositivo de descarga, dipper ou CryoTipper. \u00c9 por isso que eles s\u00e3o os dewars preferidos para o armazenamento de nitrog\u00eanio l\u00edquido em todo o mundo.\" \/>\n<meta property=\"og:url\" content=\"https:\/\/mvebio.com\/pt-br\/nossos-produtos\/criadores-aluminio\/serie-de-laboratorio-mve\/\" \/>\n<meta property=\"og:site_name\" content=\"MVE Biological Solutions\" \/>\n<meta property=\"article:modified_time\" content=\"2026-02-18T15:46:24+00:00\" \/>\n<meta property=\"og:image\" content=\"https:\/\/mvebio.com\/wp-content\/uploads\/sites\/4\/2023\/12\/lab-series-2.jpg\" \/>\n\t<meta property=\"og:image:width\" content=\"1200\" \/>\n\t<meta property=\"og:image:height\" content=\"562\" \/>\n\t<meta property=\"og:image:type\" content=\"image\/jpeg\" \/>\n<meta name=\"twitter:card\" content=\"summary_large_image\" \/>\n<meta name=\"twitter:site\" content=\"@MveBioSolutions\" \/>\n<meta name=\"twitter:label1\" content=\"Est. tempo de leitura\" \/>\n\t<meta name=\"twitter:data1\" content=\"4 minutos\" \/>\n<script type=\"application\/ld+json\" class=\"yoast-schema-graph\">{\"@context\":\"https:\\\/\\\/schema.org\",\"@graph\":[{\"@type\":\"WebPage\",\"@id\":\"https:\\\/\\\/mvebio.com\\\/pt-br\\\/nossos-produtos\\\/criadores-aluminio\\\/serie-de-laboratorio-mve\\\/\",\"url\":\"https:\\\/\\\/mvebio.com\\\/pt-br\\\/nossos-produtos\\\/criadores-aluminio\\\/serie-de-laboratorio-mve\\\/\",\"name\":\"MVE Lab Series - MVE Biological Solutions\",\"isPartOf\":{\"@id\":\"https:\\\/\\\/mvebio.com\\\/pt-br\\\/#website\"},\"primaryImageOfPage\":{\"@id\":\"https:\\\/\\\/mvebio.com\\\/pt-br\\\/nossos-produtos\\\/criadores-aluminio\\\/serie-de-laboratorio-mve\\\/#primaryimage\"},\"image\":{\"@id\":\"https:\\\/\\\/mvebio.com\\\/pt-br\\\/nossos-produtos\\\/criadores-aluminio\\\/serie-de-laboratorio-mve\\\/#primaryimage\"},\"thumbnailUrl\":\"https:\\\/\\\/mvebio.com\\\/wp-content\\\/uploads\\\/sites\\\/4\\\/2023\\\/12\\\/lab-series-2.jpg\",\"datePublished\":\"2023-03-30T10:05:59+00:00\",\"dateModified\":\"2026-02-18T15:46:24+00:00\",\"description\":\"Nossos dewars Lab Series s\u00e3o projetados para armazenar nitrog\u00eanio l\u00edquido de forma eficiente para reabastecer os tanques de s\u00eamen quando necess\u00e1rio. Eles oferecem uma maneira segura, conveniente e econ\u00f4mica de armazenar nitrog\u00eanio l\u00edquido. E, \u00e9 claro, voc\u00ea provavelmente precisar\u00e1 dispens\u00e1-lo tamb\u00e9m, portanto, a s\u00e9rie MVE Lab de dewars de alum\u00ednio far\u00e1 o trabalho, seja despejando manualmente o nitrog\u00eanio l\u00edquido ou usando o dispositivo de descarga, dipper ou CryoTipper. \u00c9 por isso que eles s\u00e3o os dewars preferidos para o armazenamento de nitrog\u00eanio l\u00edquido em todo o mundo.\",\"breadcrumb\":{\"@id\":\"https:\\\/\\\/mvebio.com\\\/pt-br\\\/nossos-produtos\\\/criadores-aluminio\\\/serie-de-laboratorio-mve\\\/#breadcrumb\"},\"inLanguage\":\"pt-BR\",\"potentialAction\":[{\"@type\":\"ReadAction\",\"target\":[\"https:\\\/\\\/mvebio.com\\\/pt-br\\\/nossos-produtos\\\/criadores-aluminio\\\/serie-de-laboratorio-mve\\\/\"]}]},{\"@type\":\"ImageObject\",\"inLanguage\":\"pt-BR\",\"@id\":\"https:\\\/\\\/mvebio.com\\\/pt-br\\\/nossos-produtos\\\/criadores-aluminio\\\/serie-de-laboratorio-mve\\\/#primaryimage\",\"url\":\"https:\\\/\\\/mvebio.com\\\/wp-content\\\/uploads\\\/sites\\\/4\\\/2023\\\/12\\\/lab-series-2.jpg\",\"contentUrl\":\"https:\\\/\\\/mvebio.com\\\/wp-content\\\/uploads\\\/sites\\\/4\\\/2023\\\/12\\\/lab-series-2.jpg\",\"width\":1200,\"height\":562},{\"@type\":\"BreadcrumbList\",\"@id\":\"https:\\\/\\\/mvebio.com\\\/pt-br\\\/nossos-produtos\\\/criadores-aluminio\\\/serie-de-laboratorio-mve\\\/#breadcrumb\",\"itemListElement\":[{\"@type\":\"ListItem\",\"position\":1,\"name\":\"P\u00e1gina inicial\",\"item\":\"https:\\\/\\\/mvebio.com\\\/pt-br\\\/homepage\\\/\"},{\"@type\":\"ListItem\",\"position\":2,\"name\":\"Nossos produtos\",\"item\":\"https:\\\/\\\/mvebio.com\\\/pt-br\\\/nossos-produtos\\\/\"},{\"@type\":\"ListItem\",\"position\":3,\"name\":\"Criadores (alum\u00ednio)\",\"item\":\"https:\\\/\\\/mvebio.com\\\/pt-br\\\/nossos-produtos\\\/criadores-aluminio\\\/\"},{\"@type\":\"ListItem\",\"position\":4,\"name\":\"MVE Lab Series\"}]},{\"@type\":\"WebSite\",\"@id\":\"https:\\\/\\\/mvebio.com\\\/pt-br\\\/#website\",\"url\":\"https:\\\/\\\/mvebio.com\\\/pt-br\\\/\",\"name\":\"MVE Biological Solutions\",\"description\":\"Cryogenic freezers and dewars\",\"publisher\":{\"@id\":\"https:\\\/\\\/mvebio.com\\\/pt-br\\\/#organization\"},\"alternateName\":\"MVE Bio\",\"potentialAction\":[{\"@type\":\"SearchAction\",\"target\":{\"@type\":\"EntryPoint\",\"urlTemplate\":\"https:\\\/\\\/mvebio.com\\\/pt-br\\\/?s={search_term_string}\"},\"query-input\":{\"@type\":\"PropertyValueSpecification\",\"valueRequired\":true,\"valueName\":\"search_term_string\"}}],\"inLanguage\":\"pt-BR\"},{\"@type\":\"Organization\",\"@id\":\"https:\\\/\\\/mvebio.com\\\/pt-br\\\/#organization\",\"name\":\"MVE Biological Solutions\",\"alternateName\":\"MVE Bio\",\"url\":\"https:\\\/\\\/mvebio.com\\\/pt-br\\\/\",\"logo\":{\"@type\":\"ImageObject\",\"inLanguage\":\"pt-BR\",\"@id\":\"https:\\\/\\\/mvebio.com\\\/pt-br\\\/#\\\/schema\\\/logo\\\/image\\\/\",\"url\":\"https:\\\/\\\/mvebio.com\\\/wp-content\\\/uploads\\\/sites\\\/4\\\/2023\\\/12\\\/mve-square.png\",\"contentUrl\":\"https:\\\/\\\/mvebio.com\\\/wp-content\\\/uploads\\\/sites\\\/4\\\/2023\\\/12\\\/mve-square.png\",\"width\":1200,\"height\":1200,\"caption\":\"MVE Biological Solutions\"},\"image\":{\"@id\":\"https:\\\/\\\/mvebio.com\\\/pt-br\\\/#\\\/schema\\\/logo\\\/image\\\/\"},\"sameAs\":[\"https:\\\/\\\/x.com\\\/MveBioSolutions\",\"https:\\\/\\\/www.linkedin.com\\\/company\\\/mvebio\\\/\"]}]}<\/script>\n<!-- \/ Yoast SEO plugin. -->","yoast_head_json":{"title":"MVE Lab Series - MVE Biological Solutions","description":"Nossos dewars Lab Series s\u00e3o projetados para armazenar nitrog\u00eanio l\u00edquido de forma eficiente para reabastecer os tanques de s\u00eamen quando necess\u00e1rio. Eles oferecem uma maneira segura, conveniente e econ\u00f4mica de armazenar nitrog\u00eanio l\u00edquido. E, \u00e9 claro, voc\u00ea provavelmente precisar\u00e1 dispens\u00e1-lo tamb\u00e9m, portanto, a s\u00e9rie MVE Lab de dewars de alum\u00ednio far\u00e1 o trabalho, seja despejando manualmente o nitrog\u00eanio l\u00edquido ou usando o dispositivo de descarga, dipper ou CryoTipper. \u00c9 por isso que eles s\u00e3o os dewars preferidos para o armazenamento de nitrog\u00eanio l\u00edquido em todo o mundo.","robots":{"index":"index","follow":"follow","max-snippet":"max-snippet:-1","max-image-preview":"max-image-preview:large","max-video-preview":"max-video-preview:-1"},"canonical":"https:\/\/mvebio.com\/pt-br\/nossos-produtos\/criadores-aluminio\/serie-de-laboratorio-mve\/","og_locale":"pt_BR","og_type":"article","og_title":"MVE Lab Series - MVE Biological Solutions","og_description":"Nossos dewars Lab Series s\u00e3o projetados para armazenar nitrog\u00eanio l\u00edquido de forma eficiente para reabastecer os tanques de s\u00eamen quando necess\u00e1rio. Eles oferecem uma maneira segura, conveniente e econ\u00f4mica de armazenar nitrog\u00eanio l\u00edquido. E, \u00e9 claro, voc\u00ea provavelmente precisar\u00e1 dispens\u00e1-lo tamb\u00e9m, portanto, a s\u00e9rie MVE Lab de dewars de alum\u00ednio far\u00e1 o trabalho, seja despejando manualmente o nitrog\u00eanio l\u00edquido ou usando o dispositivo de descarga, dipper ou CryoTipper. \u00c9 por isso que eles s\u00e3o os dewars preferidos para o armazenamento de nitrog\u00eanio l\u00edquido em todo o mundo.","og_url":"https:\/\/mvebio.com\/pt-br\/nossos-produtos\/criadores-aluminio\/serie-de-laboratorio-mve\/","og_site_name":"MVE Biological Solutions","article_modified_time":"2026-02-18T15:46:24+00:00","og_image":[{"width":1200,"height":562,"url":"https:\/\/mvebio.com\/wp-content\/uploads\/sites\/4\/2023\/12\/lab-series-2.jpg","type":"image\/jpeg"}],"twitter_card":"summary_large_image","twitter_site":"@MveBioSolutions","twitter_misc":{"Est. tempo de leitura":"4 minutos"},"schema":{"@context":"https:\/\/schema.org","@graph":[{"@type":"WebPage","@id":"https:\/\/mvebio.com\/pt-br\/nossos-produtos\/criadores-aluminio\/serie-de-laboratorio-mve\/","url":"https:\/\/mvebio.com\/pt-br\/nossos-produtos\/criadores-aluminio\/serie-de-laboratorio-mve\/","name":"MVE Lab Series - MVE Biological Solutions","isPartOf":{"@id":"https:\/\/mvebio.com\/pt-br\/#website"},"primaryImageOfPage":{"@id":"https:\/\/mvebio.com\/pt-br\/nossos-produtos\/criadores-aluminio\/serie-de-laboratorio-mve\/#primaryimage"},"image":{"@id":"https:\/\/mvebio.com\/pt-br\/nossos-produtos\/criadores-aluminio\/serie-de-laboratorio-mve\/#primaryimage"},"thumbnailUrl":"https:\/\/mvebio.com\/wp-content\/uploads\/sites\/4\/2023\/12\/lab-series-2.jpg","datePublished":"2023-03-30T10:05:59+00:00","dateModified":"2026-02-18T15:46:24+00:00","description":"Nossos dewars Lab Series s\u00e3o projetados para armazenar nitrog\u00eanio l\u00edquido de forma eficiente para reabastecer os tanques de s\u00eamen quando necess\u00e1rio. Eles oferecem uma maneira segura, conveniente e econ\u00f4mica de armazenar nitrog\u00eanio l\u00edquido. E, \u00e9 claro, voc\u00ea provavelmente precisar\u00e1 dispens\u00e1-lo tamb\u00e9m, portanto, a s\u00e9rie MVE Lab de dewars de alum\u00ednio far\u00e1 o trabalho, seja despejando manualmente o nitrog\u00eanio l\u00edquido ou usando o dispositivo de descarga, dipper ou CryoTipper. \u00c9 por isso que eles s\u00e3o os dewars preferidos para o armazenamento de nitrog\u00eanio l\u00edquido em todo o mundo.","breadcrumb":{"@id":"https:\/\/mvebio.com\/pt-br\/nossos-produtos\/criadores-aluminio\/serie-de-laboratorio-mve\/#breadcrumb"},"inLanguage":"pt-BR","potentialAction":[{"@type":"ReadAction","target":["https:\/\/mvebio.com\/pt-br\/nossos-produtos\/criadores-aluminio\/serie-de-laboratorio-mve\/"]}]},{"@type":"ImageObject","inLanguage":"pt-BR","@id":"https:\/\/mvebio.com\/pt-br\/nossos-produtos\/criadores-aluminio\/serie-de-laboratorio-mve\/#primaryimage","url":"https:\/\/mvebio.com\/wp-content\/uploads\/sites\/4\/2023\/12\/lab-series-2.jpg","contentUrl":"https:\/\/mvebio.com\/wp-content\/uploads\/sites\/4\/2023\/12\/lab-series-2.jpg","width":1200,"height":562},{"@type":"BreadcrumbList","@id":"https:\/\/mvebio.com\/pt-br\/nossos-produtos\/criadores-aluminio\/serie-de-laboratorio-mve\/#breadcrumb","itemListElement":[{"@type":"ListItem","position":1,"name":"P\u00e1gina inicial","item":"https:\/\/mvebio.com\/pt-br\/homepage\/"},{"@type":"ListItem","position":2,"name":"Nossos produtos","item":"https:\/\/mvebio.com\/pt-br\/nossos-produtos\/"},{"@type":"ListItem","position":3,"name":"Criadores (alum\u00ednio)","item":"https:\/\/mvebio.com\/pt-br\/nossos-produtos\/criadores-aluminio\/"},{"@type":"ListItem","position":4,"name":"MVE Lab Series"}]},{"@type":"WebSite","@id":"https:\/\/mvebio.com\/pt-br\/#website","url":"https:\/\/mvebio.com\/pt-br\/","name":"MVE Biological Solutions","description":"Cryogenic freezers and dewars","publisher":{"@id":"https:\/\/mvebio.com\/pt-br\/#organization"},"alternateName":"MVE Bio","potentialAction":[{"@type":"SearchAction","target":{"@type":"EntryPoint","urlTemplate":"https:\/\/mvebio.com\/pt-br\/?s={search_term_string}"},"query-input":{"@type":"PropertyValueSpecification","valueRequired":true,"valueName":"search_term_string"}}],"inLanguage":"pt-BR"},{"@type":"Organization","@id":"https:\/\/mvebio.com\/pt-br\/#organization","name":"MVE Biological Solutions","alternateName":"MVE Bio","url":"https:\/\/mvebio.com\/pt-br\/","logo":{"@type":"ImageObject","inLanguage":"pt-BR","@id":"https:\/\/mvebio.com\/pt-br\/#\/schema\/logo\/image\/","url":"https:\/\/mvebio.com\/wp-content\/uploads\/sites\/4\/2023\/12\/mve-square.png","contentUrl":"https:\/\/mvebio.com\/wp-content\/uploads\/sites\/4\/2023\/12\/mve-square.png","width":1200,"height":1200,"caption":"MVE Biological Solutions"},"image":{"@id":"https:\/\/mvebio.com\/pt-br\/#\/schema\/logo\/image\/"},"sameAs":["https:\/\/x.com\/MveBioSolutions","https:\/\/www.linkedin.com\/company\/mvebio\/"]}]}},"_links":{"self":[{"href":"https:\/\/mvebio.com\/pt-br\/wp-json\/wp\/v2\/pages\/12693","targetHints":{"allow":["GET"]}}],"collection":[{"href":"https:\/\/mvebio.com\/pt-br\/wp-json\/wp\/v2\/pages"}],"about":[{"href":"https:\/\/mvebio.com\/pt-br\/wp-json\/wp\/v2\/types\/page"}],"author":[{"embeddable":true,"href":"https:\/\/mvebio.com\/pt-br\/wp-json\/wp\/v2\/users\/1"}],"replies":[{"embeddable":true,"href":"https:\/\/mvebio.com\/pt-br\/wp-json\/wp\/v2\/comments?post=12693"}],"version-history":[{"count":3,"href":"https:\/\/mvebio.com\/pt-br\/wp-json\/wp\/v2\/pages\/12693\/revisions"}],"predecessor-version":[{"id":14546,"href":"https:\/\/mvebio.com\/pt-br\/wp-json\/wp\/v2\/pages\/12693\/revisions\/14546"}],"up":[{"embeddable":true,"href":"https:\/\/mvebio.com\/pt-br\/wp-json\/wp\/v2\/pages\/12740"}],"wp:featuredmedia":[{"embeddable":true,"href":"https:\/\/mvebio.com\/pt-br\/wp-json\/wp\/v2\/media\/10624"}],"wp:attachment":[{"href":"https:\/\/mvebio.com\/pt-br\/wp-json\/wp\/v2\/media?parent=12693"}],"curies":[{"name":"wp","href":"https:\/\/api.w.org\/{rel}","templated":true}]}}