{"id":12688,"date":"2023-03-30T11:04:30","date_gmt":"2023-03-30T10:04:30","guid":{"rendered":"https:\/\/mvebio.com\/mve-doble-series\/"},"modified":"2026-02-18T10:46:17","modified_gmt":"2026-02-18T15:46:17","slug":"serie-doble-mve","status":"publish","type":"page","link":"https:\/\/mvebio.com\/pt-br\/nossos-produtos\/ciencias-da-vida-aluminio\/serie-doble-mve\/","title":{"rendered":"MVE Doble Series"},"content":{"rendered":"","protected":false},"excerpt":{"rendered":"<p>O primeiro dewar de transporte criog\u00eanico a oferecer transporte de vapor e armazenamento de l\u00edquido<\/p>\n","protected":false},"author":1,"featured_media":10608,"parent":12725,"menu_order":0,"comment_status":"closed","ping_status":"closed","template":"","meta":{"_acf_changed":false,"footnotes":""},"class_list":["post-12688","page","type-page","status-publish","has-post-thumbnail","hentry"],"acf":[],"yoast_head":"<!-- This site is optimized with the Yoast SEO plugin v27.2 - https:\/\/yoast.com\/product\/yoast-seo-wordpress\/ -->\n<title>MVE Doble Series - MVE Biological Solutions<\/title>\n<meta name=\"description\" content=\"O primeiro dewar de transporte criog\u00eanico a oferecer transporte de vapor e armazenamento de l\u00edquido. Se voc\u00ea estiver procurando por transporte criog\u00eanico para terapia gen\u00e9tica e celular, este dewar inovador lhe proporcionar\u00e1 um transporte criog\u00eanico seguro e protegido. O melhor de tudo \u00e9 que voc\u00ea n\u00e3o perder\u00e1 um momento do seu precioso tempo ao escolher a s\u00e9rie MVE Doble. Isso porque suas amostras cr\u00edticas podem estar prontas para serem enviadas em menos de duas horas.\" \/>\n<meta name=\"robots\" content=\"index, follow, max-snippet:-1, max-image-preview:large, max-video-preview:-1\" \/>\n<link rel=\"canonical\" href=\"https:\/\/mvebio.com\/pt-br\/nossos-produtos\/ciencias-da-vida-aluminio\/serie-doble-mve\/\" \/>\n<meta property=\"og:locale\" content=\"pt_BR\" \/>\n<meta property=\"og:type\" content=\"article\" \/>\n<meta property=\"og:title\" content=\"MVE Doble Series - MVE Biological Solutions\" \/>\n<meta property=\"og:description\" content=\"O primeiro dewar de transporte criog\u00eanico a oferecer transporte de vapor e armazenamento de l\u00edquido. Se voc\u00ea estiver procurando por transporte criog\u00eanico para terapia gen\u00e9tica e celular, este dewar inovador lhe proporcionar\u00e1 um transporte criog\u00eanico seguro e protegido. O melhor de tudo \u00e9 que voc\u00ea n\u00e3o perder\u00e1 um momento do seu precioso tempo ao escolher a s\u00e9rie MVE Doble. Isso porque suas amostras cr\u00edticas podem estar prontas para serem enviadas em menos de duas horas.\" \/>\n<meta property=\"og:url\" content=\"https:\/\/mvebio.com\/pt-br\/nossos-produtos\/ciencias-da-vida-aluminio\/serie-doble-mve\/\" \/>\n<meta property=\"og:site_name\" content=\"MVE Biological Solutions\" \/>\n<meta property=\"article:modified_time\" content=\"2026-02-18T15:46:17+00:00\" \/>\n<meta property=\"og:image\" content=\"https:\/\/mvebio.com\/wp-content\/uploads\/sites\/4\/2023\/12\/Doble-Series-1.jpg\" \/>\n\t<meta property=\"og:image:width\" content=\"1200\" \/>\n\t<meta property=\"og:image:height\" content=\"562\" \/>\n\t<meta property=\"og:image:type\" content=\"image\/jpeg\" \/>\n<meta name=\"twitter:card\" content=\"summary_large_image\" \/>\n<meta name=\"twitter:site\" content=\"@MveBioSolutions\" \/>\n<meta name=\"twitter:label1\" content=\"Est. tempo de leitura\" \/>\n\t<meta name=\"twitter:data1\" content=\"6 minutos\" \/>\n<script type=\"application\/ld+json\" class=\"yoast-schema-graph\">{\"@context\":\"https:\/\/schema.org\",\"@graph\":[{\"@type\":\"WebPage\",\"@id\":\"https:\/\/mvebio.com\/pt-br\/nossos-produtos\/ciencias-da-vida-aluminio\/serie-doble-mve\/\",\"url\":\"https:\/\/mvebio.com\/pt-br\/nossos-produtos\/ciencias-da-vida-aluminio\/serie-doble-mve\/\",\"name\":\"MVE Doble Series - MVE Biological Solutions\",\"isPartOf\":{\"@id\":\"https:\/\/mvebio.com\/pt-br\/#website\"},\"primaryImageOfPage\":{\"@id\":\"https:\/\/mvebio.com\/pt-br\/nossos-produtos\/ciencias-da-vida-aluminio\/serie-doble-mve\/#primaryimage\"},\"image\":{\"@id\":\"https:\/\/mvebio.com\/pt-br\/nossos-produtos\/ciencias-da-vida-aluminio\/serie-doble-mve\/#primaryimage\"},\"thumbnailUrl\":\"https:\/\/mvebio.com\/wp-content\/uploads\/sites\/4\/2023\/12\/Doble-Series-1.jpg\",\"datePublished\":\"2023-03-30T10:04:30+00:00\",\"dateModified\":\"2026-02-18T15:46:17+00:00\",\"description\":\"O primeiro dewar de transporte criog\u00eanico a oferecer transporte de vapor e armazenamento de l\u00edquido. Se voc\u00ea estiver procurando por transporte criog\u00eanico para terapia gen\u00e9tica e celular, este dewar inovador lhe proporcionar\u00e1 um transporte criog\u00eanico seguro e protegido. O melhor de tudo \u00e9 que voc\u00ea n\u00e3o perder\u00e1 um momento do seu precioso tempo ao escolher a s\u00e9rie MVE Doble. Isso porque suas amostras cr\u00edticas podem estar prontas para serem enviadas em menos de duas horas.\",\"breadcrumb\":{\"@id\":\"https:\/\/mvebio.com\/pt-br\/nossos-produtos\/ciencias-da-vida-aluminio\/serie-doble-mve\/#breadcrumb\"},\"inLanguage\":\"pt-BR\",\"potentialAction\":[{\"@type\":\"ReadAction\",\"target\":[\"https:\/\/mvebio.com\/pt-br\/nossos-produtos\/ciencias-da-vida-aluminio\/serie-doble-mve\/\"]}]},{\"@type\":\"ImageObject\",\"inLanguage\":\"pt-BR\",\"@id\":\"https:\/\/mvebio.com\/pt-br\/nossos-produtos\/ciencias-da-vida-aluminio\/serie-doble-mve\/#primaryimage\",\"url\":\"https:\/\/mvebio.com\/wp-content\/uploads\/sites\/4\/2023\/12\/Doble-Series-1.jpg\",\"contentUrl\":\"https:\/\/mvebio.com\/wp-content\/uploads\/sites\/4\/2023\/12\/Doble-Series-1.jpg\",\"width\":1200,\"height\":562,\"caption\":\"S\u00e9rie Doble\"},{\"@type\":\"BreadcrumbList\",\"@id\":\"https:\/\/mvebio.com\/pt-br\/nossos-produtos\/ciencias-da-vida-aluminio\/serie-doble-mve\/#breadcrumb\",\"itemListElement\":[{\"@type\":\"ListItem\",\"position\":1,\"name\":\"P\u00e1gina inicial\",\"item\":\"https:\/\/mvebio.com\/pt-br\/homepage\/\"},{\"@type\":\"ListItem\",\"position\":2,\"name\":\"Nossos produtos\",\"item\":\"https:\/\/mvebio.com\/pt-br\/nossos-produtos\/\"},{\"@type\":\"ListItem\",\"position\":3,\"name\":\"Ci\u00eancias da vida (alum\u00ednio)\",\"item\":\"https:\/\/mvebio.com\/pt-br\/nossos-produtos\/ciencias-da-vida-aluminio\/\"},{\"@type\":\"ListItem\",\"position\":4,\"name\":\"MVE Doble Series\"}]},{\"@type\":\"WebSite\",\"@id\":\"https:\/\/mvebio.com\/pt-br\/#website\",\"url\":\"https:\/\/mvebio.com\/pt-br\/\",\"name\":\"MVE Biological Solutions\",\"description\":\"Cryogenic freezers and dewars\",\"publisher\":{\"@id\":\"https:\/\/mvebio.com\/pt-br\/#organization\"},\"alternateName\":\"MVE Bio\",\"potentialAction\":[{\"@type\":\"SearchAction\",\"target\":{\"@type\":\"EntryPoint\",\"urlTemplate\":\"https:\/\/mvebio.com\/pt-br\/?s={search_term_string}\"},\"query-input\":{\"@type\":\"PropertyValueSpecification\",\"valueRequired\":true,\"valueName\":\"search_term_string\"}}],\"inLanguage\":\"pt-BR\"},{\"@type\":\"Organization\",\"@id\":\"https:\/\/mvebio.com\/pt-br\/#organization\",\"name\":\"MVE Biological Solutions\",\"alternateName\":\"MVE Bio\",\"url\":\"https:\/\/mvebio.com\/pt-br\/\",\"logo\":{\"@type\":\"ImageObject\",\"inLanguage\":\"pt-BR\",\"@id\":\"https:\/\/mvebio.com\/pt-br\/#\/schema\/logo\/image\/\",\"url\":\"https:\/\/mvebio.com\/wp-content\/uploads\/sites\/4\/2023\/12\/mve-square.png\",\"contentUrl\":\"https:\/\/mvebio.com\/wp-content\/uploads\/sites\/4\/2023\/12\/mve-square.png\",\"width\":1200,\"height\":1200,\"caption\":\"MVE Biological Solutions\"},\"image\":{\"@id\":\"https:\/\/mvebio.com\/pt-br\/#\/schema\/logo\/image\/\"},\"sameAs\":[\"https:\/\/x.com\/MveBioSolutions\",\"https:\/\/www.linkedin.com\/company\/mvebio\/\"]}]}<\/script>\n<!-- \/ Yoast SEO plugin. -->","yoast_head_json":{"title":"MVE Doble Series - MVE Biological Solutions","description":"O primeiro dewar de transporte criog\u00eanico a oferecer transporte de vapor e armazenamento de l\u00edquido. Se voc\u00ea estiver procurando por transporte criog\u00eanico para terapia gen\u00e9tica e celular, este dewar inovador lhe proporcionar\u00e1 um transporte criog\u00eanico seguro e protegido. O melhor de tudo \u00e9 que voc\u00ea n\u00e3o perder\u00e1 um momento do seu precioso tempo ao escolher a s\u00e9rie MVE Doble. Isso porque suas amostras cr\u00edticas podem estar prontas para serem enviadas em menos de duas horas.","robots":{"index":"index","follow":"follow","max-snippet":"max-snippet:-1","max-image-preview":"max-image-preview:large","max-video-preview":"max-video-preview:-1"},"canonical":"https:\/\/mvebio.com\/pt-br\/nossos-produtos\/ciencias-da-vida-aluminio\/serie-doble-mve\/","og_locale":"pt_BR","og_type":"article","og_title":"MVE Doble Series - MVE Biological Solutions","og_description":"O primeiro dewar de transporte criog\u00eanico a oferecer transporte de vapor e armazenamento de l\u00edquido. Se voc\u00ea estiver procurando por transporte criog\u00eanico para terapia gen\u00e9tica e celular, este dewar inovador lhe proporcionar\u00e1 um transporte criog\u00eanico seguro e protegido. O melhor de tudo \u00e9 que voc\u00ea n\u00e3o perder\u00e1 um momento do seu precioso tempo ao escolher a s\u00e9rie MVE Doble. Isso porque suas amostras cr\u00edticas podem estar prontas para serem enviadas em menos de duas horas.","og_url":"https:\/\/mvebio.com\/pt-br\/nossos-produtos\/ciencias-da-vida-aluminio\/serie-doble-mve\/","og_site_name":"MVE Biological Solutions","article_modified_time":"2026-02-18T15:46:17+00:00","og_image":[{"width":1200,"height":562,"url":"https:\/\/mvebio.com\/wp-content\/uploads\/sites\/4\/2023\/12\/Doble-Series-1.jpg","type":"image\/jpeg"}],"twitter_card":"summary_large_image","twitter_site":"@MveBioSolutions","twitter_misc":{"Est. tempo de leitura":"6 minutos"},"schema":{"@context":"https:\/\/schema.org","@graph":[{"@type":"WebPage","@id":"https:\/\/mvebio.com\/pt-br\/nossos-produtos\/ciencias-da-vida-aluminio\/serie-doble-mve\/","url":"https:\/\/mvebio.com\/pt-br\/nossos-produtos\/ciencias-da-vida-aluminio\/serie-doble-mve\/","name":"MVE Doble Series - MVE Biological Solutions","isPartOf":{"@id":"https:\/\/mvebio.com\/pt-br\/#website"},"primaryImageOfPage":{"@id":"https:\/\/mvebio.com\/pt-br\/nossos-produtos\/ciencias-da-vida-aluminio\/serie-doble-mve\/#primaryimage"},"image":{"@id":"https:\/\/mvebio.com\/pt-br\/nossos-produtos\/ciencias-da-vida-aluminio\/serie-doble-mve\/#primaryimage"},"thumbnailUrl":"https:\/\/mvebio.com\/wp-content\/uploads\/sites\/4\/2023\/12\/Doble-Series-1.jpg","datePublished":"2023-03-30T10:04:30+00:00","dateModified":"2026-02-18T15:46:17+00:00","description":"O primeiro dewar de transporte criog\u00eanico a oferecer transporte de vapor e armazenamento de l\u00edquido. Se voc\u00ea estiver procurando por transporte criog\u00eanico para terapia gen\u00e9tica e celular, este dewar inovador lhe proporcionar\u00e1 um transporte criog\u00eanico seguro e protegido. O melhor de tudo \u00e9 que voc\u00ea n\u00e3o perder\u00e1 um momento do seu precioso tempo ao escolher a s\u00e9rie MVE Doble. Isso porque suas amostras cr\u00edticas podem estar prontas para serem enviadas em menos de duas horas.","breadcrumb":{"@id":"https:\/\/mvebio.com\/pt-br\/nossos-produtos\/ciencias-da-vida-aluminio\/serie-doble-mve\/#breadcrumb"},"inLanguage":"pt-BR","potentialAction":[{"@type":"ReadAction","target":["https:\/\/mvebio.com\/pt-br\/nossos-produtos\/ciencias-da-vida-aluminio\/serie-doble-mve\/"]}]},{"@type":"ImageObject","inLanguage":"pt-BR","@id":"https:\/\/mvebio.com\/pt-br\/nossos-produtos\/ciencias-da-vida-aluminio\/serie-doble-mve\/#primaryimage","url":"https:\/\/mvebio.com\/wp-content\/uploads\/sites\/4\/2023\/12\/Doble-Series-1.jpg","contentUrl":"https:\/\/mvebio.com\/wp-content\/uploads\/sites\/4\/2023\/12\/Doble-Series-1.jpg","width":1200,"height":562,"caption":"S\u00e9rie Doble"},{"@type":"BreadcrumbList","@id":"https:\/\/mvebio.com\/pt-br\/nossos-produtos\/ciencias-da-vida-aluminio\/serie-doble-mve\/#breadcrumb","itemListElement":[{"@type":"ListItem","position":1,"name":"P\u00e1gina inicial","item":"https:\/\/mvebio.com\/pt-br\/homepage\/"},{"@type":"ListItem","position":2,"name":"Nossos produtos","item":"https:\/\/mvebio.com\/pt-br\/nossos-produtos\/"},{"@type":"ListItem","position":3,"name":"Ci\u00eancias da vida (alum\u00ednio)","item":"https:\/\/mvebio.com\/pt-br\/nossos-produtos\/ciencias-da-vida-aluminio\/"},{"@type":"ListItem","position":4,"name":"MVE Doble Series"}]},{"@type":"WebSite","@id":"https:\/\/mvebio.com\/pt-br\/#website","url":"https:\/\/mvebio.com\/pt-br\/","name":"MVE Biological Solutions","description":"Cryogenic freezers and dewars","publisher":{"@id":"https:\/\/mvebio.com\/pt-br\/#organization"},"alternateName":"MVE Bio","potentialAction":[{"@type":"SearchAction","target":{"@type":"EntryPoint","urlTemplate":"https:\/\/mvebio.com\/pt-br\/?s={search_term_string}"},"query-input":{"@type":"PropertyValueSpecification","valueRequired":true,"valueName":"search_term_string"}}],"inLanguage":"pt-BR"},{"@type":"Organization","@id":"https:\/\/mvebio.com\/pt-br\/#organization","name":"MVE Biological Solutions","alternateName":"MVE Bio","url":"https:\/\/mvebio.com\/pt-br\/","logo":{"@type":"ImageObject","inLanguage":"pt-BR","@id":"https:\/\/mvebio.com\/pt-br\/#\/schema\/logo\/image\/","url":"https:\/\/mvebio.com\/wp-content\/uploads\/sites\/4\/2023\/12\/mve-square.png","contentUrl":"https:\/\/mvebio.com\/wp-content\/uploads\/sites\/4\/2023\/12\/mve-square.png","width":1200,"height":1200,"caption":"MVE Biological Solutions"},"image":{"@id":"https:\/\/mvebio.com\/pt-br\/#\/schema\/logo\/image\/"},"sameAs":["https:\/\/x.com\/MveBioSolutions","https:\/\/www.linkedin.com\/company\/mvebio\/"]}]}},"_links":{"self":[{"href":"https:\/\/mvebio.com\/pt-br\/wp-json\/wp\/v2\/pages\/12688","targetHints":{"allow":["GET"]}}],"collection":[{"href":"https:\/\/mvebio.com\/pt-br\/wp-json\/wp\/v2\/pages"}],"about":[{"href":"https:\/\/mvebio.com\/pt-br\/wp-json\/wp\/v2\/types\/page"}],"author":[{"embeddable":true,"href":"https:\/\/mvebio.com\/pt-br\/wp-json\/wp\/v2\/users\/1"}],"replies":[{"embeddable":true,"href":"https:\/\/mvebio.com\/pt-br\/wp-json\/wp\/v2\/comments?post=12688"}],"version-history":[{"count":3,"href":"https:\/\/mvebio.com\/pt-br\/wp-json\/wp\/v2\/pages\/12688\/revisions"}],"predecessor-version":[{"id":14538,"href":"https:\/\/mvebio.com\/pt-br\/wp-json\/wp\/v2\/pages\/12688\/revisions\/14538"}],"up":[{"embeddable":true,"href":"https:\/\/mvebio.com\/pt-br\/wp-json\/wp\/v2\/pages\/12725"}],"wp:featuredmedia":[{"embeddable":true,"href":"https:\/\/mvebio.com\/pt-br\/wp-json\/wp\/v2\/media\/10608"}],"wp:attachment":[{"href":"https:\/\/mvebio.com\/pt-br\/wp-json\/wp\/v2\/media?parent=12688"}],"curies":[{"name":"wp","href":"https:\/\/api.w.org\/{rel}","templated":true}]}}