{"id":12683,"date":"2023-03-30T11:04:11","date_gmt":"2023-03-30T10:04:11","guid":{"rendered":"https:\/\/mvebio.com\/mve-blood-bag-shippers\/"},"modified":"2026-02-18T10:45:45","modified_gmt":"2026-02-18T15:45:45","slug":"mve-blood-bag-shippers","status":"publish","type":"page","link":"https:\/\/mvebio.com\/pt-br\/nossos-produtos\/ciencias-da-vida-aluminio\/mve-blood-bag-shippers\/","title":{"rendered":"Transportadores de bolsas de sangue MVE"},"content":{"rendered":"","protected":false},"excerpt":{"rendered":"<p>Transporte criog\u00eanico seguro e protegido<\/p>\n","protected":false},"author":1,"featured_media":10600,"parent":12725,"menu_order":0,"comment_status":"closed","ping_status":"closed","template":"","meta":{"_acf_changed":false,"footnotes":""},"class_list":["post-12683","page","type-page","status-publish","has-post-thumbnail","hentry"],"acf":[],"yoast_head":"<!-- This site is optimized with the Yoast SEO plugin v27.2 - https:\/\/yoast.com\/product\/yoast-seo-wordpress\/ -->\n<title>Transportadores de bolsas de sangue MVE - MVE Biological Solutions<\/title>\n<meta name=\"description\" content=\"Nosso Cryoshipper e nosso Cryoshipper XC t\u00eam capacidade para (10) bolsas de sangue de 250 ml. Ambos os modelos permitem que voc\u00ea envie em vapor de nitrog\u00eanio a temperaturas criog\u00eanicas. O Cryoshipper tem um tempo de reten\u00e7\u00e3o de 10 dias, enquanto o tempo de reten\u00e7\u00e3o est\u00e1tico do Cryoshipper XC \u00e9 de impressionantes 14 dias.\" \/>\n<meta name=\"robots\" content=\"index, follow, max-snippet:-1, max-image-preview:large, max-video-preview:-1\" \/>\n<link rel=\"canonical\" href=\"https:\/\/mvebio.com\/pt-br\/nossos-produtos\/ciencias-da-vida-aluminio\/mve-blood-bag-shippers\/\" \/>\n<meta property=\"og:locale\" content=\"pt_BR\" \/>\n<meta property=\"og:type\" content=\"article\" \/>\n<meta property=\"og:title\" content=\"Transportadores de bolsas de sangue MVE - MVE Biological Solutions\" \/>\n<meta property=\"og:description\" content=\"Nosso Cryoshipper e nosso Cryoshipper XC t\u00eam capacidade para (10) bolsas de sangue de 250 ml. Ambos os modelos permitem que voc\u00ea envie em vapor de nitrog\u00eanio a temperaturas criog\u00eanicas. O Cryoshipper tem um tempo de reten\u00e7\u00e3o de 10 dias, enquanto o tempo de reten\u00e7\u00e3o est\u00e1tico do Cryoshipper XC \u00e9 de impressionantes 14 dias.\" \/>\n<meta property=\"og:url\" content=\"https:\/\/mvebio.com\/pt-br\/nossos-produtos\/ciencias-da-vida-aluminio\/mve-blood-bag-shippers\/\" \/>\n<meta property=\"og:site_name\" content=\"MVE Biological Solutions\" \/>\n<meta property=\"article:modified_time\" content=\"2026-02-18T15:45:45+00:00\" \/>\n<meta property=\"og:image\" content=\"https:\/\/mvebio.com\/wp-content\/uploads\/sites\/4\/2023\/12\/CryoShipper-2000-1.jpg\" \/>\n\t<meta property=\"og:image:width\" content=\"1200\" \/>\n\t<meta property=\"og:image:height\" content=\"563\" \/>\n\t<meta property=\"og:image:type\" content=\"image\/jpeg\" \/>\n<meta name=\"twitter:card\" content=\"summary_large_image\" \/>\n<meta name=\"twitter:site\" content=\"@MveBioSolutions\" \/>\n<meta name=\"twitter:label1\" content=\"Est. tempo de leitura\" \/>\n\t<meta name=\"twitter:data1\" content=\"4 minutos\" \/>\n<script type=\"application\/ld+json\" class=\"yoast-schema-graph\">{\"@context\":\"https:\/\/schema.org\",\"@graph\":[{\"@type\":\"WebPage\",\"@id\":\"https:\/\/mvebio.com\/pt-br\/nossos-produtos\/ciencias-da-vida-aluminio\/mve-blood-bag-shippers\/\",\"url\":\"https:\/\/mvebio.com\/pt-br\/nossos-produtos\/ciencias-da-vida-aluminio\/mve-blood-bag-shippers\/\",\"name\":\"Transportadores de bolsas de sangue MVE - MVE Biological Solutions\",\"isPartOf\":{\"@id\":\"https:\/\/mvebio.com\/pt-br\/#website\"},\"primaryImageOfPage\":{\"@id\":\"https:\/\/mvebio.com\/pt-br\/nossos-produtos\/ciencias-da-vida-aluminio\/mve-blood-bag-shippers\/#primaryimage\"},\"image\":{\"@id\":\"https:\/\/mvebio.com\/pt-br\/nossos-produtos\/ciencias-da-vida-aluminio\/mve-blood-bag-shippers\/#primaryimage\"},\"thumbnailUrl\":\"https:\/\/mvebio.com\/wp-content\/uploads\/sites\/4\/2023\/12\/CryoShipper-2000-1.jpg\",\"datePublished\":\"2023-03-30T10:04:11+00:00\",\"dateModified\":\"2026-02-18T15:45:45+00:00\",\"description\":\"Nosso Cryoshipper e nosso Cryoshipper XC t\u00eam capacidade para (10) bolsas de sangue de 250 ml. Ambos os modelos permitem que voc\u00ea envie em vapor de nitrog\u00eanio a temperaturas criog\u00eanicas. O Cryoshipper tem um tempo de reten\u00e7\u00e3o de 10 dias, enquanto o tempo de reten\u00e7\u00e3o est\u00e1tico do Cryoshipper XC \u00e9 de impressionantes 14 dias.\",\"breadcrumb\":{\"@id\":\"https:\/\/mvebio.com\/pt-br\/nossos-produtos\/ciencias-da-vida-aluminio\/mve-blood-bag-shippers\/#breadcrumb\"},\"inLanguage\":\"pt-BR\",\"potentialAction\":[{\"@type\":\"ReadAction\",\"target\":[\"https:\/\/mvebio.com\/pt-br\/nossos-produtos\/ciencias-da-vida-aluminio\/mve-blood-bag-shippers\/\"]}]},{\"@type\":\"ImageObject\",\"inLanguage\":\"pt-BR\",\"@id\":\"https:\/\/mvebio.com\/pt-br\/nossos-produtos\/ciencias-da-vida-aluminio\/mve-blood-bag-shippers\/#primaryimage\",\"url\":\"https:\/\/mvebio.com\/wp-content\/uploads\/sites\/4\/2023\/12\/CryoShipper-2000-1.jpg\",\"contentUrl\":\"https:\/\/mvebio.com\/wp-content\/uploads\/sites\/4\/2023\/12\/CryoShipper-2000-1.jpg\",\"width\":1200,\"height\":563,\"caption\":\"CryoShipper 2000\"},{\"@type\":\"BreadcrumbList\",\"@id\":\"https:\/\/mvebio.com\/pt-br\/nossos-produtos\/ciencias-da-vida-aluminio\/mve-blood-bag-shippers\/#breadcrumb\",\"itemListElement\":[{\"@type\":\"ListItem\",\"position\":1,\"name\":\"P\u00e1gina inicial\",\"item\":\"https:\/\/mvebio.com\/pt-br\/homepage\/\"},{\"@type\":\"ListItem\",\"position\":2,\"name\":\"Nossos produtos\",\"item\":\"https:\/\/mvebio.com\/pt-br\/nossos-produtos\/\"},{\"@type\":\"ListItem\",\"position\":3,\"name\":\"Ci\u00eancias da vida (alum\u00ednio)\",\"item\":\"https:\/\/mvebio.com\/pt-br\/nossos-produtos\/ciencias-da-vida-aluminio\/\"},{\"@type\":\"ListItem\",\"position\":4,\"name\":\"Transportadores de bolsas de sangue MVE\"}]},{\"@type\":\"WebSite\",\"@id\":\"https:\/\/mvebio.com\/pt-br\/#website\",\"url\":\"https:\/\/mvebio.com\/pt-br\/\",\"name\":\"MVE Biological Solutions\",\"description\":\"Cryogenic freezers and dewars\",\"publisher\":{\"@id\":\"https:\/\/mvebio.com\/pt-br\/#organization\"},\"alternateName\":\"MVE Bio\",\"potentialAction\":[{\"@type\":\"SearchAction\",\"target\":{\"@type\":\"EntryPoint\",\"urlTemplate\":\"https:\/\/mvebio.com\/pt-br\/?s={search_term_string}\"},\"query-input\":{\"@type\":\"PropertyValueSpecification\",\"valueRequired\":true,\"valueName\":\"search_term_string\"}}],\"inLanguage\":\"pt-BR\"},{\"@type\":\"Organization\",\"@id\":\"https:\/\/mvebio.com\/pt-br\/#organization\",\"name\":\"MVE Biological Solutions\",\"alternateName\":\"MVE Bio\",\"url\":\"https:\/\/mvebio.com\/pt-br\/\",\"logo\":{\"@type\":\"ImageObject\",\"inLanguage\":\"pt-BR\",\"@id\":\"https:\/\/mvebio.com\/pt-br\/#\/schema\/logo\/image\/\",\"url\":\"https:\/\/mvebio.com\/wp-content\/uploads\/sites\/4\/2023\/12\/mve-square.png\",\"contentUrl\":\"https:\/\/mvebio.com\/wp-content\/uploads\/sites\/4\/2023\/12\/mve-square.png\",\"width\":1200,\"height\":1200,\"caption\":\"MVE Biological Solutions\"},\"image\":{\"@id\":\"https:\/\/mvebio.com\/pt-br\/#\/schema\/logo\/image\/\"},\"sameAs\":[\"https:\/\/x.com\/MveBioSolutions\",\"https:\/\/www.linkedin.com\/company\/mvebio\/\"]}]}<\/script>\n<!-- \/ Yoast SEO plugin. -->","yoast_head_json":{"title":"Transportadores de bolsas de sangue MVE - MVE Biological Solutions","description":"Nosso Cryoshipper e nosso Cryoshipper XC t\u00eam capacidade para (10) bolsas de sangue de 250 ml. Ambos os modelos permitem que voc\u00ea envie em vapor de nitrog\u00eanio a temperaturas criog\u00eanicas. O Cryoshipper tem um tempo de reten\u00e7\u00e3o de 10 dias, enquanto o tempo de reten\u00e7\u00e3o est\u00e1tico do Cryoshipper XC \u00e9 de impressionantes 14 dias.","robots":{"index":"index","follow":"follow","max-snippet":"max-snippet:-1","max-image-preview":"max-image-preview:large","max-video-preview":"max-video-preview:-1"},"canonical":"https:\/\/mvebio.com\/pt-br\/nossos-produtos\/ciencias-da-vida-aluminio\/mve-blood-bag-shippers\/","og_locale":"pt_BR","og_type":"article","og_title":"Transportadores de bolsas de sangue MVE - MVE Biological Solutions","og_description":"Nosso Cryoshipper e nosso Cryoshipper XC t\u00eam capacidade para (10) bolsas de sangue de 250 ml. Ambos os modelos permitem que voc\u00ea envie em vapor de nitrog\u00eanio a temperaturas criog\u00eanicas. O Cryoshipper tem um tempo de reten\u00e7\u00e3o de 10 dias, enquanto o tempo de reten\u00e7\u00e3o est\u00e1tico do Cryoshipper XC \u00e9 de impressionantes 14 dias.","og_url":"https:\/\/mvebio.com\/pt-br\/nossos-produtos\/ciencias-da-vida-aluminio\/mve-blood-bag-shippers\/","og_site_name":"MVE Biological Solutions","article_modified_time":"2026-02-18T15:45:45+00:00","og_image":[{"width":1200,"height":563,"url":"https:\/\/mvebio.com\/wp-content\/uploads\/sites\/4\/2023\/12\/CryoShipper-2000-1.jpg","type":"image\/jpeg"}],"twitter_card":"summary_large_image","twitter_site":"@MveBioSolutions","twitter_misc":{"Est. tempo de leitura":"4 minutos"},"schema":{"@context":"https:\/\/schema.org","@graph":[{"@type":"WebPage","@id":"https:\/\/mvebio.com\/pt-br\/nossos-produtos\/ciencias-da-vida-aluminio\/mve-blood-bag-shippers\/","url":"https:\/\/mvebio.com\/pt-br\/nossos-produtos\/ciencias-da-vida-aluminio\/mve-blood-bag-shippers\/","name":"Transportadores de bolsas de sangue MVE - MVE Biological Solutions","isPartOf":{"@id":"https:\/\/mvebio.com\/pt-br\/#website"},"primaryImageOfPage":{"@id":"https:\/\/mvebio.com\/pt-br\/nossos-produtos\/ciencias-da-vida-aluminio\/mve-blood-bag-shippers\/#primaryimage"},"image":{"@id":"https:\/\/mvebio.com\/pt-br\/nossos-produtos\/ciencias-da-vida-aluminio\/mve-blood-bag-shippers\/#primaryimage"},"thumbnailUrl":"https:\/\/mvebio.com\/wp-content\/uploads\/sites\/4\/2023\/12\/CryoShipper-2000-1.jpg","datePublished":"2023-03-30T10:04:11+00:00","dateModified":"2026-02-18T15:45:45+00:00","description":"Nosso Cryoshipper e nosso Cryoshipper XC t\u00eam capacidade para (10) bolsas de sangue de 250 ml. Ambos os modelos permitem que voc\u00ea envie em vapor de nitrog\u00eanio a temperaturas criog\u00eanicas. O Cryoshipper tem um tempo de reten\u00e7\u00e3o de 10 dias, enquanto o tempo de reten\u00e7\u00e3o est\u00e1tico do Cryoshipper XC \u00e9 de impressionantes 14 dias.","breadcrumb":{"@id":"https:\/\/mvebio.com\/pt-br\/nossos-produtos\/ciencias-da-vida-aluminio\/mve-blood-bag-shippers\/#breadcrumb"},"inLanguage":"pt-BR","potentialAction":[{"@type":"ReadAction","target":["https:\/\/mvebio.com\/pt-br\/nossos-produtos\/ciencias-da-vida-aluminio\/mve-blood-bag-shippers\/"]}]},{"@type":"ImageObject","inLanguage":"pt-BR","@id":"https:\/\/mvebio.com\/pt-br\/nossos-produtos\/ciencias-da-vida-aluminio\/mve-blood-bag-shippers\/#primaryimage","url":"https:\/\/mvebio.com\/wp-content\/uploads\/sites\/4\/2023\/12\/CryoShipper-2000-1.jpg","contentUrl":"https:\/\/mvebio.com\/wp-content\/uploads\/sites\/4\/2023\/12\/CryoShipper-2000-1.jpg","width":1200,"height":563,"caption":"CryoShipper 2000"},{"@type":"BreadcrumbList","@id":"https:\/\/mvebio.com\/pt-br\/nossos-produtos\/ciencias-da-vida-aluminio\/mve-blood-bag-shippers\/#breadcrumb","itemListElement":[{"@type":"ListItem","position":1,"name":"P\u00e1gina inicial","item":"https:\/\/mvebio.com\/pt-br\/homepage\/"},{"@type":"ListItem","position":2,"name":"Nossos produtos","item":"https:\/\/mvebio.com\/pt-br\/nossos-produtos\/"},{"@type":"ListItem","position":3,"name":"Ci\u00eancias da vida (alum\u00ednio)","item":"https:\/\/mvebio.com\/pt-br\/nossos-produtos\/ciencias-da-vida-aluminio\/"},{"@type":"ListItem","position":4,"name":"Transportadores de bolsas de sangue MVE"}]},{"@type":"WebSite","@id":"https:\/\/mvebio.com\/pt-br\/#website","url":"https:\/\/mvebio.com\/pt-br\/","name":"MVE Biological Solutions","description":"Cryogenic freezers and dewars","publisher":{"@id":"https:\/\/mvebio.com\/pt-br\/#organization"},"alternateName":"MVE Bio","potentialAction":[{"@type":"SearchAction","target":{"@type":"EntryPoint","urlTemplate":"https:\/\/mvebio.com\/pt-br\/?s={search_term_string}"},"query-input":{"@type":"PropertyValueSpecification","valueRequired":true,"valueName":"search_term_string"}}],"inLanguage":"pt-BR"},{"@type":"Organization","@id":"https:\/\/mvebio.com\/pt-br\/#organization","name":"MVE Biological Solutions","alternateName":"MVE Bio","url":"https:\/\/mvebio.com\/pt-br\/","logo":{"@type":"ImageObject","inLanguage":"pt-BR","@id":"https:\/\/mvebio.com\/pt-br\/#\/schema\/logo\/image\/","url":"https:\/\/mvebio.com\/wp-content\/uploads\/sites\/4\/2023\/12\/mve-square.png","contentUrl":"https:\/\/mvebio.com\/wp-content\/uploads\/sites\/4\/2023\/12\/mve-square.png","width":1200,"height":1200,"caption":"MVE Biological Solutions"},"image":{"@id":"https:\/\/mvebio.com\/pt-br\/#\/schema\/logo\/image\/"},"sameAs":["https:\/\/x.com\/MveBioSolutions","https:\/\/www.linkedin.com\/company\/mvebio\/"]}]}},"_links":{"self":[{"href":"https:\/\/mvebio.com\/pt-br\/wp-json\/wp\/v2\/pages\/12683","targetHints":{"allow":["GET"]}}],"collection":[{"href":"https:\/\/mvebio.com\/pt-br\/wp-json\/wp\/v2\/pages"}],"about":[{"href":"https:\/\/mvebio.com\/pt-br\/wp-json\/wp\/v2\/types\/page"}],"author":[{"embeddable":true,"href":"https:\/\/mvebio.com\/pt-br\/wp-json\/wp\/v2\/users\/1"}],"replies":[{"embeddable":true,"href":"https:\/\/mvebio.com\/pt-br\/wp-json\/wp\/v2\/comments?post=12683"}],"version-history":[{"count":3,"href":"https:\/\/mvebio.com\/pt-br\/wp-json\/wp\/v2\/pages\/12683\/revisions"}],"predecessor-version":[{"id":14535,"href":"https:\/\/mvebio.com\/pt-br\/wp-json\/wp\/v2\/pages\/12683\/revisions\/14535"}],"up":[{"embeddable":true,"href":"https:\/\/mvebio.com\/pt-br\/wp-json\/wp\/v2\/pages\/12725"}],"wp:featuredmedia":[{"embeddable":true,"href":"https:\/\/mvebio.com\/pt-br\/wp-json\/wp\/v2\/media\/10600"}],"wp:attachment":[{"href":"https:\/\/mvebio.com\/pt-br\/wp-json\/wp\/v2\/media?parent=12683"}],"curies":[{"name":"wp","href":"https:\/\/api.w.org\/{rel}","templated":true}]}}