{"id":12670,"date":"2023-03-30T10:49:14","date_gmt":"2023-03-30T09:49:14","guid":{"rendered":"https:\/\/mvebio.com\/ciencias-da-vida-freezers\/mve-cryocart\/"},"modified":"2026-02-18T11:16:56","modified_gmt":"2026-02-18T16:16:56","slug":"mve-cryocart","status":"publish","type":"page","link":"https:\/\/mvebio.com\/pt-br\/nossos-produtos\/ciencias-da-vida-freezers\/mve-cryocart\/","title":{"rendered":"MVE CryoCart"},"content":{"rendered":"","protected":false},"excerpt":{"rendered":"<p>Trabalhe e transporte com efici\u00eancia amostras biol\u00f3gicas cr\u00edticas<\/p>\n","protected":false},"author":1,"featured_media":10541,"parent":12650,"menu_order":0,"comment_status":"closed","ping_status":"closed","template":"","meta":{"_acf_changed":false,"footnotes":""},"class_list":["post-12670","page","type-page","status-publish","has-post-thumbnail","hentry"],"acf":[],"yoast_head":"<!-- This site is optimized with the Yoast SEO plugin v27.2 - https:\/\/yoast.com\/product\/yoast-seo-wordpress\/ -->\n<title>MVE CryoCart - MVE Biological Solutions<\/title>\n<meta name=\"description\" content=\"Carregue e transporte suas amostras criog\u00eanicas com confian\u00e7a. Voc\u00ea trabalha em um biorreposit\u00f3rio, fazenda de congelamento ou instala\u00e7\u00e3o de biobanco? E voc\u00ea precisa transportar grandes quantidades de amostras criog\u00eanicas usando uma bancada criog\u00eanica port\u00e1til - de um tanque para outro - sem comprometer sua viabilidade? Se for o caso, o MVE CryoCart pode ser exatamente o que voc\u00ea precisa. Esse equipamento inovador tem sido o padr\u00e3o na minimiza\u00e7\u00e3o de eventos de tempo fora do ambiente para produtos celulares por mais de uma d\u00e9cada.\" \/>\n<meta name=\"robots\" content=\"index, follow, max-snippet:-1, max-image-preview:large, max-video-preview:-1\" \/>\n<link rel=\"canonical\" href=\"https:\/\/mvebio.com\/pt-br\/nossos-produtos\/ciencias-da-vida-freezers\/mve-cryocart\/\" \/>\n<meta property=\"og:locale\" content=\"pt_BR\" \/>\n<meta property=\"og:type\" content=\"article\" \/>\n<meta property=\"og:title\" content=\"MVE CryoCart - MVE Biological Solutions\" \/>\n<meta property=\"og:description\" content=\"Carregue e transporte suas amostras criog\u00eanicas com confian\u00e7a. Voc\u00ea trabalha em um biorreposit\u00f3rio, fazenda de congelamento ou instala\u00e7\u00e3o de biobanco? E voc\u00ea precisa transportar grandes quantidades de amostras criog\u00eanicas usando uma bancada criog\u00eanica port\u00e1til - de um tanque para outro - sem comprometer sua viabilidade? Se for o caso, o MVE CryoCart pode ser exatamente o que voc\u00ea precisa. Esse equipamento inovador tem sido o padr\u00e3o na minimiza\u00e7\u00e3o de eventos de tempo fora do ambiente para produtos celulares por mais de uma d\u00e9cada.\" \/>\n<meta property=\"og:url\" content=\"https:\/\/mvebio.com\/pt-br\/nossos-produtos\/ciencias-da-vida-freezers\/mve-cryocart\/\" \/>\n<meta property=\"og:site_name\" content=\"MVE Biological Solutions\" \/>\n<meta property=\"article:modified_time\" content=\"2026-02-18T16:16:56+00:00\" \/>\n<meta property=\"og:image\" content=\"https:\/\/mvebio.com\/wp-content\/uploads\/sites\/4\/2023\/12\/Cryo-Cart-1.jpg\" \/>\n\t<meta property=\"og:image:width\" content=\"1200\" \/>\n\t<meta property=\"og:image:height\" content=\"563\" \/>\n\t<meta property=\"og:image:type\" content=\"image\/jpeg\" \/>\n<meta name=\"twitter:card\" content=\"summary_large_image\" \/>\n<meta name=\"twitter:site\" content=\"@MveBioSolutions\" \/>\n<script type=\"application\/ld+json\" class=\"yoast-schema-graph\">{\"@context\":\"https:\/\/schema.org\",\"@graph\":[{\"@type\":\"WebPage\",\"@id\":\"https:\/\/mvebio.com\/pt-br\/nossos-produtos\/ciencias-da-vida-freezers\/mve-cryocart\/\",\"url\":\"https:\/\/mvebio.com\/pt-br\/nossos-produtos\/ciencias-da-vida-freezers\/mve-cryocart\/\",\"name\":\"MVE CryoCart - MVE Biological Solutions\",\"isPartOf\":{\"@id\":\"https:\/\/mvebio.com\/pt-br\/#website\"},\"primaryImageOfPage\":{\"@id\":\"https:\/\/mvebio.com\/pt-br\/nossos-produtos\/ciencias-da-vida-freezers\/mve-cryocart\/#primaryimage\"},\"image\":{\"@id\":\"https:\/\/mvebio.com\/pt-br\/nossos-produtos\/ciencias-da-vida-freezers\/mve-cryocart\/#primaryimage\"},\"thumbnailUrl\":\"https:\/\/mvebio.com\/wp-content\/uploads\/sites\/4\/2023\/12\/Cryo-Cart-1.jpg\",\"datePublished\":\"2023-03-30T09:49:14+00:00\",\"dateModified\":\"2026-02-18T16:16:56+00:00\",\"description\":\"Carregue e transporte suas amostras criog\u00eanicas com confian\u00e7a. Voc\u00ea trabalha em um biorreposit\u00f3rio, fazenda de congelamento ou instala\u00e7\u00e3o de biobanco? E voc\u00ea precisa transportar grandes quantidades de amostras criog\u00eanicas usando uma bancada criog\u00eanica port\u00e1til - de um tanque para outro - sem comprometer sua viabilidade? Se for o caso, o MVE CryoCart pode ser exatamente o que voc\u00ea precisa. Esse equipamento inovador tem sido o padr\u00e3o na minimiza\u00e7\u00e3o de eventos de tempo fora do ambiente para produtos celulares por mais de uma d\u00e9cada.\",\"breadcrumb\":{\"@id\":\"https:\/\/mvebio.com\/pt-br\/nossos-produtos\/ciencias-da-vida-freezers\/mve-cryocart\/#breadcrumb\"},\"inLanguage\":\"pt-BR\",\"potentialAction\":[{\"@type\":\"ReadAction\",\"target\":[\"https:\/\/mvebio.com\/pt-br\/nossos-produtos\/ciencias-da-vida-freezers\/mve-cryocart\/\"]}]},{\"@type\":\"ImageObject\",\"inLanguage\":\"pt-BR\",\"@id\":\"https:\/\/mvebio.com\/pt-br\/nossos-produtos\/ciencias-da-vida-freezers\/mve-cryocart\/#primaryimage\",\"url\":\"https:\/\/mvebio.com\/wp-content\/uploads\/sites\/4\/2023\/12\/Cryo-Cart-1.jpg\",\"contentUrl\":\"https:\/\/mvebio.com\/wp-content\/uploads\/sites\/4\/2023\/12\/Cryo-Cart-1.jpg\",\"width\":1200,\"height\":563,\"caption\":\"CryoCart\"},{\"@type\":\"BreadcrumbList\",\"@id\":\"https:\/\/mvebio.com\/pt-br\/nossos-produtos\/ciencias-da-vida-freezers\/mve-cryocart\/#breadcrumb\",\"itemListElement\":[{\"@type\":\"ListItem\",\"position\":1,\"name\":\"P\u00e1gina inicial\",\"item\":\"https:\/\/mvebio.com\/pt-br\/homepage\/\"},{\"@type\":\"ListItem\",\"position\":2,\"name\":\"Nossos produtos\",\"item\":\"https:\/\/mvebio.com\/pt-br\/nossos-produtos\/\"},{\"@type\":\"ListItem\",\"position\":3,\"name\":\"Ci\u00eancias da vida (freezers)\",\"item\":\"https:\/\/mvebio.com\/pt-br\/nossos-produtos\/ciencias-da-vida-freezers\/\"},{\"@type\":\"ListItem\",\"position\":4,\"name\":\"MVE CryoCart\"}]},{\"@type\":\"WebSite\",\"@id\":\"https:\/\/mvebio.com\/pt-br\/#website\",\"url\":\"https:\/\/mvebio.com\/pt-br\/\",\"name\":\"MVE Biological Solutions\",\"description\":\"Cryogenic freezers and dewars\",\"publisher\":{\"@id\":\"https:\/\/mvebio.com\/pt-br\/#organization\"},\"alternateName\":\"MVE Bio\",\"potentialAction\":[{\"@type\":\"SearchAction\",\"target\":{\"@type\":\"EntryPoint\",\"urlTemplate\":\"https:\/\/mvebio.com\/pt-br\/?s={search_term_string}\"},\"query-input\":{\"@type\":\"PropertyValueSpecification\",\"valueRequired\":true,\"valueName\":\"search_term_string\"}}],\"inLanguage\":\"pt-BR\"},{\"@type\":\"Organization\",\"@id\":\"https:\/\/mvebio.com\/pt-br\/#organization\",\"name\":\"MVE Biological Solutions\",\"alternateName\":\"MVE Bio\",\"url\":\"https:\/\/mvebio.com\/pt-br\/\",\"logo\":{\"@type\":\"ImageObject\",\"inLanguage\":\"pt-BR\",\"@id\":\"https:\/\/mvebio.com\/pt-br\/#\/schema\/logo\/image\/\",\"url\":\"https:\/\/mvebio.com\/wp-content\/uploads\/sites\/4\/2023\/12\/mve-square.png\",\"contentUrl\":\"https:\/\/mvebio.com\/wp-content\/uploads\/sites\/4\/2023\/12\/mve-square.png\",\"width\":1200,\"height\":1200,\"caption\":\"MVE Biological Solutions\"},\"image\":{\"@id\":\"https:\/\/mvebio.com\/pt-br\/#\/schema\/logo\/image\/\"},\"sameAs\":[\"https:\/\/x.com\/MveBioSolutions\",\"https:\/\/www.linkedin.com\/company\/mvebio\/\"]}]}<\/script>\n<!-- \/ Yoast SEO plugin. -->","yoast_head_json":{"title":"MVE CryoCart - MVE Biological Solutions","description":"Carregue e transporte suas amostras criog\u00eanicas com confian\u00e7a. Voc\u00ea trabalha em um biorreposit\u00f3rio, fazenda de congelamento ou instala\u00e7\u00e3o de biobanco? E voc\u00ea precisa transportar grandes quantidades de amostras criog\u00eanicas usando uma bancada criog\u00eanica port\u00e1til - de um tanque para outro - sem comprometer sua viabilidade? Se for o caso, o MVE CryoCart pode ser exatamente o que voc\u00ea precisa. Esse equipamento inovador tem sido o padr\u00e3o na minimiza\u00e7\u00e3o de eventos de tempo fora do ambiente para produtos celulares por mais de uma d\u00e9cada.","robots":{"index":"index","follow":"follow","max-snippet":"max-snippet:-1","max-image-preview":"max-image-preview:large","max-video-preview":"max-video-preview:-1"},"canonical":"https:\/\/mvebio.com\/pt-br\/nossos-produtos\/ciencias-da-vida-freezers\/mve-cryocart\/","og_locale":"pt_BR","og_type":"article","og_title":"MVE CryoCart - MVE Biological Solutions","og_description":"Carregue e transporte suas amostras criog\u00eanicas com confian\u00e7a. Voc\u00ea trabalha em um biorreposit\u00f3rio, fazenda de congelamento ou instala\u00e7\u00e3o de biobanco? E voc\u00ea precisa transportar grandes quantidades de amostras criog\u00eanicas usando uma bancada criog\u00eanica port\u00e1til - de um tanque para outro - sem comprometer sua viabilidade? Se for o caso, o MVE CryoCart pode ser exatamente o que voc\u00ea precisa. Esse equipamento inovador tem sido o padr\u00e3o na minimiza\u00e7\u00e3o de eventos de tempo fora do ambiente para produtos celulares por mais de uma d\u00e9cada.","og_url":"https:\/\/mvebio.com\/pt-br\/nossos-produtos\/ciencias-da-vida-freezers\/mve-cryocart\/","og_site_name":"MVE Biological Solutions","article_modified_time":"2026-02-18T16:16:56+00:00","og_image":[{"width":1200,"height":563,"url":"https:\/\/mvebio.com\/wp-content\/uploads\/sites\/4\/2023\/12\/Cryo-Cart-1.jpg","type":"image\/jpeg"}],"twitter_card":"summary_large_image","twitter_site":"@MveBioSolutions","schema":{"@context":"https:\/\/schema.org","@graph":[{"@type":"WebPage","@id":"https:\/\/mvebio.com\/pt-br\/nossos-produtos\/ciencias-da-vida-freezers\/mve-cryocart\/","url":"https:\/\/mvebio.com\/pt-br\/nossos-produtos\/ciencias-da-vida-freezers\/mve-cryocart\/","name":"MVE CryoCart - MVE Biological Solutions","isPartOf":{"@id":"https:\/\/mvebio.com\/pt-br\/#website"},"primaryImageOfPage":{"@id":"https:\/\/mvebio.com\/pt-br\/nossos-produtos\/ciencias-da-vida-freezers\/mve-cryocart\/#primaryimage"},"image":{"@id":"https:\/\/mvebio.com\/pt-br\/nossos-produtos\/ciencias-da-vida-freezers\/mve-cryocart\/#primaryimage"},"thumbnailUrl":"https:\/\/mvebio.com\/wp-content\/uploads\/sites\/4\/2023\/12\/Cryo-Cart-1.jpg","datePublished":"2023-03-30T09:49:14+00:00","dateModified":"2026-02-18T16:16:56+00:00","description":"Carregue e transporte suas amostras criog\u00eanicas com confian\u00e7a. Voc\u00ea trabalha em um biorreposit\u00f3rio, fazenda de congelamento ou instala\u00e7\u00e3o de biobanco? E voc\u00ea precisa transportar grandes quantidades de amostras criog\u00eanicas usando uma bancada criog\u00eanica port\u00e1til - de um tanque para outro - sem comprometer sua viabilidade? Se for o caso, o MVE CryoCart pode ser exatamente o que voc\u00ea precisa. Esse equipamento inovador tem sido o padr\u00e3o na minimiza\u00e7\u00e3o de eventos de tempo fora do ambiente para produtos celulares por mais de uma d\u00e9cada.","breadcrumb":{"@id":"https:\/\/mvebio.com\/pt-br\/nossos-produtos\/ciencias-da-vida-freezers\/mve-cryocart\/#breadcrumb"},"inLanguage":"pt-BR","potentialAction":[{"@type":"ReadAction","target":["https:\/\/mvebio.com\/pt-br\/nossos-produtos\/ciencias-da-vida-freezers\/mve-cryocart\/"]}]},{"@type":"ImageObject","inLanguage":"pt-BR","@id":"https:\/\/mvebio.com\/pt-br\/nossos-produtos\/ciencias-da-vida-freezers\/mve-cryocart\/#primaryimage","url":"https:\/\/mvebio.com\/wp-content\/uploads\/sites\/4\/2023\/12\/Cryo-Cart-1.jpg","contentUrl":"https:\/\/mvebio.com\/wp-content\/uploads\/sites\/4\/2023\/12\/Cryo-Cart-1.jpg","width":1200,"height":563,"caption":"CryoCart"},{"@type":"BreadcrumbList","@id":"https:\/\/mvebio.com\/pt-br\/nossos-produtos\/ciencias-da-vida-freezers\/mve-cryocart\/#breadcrumb","itemListElement":[{"@type":"ListItem","position":1,"name":"P\u00e1gina inicial","item":"https:\/\/mvebio.com\/pt-br\/homepage\/"},{"@type":"ListItem","position":2,"name":"Nossos produtos","item":"https:\/\/mvebio.com\/pt-br\/nossos-produtos\/"},{"@type":"ListItem","position":3,"name":"Ci\u00eancias da vida (freezers)","item":"https:\/\/mvebio.com\/pt-br\/nossos-produtos\/ciencias-da-vida-freezers\/"},{"@type":"ListItem","position":4,"name":"MVE CryoCart"}]},{"@type":"WebSite","@id":"https:\/\/mvebio.com\/pt-br\/#website","url":"https:\/\/mvebio.com\/pt-br\/","name":"MVE Biological Solutions","description":"Cryogenic freezers and dewars","publisher":{"@id":"https:\/\/mvebio.com\/pt-br\/#organization"},"alternateName":"MVE Bio","potentialAction":[{"@type":"SearchAction","target":{"@type":"EntryPoint","urlTemplate":"https:\/\/mvebio.com\/pt-br\/?s={search_term_string}"},"query-input":{"@type":"PropertyValueSpecification","valueRequired":true,"valueName":"search_term_string"}}],"inLanguage":"pt-BR"},{"@type":"Organization","@id":"https:\/\/mvebio.com\/pt-br\/#organization","name":"MVE Biological Solutions","alternateName":"MVE Bio","url":"https:\/\/mvebio.com\/pt-br\/","logo":{"@type":"ImageObject","inLanguage":"pt-BR","@id":"https:\/\/mvebio.com\/pt-br\/#\/schema\/logo\/image\/","url":"https:\/\/mvebio.com\/wp-content\/uploads\/sites\/4\/2023\/12\/mve-square.png","contentUrl":"https:\/\/mvebio.com\/wp-content\/uploads\/sites\/4\/2023\/12\/mve-square.png","width":1200,"height":1200,"caption":"MVE Biological Solutions"},"image":{"@id":"https:\/\/mvebio.com\/pt-br\/#\/schema\/logo\/image\/"},"sameAs":["https:\/\/x.com\/MveBioSolutions","https:\/\/www.linkedin.com\/company\/mvebio\/"]}]}},"_links":{"self":[{"href":"https:\/\/mvebio.com\/pt-br\/wp-json\/wp\/v2\/pages\/12670","targetHints":{"allow":["GET"]}}],"collection":[{"href":"https:\/\/mvebio.com\/pt-br\/wp-json\/wp\/v2\/pages"}],"about":[{"href":"https:\/\/mvebio.com\/pt-br\/wp-json\/wp\/v2\/types\/page"}],"author":[{"embeddable":true,"href":"https:\/\/mvebio.com\/pt-br\/wp-json\/wp\/v2\/users\/1"}],"replies":[{"embeddable":true,"href":"https:\/\/mvebio.com\/pt-br\/wp-json\/wp\/v2\/comments?post=12670"}],"version-history":[{"count":1,"href":"https:\/\/mvebio.com\/pt-br\/wp-json\/wp\/v2\/pages\/12670\/revisions"}],"predecessor-version":[{"id":14581,"href":"https:\/\/mvebio.com\/pt-br\/wp-json\/wp\/v2\/pages\/12670\/revisions\/14581"}],"up":[{"embeddable":true,"href":"https:\/\/mvebio.com\/pt-br\/wp-json\/wp\/v2\/pages\/12650"}],"wp:featuredmedia":[{"embeddable":true,"href":"https:\/\/mvebio.com\/pt-br\/wp-json\/wp\/v2\/media\/10541"}],"wp:attachment":[{"href":"https:\/\/mvebio.com\/pt-br\/wp-json\/wp\/v2\/media?parent=12670"}],"curies":[{"name":"wp","href":"https:\/\/api.w.org\/{rel}","templated":true}]}}