{"id":12664,"date":"2023-03-30T10:49:57","date_gmt":"2023-03-30T09:49:57","guid":{"rendered":"https:\/\/mvebio.com\/ciencias-da-vida-freezers\/mve-1536-pd-dry-shipper\/"},"modified":"2026-02-18T11:16:43","modified_gmt":"2026-02-18T16:16:43","slug":"remetente-seco-mve-1536-pd","status":"publish","type":"page","link":"https:\/\/mvebio.com\/pt-br\/nossos-produtos\/ciencias-da-vida-freezers\/remetente-seco-mve-1536-pd\/","title":{"rendered":"MVE 1536 PD Dry Shipper"},"content":{"rendered":"","protected":false},"excerpt":{"rendered":"<p>Envie com seguran\u00e7a amostras em armazenamento de vapor com total tranquilidade<\/p>\n","protected":false},"author":1,"featured_media":10549,"parent":12650,"menu_order":0,"comment_status":"closed","ping_status":"closed","template":"","meta":{"_acf_changed":false,"footnotes":""},"class_list":["post-12664","page","type-page","status-publish","has-post-thumbnail","hentry"],"acf":[],"yoast_head":"<!-- This site is optimized with the Yoast SEO plugin v27.2 - https:\/\/yoast.com\/product\/yoast-seo-wordpress\/ -->\n<title>MVE 1536 PD Dry Shipper - MVE Biological Solutions<\/title>\n<meta name=\"description\" content=\"Envie com seguran\u00e7a grandes volumes de amostras cr\u00edticas com esta unidade resistente, e voc\u00ea estar\u00e1 seguro de que elas chegar\u00e3o exatamente como voc\u00ea as deixou. Voc\u00ea pode at\u00e9 mesmo validar a faixa de temperatura de tr\u00e2nsito usando o registrador de dados inclu\u00eddo como padr\u00e3o no MVE 1536 PD Dry Shipper. O registrador fornecer\u00e1 a voc\u00ea um registro atualizado da temperatura da amostra durante o transporte.\" \/>\n<meta name=\"robots\" content=\"index, follow, max-snippet:-1, max-image-preview:large, max-video-preview:-1\" \/>\n<link rel=\"canonical\" href=\"https:\/\/mvebio.com\/pt-br\/nossos-produtos\/ciencias-da-vida-freezers\/remetente-seco-mve-1536-pd\/\" \/>\n<meta property=\"og:locale\" content=\"pt_BR\" \/>\n<meta property=\"og:type\" content=\"article\" \/>\n<meta property=\"og:title\" content=\"MVE 1536 PD Dry Shipper - MVE Biological Solutions\" \/>\n<meta property=\"og:description\" content=\"Envie com seguran\u00e7a grandes volumes de amostras cr\u00edticas com esta unidade resistente, e voc\u00ea estar\u00e1 seguro de que elas chegar\u00e3o exatamente como voc\u00ea as deixou. Voc\u00ea pode at\u00e9 mesmo validar a faixa de temperatura de tr\u00e2nsito usando o registrador de dados inclu\u00eddo como padr\u00e3o no MVE 1536 PD Dry Shipper. O registrador fornecer\u00e1 a voc\u00ea um registro atualizado da temperatura da amostra durante o transporte.\" \/>\n<meta property=\"og:url\" content=\"https:\/\/mvebio.com\/pt-br\/nossos-produtos\/ciencias-da-vida-freezers\/remetente-seco-mve-1536-pd\/\" \/>\n<meta property=\"og:site_name\" content=\"MVE Biological Solutions\" \/>\n<meta property=\"article:modified_time\" content=\"2026-02-18T16:16:43+00:00\" \/>\n<meta property=\"og:image\" content=\"https:\/\/mvebio.com\/wp-content\/uploads\/sites\/4\/2023\/12\/mve-1536-dry-shipper-1.jpg\" \/>\n\t<meta property=\"og:image:width\" content=\"1200\" \/>\n\t<meta property=\"og:image:height\" content=\"563\" \/>\n\t<meta property=\"og:image:type\" content=\"image\/jpeg\" \/>\n<meta name=\"twitter:card\" content=\"summary_large_image\" \/>\n<meta name=\"twitter:site\" content=\"@MveBioSolutions\" \/>\n<meta name=\"twitter:label1\" content=\"Est. tempo de leitura\" \/>\n\t<meta name=\"twitter:data1\" content=\"3 minutos\" \/>\n<script type=\"application\/ld+json\" class=\"yoast-schema-graph\">{\"@context\":\"https:\/\/schema.org\",\"@graph\":[{\"@type\":\"WebPage\",\"@id\":\"https:\/\/mvebio.com\/pt-br\/nossos-produtos\/ciencias-da-vida-freezers\/remetente-seco-mve-1536-pd\/\",\"url\":\"https:\/\/mvebio.com\/pt-br\/nossos-produtos\/ciencias-da-vida-freezers\/remetente-seco-mve-1536-pd\/\",\"name\":\"MVE 1536 PD Dry Shipper - MVE Biological Solutions\",\"isPartOf\":{\"@id\":\"https:\/\/mvebio.com\/pt-br\/#website\"},\"primaryImageOfPage\":{\"@id\":\"https:\/\/mvebio.com\/pt-br\/nossos-produtos\/ciencias-da-vida-freezers\/remetente-seco-mve-1536-pd\/#primaryimage\"},\"image\":{\"@id\":\"https:\/\/mvebio.com\/pt-br\/nossos-produtos\/ciencias-da-vida-freezers\/remetente-seco-mve-1536-pd\/#primaryimage\"},\"thumbnailUrl\":\"https:\/\/mvebio.com\/wp-content\/uploads\/sites\/4\/2023\/12\/mve-1536-dry-shipper-1.jpg\",\"datePublished\":\"2023-03-30T09:49:57+00:00\",\"dateModified\":\"2026-02-18T16:16:43+00:00\",\"description\":\"Envie com seguran\u00e7a grandes volumes de amostras cr\u00edticas com esta unidade resistente, e voc\u00ea estar\u00e1 seguro de que elas chegar\u00e3o exatamente como voc\u00ea as deixou. Voc\u00ea pode at\u00e9 mesmo validar a faixa de temperatura de tr\u00e2nsito usando o registrador de dados inclu\u00eddo como padr\u00e3o no MVE 1536 PD Dry Shipper. O registrador fornecer\u00e1 a voc\u00ea um registro atualizado da temperatura da amostra durante o transporte.\",\"breadcrumb\":{\"@id\":\"https:\/\/mvebio.com\/pt-br\/nossos-produtos\/ciencias-da-vida-freezers\/remetente-seco-mve-1536-pd\/#breadcrumb\"},\"inLanguage\":\"pt-BR\",\"potentialAction\":[{\"@type\":\"ReadAction\",\"target\":[\"https:\/\/mvebio.com\/pt-br\/nossos-produtos\/ciencias-da-vida-freezers\/remetente-seco-mve-1536-pd\/\"]}]},{\"@type\":\"ImageObject\",\"inLanguage\":\"pt-BR\",\"@id\":\"https:\/\/mvebio.com\/pt-br\/nossos-produtos\/ciencias-da-vida-freezers\/remetente-seco-mve-1536-pd\/#primaryimage\",\"url\":\"https:\/\/mvebio.com\/wp-content\/uploads\/sites\/4\/2023\/12\/mve-1536-dry-shipper-1.jpg\",\"contentUrl\":\"https:\/\/mvebio.com\/wp-content\/uploads\/sites\/4\/2023\/12\/mve-1536-dry-shipper-1.jpg\",\"width\":1200,\"height\":563,\"caption\":\"MVE Dry Shipper\"},{\"@type\":\"BreadcrumbList\",\"@id\":\"https:\/\/mvebio.com\/pt-br\/nossos-produtos\/ciencias-da-vida-freezers\/remetente-seco-mve-1536-pd\/#breadcrumb\",\"itemListElement\":[{\"@type\":\"ListItem\",\"position\":1,\"name\":\"P\u00e1gina inicial\",\"item\":\"https:\/\/mvebio.com\/pt-br\/homepage\/\"},{\"@type\":\"ListItem\",\"position\":2,\"name\":\"Nossos produtos\",\"item\":\"https:\/\/mvebio.com\/pt-br\/nossos-produtos\/\"},{\"@type\":\"ListItem\",\"position\":3,\"name\":\"Ci\u00eancias da vida (freezers)\",\"item\":\"https:\/\/mvebio.com\/pt-br\/nossos-produtos\/ciencias-da-vida-freezers\/\"},{\"@type\":\"ListItem\",\"position\":4,\"name\":\"MVE 1536 PD Dry Shipper\"}]},{\"@type\":\"WebSite\",\"@id\":\"https:\/\/mvebio.com\/pt-br\/#website\",\"url\":\"https:\/\/mvebio.com\/pt-br\/\",\"name\":\"MVE Biological Solutions\",\"description\":\"Cryogenic freezers and dewars\",\"publisher\":{\"@id\":\"https:\/\/mvebio.com\/pt-br\/#organization\"},\"alternateName\":\"MVE Bio\",\"potentialAction\":[{\"@type\":\"SearchAction\",\"target\":{\"@type\":\"EntryPoint\",\"urlTemplate\":\"https:\/\/mvebio.com\/pt-br\/?s={search_term_string}\"},\"query-input\":{\"@type\":\"PropertyValueSpecification\",\"valueRequired\":true,\"valueName\":\"search_term_string\"}}],\"inLanguage\":\"pt-BR\"},{\"@type\":\"Organization\",\"@id\":\"https:\/\/mvebio.com\/pt-br\/#organization\",\"name\":\"MVE Biological Solutions\",\"alternateName\":\"MVE Bio\",\"url\":\"https:\/\/mvebio.com\/pt-br\/\",\"logo\":{\"@type\":\"ImageObject\",\"inLanguage\":\"pt-BR\",\"@id\":\"https:\/\/mvebio.com\/pt-br\/#\/schema\/logo\/image\/\",\"url\":\"https:\/\/mvebio.com\/wp-content\/uploads\/sites\/4\/2023\/12\/mve-square.png\",\"contentUrl\":\"https:\/\/mvebio.com\/wp-content\/uploads\/sites\/4\/2023\/12\/mve-square.png\",\"width\":1200,\"height\":1200,\"caption\":\"MVE Biological Solutions\"},\"image\":{\"@id\":\"https:\/\/mvebio.com\/pt-br\/#\/schema\/logo\/image\/\"},\"sameAs\":[\"https:\/\/x.com\/MveBioSolutions\",\"https:\/\/www.linkedin.com\/company\/mvebio\/\"]}]}<\/script>\n<!-- \/ Yoast SEO plugin. -->","yoast_head_json":{"title":"MVE 1536 PD Dry Shipper - MVE Biological Solutions","description":"Envie com seguran\u00e7a grandes volumes de amostras cr\u00edticas com esta unidade resistente, e voc\u00ea estar\u00e1 seguro de que elas chegar\u00e3o exatamente como voc\u00ea as deixou. Voc\u00ea pode at\u00e9 mesmo validar a faixa de temperatura de tr\u00e2nsito usando o registrador de dados inclu\u00eddo como padr\u00e3o no MVE 1536 PD Dry Shipper. O registrador fornecer\u00e1 a voc\u00ea um registro atualizado da temperatura da amostra durante o transporte.","robots":{"index":"index","follow":"follow","max-snippet":"max-snippet:-1","max-image-preview":"max-image-preview:large","max-video-preview":"max-video-preview:-1"},"canonical":"https:\/\/mvebio.com\/pt-br\/nossos-produtos\/ciencias-da-vida-freezers\/remetente-seco-mve-1536-pd\/","og_locale":"pt_BR","og_type":"article","og_title":"MVE 1536 PD Dry Shipper - MVE Biological Solutions","og_description":"Envie com seguran\u00e7a grandes volumes de amostras cr\u00edticas com esta unidade resistente, e voc\u00ea estar\u00e1 seguro de que elas chegar\u00e3o exatamente como voc\u00ea as deixou. Voc\u00ea pode at\u00e9 mesmo validar a faixa de temperatura de tr\u00e2nsito usando o registrador de dados inclu\u00eddo como padr\u00e3o no MVE 1536 PD Dry Shipper. O registrador fornecer\u00e1 a voc\u00ea um registro atualizado da temperatura da amostra durante o transporte.","og_url":"https:\/\/mvebio.com\/pt-br\/nossos-produtos\/ciencias-da-vida-freezers\/remetente-seco-mve-1536-pd\/","og_site_name":"MVE Biological Solutions","article_modified_time":"2026-02-18T16:16:43+00:00","og_image":[{"width":1200,"height":563,"url":"https:\/\/mvebio.com\/wp-content\/uploads\/sites\/4\/2023\/12\/mve-1536-dry-shipper-1.jpg","type":"image\/jpeg"}],"twitter_card":"summary_large_image","twitter_site":"@MveBioSolutions","twitter_misc":{"Est. tempo de leitura":"3 minutos"},"schema":{"@context":"https:\/\/schema.org","@graph":[{"@type":"WebPage","@id":"https:\/\/mvebio.com\/pt-br\/nossos-produtos\/ciencias-da-vida-freezers\/remetente-seco-mve-1536-pd\/","url":"https:\/\/mvebio.com\/pt-br\/nossos-produtos\/ciencias-da-vida-freezers\/remetente-seco-mve-1536-pd\/","name":"MVE 1536 PD Dry Shipper - MVE Biological Solutions","isPartOf":{"@id":"https:\/\/mvebio.com\/pt-br\/#website"},"primaryImageOfPage":{"@id":"https:\/\/mvebio.com\/pt-br\/nossos-produtos\/ciencias-da-vida-freezers\/remetente-seco-mve-1536-pd\/#primaryimage"},"image":{"@id":"https:\/\/mvebio.com\/pt-br\/nossos-produtos\/ciencias-da-vida-freezers\/remetente-seco-mve-1536-pd\/#primaryimage"},"thumbnailUrl":"https:\/\/mvebio.com\/wp-content\/uploads\/sites\/4\/2023\/12\/mve-1536-dry-shipper-1.jpg","datePublished":"2023-03-30T09:49:57+00:00","dateModified":"2026-02-18T16:16:43+00:00","description":"Envie com seguran\u00e7a grandes volumes de amostras cr\u00edticas com esta unidade resistente, e voc\u00ea estar\u00e1 seguro de que elas chegar\u00e3o exatamente como voc\u00ea as deixou. Voc\u00ea pode at\u00e9 mesmo validar a faixa de temperatura de tr\u00e2nsito usando o registrador de dados inclu\u00eddo como padr\u00e3o no MVE 1536 PD Dry Shipper. O registrador fornecer\u00e1 a voc\u00ea um registro atualizado da temperatura da amostra durante o transporte.","breadcrumb":{"@id":"https:\/\/mvebio.com\/pt-br\/nossos-produtos\/ciencias-da-vida-freezers\/remetente-seco-mve-1536-pd\/#breadcrumb"},"inLanguage":"pt-BR","potentialAction":[{"@type":"ReadAction","target":["https:\/\/mvebio.com\/pt-br\/nossos-produtos\/ciencias-da-vida-freezers\/remetente-seco-mve-1536-pd\/"]}]},{"@type":"ImageObject","inLanguage":"pt-BR","@id":"https:\/\/mvebio.com\/pt-br\/nossos-produtos\/ciencias-da-vida-freezers\/remetente-seco-mve-1536-pd\/#primaryimage","url":"https:\/\/mvebio.com\/wp-content\/uploads\/sites\/4\/2023\/12\/mve-1536-dry-shipper-1.jpg","contentUrl":"https:\/\/mvebio.com\/wp-content\/uploads\/sites\/4\/2023\/12\/mve-1536-dry-shipper-1.jpg","width":1200,"height":563,"caption":"MVE Dry Shipper"},{"@type":"BreadcrumbList","@id":"https:\/\/mvebio.com\/pt-br\/nossos-produtos\/ciencias-da-vida-freezers\/remetente-seco-mve-1536-pd\/#breadcrumb","itemListElement":[{"@type":"ListItem","position":1,"name":"P\u00e1gina inicial","item":"https:\/\/mvebio.com\/pt-br\/homepage\/"},{"@type":"ListItem","position":2,"name":"Nossos produtos","item":"https:\/\/mvebio.com\/pt-br\/nossos-produtos\/"},{"@type":"ListItem","position":3,"name":"Ci\u00eancias da vida (freezers)","item":"https:\/\/mvebio.com\/pt-br\/nossos-produtos\/ciencias-da-vida-freezers\/"},{"@type":"ListItem","position":4,"name":"MVE 1536 PD Dry Shipper"}]},{"@type":"WebSite","@id":"https:\/\/mvebio.com\/pt-br\/#website","url":"https:\/\/mvebio.com\/pt-br\/","name":"MVE Biological Solutions","description":"Cryogenic freezers and dewars","publisher":{"@id":"https:\/\/mvebio.com\/pt-br\/#organization"},"alternateName":"MVE Bio","potentialAction":[{"@type":"SearchAction","target":{"@type":"EntryPoint","urlTemplate":"https:\/\/mvebio.com\/pt-br\/?s={search_term_string}"},"query-input":{"@type":"PropertyValueSpecification","valueRequired":true,"valueName":"search_term_string"}}],"inLanguage":"pt-BR"},{"@type":"Organization","@id":"https:\/\/mvebio.com\/pt-br\/#organization","name":"MVE Biological Solutions","alternateName":"MVE Bio","url":"https:\/\/mvebio.com\/pt-br\/","logo":{"@type":"ImageObject","inLanguage":"pt-BR","@id":"https:\/\/mvebio.com\/pt-br\/#\/schema\/logo\/image\/","url":"https:\/\/mvebio.com\/wp-content\/uploads\/sites\/4\/2023\/12\/mve-square.png","contentUrl":"https:\/\/mvebio.com\/wp-content\/uploads\/sites\/4\/2023\/12\/mve-square.png","width":1200,"height":1200,"caption":"MVE Biological Solutions"},"image":{"@id":"https:\/\/mvebio.com\/pt-br\/#\/schema\/logo\/image\/"},"sameAs":["https:\/\/x.com\/MveBioSolutions","https:\/\/www.linkedin.com\/company\/mvebio\/"]}]}},"_links":{"self":[{"href":"https:\/\/mvebio.com\/pt-br\/wp-json\/wp\/v2\/pages\/12664","targetHints":{"allow":["GET"]}}],"collection":[{"href":"https:\/\/mvebio.com\/pt-br\/wp-json\/wp\/v2\/pages"}],"about":[{"href":"https:\/\/mvebio.com\/pt-br\/wp-json\/wp\/v2\/types\/page"}],"author":[{"embeddable":true,"href":"https:\/\/mvebio.com\/pt-br\/wp-json\/wp\/v2\/users\/1"}],"replies":[{"embeddable":true,"href":"https:\/\/mvebio.com\/pt-br\/wp-json\/wp\/v2\/comments?post=12664"}],"version-history":[{"count":2,"href":"https:\/\/mvebio.com\/pt-br\/wp-json\/wp\/v2\/pages\/12664\/revisions"}],"predecessor-version":[{"id":14565,"href":"https:\/\/mvebio.com\/pt-br\/wp-json\/wp\/v2\/pages\/12664\/revisions\/14565"}],"up":[{"embeddable":true,"href":"https:\/\/mvebio.com\/pt-br\/wp-json\/wp\/v2\/pages\/12650"}],"wp:featuredmedia":[{"embeddable":true,"href":"https:\/\/mvebio.com\/pt-br\/wp-json\/wp\/v2\/media\/10549"}],"wp:attachment":[{"href":"https:\/\/mvebio.com\/pt-br\/wp-json\/wp\/v2\/media?parent=12664"}],"curies":[{"name":"wp","href":"https:\/\/api.w.org\/{rel}","templated":true}]}}