{"id":12650,"date":"2023-03-30T10:46:27","date_gmt":"2023-03-30T14:46:27","guid":{"rendered":"https:\/\/mvebio.com\/ciencias-da-vida-freezers\/"},"modified":"2026-02-18T11:11:59","modified_gmt":"2026-02-18T16:11:59","slug":"ciencias-da-vida-freezers","status":"publish","type":"page","link":"https:\/\/mvebio.com\/pt-br\/nossos-produtos\/ciencias-da-vida-freezers\/","title":{"rendered":"Ci\u00eancias da vida (freezers)"},"content":{"rendered":"","protected":false},"excerpt":{"rendered":"","protected":false},"author":1,"featured_media":10491,"parent":12776,"menu_order":0,"comment_status":"closed","ping_status":"closed","template":"","meta":{"_acf_changed":false,"footnotes":""},"class_list":["post-12650","page","type-page","status-publish","has-post-thumbnail","hentry"],"acf":[],"yoast_head":"<!-- This site is optimized with the Yoast SEO plugin v27.4 - https:\/\/yoast.com\/product\/yoast-seo-wordpress\/ -->\n<title>Ci\u00eancias da vida (freezers) - MVE Biological Solutions<\/title>\n<meta name=\"description\" content=\"Descubra confiabilidade e precis\u00e3o inigual\u00e1veis com os freezers para ci\u00eancias biol\u00f3gicas da MVE Biological Solutions. Explore nossas solu\u00e7\u00f5es avan\u00e7adas de armazenamento criog\u00eanico projetadas para o setor de ci\u00eancias biol\u00f3gicas. Garanta a preserva\u00e7\u00e3o ideal de amostras biol\u00f3gicas valiosas com tecnologia de ponta. Eleve seus recursos de pesquisa com as Solu\u00e7\u00f5es Biol\u00f3gicas da MVE - onde a inova\u00e7\u00e3o atende \u00e0s demandas de excel\u00eancia do freezer de ci\u00eancias biol\u00f3gicas\" \/>\n<meta name=\"robots\" content=\"index, follow, max-snippet:-1, max-image-preview:large, max-video-preview:-1\" \/>\n<link rel=\"canonical\" href=\"https:\/\/mvebio.com\/pt-br\/nossos-produtos\/ciencias-da-vida-freezers\/\" \/>\n<meta property=\"og:locale\" content=\"pt_BR\" \/>\n<meta property=\"og:type\" content=\"article\" \/>\n<meta property=\"og:title\" content=\"Ci\u00eancias da vida (freezers) - MVE Biological Solutions\" \/>\n<meta property=\"og:description\" content=\"Descubra confiabilidade e precis\u00e3o inigual\u00e1veis com os freezers para ci\u00eancias biol\u00f3gicas da MVE Biological Solutions. Explore nossas solu\u00e7\u00f5es avan\u00e7adas de armazenamento criog\u00eanico projetadas para o setor de ci\u00eancias biol\u00f3gicas. Garanta a preserva\u00e7\u00e3o ideal de amostras biol\u00f3gicas valiosas com tecnologia de ponta. Eleve seus recursos de pesquisa com as Solu\u00e7\u00f5es Biol\u00f3gicas da MVE - onde a inova\u00e7\u00e3o atende \u00e0s demandas de excel\u00eancia do freezer de ci\u00eancias biol\u00f3gicas\" \/>\n<meta property=\"og:url\" content=\"https:\/\/mvebio.com\/pt-br\/nossos-produtos\/ciencias-da-vida-freezers\/\" \/>\n<meta property=\"og:site_name\" content=\"MVE Biological Solutions\" \/>\n<meta property=\"article:modified_time\" content=\"2026-02-18T16:11:59+00:00\" \/>\n<meta property=\"og:image\" content=\"https:\/\/mvebio.com\/wp-content\/uploads\/sites\/4\/2023\/12\/MVE_Fusion-2.jpg\" \/>\n\t<meta property=\"og:image:width\" content=\"1200\" \/>\n\t<meta property=\"og:image:height\" content=\"562\" \/>\n\t<meta property=\"og:image:type\" content=\"image\/jpeg\" \/>\n<meta name=\"twitter:card\" content=\"summary_large_image\" \/>\n<meta name=\"twitter:site\" content=\"@MveBioSolutions\" \/>\n<script type=\"application\/ld+json\" class=\"yoast-schema-graph\">{\"@context\":\"https:\\\/\\\/schema.org\",\"@graph\":[{\"@type\":\"WebPage\",\"@id\":\"https:\\\/\\\/mvebio.com\\\/pt-br\\\/nossos-produtos\\\/ciencias-da-vida-freezers\\\/\",\"url\":\"https:\\\/\\\/mvebio.com\\\/pt-br\\\/nossos-produtos\\\/ciencias-da-vida-freezers\\\/\",\"name\":\"Ci\u00eancias da vida (freezers) - MVE Biological Solutions\",\"isPartOf\":{\"@id\":\"https:\\\/\\\/mvebio.com\\\/pt-br\\\/#website\"},\"primaryImageOfPage\":{\"@id\":\"https:\\\/\\\/mvebio.com\\\/pt-br\\\/nossos-produtos\\\/ciencias-da-vida-freezers\\\/#primaryimage\"},\"image\":{\"@id\":\"https:\\\/\\\/mvebio.com\\\/pt-br\\\/nossos-produtos\\\/ciencias-da-vida-freezers\\\/#primaryimage\"},\"thumbnailUrl\":\"https:\\\/\\\/mvebio.com\\\/wp-content\\\/uploads\\\/sites\\\/4\\\/2023\\\/12\\\/MVE_Fusion-2.jpg\",\"datePublished\":\"2023-03-30T14:46:27+00:00\",\"dateModified\":\"2026-02-18T16:11:59+00:00\",\"description\":\"Descubra confiabilidade e precis\u00e3o inigual\u00e1veis com os freezers para ci\u00eancias biol\u00f3gicas da MVE Biological Solutions. Explore nossas solu\u00e7\u00f5es avan\u00e7adas de armazenamento criog\u00eanico projetadas para o setor de ci\u00eancias biol\u00f3gicas. Garanta a preserva\u00e7\u00e3o ideal de amostras biol\u00f3gicas valiosas com tecnologia de ponta. Eleve seus recursos de pesquisa com as Solu\u00e7\u00f5es Biol\u00f3gicas da MVE - onde a inova\u00e7\u00e3o atende \u00e0s demandas de excel\u00eancia do freezer de ci\u00eancias biol\u00f3gicas\",\"breadcrumb\":{\"@id\":\"https:\\\/\\\/mvebio.com\\\/pt-br\\\/nossos-produtos\\\/ciencias-da-vida-freezers\\\/#breadcrumb\"},\"inLanguage\":\"pt-BR\",\"potentialAction\":[{\"@type\":\"ReadAction\",\"target\":[\"https:\\\/\\\/mvebio.com\\\/pt-br\\\/nossos-produtos\\\/ciencias-da-vida-freezers\\\/\"]}]},{\"@type\":\"ImageObject\",\"inLanguage\":\"pt-BR\",\"@id\":\"https:\\\/\\\/mvebio.com\\\/pt-br\\\/nossos-produtos\\\/ciencias-da-vida-freezers\\\/#primaryimage\",\"url\":\"https:\\\/\\\/mvebio.com\\\/wp-content\\\/uploads\\\/sites\\\/4\\\/2023\\\/12\\\/MVE_Fusion-2.jpg\",\"contentUrl\":\"https:\\\/\\\/mvebio.com\\\/wp-content\\\/uploads\\\/sites\\\/4\\\/2023\\\/12\\\/MVE_Fusion-2.jpg\",\"width\":1200,\"height\":562,\"caption\":\"MVE Fusion\"},{\"@type\":\"BreadcrumbList\",\"@id\":\"https:\\\/\\\/mvebio.com\\\/pt-br\\\/nossos-produtos\\\/ciencias-da-vida-freezers\\\/#breadcrumb\",\"itemListElement\":[{\"@type\":\"ListItem\",\"position\":1,\"name\":\"P\u00e1gina inicial\",\"item\":\"https:\\\/\\\/mvebio.com\\\/pt-br\\\/homepage\\\/\"},{\"@type\":\"ListItem\",\"position\":2,\"name\":\"Nossos produtos\",\"item\":\"https:\\\/\\\/mvebio.com\\\/pt-br\\\/nossos-produtos\\\/\"},{\"@type\":\"ListItem\",\"position\":3,\"name\":\"Ci\u00eancias da vida (freezers)\"}]},{\"@type\":\"WebSite\",\"@id\":\"https:\\\/\\\/mvebio.com\\\/pt-br\\\/#website\",\"url\":\"https:\\\/\\\/mvebio.com\\\/pt-br\\\/\",\"name\":\"MVE Biological Solutions\",\"description\":\"Cryogenic freezers and dewars\",\"publisher\":{\"@id\":\"https:\\\/\\\/mvebio.com\\\/pt-br\\\/#organization\"},\"alternateName\":\"MVE Bio\",\"potentialAction\":[{\"@type\":\"SearchAction\",\"target\":{\"@type\":\"EntryPoint\",\"urlTemplate\":\"https:\\\/\\\/mvebio.com\\\/pt-br\\\/?s={search_term_string}\"},\"query-input\":{\"@type\":\"PropertyValueSpecification\",\"valueRequired\":true,\"valueName\":\"search_term_string\"}}],\"inLanguage\":\"pt-BR\"},{\"@type\":\"Organization\",\"@id\":\"https:\\\/\\\/mvebio.com\\\/pt-br\\\/#organization\",\"name\":\"MVE Biological Solutions\",\"alternateName\":\"MVE Bio\",\"url\":\"https:\\\/\\\/mvebio.com\\\/pt-br\\\/\",\"logo\":{\"@type\":\"ImageObject\",\"inLanguage\":\"pt-BR\",\"@id\":\"https:\\\/\\\/mvebio.com\\\/pt-br\\\/#\\\/schema\\\/logo\\\/image\\\/\",\"url\":\"https:\\\/\\\/mvebio.com\\\/wp-content\\\/uploads\\\/sites\\\/4\\\/2023\\\/12\\\/mve-square.png\",\"contentUrl\":\"https:\\\/\\\/mvebio.com\\\/wp-content\\\/uploads\\\/sites\\\/4\\\/2023\\\/12\\\/mve-square.png\",\"width\":1200,\"height\":1200,\"caption\":\"MVE Biological Solutions\"},\"image\":{\"@id\":\"https:\\\/\\\/mvebio.com\\\/pt-br\\\/#\\\/schema\\\/logo\\\/image\\\/\"},\"sameAs\":[\"https:\\\/\\\/x.com\\\/MveBioSolutions\",\"https:\\\/\\\/www.linkedin.com\\\/company\\\/mvebio\\\/\"]}]}<\/script>\n<!-- \/ Yoast SEO plugin. -->","yoast_head_json":{"title":"Ci\u00eancias da vida (freezers) - MVE Biological Solutions","description":"Descubra confiabilidade e precis\u00e3o inigual\u00e1veis com os freezers para ci\u00eancias biol\u00f3gicas da MVE Biological Solutions. Explore nossas solu\u00e7\u00f5es avan\u00e7adas de armazenamento criog\u00eanico projetadas para o setor de ci\u00eancias biol\u00f3gicas. Garanta a preserva\u00e7\u00e3o ideal de amostras biol\u00f3gicas valiosas com tecnologia de ponta. Eleve seus recursos de pesquisa com as Solu\u00e7\u00f5es Biol\u00f3gicas da MVE - onde a inova\u00e7\u00e3o atende \u00e0s demandas de excel\u00eancia do freezer de ci\u00eancias biol\u00f3gicas","robots":{"index":"index","follow":"follow","max-snippet":"max-snippet:-1","max-image-preview":"max-image-preview:large","max-video-preview":"max-video-preview:-1"},"canonical":"https:\/\/mvebio.com\/pt-br\/nossos-produtos\/ciencias-da-vida-freezers\/","og_locale":"pt_BR","og_type":"article","og_title":"Ci\u00eancias da vida (freezers) - MVE Biological Solutions","og_description":"Descubra confiabilidade e precis\u00e3o inigual\u00e1veis com os freezers para ci\u00eancias biol\u00f3gicas da MVE Biological Solutions. Explore nossas solu\u00e7\u00f5es avan\u00e7adas de armazenamento criog\u00eanico projetadas para o setor de ci\u00eancias biol\u00f3gicas. Garanta a preserva\u00e7\u00e3o ideal de amostras biol\u00f3gicas valiosas com tecnologia de ponta. Eleve seus recursos de pesquisa com as Solu\u00e7\u00f5es Biol\u00f3gicas da MVE - onde a inova\u00e7\u00e3o atende \u00e0s demandas de excel\u00eancia do freezer de ci\u00eancias biol\u00f3gicas","og_url":"https:\/\/mvebio.com\/pt-br\/nossos-produtos\/ciencias-da-vida-freezers\/","og_site_name":"MVE Biological Solutions","article_modified_time":"2026-02-18T16:11:59+00:00","og_image":[{"width":1200,"height":562,"url":"https:\/\/mvebio.com\/wp-content\/uploads\/sites\/4\/2023\/12\/MVE_Fusion-2.jpg","type":"image\/jpeg"}],"twitter_card":"summary_large_image","twitter_site":"@MveBioSolutions","schema":{"@context":"https:\/\/schema.org","@graph":[{"@type":"WebPage","@id":"https:\/\/mvebio.com\/pt-br\/nossos-produtos\/ciencias-da-vida-freezers\/","url":"https:\/\/mvebio.com\/pt-br\/nossos-produtos\/ciencias-da-vida-freezers\/","name":"Ci\u00eancias da vida (freezers) - MVE Biological Solutions","isPartOf":{"@id":"https:\/\/mvebio.com\/pt-br\/#website"},"primaryImageOfPage":{"@id":"https:\/\/mvebio.com\/pt-br\/nossos-produtos\/ciencias-da-vida-freezers\/#primaryimage"},"image":{"@id":"https:\/\/mvebio.com\/pt-br\/nossos-produtos\/ciencias-da-vida-freezers\/#primaryimage"},"thumbnailUrl":"https:\/\/mvebio.com\/wp-content\/uploads\/sites\/4\/2023\/12\/MVE_Fusion-2.jpg","datePublished":"2023-03-30T14:46:27+00:00","dateModified":"2026-02-18T16:11:59+00:00","description":"Descubra confiabilidade e precis\u00e3o inigual\u00e1veis com os freezers para ci\u00eancias biol\u00f3gicas da MVE Biological Solutions. Explore nossas solu\u00e7\u00f5es avan\u00e7adas de armazenamento criog\u00eanico projetadas para o setor de ci\u00eancias biol\u00f3gicas. Garanta a preserva\u00e7\u00e3o ideal de amostras biol\u00f3gicas valiosas com tecnologia de ponta. Eleve seus recursos de pesquisa com as Solu\u00e7\u00f5es Biol\u00f3gicas da MVE - onde a inova\u00e7\u00e3o atende \u00e0s demandas de excel\u00eancia do freezer de ci\u00eancias biol\u00f3gicas","breadcrumb":{"@id":"https:\/\/mvebio.com\/pt-br\/nossos-produtos\/ciencias-da-vida-freezers\/#breadcrumb"},"inLanguage":"pt-BR","potentialAction":[{"@type":"ReadAction","target":["https:\/\/mvebio.com\/pt-br\/nossos-produtos\/ciencias-da-vida-freezers\/"]}]},{"@type":"ImageObject","inLanguage":"pt-BR","@id":"https:\/\/mvebio.com\/pt-br\/nossos-produtos\/ciencias-da-vida-freezers\/#primaryimage","url":"https:\/\/mvebio.com\/wp-content\/uploads\/sites\/4\/2023\/12\/MVE_Fusion-2.jpg","contentUrl":"https:\/\/mvebio.com\/wp-content\/uploads\/sites\/4\/2023\/12\/MVE_Fusion-2.jpg","width":1200,"height":562,"caption":"MVE Fusion"},{"@type":"BreadcrumbList","@id":"https:\/\/mvebio.com\/pt-br\/nossos-produtos\/ciencias-da-vida-freezers\/#breadcrumb","itemListElement":[{"@type":"ListItem","position":1,"name":"P\u00e1gina inicial","item":"https:\/\/mvebio.com\/pt-br\/homepage\/"},{"@type":"ListItem","position":2,"name":"Nossos produtos","item":"https:\/\/mvebio.com\/pt-br\/nossos-produtos\/"},{"@type":"ListItem","position":3,"name":"Ci\u00eancias da vida (freezers)"}]},{"@type":"WebSite","@id":"https:\/\/mvebio.com\/pt-br\/#website","url":"https:\/\/mvebio.com\/pt-br\/","name":"MVE Biological Solutions","description":"Cryogenic freezers and dewars","publisher":{"@id":"https:\/\/mvebio.com\/pt-br\/#organization"},"alternateName":"MVE Bio","potentialAction":[{"@type":"SearchAction","target":{"@type":"EntryPoint","urlTemplate":"https:\/\/mvebio.com\/pt-br\/?s={search_term_string}"},"query-input":{"@type":"PropertyValueSpecification","valueRequired":true,"valueName":"search_term_string"}}],"inLanguage":"pt-BR"},{"@type":"Organization","@id":"https:\/\/mvebio.com\/pt-br\/#organization","name":"MVE Biological Solutions","alternateName":"MVE Bio","url":"https:\/\/mvebio.com\/pt-br\/","logo":{"@type":"ImageObject","inLanguage":"pt-BR","@id":"https:\/\/mvebio.com\/pt-br\/#\/schema\/logo\/image\/","url":"https:\/\/mvebio.com\/wp-content\/uploads\/sites\/4\/2023\/12\/mve-square.png","contentUrl":"https:\/\/mvebio.com\/wp-content\/uploads\/sites\/4\/2023\/12\/mve-square.png","width":1200,"height":1200,"caption":"MVE Biological Solutions"},"image":{"@id":"https:\/\/mvebio.com\/pt-br\/#\/schema\/logo\/image\/"},"sameAs":["https:\/\/x.com\/MveBioSolutions","https:\/\/www.linkedin.com\/company\/mvebio\/"]}]}},"_links":{"self":[{"href":"https:\/\/mvebio.com\/pt-br\/wp-json\/wp\/v2\/pages\/12650","targetHints":{"allow":["GET"]}}],"collection":[{"href":"https:\/\/mvebio.com\/pt-br\/wp-json\/wp\/v2\/pages"}],"about":[{"href":"https:\/\/mvebio.com\/pt-br\/wp-json\/wp\/v2\/types\/page"}],"author":[{"embeddable":true,"href":"https:\/\/mvebio.com\/pt-br\/wp-json\/wp\/v2\/users\/1"}],"replies":[{"embeddable":true,"href":"https:\/\/mvebio.com\/pt-br\/wp-json\/wp\/v2\/comments?post=12650"}],"version-history":[{"count":1,"href":"https:\/\/mvebio.com\/pt-br\/wp-json\/wp\/v2\/pages\/12650\/revisions"}],"predecessor-version":[{"id":12780,"href":"https:\/\/mvebio.com\/pt-br\/wp-json\/wp\/v2\/pages\/12650\/revisions\/12780"}],"up":[{"embeddable":true,"href":"https:\/\/mvebio.com\/pt-br\/wp-json\/wp\/v2\/pages\/12776"}],"wp:featuredmedia":[{"embeddable":true,"href":"https:\/\/mvebio.com\/pt-br\/wp-json\/wp\/v2\/media\/10491"}],"wp:attachment":[{"href":"https:\/\/mvebio.com\/pt-br\/wp-json\/wp\/v2\/media?parent=12650"}],"curies":[{"name":"wp","href":"https:\/\/api.w.org\/{rel}","templated":true}]}}