{"id":12637,"date":"2022-11-11T12:33:07","date_gmt":"2022-11-11T12:33:07","guid":{"rendered":"https:\/\/mvebio.com\/carreiras\/"},"modified":"2026-02-18T11:15:27","modified_gmt":"2026-02-18T16:15:27","slug":"carreiras","status":"publish","type":"page","link":"https:\/\/mvebio.com\/pt-br\/carreiras\/","title":{"rendered":"Carreiras"},"content":{"rendered":"","protected":false},"excerpt":{"rendered":"","protected":false},"author":1,"featured_media":0,"parent":0,"menu_order":0,"comment_status":"closed","ping_status":"closed","template":"","meta":{"_acf_changed":false,"footnotes":""},"class_list":["post-12637","page","type-page","status-publish","hentry"],"acf":[],"yoast_head":"<!-- This site is optimized with the Yoast SEO plugin v27.2 - https:\/\/yoast.com\/product\/yoast-seo-wordpress\/ -->\n<title>Carreiras - MVE Biological Solutions<\/title>\n<meta name=\"description\" content=\"Embarque em uma jornada gratificante com a MVE. Explore as oportunidades de crescimento e inova\u00e7\u00e3o em nossa p\u00e1gina de Carreiras. Descubra uma gama diversificada de cargos que se alinham com suas habilidades e aspira\u00e7\u00f5es no campo da tecnologia criog\u00eanica e das ci\u00eancias da vida. Junte-se \u00e0 MVE Biological Solutions e fa\u00e7a parte de uma equipe din\u00e2mica comprometida em ampliar os limites da excel\u00eancia cient\u00edfica. Sua carreira come\u00e7a aqui.\" \/>\n<meta name=\"robots\" content=\"index, follow, max-snippet:-1, max-image-preview:large, max-video-preview:-1\" \/>\n<link rel=\"canonical\" href=\"https:\/\/mvebio.com\/pt-br\/carreiras\/\" \/>\n<meta property=\"og:locale\" content=\"pt_BR\" \/>\n<meta property=\"og:type\" content=\"article\" \/>\n<meta property=\"og:title\" content=\"Carreiras - MVE Biological Solutions\" \/>\n<meta property=\"og:description\" content=\"Embarque em uma jornada gratificante com a MVE. Explore as oportunidades de crescimento e inova\u00e7\u00e3o em nossa p\u00e1gina de Carreiras. Descubra uma gama diversificada de cargos que se alinham com suas habilidades e aspira\u00e7\u00f5es no campo da tecnologia criog\u00eanica e das ci\u00eancias da vida. Junte-se \u00e0 MVE Biological Solutions e fa\u00e7a parte de uma equipe din\u00e2mica comprometida em ampliar os limites da excel\u00eancia cient\u00edfica. Sua carreira come\u00e7a aqui.\" \/>\n<meta property=\"og:url\" content=\"https:\/\/mvebio.com\/pt-br\/carreiras\/\" \/>\n<meta property=\"og:site_name\" content=\"MVE Biological Solutions\" \/>\n<meta property=\"article:modified_time\" content=\"2026-02-18T16:15:27+00:00\" \/>\n<meta property=\"og:image\" content=\"https:\/\/mvebio.com\/wp-content\/uploads\/sites\/4\/2023\/12\/mve-seo.png\" \/>\n\t<meta property=\"og:image:width\" content=\"1200\" \/>\n\t<meta property=\"og:image:height\" content=\"675\" \/>\n\t<meta property=\"og:image:type\" content=\"image\/png\" \/>\n<meta name=\"twitter:card\" content=\"summary_large_image\" \/>\n<meta name=\"twitter:site\" content=\"@MveBioSolutions\" \/>\n<script type=\"application\/ld+json\" class=\"yoast-schema-graph\">{\"@context\":\"https:\/\/schema.org\",\"@graph\":[{\"@type\":\"WebPage\",\"@id\":\"https:\/\/mvebio.com\/pt-br\/carreiras\/\",\"url\":\"https:\/\/mvebio.com\/pt-br\/carreiras\/\",\"name\":\"Carreiras - MVE Biological Solutions\",\"isPartOf\":{\"@id\":\"https:\/\/mvebio.com\/pt-br\/#website\"},\"datePublished\":\"2022-11-11T12:33:07+00:00\",\"dateModified\":\"2026-02-18T16:15:27+00:00\",\"description\":\"Embarque em uma jornada gratificante com a MVE. Explore as oportunidades de crescimento e inova\u00e7\u00e3o em nossa p\u00e1gina de Carreiras. Descubra uma gama diversificada de cargos que se alinham com suas habilidades e aspira\u00e7\u00f5es no campo da tecnologia criog\u00eanica e das ci\u00eancias da vida. Junte-se \u00e0 MVE Biological Solutions e fa\u00e7a parte de uma equipe din\u00e2mica comprometida em ampliar os limites da excel\u00eancia cient\u00edfica. Sua carreira come\u00e7a aqui.\",\"breadcrumb\":{\"@id\":\"https:\/\/mvebio.com\/pt-br\/carreiras\/#breadcrumb\"},\"inLanguage\":\"pt-BR\",\"potentialAction\":[{\"@type\":\"ReadAction\",\"target\":[\"https:\/\/mvebio.com\/pt-br\/carreiras\/\"]}]},{\"@type\":\"BreadcrumbList\",\"@id\":\"https:\/\/mvebio.com\/pt-br\/carreiras\/#breadcrumb\",\"itemListElement\":[{\"@type\":\"ListItem\",\"position\":1,\"name\":\"P\u00e1gina inicial\",\"item\":\"https:\/\/mvebio.com\/pt-br\/homepage\/\"},{\"@type\":\"ListItem\",\"position\":2,\"name\":\"Carreiras\"}]},{\"@type\":\"WebSite\",\"@id\":\"https:\/\/mvebio.com\/pt-br\/#website\",\"url\":\"https:\/\/mvebio.com\/pt-br\/\",\"name\":\"MVE Biological Solutions\",\"description\":\"Cryogenic freezers and dewars\",\"publisher\":{\"@id\":\"https:\/\/mvebio.com\/pt-br\/#organization\"},\"alternateName\":\"MVE Bio\",\"potentialAction\":[{\"@type\":\"SearchAction\",\"target\":{\"@type\":\"EntryPoint\",\"urlTemplate\":\"https:\/\/mvebio.com\/pt-br\/?s={search_term_string}\"},\"query-input\":{\"@type\":\"PropertyValueSpecification\",\"valueRequired\":true,\"valueName\":\"search_term_string\"}}],\"inLanguage\":\"pt-BR\"},{\"@type\":\"Organization\",\"@id\":\"https:\/\/mvebio.com\/pt-br\/#organization\",\"name\":\"MVE Biological Solutions\",\"alternateName\":\"MVE Bio\",\"url\":\"https:\/\/mvebio.com\/pt-br\/\",\"logo\":{\"@type\":\"ImageObject\",\"inLanguage\":\"pt-BR\",\"@id\":\"https:\/\/mvebio.com\/pt-br\/#\/schema\/logo\/image\/\",\"url\":\"https:\/\/mvebio.com\/wp-content\/uploads\/sites\/4\/2023\/12\/mve-square.png\",\"contentUrl\":\"https:\/\/mvebio.com\/wp-content\/uploads\/sites\/4\/2023\/12\/mve-square.png\",\"width\":1200,\"height\":1200,\"caption\":\"MVE Biological Solutions\"},\"image\":{\"@id\":\"https:\/\/mvebio.com\/pt-br\/#\/schema\/logo\/image\/\"},\"sameAs\":[\"https:\/\/x.com\/MveBioSolutions\",\"https:\/\/www.linkedin.com\/company\/mvebio\/\"]}]}<\/script>\n<!-- \/ Yoast SEO plugin. -->","yoast_head_json":{"title":"Carreiras - MVE Biological Solutions","description":"Embarque em uma jornada gratificante com a MVE. Explore as oportunidades de crescimento e inova\u00e7\u00e3o em nossa p\u00e1gina de Carreiras. Descubra uma gama diversificada de cargos que se alinham com suas habilidades e aspira\u00e7\u00f5es no campo da tecnologia criog\u00eanica e das ci\u00eancias da vida. Junte-se \u00e0 MVE Biological Solutions e fa\u00e7a parte de uma equipe din\u00e2mica comprometida em ampliar os limites da excel\u00eancia cient\u00edfica. Sua carreira come\u00e7a aqui.","robots":{"index":"index","follow":"follow","max-snippet":"max-snippet:-1","max-image-preview":"max-image-preview:large","max-video-preview":"max-video-preview:-1"},"canonical":"https:\/\/mvebio.com\/pt-br\/carreiras\/","og_locale":"pt_BR","og_type":"article","og_title":"Carreiras - MVE Biological Solutions","og_description":"Embarque em uma jornada gratificante com a MVE. Explore as oportunidades de crescimento e inova\u00e7\u00e3o em nossa p\u00e1gina de Carreiras. Descubra uma gama diversificada de cargos que se alinham com suas habilidades e aspira\u00e7\u00f5es no campo da tecnologia criog\u00eanica e das ci\u00eancias da vida. Junte-se \u00e0 MVE Biological Solutions e fa\u00e7a parte de uma equipe din\u00e2mica comprometida em ampliar os limites da excel\u00eancia cient\u00edfica. Sua carreira come\u00e7a aqui.","og_url":"https:\/\/mvebio.com\/pt-br\/carreiras\/","og_site_name":"MVE Biological Solutions","article_modified_time":"2026-02-18T16:15:27+00:00","og_image":[{"width":1200,"height":675,"url":"https:\/\/mvebio.com\/wp-content\/uploads\/sites\/4\/2023\/12\/mve-seo.png","type":"image\/png"}],"twitter_card":"summary_large_image","twitter_site":"@MveBioSolutions","schema":{"@context":"https:\/\/schema.org","@graph":[{"@type":"WebPage","@id":"https:\/\/mvebio.com\/pt-br\/carreiras\/","url":"https:\/\/mvebio.com\/pt-br\/carreiras\/","name":"Carreiras - MVE Biological Solutions","isPartOf":{"@id":"https:\/\/mvebio.com\/pt-br\/#website"},"datePublished":"2022-11-11T12:33:07+00:00","dateModified":"2026-02-18T16:15:27+00:00","description":"Embarque em uma jornada gratificante com a MVE. Explore as oportunidades de crescimento e inova\u00e7\u00e3o em nossa p\u00e1gina de Carreiras. Descubra uma gama diversificada de cargos que se alinham com suas habilidades e aspira\u00e7\u00f5es no campo da tecnologia criog\u00eanica e das ci\u00eancias da vida. Junte-se \u00e0 MVE Biological Solutions e fa\u00e7a parte de uma equipe din\u00e2mica comprometida em ampliar os limites da excel\u00eancia cient\u00edfica. Sua carreira come\u00e7a aqui.","breadcrumb":{"@id":"https:\/\/mvebio.com\/pt-br\/carreiras\/#breadcrumb"},"inLanguage":"pt-BR","potentialAction":[{"@type":"ReadAction","target":["https:\/\/mvebio.com\/pt-br\/carreiras\/"]}]},{"@type":"BreadcrumbList","@id":"https:\/\/mvebio.com\/pt-br\/carreiras\/#breadcrumb","itemListElement":[{"@type":"ListItem","position":1,"name":"P\u00e1gina inicial","item":"https:\/\/mvebio.com\/pt-br\/homepage\/"},{"@type":"ListItem","position":2,"name":"Carreiras"}]},{"@type":"WebSite","@id":"https:\/\/mvebio.com\/pt-br\/#website","url":"https:\/\/mvebio.com\/pt-br\/","name":"MVE Biological Solutions","description":"Cryogenic freezers and dewars","publisher":{"@id":"https:\/\/mvebio.com\/pt-br\/#organization"},"alternateName":"MVE Bio","potentialAction":[{"@type":"SearchAction","target":{"@type":"EntryPoint","urlTemplate":"https:\/\/mvebio.com\/pt-br\/?s={search_term_string}"},"query-input":{"@type":"PropertyValueSpecification","valueRequired":true,"valueName":"search_term_string"}}],"inLanguage":"pt-BR"},{"@type":"Organization","@id":"https:\/\/mvebio.com\/pt-br\/#organization","name":"MVE Biological Solutions","alternateName":"MVE Bio","url":"https:\/\/mvebio.com\/pt-br\/","logo":{"@type":"ImageObject","inLanguage":"pt-BR","@id":"https:\/\/mvebio.com\/pt-br\/#\/schema\/logo\/image\/","url":"https:\/\/mvebio.com\/wp-content\/uploads\/sites\/4\/2023\/12\/mve-square.png","contentUrl":"https:\/\/mvebio.com\/wp-content\/uploads\/sites\/4\/2023\/12\/mve-square.png","width":1200,"height":1200,"caption":"MVE Biological Solutions"},"image":{"@id":"https:\/\/mvebio.com\/pt-br\/#\/schema\/logo\/image\/"},"sameAs":["https:\/\/x.com\/MveBioSolutions","https:\/\/www.linkedin.com\/company\/mvebio\/"]}]}},"_links":{"self":[{"href":"https:\/\/mvebio.com\/pt-br\/wp-json\/wp\/v2\/pages\/12637","targetHints":{"allow":["GET"]}}],"collection":[{"href":"https:\/\/mvebio.com\/pt-br\/wp-json\/wp\/v2\/pages"}],"about":[{"href":"https:\/\/mvebio.com\/pt-br\/wp-json\/wp\/v2\/types\/page"}],"author":[{"embeddable":true,"href":"https:\/\/mvebio.com\/pt-br\/wp-json\/wp\/v2\/users\/1"}],"replies":[{"embeddable":true,"href":"https:\/\/mvebio.com\/pt-br\/wp-json\/wp\/v2\/comments?post=12637"}],"version-history":[{"count":1,"href":"https:\/\/mvebio.com\/pt-br\/wp-json\/wp\/v2\/pages\/12637\/revisions"}],"predecessor-version":[{"id":14557,"href":"https:\/\/mvebio.com\/pt-br\/wp-json\/wp\/v2\/pages\/12637\/revisions\/14557"}],"wp:attachment":[{"href":"https:\/\/mvebio.com\/pt-br\/wp-json\/wp\/v2\/media?parent=12637"}],"curies":[{"name":"wp","href":"https:\/\/api.w.org\/{rel}","templated":true}]}}