{"id":12609,"date":"2023-11-02T14:57:04","date_gmt":"2023-11-02T14:57:04","guid":{"rendered":"https:\/\/mvebio.com\/mve-series\/"},"modified":"2026-02-18T10:41:47","modified_gmt":"2026-02-18T15:41:47","slug":"serie-mve","status":"publish","type":"page","link":"https:\/\/mvebio.com\/pt-br\/nossos-produtos\/criadores-freezers\/serie-mve\/","title":{"rendered":"MVE Series"},"content":{"rendered":"","protected":false},"excerpt":{"rendered":"<p>Armazenamento criog\u00eanico m\u00e1ximo e os tempos de reten\u00e7\u00e3o mais longos do setor<\/p>\n","protected":false},"author":1,"featured_media":10525,"parent":12671,"menu_order":0,"comment_status":"closed","ping_status":"closed","template":"","meta":{"_acf_changed":false,"footnotes":""},"class_list":["post-12609","page","type-page","status-publish","has-post-thumbnail","hentry"],"acf":[],"yoast_head":"<!-- This site is optimized with the Yoast SEO plugin v27.2 - https:\/\/yoast.com\/product\/yoast-seo-wordpress\/ -->\n<title>MVE Series - MVE Biological Solutions<\/title>\n<meta name=\"description\" content=\"Seja para armazenar gen\u00e9tica de elite da ra\u00e7a Holstein ou grandes quantidades de gen\u00e9tica da ra\u00e7a Angus, germoplasma de companheiros de pedigree ou ex\u00f3ticos, o freezer da s\u00e9rie MVE oferece uma solu\u00e7\u00e3o ideal de armazenamento de palha a granel com recursos aprimorados de seguran\u00e7a de temperatura. A altamente vers\u00e1til S\u00e9rie MVE oferece armazenamento eficiente a granel e est\u00e1 dispon\u00edvel em tamanhos exclusivos que correspondem a capacidades de armazenamento que variam de 23 a 150 recipientes (73 mm de di\u00e2metro), tornando a S\u00e9rie MVE ideal para qualquer aplica\u00e7\u00e3o de cria\u00e7\u00e3o.\" \/>\n<meta name=\"robots\" content=\"index, follow, max-snippet:-1, max-image-preview:large, max-video-preview:-1\" \/>\n<link rel=\"canonical\" href=\"https:\/\/mvebio.com\/pt-br\/nossos-produtos\/criadores-freezers\/serie-mve\/\" \/>\n<meta property=\"og:locale\" content=\"pt_BR\" \/>\n<meta property=\"og:type\" content=\"article\" \/>\n<meta property=\"og:title\" content=\"MVE Series - MVE Biological Solutions\" \/>\n<meta property=\"og:description\" content=\"Seja para armazenar gen\u00e9tica de elite da ra\u00e7a Holstein ou grandes quantidades de gen\u00e9tica da ra\u00e7a Angus, germoplasma de companheiros de pedigree ou ex\u00f3ticos, o freezer da s\u00e9rie MVE oferece uma solu\u00e7\u00e3o ideal de armazenamento de palha a granel com recursos aprimorados de seguran\u00e7a de temperatura. A altamente vers\u00e1til S\u00e9rie MVE oferece armazenamento eficiente a granel e est\u00e1 dispon\u00edvel em tamanhos exclusivos que correspondem a capacidades de armazenamento que variam de 23 a 150 recipientes (73 mm de di\u00e2metro), tornando a S\u00e9rie MVE ideal para qualquer aplica\u00e7\u00e3o de cria\u00e7\u00e3o.\" \/>\n<meta property=\"og:url\" content=\"https:\/\/mvebio.com\/pt-br\/nossos-produtos\/criadores-freezers\/serie-mve\/\" \/>\n<meta property=\"og:site_name\" content=\"MVE Biological Solutions\" \/>\n<meta property=\"article:modified_time\" content=\"2026-02-18T15:41:47+00:00\" \/>\n<meta property=\"og:image\" content=\"https:\/\/mvebio.com\/wp-content\/uploads\/sites\/4\/2023\/12\/MVE-Series-1-e1701460226836.jpg\" \/>\n\t<meta property=\"og:image:width\" content=\"1200\" \/>\n\t<meta property=\"og:image:height\" content=\"562\" \/>\n\t<meta property=\"og:image:type\" content=\"image\/jpeg\" \/>\n<meta name=\"twitter:card\" content=\"summary_large_image\" \/>\n<meta name=\"twitter:site\" content=\"@MveBioSolutions\" \/>\n<meta name=\"twitter:label1\" content=\"Est. tempo de leitura\" \/>\n\t<meta name=\"twitter:data1\" content=\"4 minutos\" \/>\n<script type=\"application\/ld+json\" class=\"yoast-schema-graph\">{\"@context\":\"https:\/\/schema.org\",\"@graph\":[{\"@type\":\"WebPage\",\"@id\":\"https:\/\/mvebio.com\/pt-br\/nossos-produtos\/criadores-freezers\/serie-mve\/\",\"url\":\"https:\/\/mvebio.com\/pt-br\/nossos-produtos\/criadores-freezers\/serie-mve\/\",\"name\":\"MVE Series - MVE Biological Solutions\",\"isPartOf\":{\"@id\":\"https:\/\/mvebio.com\/pt-br\/#website\"},\"primaryImageOfPage\":{\"@id\":\"https:\/\/mvebio.com\/pt-br\/nossos-produtos\/criadores-freezers\/serie-mve\/#primaryimage\"},\"image\":{\"@id\":\"https:\/\/mvebio.com\/pt-br\/nossos-produtos\/criadores-freezers\/serie-mve\/#primaryimage\"},\"thumbnailUrl\":\"https:\/\/mvebio.com\/wp-content\/uploads\/sites\/4\/2023\/12\/MVE-Series-1-e1701460226836.jpg\",\"datePublished\":\"2023-11-02T14:57:04+00:00\",\"dateModified\":\"2026-02-18T15:41:47+00:00\",\"description\":\"Seja para armazenar gen\u00e9tica de elite da ra\u00e7a Holstein ou grandes quantidades de gen\u00e9tica da ra\u00e7a Angus, germoplasma de companheiros de pedigree ou ex\u00f3ticos, o freezer da s\u00e9rie MVE oferece uma solu\u00e7\u00e3o ideal de armazenamento de palha a granel com recursos aprimorados de seguran\u00e7a de temperatura. A altamente vers\u00e1til S\u00e9rie MVE oferece armazenamento eficiente a granel e est\u00e1 dispon\u00edvel em tamanhos exclusivos que correspondem a capacidades de armazenamento que variam de 23 a 150 recipientes (73 mm de di\u00e2metro), tornando a S\u00e9rie MVE ideal para qualquer aplica\u00e7\u00e3o de cria\u00e7\u00e3o.\",\"breadcrumb\":{\"@id\":\"https:\/\/mvebio.com\/pt-br\/nossos-produtos\/criadores-freezers\/serie-mve\/#breadcrumb\"},\"inLanguage\":\"pt-BR\",\"potentialAction\":[{\"@type\":\"ReadAction\",\"target\":[\"https:\/\/mvebio.com\/pt-br\/nossos-produtos\/criadores-freezers\/serie-mve\/\"]}]},{\"@type\":\"ImageObject\",\"inLanguage\":\"pt-BR\",\"@id\":\"https:\/\/mvebio.com\/pt-br\/nossos-produtos\/criadores-freezers\/serie-mve\/#primaryimage\",\"url\":\"https:\/\/mvebio.com\/wp-content\/uploads\/sites\/4\/2023\/12\/MVE-Series-1-e1701460226836.jpg\",\"contentUrl\":\"https:\/\/mvebio.com\/wp-content\/uploads\/sites\/4\/2023\/12\/MVE-Series-1-e1701460226836.jpg\",\"width\":1200,\"height\":562,\"caption\":\"MVE Series\"},{\"@type\":\"BreadcrumbList\",\"@id\":\"https:\/\/mvebio.com\/pt-br\/nossos-produtos\/criadores-freezers\/serie-mve\/#breadcrumb\",\"itemListElement\":[{\"@type\":\"ListItem\",\"position\":1,\"name\":\"P\u00e1gina inicial\",\"item\":\"https:\/\/mvebio.com\/pt-br\/homepage\/\"},{\"@type\":\"ListItem\",\"position\":2,\"name\":\"Nossos produtos\",\"item\":\"https:\/\/mvebio.com\/pt-br\/nossos-produtos\/\"},{\"@type\":\"ListItem\",\"position\":3,\"name\":\"Criadores (Freezers)\",\"item\":\"https:\/\/mvebio.com\/pt-br\/nossos-produtos\/criadores-freezers\/\"},{\"@type\":\"ListItem\",\"position\":4,\"name\":\"MVE Series\"}]},{\"@type\":\"WebSite\",\"@id\":\"https:\/\/mvebio.com\/pt-br\/#website\",\"url\":\"https:\/\/mvebio.com\/pt-br\/\",\"name\":\"MVE Biological Solutions\",\"description\":\"Cryogenic freezers and dewars\",\"publisher\":{\"@id\":\"https:\/\/mvebio.com\/pt-br\/#organization\"},\"alternateName\":\"MVE Bio\",\"potentialAction\":[{\"@type\":\"SearchAction\",\"target\":{\"@type\":\"EntryPoint\",\"urlTemplate\":\"https:\/\/mvebio.com\/pt-br\/?s={search_term_string}\"},\"query-input\":{\"@type\":\"PropertyValueSpecification\",\"valueRequired\":true,\"valueName\":\"search_term_string\"}}],\"inLanguage\":\"pt-BR\"},{\"@type\":\"Organization\",\"@id\":\"https:\/\/mvebio.com\/pt-br\/#organization\",\"name\":\"MVE Biological Solutions\",\"alternateName\":\"MVE Bio\",\"url\":\"https:\/\/mvebio.com\/pt-br\/\",\"logo\":{\"@type\":\"ImageObject\",\"inLanguage\":\"pt-BR\",\"@id\":\"https:\/\/mvebio.com\/pt-br\/#\/schema\/logo\/image\/\",\"url\":\"https:\/\/mvebio.com\/wp-content\/uploads\/sites\/4\/2023\/12\/mve-square.png\",\"contentUrl\":\"https:\/\/mvebio.com\/wp-content\/uploads\/sites\/4\/2023\/12\/mve-square.png\",\"width\":1200,\"height\":1200,\"caption\":\"MVE Biological Solutions\"},\"image\":{\"@id\":\"https:\/\/mvebio.com\/pt-br\/#\/schema\/logo\/image\/\"},\"sameAs\":[\"https:\/\/x.com\/MveBioSolutions\",\"https:\/\/www.linkedin.com\/company\/mvebio\/\"]}]}<\/script>\n<!-- \/ Yoast SEO plugin. -->","yoast_head_json":{"title":"MVE Series - MVE Biological Solutions","description":"Seja para armazenar gen\u00e9tica de elite da ra\u00e7a Holstein ou grandes quantidades de gen\u00e9tica da ra\u00e7a Angus, germoplasma de companheiros de pedigree ou ex\u00f3ticos, o freezer da s\u00e9rie MVE oferece uma solu\u00e7\u00e3o ideal de armazenamento de palha a granel com recursos aprimorados de seguran\u00e7a de temperatura. A altamente vers\u00e1til S\u00e9rie MVE oferece armazenamento eficiente a granel e est\u00e1 dispon\u00edvel em tamanhos exclusivos que correspondem a capacidades de armazenamento que variam de 23 a 150 recipientes (73 mm de di\u00e2metro), tornando a S\u00e9rie MVE ideal para qualquer aplica\u00e7\u00e3o de cria\u00e7\u00e3o.","robots":{"index":"index","follow":"follow","max-snippet":"max-snippet:-1","max-image-preview":"max-image-preview:large","max-video-preview":"max-video-preview:-1"},"canonical":"https:\/\/mvebio.com\/pt-br\/nossos-produtos\/criadores-freezers\/serie-mve\/","og_locale":"pt_BR","og_type":"article","og_title":"MVE Series - MVE Biological Solutions","og_description":"Seja para armazenar gen\u00e9tica de elite da ra\u00e7a Holstein ou grandes quantidades de gen\u00e9tica da ra\u00e7a Angus, germoplasma de companheiros de pedigree ou ex\u00f3ticos, o freezer da s\u00e9rie MVE oferece uma solu\u00e7\u00e3o ideal de armazenamento de palha a granel com recursos aprimorados de seguran\u00e7a de temperatura. A altamente vers\u00e1til S\u00e9rie MVE oferece armazenamento eficiente a granel e est\u00e1 dispon\u00edvel em tamanhos exclusivos que correspondem a capacidades de armazenamento que variam de 23 a 150 recipientes (73 mm de di\u00e2metro), tornando a S\u00e9rie MVE ideal para qualquer aplica\u00e7\u00e3o de cria\u00e7\u00e3o.","og_url":"https:\/\/mvebio.com\/pt-br\/nossos-produtos\/criadores-freezers\/serie-mve\/","og_site_name":"MVE Biological Solutions","article_modified_time":"2026-02-18T15:41:47+00:00","og_image":[{"width":1200,"height":562,"url":"https:\/\/mvebio.com\/wp-content\/uploads\/sites\/4\/2023\/12\/MVE-Series-1-e1701460226836.jpg","type":"image\/jpeg"}],"twitter_card":"summary_large_image","twitter_site":"@MveBioSolutions","twitter_misc":{"Est. tempo de leitura":"4 minutos"},"schema":{"@context":"https:\/\/schema.org","@graph":[{"@type":"WebPage","@id":"https:\/\/mvebio.com\/pt-br\/nossos-produtos\/criadores-freezers\/serie-mve\/","url":"https:\/\/mvebio.com\/pt-br\/nossos-produtos\/criadores-freezers\/serie-mve\/","name":"MVE Series - MVE Biological Solutions","isPartOf":{"@id":"https:\/\/mvebio.com\/pt-br\/#website"},"primaryImageOfPage":{"@id":"https:\/\/mvebio.com\/pt-br\/nossos-produtos\/criadores-freezers\/serie-mve\/#primaryimage"},"image":{"@id":"https:\/\/mvebio.com\/pt-br\/nossos-produtos\/criadores-freezers\/serie-mve\/#primaryimage"},"thumbnailUrl":"https:\/\/mvebio.com\/wp-content\/uploads\/sites\/4\/2023\/12\/MVE-Series-1-e1701460226836.jpg","datePublished":"2023-11-02T14:57:04+00:00","dateModified":"2026-02-18T15:41:47+00:00","description":"Seja para armazenar gen\u00e9tica de elite da ra\u00e7a Holstein ou grandes quantidades de gen\u00e9tica da ra\u00e7a Angus, germoplasma de companheiros de pedigree ou ex\u00f3ticos, o freezer da s\u00e9rie MVE oferece uma solu\u00e7\u00e3o ideal de armazenamento de palha a granel com recursos aprimorados de seguran\u00e7a de temperatura. A altamente vers\u00e1til S\u00e9rie MVE oferece armazenamento eficiente a granel e est\u00e1 dispon\u00edvel em tamanhos exclusivos que correspondem a capacidades de armazenamento que variam de 23 a 150 recipientes (73 mm de di\u00e2metro), tornando a S\u00e9rie MVE ideal para qualquer aplica\u00e7\u00e3o de cria\u00e7\u00e3o.","breadcrumb":{"@id":"https:\/\/mvebio.com\/pt-br\/nossos-produtos\/criadores-freezers\/serie-mve\/#breadcrumb"},"inLanguage":"pt-BR","potentialAction":[{"@type":"ReadAction","target":["https:\/\/mvebio.com\/pt-br\/nossos-produtos\/criadores-freezers\/serie-mve\/"]}]},{"@type":"ImageObject","inLanguage":"pt-BR","@id":"https:\/\/mvebio.com\/pt-br\/nossos-produtos\/criadores-freezers\/serie-mve\/#primaryimage","url":"https:\/\/mvebio.com\/wp-content\/uploads\/sites\/4\/2023\/12\/MVE-Series-1-e1701460226836.jpg","contentUrl":"https:\/\/mvebio.com\/wp-content\/uploads\/sites\/4\/2023\/12\/MVE-Series-1-e1701460226836.jpg","width":1200,"height":562,"caption":"MVE Series"},{"@type":"BreadcrumbList","@id":"https:\/\/mvebio.com\/pt-br\/nossos-produtos\/criadores-freezers\/serie-mve\/#breadcrumb","itemListElement":[{"@type":"ListItem","position":1,"name":"P\u00e1gina inicial","item":"https:\/\/mvebio.com\/pt-br\/homepage\/"},{"@type":"ListItem","position":2,"name":"Nossos produtos","item":"https:\/\/mvebio.com\/pt-br\/nossos-produtos\/"},{"@type":"ListItem","position":3,"name":"Criadores (Freezers)","item":"https:\/\/mvebio.com\/pt-br\/nossos-produtos\/criadores-freezers\/"},{"@type":"ListItem","position":4,"name":"MVE Series"}]},{"@type":"WebSite","@id":"https:\/\/mvebio.com\/pt-br\/#website","url":"https:\/\/mvebio.com\/pt-br\/","name":"MVE Biological Solutions","description":"Cryogenic freezers and dewars","publisher":{"@id":"https:\/\/mvebio.com\/pt-br\/#organization"},"alternateName":"MVE Bio","potentialAction":[{"@type":"SearchAction","target":{"@type":"EntryPoint","urlTemplate":"https:\/\/mvebio.com\/pt-br\/?s={search_term_string}"},"query-input":{"@type":"PropertyValueSpecification","valueRequired":true,"valueName":"search_term_string"}}],"inLanguage":"pt-BR"},{"@type":"Organization","@id":"https:\/\/mvebio.com\/pt-br\/#organization","name":"MVE Biological Solutions","alternateName":"MVE Bio","url":"https:\/\/mvebio.com\/pt-br\/","logo":{"@type":"ImageObject","inLanguage":"pt-BR","@id":"https:\/\/mvebio.com\/pt-br\/#\/schema\/logo\/image\/","url":"https:\/\/mvebio.com\/wp-content\/uploads\/sites\/4\/2023\/12\/mve-square.png","contentUrl":"https:\/\/mvebio.com\/wp-content\/uploads\/sites\/4\/2023\/12\/mve-square.png","width":1200,"height":1200,"caption":"MVE Biological Solutions"},"image":{"@id":"https:\/\/mvebio.com\/pt-br\/#\/schema\/logo\/image\/"},"sameAs":["https:\/\/x.com\/MveBioSolutions","https:\/\/www.linkedin.com\/company\/mvebio\/"]}]}},"_links":{"self":[{"href":"https:\/\/mvebio.com\/pt-br\/wp-json\/wp\/v2\/pages\/12609","targetHints":{"allow":["GET"]}}],"collection":[{"href":"https:\/\/mvebio.com\/pt-br\/wp-json\/wp\/v2\/pages"}],"about":[{"href":"https:\/\/mvebio.com\/pt-br\/wp-json\/wp\/v2\/types\/page"}],"author":[{"embeddable":true,"href":"https:\/\/mvebio.com\/pt-br\/wp-json\/wp\/v2\/users\/1"}],"replies":[{"embeddable":true,"href":"https:\/\/mvebio.com\/pt-br\/wp-json\/wp\/v2\/comments?post=12609"}],"version-history":[{"count":3,"href":"https:\/\/mvebio.com\/pt-br\/wp-json\/wp\/v2\/pages\/12609\/revisions"}],"predecessor-version":[{"id":14491,"href":"https:\/\/mvebio.com\/pt-br\/wp-json\/wp\/v2\/pages\/12609\/revisions\/14491"}],"up":[{"embeddable":true,"href":"https:\/\/mvebio.com\/pt-br\/wp-json\/wp\/v2\/pages\/12671"}],"wp:featuredmedia":[{"embeddable":true,"href":"https:\/\/mvebio.com\/pt-br\/wp-json\/wp\/v2\/media\/10525"}],"wp:attachment":[{"href":"https:\/\/mvebio.com\/pt-br\/wp-json\/wp\/v2\/media?parent=12609"}],"curies":[{"name":"wp","href":"https:\/\/api.w.org\/{rel}","templated":true}]}}