{"id":12607,"date":"2024-02-29T18:51:28","date_gmt":"2024-02-29T18:51:28","guid":{"rendered":"https:\/\/mvebio.com\/solicite-uma-cotacao\/"},"modified":"2026-02-18T10:40:48","modified_gmt":"2026-02-18T15:40:48","slug":"solicite-uma-cotacao","status":"publish","type":"page","link":"https:\/\/mvebio.com\/pt-br\/solicite-uma-cotacao\/","title":{"rendered":"Solicite uma cota\u00e7\u00e3o"},"content":{"rendered":"","protected":false},"excerpt":{"rendered":"","protected":false},"author":1,"featured_media":3477,"parent":0,"menu_order":0,"comment_status":"closed","ping_status":"closed","template":"","meta":{"_acf_changed":false,"footnotes":""},"class_list":["post-12607","page","type-page","status-publish","has-post-thumbnail","hentry"],"acf":[],"yoast_head":"<!-- This site is optimized with the Yoast SEO plugin v27.2 - https:\/\/yoast.com\/product\/yoast-seo-wordpress\/ -->\n<title>Solicite uma cota\u00e7\u00e3o - MVE Biological Solutions<\/title>\n<meta name=\"description\" content=\"Conecte-se com confian\u00e7a por meio da p\u00e1gina de contato da MVE. Encontre as informa\u00e7\u00f5es de que voc\u00ea precisa para entrar em contato com nossa equipe dedicada para consultas, suporte ou parcerias. Na MVE, valorizamos a comunica\u00e7\u00e3o e estamos aqui para ajudar voc\u00ea. Entre em contato hoje mesmo e vamos explorar as possibilidades juntos. Sua jornada com a MVE Biological Solutions come\u00e7a com um simples clique na nossa p\u00e1gina de contato.\" \/>\n<meta name=\"robots\" content=\"index, follow, max-snippet:-1, max-image-preview:large, max-video-preview:-1\" \/>\n<link rel=\"canonical\" href=\"https:\/\/mvebio.com\/pt-br\/solicite-uma-cotacao\/\" \/>\n<meta property=\"og:locale\" content=\"pt_BR\" \/>\n<meta property=\"og:type\" content=\"article\" \/>\n<meta property=\"og:title\" content=\"Solicite uma cota\u00e7\u00e3o - MVE Biological Solutions\" \/>\n<meta property=\"og:description\" content=\"Conecte-se com confian\u00e7a por meio da p\u00e1gina de contato da MVE. Encontre as informa\u00e7\u00f5es de que voc\u00ea precisa para entrar em contato com nossa equipe dedicada para consultas, suporte ou parcerias. Na MVE, valorizamos a comunica\u00e7\u00e3o e estamos aqui para ajudar voc\u00ea. Entre em contato hoje mesmo e vamos explorar as possibilidades juntos. Sua jornada com a MVE Biological Solutions come\u00e7a com um simples clique na nossa p\u00e1gina de contato.\" \/>\n<meta property=\"og:url\" content=\"https:\/\/mvebio.com\/pt-br\/solicite-uma-cotacao\/\" \/>\n<meta property=\"og:site_name\" content=\"MVE Biological Solutions\" \/>\n<meta property=\"article:modified_time\" content=\"2026-02-18T15:40:48+00:00\" \/>\n<meta property=\"og:image\" content=\"https:\/\/mvebio.com\/wp-content\/uploads\/sites\/4\/2023\/10\/dna-elemental-bg-scaled-1.jpeg\" \/>\n\t<meta property=\"og:image:width\" content=\"2560\" \/>\n\t<meta property=\"og:image:height\" content=\"901\" \/>\n\t<meta property=\"og:image:type\" content=\"image\/jpeg\" \/>\n<meta name=\"twitter:card\" content=\"summary_large_image\" \/>\n<meta name=\"twitter:site\" content=\"@MveBioSolutions\" \/>\n<script type=\"application\/ld+json\" class=\"yoast-schema-graph\">{\"@context\":\"https:\/\/schema.org\",\"@graph\":[{\"@type\":\"WebPage\",\"@id\":\"https:\/\/mvebio.com\/pt-br\/solicite-uma-cotacao\/\",\"url\":\"https:\/\/mvebio.com\/pt-br\/solicite-uma-cotacao\/\",\"name\":\"Solicite uma cota\u00e7\u00e3o - MVE Biological Solutions\",\"isPartOf\":{\"@id\":\"https:\/\/mvebio.com\/pt-br\/#website\"},\"primaryImageOfPage\":{\"@id\":\"https:\/\/mvebio.com\/pt-br\/solicite-uma-cotacao\/#primaryimage\"},\"image\":{\"@id\":\"https:\/\/mvebio.com\/pt-br\/solicite-uma-cotacao\/#primaryimage\"},\"thumbnailUrl\":\"https:\/\/mvebio.com\/wp-content\/uploads\/sites\/4\/2023\/10\/dna-elemental-bg-scaled-1.jpeg\",\"datePublished\":\"2024-02-29T18:51:28+00:00\",\"dateModified\":\"2026-02-18T15:40:48+00:00\",\"description\":\"Conecte-se com confian\u00e7a por meio da p\u00e1gina de contato da MVE. Encontre as informa\u00e7\u00f5es de que voc\u00ea precisa para entrar em contato com nossa equipe dedicada para consultas, suporte ou parcerias. Na MVE, valorizamos a comunica\u00e7\u00e3o e estamos aqui para ajudar voc\u00ea. Entre em contato hoje mesmo e vamos explorar as possibilidades juntos. Sua jornada com a MVE Biological Solutions come\u00e7a com um simples clique na nossa p\u00e1gina de contato.\",\"breadcrumb\":{\"@id\":\"https:\/\/mvebio.com\/pt-br\/solicite-uma-cotacao\/#breadcrumb\"},\"inLanguage\":\"pt-BR\",\"potentialAction\":[{\"@type\":\"ReadAction\",\"target\":[\"https:\/\/mvebio.com\/pt-br\/solicite-uma-cotacao\/\"]}]},{\"@type\":\"ImageObject\",\"inLanguage\":\"pt-BR\",\"@id\":\"https:\/\/mvebio.com\/pt-br\/solicite-uma-cotacao\/#primaryimage\",\"url\":\"https:\/\/mvebio.com\/wp-content\/uploads\/sites\/4\/2023\/10\/dna-elemental-bg-scaled-1.jpeg\",\"contentUrl\":\"https:\/\/mvebio.com\/wp-content\/uploads\/sites\/4\/2023\/10\/dna-elemental-bg-scaled-1.jpeg\",\"width\":2560,\"height\":901},{\"@type\":\"BreadcrumbList\",\"@id\":\"https:\/\/mvebio.com\/pt-br\/solicite-uma-cotacao\/#breadcrumb\",\"itemListElement\":[{\"@type\":\"ListItem\",\"position\":1,\"name\":\"P\u00e1gina inicial\",\"item\":\"https:\/\/mvebio.com\/pt-br\/homepage\/\"},{\"@type\":\"ListItem\",\"position\":2,\"name\":\"Solicite uma cota\u00e7\u00e3o\"}]},{\"@type\":\"WebSite\",\"@id\":\"https:\/\/mvebio.com\/pt-br\/#website\",\"url\":\"https:\/\/mvebio.com\/pt-br\/\",\"name\":\"MVE Biological Solutions\",\"description\":\"Cryogenic freezers and dewars\",\"publisher\":{\"@id\":\"https:\/\/mvebio.com\/pt-br\/#organization\"},\"alternateName\":\"MVE Bio\",\"potentialAction\":[{\"@type\":\"SearchAction\",\"target\":{\"@type\":\"EntryPoint\",\"urlTemplate\":\"https:\/\/mvebio.com\/pt-br\/?s={search_term_string}\"},\"query-input\":{\"@type\":\"PropertyValueSpecification\",\"valueRequired\":true,\"valueName\":\"search_term_string\"}}],\"inLanguage\":\"pt-BR\"},{\"@type\":\"Organization\",\"@id\":\"https:\/\/mvebio.com\/pt-br\/#organization\",\"name\":\"MVE Biological Solutions\",\"alternateName\":\"MVE Bio\",\"url\":\"https:\/\/mvebio.com\/pt-br\/\",\"logo\":{\"@type\":\"ImageObject\",\"inLanguage\":\"pt-BR\",\"@id\":\"https:\/\/mvebio.com\/pt-br\/#\/schema\/logo\/image\/\",\"url\":\"https:\/\/mvebio.com\/wp-content\/uploads\/sites\/4\/2023\/12\/mve-square.png\",\"contentUrl\":\"https:\/\/mvebio.com\/wp-content\/uploads\/sites\/4\/2023\/12\/mve-square.png\",\"width\":1200,\"height\":1200,\"caption\":\"MVE Biological Solutions\"},\"image\":{\"@id\":\"https:\/\/mvebio.com\/pt-br\/#\/schema\/logo\/image\/\"},\"sameAs\":[\"https:\/\/x.com\/MveBioSolutions\",\"https:\/\/www.linkedin.com\/company\/mvebio\/\"]}]}<\/script>\n<!-- \/ Yoast SEO plugin. -->","yoast_head_json":{"title":"Solicite uma cota\u00e7\u00e3o - MVE Biological Solutions","description":"Conecte-se com confian\u00e7a por meio da p\u00e1gina de contato da MVE. Encontre as informa\u00e7\u00f5es de que voc\u00ea precisa para entrar em contato com nossa equipe dedicada para consultas, suporte ou parcerias. Na MVE, valorizamos a comunica\u00e7\u00e3o e estamos aqui para ajudar voc\u00ea. Entre em contato hoje mesmo e vamos explorar as possibilidades juntos. Sua jornada com a MVE Biological Solutions come\u00e7a com um simples clique na nossa p\u00e1gina de contato.","robots":{"index":"index","follow":"follow","max-snippet":"max-snippet:-1","max-image-preview":"max-image-preview:large","max-video-preview":"max-video-preview:-1"},"canonical":"https:\/\/mvebio.com\/pt-br\/solicite-uma-cotacao\/","og_locale":"pt_BR","og_type":"article","og_title":"Solicite uma cota\u00e7\u00e3o - MVE Biological Solutions","og_description":"Conecte-se com confian\u00e7a por meio da p\u00e1gina de contato da MVE. Encontre as informa\u00e7\u00f5es de que voc\u00ea precisa para entrar em contato com nossa equipe dedicada para consultas, suporte ou parcerias. Na MVE, valorizamos a comunica\u00e7\u00e3o e estamos aqui para ajudar voc\u00ea. Entre em contato hoje mesmo e vamos explorar as possibilidades juntos. Sua jornada com a MVE Biological Solutions come\u00e7a com um simples clique na nossa p\u00e1gina de contato.","og_url":"https:\/\/mvebio.com\/pt-br\/solicite-uma-cotacao\/","og_site_name":"MVE Biological Solutions","article_modified_time":"2026-02-18T15:40:48+00:00","og_image":[{"width":2560,"height":901,"url":"https:\/\/mvebio.com\/wp-content\/uploads\/sites\/4\/2023\/10\/dna-elemental-bg-scaled-1.jpeg","type":"image\/jpeg"}],"twitter_card":"summary_large_image","twitter_site":"@MveBioSolutions","schema":{"@context":"https:\/\/schema.org","@graph":[{"@type":"WebPage","@id":"https:\/\/mvebio.com\/pt-br\/solicite-uma-cotacao\/","url":"https:\/\/mvebio.com\/pt-br\/solicite-uma-cotacao\/","name":"Solicite uma cota\u00e7\u00e3o - MVE Biological Solutions","isPartOf":{"@id":"https:\/\/mvebio.com\/pt-br\/#website"},"primaryImageOfPage":{"@id":"https:\/\/mvebio.com\/pt-br\/solicite-uma-cotacao\/#primaryimage"},"image":{"@id":"https:\/\/mvebio.com\/pt-br\/solicite-uma-cotacao\/#primaryimage"},"thumbnailUrl":"https:\/\/mvebio.com\/wp-content\/uploads\/sites\/4\/2023\/10\/dna-elemental-bg-scaled-1.jpeg","datePublished":"2024-02-29T18:51:28+00:00","dateModified":"2026-02-18T15:40:48+00:00","description":"Conecte-se com confian\u00e7a por meio da p\u00e1gina de contato da MVE. Encontre as informa\u00e7\u00f5es de que voc\u00ea precisa para entrar em contato com nossa equipe dedicada para consultas, suporte ou parcerias. Na MVE, valorizamos a comunica\u00e7\u00e3o e estamos aqui para ajudar voc\u00ea. Entre em contato hoje mesmo e vamos explorar as possibilidades juntos. Sua jornada com a MVE Biological Solutions come\u00e7a com um simples clique na nossa p\u00e1gina de contato.","breadcrumb":{"@id":"https:\/\/mvebio.com\/pt-br\/solicite-uma-cotacao\/#breadcrumb"},"inLanguage":"pt-BR","potentialAction":[{"@type":"ReadAction","target":["https:\/\/mvebio.com\/pt-br\/solicite-uma-cotacao\/"]}]},{"@type":"ImageObject","inLanguage":"pt-BR","@id":"https:\/\/mvebio.com\/pt-br\/solicite-uma-cotacao\/#primaryimage","url":"https:\/\/mvebio.com\/wp-content\/uploads\/sites\/4\/2023\/10\/dna-elemental-bg-scaled-1.jpeg","contentUrl":"https:\/\/mvebio.com\/wp-content\/uploads\/sites\/4\/2023\/10\/dna-elemental-bg-scaled-1.jpeg","width":2560,"height":901},{"@type":"BreadcrumbList","@id":"https:\/\/mvebio.com\/pt-br\/solicite-uma-cotacao\/#breadcrumb","itemListElement":[{"@type":"ListItem","position":1,"name":"P\u00e1gina inicial","item":"https:\/\/mvebio.com\/pt-br\/homepage\/"},{"@type":"ListItem","position":2,"name":"Solicite uma cota\u00e7\u00e3o"}]},{"@type":"WebSite","@id":"https:\/\/mvebio.com\/pt-br\/#website","url":"https:\/\/mvebio.com\/pt-br\/","name":"MVE Biological Solutions","description":"Cryogenic freezers and dewars","publisher":{"@id":"https:\/\/mvebio.com\/pt-br\/#organization"},"alternateName":"MVE Bio","potentialAction":[{"@type":"SearchAction","target":{"@type":"EntryPoint","urlTemplate":"https:\/\/mvebio.com\/pt-br\/?s={search_term_string}"},"query-input":{"@type":"PropertyValueSpecification","valueRequired":true,"valueName":"search_term_string"}}],"inLanguage":"pt-BR"},{"@type":"Organization","@id":"https:\/\/mvebio.com\/pt-br\/#organization","name":"MVE Biological Solutions","alternateName":"MVE Bio","url":"https:\/\/mvebio.com\/pt-br\/","logo":{"@type":"ImageObject","inLanguage":"pt-BR","@id":"https:\/\/mvebio.com\/pt-br\/#\/schema\/logo\/image\/","url":"https:\/\/mvebio.com\/wp-content\/uploads\/sites\/4\/2023\/12\/mve-square.png","contentUrl":"https:\/\/mvebio.com\/wp-content\/uploads\/sites\/4\/2023\/12\/mve-square.png","width":1200,"height":1200,"caption":"MVE Biological Solutions"},"image":{"@id":"https:\/\/mvebio.com\/pt-br\/#\/schema\/logo\/image\/"},"sameAs":["https:\/\/x.com\/MveBioSolutions","https:\/\/www.linkedin.com\/company\/mvebio\/"]}]}},"_links":{"self":[{"href":"https:\/\/mvebio.com\/pt-br\/wp-json\/wp\/v2\/pages\/12607","targetHints":{"allow":["GET"]}}],"collection":[{"href":"https:\/\/mvebio.com\/pt-br\/wp-json\/wp\/v2\/pages"}],"about":[{"href":"https:\/\/mvebio.com\/pt-br\/wp-json\/wp\/v2\/types\/page"}],"author":[{"embeddable":true,"href":"https:\/\/mvebio.com\/pt-br\/wp-json\/wp\/v2\/users\/1"}],"replies":[{"embeddable":true,"href":"https:\/\/mvebio.com\/pt-br\/wp-json\/wp\/v2\/comments?post=12607"}],"version-history":[{"count":1,"href":"https:\/\/mvebio.com\/pt-br\/wp-json\/wp\/v2\/pages\/12607\/revisions"}],"predecessor-version":[{"id":14436,"href":"https:\/\/mvebio.com\/pt-br\/wp-json\/wp\/v2\/pages\/12607\/revisions\/14436"}],"wp:featuredmedia":[{"embeddable":true,"href":"https:\/\/mvebio.com\/pt-br\/wp-json\/wp\/v2\/media\/3477"}],"wp:attachment":[{"href":"https:\/\/mvebio.com\/pt-br\/wp-json\/wp\/v2\/media?parent=12607"}],"curies":[{"name":"wp","href":"https:\/\/api.w.org\/{rel}","templated":true}]}}