{"id":12759,"date":"2022-09-28T12:48:58","date_gmt":"2022-09-28T11:48:58","guid":{"rendered":"https:\/\/mvebio.com\/our-products\/scienze-della-vita-alluminio\/one-way-shipper\/"},"modified":"2026-02-18T11:18:06","modified_gmt":"2026-02-18T16:18:06","slug":"spedizioniere-unidirezionale","status":"publish","type":"page","link":"https:\/\/mvebio.com\/it\/i-nostri-prodotti\/scienze-della-vita-alluminio\/spedizioniere-unidirezionale\/","title":{"rendered":"One Way Shipper"},"content":{"rendered":"","protected":false},"excerpt":{"rendered":"<p>Scopri la spedizione criogenica senza problemi<\/p>\n","protected":false},"author":1,"featured_media":10558,"parent":12733,"menu_order":0,"comment_status":"closed","ping_status":"closed","template":"","meta":{"_acf_changed":false,"footnotes":""},"class_list":["post-12759","page","type-page","status-publish","has-post-thumbnail","hentry"],"acf":[],"yoast_head":"<!-- This site is optimized with the Yoast SEO plugin v27.2 - https:\/\/yoast.com\/product\/yoast-seo-wordpress\/ -->\n<title>One Way Shipper - MVE Biological Solutions<\/title>\n<meta name=\"description\" content=\"I caricatori BL-7 e CryoCube sono le soluzioni di spedizione criogenica facili e senza stress per le Scienze della Vita. Con questi trasportatori unidirezionali puoi trasportare i tuoi campioni dalle aziende di congelamento, dalle strutture di biobanking o dal tuo biorepository senza il fastidio di dover restituire l&#039;unit\u00e0. Trasferire embrioni, sperma e altri campioni biologici non \u00e8 mai stato cos\u00ec semplice. La convenienza di questi prodotti ti permette di dedicare il tuo tempo alla gestione dei campioni invece che alla gestione della tua flotta di spedizionieri.\" \/>\n<meta name=\"robots\" content=\"index, follow, max-snippet:-1, max-image-preview:large, max-video-preview:-1\" \/>\n<link rel=\"canonical\" href=\"https:\/\/mvebio.com\/it\/i-nostri-prodotti\/scienze-della-vita-alluminio\/spedizioniere-unidirezionale\/\" \/>\n<meta property=\"og:locale\" content=\"it_IT\" \/>\n<meta property=\"og:type\" content=\"article\" \/>\n<meta property=\"og:title\" content=\"One Way Shipper - MVE Biological Solutions\" \/>\n<meta property=\"og:description\" content=\"I caricatori BL-7 e CryoCube sono le soluzioni di spedizione criogenica facili e senza stress per le Scienze della Vita. Con questi trasportatori unidirezionali puoi trasportare i tuoi campioni dalle aziende di congelamento, dalle strutture di biobanking o dal tuo biorepository senza il fastidio di dover restituire l&#039;unit\u00e0. Trasferire embrioni, sperma e altri campioni biologici non \u00e8 mai stato cos\u00ec semplice. La convenienza di questi prodotti ti permette di dedicare il tuo tempo alla gestione dei campioni invece che alla gestione della tua flotta di spedizionieri.\" \/>\n<meta property=\"og:url\" content=\"https:\/\/mvebio.com\/it\/i-nostri-prodotti\/scienze-della-vita-alluminio\/spedizioniere-unidirezionale\/\" \/>\n<meta property=\"og:site_name\" content=\"MVE Biological Solutions\" \/>\n<meta property=\"article:modified_time\" content=\"2026-02-18T16:18:06+00:00\" \/>\n<meta property=\"og:image\" content=\"https:\/\/mvebio.com\/wp-content\/uploads\/sites\/4\/2023\/12\/MVE-BL7-Box-1.jpg\" \/>\n\t<meta property=\"og:image:width\" content=\"1200\" \/>\n\t<meta property=\"og:image:height\" content=\"562\" \/>\n\t<meta property=\"og:image:type\" content=\"image\/jpeg\" \/>\n<meta name=\"twitter:card\" content=\"summary_large_image\" \/>\n<meta name=\"twitter:site\" content=\"@MveBioSolutions\" \/>\n<meta name=\"twitter:label1\" content=\"Tempo di lettura stimato\" \/>\n\t<meta name=\"twitter:data1\" content=\"4 minuti\" \/>\n<script type=\"application\/ld+json\" class=\"yoast-schema-graph\">{\"@context\":\"https:\/\/schema.org\",\"@graph\":[{\"@type\":\"WebPage\",\"@id\":\"https:\/\/mvebio.com\/it\/i-nostri-prodotti\/scienze-della-vita-alluminio\/spedizioniere-unidirezionale\/\",\"url\":\"https:\/\/mvebio.com\/it\/i-nostri-prodotti\/scienze-della-vita-alluminio\/spedizioniere-unidirezionale\/\",\"name\":\"One Way Shipper - MVE Biological Solutions\",\"isPartOf\":{\"@id\":\"https:\/\/mvebio.com\/it\/#website\"},\"primaryImageOfPage\":{\"@id\":\"https:\/\/mvebio.com\/it\/i-nostri-prodotti\/scienze-della-vita-alluminio\/spedizioniere-unidirezionale\/#primaryimage\"},\"image\":{\"@id\":\"https:\/\/mvebio.com\/it\/i-nostri-prodotti\/scienze-della-vita-alluminio\/spedizioniere-unidirezionale\/#primaryimage\"},\"thumbnailUrl\":\"https:\/\/mvebio.com\/wp-content\/uploads\/sites\/4\/2023\/12\/MVE-BL7-Box-1.jpg\",\"datePublished\":\"2022-09-28T11:48:58+00:00\",\"dateModified\":\"2026-02-18T16:18:06+00:00\",\"description\":\"I caricatori BL-7 e CryoCube sono le soluzioni di spedizione criogenica facili e senza stress per le Scienze della Vita. Con questi trasportatori unidirezionali puoi trasportare i tuoi campioni dalle aziende di congelamento, dalle strutture di biobanking o dal tuo biorepository senza il fastidio di dover restituire l'unit\u00e0. Trasferire embrioni, sperma e altri campioni biologici non \u00e8 mai stato cos\u00ec semplice. La convenienza di questi prodotti ti permette di dedicare il tuo tempo alla gestione dei campioni invece che alla gestione della tua flotta di spedizionieri.\",\"breadcrumb\":{\"@id\":\"https:\/\/mvebio.com\/it\/i-nostri-prodotti\/scienze-della-vita-alluminio\/spedizioniere-unidirezionale\/#breadcrumb\"},\"inLanguage\":\"it-IT\",\"potentialAction\":[{\"@type\":\"ReadAction\",\"target\":[\"https:\/\/mvebio.com\/it\/i-nostri-prodotti\/scienze-della-vita-alluminio\/spedizioniere-unidirezionale\/\"]}]},{\"@type\":\"ImageObject\",\"inLanguage\":\"it-IT\",\"@id\":\"https:\/\/mvebio.com\/it\/i-nostri-prodotti\/scienze-della-vita-alluminio\/spedizioniere-unidirezionale\/#primaryimage\",\"url\":\"https:\/\/mvebio.com\/wp-content\/uploads\/sites\/4\/2023\/12\/MVE-BL7-Box-1.jpg\",\"contentUrl\":\"https:\/\/mvebio.com\/wp-content\/uploads\/sites\/4\/2023\/12\/MVE-BL7-Box-1.jpg\",\"width\":1200,\"height\":562,\"caption\":\"BL7\"},{\"@type\":\"BreadcrumbList\",\"@id\":\"https:\/\/mvebio.com\/it\/i-nostri-prodotti\/scienze-della-vita-alluminio\/spedizioniere-unidirezionale\/#breadcrumb\",\"itemListElement\":[{\"@type\":\"ListItem\",\"position\":1,\"name\":\"Pagina principale\",\"item\":\"https:\/\/mvebio.com\/it\/homepage\/\"},{\"@type\":\"ListItem\",\"position\":2,\"name\":\"I nostri prodotti\",\"item\":\"https:\/\/mvebio.com\/it\/i-nostri-prodotti\/\"},{\"@type\":\"ListItem\",\"position\":3,\"name\":\"Scienze della vita (alluminio)\",\"item\":\"https:\/\/mvebio.com\/it\/i-nostri-prodotti\/scienze-della-vita-alluminio\/\"},{\"@type\":\"ListItem\",\"position\":4,\"name\":\"One Way Shipper\"}]},{\"@type\":\"WebSite\",\"@id\":\"https:\/\/mvebio.com\/it\/#website\",\"url\":\"https:\/\/mvebio.com\/it\/\",\"name\":\"MVE Biological Solutions\",\"description\":\"Cryogenic freezers and dewars\",\"publisher\":{\"@id\":\"https:\/\/mvebio.com\/it\/#organization\"},\"alternateName\":\"MVE Bio\",\"potentialAction\":[{\"@type\":\"SearchAction\",\"target\":{\"@type\":\"EntryPoint\",\"urlTemplate\":\"https:\/\/mvebio.com\/it\/?s={search_term_string}\"},\"query-input\":{\"@type\":\"PropertyValueSpecification\",\"valueRequired\":true,\"valueName\":\"search_term_string\"}}],\"inLanguage\":\"it-IT\"},{\"@type\":\"Organization\",\"@id\":\"https:\/\/mvebio.com\/it\/#organization\",\"name\":\"MVE Biological Solutions\",\"alternateName\":\"MVE Bio\",\"url\":\"https:\/\/mvebio.com\/it\/\",\"logo\":{\"@type\":\"ImageObject\",\"inLanguage\":\"it-IT\",\"@id\":\"https:\/\/mvebio.com\/it\/#\/schema\/logo\/image\/\",\"url\":\"https:\/\/mvebio.com\/wp-content\/uploads\/sites\/4\/2023\/12\/mve-square.png\",\"contentUrl\":\"https:\/\/mvebio.com\/wp-content\/uploads\/sites\/4\/2023\/12\/mve-square.png\",\"width\":1200,\"height\":1200,\"caption\":\"MVE Biological Solutions\"},\"image\":{\"@id\":\"https:\/\/mvebio.com\/it\/#\/schema\/logo\/image\/\"},\"sameAs\":[\"https:\/\/x.com\/MveBioSolutions\",\"https:\/\/www.linkedin.com\/company\/mvebio\/\"]}]}<\/script>\n<!-- \/ Yoast SEO plugin. -->","yoast_head_json":{"title":"One Way Shipper - MVE Biological Solutions","description":"I caricatori BL-7 e CryoCube sono le soluzioni di spedizione criogenica facili e senza stress per le Scienze della Vita. Con questi trasportatori unidirezionali puoi trasportare i tuoi campioni dalle aziende di congelamento, dalle strutture di biobanking o dal tuo biorepository senza il fastidio di dover restituire l'unit\u00e0. Trasferire embrioni, sperma e altri campioni biologici non \u00e8 mai stato cos\u00ec semplice. La convenienza di questi prodotti ti permette di dedicare il tuo tempo alla gestione dei campioni invece che alla gestione della tua flotta di spedizionieri.","robots":{"index":"index","follow":"follow","max-snippet":"max-snippet:-1","max-image-preview":"max-image-preview:large","max-video-preview":"max-video-preview:-1"},"canonical":"https:\/\/mvebio.com\/it\/i-nostri-prodotti\/scienze-della-vita-alluminio\/spedizioniere-unidirezionale\/","og_locale":"it_IT","og_type":"article","og_title":"One Way Shipper - MVE Biological Solutions","og_description":"I caricatori BL-7 e CryoCube sono le soluzioni di spedizione criogenica facili e senza stress per le Scienze della Vita. Con questi trasportatori unidirezionali puoi trasportare i tuoi campioni dalle aziende di congelamento, dalle strutture di biobanking o dal tuo biorepository senza il fastidio di dover restituire l'unit\u00e0. Trasferire embrioni, sperma e altri campioni biologici non \u00e8 mai stato cos\u00ec semplice. La convenienza di questi prodotti ti permette di dedicare il tuo tempo alla gestione dei campioni invece che alla gestione della tua flotta di spedizionieri.","og_url":"https:\/\/mvebio.com\/it\/i-nostri-prodotti\/scienze-della-vita-alluminio\/spedizioniere-unidirezionale\/","og_site_name":"MVE Biological Solutions","article_modified_time":"2026-02-18T16:18:06+00:00","og_image":[{"width":1200,"height":562,"url":"https:\/\/mvebio.com\/wp-content\/uploads\/sites\/4\/2023\/12\/MVE-BL7-Box-1.jpg","type":"image\/jpeg"}],"twitter_card":"summary_large_image","twitter_site":"@MveBioSolutions","twitter_misc":{"Tempo di lettura stimato":"4 minuti"},"schema":{"@context":"https:\/\/schema.org","@graph":[{"@type":"WebPage","@id":"https:\/\/mvebio.com\/it\/i-nostri-prodotti\/scienze-della-vita-alluminio\/spedizioniere-unidirezionale\/","url":"https:\/\/mvebio.com\/it\/i-nostri-prodotti\/scienze-della-vita-alluminio\/spedizioniere-unidirezionale\/","name":"One Way Shipper - MVE Biological Solutions","isPartOf":{"@id":"https:\/\/mvebio.com\/it\/#website"},"primaryImageOfPage":{"@id":"https:\/\/mvebio.com\/it\/i-nostri-prodotti\/scienze-della-vita-alluminio\/spedizioniere-unidirezionale\/#primaryimage"},"image":{"@id":"https:\/\/mvebio.com\/it\/i-nostri-prodotti\/scienze-della-vita-alluminio\/spedizioniere-unidirezionale\/#primaryimage"},"thumbnailUrl":"https:\/\/mvebio.com\/wp-content\/uploads\/sites\/4\/2023\/12\/MVE-BL7-Box-1.jpg","datePublished":"2022-09-28T11:48:58+00:00","dateModified":"2026-02-18T16:18:06+00:00","description":"I caricatori BL-7 e CryoCube sono le soluzioni di spedizione criogenica facili e senza stress per le Scienze della Vita. Con questi trasportatori unidirezionali puoi trasportare i tuoi campioni dalle aziende di congelamento, dalle strutture di biobanking o dal tuo biorepository senza il fastidio di dover restituire l'unit\u00e0. Trasferire embrioni, sperma e altri campioni biologici non \u00e8 mai stato cos\u00ec semplice. La convenienza di questi prodotti ti permette di dedicare il tuo tempo alla gestione dei campioni invece che alla gestione della tua flotta di spedizionieri.","breadcrumb":{"@id":"https:\/\/mvebio.com\/it\/i-nostri-prodotti\/scienze-della-vita-alluminio\/spedizioniere-unidirezionale\/#breadcrumb"},"inLanguage":"it-IT","potentialAction":[{"@type":"ReadAction","target":["https:\/\/mvebio.com\/it\/i-nostri-prodotti\/scienze-della-vita-alluminio\/spedizioniere-unidirezionale\/"]}]},{"@type":"ImageObject","inLanguage":"it-IT","@id":"https:\/\/mvebio.com\/it\/i-nostri-prodotti\/scienze-della-vita-alluminio\/spedizioniere-unidirezionale\/#primaryimage","url":"https:\/\/mvebio.com\/wp-content\/uploads\/sites\/4\/2023\/12\/MVE-BL7-Box-1.jpg","contentUrl":"https:\/\/mvebio.com\/wp-content\/uploads\/sites\/4\/2023\/12\/MVE-BL7-Box-1.jpg","width":1200,"height":562,"caption":"BL7"},{"@type":"BreadcrumbList","@id":"https:\/\/mvebio.com\/it\/i-nostri-prodotti\/scienze-della-vita-alluminio\/spedizioniere-unidirezionale\/#breadcrumb","itemListElement":[{"@type":"ListItem","position":1,"name":"Pagina principale","item":"https:\/\/mvebio.com\/it\/homepage\/"},{"@type":"ListItem","position":2,"name":"I nostri prodotti","item":"https:\/\/mvebio.com\/it\/i-nostri-prodotti\/"},{"@type":"ListItem","position":3,"name":"Scienze della vita (alluminio)","item":"https:\/\/mvebio.com\/it\/i-nostri-prodotti\/scienze-della-vita-alluminio\/"},{"@type":"ListItem","position":4,"name":"One Way Shipper"}]},{"@type":"WebSite","@id":"https:\/\/mvebio.com\/it\/#website","url":"https:\/\/mvebio.com\/it\/","name":"MVE Biological Solutions","description":"Cryogenic freezers and dewars","publisher":{"@id":"https:\/\/mvebio.com\/it\/#organization"},"alternateName":"MVE Bio","potentialAction":[{"@type":"SearchAction","target":{"@type":"EntryPoint","urlTemplate":"https:\/\/mvebio.com\/it\/?s={search_term_string}"},"query-input":{"@type":"PropertyValueSpecification","valueRequired":true,"valueName":"search_term_string"}}],"inLanguage":"it-IT"},{"@type":"Organization","@id":"https:\/\/mvebio.com\/it\/#organization","name":"MVE Biological Solutions","alternateName":"MVE Bio","url":"https:\/\/mvebio.com\/it\/","logo":{"@type":"ImageObject","inLanguage":"it-IT","@id":"https:\/\/mvebio.com\/it\/#\/schema\/logo\/image\/","url":"https:\/\/mvebio.com\/wp-content\/uploads\/sites\/4\/2023\/12\/mve-square.png","contentUrl":"https:\/\/mvebio.com\/wp-content\/uploads\/sites\/4\/2023\/12\/mve-square.png","width":1200,"height":1200,"caption":"MVE Biological Solutions"},"image":{"@id":"https:\/\/mvebio.com\/it\/#\/schema\/logo\/image\/"},"sameAs":["https:\/\/x.com\/MveBioSolutions","https:\/\/www.linkedin.com\/company\/mvebio\/"]}]}},"_links":{"self":[{"href":"https:\/\/mvebio.com\/it\/wp-json\/wp\/v2\/pages\/12759","targetHints":{"allow":["GET"]}}],"collection":[{"href":"https:\/\/mvebio.com\/it\/wp-json\/wp\/v2\/pages"}],"about":[{"href":"https:\/\/mvebio.com\/it\/wp-json\/wp\/v2\/types\/page"}],"author":[{"embeddable":true,"href":"https:\/\/mvebio.com\/it\/wp-json\/wp\/v2\/users\/1"}],"replies":[{"embeddable":true,"href":"https:\/\/mvebio.com\/it\/wp-json\/wp\/v2\/comments?post=12759"}],"version-history":[{"count":2,"href":"https:\/\/mvebio.com\/it\/wp-json\/wp\/v2\/pages\/12759\/revisions"}],"predecessor-version":[{"id":14638,"href":"https:\/\/mvebio.com\/it\/wp-json\/wp\/v2\/pages\/12759\/revisions\/14638"}],"up":[{"embeddable":true,"href":"https:\/\/mvebio.com\/it\/wp-json\/wp\/v2\/pages\/12733"}],"wp:featuredmedia":[{"embeddable":true,"href":"https:\/\/mvebio.com\/it\/wp-json\/wp\/v2\/media\/10558"}],"wp:attachment":[{"href":"https:\/\/mvebio.com\/it\/wp-json\/wp\/v2\/media?parent=12759"}],"curies":[{"name":"wp","href":"https:\/\/api.w.org\/{rel}","templated":true}]}}