{"id":12661,"date":"2023-03-30T10:49:14","date_gmt":"2023-03-30T09:49:14","guid":{"rendered":"https:\/\/mvebio.com\/our-products\/scienze-della-vita-congelatori\/mve-cryocart\/"},"modified":"2026-02-18T11:18:21","modified_gmt":"2026-02-18T16:18:21","slug":"mve-cryocart","status":"publish","type":"page","link":"https:\/\/mvebio.com\/it\/i-nostri-prodotti\/scienze-della-vita-congelatori\/mve-cryocart\/","title":{"rendered":"MVE CryoCart"},"content":{"rendered":"","protected":false},"excerpt":{"rendered":"<p>Lavora e trasporta in modo efficiente campioni biologici critici<\/p>\n","protected":false},"author":1,"featured_media":10539,"parent":12651,"menu_order":0,"comment_status":"closed","ping_status":"closed","template":"","meta":{"_acf_changed":false,"footnotes":""},"class_list":["post-12661","page","type-page","status-publish","has-post-thumbnail","hentry"],"acf":[],"yoast_head":"<!-- This site is optimized with the Yoast SEO plugin v27.2 - https:\/\/yoast.com\/product\/yoast-seo-wordpress\/ -->\n<title>MVE CryoCart - MVE Biological Solutions<\/title>\n<meta name=\"description\" content=\"Carica e trasporta i tuoi campioni criogenici in tutta tranquillit\u00e0. Lavori in un biorepository, in un centro di congelamento o in una struttura di biobanking? E hai bisogno di trasportare grandi quantit\u00e0 di campioni criogenici con un banco di lavoro criogenico portatile, da una vasca all&#039;altra, senza comprometterne la vitalit\u00e0? In questo caso, MVE CryoCart potrebbe fare al caso tuo. Questa innovativa apparecchiatura \u00e8 stata lo standard per ridurre al minimo gli eventi di time-out-of-environment per i prodotti cellulari per pi\u00f9 di un decennio.\" \/>\n<meta name=\"robots\" content=\"index, follow, max-snippet:-1, max-image-preview:large, max-video-preview:-1\" \/>\n<link rel=\"canonical\" href=\"https:\/\/mvebio.com\/it\/i-nostri-prodotti\/scienze-della-vita-congelatori\/mve-cryocart\/\" \/>\n<meta property=\"og:locale\" content=\"it_IT\" \/>\n<meta property=\"og:type\" content=\"article\" \/>\n<meta property=\"og:title\" content=\"MVE CryoCart - MVE Biological Solutions\" \/>\n<meta property=\"og:description\" content=\"Carica e trasporta i tuoi campioni criogenici in tutta tranquillit\u00e0. Lavori in un biorepository, in un centro di congelamento o in una struttura di biobanking? E hai bisogno di trasportare grandi quantit\u00e0 di campioni criogenici con un banco di lavoro criogenico portatile, da una vasca all&#039;altra, senza comprometterne la vitalit\u00e0? In questo caso, MVE CryoCart potrebbe fare al caso tuo. Questa innovativa apparecchiatura \u00e8 stata lo standard per ridurre al minimo gli eventi di time-out-of-environment per i prodotti cellulari per pi\u00f9 di un decennio.\" \/>\n<meta property=\"og:url\" content=\"https:\/\/mvebio.com\/it\/i-nostri-prodotti\/scienze-della-vita-congelatori\/mve-cryocart\/\" \/>\n<meta property=\"og:site_name\" content=\"MVE Biological Solutions\" \/>\n<meta property=\"article:modified_time\" content=\"2026-02-18T16:18:21+00:00\" \/>\n<meta property=\"og:image\" content=\"https:\/\/mvebio.com\/wp-content\/uploads\/sites\/4\/2023\/12\/Cryo-Cart-1.jpg\" \/>\n\t<meta property=\"og:image:width\" content=\"1200\" \/>\n\t<meta property=\"og:image:height\" content=\"563\" \/>\n\t<meta property=\"og:image:type\" content=\"image\/jpeg\" \/>\n<meta name=\"twitter:card\" content=\"summary_large_image\" \/>\n<meta name=\"twitter:site\" content=\"@MveBioSolutions\" \/>\n<script type=\"application\/ld+json\" class=\"yoast-schema-graph\">{\"@context\":\"https:\/\/schema.org\",\"@graph\":[{\"@type\":\"WebPage\",\"@id\":\"https:\/\/mvebio.com\/it\/i-nostri-prodotti\/scienze-della-vita-congelatori\/mve-cryocart\/\",\"url\":\"https:\/\/mvebio.com\/it\/i-nostri-prodotti\/scienze-della-vita-congelatori\/mve-cryocart\/\",\"name\":\"MVE CryoCart - MVE Biological Solutions\",\"isPartOf\":{\"@id\":\"https:\/\/mvebio.com\/it\/#website\"},\"primaryImageOfPage\":{\"@id\":\"https:\/\/mvebio.com\/it\/i-nostri-prodotti\/scienze-della-vita-congelatori\/mve-cryocart\/#primaryimage\"},\"image\":{\"@id\":\"https:\/\/mvebio.com\/it\/i-nostri-prodotti\/scienze-della-vita-congelatori\/mve-cryocart\/#primaryimage\"},\"thumbnailUrl\":\"https:\/\/mvebio.com\/wp-content\/uploads\/sites\/4\/2023\/12\/Cryo-Cart-1.jpg\",\"datePublished\":\"2023-03-30T09:49:14+00:00\",\"dateModified\":\"2026-02-18T16:18:21+00:00\",\"description\":\"Carica e trasporta i tuoi campioni criogenici in tutta tranquillit\u00e0. Lavori in un biorepository, in un centro di congelamento o in una struttura di biobanking? E hai bisogno di trasportare grandi quantit\u00e0 di campioni criogenici con un banco di lavoro criogenico portatile, da una vasca all'altra, senza comprometterne la vitalit\u00e0? In questo caso, MVE CryoCart potrebbe fare al caso tuo. Questa innovativa apparecchiatura \u00e8 stata lo standard per ridurre al minimo gli eventi di time-out-of-environment per i prodotti cellulari per pi\u00f9 di un decennio.\",\"breadcrumb\":{\"@id\":\"https:\/\/mvebio.com\/it\/i-nostri-prodotti\/scienze-della-vita-congelatori\/mve-cryocart\/#breadcrumb\"},\"inLanguage\":\"it-IT\",\"potentialAction\":[{\"@type\":\"ReadAction\",\"target\":[\"https:\/\/mvebio.com\/it\/i-nostri-prodotti\/scienze-della-vita-congelatori\/mve-cryocart\/\"]}]},{\"@type\":\"ImageObject\",\"inLanguage\":\"it-IT\",\"@id\":\"https:\/\/mvebio.com\/it\/i-nostri-prodotti\/scienze-della-vita-congelatori\/mve-cryocart\/#primaryimage\",\"url\":\"https:\/\/mvebio.com\/wp-content\/uploads\/sites\/4\/2023\/12\/Cryo-Cart-1.jpg\",\"contentUrl\":\"https:\/\/mvebio.com\/wp-content\/uploads\/sites\/4\/2023\/12\/Cryo-Cart-1.jpg\",\"width\":1200,\"height\":563,\"caption\":\"CryoCart\"},{\"@type\":\"BreadcrumbList\",\"@id\":\"https:\/\/mvebio.com\/it\/i-nostri-prodotti\/scienze-della-vita-congelatori\/mve-cryocart\/#breadcrumb\",\"itemListElement\":[{\"@type\":\"ListItem\",\"position\":1,\"name\":\"Pagina principale\",\"item\":\"https:\/\/mvebio.com\/it\/homepage\/\"},{\"@type\":\"ListItem\",\"position\":2,\"name\":\"I nostri prodotti\",\"item\":\"https:\/\/mvebio.com\/it\/i-nostri-prodotti\/\"},{\"@type\":\"ListItem\",\"position\":3,\"name\":\"Scienze della vita (congelatori)\",\"item\":\"https:\/\/mvebio.com\/it\/i-nostri-prodotti\/scienze-della-vita-congelatori\/\"},{\"@type\":\"ListItem\",\"position\":4,\"name\":\"MVE CryoCart\"}]},{\"@type\":\"WebSite\",\"@id\":\"https:\/\/mvebio.com\/it\/#website\",\"url\":\"https:\/\/mvebio.com\/it\/\",\"name\":\"MVE Biological Solutions\",\"description\":\"Cryogenic freezers and dewars\",\"publisher\":{\"@id\":\"https:\/\/mvebio.com\/it\/#organization\"},\"alternateName\":\"MVE Bio\",\"potentialAction\":[{\"@type\":\"SearchAction\",\"target\":{\"@type\":\"EntryPoint\",\"urlTemplate\":\"https:\/\/mvebio.com\/it\/?s={search_term_string}\"},\"query-input\":{\"@type\":\"PropertyValueSpecification\",\"valueRequired\":true,\"valueName\":\"search_term_string\"}}],\"inLanguage\":\"it-IT\"},{\"@type\":\"Organization\",\"@id\":\"https:\/\/mvebio.com\/it\/#organization\",\"name\":\"MVE Biological Solutions\",\"alternateName\":\"MVE Bio\",\"url\":\"https:\/\/mvebio.com\/it\/\",\"logo\":{\"@type\":\"ImageObject\",\"inLanguage\":\"it-IT\",\"@id\":\"https:\/\/mvebio.com\/it\/#\/schema\/logo\/image\/\",\"url\":\"https:\/\/mvebio.com\/wp-content\/uploads\/sites\/4\/2023\/12\/mve-square.png\",\"contentUrl\":\"https:\/\/mvebio.com\/wp-content\/uploads\/sites\/4\/2023\/12\/mve-square.png\",\"width\":1200,\"height\":1200,\"caption\":\"MVE Biological Solutions\"},\"image\":{\"@id\":\"https:\/\/mvebio.com\/it\/#\/schema\/logo\/image\/\"},\"sameAs\":[\"https:\/\/x.com\/MveBioSolutions\",\"https:\/\/www.linkedin.com\/company\/mvebio\/\"]}]}<\/script>\n<!-- \/ Yoast SEO plugin. -->","yoast_head_json":{"title":"MVE CryoCart - MVE Biological Solutions","description":"Carica e trasporta i tuoi campioni criogenici in tutta tranquillit\u00e0. Lavori in un biorepository, in un centro di congelamento o in una struttura di biobanking? E hai bisogno di trasportare grandi quantit\u00e0 di campioni criogenici con un banco di lavoro criogenico portatile, da una vasca all'altra, senza comprometterne la vitalit\u00e0? In questo caso, MVE CryoCart potrebbe fare al caso tuo. Questa innovativa apparecchiatura \u00e8 stata lo standard per ridurre al minimo gli eventi di time-out-of-environment per i prodotti cellulari per pi\u00f9 di un decennio.","robots":{"index":"index","follow":"follow","max-snippet":"max-snippet:-1","max-image-preview":"max-image-preview:large","max-video-preview":"max-video-preview:-1"},"canonical":"https:\/\/mvebio.com\/it\/i-nostri-prodotti\/scienze-della-vita-congelatori\/mve-cryocart\/","og_locale":"it_IT","og_type":"article","og_title":"MVE CryoCart - MVE Biological Solutions","og_description":"Carica e trasporta i tuoi campioni criogenici in tutta tranquillit\u00e0. Lavori in un biorepository, in un centro di congelamento o in una struttura di biobanking? E hai bisogno di trasportare grandi quantit\u00e0 di campioni criogenici con un banco di lavoro criogenico portatile, da una vasca all'altra, senza comprometterne la vitalit\u00e0? In questo caso, MVE CryoCart potrebbe fare al caso tuo. Questa innovativa apparecchiatura \u00e8 stata lo standard per ridurre al minimo gli eventi di time-out-of-environment per i prodotti cellulari per pi\u00f9 di un decennio.","og_url":"https:\/\/mvebio.com\/it\/i-nostri-prodotti\/scienze-della-vita-congelatori\/mve-cryocart\/","og_site_name":"MVE Biological Solutions","article_modified_time":"2026-02-18T16:18:21+00:00","og_image":[{"width":1200,"height":563,"url":"https:\/\/mvebio.com\/wp-content\/uploads\/sites\/4\/2023\/12\/Cryo-Cart-1.jpg","type":"image\/jpeg"}],"twitter_card":"summary_large_image","twitter_site":"@MveBioSolutions","schema":{"@context":"https:\/\/schema.org","@graph":[{"@type":"WebPage","@id":"https:\/\/mvebio.com\/it\/i-nostri-prodotti\/scienze-della-vita-congelatori\/mve-cryocart\/","url":"https:\/\/mvebio.com\/it\/i-nostri-prodotti\/scienze-della-vita-congelatori\/mve-cryocart\/","name":"MVE CryoCart - MVE Biological Solutions","isPartOf":{"@id":"https:\/\/mvebio.com\/it\/#website"},"primaryImageOfPage":{"@id":"https:\/\/mvebio.com\/it\/i-nostri-prodotti\/scienze-della-vita-congelatori\/mve-cryocart\/#primaryimage"},"image":{"@id":"https:\/\/mvebio.com\/it\/i-nostri-prodotti\/scienze-della-vita-congelatori\/mve-cryocart\/#primaryimage"},"thumbnailUrl":"https:\/\/mvebio.com\/wp-content\/uploads\/sites\/4\/2023\/12\/Cryo-Cart-1.jpg","datePublished":"2023-03-30T09:49:14+00:00","dateModified":"2026-02-18T16:18:21+00:00","description":"Carica e trasporta i tuoi campioni criogenici in tutta tranquillit\u00e0. Lavori in un biorepository, in un centro di congelamento o in una struttura di biobanking? E hai bisogno di trasportare grandi quantit\u00e0 di campioni criogenici con un banco di lavoro criogenico portatile, da una vasca all'altra, senza comprometterne la vitalit\u00e0? In questo caso, MVE CryoCart potrebbe fare al caso tuo. Questa innovativa apparecchiatura \u00e8 stata lo standard per ridurre al minimo gli eventi di time-out-of-environment per i prodotti cellulari per pi\u00f9 di un decennio.","breadcrumb":{"@id":"https:\/\/mvebio.com\/it\/i-nostri-prodotti\/scienze-della-vita-congelatori\/mve-cryocart\/#breadcrumb"},"inLanguage":"it-IT","potentialAction":[{"@type":"ReadAction","target":["https:\/\/mvebio.com\/it\/i-nostri-prodotti\/scienze-della-vita-congelatori\/mve-cryocart\/"]}]},{"@type":"ImageObject","inLanguage":"it-IT","@id":"https:\/\/mvebio.com\/it\/i-nostri-prodotti\/scienze-della-vita-congelatori\/mve-cryocart\/#primaryimage","url":"https:\/\/mvebio.com\/wp-content\/uploads\/sites\/4\/2023\/12\/Cryo-Cart-1.jpg","contentUrl":"https:\/\/mvebio.com\/wp-content\/uploads\/sites\/4\/2023\/12\/Cryo-Cart-1.jpg","width":1200,"height":563,"caption":"CryoCart"},{"@type":"BreadcrumbList","@id":"https:\/\/mvebio.com\/it\/i-nostri-prodotti\/scienze-della-vita-congelatori\/mve-cryocart\/#breadcrumb","itemListElement":[{"@type":"ListItem","position":1,"name":"Pagina principale","item":"https:\/\/mvebio.com\/it\/homepage\/"},{"@type":"ListItem","position":2,"name":"I nostri prodotti","item":"https:\/\/mvebio.com\/it\/i-nostri-prodotti\/"},{"@type":"ListItem","position":3,"name":"Scienze della vita (congelatori)","item":"https:\/\/mvebio.com\/it\/i-nostri-prodotti\/scienze-della-vita-congelatori\/"},{"@type":"ListItem","position":4,"name":"MVE CryoCart"}]},{"@type":"WebSite","@id":"https:\/\/mvebio.com\/it\/#website","url":"https:\/\/mvebio.com\/it\/","name":"MVE Biological Solutions","description":"Cryogenic freezers and dewars","publisher":{"@id":"https:\/\/mvebio.com\/it\/#organization"},"alternateName":"MVE Bio","potentialAction":[{"@type":"SearchAction","target":{"@type":"EntryPoint","urlTemplate":"https:\/\/mvebio.com\/it\/?s={search_term_string}"},"query-input":{"@type":"PropertyValueSpecification","valueRequired":true,"valueName":"search_term_string"}}],"inLanguage":"it-IT"},{"@type":"Organization","@id":"https:\/\/mvebio.com\/it\/#organization","name":"MVE Biological Solutions","alternateName":"MVE Bio","url":"https:\/\/mvebio.com\/it\/","logo":{"@type":"ImageObject","inLanguage":"it-IT","@id":"https:\/\/mvebio.com\/it\/#\/schema\/logo\/image\/","url":"https:\/\/mvebio.com\/wp-content\/uploads\/sites\/4\/2023\/12\/mve-square.png","contentUrl":"https:\/\/mvebio.com\/wp-content\/uploads\/sites\/4\/2023\/12\/mve-square.png","width":1200,"height":1200,"caption":"MVE Biological Solutions"},"image":{"@id":"https:\/\/mvebio.com\/it\/#\/schema\/logo\/image\/"},"sameAs":["https:\/\/x.com\/MveBioSolutions","https:\/\/www.linkedin.com\/company\/mvebio\/"]}]}},"_links":{"self":[{"href":"https:\/\/mvebio.com\/it\/wp-json\/wp\/v2\/pages\/12661","targetHints":{"allow":["GET"]}}],"collection":[{"href":"https:\/\/mvebio.com\/it\/wp-json\/wp\/v2\/pages"}],"about":[{"href":"https:\/\/mvebio.com\/it\/wp-json\/wp\/v2\/types\/page"}],"author":[{"embeddable":true,"href":"https:\/\/mvebio.com\/it\/wp-json\/wp\/v2\/users\/1"}],"replies":[{"embeddable":true,"href":"https:\/\/mvebio.com\/it\/wp-json\/wp\/v2\/comments?post=12661"}],"version-history":[{"count":1,"href":"https:\/\/mvebio.com\/it\/wp-json\/wp\/v2\/pages\/12661\/revisions"}],"predecessor-version":[{"id":14650,"href":"https:\/\/mvebio.com\/it\/wp-json\/wp\/v2\/pages\/12661\/revisions\/14650"}],"up":[{"embeddable":true,"href":"https:\/\/mvebio.com\/it\/wp-json\/wp\/v2\/pages\/12651"}],"wp:featuredmedia":[{"embeddable":true,"href":"https:\/\/mvebio.com\/it\/wp-json\/wp\/v2\/media\/10539"}],"wp:attachment":[{"href":"https:\/\/mvebio.com\/it\/wp-json\/wp\/v2\/media?parent=12661"}],"curies":[{"name":"wp","href":"https:\/\/api.w.org\/{rel}","templated":true}]}}