{"id":14716,"date":"2025-01-06T13:47:26","date_gmt":"2025-01-06T18:47:26","guid":{"rendered":"https:\/\/mvebio.com\/ressources\/enregistrement-aupres-de-la-fda\/"},"modified":"2025-01-06T13:47:26","modified_gmt":"2025-01-06T18:47:26","slug":"enregistrement-aupres-de-la-fda","status":"publish","type":"page","link":"https:\/\/mvebio.com\/fr\/ressources\/enregistrement-aupres-de-la-fda\/","title":{"rendered":"Enregistrement aupr\u00e8s de la FDA"},"content":{"rendered":"","protected":false},"excerpt":{"rendered":"","protected":false},"author":24,"featured_media":5271,"parent":11842,"menu_order":0,"comment_status":"closed","ping_status":"closed","template":"","meta":{"_acf_changed":false,"footnotes":""},"class_list":["post-14716","page","type-page","status-publish","has-post-thumbnail","hentry"],"acf":[],"yoast_head":"<!-- This site is optimized with the Yoast SEO plugin v27.2 - https:\/\/yoast.com\/product\/yoast-seo-wordpress\/ -->\n<title>Enregistrement aupr\u00e8s de la FDA - MVE Biological Solutions<\/title>\n<meta name=\"description\" content=\"MVE Biological Solutions accepte les retours pour la plupart des articles dans les 30 jours suivant l&#039;achat. Tous les articles retourn\u00e9s doivent \u00eatre neufs et non utilis\u00e9s, dans leur emballage d&#039;origine. Les retours sont soumis \u00e0 des frais de restockage.\" \/>\n<meta name=\"robots\" content=\"index, follow, max-snippet:-1, max-image-preview:large, max-video-preview:-1\" \/>\n<link rel=\"canonical\" href=\"https:\/\/mvebio.com\/fr\/ressources\/enregistrement-aupres-de-la-fda\/\" \/>\n<meta property=\"og:locale\" content=\"fr_FR\" \/>\n<meta property=\"og:type\" content=\"article\" \/>\n<meta property=\"og:title\" content=\"Enregistrement aupr\u00e8s de la FDA - MVE Biological Solutions\" \/>\n<meta property=\"og:description\" content=\"MVE Biological Solutions accepte les retours pour la plupart des articles dans les 30 jours suivant l&#039;achat. Tous les articles retourn\u00e9s doivent \u00eatre neufs et non utilis\u00e9s, dans leur emballage d&#039;origine. Les retours sont soumis \u00e0 des frais de restockage.\" \/>\n<meta property=\"og:url\" content=\"https:\/\/mvebio.com\/fr\/ressources\/enregistrement-aupres-de-la-fda\/\" \/>\n<meta property=\"og:site_name\" content=\"MVE Biological Solutions\" \/>\n<meta property=\"og:image\" content=\"https:\/\/mvebio.com\/wp-content\/uploads\/sites\/4\/2023\/12\/MVE_Header_8-1024x459.png\" \/>\n\t<meta property=\"og:image:width\" content=\"1024\" \/>\n\t<meta property=\"og:image:height\" content=\"459\" \/>\n\t<meta property=\"og:image:type\" content=\"image\/png\" \/>\n<meta name=\"twitter:card\" content=\"summary_large_image\" \/>\n<meta name=\"twitter:site\" content=\"@MveBioSolutions\" \/>\n<script type=\"application\/ld+json\" class=\"yoast-schema-graph\">{\"@context\":\"https:\/\/schema.org\",\"@graph\":[{\"@type\":\"WebPage\",\"@id\":\"https:\/\/mvebio.com\/fr\/ressources\/enregistrement-aupres-de-la-fda\/\",\"url\":\"https:\/\/mvebio.com\/fr\/ressources\/enregistrement-aupres-de-la-fda\/\",\"name\":\"Enregistrement aupr\u00e8s de la FDA - MVE Biological Solutions\",\"isPartOf\":{\"@id\":\"https:\/\/mvebio.com\/fr\/#website\"},\"primaryImageOfPage\":{\"@id\":\"https:\/\/mvebio.com\/fr\/ressources\/enregistrement-aupres-de-la-fda\/#primaryimage\"},\"image\":{\"@id\":\"https:\/\/mvebio.com\/fr\/ressources\/enregistrement-aupres-de-la-fda\/#primaryimage\"},\"thumbnailUrl\":\"https:\/\/mvebio.com\/wp-content\/uploads\/sites\/4\/2023\/12\/MVE_Header_8.jpg\",\"datePublished\":\"2025-01-06T18:47:26+00:00\",\"description\":\"MVE Biological Solutions accepte les retours pour la plupart des articles dans les 30 jours suivant l'achat. Tous les articles retourn\u00e9s doivent \u00eatre neufs et non utilis\u00e9s, dans leur emballage d'origine. Les retours sont soumis \u00e0 des frais de restockage.\",\"breadcrumb\":{\"@id\":\"https:\/\/mvebio.com\/fr\/ressources\/enregistrement-aupres-de-la-fda\/#breadcrumb\"},\"inLanguage\":\"fr-FR\",\"potentialAction\":[{\"@type\":\"ReadAction\",\"target\":[\"https:\/\/mvebio.com\/fr\/ressources\/enregistrement-aupres-de-la-fda\/\"]}]},{\"@type\":\"ImageObject\",\"inLanguage\":\"fr-FR\",\"@id\":\"https:\/\/mvebio.com\/fr\/ressources\/enregistrement-aupres-de-la-fda\/#primaryimage\",\"url\":\"https:\/\/mvebio.com\/wp-content\/uploads\/sites\/4\/2023\/12\/MVE_Header_8.jpg\",\"contentUrl\":\"https:\/\/mvebio.com\/wp-content\/uploads\/sites\/4\/2023\/12\/MVE_Header_8.jpg\",\"width\":7441,\"height\":3338},{\"@type\":\"BreadcrumbList\",\"@id\":\"https:\/\/mvebio.com\/fr\/ressources\/enregistrement-aupres-de-la-fda\/#breadcrumb\",\"itemListElement\":[{\"@type\":\"ListItem\",\"position\":1,\"name\":\"Accueil\",\"item\":\"https:\/\/mvebio.com\/fr\/homepage\/\"},{\"@type\":\"ListItem\",\"position\":2,\"name\":\"Ressources\",\"item\":\"https:\/\/mvebio.com\/fr\/ressources\/\"},{\"@type\":\"ListItem\",\"position\":3,\"name\":\"Enregistrement aupr\u00e8s de la FDA\"}]},{\"@type\":\"WebSite\",\"@id\":\"https:\/\/mvebio.com\/fr\/#website\",\"url\":\"https:\/\/mvebio.com\/fr\/\",\"name\":\"MVE Biological Solutions\",\"description\":\"Cryogenic freezers and dewars\",\"publisher\":{\"@id\":\"https:\/\/mvebio.com\/fr\/#organization\"},\"alternateName\":\"MVE Bio\",\"potentialAction\":[{\"@type\":\"SearchAction\",\"target\":{\"@type\":\"EntryPoint\",\"urlTemplate\":\"https:\/\/mvebio.com\/fr\/?s={search_term_string}\"},\"query-input\":{\"@type\":\"PropertyValueSpecification\",\"valueRequired\":true,\"valueName\":\"search_term_string\"}}],\"inLanguage\":\"fr-FR\"},{\"@type\":\"Organization\",\"@id\":\"https:\/\/mvebio.com\/fr\/#organization\",\"name\":\"MVE Biological Solutions\",\"alternateName\":\"MVE Bio\",\"url\":\"https:\/\/mvebio.com\/fr\/\",\"logo\":{\"@type\":\"ImageObject\",\"inLanguage\":\"fr-FR\",\"@id\":\"https:\/\/mvebio.com\/fr\/#\/schema\/logo\/image\/\",\"url\":\"https:\/\/mvebio.com\/wp-content\/uploads\/sites\/4\/2023\/12\/mve-square.png\",\"contentUrl\":\"https:\/\/mvebio.com\/wp-content\/uploads\/sites\/4\/2023\/12\/mve-square.png\",\"width\":1200,\"height\":1200,\"caption\":\"MVE Biological Solutions\"},\"image\":{\"@id\":\"https:\/\/mvebio.com\/fr\/#\/schema\/logo\/image\/\"},\"sameAs\":[\"https:\/\/x.com\/MveBioSolutions\",\"https:\/\/www.linkedin.com\/company\/mvebio\/\"]}]}<\/script>\n<!-- \/ Yoast SEO plugin. -->","yoast_head_json":{"title":"Enregistrement aupr\u00e8s de la FDA - MVE Biological Solutions","description":"MVE Biological Solutions accepte les retours pour la plupart des articles dans les 30 jours suivant l'achat. Tous les articles retourn\u00e9s doivent \u00eatre neufs et non utilis\u00e9s, dans leur emballage d'origine. Les retours sont soumis \u00e0 des frais de restockage.","robots":{"index":"index","follow":"follow","max-snippet":"max-snippet:-1","max-image-preview":"max-image-preview:large","max-video-preview":"max-video-preview:-1"},"canonical":"https:\/\/mvebio.com\/fr\/ressources\/enregistrement-aupres-de-la-fda\/","og_locale":"fr_FR","og_type":"article","og_title":"Enregistrement aupr\u00e8s de la FDA - MVE Biological Solutions","og_description":"MVE Biological Solutions accepte les retours pour la plupart des articles dans les 30 jours suivant l'achat. Tous les articles retourn\u00e9s doivent \u00eatre neufs et non utilis\u00e9s, dans leur emballage d'origine. Les retours sont soumis \u00e0 des frais de restockage.","og_url":"https:\/\/mvebio.com\/fr\/ressources\/enregistrement-aupres-de-la-fda\/","og_site_name":"MVE Biological Solutions","og_image":[{"width":1024,"height":459,"url":"https:\/\/mvebio.com\/wp-content\/uploads\/sites\/4\/2023\/12\/MVE_Header_8-1024x459.png","type":"image\/png"}],"twitter_card":"summary_large_image","twitter_site":"@MveBioSolutions","schema":{"@context":"https:\/\/schema.org","@graph":[{"@type":"WebPage","@id":"https:\/\/mvebio.com\/fr\/ressources\/enregistrement-aupres-de-la-fda\/","url":"https:\/\/mvebio.com\/fr\/ressources\/enregistrement-aupres-de-la-fda\/","name":"Enregistrement aupr\u00e8s de la FDA - MVE Biological Solutions","isPartOf":{"@id":"https:\/\/mvebio.com\/fr\/#website"},"primaryImageOfPage":{"@id":"https:\/\/mvebio.com\/fr\/ressources\/enregistrement-aupres-de-la-fda\/#primaryimage"},"image":{"@id":"https:\/\/mvebio.com\/fr\/ressources\/enregistrement-aupres-de-la-fda\/#primaryimage"},"thumbnailUrl":"https:\/\/mvebio.com\/wp-content\/uploads\/sites\/4\/2023\/12\/MVE_Header_8.jpg","datePublished":"2025-01-06T18:47:26+00:00","description":"MVE Biological Solutions accepte les retours pour la plupart des articles dans les 30 jours suivant l'achat. Tous les articles retourn\u00e9s doivent \u00eatre neufs et non utilis\u00e9s, dans leur emballage d'origine. Les retours sont soumis \u00e0 des frais de restockage.","breadcrumb":{"@id":"https:\/\/mvebio.com\/fr\/ressources\/enregistrement-aupres-de-la-fda\/#breadcrumb"},"inLanguage":"fr-FR","potentialAction":[{"@type":"ReadAction","target":["https:\/\/mvebio.com\/fr\/ressources\/enregistrement-aupres-de-la-fda\/"]}]},{"@type":"ImageObject","inLanguage":"fr-FR","@id":"https:\/\/mvebio.com\/fr\/ressources\/enregistrement-aupres-de-la-fda\/#primaryimage","url":"https:\/\/mvebio.com\/wp-content\/uploads\/sites\/4\/2023\/12\/MVE_Header_8.jpg","contentUrl":"https:\/\/mvebio.com\/wp-content\/uploads\/sites\/4\/2023\/12\/MVE_Header_8.jpg","width":7441,"height":3338},{"@type":"BreadcrumbList","@id":"https:\/\/mvebio.com\/fr\/ressources\/enregistrement-aupres-de-la-fda\/#breadcrumb","itemListElement":[{"@type":"ListItem","position":1,"name":"Accueil","item":"https:\/\/mvebio.com\/fr\/homepage\/"},{"@type":"ListItem","position":2,"name":"Ressources","item":"https:\/\/mvebio.com\/fr\/ressources\/"},{"@type":"ListItem","position":3,"name":"Enregistrement aupr\u00e8s de la FDA"}]},{"@type":"WebSite","@id":"https:\/\/mvebio.com\/fr\/#website","url":"https:\/\/mvebio.com\/fr\/","name":"MVE Biological Solutions","description":"Cryogenic freezers and dewars","publisher":{"@id":"https:\/\/mvebio.com\/fr\/#organization"},"alternateName":"MVE Bio","potentialAction":[{"@type":"SearchAction","target":{"@type":"EntryPoint","urlTemplate":"https:\/\/mvebio.com\/fr\/?s={search_term_string}"},"query-input":{"@type":"PropertyValueSpecification","valueRequired":true,"valueName":"search_term_string"}}],"inLanguage":"fr-FR"},{"@type":"Organization","@id":"https:\/\/mvebio.com\/fr\/#organization","name":"MVE Biological Solutions","alternateName":"MVE Bio","url":"https:\/\/mvebio.com\/fr\/","logo":{"@type":"ImageObject","inLanguage":"fr-FR","@id":"https:\/\/mvebio.com\/fr\/#\/schema\/logo\/image\/","url":"https:\/\/mvebio.com\/wp-content\/uploads\/sites\/4\/2023\/12\/mve-square.png","contentUrl":"https:\/\/mvebio.com\/wp-content\/uploads\/sites\/4\/2023\/12\/mve-square.png","width":1200,"height":1200,"caption":"MVE Biological Solutions"},"image":{"@id":"https:\/\/mvebio.com\/fr\/#\/schema\/logo\/image\/"},"sameAs":["https:\/\/x.com\/MveBioSolutions","https:\/\/www.linkedin.com\/company\/mvebio\/"]}]}},"_links":{"self":[{"href":"https:\/\/mvebio.com\/fr\/wp-json\/wp\/v2\/pages\/14716","targetHints":{"allow":["GET"]}}],"collection":[{"href":"https:\/\/mvebio.com\/fr\/wp-json\/wp\/v2\/pages"}],"about":[{"href":"https:\/\/mvebio.com\/fr\/wp-json\/wp\/v2\/types\/page"}],"author":[{"embeddable":true,"href":"https:\/\/mvebio.com\/fr\/wp-json\/wp\/v2\/users\/24"}],"replies":[{"embeddable":true,"href":"https:\/\/mvebio.com\/fr\/wp-json\/wp\/v2\/comments?post=14716"}],"version-history":[{"count":0,"href":"https:\/\/mvebio.com\/fr\/wp-json\/wp\/v2\/pages\/14716\/revisions"}],"up":[{"embeddable":true,"href":"https:\/\/mvebio.com\/fr\/wp-json\/wp\/v2\/pages\/11842"}],"wp:featuredmedia":[{"embeddable":true,"href":"https:\/\/mvebio.com\/fr\/wp-json\/wp\/v2\/media\/5271"}],"wp:attachment":[{"href":"https:\/\/mvebio.com\/fr\/wp-json\/wp\/v2\/media?parent=14716"}],"curies":[{"name":"wp","href":"https:\/\/api.w.org\/{rel}","templated":true}]}}