{"id":14715,"date":"2025-03-11T14:53:04","date_gmt":"2025-03-11T18:53:04","guid":{"rendered":"https:\/\/mvebio.com\/nos-produits\/sciences-de-la-vie-congelateurs\/mve-he-800-c\/"},"modified":"2025-03-11T14:53:04","modified_gmt":"2025-03-11T18:53:04","slug":"mve-he-800-c","status":"publish","type":"page","link":"https:\/\/mvebio.com\/fr\/nos-produits\/sciences-de-la-vie-congelateurs\/mve-he-800-c\/","title":{"rendered":"MVE HE 800 C"},"content":{"rendered":"","protected":false},"excerpt":{"rendered":"<p>Bior\u00e9f\u00e9rentiel avanc\u00e9\/ferme de cong\u00e9lation\/biobanque\/stockage cryog\u00e9nique de cellules souches<\/p>\n","protected":false},"author":24,"featured_media":13423,"parent":11804,"menu_order":0,"comment_status":"closed","ping_status":"closed","template":"","meta":{"_acf_changed":false,"footnotes":""},"class_list":["post-14715","page","type-page","status-publish","has-post-thumbnail","hentry"],"acf":[],"yoast_head":"<!-- This site is optimized with the Yoast SEO plugin v27.2 - https:\/\/yoast.com\/product\/yoast-seo-wordpress\/ -->\n<title>MVE HE 800 C - MVE Biological Solutions<\/title>\n<meta name=\"description\" content=\"Notre s\u00e9rie HE, tr\u00e8s polyvalente, permet de stocker des vapeurs ultra-froides \u00e0 une temp\u00e9rature de -190\u00b0C. C&#039;est pourquoi il s&#039;agit de la s\u00e9rie de choix pour la cryog\u00e9nie des cellules souches et les d\u00e9p\u00f4ts biologiques et environnementaux dans le monde entier.\" \/>\n<meta name=\"robots\" content=\"index, follow, max-snippet:-1, max-image-preview:large, max-video-preview:-1\" \/>\n<link rel=\"canonical\" href=\"https:\/\/mvebio.com\/fr\/nos-produits\/sciences-de-la-vie-congelateurs\/mve-he-800-c\/\" \/>\n<meta property=\"og:locale\" content=\"fr_FR\" \/>\n<meta property=\"og:type\" content=\"article\" \/>\n<meta property=\"og:title\" content=\"MVE HE 800 C - MVE Biological Solutions\" \/>\n<meta property=\"og:description\" content=\"Notre s\u00e9rie HE, tr\u00e8s polyvalente, permet de stocker des vapeurs ultra-froides \u00e0 une temp\u00e9rature de -190\u00b0C. C&#039;est pourquoi il s&#039;agit de la s\u00e9rie de choix pour la cryog\u00e9nie des cellules souches et les d\u00e9p\u00f4ts biologiques et environnementaux dans le monde entier.\" \/>\n<meta property=\"og:url\" content=\"https:\/\/mvebio.com\/fr\/nos-produits\/sciences-de-la-vie-congelateurs\/mve-he-800-c\/\" \/>\n<meta property=\"og:site_name\" content=\"MVE Biological Solutions\" \/>\n<meta property=\"og:image\" content=\"https:\/\/mvebio.com\/wp-content\/uploads\/sites\/4\/2025\/03\/800-C-Full-Render.png\" \/>\n\t<meta property=\"og:image:width\" content=\"1920\" \/>\n\t<meta property=\"og:image:height\" content=\"880\" \/>\n\t<meta property=\"og:image:type\" content=\"image\/png\" \/>\n<meta name=\"twitter:card\" content=\"summary_large_image\" \/>\n<meta name=\"twitter:site\" content=\"@MveBioSolutions\" \/>\n<script type=\"application\/ld+json\" class=\"yoast-schema-graph\">{\"@context\":\"https:\/\/schema.org\",\"@graph\":[{\"@type\":\"WebPage\",\"@id\":\"https:\/\/mvebio.com\/fr\/nos-produits\/sciences-de-la-vie-congelateurs\/mve-he-800-c\/\",\"url\":\"https:\/\/mvebio.com\/fr\/nos-produits\/sciences-de-la-vie-congelateurs\/mve-he-800-c\/\",\"name\":\"MVE HE 800 C - MVE Biological Solutions\",\"isPartOf\":{\"@id\":\"https:\/\/mvebio.com\/fr\/#website\"},\"primaryImageOfPage\":{\"@id\":\"https:\/\/mvebio.com\/fr\/nos-produits\/sciences-de-la-vie-congelateurs\/mve-he-800-c\/#primaryimage\"},\"image\":{\"@id\":\"https:\/\/mvebio.com\/fr\/nos-produits\/sciences-de-la-vie-congelateurs\/mve-he-800-c\/#primaryimage\"},\"thumbnailUrl\":\"https:\/\/mvebio.com\/wp-content\/uploads\/sites\/4\/2025\/03\/800-C-Full-Render.png\",\"datePublished\":\"2025-03-11T18:53:04+00:00\",\"description\":\"Notre s\u00e9rie HE, tr\u00e8s polyvalente, permet de stocker des vapeurs ultra-froides \u00e0 une temp\u00e9rature de -190\u00b0C. C'est pourquoi il s'agit de la s\u00e9rie de choix pour la cryog\u00e9nie des cellules souches et les d\u00e9p\u00f4ts biologiques et environnementaux dans le monde entier.\",\"breadcrumb\":{\"@id\":\"https:\/\/mvebio.com\/fr\/nos-produits\/sciences-de-la-vie-congelateurs\/mve-he-800-c\/#breadcrumb\"},\"inLanguage\":\"fr-FR\",\"potentialAction\":[{\"@type\":\"ReadAction\",\"target\":[\"https:\/\/mvebio.com\/fr\/nos-produits\/sciences-de-la-vie-congelateurs\/mve-he-800-c\/\"]}]},{\"@type\":\"ImageObject\",\"inLanguage\":\"fr-FR\",\"@id\":\"https:\/\/mvebio.com\/fr\/nos-produits\/sciences-de-la-vie-congelateurs\/mve-he-800-c\/#primaryimage\",\"url\":\"https:\/\/mvebio.com\/wp-content\/uploads\/sites\/4\/2025\/03\/800-C-Full-Render.png\",\"contentUrl\":\"https:\/\/mvebio.com\/wp-content\/uploads\/sites\/4\/2025\/03\/800-C-Full-Render.png\",\"width\":1920,\"height\":880,\"caption\":\"Aper\u00e7u de l'animation_Rendu complet\"},{\"@type\":\"BreadcrumbList\",\"@id\":\"https:\/\/mvebio.com\/fr\/nos-produits\/sciences-de-la-vie-congelateurs\/mve-he-800-c\/#breadcrumb\",\"itemListElement\":[{\"@type\":\"ListItem\",\"position\":1,\"name\":\"Accueil\",\"item\":\"https:\/\/mvebio.com\/fr\/homepage\/\"},{\"@type\":\"ListItem\",\"position\":2,\"name\":\"Nos produits\",\"item\":\"https:\/\/mvebio.com\/fr\/nos-produits\/\"},{\"@type\":\"ListItem\",\"position\":3,\"name\":\"Sciences de la vie (cong\u00e9lateurs)\",\"item\":\"https:\/\/mvebio.com\/fr\/nos-produits\/sciences-de-la-vie-congelateurs\/\"},{\"@type\":\"ListItem\",\"position\":4,\"name\":\"MVE HE 800 C\"}]},{\"@type\":\"WebSite\",\"@id\":\"https:\/\/mvebio.com\/fr\/#website\",\"url\":\"https:\/\/mvebio.com\/fr\/\",\"name\":\"MVE Biological Solutions\",\"description\":\"Cryogenic freezers and dewars\",\"publisher\":{\"@id\":\"https:\/\/mvebio.com\/fr\/#organization\"},\"alternateName\":\"MVE Bio\",\"potentialAction\":[{\"@type\":\"SearchAction\",\"target\":{\"@type\":\"EntryPoint\",\"urlTemplate\":\"https:\/\/mvebio.com\/fr\/?s={search_term_string}\"},\"query-input\":{\"@type\":\"PropertyValueSpecification\",\"valueRequired\":true,\"valueName\":\"search_term_string\"}}],\"inLanguage\":\"fr-FR\"},{\"@type\":\"Organization\",\"@id\":\"https:\/\/mvebio.com\/fr\/#organization\",\"name\":\"MVE Biological Solutions\",\"alternateName\":\"MVE Bio\",\"url\":\"https:\/\/mvebio.com\/fr\/\",\"logo\":{\"@type\":\"ImageObject\",\"inLanguage\":\"fr-FR\",\"@id\":\"https:\/\/mvebio.com\/fr\/#\/schema\/logo\/image\/\",\"url\":\"https:\/\/mvebio.com\/wp-content\/uploads\/sites\/4\/2023\/12\/mve-square.png\",\"contentUrl\":\"https:\/\/mvebio.com\/wp-content\/uploads\/sites\/4\/2023\/12\/mve-square.png\",\"width\":1200,\"height\":1200,\"caption\":\"MVE Biological Solutions\"},\"image\":{\"@id\":\"https:\/\/mvebio.com\/fr\/#\/schema\/logo\/image\/\"},\"sameAs\":[\"https:\/\/x.com\/MveBioSolutions\",\"https:\/\/www.linkedin.com\/company\/mvebio\/\"]}]}<\/script>\n<!-- \/ Yoast SEO plugin. -->","yoast_head_json":{"title":"MVE HE 800 C - MVE Biological Solutions","description":"Notre s\u00e9rie HE, tr\u00e8s polyvalente, permet de stocker des vapeurs ultra-froides \u00e0 une temp\u00e9rature de -190\u00b0C. C'est pourquoi il s'agit de la s\u00e9rie de choix pour la cryog\u00e9nie des cellules souches et les d\u00e9p\u00f4ts biologiques et environnementaux dans le monde entier.","robots":{"index":"index","follow":"follow","max-snippet":"max-snippet:-1","max-image-preview":"max-image-preview:large","max-video-preview":"max-video-preview:-1"},"canonical":"https:\/\/mvebio.com\/fr\/nos-produits\/sciences-de-la-vie-congelateurs\/mve-he-800-c\/","og_locale":"fr_FR","og_type":"article","og_title":"MVE HE 800 C - MVE Biological Solutions","og_description":"Notre s\u00e9rie HE, tr\u00e8s polyvalente, permet de stocker des vapeurs ultra-froides \u00e0 une temp\u00e9rature de -190\u00b0C. C'est pourquoi il s'agit de la s\u00e9rie de choix pour la cryog\u00e9nie des cellules souches et les d\u00e9p\u00f4ts biologiques et environnementaux dans le monde entier.","og_url":"https:\/\/mvebio.com\/fr\/nos-produits\/sciences-de-la-vie-congelateurs\/mve-he-800-c\/","og_site_name":"MVE Biological Solutions","og_image":[{"width":1920,"height":880,"url":"https:\/\/mvebio.com\/wp-content\/uploads\/sites\/4\/2025\/03\/800-C-Full-Render.png","type":"image\/png"}],"twitter_card":"summary_large_image","twitter_site":"@MveBioSolutions","schema":{"@context":"https:\/\/schema.org","@graph":[{"@type":"WebPage","@id":"https:\/\/mvebio.com\/fr\/nos-produits\/sciences-de-la-vie-congelateurs\/mve-he-800-c\/","url":"https:\/\/mvebio.com\/fr\/nos-produits\/sciences-de-la-vie-congelateurs\/mve-he-800-c\/","name":"MVE HE 800 C - MVE Biological Solutions","isPartOf":{"@id":"https:\/\/mvebio.com\/fr\/#website"},"primaryImageOfPage":{"@id":"https:\/\/mvebio.com\/fr\/nos-produits\/sciences-de-la-vie-congelateurs\/mve-he-800-c\/#primaryimage"},"image":{"@id":"https:\/\/mvebio.com\/fr\/nos-produits\/sciences-de-la-vie-congelateurs\/mve-he-800-c\/#primaryimage"},"thumbnailUrl":"https:\/\/mvebio.com\/wp-content\/uploads\/sites\/4\/2025\/03\/800-C-Full-Render.png","datePublished":"2025-03-11T18:53:04+00:00","description":"Notre s\u00e9rie HE, tr\u00e8s polyvalente, permet de stocker des vapeurs ultra-froides \u00e0 une temp\u00e9rature de -190\u00b0C. C'est pourquoi il s'agit de la s\u00e9rie de choix pour la cryog\u00e9nie des cellules souches et les d\u00e9p\u00f4ts biologiques et environnementaux dans le monde entier.","breadcrumb":{"@id":"https:\/\/mvebio.com\/fr\/nos-produits\/sciences-de-la-vie-congelateurs\/mve-he-800-c\/#breadcrumb"},"inLanguage":"fr-FR","potentialAction":[{"@type":"ReadAction","target":["https:\/\/mvebio.com\/fr\/nos-produits\/sciences-de-la-vie-congelateurs\/mve-he-800-c\/"]}]},{"@type":"ImageObject","inLanguage":"fr-FR","@id":"https:\/\/mvebio.com\/fr\/nos-produits\/sciences-de-la-vie-congelateurs\/mve-he-800-c\/#primaryimage","url":"https:\/\/mvebio.com\/wp-content\/uploads\/sites\/4\/2025\/03\/800-C-Full-Render.png","contentUrl":"https:\/\/mvebio.com\/wp-content\/uploads\/sites\/4\/2025\/03\/800-C-Full-Render.png","width":1920,"height":880,"caption":"Aper\u00e7u de l'animation_Rendu complet"},{"@type":"BreadcrumbList","@id":"https:\/\/mvebio.com\/fr\/nos-produits\/sciences-de-la-vie-congelateurs\/mve-he-800-c\/#breadcrumb","itemListElement":[{"@type":"ListItem","position":1,"name":"Accueil","item":"https:\/\/mvebio.com\/fr\/homepage\/"},{"@type":"ListItem","position":2,"name":"Nos produits","item":"https:\/\/mvebio.com\/fr\/nos-produits\/"},{"@type":"ListItem","position":3,"name":"Sciences de la vie (cong\u00e9lateurs)","item":"https:\/\/mvebio.com\/fr\/nos-produits\/sciences-de-la-vie-congelateurs\/"},{"@type":"ListItem","position":4,"name":"MVE HE 800 C"}]},{"@type":"WebSite","@id":"https:\/\/mvebio.com\/fr\/#website","url":"https:\/\/mvebio.com\/fr\/","name":"MVE Biological Solutions","description":"Cryogenic freezers and dewars","publisher":{"@id":"https:\/\/mvebio.com\/fr\/#organization"},"alternateName":"MVE Bio","potentialAction":[{"@type":"SearchAction","target":{"@type":"EntryPoint","urlTemplate":"https:\/\/mvebio.com\/fr\/?s={search_term_string}"},"query-input":{"@type":"PropertyValueSpecification","valueRequired":true,"valueName":"search_term_string"}}],"inLanguage":"fr-FR"},{"@type":"Organization","@id":"https:\/\/mvebio.com\/fr\/#organization","name":"MVE Biological Solutions","alternateName":"MVE Bio","url":"https:\/\/mvebio.com\/fr\/","logo":{"@type":"ImageObject","inLanguage":"fr-FR","@id":"https:\/\/mvebio.com\/fr\/#\/schema\/logo\/image\/","url":"https:\/\/mvebio.com\/wp-content\/uploads\/sites\/4\/2023\/12\/mve-square.png","contentUrl":"https:\/\/mvebio.com\/wp-content\/uploads\/sites\/4\/2023\/12\/mve-square.png","width":1200,"height":1200,"caption":"MVE Biological Solutions"},"image":{"@id":"https:\/\/mvebio.com\/fr\/#\/schema\/logo\/image\/"},"sameAs":["https:\/\/x.com\/MveBioSolutions","https:\/\/www.linkedin.com\/company\/mvebio\/"]}]}},"_links":{"self":[{"href":"https:\/\/mvebio.com\/fr\/wp-json\/wp\/v2\/pages\/14715","targetHints":{"allow":["GET"]}}],"collection":[{"href":"https:\/\/mvebio.com\/fr\/wp-json\/wp\/v2\/pages"}],"about":[{"href":"https:\/\/mvebio.com\/fr\/wp-json\/wp\/v2\/types\/page"}],"author":[{"embeddable":true,"href":"https:\/\/mvebio.com\/fr\/wp-json\/wp\/v2\/users\/24"}],"replies":[{"embeddable":true,"href":"https:\/\/mvebio.com\/fr\/wp-json\/wp\/v2\/comments?post=14715"}],"version-history":[{"count":0,"href":"https:\/\/mvebio.com\/fr\/wp-json\/wp\/v2\/pages\/14715\/revisions"}],"up":[{"embeddable":true,"href":"https:\/\/mvebio.com\/fr\/wp-json\/wp\/v2\/pages\/11804"}],"wp:featuredmedia":[{"embeddable":true,"href":"https:\/\/mvebio.com\/fr\/wp-json\/wp\/v2\/media\/13423"}],"wp:attachment":[{"href":"https:\/\/mvebio.com\/fr\/wp-json\/wp\/v2\/media?parent=14715"}],"curies":[{"name":"wp","href":"https:\/\/api.w.org\/{rel}","templated":true}]}}