{"id":14714,"date":"2025-07-07T19:41:22","date_gmt":"2025-07-07T23:41:22","guid":{"rendered":"https:\/\/mvebio.com\/nos-produits\/sciences-de-la-vie-aluminium\/serie-mve-vapor-shipper\/nouveau-mve-sc-4-2v-et-4-3v\/"},"modified":"2025-07-07T19:41:22","modified_gmt":"2025-07-07T23:41:22","slug":"nouveau-mve-sc-4-2v-et-4-3v","status":"publish","type":"page","link":"https:\/\/mvebio.com\/fr\/nos-produits\/sciences-de-la-vie-aluminium\/serie-mve-vapor-shipper\/nouveau-mve-sc-4-2v-et-4-3v\/","title":{"rendered":"NOUVEAU MVE SC 4\/2V et 4\/3V"},"content":{"rendered":"","protected":false},"excerpt":{"rendered":"<p>Red\u00e9finition des exp\u00e9diteurs de vapeur 4L les plus populaires &#8211; SC 4\/2V et SC 4\/3V &#8211; pour am\u00e9liorer les performances et la fiabilit\u00e9.<\/p>\n","protected":false},"author":24,"featured_media":13810,"parent":11840,"menu_order":0,"comment_status":"closed","ping_status":"closed","template":"","meta":{"_acf_changed":false,"footnotes":""},"class_list":["post-14714","page","type-page","status-publish","has-post-thumbnail","hentry"],"acf":[],"yoast_head":"<!-- This site is optimized with the Yoast SEO plugin v27.2 - https:\/\/yoast.com\/product\/yoast-seo-wordpress\/ -->\n<title>NOUVEAU MVE SC 4\/2V et 4\/3V - MVE Biological Solutions<\/title>\n<meta name=\"description\" content=\"Nous avons redessin\u00e9 les populaires injecteurs de vapeur 4L - SC 4\/2V et SC 4\/3V - afin d&#039;am\u00e9liorer les performances et la fiabilit\u00e9. Ces vaporisateurs sont la norme de l&#039;industrie en mati\u00e8re d&#039;efficacit\u00e9 et de durabilit\u00e9, et sont d\u00e9sormais \u00e9quip\u00e9s de notre technologie brevet\u00e9e BEND DON&#039;T BREAK\u2122 (pliez, ne cassez pas).\" \/>\n<meta name=\"robots\" content=\"index, follow, max-snippet:-1, max-image-preview:large, max-video-preview:-1\" \/>\n<link rel=\"canonical\" href=\"https:\/\/mvebio.com\/fr\/nos-produits\/sciences-de-la-vie-aluminium\/serie-mve-vapor-shipper\/nouveau-mve-sc-4-2v-et-4-3v\/\" \/>\n<meta property=\"og:locale\" content=\"fr_FR\" \/>\n<meta property=\"og:type\" content=\"article\" \/>\n<meta property=\"og:title\" content=\"NOUVEAU MVE SC 4\/2V et 4\/3V - MVE Biological Solutions\" \/>\n<meta property=\"og:description\" content=\"Nous avons redessin\u00e9 les populaires injecteurs de vapeur 4L - SC 4\/2V et SC 4\/3V - afin d&#039;am\u00e9liorer les performances et la fiabilit\u00e9. Ces vaporisateurs sont la norme de l&#039;industrie en mati\u00e8re d&#039;efficacit\u00e9 et de durabilit\u00e9, et sont d\u00e9sormais \u00e9quip\u00e9s de notre technologie brevet\u00e9e BEND DON&#039;T BREAK\u2122 (pliez, ne cassez pas).\" \/>\n<meta property=\"og:url\" content=\"https:\/\/mvebio.com\/fr\/nos-produits\/sciences-de-la-vie-aluminium\/serie-mve-vapor-shipper\/nouveau-mve-sc-4-2v-et-4-3v\/\" \/>\n<meta property=\"og:site_name\" content=\"MVE Biological Solutions\" \/>\n<meta property=\"og:image\" content=\"https:\/\/mvebio.com\/wp-content\/uploads\/sites\/4\/2024\/04\/Featured-Photo-V6_1-scaled.png\" \/>\n\t<meta property=\"og:image:width\" content=\"2560\" \/>\n\t<meta property=\"og:image:height\" content=\"2060\" \/>\n\t<meta property=\"og:image:type\" content=\"image\/png\" \/>\n<meta name=\"twitter:card\" content=\"summary_large_image\" \/>\n<meta name=\"twitter:site\" content=\"@MveBioSolutions\" \/>\n<script type=\"application\/ld+json\" class=\"yoast-schema-graph\">{\"@context\":\"https:\/\/schema.org\",\"@graph\":[{\"@type\":\"WebPage\",\"@id\":\"https:\/\/mvebio.com\/fr\/nos-produits\/sciences-de-la-vie-aluminium\/serie-mve-vapor-shipper\/nouveau-mve-sc-4-2v-et-4-3v\/\",\"url\":\"https:\/\/mvebio.com\/fr\/nos-produits\/sciences-de-la-vie-aluminium\/serie-mve-vapor-shipper\/nouveau-mve-sc-4-2v-et-4-3v\/\",\"name\":\"NOUVEAU MVE SC 4\/2V et 4\/3V - MVE Biological Solutions\",\"isPartOf\":{\"@id\":\"https:\/\/mvebio.com\/fr\/#website\"},\"primaryImageOfPage\":{\"@id\":\"https:\/\/mvebio.com\/fr\/nos-produits\/sciences-de-la-vie-aluminium\/serie-mve-vapor-shipper\/nouveau-mve-sc-4-2v-et-4-3v\/#primaryimage\"},\"image\":{\"@id\":\"https:\/\/mvebio.com\/fr\/nos-produits\/sciences-de-la-vie-aluminium\/serie-mve-vapor-shipper\/nouveau-mve-sc-4-2v-et-4-3v\/#primaryimage\"},\"thumbnailUrl\":\"https:\/\/mvebio.com\/wp-content\/uploads\/sites\/4\/2024\/04\/Featured-Photo-V6_1-scaled.png\",\"datePublished\":\"2025-07-07T23:41:22+00:00\",\"description\":\"Nous avons redessin\u00e9 les populaires injecteurs de vapeur 4L - SC 4\/2V et SC 4\/3V - afin d'am\u00e9liorer les performances et la fiabilit\u00e9. Ces vaporisateurs sont la norme de l'industrie en mati\u00e8re d'efficacit\u00e9 et de durabilit\u00e9, et sont d\u00e9sormais \u00e9quip\u00e9s de notre technologie brevet\u00e9e BEND DON'T BREAK\u2122 (pliez, ne cassez pas).\",\"breadcrumb\":{\"@id\":\"https:\/\/mvebio.com\/fr\/nos-produits\/sciences-de-la-vie-aluminium\/serie-mve-vapor-shipper\/nouveau-mve-sc-4-2v-et-4-3v\/#breadcrumb\"},\"inLanguage\":\"fr-FR\",\"potentialAction\":[{\"@type\":\"ReadAction\",\"target\":[\"https:\/\/mvebio.com\/fr\/nos-produits\/sciences-de-la-vie-aluminium\/serie-mve-vapor-shipper\/nouveau-mve-sc-4-2v-et-4-3v\/\"]}]},{\"@type\":\"ImageObject\",\"inLanguage\":\"fr-FR\",\"@id\":\"https:\/\/mvebio.com\/fr\/nos-produits\/sciences-de-la-vie-aluminium\/serie-mve-vapor-shipper\/nouveau-mve-sc-4-2v-et-4-3v\/#primaryimage\",\"url\":\"https:\/\/mvebio.com\/wp-content\/uploads\/sites\/4\/2024\/04\/Featured-Photo-V6_1-scaled.png\",\"contentUrl\":\"https:\/\/mvebio.com\/wp-content\/uploads\/sites\/4\/2024\/04\/Featured-Photo-V6_1-scaled.png\",\"width\":2560,\"height\":2060,\"caption\":\"V6 Photo en vedette\"},{\"@type\":\"BreadcrumbList\",\"@id\":\"https:\/\/mvebio.com\/fr\/nos-produits\/sciences-de-la-vie-aluminium\/serie-mve-vapor-shipper\/nouveau-mve-sc-4-2v-et-4-3v\/#breadcrumb\",\"itemListElement\":[{\"@type\":\"ListItem\",\"position\":1,\"name\":\"Accueil\",\"item\":\"https:\/\/mvebio.com\/fr\/homepage\/\"},{\"@type\":\"ListItem\",\"position\":2,\"name\":\"Nos produits\",\"item\":\"https:\/\/mvebio.com\/fr\/nos-produits\/\"},{\"@type\":\"ListItem\",\"position\":3,\"name\":\"Sciences de la vie (aluminium)\",\"item\":\"https:\/\/mvebio.com\/fr\/nos-produits\/sciences-de-la-vie-aluminium\/\"},{\"@type\":\"ListItem\",\"position\":4,\"name\":\"S\u00e9rie MVE Vapor Shipper\",\"item\":\"https:\/\/mvebio.com\/fr\/nos-produits\/sciences-de-la-vie-aluminium\/serie-mve-vapor-shipper\/\"},{\"@type\":\"ListItem\",\"position\":5,\"name\":\"NOUVEAU MVE SC 4\/2V et 4\/3V\"}]},{\"@type\":\"WebSite\",\"@id\":\"https:\/\/mvebio.com\/fr\/#website\",\"url\":\"https:\/\/mvebio.com\/fr\/\",\"name\":\"MVE Biological Solutions\",\"description\":\"Cryogenic freezers and dewars\",\"publisher\":{\"@id\":\"https:\/\/mvebio.com\/fr\/#organization\"},\"alternateName\":\"MVE Bio\",\"potentialAction\":[{\"@type\":\"SearchAction\",\"target\":{\"@type\":\"EntryPoint\",\"urlTemplate\":\"https:\/\/mvebio.com\/fr\/?s={search_term_string}\"},\"query-input\":{\"@type\":\"PropertyValueSpecification\",\"valueRequired\":true,\"valueName\":\"search_term_string\"}}],\"inLanguage\":\"fr-FR\"},{\"@type\":\"Organization\",\"@id\":\"https:\/\/mvebio.com\/fr\/#organization\",\"name\":\"MVE Biological Solutions\",\"alternateName\":\"MVE Bio\",\"url\":\"https:\/\/mvebio.com\/fr\/\",\"logo\":{\"@type\":\"ImageObject\",\"inLanguage\":\"fr-FR\",\"@id\":\"https:\/\/mvebio.com\/fr\/#\/schema\/logo\/image\/\",\"url\":\"https:\/\/mvebio.com\/wp-content\/uploads\/sites\/4\/2023\/12\/mve-square.png\",\"contentUrl\":\"https:\/\/mvebio.com\/wp-content\/uploads\/sites\/4\/2023\/12\/mve-square.png\",\"width\":1200,\"height\":1200,\"caption\":\"MVE Biological Solutions\"},\"image\":{\"@id\":\"https:\/\/mvebio.com\/fr\/#\/schema\/logo\/image\/\"},\"sameAs\":[\"https:\/\/x.com\/MveBioSolutions\",\"https:\/\/www.linkedin.com\/company\/mvebio\/\"]}]}<\/script>\n<!-- \/ Yoast SEO plugin. -->","yoast_head_json":{"title":"NOUVEAU MVE SC 4\/2V et 4\/3V - MVE Biological Solutions","description":"Nous avons redessin\u00e9 les populaires injecteurs de vapeur 4L - SC 4\/2V et SC 4\/3V - afin d'am\u00e9liorer les performances et la fiabilit\u00e9. Ces vaporisateurs sont la norme de l'industrie en mati\u00e8re d'efficacit\u00e9 et de durabilit\u00e9, et sont d\u00e9sormais \u00e9quip\u00e9s de notre technologie brevet\u00e9e BEND DON'T BREAK\u2122 (pliez, ne cassez pas).","robots":{"index":"index","follow":"follow","max-snippet":"max-snippet:-1","max-image-preview":"max-image-preview:large","max-video-preview":"max-video-preview:-1"},"canonical":"https:\/\/mvebio.com\/fr\/nos-produits\/sciences-de-la-vie-aluminium\/serie-mve-vapor-shipper\/nouveau-mve-sc-4-2v-et-4-3v\/","og_locale":"fr_FR","og_type":"article","og_title":"NOUVEAU MVE SC 4\/2V et 4\/3V - MVE Biological Solutions","og_description":"Nous avons redessin\u00e9 les populaires injecteurs de vapeur 4L - SC 4\/2V et SC 4\/3V - afin d'am\u00e9liorer les performances et la fiabilit\u00e9. Ces vaporisateurs sont la norme de l'industrie en mati\u00e8re d'efficacit\u00e9 et de durabilit\u00e9, et sont d\u00e9sormais \u00e9quip\u00e9s de notre technologie brevet\u00e9e BEND DON'T BREAK\u2122 (pliez, ne cassez pas).","og_url":"https:\/\/mvebio.com\/fr\/nos-produits\/sciences-de-la-vie-aluminium\/serie-mve-vapor-shipper\/nouveau-mve-sc-4-2v-et-4-3v\/","og_site_name":"MVE Biological Solutions","og_image":[{"width":2560,"height":2060,"url":"https:\/\/mvebio.com\/wp-content\/uploads\/sites\/4\/2024\/04\/Featured-Photo-V6_1-scaled.png","type":"image\/png"}],"twitter_card":"summary_large_image","twitter_site":"@MveBioSolutions","schema":{"@context":"https:\/\/schema.org","@graph":[{"@type":"WebPage","@id":"https:\/\/mvebio.com\/fr\/nos-produits\/sciences-de-la-vie-aluminium\/serie-mve-vapor-shipper\/nouveau-mve-sc-4-2v-et-4-3v\/","url":"https:\/\/mvebio.com\/fr\/nos-produits\/sciences-de-la-vie-aluminium\/serie-mve-vapor-shipper\/nouveau-mve-sc-4-2v-et-4-3v\/","name":"NOUVEAU MVE SC 4\/2V et 4\/3V - MVE Biological Solutions","isPartOf":{"@id":"https:\/\/mvebio.com\/fr\/#website"},"primaryImageOfPage":{"@id":"https:\/\/mvebio.com\/fr\/nos-produits\/sciences-de-la-vie-aluminium\/serie-mve-vapor-shipper\/nouveau-mve-sc-4-2v-et-4-3v\/#primaryimage"},"image":{"@id":"https:\/\/mvebio.com\/fr\/nos-produits\/sciences-de-la-vie-aluminium\/serie-mve-vapor-shipper\/nouveau-mve-sc-4-2v-et-4-3v\/#primaryimage"},"thumbnailUrl":"https:\/\/mvebio.com\/wp-content\/uploads\/sites\/4\/2024\/04\/Featured-Photo-V6_1-scaled.png","datePublished":"2025-07-07T23:41:22+00:00","description":"Nous avons redessin\u00e9 les populaires injecteurs de vapeur 4L - SC 4\/2V et SC 4\/3V - afin d'am\u00e9liorer les performances et la fiabilit\u00e9. Ces vaporisateurs sont la norme de l'industrie en mati\u00e8re d'efficacit\u00e9 et de durabilit\u00e9, et sont d\u00e9sormais \u00e9quip\u00e9s de notre technologie brevet\u00e9e BEND DON'T BREAK\u2122 (pliez, ne cassez pas).","breadcrumb":{"@id":"https:\/\/mvebio.com\/fr\/nos-produits\/sciences-de-la-vie-aluminium\/serie-mve-vapor-shipper\/nouveau-mve-sc-4-2v-et-4-3v\/#breadcrumb"},"inLanguage":"fr-FR","potentialAction":[{"@type":"ReadAction","target":["https:\/\/mvebio.com\/fr\/nos-produits\/sciences-de-la-vie-aluminium\/serie-mve-vapor-shipper\/nouveau-mve-sc-4-2v-et-4-3v\/"]}]},{"@type":"ImageObject","inLanguage":"fr-FR","@id":"https:\/\/mvebio.com\/fr\/nos-produits\/sciences-de-la-vie-aluminium\/serie-mve-vapor-shipper\/nouveau-mve-sc-4-2v-et-4-3v\/#primaryimage","url":"https:\/\/mvebio.com\/wp-content\/uploads\/sites\/4\/2024\/04\/Featured-Photo-V6_1-scaled.png","contentUrl":"https:\/\/mvebio.com\/wp-content\/uploads\/sites\/4\/2024\/04\/Featured-Photo-V6_1-scaled.png","width":2560,"height":2060,"caption":"V6 Photo en vedette"},{"@type":"BreadcrumbList","@id":"https:\/\/mvebio.com\/fr\/nos-produits\/sciences-de-la-vie-aluminium\/serie-mve-vapor-shipper\/nouveau-mve-sc-4-2v-et-4-3v\/#breadcrumb","itemListElement":[{"@type":"ListItem","position":1,"name":"Accueil","item":"https:\/\/mvebio.com\/fr\/homepage\/"},{"@type":"ListItem","position":2,"name":"Nos produits","item":"https:\/\/mvebio.com\/fr\/nos-produits\/"},{"@type":"ListItem","position":3,"name":"Sciences de la vie (aluminium)","item":"https:\/\/mvebio.com\/fr\/nos-produits\/sciences-de-la-vie-aluminium\/"},{"@type":"ListItem","position":4,"name":"S\u00e9rie MVE Vapor Shipper","item":"https:\/\/mvebio.com\/fr\/nos-produits\/sciences-de-la-vie-aluminium\/serie-mve-vapor-shipper\/"},{"@type":"ListItem","position":5,"name":"NOUVEAU MVE SC 4\/2V et 4\/3V"}]},{"@type":"WebSite","@id":"https:\/\/mvebio.com\/fr\/#website","url":"https:\/\/mvebio.com\/fr\/","name":"MVE Biological Solutions","description":"Cryogenic freezers and dewars","publisher":{"@id":"https:\/\/mvebio.com\/fr\/#organization"},"alternateName":"MVE Bio","potentialAction":[{"@type":"SearchAction","target":{"@type":"EntryPoint","urlTemplate":"https:\/\/mvebio.com\/fr\/?s={search_term_string}"},"query-input":{"@type":"PropertyValueSpecification","valueRequired":true,"valueName":"search_term_string"}}],"inLanguage":"fr-FR"},{"@type":"Organization","@id":"https:\/\/mvebio.com\/fr\/#organization","name":"MVE Biological Solutions","alternateName":"MVE Bio","url":"https:\/\/mvebio.com\/fr\/","logo":{"@type":"ImageObject","inLanguage":"fr-FR","@id":"https:\/\/mvebio.com\/fr\/#\/schema\/logo\/image\/","url":"https:\/\/mvebio.com\/wp-content\/uploads\/sites\/4\/2023\/12\/mve-square.png","contentUrl":"https:\/\/mvebio.com\/wp-content\/uploads\/sites\/4\/2023\/12\/mve-square.png","width":1200,"height":1200,"caption":"MVE Biological Solutions"},"image":{"@id":"https:\/\/mvebio.com\/fr\/#\/schema\/logo\/image\/"},"sameAs":["https:\/\/x.com\/MveBioSolutions","https:\/\/www.linkedin.com\/company\/mvebio\/"]}]}},"_links":{"self":[{"href":"https:\/\/mvebio.com\/fr\/wp-json\/wp\/v2\/pages\/14714","targetHints":{"allow":["GET"]}}],"collection":[{"href":"https:\/\/mvebio.com\/fr\/wp-json\/wp\/v2\/pages"}],"about":[{"href":"https:\/\/mvebio.com\/fr\/wp-json\/wp\/v2\/types\/page"}],"author":[{"embeddable":true,"href":"https:\/\/mvebio.com\/fr\/wp-json\/wp\/v2\/users\/24"}],"replies":[{"embeddable":true,"href":"https:\/\/mvebio.com\/fr\/wp-json\/wp\/v2\/comments?post=14714"}],"version-history":[{"count":0,"href":"https:\/\/mvebio.com\/fr\/wp-json\/wp\/v2\/pages\/14714\/revisions"}],"up":[{"embeddable":true,"href":"https:\/\/mvebio.com\/fr\/wp-json\/wp\/v2\/pages\/11840"}],"wp:featuredmedia":[{"embeddable":true,"href":"https:\/\/mvebio.com\/fr\/wp-json\/wp\/v2\/media\/13810"}],"wp:attachment":[{"href":"https:\/\/mvebio.com\/fr\/wp-json\/wp\/v2\/media?parent=14714"}],"curies":[{"name":"wp","href":"https:\/\/api.w.org\/{rel}","templated":true}]}}