{"id":11861,"date":"2022-11-11T12:28:58","date_gmt":"2022-11-11T12:28:58","guid":{"rendered":"https:\/\/mvebio.com\/about-us\/"},"modified":"2026-02-18T11:17:09","modified_gmt":"2026-02-18T16:17:09","slug":"a-propos-de-nous","status":"publish","type":"page","link":"https:\/\/mvebio.com\/fr\/a-propos-de-nous\/","title":{"rendered":"About Us"},"content":{"rendered":"","protected":false},"excerpt":{"rendered":"","protected":false},"author":1,"featured_media":5287,"parent":0,"menu_order":0,"comment_status":"closed","ping_status":"closed","template":"","meta":{"_acf_changed":false,"footnotes":""},"class_list":["post-11861","page","type-page","status-publish","has-post-thumbnail","hentry"],"acf":[],"yoast_head":"<!-- This site is optimized with the Yoast SEO plugin v27.2 - https:\/\/yoast.com\/product\/yoast-seo-wordpress\/ -->\n<title>About Us - MVE Biological Solutions<\/title>\n<meta name=\"description\" content=\"MVE est le premier fabricant mondial de cong\u00e9lateurs cryog\u00e9niques et de dewars en aluminium de haute qualit\u00e9. Nous proposons \u00e9galement une large s\u00e9lection d&#039;accessoires pour un stockage cryog\u00e9nique plus s\u00fbr, plus pratique et plus efficace dans votre biobanque, votre d\u00e9p\u00f4t biologique ou votre ferme de cong\u00e9lation. Et nous mettons \u00e0 profit notre exp\u00e9rience de plus de 60 ans pour am\u00e9liorer et innover en permanence notre gamme. Les secteurs des sciences de la vie et de la sant\u00e9 animale s&#039;adressent \u00e0 nous en toute confiance. Ils savent que nos solutions biologiques leur apportent la certitude dont ils ont besoin pour sauver et am\u00e9liorer des vies... un tissu et un vaccin \u00e0 la fois.\" \/>\n<meta name=\"robots\" content=\"index, follow, max-snippet:-1, max-image-preview:large, max-video-preview:-1\" \/>\n<link rel=\"canonical\" href=\"https:\/\/mvebio.com\/fr\/a-propos-de-nous\/\" \/>\n<meta property=\"og:locale\" content=\"fr_FR\" \/>\n<meta property=\"og:type\" content=\"article\" \/>\n<meta property=\"og:title\" content=\"About Us - MVE Biological Solutions\" \/>\n<meta property=\"og:description\" content=\"MVE est le premier fabricant mondial de cong\u00e9lateurs cryog\u00e9niques et de dewars en aluminium de haute qualit\u00e9. Nous proposons \u00e9galement une large s\u00e9lection d&#039;accessoires pour un stockage cryog\u00e9nique plus s\u00fbr, plus pratique et plus efficace dans votre biobanque, votre d\u00e9p\u00f4t biologique ou votre ferme de cong\u00e9lation. Et nous mettons \u00e0 profit notre exp\u00e9rience de plus de 60 ans pour am\u00e9liorer et innover en permanence notre gamme. Les secteurs des sciences de la vie et de la sant\u00e9 animale s&#039;adressent \u00e0 nous en toute confiance. Ils savent que nos solutions biologiques leur apportent la certitude dont ils ont besoin pour sauver et am\u00e9liorer des vies... un tissu et un vaccin \u00e0 la fois.\" \/>\n<meta property=\"og:url\" content=\"https:\/\/mvebio.com\/fr\/a-propos-de-nous\/\" \/>\n<meta property=\"og:site_name\" content=\"MVE Biological Solutions\" \/>\n<meta property=\"article:modified_time\" content=\"2026-02-18T16:17:09+00:00\" \/>\n<meta property=\"og:image\" content=\"https:\/\/mvebio.com\/wp-content\/uploads\/sites\/4\/2023\/12\/MVE_Header_1-1024x459.png\" \/>\n\t<meta property=\"og:image:width\" content=\"1024\" \/>\n\t<meta property=\"og:image:height\" content=\"459\" \/>\n\t<meta property=\"og:image:type\" content=\"image\/png\" \/>\n<meta name=\"twitter:card\" content=\"summary_large_image\" \/>\n<meta name=\"twitter:site\" content=\"@MveBioSolutions\" \/>\n<meta name=\"twitter:label1\" content=\"Dur\u00e9e de lecture estim\u00e9e\" \/>\n\t<meta name=\"twitter:data1\" content=\"3 minutes\" \/>\n<script type=\"application\/ld+json\" class=\"yoast-schema-graph\">{\"@context\":\"https:\/\/schema.org\",\"@graph\":[{\"@type\":\"WebPage\",\"@id\":\"https:\/\/mvebio.com\/fr\/a-propos-de-nous\/\",\"url\":\"https:\/\/mvebio.com\/fr\/a-propos-de-nous\/\",\"name\":\"About Us - MVE Biological Solutions\",\"isPartOf\":{\"@id\":\"https:\/\/mvebio.com\/fr\/#website\"},\"primaryImageOfPage\":{\"@id\":\"https:\/\/mvebio.com\/fr\/a-propos-de-nous\/#primaryimage\"},\"image\":{\"@id\":\"https:\/\/mvebio.com\/fr\/a-propos-de-nous\/#primaryimage\"},\"thumbnailUrl\":\"https:\/\/mvebio.com\/wp-content\/uploads\/sites\/4\/2023\/12\/MVE_Header_1.jpg\",\"datePublished\":\"2022-11-11T12:28:58+00:00\",\"dateModified\":\"2026-02-18T16:17:09+00:00\",\"description\":\"MVE est le premier fabricant mondial de cong\u00e9lateurs cryog\u00e9niques et de dewars en aluminium de haute qualit\u00e9. Nous proposons \u00e9galement une large s\u00e9lection d'accessoires pour un stockage cryog\u00e9nique plus s\u00fbr, plus pratique et plus efficace dans votre biobanque, votre d\u00e9p\u00f4t biologique ou votre ferme de cong\u00e9lation. Et nous mettons \u00e0 profit notre exp\u00e9rience de plus de 60 ans pour am\u00e9liorer et innover en permanence notre gamme. Les secteurs des sciences de la vie et de la sant\u00e9 animale s'adressent \u00e0 nous en toute confiance. Ils savent que nos solutions biologiques leur apportent la certitude dont ils ont besoin pour sauver et am\u00e9liorer des vies... un tissu et un vaccin \u00e0 la fois.\",\"breadcrumb\":{\"@id\":\"https:\/\/mvebio.com\/fr\/a-propos-de-nous\/#breadcrumb\"},\"inLanguage\":\"fr-FR\",\"potentialAction\":[{\"@type\":\"ReadAction\",\"target\":[\"https:\/\/mvebio.com\/fr\/a-propos-de-nous\/\"]}]},{\"@type\":\"ImageObject\",\"inLanguage\":\"fr-FR\",\"@id\":\"https:\/\/mvebio.com\/fr\/a-propos-de-nous\/#primaryimage\",\"url\":\"https:\/\/mvebio.com\/wp-content\/uploads\/sites\/4\/2023\/12\/MVE_Header_1.jpg\",\"contentUrl\":\"https:\/\/mvebio.com\/wp-content\/uploads\/sites\/4\/2023\/12\/MVE_Header_1.jpg\",\"width\":7441,\"height\":3339},{\"@type\":\"BreadcrumbList\",\"@id\":\"https:\/\/mvebio.com\/fr\/a-propos-de-nous\/#breadcrumb\",\"itemListElement\":[{\"@type\":\"ListItem\",\"position\":1,\"name\":\"Accueil\",\"item\":\"https:\/\/mvebio.com\/fr\/homepage\/\"},{\"@type\":\"ListItem\",\"position\":2,\"name\":\"About Us\"}]},{\"@type\":\"WebSite\",\"@id\":\"https:\/\/mvebio.com\/fr\/#website\",\"url\":\"https:\/\/mvebio.com\/fr\/\",\"name\":\"MVE Biological Solutions\",\"description\":\"Cryogenic freezers and dewars\",\"publisher\":{\"@id\":\"https:\/\/mvebio.com\/fr\/#organization\"},\"alternateName\":\"MVE Bio\",\"potentialAction\":[{\"@type\":\"SearchAction\",\"target\":{\"@type\":\"EntryPoint\",\"urlTemplate\":\"https:\/\/mvebio.com\/fr\/?s={search_term_string}\"},\"query-input\":{\"@type\":\"PropertyValueSpecification\",\"valueRequired\":true,\"valueName\":\"search_term_string\"}}],\"inLanguage\":\"fr-FR\"},{\"@type\":\"Organization\",\"@id\":\"https:\/\/mvebio.com\/fr\/#organization\",\"name\":\"MVE Biological Solutions\",\"alternateName\":\"MVE Bio\",\"url\":\"https:\/\/mvebio.com\/fr\/\",\"logo\":{\"@type\":\"ImageObject\",\"inLanguage\":\"fr-FR\",\"@id\":\"https:\/\/mvebio.com\/fr\/#\/schema\/logo\/image\/\",\"url\":\"https:\/\/mvebio.com\/wp-content\/uploads\/sites\/4\/2023\/12\/mve-square.png\",\"contentUrl\":\"https:\/\/mvebio.com\/wp-content\/uploads\/sites\/4\/2023\/12\/mve-square.png\",\"width\":1200,\"height\":1200,\"caption\":\"MVE Biological Solutions\"},\"image\":{\"@id\":\"https:\/\/mvebio.com\/fr\/#\/schema\/logo\/image\/\"},\"sameAs\":[\"https:\/\/x.com\/MveBioSolutions\",\"https:\/\/www.linkedin.com\/company\/mvebio\/\"]}]}<\/script>\n<!-- \/ Yoast SEO plugin. -->","yoast_head_json":{"title":"About Us - MVE Biological Solutions","description":"MVE est le premier fabricant mondial de cong\u00e9lateurs cryog\u00e9niques et de dewars en aluminium de haute qualit\u00e9. Nous proposons \u00e9galement une large s\u00e9lection d'accessoires pour un stockage cryog\u00e9nique plus s\u00fbr, plus pratique et plus efficace dans votre biobanque, votre d\u00e9p\u00f4t biologique ou votre ferme de cong\u00e9lation. Et nous mettons \u00e0 profit notre exp\u00e9rience de plus de 60 ans pour am\u00e9liorer et innover en permanence notre gamme. Les secteurs des sciences de la vie et de la sant\u00e9 animale s'adressent \u00e0 nous en toute confiance. Ils savent que nos solutions biologiques leur apportent la certitude dont ils ont besoin pour sauver et am\u00e9liorer des vies... un tissu et un vaccin \u00e0 la fois.","robots":{"index":"index","follow":"follow","max-snippet":"max-snippet:-1","max-image-preview":"max-image-preview:large","max-video-preview":"max-video-preview:-1"},"canonical":"https:\/\/mvebio.com\/fr\/a-propos-de-nous\/","og_locale":"fr_FR","og_type":"article","og_title":"About Us - MVE Biological Solutions","og_description":"MVE est le premier fabricant mondial de cong\u00e9lateurs cryog\u00e9niques et de dewars en aluminium de haute qualit\u00e9. Nous proposons \u00e9galement une large s\u00e9lection d'accessoires pour un stockage cryog\u00e9nique plus s\u00fbr, plus pratique et plus efficace dans votre biobanque, votre d\u00e9p\u00f4t biologique ou votre ferme de cong\u00e9lation. Et nous mettons \u00e0 profit notre exp\u00e9rience de plus de 60 ans pour am\u00e9liorer et innover en permanence notre gamme. Les secteurs des sciences de la vie et de la sant\u00e9 animale s'adressent \u00e0 nous en toute confiance. Ils savent que nos solutions biologiques leur apportent la certitude dont ils ont besoin pour sauver et am\u00e9liorer des vies... un tissu et un vaccin \u00e0 la fois.","og_url":"https:\/\/mvebio.com\/fr\/a-propos-de-nous\/","og_site_name":"MVE Biological Solutions","article_modified_time":"2026-02-18T16:17:09+00:00","og_image":[{"width":1024,"height":459,"url":"https:\/\/mvebio.com\/wp-content\/uploads\/sites\/4\/2023\/12\/MVE_Header_1-1024x459.png","type":"image\/png"}],"twitter_card":"summary_large_image","twitter_site":"@MveBioSolutions","twitter_misc":{"Dur\u00e9e de lecture estim\u00e9e":"3 minutes"},"schema":{"@context":"https:\/\/schema.org","@graph":[{"@type":"WebPage","@id":"https:\/\/mvebio.com\/fr\/a-propos-de-nous\/","url":"https:\/\/mvebio.com\/fr\/a-propos-de-nous\/","name":"About Us - MVE Biological Solutions","isPartOf":{"@id":"https:\/\/mvebio.com\/fr\/#website"},"primaryImageOfPage":{"@id":"https:\/\/mvebio.com\/fr\/a-propos-de-nous\/#primaryimage"},"image":{"@id":"https:\/\/mvebio.com\/fr\/a-propos-de-nous\/#primaryimage"},"thumbnailUrl":"https:\/\/mvebio.com\/wp-content\/uploads\/sites\/4\/2023\/12\/MVE_Header_1.jpg","datePublished":"2022-11-11T12:28:58+00:00","dateModified":"2026-02-18T16:17:09+00:00","description":"MVE est le premier fabricant mondial de cong\u00e9lateurs cryog\u00e9niques et de dewars en aluminium de haute qualit\u00e9. Nous proposons \u00e9galement une large s\u00e9lection d'accessoires pour un stockage cryog\u00e9nique plus s\u00fbr, plus pratique et plus efficace dans votre biobanque, votre d\u00e9p\u00f4t biologique ou votre ferme de cong\u00e9lation. Et nous mettons \u00e0 profit notre exp\u00e9rience de plus de 60 ans pour am\u00e9liorer et innover en permanence notre gamme. Les secteurs des sciences de la vie et de la sant\u00e9 animale s'adressent \u00e0 nous en toute confiance. Ils savent que nos solutions biologiques leur apportent la certitude dont ils ont besoin pour sauver et am\u00e9liorer des vies... un tissu et un vaccin \u00e0 la fois.","breadcrumb":{"@id":"https:\/\/mvebio.com\/fr\/a-propos-de-nous\/#breadcrumb"},"inLanguage":"fr-FR","potentialAction":[{"@type":"ReadAction","target":["https:\/\/mvebio.com\/fr\/a-propos-de-nous\/"]}]},{"@type":"ImageObject","inLanguage":"fr-FR","@id":"https:\/\/mvebio.com\/fr\/a-propos-de-nous\/#primaryimage","url":"https:\/\/mvebio.com\/wp-content\/uploads\/sites\/4\/2023\/12\/MVE_Header_1.jpg","contentUrl":"https:\/\/mvebio.com\/wp-content\/uploads\/sites\/4\/2023\/12\/MVE_Header_1.jpg","width":7441,"height":3339},{"@type":"BreadcrumbList","@id":"https:\/\/mvebio.com\/fr\/a-propos-de-nous\/#breadcrumb","itemListElement":[{"@type":"ListItem","position":1,"name":"Accueil","item":"https:\/\/mvebio.com\/fr\/homepage\/"},{"@type":"ListItem","position":2,"name":"About Us"}]},{"@type":"WebSite","@id":"https:\/\/mvebio.com\/fr\/#website","url":"https:\/\/mvebio.com\/fr\/","name":"MVE Biological Solutions","description":"Cryogenic freezers and dewars","publisher":{"@id":"https:\/\/mvebio.com\/fr\/#organization"},"alternateName":"MVE Bio","potentialAction":[{"@type":"SearchAction","target":{"@type":"EntryPoint","urlTemplate":"https:\/\/mvebio.com\/fr\/?s={search_term_string}"},"query-input":{"@type":"PropertyValueSpecification","valueRequired":true,"valueName":"search_term_string"}}],"inLanguage":"fr-FR"},{"@type":"Organization","@id":"https:\/\/mvebio.com\/fr\/#organization","name":"MVE Biological Solutions","alternateName":"MVE Bio","url":"https:\/\/mvebio.com\/fr\/","logo":{"@type":"ImageObject","inLanguage":"fr-FR","@id":"https:\/\/mvebio.com\/fr\/#\/schema\/logo\/image\/","url":"https:\/\/mvebio.com\/wp-content\/uploads\/sites\/4\/2023\/12\/mve-square.png","contentUrl":"https:\/\/mvebio.com\/wp-content\/uploads\/sites\/4\/2023\/12\/mve-square.png","width":1200,"height":1200,"caption":"MVE Biological Solutions"},"image":{"@id":"https:\/\/mvebio.com\/fr\/#\/schema\/logo\/image\/"},"sameAs":["https:\/\/x.com\/MveBioSolutions","https:\/\/www.linkedin.com\/company\/mvebio\/"]}]}},"_links":{"self":[{"href":"https:\/\/mvebio.com\/fr\/wp-json\/wp\/v2\/pages\/11861","targetHints":{"allow":["GET"]}}],"collection":[{"href":"https:\/\/mvebio.com\/fr\/wp-json\/wp\/v2\/pages"}],"about":[{"href":"https:\/\/mvebio.com\/fr\/wp-json\/wp\/v2\/types\/page"}],"author":[{"embeddable":true,"href":"https:\/\/mvebio.com\/fr\/wp-json\/wp\/v2\/users\/1"}],"replies":[{"embeddable":true,"href":"https:\/\/mvebio.com\/fr\/wp-json\/wp\/v2\/comments?post=11861"}],"version-history":[{"count":2,"href":"https:\/\/mvebio.com\/fr\/wp-json\/wp\/v2\/pages\/11861\/revisions"}],"predecessor-version":[{"id":14596,"href":"https:\/\/mvebio.com\/fr\/wp-json\/wp\/v2\/pages\/11861\/revisions\/14596"}],"wp:featuredmedia":[{"embeddable":true,"href":"https:\/\/mvebio.com\/fr\/wp-json\/wp\/v2\/media\/5287"}],"wp:attachment":[{"href":"https:\/\/mvebio.com\/fr\/wp-json\/wp\/v2\/media?parent=11861"}],"curies":[{"name":"wp","href":"https:\/\/api.w.org\/{rel}","templated":true}]}}