{"id":11853,"date":"2023-03-30T10:53:18","date_gmt":"2023-03-30T09:53:18","guid":{"rendered":"https:\/\/mvebio.com\/sciences-de-la-vie-aluminium\/serie-mve-cryosystem\/"},"modified":"2026-02-18T10:46:10","modified_gmt":"2026-02-18T15:46:10","slug":"serie-mve-cryosystem","status":"publish","type":"page","link":"https:\/\/mvebio.com\/fr\/nos-produits\/sciences-de-la-vie-aluminium\/serie-mve-cryosystem\/","title":{"rendered":"S\u00e9rie MVE CryoSystem"},"content":{"rendered":"","protected":false},"excerpt":{"rendered":"<p>Dewars cryog\u00e9niques efficaces et l\u00e9gers pour votre d\u00e9p\u00f4t biologique<\/p>\n","protected":false},"author":1,"featured_media":10564,"parent":11823,"menu_order":0,"comment_status":"closed","ping_status":"closed","template":"","meta":{"_acf_changed":false,"footnotes":""},"class_list":["post-11853","page","type-page","status-publish","has-post-thumbnail","hentry"],"acf":[],"yoast_head":"<!-- This site is optimized with the Yoast SEO plugin v27.2 - https:\/\/yoast.com\/product\/yoast-seo-wordpress\/ -->\n<title>S\u00e9rie MVE CryoSystem - MVE Biological Solutions<\/title>\n<meta name=\"description\" content=\"Dewars cryog\u00e9niques efficaces et l\u00e9gers pour votre d\u00e9p\u00f4t biologique. Ces dewars en aluminium tr\u00e8s efficaces sont l\u00e9gers et compacts, ce qui en fait les plus \u00e9conomiques de leur cat\u00e9gorie. Ils combinent les avantages d&#039;une faible consommation d&#039;azote et d&#039;une capacit\u00e9 de flacon moyenne, ce qui vous aide \u00e0 r\u00e9pondre aux besoins de votre biorepositoire.\" \/>\n<meta name=\"robots\" content=\"index, follow, max-snippet:-1, max-image-preview:large, max-video-preview:-1\" \/>\n<link rel=\"canonical\" href=\"https:\/\/mvebio.com\/fr\/nos-produits\/sciences-de-la-vie-aluminium\/serie-mve-cryosystem\/\" \/>\n<meta property=\"og:locale\" content=\"fr_FR\" \/>\n<meta property=\"og:type\" content=\"article\" \/>\n<meta property=\"og:title\" content=\"S\u00e9rie MVE CryoSystem - MVE Biological Solutions\" \/>\n<meta property=\"og:description\" content=\"Dewars cryog\u00e9niques efficaces et l\u00e9gers pour votre d\u00e9p\u00f4t biologique. Ces dewars en aluminium tr\u00e8s efficaces sont l\u00e9gers et compacts, ce qui en fait les plus \u00e9conomiques de leur cat\u00e9gorie. Ils combinent les avantages d&#039;une faible consommation d&#039;azote et d&#039;une capacit\u00e9 de flacon moyenne, ce qui vous aide \u00e0 r\u00e9pondre aux besoins de votre biorepositoire.\" \/>\n<meta property=\"og:url\" content=\"https:\/\/mvebio.com\/fr\/nos-produits\/sciences-de-la-vie-aluminium\/serie-mve-cryosystem\/\" \/>\n<meta property=\"og:site_name\" content=\"MVE Biological Solutions\" \/>\n<meta property=\"article:modified_time\" content=\"2026-02-18T15:46:10+00:00\" \/>\n<meta property=\"og:image\" content=\"https:\/\/mvebio.com\/wp-content\/uploads\/sites\/4\/2023\/12\/Cryosystem-6000-TEC3000-1.jpg\" \/>\n\t<meta property=\"og:image:width\" content=\"1200\" \/>\n\t<meta property=\"og:image:height\" content=\"562\" \/>\n\t<meta property=\"og:image:type\" content=\"image\/jpeg\" \/>\n<meta name=\"twitter:card\" content=\"summary_large_image\" \/>\n<meta name=\"twitter:site\" content=\"@MveBioSolutions\" \/>\n<script type=\"application\/ld+json\" class=\"yoast-schema-graph\">{\"@context\":\"https:\/\/schema.org\",\"@graph\":[{\"@type\":\"WebPage\",\"@id\":\"https:\/\/mvebio.com\/fr\/nos-produits\/sciences-de-la-vie-aluminium\/serie-mve-cryosystem\/\",\"url\":\"https:\/\/mvebio.com\/fr\/nos-produits\/sciences-de-la-vie-aluminium\/serie-mve-cryosystem\/\",\"name\":\"S\u00e9rie MVE CryoSystem - MVE Biological Solutions\",\"isPartOf\":{\"@id\":\"https:\/\/mvebio.com\/fr\/#website\"},\"primaryImageOfPage\":{\"@id\":\"https:\/\/mvebio.com\/fr\/nos-produits\/sciences-de-la-vie-aluminium\/serie-mve-cryosystem\/#primaryimage\"},\"image\":{\"@id\":\"https:\/\/mvebio.com\/fr\/nos-produits\/sciences-de-la-vie-aluminium\/serie-mve-cryosystem\/#primaryimage\"},\"thumbnailUrl\":\"https:\/\/mvebio.com\/wp-content\/uploads\/sites\/4\/2023\/12\/Cryosystem-6000-TEC3000-1.jpg\",\"datePublished\":\"2023-03-30T09:53:18+00:00\",\"dateModified\":\"2026-02-18T15:46:10+00:00\",\"description\":\"Dewars cryog\u00e9niques efficaces et l\u00e9gers pour votre d\u00e9p\u00f4t biologique. Ces dewars en aluminium tr\u00e8s efficaces sont l\u00e9gers et compacts, ce qui en fait les plus \u00e9conomiques de leur cat\u00e9gorie. Ils combinent les avantages d'une faible consommation d'azote et d'une capacit\u00e9 de flacon moyenne, ce qui vous aide \u00e0 r\u00e9pondre aux besoins de votre biorepositoire.\",\"breadcrumb\":{\"@id\":\"https:\/\/mvebio.com\/fr\/nos-produits\/sciences-de-la-vie-aluminium\/serie-mve-cryosystem\/#breadcrumb\"},\"inLanguage\":\"fr-FR\",\"potentialAction\":[{\"@type\":\"ReadAction\",\"target\":[\"https:\/\/mvebio.com\/fr\/nos-produits\/sciences-de-la-vie-aluminium\/serie-mve-cryosystem\/\"]}]},{\"@type\":\"ImageObject\",\"inLanguage\":\"fr-FR\",\"@id\":\"https:\/\/mvebio.com\/fr\/nos-produits\/sciences-de-la-vie-aluminium\/serie-mve-cryosystem\/#primaryimage\",\"url\":\"https:\/\/mvebio.com\/wp-content\/uploads\/sites\/4\/2023\/12\/Cryosystem-6000-TEC3000-1.jpg\",\"contentUrl\":\"https:\/\/mvebio.com\/wp-content\/uploads\/sites\/4\/2023\/12\/Cryosystem-6000-TEC3000-1.jpg\",\"width\":1200,\"height\":562,\"caption\":\"Cryosyst\u00e8me 6000\"},{\"@type\":\"BreadcrumbList\",\"@id\":\"https:\/\/mvebio.com\/fr\/nos-produits\/sciences-de-la-vie-aluminium\/serie-mve-cryosystem\/#breadcrumb\",\"itemListElement\":[{\"@type\":\"ListItem\",\"position\":1,\"name\":\"Accueil\",\"item\":\"https:\/\/mvebio.com\/fr\/homepage\/\"},{\"@type\":\"ListItem\",\"position\":2,\"name\":\"Nos produits\",\"item\":\"https:\/\/mvebio.com\/fr\/nos-produits\/\"},{\"@type\":\"ListItem\",\"position\":3,\"name\":\"Sciences de la vie (aluminium)\",\"item\":\"https:\/\/mvebio.com\/fr\/nos-produits\/sciences-de-la-vie-aluminium\/\"},{\"@type\":\"ListItem\",\"position\":4,\"name\":\"S\u00e9rie MVE CryoSystem\"}]},{\"@type\":\"WebSite\",\"@id\":\"https:\/\/mvebio.com\/fr\/#website\",\"url\":\"https:\/\/mvebio.com\/fr\/\",\"name\":\"MVE Biological Solutions\",\"description\":\"Cryogenic freezers and dewars\",\"publisher\":{\"@id\":\"https:\/\/mvebio.com\/fr\/#organization\"},\"alternateName\":\"MVE Bio\",\"potentialAction\":[{\"@type\":\"SearchAction\",\"target\":{\"@type\":\"EntryPoint\",\"urlTemplate\":\"https:\/\/mvebio.com\/fr\/?s={search_term_string}\"},\"query-input\":{\"@type\":\"PropertyValueSpecification\",\"valueRequired\":true,\"valueName\":\"search_term_string\"}}],\"inLanguage\":\"fr-FR\"},{\"@type\":\"Organization\",\"@id\":\"https:\/\/mvebio.com\/fr\/#organization\",\"name\":\"MVE Biological Solutions\",\"alternateName\":\"MVE Bio\",\"url\":\"https:\/\/mvebio.com\/fr\/\",\"logo\":{\"@type\":\"ImageObject\",\"inLanguage\":\"fr-FR\",\"@id\":\"https:\/\/mvebio.com\/fr\/#\/schema\/logo\/image\/\",\"url\":\"https:\/\/mvebio.com\/wp-content\/uploads\/sites\/4\/2023\/12\/mve-square.png\",\"contentUrl\":\"https:\/\/mvebio.com\/wp-content\/uploads\/sites\/4\/2023\/12\/mve-square.png\",\"width\":1200,\"height\":1200,\"caption\":\"MVE Biological Solutions\"},\"image\":{\"@id\":\"https:\/\/mvebio.com\/fr\/#\/schema\/logo\/image\/\"},\"sameAs\":[\"https:\/\/x.com\/MveBioSolutions\",\"https:\/\/www.linkedin.com\/company\/mvebio\/\"]}]}<\/script>\n<!-- \/ Yoast SEO plugin. -->","yoast_head_json":{"title":"S\u00e9rie MVE CryoSystem - MVE Biological Solutions","description":"Dewars cryog\u00e9niques efficaces et l\u00e9gers pour votre d\u00e9p\u00f4t biologique. Ces dewars en aluminium tr\u00e8s efficaces sont l\u00e9gers et compacts, ce qui en fait les plus \u00e9conomiques de leur cat\u00e9gorie. Ils combinent les avantages d'une faible consommation d'azote et d'une capacit\u00e9 de flacon moyenne, ce qui vous aide \u00e0 r\u00e9pondre aux besoins de votre biorepositoire.","robots":{"index":"index","follow":"follow","max-snippet":"max-snippet:-1","max-image-preview":"max-image-preview:large","max-video-preview":"max-video-preview:-1"},"canonical":"https:\/\/mvebio.com\/fr\/nos-produits\/sciences-de-la-vie-aluminium\/serie-mve-cryosystem\/","og_locale":"fr_FR","og_type":"article","og_title":"S\u00e9rie MVE CryoSystem - MVE Biological Solutions","og_description":"Dewars cryog\u00e9niques efficaces et l\u00e9gers pour votre d\u00e9p\u00f4t biologique. Ces dewars en aluminium tr\u00e8s efficaces sont l\u00e9gers et compacts, ce qui en fait les plus \u00e9conomiques de leur cat\u00e9gorie. Ils combinent les avantages d'une faible consommation d'azote et d'une capacit\u00e9 de flacon moyenne, ce qui vous aide \u00e0 r\u00e9pondre aux besoins de votre biorepositoire.","og_url":"https:\/\/mvebio.com\/fr\/nos-produits\/sciences-de-la-vie-aluminium\/serie-mve-cryosystem\/","og_site_name":"MVE Biological Solutions","article_modified_time":"2026-02-18T15:46:10+00:00","og_image":[{"width":1200,"height":562,"url":"https:\/\/mvebio.com\/wp-content\/uploads\/sites\/4\/2023\/12\/Cryosystem-6000-TEC3000-1.jpg","type":"image\/jpeg"}],"twitter_card":"summary_large_image","twitter_site":"@MveBioSolutions","schema":{"@context":"https:\/\/schema.org","@graph":[{"@type":"WebPage","@id":"https:\/\/mvebio.com\/fr\/nos-produits\/sciences-de-la-vie-aluminium\/serie-mve-cryosystem\/","url":"https:\/\/mvebio.com\/fr\/nos-produits\/sciences-de-la-vie-aluminium\/serie-mve-cryosystem\/","name":"S\u00e9rie MVE CryoSystem - MVE Biological Solutions","isPartOf":{"@id":"https:\/\/mvebio.com\/fr\/#website"},"primaryImageOfPage":{"@id":"https:\/\/mvebio.com\/fr\/nos-produits\/sciences-de-la-vie-aluminium\/serie-mve-cryosystem\/#primaryimage"},"image":{"@id":"https:\/\/mvebio.com\/fr\/nos-produits\/sciences-de-la-vie-aluminium\/serie-mve-cryosystem\/#primaryimage"},"thumbnailUrl":"https:\/\/mvebio.com\/wp-content\/uploads\/sites\/4\/2023\/12\/Cryosystem-6000-TEC3000-1.jpg","datePublished":"2023-03-30T09:53:18+00:00","dateModified":"2026-02-18T15:46:10+00:00","description":"Dewars cryog\u00e9niques efficaces et l\u00e9gers pour votre d\u00e9p\u00f4t biologique. Ces dewars en aluminium tr\u00e8s efficaces sont l\u00e9gers et compacts, ce qui en fait les plus \u00e9conomiques de leur cat\u00e9gorie. Ils combinent les avantages d'une faible consommation d'azote et d'une capacit\u00e9 de flacon moyenne, ce qui vous aide \u00e0 r\u00e9pondre aux besoins de votre biorepositoire.","breadcrumb":{"@id":"https:\/\/mvebio.com\/fr\/nos-produits\/sciences-de-la-vie-aluminium\/serie-mve-cryosystem\/#breadcrumb"},"inLanguage":"fr-FR","potentialAction":[{"@type":"ReadAction","target":["https:\/\/mvebio.com\/fr\/nos-produits\/sciences-de-la-vie-aluminium\/serie-mve-cryosystem\/"]}]},{"@type":"ImageObject","inLanguage":"fr-FR","@id":"https:\/\/mvebio.com\/fr\/nos-produits\/sciences-de-la-vie-aluminium\/serie-mve-cryosystem\/#primaryimage","url":"https:\/\/mvebio.com\/wp-content\/uploads\/sites\/4\/2023\/12\/Cryosystem-6000-TEC3000-1.jpg","contentUrl":"https:\/\/mvebio.com\/wp-content\/uploads\/sites\/4\/2023\/12\/Cryosystem-6000-TEC3000-1.jpg","width":1200,"height":562,"caption":"Cryosyst\u00e8me 6000"},{"@type":"BreadcrumbList","@id":"https:\/\/mvebio.com\/fr\/nos-produits\/sciences-de-la-vie-aluminium\/serie-mve-cryosystem\/#breadcrumb","itemListElement":[{"@type":"ListItem","position":1,"name":"Accueil","item":"https:\/\/mvebio.com\/fr\/homepage\/"},{"@type":"ListItem","position":2,"name":"Nos produits","item":"https:\/\/mvebio.com\/fr\/nos-produits\/"},{"@type":"ListItem","position":3,"name":"Sciences de la vie (aluminium)","item":"https:\/\/mvebio.com\/fr\/nos-produits\/sciences-de-la-vie-aluminium\/"},{"@type":"ListItem","position":4,"name":"S\u00e9rie MVE CryoSystem"}]},{"@type":"WebSite","@id":"https:\/\/mvebio.com\/fr\/#website","url":"https:\/\/mvebio.com\/fr\/","name":"MVE Biological Solutions","description":"Cryogenic freezers and dewars","publisher":{"@id":"https:\/\/mvebio.com\/fr\/#organization"},"alternateName":"MVE Bio","potentialAction":[{"@type":"SearchAction","target":{"@type":"EntryPoint","urlTemplate":"https:\/\/mvebio.com\/fr\/?s={search_term_string}"},"query-input":{"@type":"PropertyValueSpecification","valueRequired":true,"valueName":"search_term_string"}}],"inLanguage":"fr-FR"},{"@type":"Organization","@id":"https:\/\/mvebio.com\/fr\/#organization","name":"MVE Biological Solutions","alternateName":"MVE Bio","url":"https:\/\/mvebio.com\/fr\/","logo":{"@type":"ImageObject","inLanguage":"fr-FR","@id":"https:\/\/mvebio.com\/fr\/#\/schema\/logo\/image\/","url":"https:\/\/mvebio.com\/wp-content\/uploads\/sites\/4\/2023\/12\/mve-square.png","contentUrl":"https:\/\/mvebio.com\/wp-content\/uploads\/sites\/4\/2023\/12\/mve-square.png","width":1200,"height":1200,"caption":"MVE Biological Solutions"},"image":{"@id":"https:\/\/mvebio.com\/fr\/#\/schema\/logo\/image\/"},"sameAs":["https:\/\/x.com\/MveBioSolutions","https:\/\/www.linkedin.com\/company\/mvebio\/"]}]}},"_links":{"self":[{"href":"https:\/\/mvebio.com\/fr\/wp-json\/wp\/v2\/pages\/11853","targetHints":{"allow":["GET"]}}],"collection":[{"href":"https:\/\/mvebio.com\/fr\/wp-json\/wp\/v2\/pages"}],"about":[{"href":"https:\/\/mvebio.com\/fr\/wp-json\/wp\/v2\/types\/page"}],"author":[{"embeddable":true,"href":"https:\/\/mvebio.com\/fr\/wp-json\/wp\/v2\/users\/1"}],"replies":[{"embeddable":true,"href":"https:\/\/mvebio.com\/fr\/wp-json\/wp\/v2\/comments?post=11853"}],"version-history":[{"count":1,"href":"https:\/\/mvebio.com\/fr\/wp-json\/wp\/v2\/pages\/11853\/revisions"}],"predecessor-version":[{"id":14537,"href":"https:\/\/mvebio.com\/fr\/wp-json\/wp\/v2\/pages\/11853\/revisions\/14537"}],"up":[{"embeddable":true,"href":"https:\/\/mvebio.com\/fr\/wp-json\/wp\/v2\/pages\/11823"}],"wp:featuredmedia":[{"embeddable":true,"href":"https:\/\/mvebio.com\/fr\/wp-json\/wp\/v2\/media\/10564"}],"wp:attachment":[{"href":"https:\/\/mvebio.com\/fr\/wp-json\/wp\/v2\/media?parent=11853"}],"curies":[{"name":"wp","href":"https:\/\/api.w.org\/{rel}","templated":true}]}}