{"id":11852,"date":"2022-09-28T11:28:23","date_gmt":"2022-09-28T10:28:23","guid":{"rendered":"https:\/\/mvebio.com\/sciences-de-la-vie-aluminium\/la-serie-mve-lab\/"},"modified":"2026-02-18T11:18:23","modified_gmt":"2026-02-18T16:18:23","slug":"la-serie-mve-lab","status":"publish","type":"page","link":"https:\/\/mvebio.com\/fr\/nos-produits\/sciences-de-la-vie-aluminium\/la-serie-mve-lab\/","title":{"rendered":"La s\u00e9rie MVE Lab"},"content":{"rendered":"","protected":false},"excerpt":{"rendered":"<p>D\u00e9couvrez les Dewars pour liquides cryog\u00e9niques utilis\u00e9s dans les laboratoires du monde entier<\/p>\n","protected":false},"author":1,"featured_media":10580,"parent":11823,"menu_order":0,"comment_status":"closed","ping_status":"closed","template":"","meta":{"_acf_changed":false,"footnotes":""},"class_list":["post-11852","page","type-page","status-publish","has-post-thumbnail","hentry"],"acf":[],"yoast_head":"<!-- This site is optimized with the Yoast SEO plugin v27.2 - https:\/\/yoast.com\/product\/yoast-seo-wordpress\/ -->\n<title>La s\u00e9rie MVE Lab - MVE Biological Solutions<\/title>\n<meta name=\"description\" content=\"D\u00e9couvrez les Dewars pour liquides cryog\u00e9niques utilis\u00e9s dans les laboratoires du monde entier. Votre laboratoire ou votre \u00e9tablissement m\u00e9dical a besoin d&#039;un moyen s\u00fbr, pratique et \u00e9conomique pour stocker l&#039;azote liquide ? Et bien s\u00fbr, vous devrez tr\u00e8s probablement le distribuer aussi. La s\u00e9rie de dewars en aluminium MVE Lab est la solution id\u00e9ale. C&#039;est la raison pour laquelle les laboratoires et les \u00e9tablissements m\u00e9dicaux du monde entier choisissent ces Dewar.\" \/>\n<meta name=\"robots\" content=\"index, follow, max-snippet:-1, max-image-preview:large, max-video-preview:-1\" \/>\n<link rel=\"canonical\" href=\"https:\/\/mvebio.com\/fr\/nos-produits\/sciences-de-la-vie-aluminium\/la-serie-mve-lab\/\" \/>\n<meta property=\"og:locale\" content=\"fr_FR\" \/>\n<meta property=\"og:type\" content=\"article\" \/>\n<meta property=\"og:title\" content=\"La s\u00e9rie MVE Lab - MVE Biological Solutions\" \/>\n<meta property=\"og:description\" content=\"D\u00e9couvrez les Dewars pour liquides cryog\u00e9niques utilis\u00e9s dans les laboratoires du monde entier. Votre laboratoire ou votre \u00e9tablissement m\u00e9dical a besoin d&#039;un moyen s\u00fbr, pratique et \u00e9conomique pour stocker l&#039;azote liquide ? Et bien s\u00fbr, vous devrez tr\u00e8s probablement le distribuer aussi. La s\u00e9rie de dewars en aluminium MVE Lab est la solution id\u00e9ale. C&#039;est la raison pour laquelle les laboratoires et les \u00e9tablissements m\u00e9dicaux du monde entier choisissent ces Dewar.\" \/>\n<meta property=\"og:url\" content=\"https:\/\/mvebio.com\/fr\/nos-produits\/sciences-de-la-vie-aluminium\/la-serie-mve-lab\/\" \/>\n<meta property=\"og:site_name\" content=\"MVE Biological Solutions\" \/>\n<meta property=\"article:modified_time\" content=\"2026-02-18T16:18:23+00:00\" \/>\n<meta property=\"og:image\" content=\"https:\/\/mvebio.com\/wp-content\/uploads\/sites\/4\/2023\/12\/lab-series-1.jpg\" \/>\n\t<meta property=\"og:image:width\" content=\"1200\" \/>\n\t<meta property=\"og:image:height\" content=\"562\" \/>\n\t<meta property=\"og:image:type\" content=\"image\/jpeg\" \/>\n<meta name=\"twitter:card\" content=\"summary_large_image\" \/>\n<meta name=\"twitter:site\" content=\"@MveBioSolutions\" \/>\n<script type=\"application\/ld+json\" class=\"yoast-schema-graph\">{\"@context\":\"https:\/\/schema.org\",\"@graph\":[{\"@type\":\"WebPage\",\"@id\":\"https:\/\/mvebio.com\/fr\/nos-produits\/sciences-de-la-vie-aluminium\/la-serie-mve-lab\/\",\"url\":\"https:\/\/mvebio.com\/fr\/nos-produits\/sciences-de-la-vie-aluminium\/la-serie-mve-lab\/\",\"name\":\"La s\u00e9rie MVE Lab - MVE Biological Solutions\",\"isPartOf\":{\"@id\":\"https:\/\/mvebio.com\/fr\/#website\"},\"primaryImageOfPage\":{\"@id\":\"https:\/\/mvebio.com\/fr\/nos-produits\/sciences-de-la-vie-aluminium\/la-serie-mve-lab\/#primaryimage\"},\"image\":{\"@id\":\"https:\/\/mvebio.com\/fr\/nos-produits\/sciences-de-la-vie-aluminium\/la-serie-mve-lab\/#primaryimage\"},\"thumbnailUrl\":\"https:\/\/mvebio.com\/wp-content\/uploads\/sites\/4\/2023\/12\/lab-series-1.jpg\",\"datePublished\":\"2022-09-28T10:28:23+00:00\",\"dateModified\":\"2026-02-18T16:18:23+00:00\",\"description\":\"D\u00e9couvrez les Dewars pour liquides cryog\u00e9niques utilis\u00e9s dans les laboratoires du monde entier. Votre laboratoire ou votre \u00e9tablissement m\u00e9dical a besoin d'un moyen s\u00fbr, pratique et \u00e9conomique pour stocker l'azote liquide ? Et bien s\u00fbr, vous devrez tr\u00e8s probablement le distribuer aussi. La s\u00e9rie de dewars en aluminium MVE Lab est la solution id\u00e9ale. C'est la raison pour laquelle les laboratoires et les \u00e9tablissements m\u00e9dicaux du monde entier choisissent ces Dewar.\",\"breadcrumb\":{\"@id\":\"https:\/\/mvebio.com\/fr\/nos-produits\/sciences-de-la-vie-aluminium\/la-serie-mve-lab\/#breadcrumb\"},\"inLanguage\":\"fr-FR\",\"potentialAction\":[{\"@type\":\"ReadAction\",\"target\":[\"https:\/\/mvebio.com\/fr\/nos-produits\/sciences-de-la-vie-aluminium\/la-serie-mve-lab\/\"]}]},{\"@type\":\"ImageObject\",\"inLanguage\":\"fr-FR\",\"@id\":\"https:\/\/mvebio.com\/fr\/nos-produits\/sciences-de-la-vie-aluminium\/la-serie-mve-lab\/#primaryimage\",\"url\":\"https:\/\/mvebio.com\/wp-content\/uploads\/sites\/4\/2023\/12\/lab-series-1.jpg\",\"contentUrl\":\"https:\/\/mvebio.com\/wp-content\/uploads\/sites\/4\/2023\/12\/lab-series-1.jpg\",\"width\":1200,\"height\":562,\"caption\":\"S\u00e9rie de laboratoires\"},{\"@type\":\"BreadcrumbList\",\"@id\":\"https:\/\/mvebio.com\/fr\/nos-produits\/sciences-de-la-vie-aluminium\/la-serie-mve-lab\/#breadcrumb\",\"itemListElement\":[{\"@type\":\"ListItem\",\"position\":1,\"name\":\"Accueil\",\"item\":\"https:\/\/mvebio.com\/fr\/homepage\/\"},{\"@type\":\"ListItem\",\"position\":2,\"name\":\"Nos produits\",\"item\":\"https:\/\/mvebio.com\/fr\/nos-produits\/\"},{\"@type\":\"ListItem\",\"position\":3,\"name\":\"Sciences de la vie (aluminium)\",\"item\":\"https:\/\/mvebio.com\/fr\/nos-produits\/sciences-de-la-vie-aluminium\/\"},{\"@type\":\"ListItem\",\"position\":4,\"name\":\"La s\u00e9rie MVE Lab\"}]},{\"@type\":\"WebSite\",\"@id\":\"https:\/\/mvebio.com\/fr\/#website\",\"url\":\"https:\/\/mvebio.com\/fr\/\",\"name\":\"MVE Biological Solutions\",\"description\":\"Cryogenic freezers and dewars\",\"publisher\":{\"@id\":\"https:\/\/mvebio.com\/fr\/#organization\"},\"alternateName\":\"MVE Bio\",\"potentialAction\":[{\"@type\":\"SearchAction\",\"target\":{\"@type\":\"EntryPoint\",\"urlTemplate\":\"https:\/\/mvebio.com\/fr\/?s={search_term_string}\"},\"query-input\":{\"@type\":\"PropertyValueSpecification\",\"valueRequired\":true,\"valueName\":\"search_term_string\"}}],\"inLanguage\":\"fr-FR\"},{\"@type\":\"Organization\",\"@id\":\"https:\/\/mvebio.com\/fr\/#organization\",\"name\":\"MVE Biological Solutions\",\"alternateName\":\"MVE Bio\",\"url\":\"https:\/\/mvebio.com\/fr\/\",\"logo\":{\"@type\":\"ImageObject\",\"inLanguage\":\"fr-FR\",\"@id\":\"https:\/\/mvebio.com\/fr\/#\/schema\/logo\/image\/\",\"url\":\"https:\/\/mvebio.com\/wp-content\/uploads\/sites\/4\/2023\/12\/mve-square.png\",\"contentUrl\":\"https:\/\/mvebio.com\/wp-content\/uploads\/sites\/4\/2023\/12\/mve-square.png\",\"width\":1200,\"height\":1200,\"caption\":\"MVE Biological Solutions\"},\"image\":{\"@id\":\"https:\/\/mvebio.com\/fr\/#\/schema\/logo\/image\/\"},\"sameAs\":[\"https:\/\/x.com\/MveBioSolutions\",\"https:\/\/www.linkedin.com\/company\/mvebio\/\"]}]}<\/script>\n<!-- \/ Yoast SEO plugin. -->","yoast_head_json":{"title":"La s\u00e9rie MVE Lab - MVE Biological Solutions","description":"D\u00e9couvrez les Dewars pour liquides cryog\u00e9niques utilis\u00e9s dans les laboratoires du monde entier. Votre laboratoire ou votre \u00e9tablissement m\u00e9dical a besoin d'un moyen s\u00fbr, pratique et \u00e9conomique pour stocker l'azote liquide ? Et bien s\u00fbr, vous devrez tr\u00e8s probablement le distribuer aussi. La s\u00e9rie de dewars en aluminium MVE Lab est la solution id\u00e9ale. C'est la raison pour laquelle les laboratoires et les \u00e9tablissements m\u00e9dicaux du monde entier choisissent ces Dewar.","robots":{"index":"index","follow":"follow","max-snippet":"max-snippet:-1","max-image-preview":"max-image-preview:large","max-video-preview":"max-video-preview:-1"},"canonical":"https:\/\/mvebio.com\/fr\/nos-produits\/sciences-de-la-vie-aluminium\/la-serie-mve-lab\/","og_locale":"fr_FR","og_type":"article","og_title":"La s\u00e9rie MVE Lab - MVE Biological Solutions","og_description":"D\u00e9couvrez les Dewars pour liquides cryog\u00e9niques utilis\u00e9s dans les laboratoires du monde entier. Votre laboratoire ou votre \u00e9tablissement m\u00e9dical a besoin d'un moyen s\u00fbr, pratique et \u00e9conomique pour stocker l'azote liquide ? Et bien s\u00fbr, vous devrez tr\u00e8s probablement le distribuer aussi. La s\u00e9rie de dewars en aluminium MVE Lab est la solution id\u00e9ale. C'est la raison pour laquelle les laboratoires et les \u00e9tablissements m\u00e9dicaux du monde entier choisissent ces Dewar.","og_url":"https:\/\/mvebio.com\/fr\/nos-produits\/sciences-de-la-vie-aluminium\/la-serie-mve-lab\/","og_site_name":"MVE Biological Solutions","article_modified_time":"2026-02-18T16:18:23+00:00","og_image":[{"width":1200,"height":562,"url":"https:\/\/mvebio.com\/wp-content\/uploads\/sites\/4\/2023\/12\/lab-series-1.jpg","type":"image\/jpeg"}],"twitter_card":"summary_large_image","twitter_site":"@MveBioSolutions","schema":{"@context":"https:\/\/schema.org","@graph":[{"@type":"WebPage","@id":"https:\/\/mvebio.com\/fr\/nos-produits\/sciences-de-la-vie-aluminium\/la-serie-mve-lab\/","url":"https:\/\/mvebio.com\/fr\/nos-produits\/sciences-de-la-vie-aluminium\/la-serie-mve-lab\/","name":"La s\u00e9rie MVE Lab - MVE Biological Solutions","isPartOf":{"@id":"https:\/\/mvebio.com\/fr\/#website"},"primaryImageOfPage":{"@id":"https:\/\/mvebio.com\/fr\/nos-produits\/sciences-de-la-vie-aluminium\/la-serie-mve-lab\/#primaryimage"},"image":{"@id":"https:\/\/mvebio.com\/fr\/nos-produits\/sciences-de-la-vie-aluminium\/la-serie-mve-lab\/#primaryimage"},"thumbnailUrl":"https:\/\/mvebio.com\/wp-content\/uploads\/sites\/4\/2023\/12\/lab-series-1.jpg","datePublished":"2022-09-28T10:28:23+00:00","dateModified":"2026-02-18T16:18:23+00:00","description":"D\u00e9couvrez les Dewars pour liquides cryog\u00e9niques utilis\u00e9s dans les laboratoires du monde entier. Votre laboratoire ou votre \u00e9tablissement m\u00e9dical a besoin d'un moyen s\u00fbr, pratique et \u00e9conomique pour stocker l'azote liquide ? Et bien s\u00fbr, vous devrez tr\u00e8s probablement le distribuer aussi. La s\u00e9rie de dewars en aluminium MVE Lab est la solution id\u00e9ale. C'est la raison pour laquelle les laboratoires et les \u00e9tablissements m\u00e9dicaux du monde entier choisissent ces Dewar.","breadcrumb":{"@id":"https:\/\/mvebio.com\/fr\/nos-produits\/sciences-de-la-vie-aluminium\/la-serie-mve-lab\/#breadcrumb"},"inLanguage":"fr-FR","potentialAction":[{"@type":"ReadAction","target":["https:\/\/mvebio.com\/fr\/nos-produits\/sciences-de-la-vie-aluminium\/la-serie-mve-lab\/"]}]},{"@type":"ImageObject","inLanguage":"fr-FR","@id":"https:\/\/mvebio.com\/fr\/nos-produits\/sciences-de-la-vie-aluminium\/la-serie-mve-lab\/#primaryimage","url":"https:\/\/mvebio.com\/wp-content\/uploads\/sites\/4\/2023\/12\/lab-series-1.jpg","contentUrl":"https:\/\/mvebio.com\/wp-content\/uploads\/sites\/4\/2023\/12\/lab-series-1.jpg","width":1200,"height":562,"caption":"S\u00e9rie de laboratoires"},{"@type":"BreadcrumbList","@id":"https:\/\/mvebio.com\/fr\/nos-produits\/sciences-de-la-vie-aluminium\/la-serie-mve-lab\/#breadcrumb","itemListElement":[{"@type":"ListItem","position":1,"name":"Accueil","item":"https:\/\/mvebio.com\/fr\/homepage\/"},{"@type":"ListItem","position":2,"name":"Nos produits","item":"https:\/\/mvebio.com\/fr\/nos-produits\/"},{"@type":"ListItem","position":3,"name":"Sciences de la vie (aluminium)","item":"https:\/\/mvebio.com\/fr\/nos-produits\/sciences-de-la-vie-aluminium\/"},{"@type":"ListItem","position":4,"name":"La s\u00e9rie MVE Lab"}]},{"@type":"WebSite","@id":"https:\/\/mvebio.com\/fr\/#website","url":"https:\/\/mvebio.com\/fr\/","name":"MVE Biological Solutions","description":"Cryogenic freezers and dewars","publisher":{"@id":"https:\/\/mvebio.com\/fr\/#organization"},"alternateName":"MVE Bio","potentialAction":[{"@type":"SearchAction","target":{"@type":"EntryPoint","urlTemplate":"https:\/\/mvebio.com\/fr\/?s={search_term_string}"},"query-input":{"@type":"PropertyValueSpecification","valueRequired":true,"valueName":"search_term_string"}}],"inLanguage":"fr-FR"},{"@type":"Organization","@id":"https:\/\/mvebio.com\/fr\/#organization","name":"MVE Biological Solutions","alternateName":"MVE Bio","url":"https:\/\/mvebio.com\/fr\/","logo":{"@type":"ImageObject","inLanguage":"fr-FR","@id":"https:\/\/mvebio.com\/fr\/#\/schema\/logo\/image\/","url":"https:\/\/mvebio.com\/wp-content\/uploads\/sites\/4\/2023\/12\/mve-square.png","contentUrl":"https:\/\/mvebio.com\/wp-content\/uploads\/sites\/4\/2023\/12\/mve-square.png","width":1200,"height":1200,"caption":"MVE Biological Solutions"},"image":{"@id":"https:\/\/mvebio.com\/fr\/#\/schema\/logo\/image\/"},"sameAs":["https:\/\/x.com\/MveBioSolutions","https:\/\/www.linkedin.com\/company\/mvebio\/"]}]}},"_links":{"self":[{"href":"https:\/\/mvebio.com\/fr\/wp-json\/wp\/v2\/pages\/11852","targetHints":{"allow":["GET"]}}],"collection":[{"href":"https:\/\/mvebio.com\/fr\/wp-json\/wp\/v2\/pages"}],"about":[{"href":"https:\/\/mvebio.com\/fr\/wp-json\/wp\/v2\/types\/page"}],"author":[{"embeddable":true,"href":"https:\/\/mvebio.com\/fr\/wp-json\/wp\/v2\/users\/1"}],"replies":[{"embeddable":true,"href":"https:\/\/mvebio.com\/fr\/wp-json\/wp\/v2\/comments?post=11852"}],"version-history":[{"count":1,"href":"https:\/\/mvebio.com\/fr\/wp-json\/wp\/v2\/pages\/11852\/revisions"}],"predecessor-version":[{"id":14652,"href":"https:\/\/mvebio.com\/fr\/wp-json\/wp\/v2\/pages\/11852\/revisions\/14652"}],"up":[{"embeddable":true,"href":"https:\/\/mvebio.com\/fr\/wp-json\/wp\/v2\/pages\/11823"}],"wp:featuredmedia":[{"embeddable":true,"href":"https:\/\/mvebio.com\/fr\/wp-json\/wp\/v2\/media\/10580"}],"wp:attachment":[{"href":"https:\/\/mvebio.com\/fr\/wp-json\/wp\/v2\/media?parent=11852"}],"curies":[{"name":"wp","href":"https:\/\/api.w.org\/{rel}","templated":true}]}}