{"id":11841,"date":"2022-09-28T12:09:18","date_gmt":"2022-09-28T11:09:18","guid":{"rendered":"https:\/\/mvebio.com\/eleveurs-aluminium\/"},"modified":"2026-02-18T11:18:23","modified_gmt":"2026-02-18T16:18:23","slug":"eleveurs-aluminium","status":"publish","type":"page","link":"https:\/\/mvebio.com\/fr\/nos-produits\/eleveurs-aluminium\/","title":{"rendered":"\u00c9leveurs (aluminium)"},"content":{"rendered":"","protected":false},"excerpt":{"rendered":"","protected":false},"author":1,"featured_media":10612,"parent":11854,"menu_order":0,"comment_status":"closed","ping_status":"closed","template":"","meta":{"_acf_changed":false,"footnotes":""},"class_list":["post-11841","page","type-page","status-publish","has-post-thumbnail","hentry"],"acf":[],"yoast_head":"<!-- This site is optimized with the Yoast SEO plugin v27.2 - https:\/\/yoast.com\/product\/yoast-seo-wordpress\/ -->\n<title>\u00c9leveurs (aluminium) - MVE Biological Solutions<\/title>\n<meta name=\"description\" content=\"Chez MVE, nous sommes conscients que les \u00e9leveurs ont besoin de solutions capables de relever les d\u00e9fis de leurs environnements dynamiques. Nos produits en aluminium sont con\u00e7us pour offrir \u00e0 la fois durabilit\u00e9 et portabilit\u00e9, ce qui permet aux \u00e9leveurs de g\u00e9rer et de transporter les \u00e9chantillons g\u00e9n\u00e9tiques en toute confiance.\" \/>\n<meta name=\"robots\" content=\"index, follow, max-snippet:-1, max-image-preview:large, max-video-preview:-1\" \/>\n<link rel=\"canonical\" href=\"https:\/\/mvebio.com\/fr\/nos-produits\/eleveurs-aluminium\/\" \/>\n<meta property=\"og:locale\" content=\"fr_FR\" \/>\n<meta property=\"og:type\" content=\"article\" \/>\n<meta property=\"og:title\" content=\"\u00c9leveurs (aluminium) - MVE Biological Solutions\" \/>\n<meta property=\"og:description\" content=\"Chez MVE, nous sommes conscients que les \u00e9leveurs ont besoin de solutions capables de relever les d\u00e9fis de leurs environnements dynamiques. Nos produits en aluminium sont con\u00e7us pour offrir \u00e0 la fois durabilit\u00e9 et portabilit\u00e9, ce qui permet aux \u00e9leveurs de g\u00e9rer et de transporter les \u00e9chantillons g\u00e9n\u00e9tiques en toute confiance.\" \/>\n<meta property=\"og:url\" content=\"https:\/\/mvebio.com\/fr\/nos-produits\/eleveurs-aluminium\/\" \/>\n<meta property=\"og:site_name\" content=\"MVE Biological Solutions\" \/>\n<meta property=\"article:modified_time\" content=\"2026-02-18T16:18:23+00:00\" \/>\n<meta property=\"og:image\" content=\"https:\/\/mvebio.com\/wp-content\/uploads\/sites\/4\/2023\/12\/XC-Series-2.jpg\" \/>\n\t<meta property=\"og:image:width\" content=\"1200\" \/>\n\t<meta property=\"og:image:height\" content=\"562\" \/>\n\t<meta property=\"og:image:type\" content=\"image\/jpeg\" \/>\n<meta name=\"twitter:card\" content=\"summary_large_image\" \/>\n<meta name=\"twitter:site\" content=\"@MveBioSolutions\" \/>\n<script type=\"application\/ld+json\" class=\"yoast-schema-graph\">{\"@context\":\"https:\/\/schema.org\",\"@graph\":[{\"@type\":\"WebPage\",\"@id\":\"https:\/\/mvebio.com\/fr\/nos-produits\/eleveurs-aluminium\/\",\"url\":\"https:\/\/mvebio.com\/fr\/nos-produits\/eleveurs-aluminium\/\",\"name\":\"\u00c9leveurs (aluminium) - MVE Biological Solutions\",\"isPartOf\":{\"@id\":\"https:\/\/mvebio.com\/fr\/#website\"},\"primaryImageOfPage\":{\"@id\":\"https:\/\/mvebio.com\/fr\/nos-produits\/eleveurs-aluminium\/#primaryimage\"},\"image\":{\"@id\":\"https:\/\/mvebio.com\/fr\/nos-produits\/eleveurs-aluminium\/#primaryimage\"},\"thumbnailUrl\":\"https:\/\/mvebio.com\/wp-content\/uploads\/sites\/4\/2023\/12\/XC-Series-2.jpg\",\"datePublished\":\"2022-09-28T11:09:18+00:00\",\"dateModified\":\"2026-02-18T16:18:23+00:00\",\"description\":\"Chez MVE, nous sommes conscients que les \u00e9leveurs ont besoin de solutions capables de relever les d\u00e9fis de leurs environnements dynamiques. Nos produits en aluminium sont con\u00e7us pour offrir \u00e0 la fois durabilit\u00e9 et portabilit\u00e9, ce qui permet aux \u00e9leveurs de g\u00e9rer et de transporter les \u00e9chantillons g\u00e9n\u00e9tiques en toute confiance.\",\"breadcrumb\":{\"@id\":\"https:\/\/mvebio.com\/fr\/nos-produits\/eleveurs-aluminium\/#breadcrumb\"},\"inLanguage\":\"fr-FR\",\"potentialAction\":[{\"@type\":\"ReadAction\",\"target\":[\"https:\/\/mvebio.com\/fr\/nos-produits\/eleveurs-aluminium\/\"]}]},{\"@type\":\"ImageObject\",\"inLanguage\":\"fr-FR\",\"@id\":\"https:\/\/mvebio.com\/fr\/nos-produits\/eleveurs-aluminium\/#primaryimage\",\"url\":\"https:\/\/mvebio.com\/wp-content\/uploads\/sites\/4\/2023\/12\/XC-Series-2.jpg\",\"contentUrl\":\"https:\/\/mvebio.com\/wp-content\/uploads\/sites\/4\/2023\/12\/XC-Series-2.jpg\",\"width\":1200,\"height\":562,\"caption\":\"S\u00e9rie XC\"},{\"@type\":\"BreadcrumbList\",\"@id\":\"https:\/\/mvebio.com\/fr\/nos-produits\/eleveurs-aluminium\/#breadcrumb\",\"itemListElement\":[{\"@type\":\"ListItem\",\"position\":1,\"name\":\"Accueil\",\"item\":\"https:\/\/mvebio.com\/fr\/homepage\/\"},{\"@type\":\"ListItem\",\"position\":2,\"name\":\"Nos produits\",\"item\":\"https:\/\/mvebio.com\/fr\/nos-produits\/\"},{\"@type\":\"ListItem\",\"position\":3,\"name\":\"\u00c9leveurs (aluminium)\"}]},{\"@type\":\"WebSite\",\"@id\":\"https:\/\/mvebio.com\/fr\/#website\",\"url\":\"https:\/\/mvebio.com\/fr\/\",\"name\":\"MVE Biological Solutions\",\"description\":\"Cryogenic freezers and dewars\",\"publisher\":{\"@id\":\"https:\/\/mvebio.com\/fr\/#organization\"},\"alternateName\":\"MVE Bio\",\"potentialAction\":[{\"@type\":\"SearchAction\",\"target\":{\"@type\":\"EntryPoint\",\"urlTemplate\":\"https:\/\/mvebio.com\/fr\/?s={search_term_string}\"},\"query-input\":{\"@type\":\"PropertyValueSpecification\",\"valueRequired\":true,\"valueName\":\"search_term_string\"}}],\"inLanguage\":\"fr-FR\"},{\"@type\":\"Organization\",\"@id\":\"https:\/\/mvebio.com\/fr\/#organization\",\"name\":\"MVE Biological Solutions\",\"alternateName\":\"MVE Bio\",\"url\":\"https:\/\/mvebio.com\/fr\/\",\"logo\":{\"@type\":\"ImageObject\",\"inLanguage\":\"fr-FR\",\"@id\":\"https:\/\/mvebio.com\/fr\/#\/schema\/logo\/image\/\",\"url\":\"https:\/\/mvebio.com\/wp-content\/uploads\/sites\/4\/2023\/12\/mve-square.png\",\"contentUrl\":\"https:\/\/mvebio.com\/wp-content\/uploads\/sites\/4\/2023\/12\/mve-square.png\",\"width\":1200,\"height\":1200,\"caption\":\"MVE Biological Solutions\"},\"image\":{\"@id\":\"https:\/\/mvebio.com\/fr\/#\/schema\/logo\/image\/\"},\"sameAs\":[\"https:\/\/x.com\/MveBioSolutions\",\"https:\/\/www.linkedin.com\/company\/mvebio\/\"]}]}<\/script>\n<!-- \/ Yoast SEO plugin. -->","yoast_head_json":{"title":"\u00c9leveurs (aluminium) - MVE Biological Solutions","description":"Chez MVE, nous sommes conscients que les \u00e9leveurs ont besoin de solutions capables de relever les d\u00e9fis de leurs environnements dynamiques. Nos produits en aluminium sont con\u00e7us pour offrir \u00e0 la fois durabilit\u00e9 et portabilit\u00e9, ce qui permet aux \u00e9leveurs de g\u00e9rer et de transporter les \u00e9chantillons g\u00e9n\u00e9tiques en toute confiance.","robots":{"index":"index","follow":"follow","max-snippet":"max-snippet:-1","max-image-preview":"max-image-preview:large","max-video-preview":"max-video-preview:-1"},"canonical":"https:\/\/mvebio.com\/fr\/nos-produits\/eleveurs-aluminium\/","og_locale":"fr_FR","og_type":"article","og_title":"\u00c9leveurs (aluminium) - MVE Biological Solutions","og_description":"Chez MVE, nous sommes conscients que les \u00e9leveurs ont besoin de solutions capables de relever les d\u00e9fis de leurs environnements dynamiques. Nos produits en aluminium sont con\u00e7us pour offrir \u00e0 la fois durabilit\u00e9 et portabilit\u00e9, ce qui permet aux \u00e9leveurs de g\u00e9rer et de transporter les \u00e9chantillons g\u00e9n\u00e9tiques en toute confiance.","og_url":"https:\/\/mvebio.com\/fr\/nos-produits\/eleveurs-aluminium\/","og_site_name":"MVE Biological Solutions","article_modified_time":"2026-02-18T16:18:23+00:00","og_image":[{"width":1200,"height":562,"url":"https:\/\/mvebio.com\/wp-content\/uploads\/sites\/4\/2023\/12\/XC-Series-2.jpg","type":"image\/jpeg"}],"twitter_card":"summary_large_image","twitter_site":"@MveBioSolutions","schema":{"@context":"https:\/\/schema.org","@graph":[{"@type":"WebPage","@id":"https:\/\/mvebio.com\/fr\/nos-produits\/eleveurs-aluminium\/","url":"https:\/\/mvebio.com\/fr\/nos-produits\/eleveurs-aluminium\/","name":"\u00c9leveurs (aluminium) - MVE Biological Solutions","isPartOf":{"@id":"https:\/\/mvebio.com\/fr\/#website"},"primaryImageOfPage":{"@id":"https:\/\/mvebio.com\/fr\/nos-produits\/eleveurs-aluminium\/#primaryimage"},"image":{"@id":"https:\/\/mvebio.com\/fr\/nos-produits\/eleveurs-aluminium\/#primaryimage"},"thumbnailUrl":"https:\/\/mvebio.com\/wp-content\/uploads\/sites\/4\/2023\/12\/XC-Series-2.jpg","datePublished":"2022-09-28T11:09:18+00:00","dateModified":"2026-02-18T16:18:23+00:00","description":"Chez MVE, nous sommes conscients que les \u00e9leveurs ont besoin de solutions capables de relever les d\u00e9fis de leurs environnements dynamiques. Nos produits en aluminium sont con\u00e7us pour offrir \u00e0 la fois durabilit\u00e9 et portabilit\u00e9, ce qui permet aux \u00e9leveurs de g\u00e9rer et de transporter les \u00e9chantillons g\u00e9n\u00e9tiques en toute confiance.","breadcrumb":{"@id":"https:\/\/mvebio.com\/fr\/nos-produits\/eleveurs-aluminium\/#breadcrumb"},"inLanguage":"fr-FR","potentialAction":[{"@type":"ReadAction","target":["https:\/\/mvebio.com\/fr\/nos-produits\/eleveurs-aluminium\/"]}]},{"@type":"ImageObject","inLanguage":"fr-FR","@id":"https:\/\/mvebio.com\/fr\/nos-produits\/eleveurs-aluminium\/#primaryimage","url":"https:\/\/mvebio.com\/wp-content\/uploads\/sites\/4\/2023\/12\/XC-Series-2.jpg","contentUrl":"https:\/\/mvebio.com\/wp-content\/uploads\/sites\/4\/2023\/12\/XC-Series-2.jpg","width":1200,"height":562,"caption":"S\u00e9rie XC"},{"@type":"BreadcrumbList","@id":"https:\/\/mvebio.com\/fr\/nos-produits\/eleveurs-aluminium\/#breadcrumb","itemListElement":[{"@type":"ListItem","position":1,"name":"Accueil","item":"https:\/\/mvebio.com\/fr\/homepage\/"},{"@type":"ListItem","position":2,"name":"Nos produits","item":"https:\/\/mvebio.com\/fr\/nos-produits\/"},{"@type":"ListItem","position":3,"name":"\u00c9leveurs (aluminium)"}]},{"@type":"WebSite","@id":"https:\/\/mvebio.com\/fr\/#website","url":"https:\/\/mvebio.com\/fr\/","name":"MVE Biological Solutions","description":"Cryogenic freezers and dewars","publisher":{"@id":"https:\/\/mvebio.com\/fr\/#organization"},"alternateName":"MVE Bio","potentialAction":[{"@type":"SearchAction","target":{"@type":"EntryPoint","urlTemplate":"https:\/\/mvebio.com\/fr\/?s={search_term_string}"},"query-input":{"@type":"PropertyValueSpecification","valueRequired":true,"valueName":"search_term_string"}}],"inLanguage":"fr-FR"},{"@type":"Organization","@id":"https:\/\/mvebio.com\/fr\/#organization","name":"MVE Biological Solutions","alternateName":"MVE Bio","url":"https:\/\/mvebio.com\/fr\/","logo":{"@type":"ImageObject","inLanguage":"fr-FR","@id":"https:\/\/mvebio.com\/fr\/#\/schema\/logo\/image\/","url":"https:\/\/mvebio.com\/wp-content\/uploads\/sites\/4\/2023\/12\/mve-square.png","contentUrl":"https:\/\/mvebio.com\/wp-content\/uploads\/sites\/4\/2023\/12\/mve-square.png","width":1200,"height":1200,"caption":"MVE Biological Solutions"},"image":{"@id":"https:\/\/mvebio.com\/fr\/#\/schema\/logo\/image\/"},"sameAs":["https:\/\/x.com\/MveBioSolutions","https:\/\/www.linkedin.com\/company\/mvebio\/"]}]}},"_links":{"self":[{"href":"https:\/\/mvebio.com\/fr\/wp-json\/wp\/v2\/pages\/11841","targetHints":{"allow":["GET"]}}],"collection":[{"href":"https:\/\/mvebio.com\/fr\/wp-json\/wp\/v2\/pages"}],"about":[{"href":"https:\/\/mvebio.com\/fr\/wp-json\/wp\/v2\/types\/page"}],"author":[{"embeddable":true,"href":"https:\/\/mvebio.com\/fr\/wp-json\/wp\/v2\/users\/1"}],"replies":[{"embeddable":true,"href":"https:\/\/mvebio.com\/fr\/wp-json\/wp\/v2\/comments?post=11841"}],"version-history":[{"count":1,"href":"https:\/\/mvebio.com\/fr\/wp-json\/wp\/v2\/pages\/11841\/revisions"}],"predecessor-version":[{"id":11856,"href":"https:\/\/mvebio.com\/fr\/wp-json\/wp\/v2\/pages\/11841\/revisions\/11856"}],"up":[{"embeddable":true,"href":"https:\/\/mvebio.com\/fr\/wp-json\/wp\/v2\/pages\/11854"}],"wp:featuredmedia":[{"embeddable":true,"href":"https:\/\/mvebio.com\/fr\/wp-json\/wp\/v2\/media\/10612"}],"wp:attachment":[{"href":"https:\/\/mvebio.com\/fr\/wp-json\/wp\/v2\/media?parent=11841"}],"curies":[{"name":"wp","href":"https:\/\/api.w.org\/{rel}","templated":true}]}}