{"id":11839,"date":"2023-03-30T11:04:11","date_gmt":"2023-03-30T10:04:11","guid":{"rendered":"https:\/\/mvebio.com\/sciences-de-la-vie-aluminium\/expediteurs-de-poches-de-sang-mve\/"},"modified":"2026-02-18T10:45:08","modified_gmt":"2026-02-18T15:45:08","slug":"expediteurs-de-poches-de-sang-mve","status":"publish","type":"page","link":"https:\/\/mvebio.com\/fr\/nos-produits\/sciences-de-la-vie-aluminium\/expediteurs-de-poches-de-sang-mve\/","title":{"rendered":"Exp\u00e9diteurs de poches de sang MVE"},"content":{"rendered":"","protected":false},"excerpt":{"rendered":"<p>Exp\u00e9dition cryog\u00e9nique s\u00fbre et s\u00e9curis\u00e9e<\/p>\n","protected":false},"author":1,"featured_media":10596,"parent":11823,"menu_order":0,"comment_status":"closed","ping_status":"closed","template":"","meta":{"_acf_changed":false,"footnotes":""},"class_list":["post-11839","page","type-page","status-publish","has-post-thumbnail","hentry"],"acf":[],"yoast_head":"<!-- This site is optimized with the Yoast SEO plugin v27.4 - https:\/\/yoast.com\/product\/yoast-seo-wordpress\/ -->\n<title>Exp\u00e9diteurs de poches de sang MVE - MVE Biological Solutions<\/title>\n<meta name=\"description\" content=\"Notre Cryoshipper et notre Cryoshipper XC ont une capacit\u00e9 de (10) poches de sang de 250 ml. Les deux mod\u00e8les vous permettent d&#039;exp\u00e9dier de la vapeur d&#039;azote \u00e0 des temp\u00e9ratures cryog\u00e9niques. Le Cryoshipper a une dur\u00e9e de conservation de 10 jours, tandis que la dur\u00e9e de conservation statique du Cryoshipper XC est de 14 jours, ce qui est impressionnant.\" \/>\n<meta name=\"robots\" content=\"index, follow, max-snippet:-1, max-image-preview:large, max-video-preview:-1\" \/>\n<link rel=\"canonical\" href=\"https:\/\/mvebio.com\/fr\/nos-produits\/sciences-de-la-vie-aluminium\/expediteurs-de-poches-de-sang-mve\/\" \/>\n<meta property=\"og:locale\" content=\"fr_FR\" \/>\n<meta property=\"og:type\" content=\"article\" \/>\n<meta property=\"og:title\" content=\"Exp\u00e9diteurs de poches de sang MVE - MVE Biological Solutions\" \/>\n<meta property=\"og:description\" content=\"Notre Cryoshipper et notre Cryoshipper XC ont une capacit\u00e9 de (10) poches de sang de 250 ml. Les deux mod\u00e8les vous permettent d&#039;exp\u00e9dier de la vapeur d&#039;azote \u00e0 des temp\u00e9ratures cryog\u00e9niques. Le Cryoshipper a une dur\u00e9e de conservation de 10 jours, tandis que la dur\u00e9e de conservation statique du Cryoshipper XC est de 14 jours, ce qui est impressionnant.\" \/>\n<meta property=\"og:url\" content=\"https:\/\/mvebio.com\/fr\/nos-produits\/sciences-de-la-vie-aluminium\/expediteurs-de-poches-de-sang-mve\/\" \/>\n<meta property=\"og:site_name\" content=\"MVE Biological Solutions\" \/>\n<meta property=\"article:modified_time\" content=\"2026-02-18T15:45:08+00:00\" \/>\n<meta property=\"og:image\" content=\"https:\/\/mvebio.com\/wp-content\/uploads\/sites\/4\/2023\/12\/CryoShipper-2000-1.jpg\" \/>\n\t<meta property=\"og:image:width\" content=\"1200\" \/>\n\t<meta property=\"og:image:height\" content=\"563\" \/>\n\t<meta property=\"og:image:type\" content=\"image\/jpeg\" \/>\n<meta name=\"twitter:card\" content=\"summary_large_image\" \/>\n<meta name=\"twitter:site\" content=\"@MveBioSolutions\" \/>\n<script type=\"application\/ld+json\" class=\"yoast-schema-graph\">{\"@context\":\"https:\\\/\\\/schema.org\",\"@graph\":[{\"@type\":\"WebPage\",\"@id\":\"https:\\\/\\\/mvebio.com\\\/fr\\\/nos-produits\\\/sciences-de-la-vie-aluminium\\\/expediteurs-de-poches-de-sang-mve\\\/\",\"url\":\"https:\\\/\\\/mvebio.com\\\/fr\\\/nos-produits\\\/sciences-de-la-vie-aluminium\\\/expediteurs-de-poches-de-sang-mve\\\/\",\"name\":\"Exp\u00e9diteurs de poches de sang MVE - MVE Biological Solutions\",\"isPartOf\":{\"@id\":\"https:\\\/\\\/mvebio.com\\\/fr\\\/#website\"},\"primaryImageOfPage\":{\"@id\":\"https:\\\/\\\/mvebio.com\\\/fr\\\/nos-produits\\\/sciences-de-la-vie-aluminium\\\/expediteurs-de-poches-de-sang-mve\\\/#primaryimage\"},\"image\":{\"@id\":\"https:\\\/\\\/mvebio.com\\\/fr\\\/nos-produits\\\/sciences-de-la-vie-aluminium\\\/expediteurs-de-poches-de-sang-mve\\\/#primaryimage\"},\"thumbnailUrl\":\"https:\\\/\\\/mvebio.com\\\/wp-content\\\/uploads\\\/sites\\\/4\\\/2023\\\/12\\\/CryoShipper-2000-1.jpg\",\"datePublished\":\"2023-03-30T10:04:11+00:00\",\"dateModified\":\"2026-02-18T15:45:08+00:00\",\"description\":\"Notre Cryoshipper et notre Cryoshipper XC ont une capacit\u00e9 de (10) poches de sang de 250 ml. Les deux mod\u00e8les vous permettent d'exp\u00e9dier de la vapeur d'azote \u00e0 des temp\u00e9ratures cryog\u00e9niques. Le Cryoshipper a une dur\u00e9e de conservation de 10 jours, tandis que la dur\u00e9e de conservation statique du Cryoshipper XC est de 14 jours, ce qui est impressionnant.\",\"breadcrumb\":{\"@id\":\"https:\\\/\\\/mvebio.com\\\/fr\\\/nos-produits\\\/sciences-de-la-vie-aluminium\\\/expediteurs-de-poches-de-sang-mve\\\/#breadcrumb\"},\"inLanguage\":\"fr-FR\",\"potentialAction\":[{\"@type\":\"ReadAction\",\"target\":[\"https:\\\/\\\/mvebio.com\\\/fr\\\/nos-produits\\\/sciences-de-la-vie-aluminium\\\/expediteurs-de-poches-de-sang-mve\\\/\"]}]},{\"@type\":\"ImageObject\",\"inLanguage\":\"fr-FR\",\"@id\":\"https:\\\/\\\/mvebio.com\\\/fr\\\/nos-produits\\\/sciences-de-la-vie-aluminium\\\/expediteurs-de-poches-de-sang-mve\\\/#primaryimage\",\"url\":\"https:\\\/\\\/mvebio.com\\\/wp-content\\\/uploads\\\/sites\\\/4\\\/2023\\\/12\\\/CryoShipper-2000-1.jpg\",\"contentUrl\":\"https:\\\/\\\/mvebio.com\\\/wp-content\\\/uploads\\\/sites\\\/4\\\/2023\\\/12\\\/CryoShipper-2000-1.jpg\",\"width\":1200,\"height\":563,\"caption\":\"CryoShipper 2000\"},{\"@type\":\"BreadcrumbList\",\"@id\":\"https:\\\/\\\/mvebio.com\\\/fr\\\/nos-produits\\\/sciences-de-la-vie-aluminium\\\/expediteurs-de-poches-de-sang-mve\\\/#breadcrumb\",\"itemListElement\":[{\"@type\":\"ListItem\",\"position\":1,\"name\":\"Accueil\",\"item\":\"https:\\\/\\\/mvebio.com\\\/fr\\\/homepage\\\/\"},{\"@type\":\"ListItem\",\"position\":2,\"name\":\"Nos produits\",\"item\":\"https:\\\/\\\/mvebio.com\\\/fr\\\/nos-produits\\\/\"},{\"@type\":\"ListItem\",\"position\":3,\"name\":\"Sciences de la vie (aluminium)\",\"item\":\"https:\\\/\\\/mvebio.com\\\/fr\\\/nos-produits\\\/sciences-de-la-vie-aluminium\\\/\"},{\"@type\":\"ListItem\",\"position\":4,\"name\":\"Exp\u00e9diteurs de poches de sang MVE\"}]},{\"@type\":\"WebSite\",\"@id\":\"https:\\\/\\\/mvebio.com\\\/fr\\\/#website\",\"url\":\"https:\\\/\\\/mvebio.com\\\/fr\\\/\",\"name\":\"MVE Biological Solutions\",\"description\":\"Cryogenic freezers and dewars\",\"publisher\":{\"@id\":\"https:\\\/\\\/mvebio.com\\\/fr\\\/#organization\"},\"alternateName\":\"MVE Bio\",\"potentialAction\":[{\"@type\":\"SearchAction\",\"target\":{\"@type\":\"EntryPoint\",\"urlTemplate\":\"https:\\\/\\\/mvebio.com\\\/fr\\\/?s={search_term_string}\"},\"query-input\":{\"@type\":\"PropertyValueSpecification\",\"valueRequired\":true,\"valueName\":\"search_term_string\"}}],\"inLanguage\":\"fr-FR\"},{\"@type\":\"Organization\",\"@id\":\"https:\\\/\\\/mvebio.com\\\/fr\\\/#organization\",\"name\":\"MVE Biological Solutions\",\"alternateName\":\"MVE Bio\",\"url\":\"https:\\\/\\\/mvebio.com\\\/fr\\\/\",\"logo\":{\"@type\":\"ImageObject\",\"inLanguage\":\"fr-FR\",\"@id\":\"https:\\\/\\\/mvebio.com\\\/fr\\\/#\\\/schema\\\/logo\\\/image\\\/\",\"url\":\"https:\\\/\\\/mvebio.com\\\/wp-content\\\/uploads\\\/sites\\\/4\\\/2023\\\/12\\\/mve-square.png\",\"contentUrl\":\"https:\\\/\\\/mvebio.com\\\/wp-content\\\/uploads\\\/sites\\\/4\\\/2023\\\/12\\\/mve-square.png\",\"width\":1200,\"height\":1200,\"caption\":\"MVE Biological Solutions\"},\"image\":{\"@id\":\"https:\\\/\\\/mvebio.com\\\/fr\\\/#\\\/schema\\\/logo\\\/image\\\/\"},\"sameAs\":[\"https:\\\/\\\/x.com\\\/MveBioSolutions\",\"https:\\\/\\\/www.linkedin.com\\\/company\\\/mvebio\\\/\"]}]}<\/script>\n<!-- \/ Yoast SEO plugin. -->","yoast_head_json":{"title":"Exp\u00e9diteurs de poches de sang MVE - MVE Biological Solutions","description":"Notre Cryoshipper et notre Cryoshipper XC ont une capacit\u00e9 de (10) poches de sang de 250 ml. Les deux mod\u00e8les vous permettent d'exp\u00e9dier de la vapeur d'azote \u00e0 des temp\u00e9ratures cryog\u00e9niques. Le Cryoshipper a une dur\u00e9e de conservation de 10 jours, tandis que la dur\u00e9e de conservation statique du Cryoshipper XC est de 14 jours, ce qui est impressionnant.","robots":{"index":"index","follow":"follow","max-snippet":"max-snippet:-1","max-image-preview":"max-image-preview:large","max-video-preview":"max-video-preview:-1"},"canonical":"https:\/\/mvebio.com\/fr\/nos-produits\/sciences-de-la-vie-aluminium\/expediteurs-de-poches-de-sang-mve\/","og_locale":"fr_FR","og_type":"article","og_title":"Exp\u00e9diteurs de poches de sang MVE - MVE Biological Solutions","og_description":"Notre Cryoshipper et notre Cryoshipper XC ont une capacit\u00e9 de (10) poches de sang de 250 ml. Les deux mod\u00e8les vous permettent d'exp\u00e9dier de la vapeur d'azote \u00e0 des temp\u00e9ratures cryog\u00e9niques. Le Cryoshipper a une dur\u00e9e de conservation de 10 jours, tandis que la dur\u00e9e de conservation statique du Cryoshipper XC est de 14 jours, ce qui est impressionnant.","og_url":"https:\/\/mvebio.com\/fr\/nos-produits\/sciences-de-la-vie-aluminium\/expediteurs-de-poches-de-sang-mve\/","og_site_name":"MVE Biological Solutions","article_modified_time":"2026-02-18T15:45:08+00:00","og_image":[{"width":1200,"height":563,"url":"https:\/\/mvebio.com\/wp-content\/uploads\/sites\/4\/2023\/12\/CryoShipper-2000-1.jpg","type":"image\/jpeg"}],"twitter_card":"summary_large_image","twitter_site":"@MveBioSolutions","schema":{"@context":"https:\/\/schema.org","@graph":[{"@type":"WebPage","@id":"https:\/\/mvebio.com\/fr\/nos-produits\/sciences-de-la-vie-aluminium\/expediteurs-de-poches-de-sang-mve\/","url":"https:\/\/mvebio.com\/fr\/nos-produits\/sciences-de-la-vie-aluminium\/expediteurs-de-poches-de-sang-mve\/","name":"Exp\u00e9diteurs de poches de sang MVE - MVE Biological Solutions","isPartOf":{"@id":"https:\/\/mvebio.com\/fr\/#website"},"primaryImageOfPage":{"@id":"https:\/\/mvebio.com\/fr\/nos-produits\/sciences-de-la-vie-aluminium\/expediteurs-de-poches-de-sang-mve\/#primaryimage"},"image":{"@id":"https:\/\/mvebio.com\/fr\/nos-produits\/sciences-de-la-vie-aluminium\/expediteurs-de-poches-de-sang-mve\/#primaryimage"},"thumbnailUrl":"https:\/\/mvebio.com\/wp-content\/uploads\/sites\/4\/2023\/12\/CryoShipper-2000-1.jpg","datePublished":"2023-03-30T10:04:11+00:00","dateModified":"2026-02-18T15:45:08+00:00","description":"Notre Cryoshipper et notre Cryoshipper XC ont une capacit\u00e9 de (10) poches de sang de 250 ml. Les deux mod\u00e8les vous permettent d'exp\u00e9dier de la vapeur d'azote \u00e0 des temp\u00e9ratures cryog\u00e9niques. Le Cryoshipper a une dur\u00e9e de conservation de 10 jours, tandis que la dur\u00e9e de conservation statique du Cryoshipper XC est de 14 jours, ce qui est impressionnant.","breadcrumb":{"@id":"https:\/\/mvebio.com\/fr\/nos-produits\/sciences-de-la-vie-aluminium\/expediteurs-de-poches-de-sang-mve\/#breadcrumb"},"inLanguage":"fr-FR","potentialAction":[{"@type":"ReadAction","target":["https:\/\/mvebio.com\/fr\/nos-produits\/sciences-de-la-vie-aluminium\/expediteurs-de-poches-de-sang-mve\/"]}]},{"@type":"ImageObject","inLanguage":"fr-FR","@id":"https:\/\/mvebio.com\/fr\/nos-produits\/sciences-de-la-vie-aluminium\/expediteurs-de-poches-de-sang-mve\/#primaryimage","url":"https:\/\/mvebio.com\/wp-content\/uploads\/sites\/4\/2023\/12\/CryoShipper-2000-1.jpg","contentUrl":"https:\/\/mvebio.com\/wp-content\/uploads\/sites\/4\/2023\/12\/CryoShipper-2000-1.jpg","width":1200,"height":563,"caption":"CryoShipper 2000"},{"@type":"BreadcrumbList","@id":"https:\/\/mvebio.com\/fr\/nos-produits\/sciences-de-la-vie-aluminium\/expediteurs-de-poches-de-sang-mve\/#breadcrumb","itemListElement":[{"@type":"ListItem","position":1,"name":"Accueil","item":"https:\/\/mvebio.com\/fr\/homepage\/"},{"@type":"ListItem","position":2,"name":"Nos produits","item":"https:\/\/mvebio.com\/fr\/nos-produits\/"},{"@type":"ListItem","position":3,"name":"Sciences de la vie (aluminium)","item":"https:\/\/mvebio.com\/fr\/nos-produits\/sciences-de-la-vie-aluminium\/"},{"@type":"ListItem","position":4,"name":"Exp\u00e9diteurs de poches de sang MVE"}]},{"@type":"WebSite","@id":"https:\/\/mvebio.com\/fr\/#website","url":"https:\/\/mvebio.com\/fr\/","name":"MVE Biological Solutions","description":"Cryogenic freezers and dewars","publisher":{"@id":"https:\/\/mvebio.com\/fr\/#organization"},"alternateName":"MVE Bio","potentialAction":[{"@type":"SearchAction","target":{"@type":"EntryPoint","urlTemplate":"https:\/\/mvebio.com\/fr\/?s={search_term_string}"},"query-input":{"@type":"PropertyValueSpecification","valueRequired":true,"valueName":"search_term_string"}}],"inLanguage":"fr-FR"},{"@type":"Organization","@id":"https:\/\/mvebio.com\/fr\/#organization","name":"MVE Biological Solutions","alternateName":"MVE Bio","url":"https:\/\/mvebio.com\/fr\/","logo":{"@type":"ImageObject","inLanguage":"fr-FR","@id":"https:\/\/mvebio.com\/fr\/#\/schema\/logo\/image\/","url":"https:\/\/mvebio.com\/wp-content\/uploads\/sites\/4\/2023\/12\/mve-square.png","contentUrl":"https:\/\/mvebio.com\/wp-content\/uploads\/sites\/4\/2023\/12\/mve-square.png","width":1200,"height":1200,"caption":"MVE Biological Solutions"},"image":{"@id":"https:\/\/mvebio.com\/fr\/#\/schema\/logo\/image\/"},"sameAs":["https:\/\/x.com\/MveBioSolutions","https:\/\/www.linkedin.com\/company\/mvebio\/"]}]}},"_links":{"self":[{"href":"https:\/\/mvebio.com\/fr\/wp-json\/wp\/v2\/pages\/11839","targetHints":{"allow":["GET"]}}],"collection":[{"href":"https:\/\/mvebio.com\/fr\/wp-json\/wp\/v2\/pages"}],"about":[{"href":"https:\/\/mvebio.com\/fr\/wp-json\/wp\/v2\/types\/page"}],"author":[{"embeddable":true,"href":"https:\/\/mvebio.com\/fr\/wp-json\/wp\/v2\/users\/1"}],"replies":[{"embeddable":true,"href":"https:\/\/mvebio.com\/fr\/wp-json\/wp\/v2\/comments?post=11839"}],"version-history":[{"count":1,"href":"https:\/\/mvebio.com\/fr\/wp-json\/wp\/v2\/pages\/11839\/revisions"}],"predecessor-version":[{"id":14524,"href":"https:\/\/mvebio.com\/fr\/wp-json\/wp\/v2\/pages\/11839\/revisions\/14524"}],"up":[{"embeddable":true,"href":"https:\/\/mvebio.com\/fr\/wp-json\/wp\/v2\/pages\/11823"}],"wp:featuredmedia":[{"embeddable":true,"href":"https:\/\/mvebio.com\/fr\/wp-json\/wp\/v2\/media\/10596"}],"wp:attachment":[{"href":"https:\/\/mvebio.com\/fr\/wp-json\/wp\/v2\/media?parent=11839"}],"curies":[{"name":"wp","href":"https:\/\/api.w.org\/{rel}","templated":true}]}}