{"id":11838,"date":"2022-11-11T12:29:26","date_gmt":"2022-11-11T12:29:26","guid":{"rendered":"https:\/\/mvebio.com\/nous-contacter\/"},"modified":"2026-02-18T11:17:07","modified_gmt":"2026-02-18T16:17:07","slug":"nous-contacter","status":"publish","type":"page","link":"https:\/\/mvebio.com\/fr\/nous-contacter\/","title":{"rendered":"Nous contacter"},"content":{"rendered":"","protected":false},"excerpt":{"rendered":"","protected":false},"author":1,"featured_media":3473,"parent":0,"menu_order":0,"comment_status":"closed","ping_status":"closed","template":"","meta":{"_acf_changed":false,"footnotes":""},"class_list":["post-11838","page","type-page","status-publish","has-post-thumbnail","hentry"],"acf":[],"yoast_head":"<!-- This site is optimized with the Yoast SEO plugin v27.2 - https:\/\/yoast.com\/product\/yoast-seo-wordpress\/ -->\n<title>Nous contacter - MVE Biological Solutions<\/title>\n<meta name=\"description\" content=\"Connectez-vous en toute confiance sur la page Contact de MVE. Trouvez les informations dont vous avez besoin pour contacter notre \u00e9quipe sp\u00e9cialis\u00e9e pour des demandes de renseignements, d&#039;assistance ou de partenariat. Chez MVE, nous accordons une grande importance \u00e0 la communication et nous sommes l\u00e0 pour vous aider. Prenez contact avec nous d\u00e8s aujourd&#039;hui et explorons ensemble les possibilit\u00e9s qui s&#039;offrent \u00e0 nous. Votre voyage avec MVE Biological Solutions commence par un simple clic sur notre page Contact.\" \/>\n<meta name=\"robots\" content=\"index, follow, max-snippet:-1, max-image-preview:large, max-video-preview:-1\" \/>\n<link rel=\"canonical\" href=\"https:\/\/mvebio.com\/fr\/nous-contacter\/\" \/>\n<meta property=\"og:locale\" content=\"fr_FR\" \/>\n<meta property=\"og:type\" content=\"article\" \/>\n<meta property=\"og:title\" content=\"Nous contacter - MVE Biological Solutions\" \/>\n<meta property=\"og:description\" content=\"Connectez-vous en toute confiance sur la page Contact de MVE. Trouvez les informations dont vous avez besoin pour contacter notre \u00e9quipe sp\u00e9cialis\u00e9e pour des demandes de renseignements, d&#039;assistance ou de partenariat. Chez MVE, nous accordons une grande importance \u00e0 la communication et nous sommes l\u00e0 pour vous aider. Prenez contact avec nous d\u00e8s aujourd&#039;hui et explorons ensemble les possibilit\u00e9s qui s&#039;offrent \u00e0 nous. Votre voyage avec MVE Biological Solutions commence par un simple clic sur notre page Contact.\" \/>\n<meta property=\"og:url\" content=\"https:\/\/mvebio.com\/fr\/nous-contacter\/\" \/>\n<meta property=\"og:site_name\" content=\"MVE Biological Solutions\" \/>\n<meta property=\"article:modified_time\" content=\"2026-02-18T16:17:07+00:00\" \/>\n<meta property=\"og:image\" content=\"https:\/\/mvebio.com\/wp-content\/uploads\/sites\/4\/2023\/10\/dna-elemental-bg-scaled-1.jpeg\" \/>\n\t<meta property=\"og:image:width\" content=\"2560\" \/>\n\t<meta property=\"og:image:height\" content=\"901\" \/>\n\t<meta property=\"og:image:type\" content=\"image\/jpeg\" \/>\n<meta name=\"twitter:card\" content=\"summary_large_image\" \/>\n<meta name=\"twitter:site\" content=\"@MveBioSolutions\" \/>\n<script type=\"application\/ld+json\" class=\"yoast-schema-graph\">{\"@context\":\"https:\/\/schema.org\",\"@graph\":[{\"@type\":\"WebPage\",\"@id\":\"https:\/\/mvebio.com\/fr\/nous-contacter\/\",\"url\":\"https:\/\/mvebio.com\/fr\/nous-contacter\/\",\"name\":\"Nous contacter - MVE Biological Solutions\",\"isPartOf\":{\"@id\":\"https:\/\/mvebio.com\/fr\/#website\"},\"primaryImageOfPage\":{\"@id\":\"https:\/\/mvebio.com\/fr\/nous-contacter\/#primaryimage\"},\"image\":{\"@id\":\"https:\/\/mvebio.com\/fr\/nous-contacter\/#primaryimage\"},\"thumbnailUrl\":\"https:\/\/mvebio.com\/wp-content\/uploads\/sites\/4\/2023\/10\/dna-elemental-bg-scaled-1.jpeg\",\"datePublished\":\"2022-11-11T12:29:26+00:00\",\"dateModified\":\"2026-02-18T16:17:07+00:00\",\"description\":\"Connectez-vous en toute confiance sur la page Contact de MVE. Trouvez les informations dont vous avez besoin pour contacter notre \u00e9quipe sp\u00e9cialis\u00e9e pour des demandes de renseignements, d'assistance ou de partenariat. Chez MVE, nous accordons une grande importance \u00e0 la communication et nous sommes l\u00e0 pour vous aider. Prenez contact avec nous d\u00e8s aujourd'hui et explorons ensemble les possibilit\u00e9s qui s'offrent \u00e0 nous. Votre voyage avec MVE Biological Solutions commence par un simple clic sur notre page Contact.\",\"breadcrumb\":{\"@id\":\"https:\/\/mvebio.com\/fr\/nous-contacter\/#breadcrumb\"},\"inLanguage\":\"fr-FR\",\"potentialAction\":[{\"@type\":\"ReadAction\",\"target\":[\"https:\/\/mvebio.com\/fr\/nous-contacter\/\"]}]},{\"@type\":\"ImageObject\",\"inLanguage\":\"fr-FR\",\"@id\":\"https:\/\/mvebio.com\/fr\/nous-contacter\/#primaryimage\",\"url\":\"https:\/\/mvebio.com\/wp-content\/uploads\/sites\/4\/2023\/10\/dna-elemental-bg-scaled-1.jpeg\",\"contentUrl\":\"https:\/\/mvebio.com\/wp-content\/uploads\/sites\/4\/2023\/10\/dna-elemental-bg-scaled-1.jpeg\",\"width\":2560,\"height\":901},{\"@type\":\"BreadcrumbList\",\"@id\":\"https:\/\/mvebio.com\/fr\/nous-contacter\/#breadcrumb\",\"itemListElement\":[{\"@type\":\"ListItem\",\"position\":1,\"name\":\"Accueil\",\"item\":\"https:\/\/mvebio.com\/fr\/homepage\/\"},{\"@type\":\"ListItem\",\"position\":2,\"name\":\"Nous contacter\"}]},{\"@type\":\"WebSite\",\"@id\":\"https:\/\/mvebio.com\/fr\/#website\",\"url\":\"https:\/\/mvebio.com\/fr\/\",\"name\":\"MVE Biological Solutions\",\"description\":\"Cryogenic freezers and dewars\",\"publisher\":{\"@id\":\"https:\/\/mvebio.com\/fr\/#organization\"},\"alternateName\":\"MVE Bio\",\"potentialAction\":[{\"@type\":\"SearchAction\",\"target\":{\"@type\":\"EntryPoint\",\"urlTemplate\":\"https:\/\/mvebio.com\/fr\/?s={search_term_string}\"},\"query-input\":{\"@type\":\"PropertyValueSpecification\",\"valueRequired\":true,\"valueName\":\"search_term_string\"}}],\"inLanguage\":\"fr-FR\"},{\"@type\":\"Organization\",\"@id\":\"https:\/\/mvebio.com\/fr\/#organization\",\"name\":\"MVE Biological Solutions\",\"alternateName\":\"MVE Bio\",\"url\":\"https:\/\/mvebio.com\/fr\/\",\"logo\":{\"@type\":\"ImageObject\",\"inLanguage\":\"fr-FR\",\"@id\":\"https:\/\/mvebio.com\/fr\/#\/schema\/logo\/image\/\",\"url\":\"https:\/\/mvebio.com\/wp-content\/uploads\/sites\/4\/2023\/12\/mve-square.png\",\"contentUrl\":\"https:\/\/mvebio.com\/wp-content\/uploads\/sites\/4\/2023\/12\/mve-square.png\",\"width\":1200,\"height\":1200,\"caption\":\"MVE Biological Solutions\"},\"image\":{\"@id\":\"https:\/\/mvebio.com\/fr\/#\/schema\/logo\/image\/\"},\"sameAs\":[\"https:\/\/x.com\/MveBioSolutions\",\"https:\/\/www.linkedin.com\/company\/mvebio\/\"]}]}<\/script>\n<!-- \/ Yoast SEO plugin. -->","yoast_head_json":{"title":"Nous contacter - MVE Biological Solutions","description":"Connectez-vous en toute confiance sur la page Contact de MVE. Trouvez les informations dont vous avez besoin pour contacter notre \u00e9quipe sp\u00e9cialis\u00e9e pour des demandes de renseignements, d'assistance ou de partenariat. Chez MVE, nous accordons une grande importance \u00e0 la communication et nous sommes l\u00e0 pour vous aider. Prenez contact avec nous d\u00e8s aujourd'hui et explorons ensemble les possibilit\u00e9s qui s'offrent \u00e0 nous. Votre voyage avec MVE Biological Solutions commence par un simple clic sur notre page Contact.","robots":{"index":"index","follow":"follow","max-snippet":"max-snippet:-1","max-image-preview":"max-image-preview:large","max-video-preview":"max-video-preview:-1"},"canonical":"https:\/\/mvebio.com\/fr\/nous-contacter\/","og_locale":"fr_FR","og_type":"article","og_title":"Nous contacter - MVE Biological Solutions","og_description":"Connectez-vous en toute confiance sur la page Contact de MVE. Trouvez les informations dont vous avez besoin pour contacter notre \u00e9quipe sp\u00e9cialis\u00e9e pour des demandes de renseignements, d'assistance ou de partenariat. Chez MVE, nous accordons une grande importance \u00e0 la communication et nous sommes l\u00e0 pour vous aider. Prenez contact avec nous d\u00e8s aujourd'hui et explorons ensemble les possibilit\u00e9s qui s'offrent \u00e0 nous. Votre voyage avec MVE Biological Solutions commence par un simple clic sur notre page Contact.","og_url":"https:\/\/mvebio.com\/fr\/nous-contacter\/","og_site_name":"MVE Biological Solutions","article_modified_time":"2026-02-18T16:17:07+00:00","og_image":[{"width":2560,"height":901,"url":"https:\/\/mvebio.com\/wp-content\/uploads\/sites\/4\/2023\/10\/dna-elemental-bg-scaled-1.jpeg","type":"image\/jpeg"}],"twitter_card":"summary_large_image","twitter_site":"@MveBioSolutions","schema":{"@context":"https:\/\/schema.org","@graph":[{"@type":"WebPage","@id":"https:\/\/mvebio.com\/fr\/nous-contacter\/","url":"https:\/\/mvebio.com\/fr\/nous-contacter\/","name":"Nous contacter - MVE Biological Solutions","isPartOf":{"@id":"https:\/\/mvebio.com\/fr\/#website"},"primaryImageOfPage":{"@id":"https:\/\/mvebio.com\/fr\/nous-contacter\/#primaryimage"},"image":{"@id":"https:\/\/mvebio.com\/fr\/nous-contacter\/#primaryimage"},"thumbnailUrl":"https:\/\/mvebio.com\/wp-content\/uploads\/sites\/4\/2023\/10\/dna-elemental-bg-scaled-1.jpeg","datePublished":"2022-11-11T12:29:26+00:00","dateModified":"2026-02-18T16:17:07+00:00","description":"Connectez-vous en toute confiance sur la page Contact de MVE. Trouvez les informations dont vous avez besoin pour contacter notre \u00e9quipe sp\u00e9cialis\u00e9e pour des demandes de renseignements, d'assistance ou de partenariat. Chez MVE, nous accordons une grande importance \u00e0 la communication et nous sommes l\u00e0 pour vous aider. Prenez contact avec nous d\u00e8s aujourd'hui et explorons ensemble les possibilit\u00e9s qui s'offrent \u00e0 nous. Votre voyage avec MVE Biological Solutions commence par un simple clic sur notre page Contact.","breadcrumb":{"@id":"https:\/\/mvebio.com\/fr\/nous-contacter\/#breadcrumb"},"inLanguage":"fr-FR","potentialAction":[{"@type":"ReadAction","target":["https:\/\/mvebio.com\/fr\/nous-contacter\/"]}]},{"@type":"ImageObject","inLanguage":"fr-FR","@id":"https:\/\/mvebio.com\/fr\/nous-contacter\/#primaryimage","url":"https:\/\/mvebio.com\/wp-content\/uploads\/sites\/4\/2023\/10\/dna-elemental-bg-scaled-1.jpeg","contentUrl":"https:\/\/mvebio.com\/wp-content\/uploads\/sites\/4\/2023\/10\/dna-elemental-bg-scaled-1.jpeg","width":2560,"height":901},{"@type":"BreadcrumbList","@id":"https:\/\/mvebio.com\/fr\/nous-contacter\/#breadcrumb","itemListElement":[{"@type":"ListItem","position":1,"name":"Accueil","item":"https:\/\/mvebio.com\/fr\/homepage\/"},{"@type":"ListItem","position":2,"name":"Nous contacter"}]},{"@type":"WebSite","@id":"https:\/\/mvebio.com\/fr\/#website","url":"https:\/\/mvebio.com\/fr\/","name":"MVE Biological Solutions","description":"Cryogenic freezers and dewars","publisher":{"@id":"https:\/\/mvebio.com\/fr\/#organization"},"alternateName":"MVE Bio","potentialAction":[{"@type":"SearchAction","target":{"@type":"EntryPoint","urlTemplate":"https:\/\/mvebio.com\/fr\/?s={search_term_string}"},"query-input":{"@type":"PropertyValueSpecification","valueRequired":true,"valueName":"search_term_string"}}],"inLanguage":"fr-FR"},{"@type":"Organization","@id":"https:\/\/mvebio.com\/fr\/#organization","name":"MVE Biological Solutions","alternateName":"MVE Bio","url":"https:\/\/mvebio.com\/fr\/","logo":{"@type":"ImageObject","inLanguage":"fr-FR","@id":"https:\/\/mvebio.com\/fr\/#\/schema\/logo\/image\/","url":"https:\/\/mvebio.com\/wp-content\/uploads\/sites\/4\/2023\/12\/mve-square.png","contentUrl":"https:\/\/mvebio.com\/wp-content\/uploads\/sites\/4\/2023\/12\/mve-square.png","width":1200,"height":1200,"caption":"MVE Biological Solutions"},"image":{"@id":"https:\/\/mvebio.com\/fr\/#\/schema\/logo\/image\/"},"sameAs":["https:\/\/x.com\/MveBioSolutions","https:\/\/www.linkedin.com\/company\/mvebio\/"]}]}},"_links":{"self":[{"href":"https:\/\/mvebio.com\/fr\/wp-json\/wp\/v2\/pages\/11838","targetHints":{"allow":["GET"]}}],"collection":[{"href":"https:\/\/mvebio.com\/fr\/wp-json\/wp\/v2\/pages"}],"about":[{"href":"https:\/\/mvebio.com\/fr\/wp-json\/wp\/v2\/types\/page"}],"author":[{"embeddable":true,"href":"https:\/\/mvebio.com\/fr\/wp-json\/wp\/v2\/users\/1"}],"replies":[{"embeddable":true,"href":"https:\/\/mvebio.com\/fr\/wp-json\/wp\/v2\/comments?post=11838"}],"version-history":[{"count":1,"href":"https:\/\/mvebio.com\/fr\/wp-json\/wp\/v2\/pages\/11838\/revisions"}],"predecessor-version":[{"id":14594,"href":"https:\/\/mvebio.com\/fr\/wp-json\/wp\/v2\/pages\/11838\/revisions\/14594"}],"wp:featuredmedia":[{"embeddable":true,"href":"https:\/\/mvebio.com\/fr\/wp-json\/wp\/v2\/media\/3473"}],"wp:attachment":[{"href":"https:\/\/mvebio.com\/fr\/wp-json\/wp\/v2\/media?parent=11838"}],"curies":[{"name":"wp","href":"https:\/\/api.w.org\/{rel}","templated":true}]}}