{"id":11837,"date":"2022-11-11T12:33:07","date_gmt":"2022-11-11T12:33:07","guid":{"rendered":"https:\/\/mvebio.com\/carrieres\/"},"modified":"2026-02-18T11:17:06","modified_gmt":"2026-02-18T16:17:06","slug":"carrieres","status":"publish","type":"page","link":"https:\/\/mvebio.com\/fr\/carrieres\/","title":{"rendered":"Carri\u00e8res"},"content":{"rendered":"","protected":false},"excerpt":{"rendered":"","protected":false},"author":1,"featured_media":0,"parent":0,"menu_order":0,"comment_status":"closed","ping_status":"closed","template":"","meta":{"_acf_changed":false,"footnotes":""},"class_list":["post-11837","page","type-page","status-publish","hentry"],"acf":[],"yoast_head":"<!-- This site is optimized with the Yoast SEO plugin v27.2 - https:\/\/yoast.com\/product\/yoast-seo-wordpress\/ -->\n<title>Carri\u00e8res - MVE Biological Solutions<\/title>\n<meta name=\"description\" content=\"Embarquez pour un voyage enrichissant avec MVE. D\u00e9couvrez les opportunit\u00e9s de croissance et d&#039;innovation sur notre page Carri\u00e8res. D\u00e9couvrez une gamme vari\u00e9e de postes correspondant \u00e0 vos comp\u00e9tences et \u00e0 vos aspirations dans le domaine de la technologie cryog\u00e9nique et des sciences de la vie. Rejoignez MVE Biological Solutions et faites partie d&#039;une \u00e9quipe dynamique qui s&#039;engage \u00e0 repousser les limites de l&#039;excellence scientifique. Votre parcours professionnel commence ici.\" \/>\n<meta name=\"robots\" content=\"index, follow, max-snippet:-1, max-image-preview:large, max-video-preview:-1\" \/>\n<link rel=\"canonical\" href=\"https:\/\/mvebio.com\/fr\/carrieres\/\" \/>\n<meta property=\"og:locale\" content=\"fr_FR\" \/>\n<meta property=\"og:type\" content=\"article\" \/>\n<meta property=\"og:title\" content=\"Carri\u00e8res - MVE Biological Solutions\" \/>\n<meta property=\"og:description\" content=\"Embarquez pour un voyage enrichissant avec MVE. D\u00e9couvrez les opportunit\u00e9s de croissance et d&#039;innovation sur notre page Carri\u00e8res. D\u00e9couvrez une gamme vari\u00e9e de postes correspondant \u00e0 vos comp\u00e9tences et \u00e0 vos aspirations dans le domaine de la technologie cryog\u00e9nique et des sciences de la vie. Rejoignez MVE Biological Solutions et faites partie d&#039;une \u00e9quipe dynamique qui s&#039;engage \u00e0 repousser les limites de l&#039;excellence scientifique. Votre parcours professionnel commence ici.\" \/>\n<meta property=\"og:url\" content=\"https:\/\/mvebio.com\/fr\/carrieres\/\" \/>\n<meta property=\"og:site_name\" content=\"MVE Biological Solutions\" \/>\n<meta property=\"article:modified_time\" content=\"2026-02-18T16:17:06+00:00\" \/>\n<meta property=\"og:image\" content=\"https:\/\/mvebio.com\/wp-content\/uploads\/sites\/4\/2023\/12\/mve-seo.png\" \/>\n\t<meta property=\"og:image:width\" content=\"1200\" \/>\n\t<meta property=\"og:image:height\" content=\"675\" \/>\n\t<meta property=\"og:image:type\" content=\"image\/png\" \/>\n<meta name=\"twitter:card\" content=\"summary_large_image\" \/>\n<meta name=\"twitter:site\" content=\"@MveBioSolutions\" \/>\n<script type=\"application\/ld+json\" class=\"yoast-schema-graph\">{\"@context\":\"https:\/\/schema.org\",\"@graph\":[{\"@type\":\"WebPage\",\"@id\":\"https:\/\/mvebio.com\/fr\/carrieres\/\",\"url\":\"https:\/\/mvebio.com\/fr\/carrieres\/\",\"name\":\"Carri\u00e8res - MVE Biological Solutions\",\"isPartOf\":{\"@id\":\"https:\/\/mvebio.com\/fr\/#website\"},\"datePublished\":\"2022-11-11T12:33:07+00:00\",\"dateModified\":\"2026-02-18T16:17:06+00:00\",\"description\":\"Embarquez pour un voyage enrichissant avec MVE. D\u00e9couvrez les opportunit\u00e9s de croissance et d'innovation sur notre page Carri\u00e8res. D\u00e9couvrez une gamme vari\u00e9e de postes correspondant \u00e0 vos comp\u00e9tences et \u00e0 vos aspirations dans le domaine de la technologie cryog\u00e9nique et des sciences de la vie. Rejoignez MVE Biological Solutions et faites partie d'une \u00e9quipe dynamique qui s'engage \u00e0 repousser les limites de l'excellence scientifique. Votre parcours professionnel commence ici.\",\"breadcrumb\":{\"@id\":\"https:\/\/mvebio.com\/fr\/carrieres\/#breadcrumb\"},\"inLanguage\":\"fr-FR\",\"potentialAction\":[{\"@type\":\"ReadAction\",\"target\":[\"https:\/\/mvebio.com\/fr\/carrieres\/\"]}]},{\"@type\":\"BreadcrumbList\",\"@id\":\"https:\/\/mvebio.com\/fr\/carrieres\/#breadcrumb\",\"itemListElement\":[{\"@type\":\"ListItem\",\"position\":1,\"name\":\"Accueil\",\"item\":\"https:\/\/mvebio.com\/fr\/homepage\/\"},{\"@type\":\"ListItem\",\"position\":2,\"name\":\"Carri\u00e8res\"}]},{\"@type\":\"WebSite\",\"@id\":\"https:\/\/mvebio.com\/fr\/#website\",\"url\":\"https:\/\/mvebio.com\/fr\/\",\"name\":\"MVE Biological Solutions\",\"description\":\"Cryogenic freezers and dewars\",\"publisher\":{\"@id\":\"https:\/\/mvebio.com\/fr\/#organization\"},\"alternateName\":\"MVE Bio\",\"potentialAction\":[{\"@type\":\"SearchAction\",\"target\":{\"@type\":\"EntryPoint\",\"urlTemplate\":\"https:\/\/mvebio.com\/fr\/?s={search_term_string}\"},\"query-input\":{\"@type\":\"PropertyValueSpecification\",\"valueRequired\":true,\"valueName\":\"search_term_string\"}}],\"inLanguage\":\"fr-FR\"},{\"@type\":\"Organization\",\"@id\":\"https:\/\/mvebio.com\/fr\/#organization\",\"name\":\"MVE Biological Solutions\",\"alternateName\":\"MVE Bio\",\"url\":\"https:\/\/mvebio.com\/fr\/\",\"logo\":{\"@type\":\"ImageObject\",\"inLanguage\":\"fr-FR\",\"@id\":\"https:\/\/mvebio.com\/fr\/#\/schema\/logo\/image\/\",\"url\":\"https:\/\/mvebio.com\/wp-content\/uploads\/sites\/4\/2023\/12\/mve-square.png\",\"contentUrl\":\"https:\/\/mvebio.com\/wp-content\/uploads\/sites\/4\/2023\/12\/mve-square.png\",\"width\":1200,\"height\":1200,\"caption\":\"MVE Biological Solutions\"},\"image\":{\"@id\":\"https:\/\/mvebio.com\/fr\/#\/schema\/logo\/image\/\"},\"sameAs\":[\"https:\/\/x.com\/MveBioSolutions\",\"https:\/\/www.linkedin.com\/company\/mvebio\/\"]}]}<\/script>\n<!-- \/ Yoast SEO plugin. -->","yoast_head_json":{"title":"Carri\u00e8res - MVE Biological Solutions","description":"Embarquez pour un voyage enrichissant avec MVE. D\u00e9couvrez les opportunit\u00e9s de croissance et d'innovation sur notre page Carri\u00e8res. D\u00e9couvrez une gamme vari\u00e9e de postes correspondant \u00e0 vos comp\u00e9tences et \u00e0 vos aspirations dans le domaine de la technologie cryog\u00e9nique et des sciences de la vie. Rejoignez MVE Biological Solutions et faites partie d'une \u00e9quipe dynamique qui s'engage \u00e0 repousser les limites de l'excellence scientifique. Votre parcours professionnel commence ici.","robots":{"index":"index","follow":"follow","max-snippet":"max-snippet:-1","max-image-preview":"max-image-preview:large","max-video-preview":"max-video-preview:-1"},"canonical":"https:\/\/mvebio.com\/fr\/carrieres\/","og_locale":"fr_FR","og_type":"article","og_title":"Carri\u00e8res - MVE Biological Solutions","og_description":"Embarquez pour un voyage enrichissant avec MVE. D\u00e9couvrez les opportunit\u00e9s de croissance et d'innovation sur notre page Carri\u00e8res. D\u00e9couvrez une gamme vari\u00e9e de postes correspondant \u00e0 vos comp\u00e9tences et \u00e0 vos aspirations dans le domaine de la technologie cryog\u00e9nique et des sciences de la vie. Rejoignez MVE Biological Solutions et faites partie d'une \u00e9quipe dynamique qui s'engage \u00e0 repousser les limites de l'excellence scientifique. Votre parcours professionnel commence ici.","og_url":"https:\/\/mvebio.com\/fr\/carrieres\/","og_site_name":"MVE Biological Solutions","article_modified_time":"2026-02-18T16:17:06+00:00","og_image":[{"width":1200,"height":675,"url":"https:\/\/mvebio.com\/wp-content\/uploads\/sites\/4\/2023\/12\/mve-seo.png","type":"image\/png"}],"twitter_card":"summary_large_image","twitter_site":"@MveBioSolutions","schema":{"@context":"https:\/\/schema.org","@graph":[{"@type":"WebPage","@id":"https:\/\/mvebio.com\/fr\/carrieres\/","url":"https:\/\/mvebio.com\/fr\/carrieres\/","name":"Carri\u00e8res - MVE Biological Solutions","isPartOf":{"@id":"https:\/\/mvebio.com\/fr\/#website"},"datePublished":"2022-11-11T12:33:07+00:00","dateModified":"2026-02-18T16:17:06+00:00","description":"Embarquez pour un voyage enrichissant avec MVE. D\u00e9couvrez les opportunit\u00e9s de croissance et d'innovation sur notre page Carri\u00e8res. D\u00e9couvrez une gamme vari\u00e9e de postes correspondant \u00e0 vos comp\u00e9tences et \u00e0 vos aspirations dans le domaine de la technologie cryog\u00e9nique et des sciences de la vie. Rejoignez MVE Biological Solutions et faites partie d'une \u00e9quipe dynamique qui s'engage \u00e0 repousser les limites de l'excellence scientifique. Votre parcours professionnel commence ici.","breadcrumb":{"@id":"https:\/\/mvebio.com\/fr\/carrieres\/#breadcrumb"},"inLanguage":"fr-FR","potentialAction":[{"@type":"ReadAction","target":["https:\/\/mvebio.com\/fr\/carrieres\/"]}]},{"@type":"BreadcrumbList","@id":"https:\/\/mvebio.com\/fr\/carrieres\/#breadcrumb","itemListElement":[{"@type":"ListItem","position":1,"name":"Accueil","item":"https:\/\/mvebio.com\/fr\/homepage\/"},{"@type":"ListItem","position":2,"name":"Carri\u00e8res"}]},{"@type":"WebSite","@id":"https:\/\/mvebio.com\/fr\/#website","url":"https:\/\/mvebio.com\/fr\/","name":"MVE Biological Solutions","description":"Cryogenic freezers and dewars","publisher":{"@id":"https:\/\/mvebio.com\/fr\/#organization"},"alternateName":"MVE Bio","potentialAction":[{"@type":"SearchAction","target":{"@type":"EntryPoint","urlTemplate":"https:\/\/mvebio.com\/fr\/?s={search_term_string}"},"query-input":{"@type":"PropertyValueSpecification","valueRequired":true,"valueName":"search_term_string"}}],"inLanguage":"fr-FR"},{"@type":"Organization","@id":"https:\/\/mvebio.com\/fr\/#organization","name":"MVE Biological Solutions","alternateName":"MVE Bio","url":"https:\/\/mvebio.com\/fr\/","logo":{"@type":"ImageObject","inLanguage":"fr-FR","@id":"https:\/\/mvebio.com\/fr\/#\/schema\/logo\/image\/","url":"https:\/\/mvebio.com\/wp-content\/uploads\/sites\/4\/2023\/12\/mve-square.png","contentUrl":"https:\/\/mvebio.com\/wp-content\/uploads\/sites\/4\/2023\/12\/mve-square.png","width":1200,"height":1200,"caption":"MVE Biological Solutions"},"image":{"@id":"https:\/\/mvebio.com\/fr\/#\/schema\/logo\/image\/"},"sameAs":["https:\/\/x.com\/MveBioSolutions","https:\/\/www.linkedin.com\/company\/mvebio\/"]}]}},"_links":{"self":[{"href":"https:\/\/mvebio.com\/fr\/wp-json\/wp\/v2\/pages\/11837","targetHints":{"allow":["GET"]}}],"collection":[{"href":"https:\/\/mvebio.com\/fr\/wp-json\/wp\/v2\/pages"}],"about":[{"href":"https:\/\/mvebio.com\/fr\/wp-json\/wp\/v2\/types\/page"}],"author":[{"embeddable":true,"href":"https:\/\/mvebio.com\/fr\/wp-json\/wp\/v2\/users\/1"}],"replies":[{"embeddable":true,"href":"https:\/\/mvebio.com\/fr\/wp-json\/wp\/v2\/comments?post=11837"}],"version-history":[{"count":1,"href":"https:\/\/mvebio.com\/fr\/wp-json\/wp\/v2\/pages\/11837\/revisions"}],"predecessor-version":[{"id":14592,"href":"https:\/\/mvebio.com\/fr\/wp-json\/wp\/v2\/pages\/11837\/revisions\/14592"}],"wp:attachment":[{"href":"https:\/\/mvebio.com\/fr\/wp-json\/wp\/v2\/media?parent=11837"}],"curies":[{"name":"wp","href":"https:\/\/api.w.org\/{rel}","templated":true}]}}