{"id":11836,"date":"2022-09-28T12:34:15","date_gmt":"2022-09-28T11:34:15","guid":{"rendered":"https:\/\/mvebio.com\/serie-mve-spectrum\/"},"modified":"2026-02-18T11:17:16","modified_gmt":"2026-02-18T16:17:16","slug":"serie-mve-spectrum","status":"publish","type":"page","link":"https:\/\/mvebio.com\/fr\/nos-produits\/eleveurs-aluminium\/serie-mve-spectrum\/","title":{"rendered":"S\u00e9rie MVE Spectrum"},"content":{"rendered":"","protected":false},"excerpt":{"rendered":"<p>Stockage efficace et l\u00e9ger pour le march\u00e9 de l&rsquo;\u00e9levage<\/p>\n","protected":false},"author":1,"featured_media":10636,"parent":11841,"menu_order":0,"comment_status":"closed","ping_status":"closed","template":"","meta":{"_acf_changed":false,"footnotes":""},"class_list":["post-11836","page","type-page","status-publish","has-post-thumbnail","hentry"],"acf":[],"yoast_head":"<!-- This site is optimized with the Yoast SEO plugin v27.2 - https:\/\/yoast.com\/product\/yoast-seo-wordpress\/ -->\n<title>S\u00e9rie MVE Spectrum - MVE Biological Solutions<\/title>\n<meta name=\"description\" content=\"Stockage de sperme de taureau de petite capacit\u00e9. Vous \u00eates \u00e9leveur dans le secteur de l&#039;\u00e9levage ? Avez-vous besoin d&#039;une solution de stockage de sperme de taureau de petite capacit\u00e9 ? Si c&#039;est le cas, la s\u00e9rie MVE Spectrum et le Spectrum 20 Signature pourraient vous convenir.\" \/>\n<meta name=\"robots\" content=\"index, follow, max-snippet:-1, max-image-preview:large, max-video-preview:-1\" \/>\n<link rel=\"canonical\" href=\"https:\/\/mvebio.com\/fr\/nos-produits\/eleveurs-aluminium\/serie-mve-spectrum\/\" \/>\n<meta property=\"og:locale\" content=\"fr_FR\" \/>\n<meta property=\"og:type\" content=\"article\" \/>\n<meta property=\"og:title\" content=\"S\u00e9rie MVE Spectrum - MVE Biological Solutions\" \/>\n<meta property=\"og:description\" content=\"Stockage de sperme de taureau de petite capacit\u00e9. Vous \u00eates \u00e9leveur dans le secteur de l&#039;\u00e9levage ? Avez-vous besoin d&#039;une solution de stockage de sperme de taureau de petite capacit\u00e9 ? Si c&#039;est le cas, la s\u00e9rie MVE Spectrum et le Spectrum 20 Signature pourraient vous convenir.\" \/>\n<meta property=\"og:url\" content=\"https:\/\/mvebio.com\/fr\/nos-produits\/eleveurs-aluminium\/serie-mve-spectrum\/\" \/>\n<meta property=\"og:site_name\" content=\"MVE Biological Solutions\" \/>\n<meta property=\"article:modified_time\" content=\"2026-02-18T16:17:16+00:00\" \/>\n<meta property=\"og:image\" content=\"https:\/\/mvebio.com\/wp-content\/uploads\/sites\/4\/2023\/12\/Spectrum-Series-feature.jpg\" \/>\n\t<meta property=\"og:image:width\" content=\"1200\" \/>\n\t<meta property=\"og:image:height\" content=\"563\" \/>\n\t<meta property=\"og:image:type\" content=\"image\/jpeg\" \/>\n<meta name=\"twitter:card\" content=\"summary_large_image\" \/>\n<meta name=\"twitter:site\" content=\"@MveBioSolutions\" \/>\n<script type=\"application\/ld+json\" class=\"yoast-schema-graph\">{\"@context\":\"https:\/\/schema.org\",\"@graph\":[{\"@type\":\"WebPage\",\"@id\":\"https:\/\/mvebio.com\/fr\/nos-produits\/eleveurs-aluminium\/serie-mve-spectrum\/\",\"url\":\"https:\/\/mvebio.com\/fr\/nos-produits\/eleveurs-aluminium\/serie-mve-spectrum\/\",\"name\":\"S\u00e9rie MVE Spectrum - MVE Biological Solutions\",\"isPartOf\":{\"@id\":\"https:\/\/mvebio.com\/fr\/#website\"},\"primaryImageOfPage\":{\"@id\":\"https:\/\/mvebio.com\/fr\/nos-produits\/eleveurs-aluminium\/serie-mve-spectrum\/#primaryimage\"},\"image\":{\"@id\":\"https:\/\/mvebio.com\/fr\/nos-produits\/eleveurs-aluminium\/serie-mve-spectrum\/#primaryimage\"},\"thumbnailUrl\":\"https:\/\/mvebio.com\/wp-content\/uploads\/sites\/4\/2023\/12\/Spectrum-Series-feature.jpg\",\"datePublished\":\"2022-09-28T11:34:15+00:00\",\"dateModified\":\"2026-02-18T16:17:16+00:00\",\"description\":\"Stockage de sperme de taureau de petite capacit\u00e9. Vous \u00eates \u00e9leveur dans le secteur de l'\u00e9levage ? Avez-vous besoin d'une solution de stockage de sperme de taureau de petite capacit\u00e9 ? Si c'est le cas, la s\u00e9rie MVE Spectrum et le Spectrum 20 Signature pourraient vous convenir.\",\"breadcrumb\":{\"@id\":\"https:\/\/mvebio.com\/fr\/nos-produits\/eleveurs-aluminium\/serie-mve-spectrum\/#breadcrumb\"},\"inLanguage\":\"fr-FR\",\"potentialAction\":[{\"@type\":\"ReadAction\",\"target\":[\"https:\/\/mvebio.com\/fr\/nos-produits\/eleveurs-aluminium\/serie-mve-spectrum\/\"]}]},{\"@type\":\"ImageObject\",\"inLanguage\":\"fr-FR\",\"@id\":\"https:\/\/mvebio.com\/fr\/nos-produits\/eleveurs-aluminium\/serie-mve-spectrum\/#primaryimage\",\"url\":\"https:\/\/mvebio.com\/wp-content\/uploads\/sites\/4\/2023\/12\/Spectrum-Series-feature.jpg\",\"contentUrl\":\"https:\/\/mvebio.com\/wp-content\/uploads\/sites\/4\/2023\/12\/Spectrum-Series-feature.jpg\",\"width\":1200,\"height\":563,\"caption\":\"S\u00e9rie Spectrum\"},{\"@type\":\"BreadcrumbList\",\"@id\":\"https:\/\/mvebio.com\/fr\/nos-produits\/eleveurs-aluminium\/serie-mve-spectrum\/#breadcrumb\",\"itemListElement\":[{\"@type\":\"ListItem\",\"position\":1,\"name\":\"Accueil\",\"item\":\"https:\/\/mvebio.com\/fr\/homepage\/\"},{\"@type\":\"ListItem\",\"position\":2,\"name\":\"Nos produits\",\"item\":\"https:\/\/mvebio.com\/fr\/nos-produits\/\"},{\"@type\":\"ListItem\",\"position\":3,\"name\":\"\u00c9leveurs (aluminium)\",\"item\":\"https:\/\/mvebio.com\/fr\/nos-produits\/eleveurs-aluminium\/\"},{\"@type\":\"ListItem\",\"position\":4,\"name\":\"S\u00e9rie MVE Spectrum\"}]},{\"@type\":\"WebSite\",\"@id\":\"https:\/\/mvebio.com\/fr\/#website\",\"url\":\"https:\/\/mvebio.com\/fr\/\",\"name\":\"MVE Biological Solutions\",\"description\":\"Cryogenic freezers and dewars\",\"publisher\":{\"@id\":\"https:\/\/mvebio.com\/fr\/#organization\"},\"alternateName\":\"MVE Bio\",\"potentialAction\":[{\"@type\":\"SearchAction\",\"target\":{\"@type\":\"EntryPoint\",\"urlTemplate\":\"https:\/\/mvebio.com\/fr\/?s={search_term_string}\"},\"query-input\":{\"@type\":\"PropertyValueSpecification\",\"valueRequired\":true,\"valueName\":\"search_term_string\"}}],\"inLanguage\":\"fr-FR\"},{\"@type\":\"Organization\",\"@id\":\"https:\/\/mvebio.com\/fr\/#organization\",\"name\":\"MVE Biological Solutions\",\"alternateName\":\"MVE Bio\",\"url\":\"https:\/\/mvebio.com\/fr\/\",\"logo\":{\"@type\":\"ImageObject\",\"inLanguage\":\"fr-FR\",\"@id\":\"https:\/\/mvebio.com\/fr\/#\/schema\/logo\/image\/\",\"url\":\"https:\/\/mvebio.com\/wp-content\/uploads\/sites\/4\/2023\/12\/mve-square.png\",\"contentUrl\":\"https:\/\/mvebio.com\/wp-content\/uploads\/sites\/4\/2023\/12\/mve-square.png\",\"width\":1200,\"height\":1200,\"caption\":\"MVE Biological Solutions\"},\"image\":{\"@id\":\"https:\/\/mvebio.com\/fr\/#\/schema\/logo\/image\/\"},\"sameAs\":[\"https:\/\/x.com\/MveBioSolutions\",\"https:\/\/www.linkedin.com\/company\/mvebio\/\"]}]}<\/script>\n<!-- \/ Yoast SEO plugin. -->","yoast_head_json":{"title":"S\u00e9rie MVE Spectrum - MVE Biological Solutions","description":"Stockage de sperme de taureau de petite capacit\u00e9. Vous \u00eates \u00e9leveur dans le secteur de l'\u00e9levage ? Avez-vous besoin d'une solution de stockage de sperme de taureau de petite capacit\u00e9 ? Si c'est le cas, la s\u00e9rie MVE Spectrum et le Spectrum 20 Signature pourraient vous convenir.","robots":{"index":"index","follow":"follow","max-snippet":"max-snippet:-1","max-image-preview":"max-image-preview:large","max-video-preview":"max-video-preview:-1"},"canonical":"https:\/\/mvebio.com\/fr\/nos-produits\/eleveurs-aluminium\/serie-mve-spectrum\/","og_locale":"fr_FR","og_type":"article","og_title":"S\u00e9rie MVE Spectrum - MVE Biological Solutions","og_description":"Stockage de sperme de taureau de petite capacit\u00e9. Vous \u00eates \u00e9leveur dans le secteur de l'\u00e9levage ? Avez-vous besoin d'une solution de stockage de sperme de taureau de petite capacit\u00e9 ? Si c'est le cas, la s\u00e9rie MVE Spectrum et le Spectrum 20 Signature pourraient vous convenir.","og_url":"https:\/\/mvebio.com\/fr\/nos-produits\/eleveurs-aluminium\/serie-mve-spectrum\/","og_site_name":"MVE Biological Solutions","article_modified_time":"2026-02-18T16:17:16+00:00","og_image":[{"width":1200,"height":563,"url":"https:\/\/mvebio.com\/wp-content\/uploads\/sites\/4\/2023\/12\/Spectrum-Series-feature.jpg","type":"image\/jpeg"}],"twitter_card":"summary_large_image","twitter_site":"@MveBioSolutions","schema":{"@context":"https:\/\/schema.org","@graph":[{"@type":"WebPage","@id":"https:\/\/mvebio.com\/fr\/nos-produits\/eleveurs-aluminium\/serie-mve-spectrum\/","url":"https:\/\/mvebio.com\/fr\/nos-produits\/eleveurs-aluminium\/serie-mve-spectrum\/","name":"S\u00e9rie MVE Spectrum - MVE Biological Solutions","isPartOf":{"@id":"https:\/\/mvebio.com\/fr\/#website"},"primaryImageOfPage":{"@id":"https:\/\/mvebio.com\/fr\/nos-produits\/eleveurs-aluminium\/serie-mve-spectrum\/#primaryimage"},"image":{"@id":"https:\/\/mvebio.com\/fr\/nos-produits\/eleveurs-aluminium\/serie-mve-spectrum\/#primaryimage"},"thumbnailUrl":"https:\/\/mvebio.com\/wp-content\/uploads\/sites\/4\/2023\/12\/Spectrum-Series-feature.jpg","datePublished":"2022-09-28T11:34:15+00:00","dateModified":"2026-02-18T16:17:16+00:00","description":"Stockage de sperme de taureau de petite capacit\u00e9. Vous \u00eates \u00e9leveur dans le secteur de l'\u00e9levage ? Avez-vous besoin d'une solution de stockage de sperme de taureau de petite capacit\u00e9 ? Si c'est le cas, la s\u00e9rie MVE Spectrum et le Spectrum 20 Signature pourraient vous convenir.","breadcrumb":{"@id":"https:\/\/mvebio.com\/fr\/nos-produits\/eleveurs-aluminium\/serie-mve-spectrum\/#breadcrumb"},"inLanguage":"fr-FR","potentialAction":[{"@type":"ReadAction","target":["https:\/\/mvebio.com\/fr\/nos-produits\/eleveurs-aluminium\/serie-mve-spectrum\/"]}]},{"@type":"ImageObject","inLanguage":"fr-FR","@id":"https:\/\/mvebio.com\/fr\/nos-produits\/eleveurs-aluminium\/serie-mve-spectrum\/#primaryimage","url":"https:\/\/mvebio.com\/wp-content\/uploads\/sites\/4\/2023\/12\/Spectrum-Series-feature.jpg","contentUrl":"https:\/\/mvebio.com\/wp-content\/uploads\/sites\/4\/2023\/12\/Spectrum-Series-feature.jpg","width":1200,"height":563,"caption":"S\u00e9rie Spectrum"},{"@type":"BreadcrumbList","@id":"https:\/\/mvebio.com\/fr\/nos-produits\/eleveurs-aluminium\/serie-mve-spectrum\/#breadcrumb","itemListElement":[{"@type":"ListItem","position":1,"name":"Accueil","item":"https:\/\/mvebio.com\/fr\/homepage\/"},{"@type":"ListItem","position":2,"name":"Nos produits","item":"https:\/\/mvebio.com\/fr\/nos-produits\/"},{"@type":"ListItem","position":3,"name":"\u00c9leveurs (aluminium)","item":"https:\/\/mvebio.com\/fr\/nos-produits\/eleveurs-aluminium\/"},{"@type":"ListItem","position":4,"name":"S\u00e9rie MVE Spectrum"}]},{"@type":"WebSite","@id":"https:\/\/mvebio.com\/fr\/#website","url":"https:\/\/mvebio.com\/fr\/","name":"MVE Biological Solutions","description":"Cryogenic freezers and dewars","publisher":{"@id":"https:\/\/mvebio.com\/fr\/#organization"},"alternateName":"MVE Bio","potentialAction":[{"@type":"SearchAction","target":{"@type":"EntryPoint","urlTemplate":"https:\/\/mvebio.com\/fr\/?s={search_term_string}"},"query-input":{"@type":"PropertyValueSpecification","valueRequired":true,"valueName":"search_term_string"}}],"inLanguage":"fr-FR"},{"@type":"Organization","@id":"https:\/\/mvebio.com\/fr\/#organization","name":"MVE Biological Solutions","alternateName":"MVE Bio","url":"https:\/\/mvebio.com\/fr\/","logo":{"@type":"ImageObject","inLanguage":"fr-FR","@id":"https:\/\/mvebio.com\/fr\/#\/schema\/logo\/image\/","url":"https:\/\/mvebio.com\/wp-content\/uploads\/sites\/4\/2023\/12\/mve-square.png","contentUrl":"https:\/\/mvebio.com\/wp-content\/uploads\/sites\/4\/2023\/12\/mve-square.png","width":1200,"height":1200,"caption":"MVE Biological Solutions"},"image":{"@id":"https:\/\/mvebio.com\/fr\/#\/schema\/logo\/image\/"},"sameAs":["https:\/\/x.com\/MveBioSolutions","https:\/\/www.linkedin.com\/company\/mvebio\/"]}]}},"_links":{"self":[{"href":"https:\/\/mvebio.com\/fr\/wp-json\/wp\/v2\/pages\/11836","targetHints":{"allow":["GET"]}}],"collection":[{"href":"https:\/\/mvebio.com\/fr\/wp-json\/wp\/v2\/pages"}],"about":[{"href":"https:\/\/mvebio.com\/fr\/wp-json\/wp\/v2\/types\/page"}],"author":[{"embeddable":true,"href":"https:\/\/mvebio.com\/fr\/wp-json\/wp\/v2\/users\/1"}],"replies":[{"embeddable":true,"href":"https:\/\/mvebio.com\/fr\/wp-json\/wp\/v2\/comments?post=11836"}],"version-history":[{"count":1,"href":"https:\/\/mvebio.com\/fr\/wp-json\/wp\/v2\/pages\/11836\/revisions"}],"predecessor-version":[{"id":11844,"href":"https:\/\/mvebio.com\/fr\/wp-json\/wp\/v2\/pages\/11836\/revisions\/11844"}],"up":[{"embeddable":true,"href":"https:\/\/mvebio.com\/fr\/wp-json\/wp\/v2\/pages\/11841"}],"wp:featuredmedia":[{"embeddable":true,"href":"https:\/\/mvebio.com\/fr\/wp-json\/wp\/v2\/media\/10636"}],"wp:attachment":[{"href":"https:\/\/mvebio.com\/fr\/wp-json\/wp\/v2\/media?parent=11836"}],"curies":[{"name":"wp","href":"https:\/\/api.w.org\/{rel}","templated":true}]}}