{"id":11833,"date":"2023-03-30T11:06:43","date_gmt":"2023-03-30T10:06:43","guid":{"rendered":"https:\/\/mvebio.com\/serie-mve-vapor-shipper\/"},"modified":"2026-02-18T10:46:25","modified_gmt":"2026-02-18T15:46:25","slug":"serie-mve-vapor-shipper","status":"publish","type":"page","link":"https:\/\/mvebio.com\/fr\/nos-produits\/eleveurs-aluminium\/serie-mve-vapor-shipper\/","title":{"rendered":"S\u00e9rie MVE Vapor Shipper"},"content":{"rendered":"","protected":false},"excerpt":{"rendered":"<p>Exp\u00e9dition cryog\u00e9nique s\u00fbre et certaine pour les \u00e9leveurs<\/p>\n","protected":false},"author":1,"featured_media":10588,"parent":11841,"menu_order":0,"comment_status":"closed","ping_status":"closed","template":"","meta":{"_acf_changed":false,"footnotes":""},"class_list":["post-11833","page","type-page","status-publish","has-post-thumbnail","hentry"],"acf":[],"yoast_head":"<!-- This site is optimized with the Yoast SEO plugin v27.4 - https:\/\/yoast.com\/product\/yoast-seo-wordpress\/ -->\n<title>S\u00e9rie MVE Vapor Shipper - MVE Biological Solutions<\/title>\n<meta name=\"description\" content=\"Avec la s\u00e9rie MVE Vapor Shipper, vous pouvez transporter vos produits g\u00e9n\u00e9tiques d&#039;un point A \u00e0 un point B - tant au niveau national qu&#039;international - en toute confiance en phase vapeur. Cette s\u00e9rie de Dewars cryog\u00e9niques d&#039;exp\u00e9dition offre plusieurs tailles de r\u00e9servoirs, qui varient en capacit\u00e9 de paille et en capacit\u00e9 de temps de maintien pour chaque sc\u00e9nario de transport.\" \/>\n<meta name=\"robots\" content=\"index, follow, max-snippet:-1, max-image-preview:large, max-video-preview:-1\" \/>\n<link rel=\"canonical\" href=\"https:\/\/mvebio.com\/fr\/nos-produits\/eleveurs-aluminium\/serie-mve-vapor-shipper\/\" \/>\n<meta property=\"og:locale\" content=\"fr_FR\" \/>\n<meta property=\"og:type\" content=\"article\" \/>\n<meta property=\"og:title\" content=\"S\u00e9rie MVE Vapor Shipper - MVE Biological Solutions\" \/>\n<meta property=\"og:description\" content=\"Avec la s\u00e9rie MVE Vapor Shipper, vous pouvez transporter vos produits g\u00e9n\u00e9tiques d&#039;un point A \u00e0 un point B - tant au niveau national qu&#039;international - en toute confiance en phase vapeur. Cette s\u00e9rie de Dewars cryog\u00e9niques d&#039;exp\u00e9dition offre plusieurs tailles de r\u00e9servoirs, qui varient en capacit\u00e9 de paille et en capacit\u00e9 de temps de maintien pour chaque sc\u00e9nario de transport.\" \/>\n<meta property=\"og:url\" content=\"https:\/\/mvebio.com\/fr\/nos-produits\/eleveurs-aluminium\/serie-mve-vapor-shipper\/\" \/>\n<meta property=\"og:site_name\" content=\"MVE Biological Solutions\" \/>\n<meta property=\"article:modified_time\" content=\"2026-02-18T15:46:25+00:00\" \/>\n<meta property=\"og:image\" content=\"https:\/\/mvebio.com\/wp-content\/uploads\/sites\/4\/2023\/12\/MVE-Vapor-Series-1.jpg\" \/>\n\t<meta property=\"og:image:width\" content=\"1200\" \/>\n\t<meta property=\"og:image:height\" content=\"562\" \/>\n\t<meta property=\"og:image:type\" content=\"image\/jpeg\" \/>\n<meta name=\"twitter:card\" content=\"summary_large_image\" \/>\n<meta name=\"twitter:site\" content=\"@MveBioSolutions\" \/>\n<script type=\"application\/ld+json\" class=\"yoast-schema-graph\">{\"@context\":\"https:\\\/\\\/schema.org\",\"@graph\":[{\"@type\":\"WebPage\",\"@id\":\"https:\\\/\\\/mvebio.com\\\/fr\\\/nos-produits\\\/eleveurs-aluminium\\\/serie-mve-vapor-shipper\\\/\",\"url\":\"https:\\\/\\\/mvebio.com\\\/fr\\\/nos-produits\\\/eleveurs-aluminium\\\/serie-mve-vapor-shipper\\\/\",\"name\":\"S\u00e9rie MVE Vapor Shipper - MVE Biological Solutions\",\"isPartOf\":{\"@id\":\"https:\\\/\\\/mvebio.com\\\/fr\\\/#website\"},\"primaryImageOfPage\":{\"@id\":\"https:\\\/\\\/mvebio.com\\\/fr\\\/nos-produits\\\/eleveurs-aluminium\\\/serie-mve-vapor-shipper\\\/#primaryimage\"},\"image\":{\"@id\":\"https:\\\/\\\/mvebio.com\\\/fr\\\/nos-produits\\\/eleveurs-aluminium\\\/serie-mve-vapor-shipper\\\/#primaryimage\"},\"thumbnailUrl\":\"https:\\\/\\\/mvebio.com\\\/wp-content\\\/uploads\\\/sites\\\/4\\\/2023\\\/12\\\/MVE-Vapor-Series-1.jpg\",\"datePublished\":\"2023-03-30T10:06:43+00:00\",\"dateModified\":\"2026-02-18T15:46:25+00:00\",\"description\":\"Avec la s\u00e9rie MVE Vapor Shipper, vous pouvez transporter vos produits g\u00e9n\u00e9tiques d'un point A \u00e0 un point B - tant au niveau national qu'international - en toute confiance en phase vapeur. Cette s\u00e9rie de Dewars cryog\u00e9niques d'exp\u00e9dition offre plusieurs tailles de r\u00e9servoirs, qui varient en capacit\u00e9 de paille et en capacit\u00e9 de temps de maintien pour chaque sc\u00e9nario de transport.\",\"breadcrumb\":{\"@id\":\"https:\\\/\\\/mvebio.com\\\/fr\\\/nos-produits\\\/eleveurs-aluminium\\\/serie-mve-vapor-shipper\\\/#breadcrumb\"},\"inLanguage\":\"fr-FR\",\"potentialAction\":[{\"@type\":\"ReadAction\",\"target\":[\"https:\\\/\\\/mvebio.com\\\/fr\\\/nos-produits\\\/eleveurs-aluminium\\\/serie-mve-vapor-shipper\\\/\"]}]},{\"@type\":\"ImageObject\",\"inLanguage\":\"fr-FR\",\"@id\":\"https:\\\/\\\/mvebio.com\\\/fr\\\/nos-produits\\\/eleveurs-aluminium\\\/serie-mve-vapor-shipper\\\/#primaryimage\",\"url\":\"https:\\\/\\\/mvebio.com\\\/wp-content\\\/uploads\\\/sites\\\/4\\\/2023\\\/12\\\/MVE-Vapor-Series-1.jpg\",\"contentUrl\":\"https:\\\/\\\/mvebio.com\\\/wp-content\\\/uploads\\\/sites\\\/4\\\/2023\\\/12\\\/MVE-Vapor-Series-1.jpg\",\"width\":1200,\"height\":562,\"caption\":\"S\u00e9rie MVE Vapor\"},{\"@type\":\"BreadcrumbList\",\"@id\":\"https:\\\/\\\/mvebio.com\\\/fr\\\/nos-produits\\\/eleveurs-aluminium\\\/serie-mve-vapor-shipper\\\/#breadcrumb\",\"itemListElement\":[{\"@type\":\"ListItem\",\"position\":1,\"name\":\"Accueil\",\"item\":\"https:\\\/\\\/mvebio.com\\\/fr\\\/homepage\\\/\"},{\"@type\":\"ListItem\",\"position\":2,\"name\":\"Nos produits\",\"item\":\"https:\\\/\\\/mvebio.com\\\/fr\\\/nos-produits\\\/\"},{\"@type\":\"ListItem\",\"position\":3,\"name\":\"\u00c9leveurs (aluminium)\",\"item\":\"https:\\\/\\\/mvebio.com\\\/fr\\\/nos-produits\\\/eleveurs-aluminium\\\/\"},{\"@type\":\"ListItem\",\"position\":4,\"name\":\"S\u00e9rie MVE Vapor Shipper\"}]},{\"@type\":\"WebSite\",\"@id\":\"https:\\\/\\\/mvebio.com\\\/fr\\\/#website\",\"url\":\"https:\\\/\\\/mvebio.com\\\/fr\\\/\",\"name\":\"MVE Biological Solutions\",\"description\":\"Cryogenic freezers and dewars\",\"publisher\":{\"@id\":\"https:\\\/\\\/mvebio.com\\\/fr\\\/#organization\"},\"alternateName\":\"MVE Bio\",\"potentialAction\":[{\"@type\":\"SearchAction\",\"target\":{\"@type\":\"EntryPoint\",\"urlTemplate\":\"https:\\\/\\\/mvebio.com\\\/fr\\\/?s={search_term_string}\"},\"query-input\":{\"@type\":\"PropertyValueSpecification\",\"valueRequired\":true,\"valueName\":\"search_term_string\"}}],\"inLanguage\":\"fr-FR\"},{\"@type\":\"Organization\",\"@id\":\"https:\\\/\\\/mvebio.com\\\/fr\\\/#organization\",\"name\":\"MVE Biological Solutions\",\"alternateName\":\"MVE Bio\",\"url\":\"https:\\\/\\\/mvebio.com\\\/fr\\\/\",\"logo\":{\"@type\":\"ImageObject\",\"inLanguage\":\"fr-FR\",\"@id\":\"https:\\\/\\\/mvebio.com\\\/fr\\\/#\\\/schema\\\/logo\\\/image\\\/\",\"url\":\"https:\\\/\\\/mvebio.com\\\/wp-content\\\/uploads\\\/sites\\\/4\\\/2023\\\/12\\\/mve-square.png\",\"contentUrl\":\"https:\\\/\\\/mvebio.com\\\/wp-content\\\/uploads\\\/sites\\\/4\\\/2023\\\/12\\\/mve-square.png\",\"width\":1200,\"height\":1200,\"caption\":\"MVE Biological Solutions\"},\"image\":{\"@id\":\"https:\\\/\\\/mvebio.com\\\/fr\\\/#\\\/schema\\\/logo\\\/image\\\/\"},\"sameAs\":[\"https:\\\/\\\/x.com\\\/MveBioSolutions\",\"https:\\\/\\\/www.linkedin.com\\\/company\\\/mvebio\\\/\"]}]}<\/script>\n<!-- \/ Yoast SEO plugin. -->","yoast_head_json":{"title":"S\u00e9rie MVE Vapor Shipper - MVE Biological Solutions","description":"Avec la s\u00e9rie MVE Vapor Shipper, vous pouvez transporter vos produits g\u00e9n\u00e9tiques d'un point A \u00e0 un point B - tant au niveau national qu'international - en toute confiance en phase vapeur. Cette s\u00e9rie de Dewars cryog\u00e9niques d'exp\u00e9dition offre plusieurs tailles de r\u00e9servoirs, qui varient en capacit\u00e9 de paille et en capacit\u00e9 de temps de maintien pour chaque sc\u00e9nario de transport.","robots":{"index":"index","follow":"follow","max-snippet":"max-snippet:-1","max-image-preview":"max-image-preview:large","max-video-preview":"max-video-preview:-1"},"canonical":"https:\/\/mvebio.com\/fr\/nos-produits\/eleveurs-aluminium\/serie-mve-vapor-shipper\/","og_locale":"fr_FR","og_type":"article","og_title":"S\u00e9rie MVE Vapor Shipper - MVE Biological Solutions","og_description":"Avec la s\u00e9rie MVE Vapor Shipper, vous pouvez transporter vos produits g\u00e9n\u00e9tiques d'un point A \u00e0 un point B - tant au niveau national qu'international - en toute confiance en phase vapeur. Cette s\u00e9rie de Dewars cryog\u00e9niques d'exp\u00e9dition offre plusieurs tailles de r\u00e9servoirs, qui varient en capacit\u00e9 de paille et en capacit\u00e9 de temps de maintien pour chaque sc\u00e9nario de transport.","og_url":"https:\/\/mvebio.com\/fr\/nos-produits\/eleveurs-aluminium\/serie-mve-vapor-shipper\/","og_site_name":"MVE Biological Solutions","article_modified_time":"2026-02-18T15:46:25+00:00","og_image":[{"width":1200,"height":562,"url":"https:\/\/mvebio.com\/wp-content\/uploads\/sites\/4\/2023\/12\/MVE-Vapor-Series-1.jpg","type":"image\/jpeg"}],"twitter_card":"summary_large_image","twitter_site":"@MveBioSolutions","schema":{"@context":"https:\/\/schema.org","@graph":[{"@type":"WebPage","@id":"https:\/\/mvebio.com\/fr\/nos-produits\/eleveurs-aluminium\/serie-mve-vapor-shipper\/","url":"https:\/\/mvebio.com\/fr\/nos-produits\/eleveurs-aluminium\/serie-mve-vapor-shipper\/","name":"S\u00e9rie MVE Vapor Shipper - MVE Biological Solutions","isPartOf":{"@id":"https:\/\/mvebio.com\/fr\/#website"},"primaryImageOfPage":{"@id":"https:\/\/mvebio.com\/fr\/nos-produits\/eleveurs-aluminium\/serie-mve-vapor-shipper\/#primaryimage"},"image":{"@id":"https:\/\/mvebio.com\/fr\/nos-produits\/eleveurs-aluminium\/serie-mve-vapor-shipper\/#primaryimage"},"thumbnailUrl":"https:\/\/mvebio.com\/wp-content\/uploads\/sites\/4\/2023\/12\/MVE-Vapor-Series-1.jpg","datePublished":"2023-03-30T10:06:43+00:00","dateModified":"2026-02-18T15:46:25+00:00","description":"Avec la s\u00e9rie MVE Vapor Shipper, vous pouvez transporter vos produits g\u00e9n\u00e9tiques d'un point A \u00e0 un point B - tant au niveau national qu'international - en toute confiance en phase vapeur. Cette s\u00e9rie de Dewars cryog\u00e9niques d'exp\u00e9dition offre plusieurs tailles de r\u00e9servoirs, qui varient en capacit\u00e9 de paille et en capacit\u00e9 de temps de maintien pour chaque sc\u00e9nario de transport.","breadcrumb":{"@id":"https:\/\/mvebio.com\/fr\/nos-produits\/eleveurs-aluminium\/serie-mve-vapor-shipper\/#breadcrumb"},"inLanguage":"fr-FR","potentialAction":[{"@type":"ReadAction","target":["https:\/\/mvebio.com\/fr\/nos-produits\/eleveurs-aluminium\/serie-mve-vapor-shipper\/"]}]},{"@type":"ImageObject","inLanguage":"fr-FR","@id":"https:\/\/mvebio.com\/fr\/nos-produits\/eleveurs-aluminium\/serie-mve-vapor-shipper\/#primaryimage","url":"https:\/\/mvebio.com\/wp-content\/uploads\/sites\/4\/2023\/12\/MVE-Vapor-Series-1.jpg","contentUrl":"https:\/\/mvebio.com\/wp-content\/uploads\/sites\/4\/2023\/12\/MVE-Vapor-Series-1.jpg","width":1200,"height":562,"caption":"S\u00e9rie MVE Vapor"},{"@type":"BreadcrumbList","@id":"https:\/\/mvebio.com\/fr\/nos-produits\/eleveurs-aluminium\/serie-mve-vapor-shipper\/#breadcrumb","itemListElement":[{"@type":"ListItem","position":1,"name":"Accueil","item":"https:\/\/mvebio.com\/fr\/homepage\/"},{"@type":"ListItem","position":2,"name":"Nos produits","item":"https:\/\/mvebio.com\/fr\/nos-produits\/"},{"@type":"ListItem","position":3,"name":"\u00c9leveurs (aluminium)","item":"https:\/\/mvebio.com\/fr\/nos-produits\/eleveurs-aluminium\/"},{"@type":"ListItem","position":4,"name":"S\u00e9rie MVE Vapor Shipper"}]},{"@type":"WebSite","@id":"https:\/\/mvebio.com\/fr\/#website","url":"https:\/\/mvebio.com\/fr\/","name":"MVE Biological Solutions","description":"Cryogenic freezers and dewars","publisher":{"@id":"https:\/\/mvebio.com\/fr\/#organization"},"alternateName":"MVE Bio","potentialAction":[{"@type":"SearchAction","target":{"@type":"EntryPoint","urlTemplate":"https:\/\/mvebio.com\/fr\/?s={search_term_string}"},"query-input":{"@type":"PropertyValueSpecification","valueRequired":true,"valueName":"search_term_string"}}],"inLanguage":"fr-FR"},{"@type":"Organization","@id":"https:\/\/mvebio.com\/fr\/#organization","name":"MVE Biological Solutions","alternateName":"MVE Bio","url":"https:\/\/mvebio.com\/fr\/","logo":{"@type":"ImageObject","inLanguage":"fr-FR","@id":"https:\/\/mvebio.com\/fr\/#\/schema\/logo\/image\/","url":"https:\/\/mvebio.com\/wp-content\/uploads\/sites\/4\/2023\/12\/mve-square.png","contentUrl":"https:\/\/mvebio.com\/wp-content\/uploads\/sites\/4\/2023\/12\/mve-square.png","width":1200,"height":1200,"caption":"MVE Biological Solutions"},"image":{"@id":"https:\/\/mvebio.com\/fr\/#\/schema\/logo\/image\/"},"sameAs":["https:\/\/x.com\/MveBioSolutions","https:\/\/www.linkedin.com\/company\/mvebio\/"]}]}},"_links":{"self":[{"href":"https:\/\/mvebio.com\/fr\/wp-json\/wp\/v2\/pages\/11833","targetHints":{"allow":["GET"]}}],"collection":[{"href":"https:\/\/mvebio.com\/fr\/wp-json\/wp\/v2\/pages"}],"about":[{"href":"https:\/\/mvebio.com\/fr\/wp-json\/wp\/v2\/types\/page"}],"author":[{"embeddable":true,"href":"https:\/\/mvebio.com\/fr\/wp-json\/wp\/v2\/users\/1"}],"replies":[{"embeddable":true,"href":"https:\/\/mvebio.com\/fr\/wp-json\/wp\/v2\/comments?post=11833"}],"version-history":[{"count":1,"href":"https:\/\/mvebio.com\/fr\/wp-json\/wp\/v2\/pages\/11833\/revisions"}],"predecessor-version":[{"id":11847,"href":"https:\/\/mvebio.com\/fr\/wp-json\/wp\/v2\/pages\/11833\/revisions\/11847"}],"up":[{"embeddable":true,"href":"https:\/\/mvebio.com\/fr\/wp-json\/wp\/v2\/pages\/11841"}],"wp:featuredmedia":[{"embeddable":true,"href":"https:\/\/mvebio.com\/fr\/wp-json\/wp\/v2\/media\/10588"}],"wp:attachment":[{"href":"https:\/\/mvebio.com\/fr\/wp-json\/wp\/v2\/media?parent=11833"}],"curies":[{"name":"wp","href":"https:\/\/api.w.org\/{rel}","templated":true}]}}