{"id":11832,"date":"2022-09-28T12:48:58","date_gmt":"2022-09-28T11:48:58","guid":{"rendered":"https:\/\/mvebio.com\/sciences-de-la-vie-aluminium\/expediteur-unidirectionnel\/"},"modified":"2026-02-18T11:18:03","modified_gmt":"2026-02-18T16:18:03","slug":"expediteur-unidirectionnel","status":"publish","type":"page","link":"https:\/\/mvebio.com\/fr\/nos-produits\/sciences-de-la-vie-aluminium\/expediteur-unidirectionnel\/","title":{"rendered":"Exp\u00e9diteur unidirectionnel"},"content":{"rendered":"","protected":false},"excerpt":{"rendered":"<p>D\u00e9couvrez l&rsquo;exp\u00e9dition cryog\u00e9nique sans souci<\/p>\n","protected":false},"author":1,"featured_media":10556,"parent":11823,"menu_order":0,"comment_status":"closed","ping_status":"closed","template":"","meta":{"_acf_changed":false,"footnotes":""},"class_list":["post-11832","page","type-page","status-publish","has-post-thumbnail","hentry"],"acf":[],"yoast_head":"<!-- This site is optimized with the Yoast SEO plugin v27.2 - https:\/\/yoast.com\/product\/yoast-seo-wordpress\/ -->\n<title>Exp\u00e9diteur unidirectionnel - MVE Biological Solutions<\/title>\n<meta name=\"description\" content=\"Les chargeurs BL-7 et CryoCube sont des solutions d&#039;exp\u00e9dition cryog\u00e9nique faciles et sans stress pour les sciences de la vie. Gr\u00e2ce \u00e0 ces chargeurs \u00e0 usage unique, vous pouvez transporter vos \u00e9chantillons \u00e0 partir de fermes de cong\u00e9lation, d&#039;installations de biobanques ou de votre bior\u00e9f\u00e9rentiel sans avoir \u00e0 retourner l&#039;unit\u00e9. Le transfert d&#039;embryons, de sperme et d&#039;autres \u00e9chantillons biologiques n&#039;a jamais \u00e9t\u00e9 aussi simple. La commodit\u00e9 de ces produits vous permet de consacrer du temps \u00e0 la gestion des \u00e9chantillons plut\u00f4t qu&#039;\u00e0 celle de votre flotte d&#039;exp\u00e9diteurs.\" \/>\n<meta name=\"robots\" content=\"index, follow, max-snippet:-1, max-image-preview:large, max-video-preview:-1\" \/>\n<link rel=\"canonical\" href=\"https:\/\/mvebio.com\/fr\/nos-produits\/sciences-de-la-vie-aluminium\/expediteur-unidirectionnel\/\" \/>\n<meta property=\"og:locale\" content=\"fr_FR\" \/>\n<meta property=\"og:type\" content=\"article\" \/>\n<meta property=\"og:title\" content=\"Exp\u00e9diteur unidirectionnel - MVE Biological Solutions\" \/>\n<meta property=\"og:description\" content=\"Les chargeurs BL-7 et CryoCube sont des solutions d&#039;exp\u00e9dition cryog\u00e9nique faciles et sans stress pour les sciences de la vie. Gr\u00e2ce \u00e0 ces chargeurs \u00e0 usage unique, vous pouvez transporter vos \u00e9chantillons \u00e0 partir de fermes de cong\u00e9lation, d&#039;installations de biobanques ou de votre bior\u00e9f\u00e9rentiel sans avoir \u00e0 retourner l&#039;unit\u00e9. Le transfert d&#039;embryons, de sperme et d&#039;autres \u00e9chantillons biologiques n&#039;a jamais \u00e9t\u00e9 aussi simple. La commodit\u00e9 de ces produits vous permet de consacrer du temps \u00e0 la gestion des \u00e9chantillons plut\u00f4t qu&#039;\u00e0 celle de votre flotte d&#039;exp\u00e9diteurs.\" \/>\n<meta property=\"og:url\" content=\"https:\/\/mvebio.com\/fr\/nos-produits\/sciences-de-la-vie-aluminium\/expediteur-unidirectionnel\/\" \/>\n<meta property=\"og:site_name\" content=\"MVE Biological Solutions\" \/>\n<meta property=\"article:modified_time\" content=\"2026-02-18T16:18:03+00:00\" \/>\n<meta property=\"og:image\" content=\"https:\/\/mvebio.com\/wp-content\/uploads\/sites\/4\/2023\/12\/MVE-BL7-Box-1.jpg\" \/>\n\t<meta property=\"og:image:width\" content=\"1200\" \/>\n\t<meta property=\"og:image:height\" content=\"562\" \/>\n\t<meta property=\"og:image:type\" content=\"image\/jpeg\" \/>\n<meta name=\"twitter:card\" content=\"summary_large_image\" \/>\n<meta name=\"twitter:site\" content=\"@MveBioSolutions\" \/>\n<script type=\"application\/ld+json\" class=\"yoast-schema-graph\">{\"@context\":\"https:\/\/schema.org\",\"@graph\":[{\"@type\":\"WebPage\",\"@id\":\"https:\/\/mvebio.com\/fr\/nos-produits\/sciences-de-la-vie-aluminium\/expediteur-unidirectionnel\/\",\"url\":\"https:\/\/mvebio.com\/fr\/nos-produits\/sciences-de-la-vie-aluminium\/expediteur-unidirectionnel\/\",\"name\":\"Exp\u00e9diteur unidirectionnel - MVE Biological Solutions\",\"isPartOf\":{\"@id\":\"https:\/\/mvebio.com\/fr\/#website\"},\"primaryImageOfPage\":{\"@id\":\"https:\/\/mvebio.com\/fr\/nos-produits\/sciences-de-la-vie-aluminium\/expediteur-unidirectionnel\/#primaryimage\"},\"image\":{\"@id\":\"https:\/\/mvebio.com\/fr\/nos-produits\/sciences-de-la-vie-aluminium\/expediteur-unidirectionnel\/#primaryimage\"},\"thumbnailUrl\":\"https:\/\/mvebio.com\/wp-content\/uploads\/sites\/4\/2023\/12\/MVE-BL7-Box-1.jpg\",\"datePublished\":\"2022-09-28T11:48:58+00:00\",\"dateModified\":\"2026-02-18T16:18:03+00:00\",\"description\":\"Les chargeurs BL-7 et CryoCube sont des solutions d'exp\u00e9dition cryog\u00e9nique faciles et sans stress pour les sciences de la vie. Gr\u00e2ce \u00e0 ces chargeurs \u00e0 usage unique, vous pouvez transporter vos \u00e9chantillons \u00e0 partir de fermes de cong\u00e9lation, d'installations de biobanques ou de votre bior\u00e9f\u00e9rentiel sans avoir \u00e0 retourner l'unit\u00e9. Le transfert d'embryons, de sperme et d'autres \u00e9chantillons biologiques n'a jamais \u00e9t\u00e9 aussi simple. La commodit\u00e9 de ces produits vous permet de consacrer du temps \u00e0 la gestion des \u00e9chantillons plut\u00f4t qu'\u00e0 celle de votre flotte d'exp\u00e9diteurs.\",\"breadcrumb\":{\"@id\":\"https:\/\/mvebio.com\/fr\/nos-produits\/sciences-de-la-vie-aluminium\/expediteur-unidirectionnel\/#breadcrumb\"},\"inLanguage\":\"fr-FR\",\"potentialAction\":[{\"@type\":\"ReadAction\",\"target\":[\"https:\/\/mvebio.com\/fr\/nos-produits\/sciences-de-la-vie-aluminium\/expediteur-unidirectionnel\/\"]}]},{\"@type\":\"ImageObject\",\"inLanguage\":\"fr-FR\",\"@id\":\"https:\/\/mvebio.com\/fr\/nos-produits\/sciences-de-la-vie-aluminium\/expediteur-unidirectionnel\/#primaryimage\",\"url\":\"https:\/\/mvebio.com\/wp-content\/uploads\/sites\/4\/2023\/12\/MVE-BL7-Box-1.jpg\",\"contentUrl\":\"https:\/\/mvebio.com\/wp-content\/uploads\/sites\/4\/2023\/12\/MVE-BL7-Box-1.jpg\",\"width\":1200,\"height\":562,\"caption\":\"BL7\"},{\"@type\":\"BreadcrumbList\",\"@id\":\"https:\/\/mvebio.com\/fr\/nos-produits\/sciences-de-la-vie-aluminium\/expediteur-unidirectionnel\/#breadcrumb\",\"itemListElement\":[{\"@type\":\"ListItem\",\"position\":1,\"name\":\"Accueil\",\"item\":\"https:\/\/mvebio.com\/fr\/homepage\/\"},{\"@type\":\"ListItem\",\"position\":2,\"name\":\"Nos produits\",\"item\":\"https:\/\/mvebio.com\/fr\/nos-produits\/\"},{\"@type\":\"ListItem\",\"position\":3,\"name\":\"Sciences de la vie (aluminium)\",\"item\":\"https:\/\/mvebio.com\/fr\/nos-produits\/sciences-de-la-vie-aluminium\/\"},{\"@type\":\"ListItem\",\"position\":4,\"name\":\"Exp\u00e9diteur unidirectionnel\"}]},{\"@type\":\"WebSite\",\"@id\":\"https:\/\/mvebio.com\/fr\/#website\",\"url\":\"https:\/\/mvebio.com\/fr\/\",\"name\":\"MVE Biological Solutions\",\"description\":\"Cryogenic freezers and dewars\",\"publisher\":{\"@id\":\"https:\/\/mvebio.com\/fr\/#organization\"},\"alternateName\":\"MVE Bio\",\"potentialAction\":[{\"@type\":\"SearchAction\",\"target\":{\"@type\":\"EntryPoint\",\"urlTemplate\":\"https:\/\/mvebio.com\/fr\/?s={search_term_string}\"},\"query-input\":{\"@type\":\"PropertyValueSpecification\",\"valueRequired\":true,\"valueName\":\"search_term_string\"}}],\"inLanguage\":\"fr-FR\"},{\"@type\":\"Organization\",\"@id\":\"https:\/\/mvebio.com\/fr\/#organization\",\"name\":\"MVE Biological Solutions\",\"alternateName\":\"MVE Bio\",\"url\":\"https:\/\/mvebio.com\/fr\/\",\"logo\":{\"@type\":\"ImageObject\",\"inLanguage\":\"fr-FR\",\"@id\":\"https:\/\/mvebio.com\/fr\/#\/schema\/logo\/image\/\",\"url\":\"https:\/\/mvebio.com\/wp-content\/uploads\/sites\/4\/2023\/12\/mve-square.png\",\"contentUrl\":\"https:\/\/mvebio.com\/wp-content\/uploads\/sites\/4\/2023\/12\/mve-square.png\",\"width\":1200,\"height\":1200,\"caption\":\"MVE Biological Solutions\"},\"image\":{\"@id\":\"https:\/\/mvebio.com\/fr\/#\/schema\/logo\/image\/\"},\"sameAs\":[\"https:\/\/x.com\/MveBioSolutions\",\"https:\/\/www.linkedin.com\/company\/mvebio\/\"]}]}<\/script>\n<!-- \/ Yoast SEO plugin. -->","yoast_head_json":{"title":"Exp\u00e9diteur unidirectionnel - MVE Biological Solutions","description":"Les chargeurs BL-7 et CryoCube sont des solutions d'exp\u00e9dition cryog\u00e9nique faciles et sans stress pour les sciences de la vie. Gr\u00e2ce \u00e0 ces chargeurs \u00e0 usage unique, vous pouvez transporter vos \u00e9chantillons \u00e0 partir de fermes de cong\u00e9lation, d'installations de biobanques ou de votre bior\u00e9f\u00e9rentiel sans avoir \u00e0 retourner l'unit\u00e9. Le transfert d'embryons, de sperme et d'autres \u00e9chantillons biologiques n'a jamais \u00e9t\u00e9 aussi simple. La commodit\u00e9 de ces produits vous permet de consacrer du temps \u00e0 la gestion des \u00e9chantillons plut\u00f4t qu'\u00e0 celle de votre flotte d'exp\u00e9diteurs.","robots":{"index":"index","follow":"follow","max-snippet":"max-snippet:-1","max-image-preview":"max-image-preview:large","max-video-preview":"max-video-preview:-1"},"canonical":"https:\/\/mvebio.com\/fr\/nos-produits\/sciences-de-la-vie-aluminium\/expediteur-unidirectionnel\/","og_locale":"fr_FR","og_type":"article","og_title":"Exp\u00e9diteur unidirectionnel - MVE Biological Solutions","og_description":"Les chargeurs BL-7 et CryoCube sont des solutions d'exp\u00e9dition cryog\u00e9nique faciles et sans stress pour les sciences de la vie. Gr\u00e2ce \u00e0 ces chargeurs \u00e0 usage unique, vous pouvez transporter vos \u00e9chantillons \u00e0 partir de fermes de cong\u00e9lation, d'installations de biobanques ou de votre bior\u00e9f\u00e9rentiel sans avoir \u00e0 retourner l'unit\u00e9. Le transfert d'embryons, de sperme et d'autres \u00e9chantillons biologiques n'a jamais \u00e9t\u00e9 aussi simple. La commodit\u00e9 de ces produits vous permet de consacrer du temps \u00e0 la gestion des \u00e9chantillons plut\u00f4t qu'\u00e0 celle de votre flotte d'exp\u00e9diteurs.","og_url":"https:\/\/mvebio.com\/fr\/nos-produits\/sciences-de-la-vie-aluminium\/expediteur-unidirectionnel\/","og_site_name":"MVE Biological Solutions","article_modified_time":"2026-02-18T16:18:03+00:00","og_image":[{"width":1200,"height":562,"url":"https:\/\/mvebio.com\/wp-content\/uploads\/sites\/4\/2023\/12\/MVE-BL7-Box-1.jpg","type":"image\/jpeg"}],"twitter_card":"summary_large_image","twitter_site":"@MveBioSolutions","schema":{"@context":"https:\/\/schema.org","@graph":[{"@type":"WebPage","@id":"https:\/\/mvebio.com\/fr\/nos-produits\/sciences-de-la-vie-aluminium\/expediteur-unidirectionnel\/","url":"https:\/\/mvebio.com\/fr\/nos-produits\/sciences-de-la-vie-aluminium\/expediteur-unidirectionnel\/","name":"Exp\u00e9diteur unidirectionnel - MVE Biological Solutions","isPartOf":{"@id":"https:\/\/mvebio.com\/fr\/#website"},"primaryImageOfPage":{"@id":"https:\/\/mvebio.com\/fr\/nos-produits\/sciences-de-la-vie-aluminium\/expediteur-unidirectionnel\/#primaryimage"},"image":{"@id":"https:\/\/mvebio.com\/fr\/nos-produits\/sciences-de-la-vie-aluminium\/expediteur-unidirectionnel\/#primaryimage"},"thumbnailUrl":"https:\/\/mvebio.com\/wp-content\/uploads\/sites\/4\/2023\/12\/MVE-BL7-Box-1.jpg","datePublished":"2022-09-28T11:48:58+00:00","dateModified":"2026-02-18T16:18:03+00:00","description":"Les chargeurs BL-7 et CryoCube sont des solutions d'exp\u00e9dition cryog\u00e9nique faciles et sans stress pour les sciences de la vie. Gr\u00e2ce \u00e0 ces chargeurs \u00e0 usage unique, vous pouvez transporter vos \u00e9chantillons \u00e0 partir de fermes de cong\u00e9lation, d'installations de biobanques ou de votre bior\u00e9f\u00e9rentiel sans avoir \u00e0 retourner l'unit\u00e9. Le transfert d'embryons, de sperme et d'autres \u00e9chantillons biologiques n'a jamais \u00e9t\u00e9 aussi simple. La commodit\u00e9 de ces produits vous permet de consacrer du temps \u00e0 la gestion des \u00e9chantillons plut\u00f4t qu'\u00e0 celle de votre flotte d'exp\u00e9diteurs.","breadcrumb":{"@id":"https:\/\/mvebio.com\/fr\/nos-produits\/sciences-de-la-vie-aluminium\/expediteur-unidirectionnel\/#breadcrumb"},"inLanguage":"fr-FR","potentialAction":[{"@type":"ReadAction","target":["https:\/\/mvebio.com\/fr\/nos-produits\/sciences-de-la-vie-aluminium\/expediteur-unidirectionnel\/"]}]},{"@type":"ImageObject","inLanguage":"fr-FR","@id":"https:\/\/mvebio.com\/fr\/nos-produits\/sciences-de-la-vie-aluminium\/expediteur-unidirectionnel\/#primaryimage","url":"https:\/\/mvebio.com\/wp-content\/uploads\/sites\/4\/2023\/12\/MVE-BL7-Box-1.jpg","contentUrl":"https:\/\/mvebio.com\/wp-content\/uploads\/sites\/4\/2023\/12\/MVE-BL7-Box-1.jpg","width":1200,"height":562,"caption":"BL7"},{"@type":"BreadcrumbList","@id":"https:\/\/mvebio.com\/fr\/nos-produits\/sciences-de-la-vie-aluminium\/expediteur-unidirectionnel\/#breadcrumb","itemListElement":[{"@type":"ListItem","position":1,"name":"Accueil","item":"https:\/\/mvebio.com\/fr\/homepage\/"},{"@type":"ListItem","position":2,"name":"Nos produits","item":"https:\/\/mvebio.com\/fr\/nos-produits\/"},{"@type":"ListItem","position":3,"name":"Sciences de la vie (aluminium)","item":"https:\/\/mvebio.com\/fr\/nos-produits\/sciences-de-la-vie-aluminium\/"},{"@type":"ListItem","position":4,"name":"Exp\u00e9diteur unidirectionnel"}]},{"@type":"WebSite","@id":"https:\/\/mvebio.com\/fr\/#website","url":"https:\/\/mvebio.com\/fr\/","name":"MVE Biological Solutions","description":"Cryogenic freezers and dewars","publisher":{"@id":"https:\/\/mvebio.com\/fr\/#organization"},"alternateName":"MVE Bio","potentialAction":[{"@type":"SearchAction","target":{"@type":"EntryPoint","urlTemplate":"https:\/\/mvebio.com\/fr\/?s={search_term_string}"},"query-input":{"@type":"PropertyValueSpecification","valueRequired":true,"valueName":"search_term_string"}}],"inLanguage":"fr-FR"},{"@type":"Organization","@id":"https:\/\/mvebio.com\/fr\/#organization","name":"MVE Biological Solutions","alternateName":"MVE Bio","url":"https:\/\/mvebio.com\/fr\/","logo":{"@type":"ImageObject","inLanguage":"fr-FR","@id":"https:\/\/mvebio.com\/fr\/#\/schema\/logo\/image\/","url":"https:\/\/mvebio.com\/wp-content\/uploads\/sites\/4\/2023\/12\/mve-square.png","contentUrl":"https:\/\/mvebio.com\/wp-content\/uploads\/sites\/4\/2023\/12\/mve-square.png","width":1200,"height":1200,"caption":"MVE Biological Solutions"},"image":{"@id":"https:\/\/mvebio.com\/fr\/#\/schema\/logo\/image\/"},"sameAs":["https:\/\/x.com\/MveBioSolutions","https:\/\/www.linkedin.com\/company\/mvebio\/"]}]}},"_links":{"self":[{"href":"https:\/\/mvebio.com\/fr\/wp-json\/wp\/v2\/pages\/11832","targetHints":{"allow":["GET"]}}],"collection":[{"href":"https:\/\/mvebio.com\/fr\/wp-json\/wp\/v2\/pages"}],"about":[{"href":"https:\/\/mvebio.com\/fr\/wp-json\/wp\/v2\/types\/page"}],"author":[{"embeddable":true,"href":"https:\/\/mvebio.com\/fr\/wp-json\/wp\/v2\/users\/1"}],"replies":[{"embeddable":true,"href":"https:\/\/mvebio.com\/fr\/wp-json\/wp\/v2\/comments?post=11832"}],"version-history":[{"count":1,"href":"https:\/\/mvebio.com\/fr\/wp-json\/wp\/v2\/pages\/11832\/revisions"}],"predecessor-version":[{"id":14636,"href":"https:\/\/mvebio.com\/fr\/wp-json\/wp\/v2\/pages\/11832\/revisions\/14636"}],"up":[{"embeddable":true,"href":"https:\/\/mvebio.com\/fr\/wp-json\/wp\/v2\/pages\/11823"}],"wp:featuredmedia":[{"embeddable":true,"href":"https:\/\/mvebio.com\/fr\/wp-json\/wp\/v2\/media\/10556"}],"wp:attachment":[{"href":"https:\/\/mvebio.com\/fr\/wp-json\/wp\/v2\/media?parent=11832"}],"curies":[{"name":"wp","href":"https:\/\/api.w.org\/{rel}","templated":true}]}}