{"id":11830,"date":"2023-03-30T10:47:09","date_gmt":"2023-03-30T09:47:09","guid":{"rendered":"https:\/\/mvebio.com\/sciences-de-la-vie-congelateurs\/serie-mve-heco\/"},"modified":"2026-02-18T11:17:25","modified_gmt":"2026-02-18T16:17:25","slug":"serie-mve-heco","status":"publish","type":"page","link":"https:\/\/mvebio.com\/fr\/nos-produits\/sciences-de-la-vie-congelateurs\/serie-mve-heco\/","title":{"rendered":"S\u00e9rie MVE HEco\u2122"},"content":{"rendered":"","protected":false},"excerpt":{"rendered":"<p>Stockage efficace et \u00e9cologique de la vapeur garantie \u00e0 -190 \u00b0C<\/p>\n","protected":false},"author":1,"featured_media":10495,"parent":11804,"menu_order":0,"comment_status":"closed","ping_status":"closed","template":"","meta":{"_acf_changed":false,"footnotes":""},"class_list":["post-11830","page","type-page","status-publish","has-post-thumbnail","hentry"],"acf":[],"yoast_head":"<!-- This site is optimized with the Yoast SEO plugin v27.2 - https:\/\/yoast.com\/product\/yoast-seo-wordpress\/ -->\n<title>S\u00e9rie MVE HEco\u2122 - MVE Biological Solutions<\/title>\n<meta name=\"description\" content=\"Lorsque votre biorepositoire, votre ferme de cong\u00e9lation ou votre biobanque a besoin d&#039;un stockage cryog\u00e9nique efficace et fiable, vous avez besoin de la s\u00e9rie MVE HEco\u2122. Avec leur tuyauterie LN2 rationalis\u00e9e et leur tuyau de transfert sous vide, les s\u00e9ries de cryocong\u00e9lateurs MVE HEco\u2122 800, 1500 et 1800 sont les cong\u00e9lateurs \u00e0 vapeur les plus efficaces du march\u00e9. Tout est dans le nom : High-Efficiency Eco Friendly (ou HEco\u2122 en abr\u00e9g\u00e9).\" \/>\n<meta name=\"robots\" content=\"index, follow, max-snippet:-1, max-image-preview:large, max-video-preview:-1\" \/>\n<link rel=\"canonical\" href=\"https:\/\/mvebio.com\/fr\/nos-produits\/sciences-de-la-vie-congelateurs\/serie-mve-heco\/\" \/>\n<meta property=\"og:locale\" content=\"fr_FR\" \/>\n<meta property=\"og:type\" content=\"article\" \/>\n<meta property=\"og:title\" content=\"S\u00e9rie MVE HEco\u2122 - MVE Biological Solutions\" \/>\n<meta property=\"og:description\" content=\"Lorsque votre biorepositoire, votre ferme de cong\u00e9lation ou votre biobanque a besoin d&#039;un stockage cryog\u00e9nique efficace et fiable, vous avez besoin de la s\u00e9rie MVE HEco\u2122. Avec leur tuyauterie LN2 rationalis\u00e9e et leur tuyau de transfert sous vide, les s\u00e9ries de cryocong\u00e9lateurs MVE HEco\u2122 800, 1500 et 1800 sont les cong\u00e9lateurs \u00e0 vapeur les plus efficaces du march\u00e9. Tout est dans le nom : High-Efficiency Eco Friendly (ou HEco\u2122 en abr\u00e9g\u00e9).\" \/>\n<meta property=\"og:url\" content=\"https:\/\/mvebio.com\/fr\/nos-produits\/sciences-de-la-vie-congelateurs\/serie-mve-heco\/\" \/>\n<meta property=\"og:site_name\" content=\"MVE Biological Solutions\" \/>\n<meta property=\"article:modified_time\" content=\"2026-02-18T16:17:25+00:00\" \/>\n<meta property=\"og:image\" content=\"https:\/\/mvebio.com\/wp-content\/uploads\/sites\/4\/2023\/12\/HEco_1800_MVE-TS_6-4x6-1-1.jpg\" \/>\n\t<meta property=\"og:image:width\" content=\"1200\" \/>\n\t<meta property=\"og:image:height\" content=\"563\" \/>\n\t<meta property=\"og:image:type\" content=\"image\/jpeg\" \/>\n<meta name=\"twitter:card\" content=\"summary_large_image\" \/>\n<meta name=\"twitter:site\" content=\"@MveBioSolutions\" \/>\n<script type=\"application\/ld+json\" class=\"yoast-schema-graph\">{\"@context\":\"https:\/\/schema.org\",\"@graph\":[{\"@type\":\"WebPage\",\"@id\":\"https:\/\/mvebio.com\/fr\/nos-produits\/sciences-de-la-vie-congelateurs\/serie-mve-heco\/\",\"url\":\"https:\/\/mvebio.com\/fr\/nos-produits\/sciences-de-la-vie-congelateurs\/serie-mve-heco\/\",\"name\":\"S\u00e9rie MVE HEco\u2122 - MVE Biological Solutions\",\"isPartOf\":{\"@id\":\"https:\/\/mvebio.com\/fr\/#website\"},\"primaryImageOfPage\":{\"@id\":\"https:\/\/mvebio.com\/fr\/nos-produits\/sciences-de-la-vie-congelateurs\/serie-mve-heco\/#primaryimage\"},\"image\":{\"@id\":\"https:\/\/mvebio.com\/fr\/nos-produits\/sciences-de-la-vie-congelateurs\/serie-mve-heco\/#primaryimage\"},\"thumbnailUrl\":\"https:\/\/mvebio.com\/wp-content\/uploads\/sites\/4\/2023\/12\/HEco_1800_MVE-TS_6-4x6-1-1.jpg\",\"datePublished\":\"2023-03-30T09:47:09+00:00\",\"dateModified\":\"2026-02-18T16:17:25+00:00\",\"description\":\"Lorsque votre biorepositoire, votre ferme de cong\u00e9lation ou votre biobanque a besoin d'un stockage cryog\u00e9nique efficace et fiable, vous avez besoin de la s\u00e9rie MVE HEco\u2122. Avec leur tuyauterie LN2 rationalis\u00e9e et leur tuyau de transfert sous vide, les s\u00e9ries de cryocong\u00e9lateurs MVE HEco\u2122 800, 1500 et 1800 sont les cong\u00e9lateurs \u00e0 vapeur les plus efficaces du march\u00e9. Tout est dans le nom : High-Efficiency Eco Friendly (ou HEco\u2122 en abr\u00e9g\u00e9).\",\"breadcrumb\":{\"@id\":\"https:\/\/mvebio.com\/fr\/nos-produits\/sciences-de-la-vie-congelateurs\/serie-mve-heco\/#breadcrumb\"},\"inLanguage\":\"fr-FR\",\"potentialAction\":[{\"@type\":\"ReadAction\",\"target\":[\"https:\/\/mvebio.com\/fr\/nos-produits\/sciences-de-la-vie-congelateurs\/serie-mve-heco\/\"]}]},{\"@type\":\"ImageObject\",\"inLanguage\":\"fr-FR\",\"@id\":\"https:\/\/mvebio.com\/fr\/nos-produits\/sciences-de-la-vie-congelateurs\/serie-mve-heco\/#primaryimage\",\"url\":\"https:\/\/mvebio.com\/wp-content\/uploads\/sites\/4\/2023\/12\/HEco_1800_MVE-TS_6-4x6-1-1.jpg\",\"contentUrl\":\"https:\/\/mvebio.com\/wp-content\/uploads\/sites\/4\/2023\/12\/HEco_1800_MVE-TS_6-4x6-1-1.jpg\",\"width\":1200,\"height\":563,\"caption\":\"HEco 1800\"},{\"@type\":\"BreadcrumbList\",\"@id\":\"https:\/\/mvebio.com\/fr\/nos-produits\/sciences-de-la-vie-congelateurs\/serie-mve-heco\/#breadcrumb\",\"itemListElement\":[{\"@type\":\"ListItem\",\"position\":1,\"name\":\"Accueil\",\"item\":\"https:\/\/mvebio.com\/fr\/homepage\/\"},{\"@type\":\"ListItem\",\"position\":2,\"name\":\"Nos produits\",\"item\":\"https:\/\/mvebio.com\/fr\/nos-produits\/\"},{\"@type\":\"ListItem\",\"position\":3,\"name\":\"Sciences de la vie (cong\u00e9lateurs)\",\"item\":\"https:\/\/mvebio.com\/fr\/nos-produits\/sciences-de-la-vie-congelateurs\/\"},{\"@type\":\"ListItem\",\"position\":4,\"name\":\"S\u00e9rie MVE HEco\u2122\"}]},{\"@type\":\"WebSite\",\"@id\":\"https:\/\/mvebio.com\/fr\/#website\",\"url\":\"https:\/\/mvebio.com\/fr\/\",\"name\":\"MVE Biological Solutions\",\"description\":\"Cryogenic freezers and dewars\",\"publisher\":{\"@id\":\"https:\/\/mvebio.com\/fr\/#organization\"},\"alternateName\":\"MVE Bio\",\"potentialAction\":[{\"@type\":\"SearchAction\",\"target\":{\"@type\":\"EntryPoint\",\"urlTemplate\":\"https:\/\/mvebio.com\/fr\/?s={search_term_string}\"},\"query-input\":{\"@type\":\"PropertyValueSpecification\",\"valueRequired\":true,\"valueName\":\"search_term_string\"}}],\"inLanguage\":\"fr-FR\"},{\"@type\":\"Organization\",\"@id\":\"https:\/\/mvebio.com\/fr\/#organization\",\"name\":\"MVE Biological Solutions\",\"alternateName\":\"MVE Bio\",\"url\":\"https:\/\/mvebio.com\/fr\/\",\"logo\":{\"@type\":\"ImageObject\",\"inLanguage\":\"fr-FR\",\"@id\":\"https:\/\/mvebio.com\/fr\/#\/schema\/logo\/image\/\",\"url\":\"https:\/\/mvebio.com\/wp-content\/uploads\/sites\/4\/2023\/12\/mve-square.png\",\"contentUrl\":\"https:\/\/mvebio.com\/wp-content\/uploads\/sites\/4\/2023\/12\/mve-square.png\",\"width\":1200,\"height\":1200,\"caption\":\"MVE Biological Solutions\"},\"image\":{\"@id\":\"https:\/\/mvebio.com\/fr\/#\/schema\/logo\/image\/\"},\"sameAs\":[\"https:\/\/x.com\/MveBioSolutions\",\"https:\/\/www.linkedin.com\/company\/mvebio\/\"]}]}<\/script>\n<!-- \/ Yoast SEO plugin. -->","yoast_head_json":{"title":"S\u00e9rie MVE HEco\u2122 - MVE Biological Solutions","description":"Lorsque votre biorepositoire, votre ferme de cong\u00e9lation ou votre biobanque a besoin d'un stockage cryog\u00e9nique efficace et fiable, vous avez besoin de la s\u00e9rie MVE HEco\u2122. Avec leur tuyauterie LN2 rationalis\u00e9e et leur tuyau de transfert sous vide, les s\u00e9ries de cryocong\u00e9lateurs MVE HEco\u2122 800, 1500 et 1800 sont les cong\u00e9lateurs \u00e0 vapeur les plus efficaces du march\u00e9. Tout est dans le nom : High-Efficiency Eco Friendly (ou HEco\u2122 en abr\u00e9g\u00e9).","robots":{"index":"index","follow":"follow","max-snippet":"max-snippet:-1","max-image-preview":"max-image-preview:large","max-video-preview":"max-video-preview:-1"},"canonical":"https:\/\/mvebio.com\/fr\/nos-produits\/sciences-de-la-vie-congelateurs\/serie-mve-heco\/","og_locale":"fr_FR","og_type":"article","og_title":"S\u00e9rie MVE HEco\u2122 - MVE Biological Solutions","og_description":"Lorsque votre biorepositoire, votre ferme de cong\u00e9lation ou votre biobanque a besoin d'un stockage cryog\u00e9nique efficace et fiable, vous avez besoin de la s\u00e9rie MVE HEco\u2122. Avec leur tuyauterie LN2 rationalis\u00e9e et leur tuyau de transfert sous vide, les s\u00e9ries de cryocong\u00e9lateurs MVE HEco\u2122 800, 1500 et 1800 sont les cong\u00e9lateurs \u00e0 vapeur les plus efficaces du march\u00e9. Tout est dans le nom : High-Efficiency Eco Friendly (ou HEco\u2122 en abr\u00e9g\u00e9).","og_url":"https:\/\/mvebio.com\/fr\/nos-produits\/sciences-de-la-vie-congelateurs\/serie-mve-heco\/","og_site_name":"MVE Biological Solutions","article_modified_time":"2026-02-18T16:17:25+00:00","og_image":[{"width":1200,"height":563,"url":"https:\/\/mvebio.com\/wp-content\/uploads\/sites\/4\/2023\/12\/HEco_1800_MVE-TS_6-4x6-1-1.jpg","type":"image\/jpeg"}],"twitter_card":"summary_large_image","twitter_site":"@MveBioSolutions","schema":{"@context":"https:\/\/schema.org","@graph":[{"@type":"WebPage","@id":"https:\/\/mvebio.com\/fr\/nos-produits\/sciences-de-la-vie-congelateurs\/serie-mve-heco\/","url":"https:\/\/mvebio.com\/fr\/nos-produits\/sciences-de-la-vie-congelateurs\/serie-mve-heco\/","name":"S\u00e9rie MVE HEco\u2122 - MVE Biological Solutions","isPartOf":{"@id":"https:\/\/mvebio.com\/fr\/#website"},"primaryImageOfPage":{"@id":"https:\/\/mvebio.com\/fr\/nos-produits\/sciences-de-la-vie-congelateurs\/serie-mve-heco\/#primaryimage"},"image":{"@id":"https:\/\/mvebio.com\/fr\/nos-produits\/sciences-de-la-vie-congelateurs\/serie-mve-heco\/#primaryimage"},"thumbnailUrl":"https:\/\/mvebio.com\/wp-content\/uploads\/sites\/4\/2023\/12\/HEco_1800_MVE-TS_6-4x6-1-1.jpg","datePublished":"2023-03-30T09:47:09+00:00","dateModified":"2026-02-18T16:17:25+00:00","description":"Lorsque votre biorepositoire, votre ferme de cong\u00e9lation ou votre biobanque a besoin d'un stockage cryog\u00e9nique efficace et fiable, vous avez besoin de la s\u00e9rie MVE HEco\u2122. Avec leur tuyauterie LN2 rationalis\u00e9e et leur tuyau de transfert sous vide, les s\u00e9ries de cryocong\u00e9lateurs MVE HEco\u2122 800, 1500 et 1800 sont les cong\u00e9lateurs \u00e0 vapeur les plus efficaces du march\u00e9. Tout est dans le nom : High-Efficiency Eco Friendly (ou HEco\u2122 en abr\u00e9g\u00e9).","breadcrumb":{"@id":"https:\/\/mvebio.com\/fr\/nos-produits\/sciences-de-la-vie-congelateurs\/serie-mve-heco\/#breadcrumb"},"inLanguage":"fr-FR","potentialAction":[{"@type":"ReadAction","target":["https:\/\/mvebio.com\/fr\/nos-produits\/sciences-de-la-vie-congelateurs\/serie-mve-heco\/"]}]},{"@type":"ImageObject","inLanguage":"fr-FR","@id":"https:\/\/mvebio.com\/fr\/nos-produits\/sciences-de-la-vie-congelateurs\/serie-mve-heco\/#primaryimage","url":"https:\/\/mvebio.com\/wp-content\/uploads\/sites\/4\/2023\/12\/HEco_1800_MVE-TS_6-4x6-1-1.jpg","contentUrl":"https:\/\/mvebio.com\/wp-content\/uploads\/sites\/4\/2023\/12\/HEco_1800_MVE-TS_6-4x6-1-1.jpg","width":1200,"height":563,"caption":"HEco 1800"},{"@type":"BreadcrumbList","@id":"https:\/\/mvebio.com\/fr\/nos-produits\/sciences-de-la-vie-congelateurs\/serie-mve-heco\/#breadcrumb","itemListElement":[{"@type":"ListItem","position":1,"name":"Accueil","item":"https:\/\/mvebio.com\/fr\/homepage\/"},{"@type":"ListItem","position":2,"name":"Nos produits","item":"https:\/\/mvebio.com\/fr\/nos-produits\/"},{"@type":"ListItem","position":3,"name":"Sciences de la vie (cong\u00e9lateurs)","item":"https:\/\/mvebio.com\/fr\/nos-produits\/sciences-de-la-vie-congelateurs\/"},{"@type":"ListItem","position":4,"name":"S\u00e9rie MVE HEco\u2122"}]},{"@type":"WebSite","@id":"https:\/\/mvebio.com\/fr\/#website","url":"https:\/\/mvebio.com\/fr\/","name":"MVE Biological Solutions","description":"Cryogenic freezers and dewars","publisher":{"@id":"https:\/\/mvebio.com\/fr\/#organization"},"alternateName":"MVE Bio","potentialAction":[{"@type":"SearchAction","target":{"@type":"EntryPoint","urlTemplate":"https:\/\/mvebio.com\/fr\/?s={search_term_string}"},"query-input":{"@type":"PropertyValueSpecification","valueRequired":true,"valueName":"search_term_string"}}],"inLanguage":"fr-FR"},{"@type":"Organization","@id":"https:\/\/mvebio.com\/fr\/#organization","name":"MVE Biological Solutions","alternateName":"MVE Bio","url":"https:\/\/mvebio.com\/fr\/","logo":{"@type":"ImageObject","inLanguage":"fr-FR","@id":"https:\/\/mvebio.com\/fr\/#\/schema\/logo\/image\/","url":"https:\/\/mvebio.com\/wp-content\/uploads\/sites\/4\/2023\/12\/mve-square.png","contentUrl":"https:\/\/mvebio.com\/wp-content\/uploads\/sites\/4\/2023\/12\/mve-square.png","width":1200,"height":1200,"caption":"MVE Biological Solutions"},"image":{"@id":"https:\/\/mvebio.com\/fr\/#\/schema\/logo\/image\/"},"sameAs":["https:\/\/x.com\/MveBioSolutions","https:\/\/www.linkedin.com\/company\/mvebio\/"]}]}},"_links":{"self":[{"href":"https:\/\/mvebio.com\/fr\/wp-json\/wp\/v2\/pages\/11830","targetHints":{"allow":["GET"]}}],"collection":[{"href":"https:\/\/mvebio.com\/fr\/wp-json\/wp\/v2\/pages"}],"about":[{"href":"https:\/\/mvebio.com\/fr\/wp-json\/wp\/v2\/types\/page"}],"author":[{"embeddable":true,"href":"https:\/\/mvebio.com\/fr\/wp-json\/wp\/v2\/users\/1"}],"replies":[{"embeddable":true,"href":"https:\/\/mvebio.com\/fr\/wp-json\/wp\/v2\/comments?post=11830"}],"version-history":[{"count":1,"href":"https:\/\/mvebio.com\/fr\/wp-json\/wp\/v2\/pages\/11830\/revisions"}],"predecessor-version":[{"id":14609,"href":"https:\/\/mvebio.com\/fr\/wp-json\/wp\/v2\/pages\/11830\/revisions\/14609"}],"up":[{"embeddable":true,"href":"https:\/\/mvebio.com\/fr\/wp-json\/wp\/v2\/pages\/11804"}],"wp:featuredmedia":[{"embeddable":true,"href":"https:\/\/mvebio.com\/fr\/wp-json\/wp\/v2\/media\/10495"}],"wp:attachment":[{"href":"https:\/\/mvebio.com\/fr\/wp-json\/wp\/v2\/media?parent=11830"}],"curies":[{"name":"wp","href":"https:\/\/api.w.org\/{rel}","templated":true}]}}