{"id":11826,"date":"2022-09-28T12:11:35","date_gmt":"2022-09-28T11:11:35","guid":{"rendered":"https:\/\/mvebio.com\/serie-mve-sc-xc-2\/"},"modified":"2026-02-18T11:18:11","modified_gmt":"2026-02-18T16:18:11","slug":"serie-mve-sc-xc-2","status":"publish","type":"page","link":"https:\/\/mvebio.com\/fr\/nos-produits\/eleveurs-aluminium\/serie-mve-sc-xc-2\/","title":{"rendered":"S\u00e9rie MVE SC &amp; XC"},"content":{"rendered":"","protected":false},"excerpt":{"rendered":"<p>Stockage d&rsquo;\u00e9chantillons l\u00e9gers pour les \u00e9leveurs<\/p>\n","protected":false},"author":1,"featured_media":10612,"parent":11841,"menu_order":0,"comment_status":"closed","ping_status":"closed","template":"","meta":{"_acf_changed":false,"footnotes":""},"class_list":["post-11826","page","type-page","status-publish","has-post-thumbnail","hentry"],"acf":[],"yoast_head":"<!-- This site is optimized with the Yoast SEO plugin v27.2 - https:\/\/yoast.com\/product\/yoast-seo-wordpress\/ -->\n<title>Dewars cryog\u00e9niques pour \u00e9leveurs | S\u00e9rie MVE SC &amp; XC<\/title>\n<meta name=\"description\" content=\"Les s\u00e9ries MVE SC et XC sont des syst\u00e8mes de stockage d&#039;\u00e9chantillons l\u00e9gers pour les \u00e9leveurs. Vous cherchez un dewar pour le stockage \u00e0 long terme de sperme, d&#039;embryons ou d&#039;ovules ? Vous avez besoin d&#039;un r\u00e9servoir portable et l\u00e9ger capable de stocker un grand nombre de pailles ? Si c&#039;est le cas, les s\u00e9ries dewars en aluminium de capacit\u00e9 standard (SC) et de capacit\u00e9 suppl\u00e9mentaire (XC) pourraient \u00eatre exactement ce qu&#039;il vous faut.\" \/>\n<meta name=\"robots\" content=\"index, follow, max-snippet:-1, max-image-preview:large, max-video-preview:-1\" \/>\n<link rel=\"canonical\" href=\"https:\/\/mvebio.com\/fr\/nos-produits\/eleveurs-aluminium\/serie-mve-sc-xc-2\/\" \/>\n<meta property=\"og:locale\" content=\"fr_FR\" \/>\n<meta property=\"og:type\" content=\"article\" \/>\n<meta property=\"og:title\" content=\"Dewars cryog\u00e9niques pour \u00e9leveurs | S\u00e9rie MVE SC &amp; XC\" \/>\n<meta property=\"og:description\" content=\"Les s\u00e9ries MVE SC et XC sont des syst\u00e8mes de stockage d&#039;\u00e9chantillons l\u00e9gers pour les \u00e9leveurs. Vous cherchez un dewar pour le stockage \u00e0 long terme de sperme, d&#039;embryons ou d&#039;ovules ? Vous avez besoin d&#039;un r\u00e9servoir portable et l\u00e9ger capable de stocker un grand nombre de pailles ? Si c&#039;est le cas, les s\u00e9ries dewars en aluminium de capacit\u00e9 standard (SC) et de capacit\u00e9 suppl\u00e9mentaire (XC) pourraient \u00eatre exactement ce qu&#039;il vous faut.\" \/>\n<meta property=\"og:url\" content=\"https:\/\/mvebio.com\/fr\/nos-produits\/eleveurs-aluminium\/serie-mve-sc-xc-2\/\" \/>\n<meta property=\"og:site_name\" content=\"MVE Biological Solutions\" \/>\n<meta property=\"article:modified_time\" content=\"2026-02-18T16:18:11+00:00\" \/>\n<meta property=\"og:image\" content=\"https:\/\/mvebio.com\/wp-content\/uploads\/sites\/4\/2023\/12\/XC-Series-2.jpg\" \/>\n\t<meta property=\"og:image:width\" content=\"1200\" \/>\n\t<meta property=\"og:image:height\" content=\"562\" \/>\n\t<meta property=\"og:image:type\" content=\"image\/jpeg\" \/>\n<meta name=\"twitter:card\" content=\"summary_large_image\" \/>\n<meta name=\"twitter:site\" content=\"@MveBioSolutions\" \/>\n<script type=\"application\/ld+json\" class=\"yoast-schema-graph\">{\"@context\":\"https:\/\/schema.org\",\"@graph\":[{\"@type\":\"WebPage\",\"@id\":\"https:\/\/mvebio.com\/fr\/nos-produits\/eleveurs-aluminium\/serie-mve-sc-xc-2\/\",\"url\":\"https:\/\/mvebio.com\/fr\/nos-produits\/eleveurs-aluminium\/serie-mve-sc-xc-2\/\",\"name\":\"Dewars cryog\u00e9niques pour \u00e9leveurs | S\u00e9rie MVE SC & XC\",\"isPartOf\":{\"@id\":\"https:\/\/mvebio.com\/fr\/#website\"},\"primaryImageOfPage\":{\"@id\":\"https:\/\/mvebio.com\/fr\/nos-produits\/eleveurs-aluminium\/serie-mve-sc-xc-2\/#primaryimage\"},\"image\":{\"@id\":\"https:\/\/mvebio.com\/fr\/nos-produits\/eleveurs-aluminium\/serie-mve-sc-xc-2\/#primaryimage\"},\"thumbnailUrl\":\"https:\/\/mvebio.com\/wp-content\/uploads\/sites\/4\/2023\/12\/XC-Series-2.jpg\",\"datePublished\":\"2022-09-28T11:11:35+00:00\",\"dateModified\":\"2026-02-18T16:18:11+00:00\",\"description\":\"Les s\u00e9ries MVE SC et XC sont des syst\u00e8mes de stockage d'\u00e9chantillons l\u00e9gers pour les \u00e9leveurs. Vous cherchez un dewar pour le stockage \u00e0 long terme de sperme, d'embryons ou d'ovules ? Vous avez besoin d'un r\u00e9servoir portable et l\u00e9ger capable de stocker un grand nombre de pailles ? Si c'est le cas, les s\u00e9ries dewars en aluminium de capacit\u00e9 standard (SC) et de capacit\u00e9 suppl\u00e9mentaire (XC) pourraient \u00eatre exactement ce qu'il vous faut.\",\"breadcrumb\":{\"@id\":\"https:\/\/mvebio.com\/fr\/nos-produits\/eleveurs-aluminium\/serie-mve-sc-xc-2\/#breadcrumb\"},\"inLanguage\":\"fr-FR\",\"potentialAction\":[{\"@type\":\"ReadAction\",\"target\":[\"https:\/\/mvebio.com\/fr\/nos-produits\/eleveurs-aluminium\/serie-mve-sc-xc-2\/\"]}]},{\"@type\":\"ImageObject\",\"inLanguage\":\"fr-FR\",\"@id\":\"https:\/\/mvebio.com\/fr\/nos-produits\/eleveurs-aluminium\/serie-mve-sc-xc-2\/#primaryimage\",\"url\":\"https:\/\/mvebio.com\/wp-content\/uploads\/sites\/4\/2023\/12\/XC-Series-2.jpg\",\"contentUrl\":\"https:\/\/mvebio.com\/wp-content\/uploads\/sites\/4\/2023\/12\/XC-Series-2.jpg\",\"width\":1200,\"height\":562,\"caption\":\"S\u00e9rie XC\"},{\"@type\":\"BreadcrumbList\",\"@id\":\"https:\/\/mvebio.com\/fr\/nos-produits\/eleveurs-aluminium\/serie-mve-sc-xc-2\/#breadcrumb\",\"itemListElement\":[{\"@type\":\"ListItem\",\"position\":1,\"name\":\"Accueil\",\"item\":\"https:\/\/mvebio.com\/fr\/homepage\/\"},{\"@type\":\"ListItem\",\"position\":2,\"name\":\"Nos produits\",\"item\":\"https:\/\/mvebio.com\/fr\/nos-produits\/\"},{\"@type\":\"ListItem\",\"position\":3,\"name\":\"\u00c9leveurs (aluminium)\",\"item\":\"https:\/\/mvebio.com\/fr\/nos-produits\/eleveurs-aluminium\/\"},{\"@type\":\"ListItem\",\"position\":4,\"name\":\"S\u00e9rie MVE SC &amp; XC\"}]},{\"@type\":\"WebSite\",\"@id\":\"https:\/\/mvebio.com\/fr\/#website\",\"url\":\"https:\/\/mvebio.com\/fr\/\",\"name\":\"MVE Biological Solutions\",\"description\":\"Cryogenic freezers and dewars\",\"publisher\":{\"@id\":\"https:\/\/mvebio.com\/fr\/#organization\"},\"alternateName\":\"MVE Bio\",\"potentialAction\":[{\"@type\":\"SearchAction\",\"target\":{\"@type\":\"EntryPoint\",\"urlTemplate\":\"https:\/\/mvebio.com\/fr\/?s={search_term_string}\"},\"query-input\":{\"@type\":\"PropertyValueSpecification\",\"valueRequired\":true,\"valueName\":\"search_term_string\"}}],\"inLanguage\":\"fr-FR\"},{\"@type\":\"Organization\",\"@id\":\"https:\/\/mvebio.com\/fr\/#organization\",\"name\":\"MVE Biological Solutions\",\"alternateName\":\"MVE Bio\",\"url\":\"https:\/\/mvebio.com\/fr\/\",\"logo\":{\"@type\":\"ImageObject\",\"inLanguage\":\"fr-FR\",\"@id\":\"https:\/\/mvebio.com\/fr\/#\/schema\/logo\/image\/\",\"url\":\"https:\/\/mvebio.com\/wp-content\/uploads\/sites\/4\/2023\/12\/mve-square.png\",\"contentUrl\":\"https:\/\/mvebio.com\/wp-content\/uploads\/sites\/4\/2023\/12\/mve-square.png\",\"width\":1200,\"height\":1200,\"caption\":\"MVE Biological Solutions\"},\"image\":{\"@id\":\"https:\/\/mvebio.com\/fr\/#\/schema\/logo\/image\/\"},\"sameAs\":[\"https:\/\/x.com\/MveBioSolutions\",\"https:\/\/www.linkedin.com\/company\/mvebio\/\"]}]}<\/script>\n<!-- \/ Yoast SEO plugin. -->","yoast_head_json":{"title":"Dewars cryog\u00e9niques pour \u00e9leveurs | S\u00e9rie MVE SC & XC","description":"Les s\u00e9ries MVE SC et XC sont des syst\u00e8mes de stockage d'\u00e9chantillons l\u00e9gers pour les \u00e9leveurs. Vous cherchez un dewar pour le stockage \u00e0 long terme de sperme, d'embryons ou d'ovules ? Vous avez besoin d'un r\u00e9servoir portable et l\u00e9ger capable de stocker un grand nombre de pailles ? Si c'est le cas, les s\u00e9ries dewars en aluminium de capacit\u00e9 standard (SC) et de capacit\u00e9 suppl\u00e9mentaire (XC) pourraient \u00eatre exactement ce qu'il vous faut.","robots":{"index":"index","follow":"follow","max-snippet":"max-snippet:-1","max-image-preview":"max-image-preview:large","max-video-preview":"max-video-preview:-1"},"canonical":"https:\/\/mvebio.com\/fr\/nos-produits\/eleveurs-aluminium\/serie-mve-sc-xc-2\/","og_locale":"fr_FR","og_type":"article","og_title":"Dewars cryog\u00e9niques pour \u00e9leveurs | S\u00e9rie MVE SC & XC","og_description":"Les s\u00e9ries MVE SC et XC sont des syst\u00e8mes de stockage d'\u00e9chantillons l\u00e9gers pour les \u00e9leveurs. Vous cherchez un dewar pour le stockage \u00e0 long terme de sperme, d'embryons ou d'ovules ? Vous avez besoin d'un r\u00e9servoir portable et l\u00e9ger capable de stocker un grand nombre de pailles ? Si c'est le cas, les s\u00e9ries dewars en aluminium de capacit\u00e9 standard (SC) et de capacit\u00e9 suppl\u00e9mentaire (XC) pourraient \u00eatre exactement ce qu'il vous faut.","og_url":"https:\/\/mvebio.com\/fr\/nos-produits\/eleveurs-aluminium\/serie-mve-sc-xc-2\/","og_site_name":"MVE Biological Solutions","article_modified_time":"2026-02-18T16:18:11+00:00","og_image":[{"width":1200,"height":562,"url":"https:\/\/mvebio.com\/wp-content\/uploads\/sites\/4\/2023\/12\/XC-Series-2.jpg","type":"image\/jpeg"}],"twitter_card":"summary_large_image","twitter_site":"@MveBioSolutions","schema":{"@context":"https:\/\/schema.org","@graph":[{"@type":"WebPage","@id":"https:\/\/mvebio.com\/fr\/nos-produits\/eleveurs-aluminium\/serie-mve-sc-xc-2\/","url":"https:\/\/mvebio.com\/fr\/nos-produits\/eleveurs-aluminium\/serie-mve-sc-xc-2\/","name":"Dewars cryog\u00e9niques pour \u00e9leveurs | S\u00e9rie MVE SC & XC","isPartOf":{"@id":"https:\/\/mvebio.com\/fr\/#website"},"primaryImageOfPage":{"@id":"https:\/\/mvebio.com\/fr\/nos-produits\/eleveurs-aluminium\/serie-mve-sc-xc-2\/#primaryimage"},"image":{"@id":"https:\/\/mvebio.com\/fr\/nos-produits\/eleveurs-aluminium\/serie-mve-sc-xc-2\/#primaryimage"},"thumbnailUrl":"https:\/\/mvebio.com\/wp-content\/uploads\/sites\/4\/2023\/12\/XC-Series-2.jpg","datePublished":"2022-09-28T11:11:35+00:00","dateModified":"2026-02-18T16:18:11+00:00","description":"Les s\u00e9ries MVE SC et XC sont des syst\u00e8mes de stockage d'\u00e9chantillons l\u00e9gers pour les \u00e9leveurs. Vous cherchez un dewar pour le stockage \u00e0 long terme de sperme, d'embryons ou d'ovules ? Vous avez besoin d'un r\u00e9servoir portable et l\u00e9ger capable de stocker un grand nombre de pailles ? Si c'est le cas, les s\u00e9ries dewars en aluminium de capacit\u00e9 standard (SC) et de capacit\u00e9 suppl\u00e9mentaire (XC) pourraient \u00eatre exactement ce qu'il vous faut.","breadcrumb":{"@id":"https:\/\/mvebio.com\/fr\/nos-produits\/eleveurs-aluminium\/serie-mve-sc-xc-2\/#breadcrumb"},"inLanguage":"fr-FR","potentialAction":[{"@type":"ReadAction","target":["https:\/\/mvebio.com\/fr\/nos-produits\/eleveurs-aluminium\/serie-mve-sc-xc-2\/"]}]},{"@type":"ImageObject","inLanguage":"fr-FR","@id":"https:\/\/mvebio.com\/fr\/nos-produits\/eleveurs-aluminium\/serie-mve-sc-xc-2\/#primaryimage","url":"https:\/\/mvebio.com\/wp-content\/uploads\/sites\/4\/2023\/12\/XC-Series-2.jpg","contentUrl":"https:\/\/mvebio.com\/wp-content\/uploads\/sites\/4\/2023\/12\/XC-Series-2.jpg","width":1200,"height":562,"caption":"S\u00e9rie XC"},{"@type":"BreadcrumbList","@id":"https:\/\/mvebio.com\/fr\/nos-produits\/eleveurs-aluminium\/serie-mve-sc-xc-2\/#breadcrumb","itemListElement":[{"@type":"ListItem","position":1,"name":"Accueil","item":"https:\/\/mvebio.com\/fr\/homepage\/"},{"@type":"ListItem","position":2,"name":"Nos produits","item":"https:\/\/mvebio.com\/fr\/nos-produits\/"},{"@type":"ListItem","position":3,"name":"\u00c9leveurs (aluminium)","item":"https:\/\/mvebio.com\/fr\/nos-produits\/eleveurs-aluminium\/"},{"@type":"ListItem","position":4,"name":"S\u00e9rie MVE SC &amp; XC"}]},{"@type":"WebSite","@id":"https:\/\/mvebio.com\/fr\/#website","url":"https:\/\/mvebio.com\/fr\/","name":"MVE Biological Solutions","description":"Cryogenic freezers and dewars","publisher":{"@id":"https:\/\/mvebio.com\/fr\/#organization"},"alternateName":"MVE Bio","potentialAction":[{"@type":"SearchAction","target":{"@type":"EntryPoint","urlTemplate":"https:\/\/mvebio.com\/fr\/?s={search_term_string}"},"query-input":{"@type":"PropertyValueSpecification","valueRequired":true,"valueName":"search_term_string"}}],"inLanguage":"fr-FR"},{"@type":"Organization","@id":"https:\/\/mvebio.com\/fr\/#organization","name":"MVE Biological Solutions","alternateName":"MVE Bio","url":"https:\/\/mvebio.com\/fr\/","logo":{"@type":"ImageObject","inLanguage":"fr-FR","@id":"https:\/\/mvebio.com\/fr\/#\/schema\/logo\/image\/","url":"https:\/\/mvebio.com\/wp-content\/uploads\/sites\/4\/2023\/12\/mve-square.png","contentUrl":"https:\/\/mvebio.com\/wp-content\/uploads\/sites\/4\/2023\/12\/mve-square.png","width":1200,"height":1200,"caption":"MVE Biological Solutions"},"image":{"@id":"https:\/\/mvebio.com\/fr\/#\/schema\/logo\/image\/"},"sameAs":["https:\/\/x.com\/MveBioSolutions","https:\/\/www.linkedin.com\/company\/mvebio\/"]}]}},"_links":{"self":[{"href":"https:\/\/mvebio.com\/fr\/wp-json\/wp\/v2\/pages\/11826","targetHints":{"allow":["GET"]}}],"collection":[{"href":"https:\/\/mvebio.com\/fr\/wp-json\/wp\/v2\/pages"}],"about":[{"href":"https:\/\/mvebio.com\/fr\/wp-json\/wp\/v2\/types\/page"}],"author":[{"embeddable":true,"href":"https:\/\/mvebio.com\/fr\/wp-json\/wp\/v2\/users\/1"}],"replies":[{"embeddable":true,"href":"https:\/\/mvebio.com\/fr\/wp-json\/wp\/v2\/comments?post=11826"}],"version-history":[{"count":1,"href":"https:\/\/mvebio.com\/fr\/wp-json\/wp\/v2\/pages\/11826\/revisions"}],"predecessor-version":[{"id":11843,"href":"https:\/\/mvebio.com\/fr\/wp-json\/wp\/v2\/pages\/11826\/revisions\/11843"}],"up":[{"embeddable":true,"href":"https:\/\/mvebio.com\/fr\/wp-json\/wp\/v2\/pages\/11841"}],"wp:featuredmedia":[{"embeddable":true,"href":"https:\/\/mvebio.com\/fr\/wp-json\/wp\/v2\/media\/10612"}],"wp:attachment":[{"href":"https:\/\/mvebio.com\/fr\/wp-json\/wp\/v2\/media?parent=11826"}],"curies":[{"name":"wp","href":"https:\/\/api.w.org\/{rel}","templated":true}]}}