{"id":11825,"date":"2022-09-28T12:58:19","date_gmt":"2022-09-28T16:58:19","guid":{"rendered":"https:\/\/mvebio.com\/soutien-aux-distributeurs\/"},"modified":"2026-02-18T11:17:54","modified_gmt":"2026-02-18T16:17:54","slug":"soutien-aux-distributeurs","status":"publish","type":"page","link":"https:\/\/mvebio.com\/fr\/ressources\/soutien-aux-distributeurs\/","title":{"rendered":"Soutien aux distributeurs"},"content":{"rendered":"","protected":true},"excerpt":{"rendered":"","protected":true},"author":1,"featured_media":3473,"parent":11842,"menu_order":0,"comment_status":"closed","ping_status":"closed","template":"","meta":{"_acf_changed":false,"footnotes":""},"class_list":["post-11825","page","type-page","status-publish","post-password-required","hentry"],"acf":[],"yoast_head":"<!-- This site is optimized with the Yoast SEO plugin v27.2 - https:\/\/yoast.com\/product\/yoast-seo-wordpress\/ -->\n<title>Soutien aux distributeurs - MVE Biological Solutions<\/title>\n<meta name=\"description\" content=\"Chez MVE Biological Solutions, nous donnons la priorit\u00e9 \u00e0 des partenariats solides, en vous apportant le soutien dont vous avez besoin pour r\u00e9ussir. Explorez la page d&#039;assistance aux distributeurs et d\u00e9couvrez un monde d&#039;opportunit\u00e9s dans le domaine de la technologie cryog\u00e9nique et des sciences de la vie.\" \/>\n<meta name=\"robots\" content=\"noindex, nofollow\" \/>\n<meta property=\"og:locale\" content=\"fr_FR\" \/>\n<meta property=\"og:type\" content=\"article\" \/>\n<meta property=\"og:title\" content=\"Soutien aux distributeurs - MVE Biological Solutions\" \/>\n<meta property=\"og:description\" content=\"Chez MVE Biological Solutions, nous donnons la priorit\u00e9 \u00e0 des partenariats solides, en vous apportant le soutien dont vous avez besoin pour r\u00e9ussir. Explorez la page d&#039;assistance aux distributeurs et d\u00e9couvrez un monde d&#039;opportunit\u00e9s dans le domaine de la technologie cryog\u00e9nique et des sciences de la vie.\" \/>\n<meta property=\"og:url\" content=\"https:\/\/mvebio.com\/fr\/ressources\/soutien-aux-distributeurs\/\" \/>\n<meta property=\"og:site_name\" content=\"MVE Biological Solutions\" \/>\n<meta property=\"article:modified_time\" content=\"2026-02-18T16:17:54+00:00\" \/>\n<meta name=\"twitter:card\" content=\"summary_large_image\" \/>\n<meta name=\"twitter:site\" content=\"@MveBioSolutions\" \/>\n<script type=\"application\/ld+json\" class=\"yoast-schema-graph\">{\"@context\":\"https:\/\/schema.org\",\"@graph\":[{\"@type\":\"WebPage\",\"@id\":\"https:\/\/mvebio.com\/fr\/ressources\/soutien-aux-distributeurs\/\",\"url\":\"https:\/\/mvebio.com\/fr\/ressources\/soutien-aux-distributeurs\/\",\"name\":\"Soutien aux distributeurs - MVE Biological Solutions\",\"isPartOf\":{\"@id\":\"https:\/\/mvebio.com\/fr\/#website\"},\"datePublished\":\"2022-09-28T16:58:19+00:00\",\"dateModified\":\"2026-02-18T16:17:54+00:00\",\"breadcrumb\":{\"@id\":\"https:\/\/mvebio.com\/fr\/ressources\/soutien-aux-distributeurs\/#breadcrumb\"},\"inLanguage\":\"fr-FR\"},{\"@type\":\"WebSite\",\"@id\":\"https:\/\/mvebio.com\/fr\/#website\",\"url\":\"https:\/\/mvebio.com\/fr\/\",\"name\":\"MVE Biological Solutions\",\"description\":\"Cryogenic freezers and dewars\",\"publisher\":{\"@id\":\"https:\/\/mvebio.com\/fr\/#organization\"},\"alternateName\":\"MVE Bio\",\"potentialAction\":[{\"@type\":\"SearchAction\",\"target\":{\"@type\":\"EntryPoint\",\"urlTemplate\":\"https:\/\/mvebio.com\/fr\/?s={search_term_string}\"},\"query-input\":{\"@type\":\"PropertyValueSpecification\",\"valueRequired\":true,\"valueName\":\"search_term_string\"}}],\"inLanguage\":\"fr-FR\"},{\"@type\":\"Organization\",\"@id\":\"https:\/\/mvebio.com\/fr\/#organization\",\"name\":\"MVE Biological Solutions\",\"alternateName\":\"MVE Bio\",\"url\":\"https:\/\/mvebio.com\/fr\/\",\"logo\":{\"@type\":\"ImageObject\",\"inLanguage\":\"fr-FR\",\"@id\":\"https:\/\/mvebio.com\/fr\/#\/schema\/logo\/image\/\",\"url\":\"https:\/\/mvebio.com\/wp-content\/uploads\/sites\/4\/2023\/12\/mve-square.png\",\"contentUrl\":\"https:\/\/mvebio.com\/wp-content\/uploads\/sites\/4\/2023\/12\/mve-square.png\",\"width\":1200,\"height\":1200,\"caption\":\"MVE Biological Solutions\"},\"image\":{\"@id\":\"https:\/\/mvebio.com\/fr\/#\/schema\/logo\/image\/\"},\"sameAs\":[\"https:\/\/x.com\/MveBioSolutions\",\"https:\/\/www.linkedin.com\/company\/mvebio\/\"]}]}<\/script>\n<!-- \/ Yoast SEO plugin. -->","yoast_head_json":{"title":"Soutien aux distributeurs - MVE Biological Solutions","description":"Chez MVE Biological Solutions, nous donnons la priorit\u00e9 \u00e0 des partenariats solides, en vous apportant le soutien dont vous avez besoin pour r\u00e9ussir. Explorez la page d'assistance aux distributeurs et d\u00e9couvrez un monde d'opportunit\u00e9s dans le domaine de la technologie cryog\u00e9nique et des sciences de la vie.","robots":{"index":"noindex","follow":"nofollow"},"og_locale":"fr_FR","og_type":"article","og_title":"Soutien aux distributeurs - MVE Biological Solutions","og_description":"Chez MVE Biological Solutions, nous donnons la priorit\u00e9 \u00e0 des partenariats solides, en vous apportant le soutien dont vous avez besoin pour r\u00e9ussir. Explorez la page d'assistance aux distributeurs et d\u00e9couvrez un monde d'opportunit\u00e9s dans le domaine de la technologie cryog\u00e9nique et des sciences de la vie.","og_url":"https:\/\/mvebio.com\/fr\/ressources\/soutien-aux-distributeurs\/","og_site_name":"MVE Biological Solutions","article_modified_time":"2026-02-18T16:17:54+00:00","twitter_card":"summary_large_image","twitter_site":"@MveBioSolutions","schema":{"@context":"https:\/\/schema.org","@graph":[{"@type":"WebPage","@id":"https:\/\/mvebio.com\/fr\/ressources\/soutien-aux-distributeurs\/","url":"https:\/\/mvebio.com\/fr\/ressources\/soutien-aux-distributeurs\/","name":"Soutien aux distributeurs - MVE Biological Solutions","isPartOf":{"@id":"https:\/\/mvebio.com\/fr\/#website"},"datePublished":"2022-09-28T16:58:19+00:00","dateModified":"2026-02-18T16:17:54+00:00","breadcrumb":{"@id":"https:\/\/mvebio.com\/fr\/ressources\/soutien-aux-distributeurs\/#breadcrumb"},"inLanguage":"fr-FR"},{"@type":"WebSite","@id":"https:\/\/mvebio.com\/fr\/#website","url":"https:\/\/mvebio.com\/fr\/","name":"MVE Biological Solutions","description":"Cryogenic freezers and dewars","publisher":{"@id":"https:\/\/mvebio.com\/fr\/#organization"},"alternateName":"MVE Bio","potentialAction":[{"@type":"SearchAction","target":{"@type":"EntryPoint","urlTemplate":"https:\/\/mvebio.com\/fr\/?s={search_term_string}"},"query-input":{"@type":"PropertyValueSpecification","valueRequired":true,"valueName":"search_term_string"}}],"inLanguage":"fr-FR"},{"@type":"Organization","@id":"https:\/\/mvebio.com\/fr\/#organization","name":"MVE Biological Solutions","alternateName":"MVE Bio","url":"https:\/\/mvebio.com\/fr\/","logo":{"@type":"ImageObject","inLanguage":"fr-FR","@id":"https:\/\/mvebio.com\/fr\/#\/schema\/logo\/image\/","url":"https:\/\/mvebio.com\/wp-content\/uploads\/sites\/4\/2023\/12\/mve-square.png","contentUrl":"https:\/\/mvebio.com\/wp-content\/uploads\/sites\/4\/2023\/12\/mve-square.png","width":1200,"height":1200,"caption":"MVE Biological Solutions"},"image":{"@id":"https:\/\/mvebio.com\/fr\/#\/schema\/logo\/image\/"},"sameAs":["https:\/\/x.com\/MveBioSolutions","https:\/\/www.linkedin.com\/company\/mvebio\/"]}]}},"_links":{"self":[{"href":"https:\/\/mvebio.com\/fr\/wp-json\/wp\/v2\/pages\/11825","targetHints":{"allow":["GET"]}}],"collection":[{"href":"https:\/\/mvebio.com\/fr\/wp-json\/wp\/v2\/pages"}],"about":[{"href":"https:\/\/mvebio.com\/fr\/wp-json\/wp\/v2\/types\/page"}],"author":[{"embeddable":true,"href":"https:\/\/mvebio.com\/fr\/wp-json\/wp\/v2\/users\/1"}],"replies":[{"embeddable":true,"href":"https:\/\/mvebio.com\/fr\/wp-json\/wp\/v2\/comments?post=11825"}],"version-history":[{"count":1,"href":"https:\/\/mvebio.com\/fr\/wp-json\/wp\/v2\/pages\/11825\/revisions"}],"predecessor-version":[{"id":11846,"href":"https:\/\/mvebio.com\/fr\/wp-json\/wp\/v2\/pages\/11825\/revisions\/11846"}],"up":[{"embeddable":true,"href":"https:\/\/mvebio.com\/fr\/wp-json\/wp\/v2\/pages\/11842"}],"wp:featuredmedia":[{"embeddable":true,"href":"https:\/\/mvebio.com\/fr\/wp-json\/wp\/v2\/media\/3473"}],"wp:attachment":[{"href":"https:\/\/mvebio.com\/fr\/wp-json\/wp\/v2\/media?parent=11825"}],"curies":[{"name":"wp","href":"https:\/\/api.w.org\/{rel}","templated":true}]}}