{"id":11824,"date":"2023-03-30T10:47:49","date_gmt":"2023-03-30T09:47:49","guid":{"rendered":"https:\/\/mvebio.com\/sciences-de-la-vie-congelateurs\/serie-mve-vario\/"},"modified":"2026-02-18T11:16:56","modified_gmt":"2026-02-18T16:16:56","slug":"serie-mve-vario","status":"publish","type":"page","link":"https:\/\/mvebio.com\/fr\/nos-produits\/sciences-de-la-vie-congelateurs\/serie-mve-vario\/","title":{"rendered":"S\u00e9rie MVE Vario"},"content":{"rendered":"","protected":false},"excerpt":{"rendered":"<p>Stockage cryog\u00e9nique \u00e0 tr\u00e8s basse temp\u00e9rature et \u00e0 tr\u00e8s faible co\u00fbt d&rsquo;exploitation<\/p>\n","protected":false},"author":1,"featured_media":10513,"parent":11804,"menu_order":0,"comment_status":"closed","ping_status":"closed","template":"","meta":{"_acf_changed":false,"footnotes":""},"class_list":["post-11824","page","type-page","status-publish","has-post-thumbnail","hentry"],"acf":[],"yoast_head":"<!-- This site is optimized with the Yoast SEO plugin v27.4 - https:\/\/yoast.com\/product\/yoast-seo-wordpress\/ -->\n<title>S\u00e9rie MVE Vario - MVE Biological Solutions<\/title>\n<meta name=\"description\" content=\"Si vous avez besoin d&#039;une solution de biobanque \u00e9conome en \u00e9nergie et offrant des temp\u00e9ratures ultra-basses, la s\u00e9rie MVE Vario pourrait vous convenir. Avec cette alternative innovante aux cong\u00e9lateurs m\u00e9caniques, vous gardez le contr\u00f4le. En effet, les mod\u00e8les MVE 1500 et 1800 Vario offrent des temp\u00e9ratures d\u00e9finies par l&#039;utilisateur entre -20\u00b0C et -150\u00b0C. Le kit de conversion disponible vous permet d&#039;utiliser le Vario comme un cong\u00e9lateur \u00e0 haute efficacit\u00e9 -190C.\" \/>\n<meta name=\"robots\" content=\"index, follow, max-snippet:-1, max-image-preview:large, max-video-preview:-1\" \/>\n<link rel=\"canonical\" href=\"https:\/\/mvebio.com\/fr\/nos-produits\/sciences-de-la-vie-congelateurs\/serie-mve-vario\/\" \/>\n<meta property=\"og:locale\" content=\"fr_FR\" \/>\n<meta property=\"og:type\" content=\"article\" \/>\n<meta property=\"og:title\" content=\"S\u00e9rie MVE Vario - MVE Biological Solutions\" \/>\n<meta property=\"og:description\" content=\"Si vous avez besoin d&#039;une solution de biobanque \u00e9conome en \u00e9nergie et offrant des temp\u00e9ratures ultra-basses, la s\u00e9rie MVE Vario pourrait vous convenir. Avec cette alternative innovante aux cong\u00e9lateurs m\u00e9caniques, vous gardez le contr\u00f4le. En effet, les mod\u00e8les MVE 1500 et 1800 Vario offrent des temp\u00e9ratures d\u00e9finies par l&#039;utilisateur entre -20\u00b0C et -150\u00b0C. Le kit de conversion disponible vous permet d&#039;utiliser le Vario comme un cong\u00e9lateur \u00e0 haute efficacit\u00e9 -190C.\" \/>\n<meta property=\"og:url\" content=\"https:\/\/mvebio.com\/fr\/nos-produits\/sciences-de-la-vie-congelateurs\/serie-mve-vario\/\" \/>\n<meta property=\"og:site_name\" content=\"MVE Biological Solutions\" \/>\n<meta property=\"article:modified_time\" content=\"2026-02-18T16:16:56+00:00\" \/>\n<meta property=\"og:image\" content=\"https:\/\/mvebio.com\/wp-content\/uploads\/sites\/4\/2023\/12\/Vario-Series-1800-1.jpg\" \/>\n\t<meta property=\"og:image:width\" content=\"1200\" \/>\n\t<meta property=\"og:image:height\" content=\"562\" \/>\n\t<meta property=\"og:image:type\" content=\"image\/jpeg\" \/>\n<meta name=\"twitter:card\" content=\"summary_large_image\" \/>\n<meta name=\"twitter:site\" content=\"@MveBioSolutions\" \/>\n<script type=\"application\/ld+json\" class=\"yoast-schema-graph\">{\"@context\":\"https:\\\/\\\/schema.org\",\"@graph\":[{\"@type\":\"WebPage\",\"@id\":\"https:\\\/\\\/mvebio.com\\\/fr\\\/nos-produits\\\/sciences-de-la-vie-congelateurs\\\/serie-mve-vario\\\/\",\"url\":\"https:\\\/\\\/mvebio.com\\\/fr\\\/nos-produits\\\/sciences-de-la-vie-congelateurs\\\/serie-mve-vario\\\/\",\"name\":\"S\u00e9rie MVE Vario - MVE Biological Solutions\",\"isPartOf\":{\"@id\":\"https:\\\/\\\/mvebio.com\\\/fr\\\/#website\"},\"primaryImageOfPage\":{\"@id\":\"https:\\\/\\\/mvebio.com\\\/fr\\\/nos-produits\\\/sciences-de-la-vie-congelateurs\\\/serie-mve-vario\\\/#primaryimage\"},\"image\":{\"@id\":\"https:\\\/\\\/mvebio.com\\\/fr\\\/nos-produits\\\/sciences-de-la-vie-congelateurs\\\/serie-mve-vario\\\/#primaryimage\"},\"thumbnailUrl\":\"https:\\\/\\\/mvebio.com\\\/wp-content\\\/uploads\\\/sites\\\/4\\\/2023\\\/12\\\/Vario-Series-1800-1.jpg\",\"datePublished\":\"2023-03-30T09:47:49+00:00\",\"dateModified\":\"2026-02-18T16:16:56+00:00\",\"description\":\"Si vous avez besoin d'une solution de biobanque \u00e9conome en \u00e9nergie et offrant des temp\u00e9ratures ultra-basses, la s\u00e9rie MVE Vario pourrait vous convenir. Avec cette alternative innovante aux cong\u00e9lateurs m\u00e9caniques, vous gardez le contr\u00f4le. En effet, les mod\u00e8les MVE 1500 et 1800 Vario offrent des temp\u00e9ratures d\u00e9finies par l'utilisateur entre -20\u00b0C et -150\u00b0C. Le kit de conversion disponible vous permet d'utiliser le Vario comme un cong\u00e9lateur \u00e0 haute efficacit\u00e9 -190C.\",\"breadcrumb\":{\"@id\":\"https:\\\/\\\/mvebio.com\\\/fr\\\/nos-produits\\\/sciences-de-la-vie-congelateurs\\\/serie-mve-vario\\\/#breadcrumb\"},\"inLanguage\":\"fr-FR\",\"potentialAction\":[{\"@type\":\"ReadAction\",\"target\":[\"https:\\\/\\\/mvebio.com\\\/fr\\\/nos-produits\\\/sciences-de-la-vie-congelateurs\\\/serie-mve-vario\\\/\"]}]},{\"@type\":\"ImageObject\",\"inLanguage\":\"fr-FR\",\"@id\":\"https:\\\/\\\/mvebio.com\\\/fr\\\/nos-produits\\\/sciences-de-la-vie-congelateurs\\\/serie-mve-vario\\\/#primaryimage\",\"url\":\"https:\\\/\\\/mvebio.com\\\/wp-content\\\/uploads\\\/sites\\\/4\\\/2023\\\/12\\\/Vario-Series-1800-1.jpg\",\"contentUrl\":\"https:\\\/\\\/mvebio.com\\\/wp-content\\\/uploads\\\/sites\\\/4\\\/2023\\\/12\\\/Vario-Series-1800-1.jpg\",\"width\":1200,\"height\":562,\"caption\":\"S\u00e9rie Vario 1800\"},{\"@type\":\"BreadcrumbList\",\"@id\":\"https:\\\/\\\/mvebio.com\\\/fr\\\/nos-produits\\\/sciences-de-la-vie-congelateurs\\\/serie-mve-vario\\\/#breadcrumb\",\"itemListElement\":[{\"@type\":\"ListItem\",\"position\":1,\"name\":\"Accueil\",\"item\":\"https:\\\/\\\/mvebio.com\\\/fr\\\/homepage\\\/\"},{\"@type\":\"ListItem\",\"position\":2,\"name\":\"Nos produits\",\"item\":\"https:\\\/\\\/mvebio.com\\\/fr\\\/nos-produits\\\/\"},{\"@type\":\"ListItem\",\"position\":3,\"name\":\"Sciences de la vie (cong\u00e9lateurs)\",\"item\":\"https:\\\/\\\/mvebio.com\\\/fr\\\/nos-produits\\\/sciences-de-la-vie-congelateurs\\\/\"},{\"@type\":\"ListItem\",\"position\":4,\"name\":\"S\u00e9rie MVE Vario\"}]},{\"@type\":\"WebSite\",\"@id\":\"https:\\\/\\\/mvebio.com\\\/fr\\\/#website\",\"url\":\"https:\\\/\\\/mvebio.com\\\/fr\\\/\",\"name\":\"MVE Biological Solutions\",\"description\":\"Cryogenic freezers and dewars\",\"publisher\":{\"@id\":\"https:\\\/\\\/mvebio.com\\\/fr\\\/#organization\"},\"alternateName\":\"MVE Bio\",\"potentialAction\":[{\"@type\":\"SearchAction\",\"target\":{\"@type\":\"EntryPoint\",\"urlTemplate\":\"https:\\\/\\\/mvebio.com\\\/fr\\\/?s={search_term_string}\"},\"query-input\":{\"@type\":\"PropertyValueSpecification\",\"valueRequired\":true,\"valueName\":\"search_term_string\"}}],\"inLanguage\":\"fr-FR\"},{\"@type\":\"Organization\",\"@id\":\"https:\\\/\\\/mvebio.com\\\/fr\\\/#organization\",\"name\":\"MVE Biological Solutions\",\"alternateName\":\"MVE Bio\",\"url\":\"https:\\\/\\\/mvebio.com\\\/fr\\\/\",\"logo\":{\"@type\":\"ImageObject\",\"inLanguage\":\"fr-FR\",\"@id\":\"https:\\\/\\\/mvebio.com\\\/fr\\\/#\\\/schema\\\/logo\\\/image\\\/\",\"url\":\"https:\\\/\\\/mvebio.com\\\/wp-content\\\/uploads\\\/sites\\\/4\\\/2023\\\/12\\\/mve-square.png\",\"contentUrl\":\"https:\\\/\\\/mvebio.com\\\/wp-content\\\/uploads\\\/sites\\\/4\\\/2023\\\/12\\\/mve-square.png\",\"width\":1200,\"height\":1200,\"caption\":\"MVE Biological Solutions\"},\"image\":{\"@id\":\"https:\\\/\\\/mvebio.com\\\/fr\\\/#\\\/schema\\\/logo\\\/image\\\/\"},\"sameAs\":[\"https:\\\/\\\/x.com\\\/MveBioSolutions\",\"https:\\\/\\\/www.linkedin.com\\\/company\\\/mvebio\\\/\"]}]}<\/script>\n<!-- \/ Yoast SEO plugin. -->","yoast_head_json":{"title":"S\u00e9rie MVE Vario - MVE Biological Solutions","description":"Si vous avez besoin d'une solution de biobanque \u00e9conome en \u00e9nergie et offrant des temp\u00e9ratures ultra-basses, la s\u00e9rie MVE Vario pourrait vous convenir. Avec cette alternative innovante aux cong\u00e9lateurs m\u00e9caniques, vous gardez le contr\u00f4le. En effet, les mod\u00e8les MVE 1500 et 1800 Vario offrent des temp\u00e9ratures d\u00e9finies par l'utilisateur entre -20\u00b0C et -150\u00b0C. Le kit de conversion disponible vous permet d'utiliser le Vario comme un cong\u00e9lateur \u00e0 haute efficacit\u00e9 -190C.","robots":{"index":"index","follow":"follow","max-snippet":"max-snippet:-1","max-image-preview":"max-image-preview:large","max-video-preview":"max-video-preview:-1"},"canonical":"https:\/\/mvebio.com\/fr\/nos-produits\/sciences-de-la-vie-congelateurs\/serie-mve-vario\/","og_locale":"fr_FR","og_type":"article","og_title":"S\u00e9rie MVE Vario - MVE Biological Solutions","og_description":"Si vous avez besoin d'une solution de biobanque \u00e9conome en \u00e9nergie et offrant des temp\u00e9ratures ultra-basses, la s\u00e9rie MVE Vario pourrait vous convenir. Avec cette alternative innovante aux cong\u00e9lateurs m\u00e9caniques, vous gardez le contr\u00f4le. En effet, les mod\u00e8les MVE 1500 et 1800 Vario offrent des temp\u00e9ratures d\u00e9finies par l'utilisateur entre -20\u00b0C et -150\u00b0C. Le kit de conversion disponible vous permet d'utiliser le Vario comme un cong\u00e9lateur \u00e0 haute efficacit\u00e9 -190C.","og_url":"https:\/\/mvebio.com\/fr\/nos-produits\/sciences-de-la-vie-congelateurs\/serie-mve-vario\/","og_site_name":"MVE Biological Solutions","article_modified_time":"2026-02-18T16:16:56+00:00","og_image":[{"width":1200,"height":562,"url":"https:\/\/mvebio.com\/wp-content\/uploads\/sites\/4\/2023\/12\/Vario-Series-1800-1.jpg","type":"image\/jpeg"}],"twitter_card":"summary_large_image","twitter_site":"@MveBioSolutions","schema":{"@context":"https:\/\/schema.org","@graph":[{"@type":"WebPage","@id":"https:\/\/mvebio.com\/fr\/nos-produits\/sciences-de-la-vie-congelateurs\/serie-mve-vario\/","url":"https:\/\/mvebio.com\/fr\/nos-produits\/sciences-de-la-vie-congelateurs\/serie-mve-vario\/","name":"S\u00e9rie MVE Vario - MVE Biological Solutions","isPartOf":{"@id":"https:\/\/mvebio.com\/fr\/#website"},"primaryImageOfPage":{"@id":"https:\/\/mvebio.com\/fr\/nos-produits\/sciences-de-la-vie-congelateurs\/serie-mve-vario\/#primaryimage"},"image":{"@id":"https:\/\/mvebio.com\/fr\/nos-produits\/sciences-de-la-vie-congelateurs\/serie-mve-vario\/#primaryimage"},"thumbnailUrl":"https:\/\/mvebio.com\/wp-content\/uploads\/sites\/4\/2023\/12\/Vario-Series-1800-1.jpg","datePublished":"2023-03-30T09:47:49+00:00","dateModified":"2026-02-18T16:16:56+00:00","description":"Si vous avez besoin d'une solution de biobanque \u00e9conome en \u00e9nergie et offrant des temp\u00e9ratures ultra-basses, la s\u00e9rie MVE Vario pourrait vous convenir. Avec cette alternative innovante aux cong\u00e9lateurs m\u00e9caniques, vous gardez le contr\u00f4le. En effet, les mod\u00e8les MVE 1500 et 1800 Vario offrent des temp\u00e9ratures d\u00e9finies par l'utilisateur entre -20\u00b0C et -150\u00b0C. Le kit de conversion disponible vous permet d'utiliser le Vario comme un cong\u00e9lateur \u00e0 haute efficacit\u00e9 -190C.","breadcrumb":{"@id":"https:\/\/mvebio.com\/fr\/nos-produits\/sciences-de-la-vie-congelateurs\/serie-mve-vario\/#breadcrumb"},"inLanguage":"fr-FR","potentialAction":[{"@type":"ReadAction","target":["https:\/\/mvebio.com\/fr\/nos-produits\/sciences-de-la-vie-congelateurs\/serie-mve-vario\/"]}]},{"@type":"ImageObject","inLanguage":"fr-FR","@id":"https:\/\/mvebio.com\/fr\/nos-produits\/sciences-de-la-vie-congelateurs\/serie-mve-vario\/#primaryimage","url":"https:\/\/mvebio.com\/wp-content\/uploads\/sites\/4\/2023\/12\/Vario-Series-1800-1.jpg","contentUrl":"https:\/\/mvebio.com\/wp-content\/uploads\/sites\/4\/2023\/12\/Vario-Series-1800-1.jpg","width":1200,"height":562,"caption":"S\u00e9rie Vario 1800"},{"@type":"BreadcrumbList","@id":"https:\/\/mvebio.com\/fr\/nos-produits\/sciences-de-la-vie-congelateurs\/serie-mve-vario\/#breadcrumb","itemListElement":[{"@type":"ListItem","position":1,"name":"Accueil","item":"https:\/\/mvebio.com\/fr\/homepage\/"},{"@type":"ListItem","position":2,"name":"Nos produits","item":"https:\/\/mvebio.com\/fr\/nos-produits\/"},{"@type":"ListItem","position":3,"name":"Sciences de la vie (cong\u00e9lateurs)","item":"https:\/\/mvebio.com\/fr\/nos-produits\/sciences-de-la-vie-congelateurs\/"},{"@type":"ListItem","position":4,"name":"S\u00e9rie MVE Vario"}]},{"@type":"WebSite","@id":"https:\/\/mvebio.com\/fr\/#website","url":"https:\/\/mvebio.com\/fr\/","name":"MVE Biological Solutions","description":"Cryogenic freezers and dewars","publisher":{"@id":"https:\/\/mvebio.com\/fr\/#organization"},"alternateName":"MVE Bio","potentialAction":[{"@type":"SearchAction","target":{"@type":"EntryPoint","urlTemplate":"https:\/\/mvebio.com\/fr\/?s={search_term_string}"},"query-input":{"@type":"PropertyValueSpecification","valueRequired":true,"valueName":"search_term_string"}}],"inLanguage":"fr-FR"},{"@type":"Organization","@id":"https:\/\/mvebio.com\/fr\/#organization","name":"MVE Biological Solutions","alternateName":"MVE Bio","url":"https:\/\/mvebio.com\/fr\/","logo":{"@type":"ImageObject","inLanguage":"fr-FR","@id":"https:\/\/mvebio.com\/fr\/#\/schema\/logo\/image\/","url":"https:\/\/mvebio.com\/wp-content\/uploads\/sites\/4\/2023\/12\/mve-square.png","contentUrl":"https:\/\/mvebio.com\/wp-content\/uploads\/sites\/4\/2023\/12\/mve-square.png","width":1200,"height":1200,"caption":"MVE Biological Solutions"},"image":{"@id":"https:\/\/mvebio.com\/fr\/#\/schema\/logo\/image\/"},"sameAs":["https:\/\/x.com\/MveBioSolutions","https:\/\/www.linkedin.com\/company\/mvebio\/"]}]}},"_links":{"self":[{"href":"https:\/\/mvebio.com\/fr\/wp-json\/wp\/v2\/pages\/11824","targetHints":{"allow":["GET"]}}],"collection":[{"href":"https:\/\/mvebio.com\/fr\/wp-json\/wp\/v2\/pages"}],"about":[{"href":"https:\/\/mvebio.com\/fr\/wp-json\/wp\/v2\/types\/page"}],"author":[{"embeddable":true,"href":"https:\/\/mvebio.com\/fr\/wp-json\/wp\/v2\/users\/1"}],"replies":[{"embeddable":true,"href":"https:\/\/mvebio.com\/fr\/wp-json\/wp\/v2\/comments?post=11824"}],"version-history":[{"count":1,"href":"https:\/\/mvebio.com\/fr\/wp-json\/wp\/v2\/pages\/11824\/revisions"}],"predecessor-version":[{"id":14582,"href":"https:\/\/mvebio.com\/fr\/wp-json\/wp\/v2\/pages\/11824\/revisions\/14582"}],"up":[{"embeddable":true,"href":"https:\/\/mvebio.com\/fr\/wp-json\/wp\/v2\/pages\/11804"}],"wp:featuredmedia":[{"embeddable":true,"href":"https:\/\/mvebio.com\/fr\/wp-json\/wp\/v2\/media\/10513"}],"wp:attachment":[{"href":"https:\/\/mvebio.com\/fr\/wp-json\/wp\/v2\/media?parent=11824"}],"curies":[{"name":"wp","href":"https:\/\/api.w.org\/{rel}","templated":true}]}}