{"id":11823,"date":"2022-09-28T11:12:47","date_gmt":"2022-09-28T10:12:47","guid":{"rendered":"https:\/\/mvebio.com\/sciences-de-la-vie-aluminium\/"},"modified":"2026-02-18T11:18:25","modified_gmt":"2026-02-18T16:18:25","slug":"sciences-de-la-vie-aluminium","status":"publish","type":"page","link":"https:\/\/mvebio.com\/fr\/nos-produits\/sciences-de-la-vie-aluminium\/","title":{"rendered":"Sciences de la vie (aluminium)"},"content":{"rendered":"","protected":false},"excerpt":{"rendered":"","protected":false},"author":1,"featured_media":10556,"parent":11854,"menu_order":0,"comment_status":"closed","ping_status":"closed","template":"","meta":{"_acf_changed":false,"footnotes":""},"class_list":["post-11823","page","type-page","status-publish","has-post-thumbnail","hentry"],"acf":[],"yoast_head":"<!-- This site is optimized with the Yoast SEO plugin v27.2 - https:\/\/yoast.com\/product\/yoast-seo-wordpress\/ -->\n<title>Sciences de la vie (aluminium) - MVE Biological Solutions<\/title>\n<meta name=\"description\" content=\"Chez MVE, l&#039;excellence rencontre la polyvalence dans notre gamme de produits en aluminium adapt\u00e9s aux besoins dynamiques des applications des sciences de la vie. Nos solutions en aluminium sont \u00e0 la pointe de l&#039;innovation et vous offrent une fiabilit\u00e9 et une durabilit\u00e9 in\u00e9gal\u00e9es pour le stockage et le transport s\u00e9curis\u00e9s d&#039;\u00e9chantillons biologiques critiques. Nous sommes conscients du r\u00f4le essentiel que joue la pr\u00e9cision dans les sciences de la vie, et nos produits en aluminium ont \u00e9t\u00e9 con\u00e7us pour satisfaire et d\u00e9passer les normes rigoureuses de l&#039;industrie.\" \/>\n<meta name=\"robots\" content=\"index, follow, max-snippet:-1, max-image-preview:large, max-video-preview:-1\" \/>\n<link rel=\"canonical\" href=\"https:\/\/mvebio.com\/fr\/nos-produits\/sciences-de-la-vie-aluminium\/\" \/>\n<meta property=\"og:locale\" content=\"fr_FR\" \/>\n<meta property=\"og:type\" content=\"article\" \/>\n<meta property=\"og:title\" content=\"Sciences de la vie (aluminium) - MVE Biological Solutions\" \/>\n<meta property=\"og:description\" content=\"Chez MVE, l&#039;excellence rencontre la polyvalence dans notre gamme de produits en aluminium adapt\u00e9s aux besoins dynamiques des applications des sciences de la vie. Nos solutions en aluminium sont \u00e0 la pointe de l&#039;innovation et vous offrent une fiabilit\u00e9 et une durabilit\u00e9 in\u00e9gal\u00e9es pour le stockage et le transport s\u00e9curis\u00e9s d&#039;\u00e9chantillons biologiques critiques. Nous sommes conscients du r\u00f4le essentiel que joue la pr\u00e9cision dans les sciences de la vie, et nos produits en aluminium ont \u00e9t\u00e9 con\u00e7us pour satisfaire et d\u00e9passer les normes rigoureuses de l&#039;industrie.\" \/>\n<meta property=\"og:url\" content=\"https:\/\/mvebio.com\/fr\/nos-produits\/sciences-de-la-vie-aluminium\/\" \/>\n<meta property=\"og:site_name\" content=\"MVE Biological Solutions\" \/>\n<meta property=\"article:modified_time\" content=\"2026-02-18T16:18:25+00:00\" \/>\n<meta property=\"og:image\" content=\"https:\/\/mvebio.com\/wp-content\/uploads\/sites\/4\/2023\/12\/MVE-BL7-Box-1.jpg\" \/>\n\t<meta property=\"og:image:width\" content=\"1200\" \/>\n\t<meta property=\"og:image:height\" content=\"562\" \/>\n\t<meta property=\"og:image:type\" content=\"image\/jpeg\" \/>\n<meta name=\"twitter:card\" content=\"summary_large_image\" \/>\n<meta name=\"twitter:site\" content=\"@MveBioSolutions\" \/>\n<script type=\"application\/ld+json\" class=\"yoast-schema-graph\">{\"@context\":\"https:\/\/schema.org\",\"@graph\":[{\"@type\":\"WebPage\",\"@id\":\"https:\/\/mvebio.com\/fr\/nos-produits\/sciences-de-la-vie-aluminium\/\",\"url\":\"https:\/\/mvebio.com\/fr\/nos-produits\/sciences-de-la-vie-aluminium\/\",\"name\":\"Sciences de la vie (aluminium) - MVE Biological Solutions\",\"isPartOf\":{\"@id\":\"https:\/\/mvebio.com\/fr\/#website\"},\"primaryImageOfPage\":{\"@id\":\"https:\/\/mvebio.com\/fr\/nos-produits\/sciences-de-la-vie-aluminium\/#primaryimage\"},\"image\":{\"@id\":\"https:\/\/mvebio.com\/fr\/nos-produits\/sciences-de-la-vie-aluminium\/#primaryimage\"},\"thumbnailUrl\":\"https:\/\/mvebio.com\/wp-content\/uploads\/sites\/4\/2023\/12\/MVE-BL7-Box-1.jpg\",\"datePublished\":\"2022-09-28T10:12:47+00:00\",\"dateModified\":\"2026-02-18T16:18:25+00:00\",\"description\":\"Chez MVE, l'excellence rencontre la polyvalence dans notre gamme de produits en aluminium adapt\u00e9s aux besoins dynamiques des applications des sciences de la vie. Nos solutions en aluminium sont \u00e0 la pointe de l'innovation et vous offrent une fiabilit\u00e9 et une durabilit\u00e9 in\u00e9gal\u00e9es pour le stockage et le transport s\u00e9curis\u00e9s d'\u00e9chantillons biologiques critiques. Nous sommes conscients du r\u00f4le essentiel que joue la pr\u00e9cision dans les sciences de la vie, et nos produits en aluminium ont \u00e9t\u00e9 con\u00e7us pour satisfaire et d\u00e9passer les normes rigoureuses de l'industrie.\",\"breadcrumb\":{\"@id\":\"https:\/\/mvebio.com\/fr\/nos-produits\/sciences-de-la-vie-aluminium\/#breadcrumb\"},\"inLanguage\":\"fr-FR\",\"potentialAction\":[{\"@type\":\"ReadAction\",\"target\":[\"https:\/\/mvebio.com\/fr\/nos-produits\/sciences-de-la-vie-aluminium\/\"]}]},{\"@type\":\"ImageObject\",\"inLanguage\":\"fr-FR\",\"@id\":\"https:\/\/mvebio.com\/fr\/nos-produits\/sciences-de-la-vie-aluminium\/#primaryimage\",\"url\":\"https:\/\/mvebio.com\/wp-content\/uploads\/sites\/4\/2023\/12\/MVE-BL7-Box-1.jpg\",\"contentUrl\":\"https:\/\/mvebio.com\/wp-content\/uploads\/sites\/4\/2023\/12\/MVE-BL7-Box-1.jpg\",\"width\":1200,\"height\":562,\"caption\":\"BL7\"},{\"@type\":\"BreadcrumbList\",\"@id\":\"https:\/\/mvebio.com\/fr\/nos-produits\/sciences-de-la-vie-aluminium\/#breadcrumb\",\"itemListElement\":[{\"@type\":\"ListItem\",\"position\":1,\"name\":\"Accueil\",\"item\":\"https:\/\/mvebio.com\/fr\/homepage\/\"},{\"@type\":\"ListItem\",\"position\":2,\"name\":\"Nos produits\",\"item\":\"https:\/\/mvebio.com\/fr\/nos-produits\/\"},{\"@type\":\"ListItem\",\"position\":3,\"name\":\"Sciences de la vie (aluminium)\"}]},{\"@type\":\"WebSite\",\"@id\":\"https:\/\/mvebio.com\/fr\/#website\",\"url\":\"https:\/\/mvebio.com\/fr\/\",\"name\":\"MVE Biological Solutions\",\"description\":\"Cryogenic freezers and dewars\",\"publisher\":{\"@id\":\"https:\/\/mvebio.com\/fr\/#organization\"},\"alternateName\":\"MVE Bio\",\"potentialAction\":[{\"@type\":\"SearchAction\",\"target\":{\"@type\":\"EntryPoint\",\"urlTemplate\":\"https:\/\/mvebio.com\/fr\/?s={search_term_string}\"},\"query-input\":{\"@type\":\"PropertyValueSpecification\",\"valueRequired\":true,\"valueName\":\"search_term_string\"}}],\"inLanguage\":\"fr-FR\"},{\"@type\":\"Organization\",\"@id\":\"https:\/\/mvebio.com\/fr\/#organization\",\"name\":\"MVE Biological Solutions\",\"alternateName\":\"MVE Bio\",\"url\":\"https:\/\/mvebio.com\/fr\/\",\"logo\":{\"@type\":\"ImageObject\",\"inLanguage\":\"fr-FR\",\"@id\":\"https:\/\/mvebio.com\/fr\/#\/schema\/logo\/image\/\",\"url\":\"https:\/\/mvebio.com\/wp-content\/uploads\/sites\/4\/2023\/12\/mve-square.png\",\"contentUrl\":\"https:\/\/mvebio.com\/wp-content\/uploads\/sites\/4\/2023\/12\/mve-square.png\",\"width\":1200,\"height\":1200,\"caption\":\"MVE Biological Solutions\"},\"image\":{\"@id\":\"https:\/\/mvebio.com\/fr\/#\/schema\/logo\/image\/\"},\"sameAs\":[\"https:\/\/x.com\/MveBioSolutions\",\"https:\/\/www.linkedin.com\/company\/mvebio\/\"]}]}<\/script>\n<!-- \/ Yoast SEO plugin. -->","yoast_head_json":{"title":"Sciences de la vie (aluminium) - MVE Biological Solutions","description":"Chez MVE, l'excellence rencontre la polyvalence dans notre gamme de produits en aluminium adapt\u00e9s aux besoins dynamiques des applications des sciences de la vie. Nos solutions en aluminium sont \u00e0 la pointe de l'innovation et vous offrent une fiabilit\u00e9 et une durabilit\u00e9 in\u00e9gal\u00e9es pour le stockage et le transport s\u00e9curis\u00e9s d'\u00e9chantillons biologiques critiques. Nous sommes conscients du r\u00f4le essentiel que joue la pr\u00e9cision dans les sciences de la vie, et nos produits en aluminium ont \u00e9t\u00e9 con\u00e7us pour satisfaire et d\u00e9passer les normes rigoureuses de l'industrie.","robots":{"index":"index","follow":"follow","max-snippet":"max-snippet:-1","max-image-preview":"max-image-preview:large","max-video-preview":"max-video-preview:-1"},"canonical":"https:\/\/mvebio.com\/fr\/nos-produits\/sciences-de-la-vie-aluminium\/","og_locale":"fr_FR","og_type":"article","og_title":"Sciences de la vie (aluminium) - MVE Biological Solutions","og_description":"Chez MVE, l'excellence rencontre la polyvalence dans notre gamme de produits en aluminium adapt\u00e9s aux besoins dynamiques des applications des sciences de la vie. Nos solutions en aluminium sont \u00e0 la pointe de l'innovation et vous offrent une fiabilit\u00e9 et une durabilit\u00e9 in\u00e9gal\u00e9es pour le stockage et le transport s\u00e9curis\u00e9s d'\u00e9chantillons biologiques critiques. Nous sommes conscients du r\u00f4le essentiel que joue la pr\u00e9cision dans les sciences de la vie, et nos produits en aluminium ont \u00e9t\u00e9 con\u00e7us pour satisfaire et d\u00e9passer les normes rigoureuses de l'industrie.","og_url":"https:\/\/mvebio.com\/fr\/nos-produits\/sciences-de-la-vie-aluminium\/","og_site_name":"MVE Biological Solutions","article_modified_time":"2026-02-18T16:18:25+00:00","og_image":[{"width":1200,"height":562,"url":"https:\/\/mvebio.com\/wp-content\/uploads\/sites\/4\/2023\/12\/MVE-BL7-Box-1.jpg","type":"image\/jpeg"}],"twitter_card":"summary_large_image","twitter_site":"@MveBioSolutions","schema":{"@context":"https:\/\/schema.org","@graph":[{"@type":"WebPage","@id":"https:\/\/mvebio.com\/fr\/nos-produits\/sciences-de-la-vie-aluminium\/","url":"https:\/\/mvebio.com\/fr\/nos-produits\/sciences-de-la-vie-aluminium\/","name":"Sciences de la vie (aluminium) - MVE Biological Solutions","isPartOf":{"@id":"https:\/\/mvebio.com\/fr\/#website"},"primaryImageOfPage":{"@id":"https:\/\/mvebio.com\/fr\/nos-produits\/sciences-de-la-vie-aluminium\/#primaryimage"},"image":{"@id":"https:\/\/mvebio.com\/fr\/nos-produits\/sciences-de-la-vie-aluminium\/#primaryimage"},"thumbnailUrl":"https:\/\/mvebio.com\/wp-content\/uploads\/sites\/4\/2023\/12\/MVE-BL7-Box-1.jpg","datePublished":"2022-09-28T10:12:47+00:00","dateModified":"2026-02-18T16:18:25+00:00","description":"Chez MVE, l'excellence rencontre la polyvalence dans notre gamme de produits en aluminium adapt\u00e9s aux besoins dynamiques des applications des sciences de la vie. Nos solutions en aluminium sont \u00e0 la pointe de l'innovation et vous offrent une fiabilit\u00e9 et une durabilit\u00e9 in\u00e9gal\u00e9es pour le stockage et le transport s\u00e9curis\u00e9s d'\u00e9chantillons biologiques critiques. Nous sommes conscients du r\u00f4le essentiel que joue la pr\u00e9cision dans les sciences de la vie, et nos produits en aluminium ont \u00e9t\u00e9 con\u00e7us pour satisfaire et d\u00e9passer les normes rigoureuses de l'industrie.","breadcrumb":{"@id":"https:\/\/mvebio.com\/fr\/nos-produits\/sciences-de-la-vie-aluminium\/#breadcrumb"},"inLanguage":"fr-FR","potentialAction":[{"@type":"ReadAction","target":["https:\/\/mvebio.com\/fr\/nos-produits\/sciences-de-la-vie-aluminium\/"]}]},{"@type":"ImageObject","inLanguage":"fr-FR","@id":"https:\/\/mvebio.com\/fr\/nos-produits\/sciences-de-la-vie-aluminium\/#primaryimage","url":"https:\/\/mvebio.com\/wp-content\/uploads\/sites\/4\/2023\/12\/MVE-BL7-Box-1.jpg","contentUrl":"https:\/\/mvebio.com\/wp-content\/uploads\/sites\/4\/2023\/12\/MVE-BL7-Box-1.jpg","width":1200,"height":562,"caption":"BL7"},{"@type":"BreadcrumbList","@id":"https:\/\/mvebio.com\/fr\/nos-produits\/sciences-de-la-vie-aluminium\/#breadcrumb","itemListElement":[{"@type":"ListItem","position":1,"name":"Accueil","item":"https:\/\/mvebio.com\/fr\/homepage\/"},{"@type":"ListItem","position":2,"name":"Nos produits","item":"https:\/\/mvebio.com\/fr\/nos-produits\/"},{"@type":"ListItem","position":3,"name":"Sciences de la vie (aluminium)"}]},{"@type":"WebSite","@id":"https:\/\/mvebio.com\/fr\/#website","url":"https:\/\/mvebio.com\/fr\/","name":"MVE Biological Solutions","description":"Cryogenic freezers and dewars","publisher":{"@id":"https:\/\/mvebio.com\/fr\/#organization"},"alternateName":"MVE Bio","potentialAction":[{"@type":"SearchAction","target":{"@type":"EntryPoint","urlTemplate":"https:\/\/mvebio.com\/fr\/?s={search_term_string}"},"query-input":{"@type":"PropertyValueSpecification","valueRequired":true,"valueName":"search_term_string"}}],"inLanguage":"fr-FR"},{"@type":"Organization","@id":"https:\/\/mvebio.com\/fr\/#organization","name":"MVE Biological Solutions","alternateName":"MVE Bio","url":"https:\/\/mvebio.com\/fr\/","logo":{"@type":"ImageObject","inLanguage":"fr-FR","@id":"https:\/\/mvebio.com\/fr\/#\/schema\/logo\/image\/","url":"https:\/\/mvebio.com\/wp-content\/uploads\/sites\/4\/2023\/12\/mve-square.png","contentUrl":"https:\/\/mvebio.com\/wp-content\/uploads\/sites\/4\/2023\/12\/mve-square.png","width":1200,"height":1200,"caption":"MVE Biological Solutions"},"image":{"@id":"https:\/\/mvebio.com\/fr\/#\/schema\/logo\/image\/"},"sameAs":["https:\/\/x.com\/MveBioSolutions","https:\/\/www.linkedin.com\/company\/mvebio\/"]}]}},"_links":{"self":[{"href":"https:\/\/mvebio.com\/fr\/wp-json\/wp\/v2\/pages\/11823","targetHints":{"allow":["GET"]}}],"collection":[{"href":"https:\/\/mvebio.com\/fr\/wp-json\/wp\/v2\/pages"}],"about":[{"href":"https:\/\/mvebio.com\/fr\/wp-json\/wp\/v2\/types\/page"}],"author":[{"embeddable":true,"href":"https:\/\/mvebio.com\/fr\/wp-json\/wp\/v2\/users\/1"}],"replies":[{"embeddable":true,"href":"https:\/\/mvebio.com\/fr\/wp-json\/wp\/v2\/comments?post=11823"}],"version-history":[{"count":1,"href":"https:\/\/mvebio.com\/fr\/wp-json\/wp\/v2\/pages\/11823\/revisions"}],"predecessor-version":[{"id":11855,"href":"https:\/\/mvebio.com\/fr\/wp-json\/wp\/v2\/pages\/11823\/revisions\/11855"}],"up":[{"embeddable":true,"href":"https:\/\/mvebio.com\/fr\/wp-json\/wp\/v2\/pages\/11854"}],"wp:featuredmedia":[{"embeddable":true,"href":"https:\/\/mvebio.com\/fr\/wp-json\/wp\/v2\/media\/10556"}],"wp:attachment":[{"href":"https:\/\/mvebio.com\/fr\/wp-json\/wp\/v2\/media?parent=11823"}],"curies":[{"name":"wp","href":"https:\/\/api.w.org\/{rel}","templated":true}]}}