{"id":11816,"date":"2023-11-02T15:06:48","date_gmt":"2023-11-02T15:06:48","guid":{"rendered":"https:\/\/mvebio.com\/eleveurs-congelateurs\/serie-dactions-mve\/"},"modified":"2026-02-18T10:41:22","modified_gmt":"2026-02-18T15:41:22","slug":"serie-dactions-mve","status":"publish","type":"page","link":"https:\/\/mvebio.com\/fr\/nos-produits\/eleveurs-congelateurs\/serie-dactions-mve\/","title":{"rendered":"S\u00e9rie d&rsquo;actions MVE"},"content":{"rendered":"","protected":false},"excerpt":{"rendered":"<p>Stockage s\u00e9curis\u00e9 d&#8217;embryons et de sperme de taureau pour le secteur de l&rsquo;\u00e9levage<\/p>\n","protected":false},"author":1,"featured_media":10529,"parent":11799,"menu_order":0,"comment_status":"closed","ping_status":"closed","template":"","meta":{"_acf_changed":false,"footnotes":""},"class_list":["post-11816","page","type-page","status-publish","has-post-thumbnail","hentry"],"acf":[],"yoast_head":"<!-- This site is optimized with the Yoast SEO plugin v27.2 - https:\/\/yoast.com\/product\/yoast-seo-wordpress\/ -->\n<title>S\u00e9rie d&#039;actions MVE - MVE Biological Solutions<\/title>\n<meta name=\"description\" content=\"Cong\u00e9lateur id\u00e9al pour le stockage en vrac de vos germplasmes d&#039;\u00e9lite. Les cong\u00e9lateurs cryog\u00e9niques de la s\u00e9rie Stock de MVE constituent la solution ultime pour le stockage en vrac de votre g\u00e9n\u00e9tique g\u00e9n\u00e9alogique. Les cong\u00e9lateurs de la s\u00e9rie Stock de MVE sont con\u00e7us dans un souci d&#039;efficacit\u00e9, avec une large ouverture du col pour faciliter l&#039;acc\u00e8s aux envois en pull-and-pack. Lorsque vos taureaux \u00e9prouv\u00e9s ne peuvent plus \u00eatre stock\u00e9s en aluminium, les cong\u00e9lateurs de la s\u00e9rie Stock sont un investissement judicieux pour s\u00e9curiser votre g\u00e9n\u00e9tique en vrac \u00e0 long terme.\" \/>\n<meta name=\"robots\" content=\"index, follow, max-snippet:-1, max-image-preview:large, max-video-preview:-1\" \/>\n<link rel=\"canonical\" href=\"https:\/\/mvebio.com\/fr\/nos-produits\/eleveurs-congelateurs\/serie-dactions-mve\/\" \/>\n<meta property=\"og:locale\" content=\"fr_FR\" \/>\n<meta property=\"og:type\" content=\"article\" \/>\n<meta property=\"og:title\" content=\"S\u00e9rie d&#039;actions MVE - MVE Biological Solutions\" \/>\n<meta property=\"og:description\" content=\"Cong\u00e9lateur id\u00e9al pour le stockage en vrac de vos germplasmes d&#039;\u00e9lite. Les cong\u00e9lateurs cryog\u00e9niques de la s\u00e9rie Stock de MVE constituent la solution ultime pour le stockage en vrac de votre g\u00e9n\u00e9tique g\u00e9n\u00e9alogique. Les cong\u00e9lateurs de la s\u00e9rie Stock de MVE sont con\u00e7us dans un souci d&#039;efficacit\u00e9, avec une large ouverture du col pour faciliter l&#039;acc\u00e8s aux envois en pull-and-pack. Lorsque vos taureaux \u00e9prouv\u00e9s ne peuvent plus \u00eatre stock\u00e9s en aluminium, les cong\u00e9lateurs de la s\u00e9rie Stock sont un investissement judicieux pour s\u00e9curiser votre g\u00e9n\u00e9tique en vrac \u00e0 long terme.\" \/>\n<meta property=\"og:url\" content=\"https:\/\/mvebio.com\/fr\/nos-produits\/eleveurs-congelateurs\/serie-dactions-mve\/\" \/>\n<meta property=\"og:site_name\" content=\"MVE Biological Solutions\" \/>\n<meta property=\"article:modified_time\" content=\"2026-02-18T15:41:22+00:00\" \/>\n<meta property=\"og:image\" content=\"https:\/\/mvebio.com\/wp-content\/uploads\/sites\/4\/2023\/12\/800-Series-190-816P-190-1.jpg\" \/>\n\t<meta property=\"og:image:width\" content=\"1200\" \/>\n\t<meta property=\"og:image:height\" content=\"563\" \/>\n\t<meta property=\"og:image:type\" content=\"image\/jpeg\" \/>\n<meta name=\"twitter:card\" content=\"summary_large_image\" \/>\n<meta name=\"twitter:site\" content=\"@MveBioSolutions\" \/>\n<script type=\"application\/ld+json\" class=\"yoast-schema-graph\">{\"@context\":\"https:\/\/schema.org\",\"@graph\":[{\"@type\":\"WebPage\",\"@id\":\"https:\/\/mvebio.com\/fr\/nos-produits\/eleveurs-congelateurs\/serie-dactions-mve\/\",\"url\":\"https:\/\/mvebio.com\/fr\/nos-produits\/eleveurs-congelateurs\/serie-dactions-mve\/\",\"name\":\"S\u00e9rie d'actions MVE - MVE Biological Solutions\",\"isPartOf\":{\"@id\":\"https:\/\/mvebio.com\/fr\/#website\"},\"primaryImageOfPage\":{\"@id\":\"https:\/\/mvebio.com\/fr\/nos-produits\/eleveurs-congelateurs\/serie-dactions-mve\/#primaryimage\"},\"image\":{\"@id\":\"https:\/\/mvebio.com\/fr\/nos-produits\/eleveurs-congelateurs\/serie-dactions-mve\/#primaryimage\"},\"thumbnailUrl\":\"https:\/\/mvebio.com\/wp-content\/uploads\/sites\/4\/2023\/12\/800-Series-190-816P-190-1.jpg\",\"datePublished\":\"2023-11-02T15:06:48+00:00\",\"dateModified\":\"2026-02-18T15:41:22+00:00\",\"description\":\"Cong\u00e9lateur id\u00e9al pour le stockage en vrac de vos germplasmes d'\u00e9lite. Les cong\u00e9lateurs cryog\u00e9niques de la s\u00e9rie Stock de MVE constituent la solution ultime pour le stockage en vrac de votre g\u00e9n\u00e9tique g\u00e9n\u00e9alogique. Les cong\u00e9lateurs de la s\u00e9rie Stock de MVE sont con\u00e7us dans un souci d'efficacit\u00e9, avec une large ouverture du col pour faciliter l'acc\u00e8s aux envois en pull-and-pack. Lorsque vos taureaux \u00e9prouv\u00e9s ne peuvent plus \u00eatre stock\u00e9s en aluminium, les cong\u00e9lateurs de la s\u00e9rie Stock sont un investissement judicieux pour s\u00e9curiser votre g\u00e9n\u00e9tique en vrac \u00e0 long terme.\",\"breadcrumb\":{\"@id\":\"https:\/\/mvebio.com\/fr\/nos-produits\/eleveurs-congelateurs\/serie-dactions-mve\/#breadcrumb\"},\"inLanguage\":\"fr-FR\",\"potentialAction\":[{\"@type\":\"ReadAction\",\"target\":[\"https:\/\/mvebio.com\/fr\/nos-produits\/eleveurs-congelateurs\/serie-dactions-mve\/\"]}]},{\"@type\":\"ImageObject\",\"inLanguage\":\"fr-FR\",\"@id\":\"https:\/\/mvebio.com\/fr\/nos-produits\/eleveurs-congelateurs\/serie-dactions-mve\/#primaryimage\",\"url\":\"https:\/\/mvebio.com\/wp-content\/uploads\/sites\/4\/2023\/12\/800-Series-190-816P-190-1.jpg\",\"contentUrl\":\"https:\/\/mvebio.com\/wp-content\/uploads\/sites\/4\/2023\/12\/800-Series-190-816P-190-1.jpg\",\"width\":1200,\"height\":563,\"caption\":\"S\u00e9rie 800\"},{\"@type\":\"BreadcrumbList\",\"@id\":\"https:\/\/mvebio.com\/fr\/nos-produits\/eleveurs-congelateurs\/serie-dactions-mve\/#breadcrumb\",\"itemListElement\":[{\"@type\":\"ListItem\",\"position\":1,\"name\":\"Accueil\",\"item\":\"https:\/\/mvebio.com\/fr\/homepage\/\"},{\"@type\":\"ListItem\",\"position\":2,\"name\":\"Nos produits\",\"item\":\"https:\/\/mvebio.com\/fr\/nos-produits\/\"},{\"@type\":\"ListItem\",\"position\":3,\"name\":\"\u00c9leveurs (cong\u00e9lateurs)\",\"item\":\"https:\/\/mvebio.com\/fr\/nos-produits\/eleveurs-congelateurs\/\"},{\"@type\":\"ListItem\",\"position\":4,\"name\":\"S\u00e9rie d&#8217;actions MVE\"}]},{\"@type\":\"WebSite\",\"@id\":\"https:\/\/mvebio.com\/fr\/#website\",\"url\":\"https:\/\/mvebio.com\/fr\/\",\"name\":\"MVE Biological Solutions\",\"description\":\"Cryogenic freezers and dewars\",\"publisher\":{\"@id\":\"https:\/\/mvebio.com\/fr\/#organization\"},\"alternateName\":\"MVE Bio\",\"potentialAction\":[{\"@type\":\"SearchAction\",\"target\":{\"@type\":\"EntryPoint\",\"urlTemplate\":\"https:\/\/mvebio.com\/fr\/?s={search_term_string}\"},\"query-input\":{\"@type\":\"PropertyValueSpecification\",\"valueRequired\":true,\"valueName\":\"search_term_string\"}}],\"inLanguage\":\"fr-FR\"},{\"@type\":\"Organization\",\"@id\":\"https:\/\/mvebio.com\/fr\/#organization\",\"name\":\"MVE Biological Solutions\",\"alternateName\":\"MVE Bio\",\"url\":\"https:\/\/mvebio.com\/fr\/\",\"logo\":{\"@type\":\"ImageObject\",\"inLanguage\":\"fr-FR\",\"@id\":\"https:\/\/mvebio.com\/fr\/#\/schema\/logo\/image\/\",\"url\":\"https:\/\/mvebio.com\/wp-content\/uploads\/sites\/4\/2023\/12\/mve-square.png\",\"contentUrl\":\"https:\/\/mvebio.com\/wp-content\/uploads\/sites\/4\/2023\/12\/mve-square.png\",\"width\":1200,\"height\":1200,\"caption\":\"MVE Biological Solutions\"},\"image\":{\"@id\":\"https:\/\/mvebio.com\/fr\/#\/schema\/logo\/image\/\"},\"sameAs\":[\"https:\/\/x.com\/MveBioSolutions\",\"https:\/\/www.linkedin.com\/company\/mvebio\/\"]}]}<\/script>\n<!-- \/ Yoast SEO plugin. -->","yoast_head_json":{"title":"S\u00e9rie d'actions MVE - MVE Biological Solutions","description":"Cong\u00e9lateur id\u00e9al pour le stockage en vrac de vos germplasmes d'\u00e9lite. Les cong\u00e9lateurs cryog\u00e9niques de la s\u00e9rie Stock de MVE constituent la solution ultime pour le stockage en vrac de votre g\u00e9n\u00e9tique g\u00e9n\u00e9alogique. Les cong\u00e9lateurs de la s\u00e9rie Stock de MVE sont con\u00e7us dans un souci d'efficacit\u00e9, avec une large ouverture du col pour faciliter l'acc\u00e8s aux envois en pull-and-pack. Lorsque vos taureaux \u00e9prouv\u00e9s ne peuvent plus \u00eatre stock\u00e9s en aluminium, les cong\u00e9lateurs de la s\u00e9rie Stock sont un investissement judicieux pour s\u00e9curiser votre g\u00e9n\u00e9tique en vrac \u00e0 long terme.","robots":{"index":"index","follow":"follow","max-snippet":"max-snippet:-1","max-image-preview":"max-image-preview:large","max-video-preview":"max-video-preview:-1"},"canonical":"https:\/\/mvebio.com\/fr\/nos-produits\/eleveurs-congelateurs\/serie-dactions-mve\/","og_locale":"fr_FR","og_type":"article","og_title":"S\u00e9rie d'actions MVE - MVE Biological Solutions","og_description":"Cong\u00e9lateur id\u00e9al pour le stockage en vrac de vos germplasmes d'\u00e9lite. Les cong\u00e9lateurs cryog\u00e9niques de la s\u00e9rie Stock de MVE constituent la solution ultime pour le stockage en vrac de votre g\u00e9n\u00e9tique g\u00e9n\u00e9alogique. Les cong\u00e9lateurs de la s\u00e9rie Stock de MVE sont con\u00e7us dans un souci d'efficacit\u00e9, avec une large ouverture du col pour faciliter l'acc\u00e8s aux envois en pull-and-pack. Lorsque vos taureaux \u00e9prouv\u00e9s ne peuvent plus \u00eatre stock\u00e9s en aluminium, les cong\u00e9lateurs de la s\u00e9rie Stock sont un investissement judicieux pour s\u00e9curiser votre g\u00e9n\u00e9tique en vrac \u00e0 long terme.","og_url":"https:\/\/mvebio.com\/fr\/nos-produits\/eleveurs-congelateurs\/serie-dactions-mve\/","og_site_name":"MVE Biological Solutions","article_modified_time":"2026-02-18T15:41:22+00:00","og_image":[{"width":1200,"height":563,"url":"https:\/\/mvebio.com\/wp-content\/uploads\/sites\/4\/2023\/12\/800-Series-190-816P-190-1.jpg","type":"image\/jpeg"}],"twitter_card":"summary_large_image","twitter_site":"@MveBioSolutions","schema":{"@context":"https:\/\/schema.org","@graph":[{"@type":"WebPage","@id":"https:\/\/mvebio.com\/fr\/nos-produits\/eleveurs-congelateurs\/serie-dactions-mve\/","url":"https:\/\/mvebio.com\/fr\/nos-produits\/eleveurs-congelateurs\/serie-dactions-mve\/","name":"S\u00e9rie d'actions MVE - MVE Biological Solutions","isPartOf":{"@id":"https:\/\/mvebio.com\/fr\/#website"},"primaryImageOfPage":{"@id":"https:\/\/mvebio.com\/fr\/nos-produits\/eleveurs-congelateurs\/serie-dactions-mve\/#primaryimage"},"image":{"@id":"https:\/\/mvebio.com\/fr\/nos-produits\/eleveurs-congelateurs\/serie-dactions-mve\/#primaryimage"},"thumbnailUrl":"https:\/\/mvebio.com\/wp-content\/uploads\/sites\/4\/2023\/12\/800-Series-190-816P-190-1.jpg","datePublished":"2023-11-02T15:06:48+00:00","dateModified":"2026-02-18T15:41:22+00:00","description":"Cong\u00e9lateur id\u00e9al pour le stockage en vrac de vos germplasmes d'\u00e9lite. Les cong\u00e9lateurs cryog\u00e9niques de la s\u00e9rie Stock de MVE constituent la solution ultime pour le stockage en vrac de votre g\u00e9n\u00e9tique g\u00e9n\u00e9alogique. Les cong\u00e9lateurs de la s\u00e9rie Stock de MVE sont con\u00e7us dans un souci d'efficacit\u00e9, avec une large ouverture du col pour faciliter l'acc\u00e8s aux envois en pull-and-pack. Lorsque vos taureaux \u00e9prouv\u00e9s ne peuvent plus \u00eatre stock\u00e9s en aluminium, les cong\u00e9lateurs de la s\u00e9rie Stock sont un investissement judicieux pour s\u00e9curiser votre g\u00e9n\u00e9tique en vrac \u00e0 long terme.","breadcrumb":{"@id":"https:\/\/mvebio.com\/fr\/nos-produits\/eleveurs-congelateurs\/serie-dactions-mve\/#breadcrumb"},"inLanguage":"fr-FR","potentialAction":[{"@type":"ReadAction","target":["https:\/\/mvebio.com\/fr\/nos-produits\/eleveurs-congelateurs\/serie-dactions-mve\/"]}]},{"@type":"ImageObject","inLanguage":"fr-FR","@id":"https:\/\/mvebio.com\/fr\/nos-produits\/eleveurs-congelateurs\/serie-dactions-mve\/#primaryimage","url":"https:\/\/mvebio.com\/wp-content\/uploads\/sites\/4\/2023\/12\/800-Series-190-816P-190-1.jpg","contentUrl":"https:\/\/mvebio.com\/wp-content\/uploads\/sites\/4\/2023\/12\/800-Series-190-816P-190-1.jpg","width":1200,"height":563,"caption":"S\u00e9rie 800"},{"@type":"BreadcrumbList","@id":"https:\/\/mvebio.com\/fr\/nos-produits\/eleveurs-congelateurs\/serie-dactions-mve\/#breadcrumb","itemListElement":[{"@type":"ListItem","position":1,"name":"Accueil","item":"https:\/\/mvebio.com\/fr\/homepage\/"},{"@type":"ListItem","position":2,"name":"Nos produits","item":"https:\/\/mvebio.com\/fr\/nos-produits\/"},{"@type":"ListItem","position":3,"name":"\u00c9leveurs (cong\u00e9lateurs)","item":"https:\/\/mvebio.com\/fr\/nos-produits\/eleveurs-congelateurs\/"},{"@type":"ListItem","position":4,"name":"S\u00e9rie d&#8217;actions MVE"}]},{"@type":"WebSite","@id":"https:\/\/mvebio.com\/fr\/#website","url":"https:\/\/mvebio.com\/fr\/","name":"MVE Biological Solutions","description":"Cryogenic freezers and dewars","publisher":{"@id":"https:\/\/mvebio.com\/fr\/#organization"},"alternateName":"MVE Bio","potentialAction":[{"@type":"SearchAction","target":{"@type":"EntryPoint","urlTemplate":"https:\/\/mvebio.com\/fr\/?s={search_term_string}"},"query-input":{"@type":"PropertyValueSpecification","valueRequired":true,"valueName":"search_term_string"}}],"inLanguage":"fr-FR"},{"@type":"Organization","@id":"https:\/\/mvebio.com\/fr\/#organization","name":"MVE Biological Solutions","alternateName":"MVE Bio","url":"https:\/\/mvebio.com\/fr\/","logo":{"@type":"ImageObject","inLanguage":"fr-FR","@id":"https:\/\/mvebio.com\/fr\/#\/schema\/logo\/image\/","url":"https:\/\/mvebio.com\/wp-content\/uploads\/sites\/4\/2023\/12\/mve-square.png","contentUrl":"https:\/\/mvebio.com\/wp-content\/uploads\/sites\/4\/2023\/12\/mve-square.png","width":1200,"height":1200,"caption":"MVE Biological Solutions"},"image":{"@id":"https:\/\/mvebio.com\/fr\/#\/schema\/logo\/image\/"},"sameAs":["https:\/\/x.com\/MveBioSolutions","https:\/\/www.linkedin.com\/company\/mvebio\/"]}]}},"_links":{"self":[{"href":"https:\/\/mvebio.com\/fr\/wp-json\/wp\/v2\/pages\/11816","targetHints":{"allow":["GET"]}}],"collection":[{"href":"https:\/\/mvebio.com\/fr\/wp-json\/wp\/v2\/pages"}],"about":[{"href":"https:\/\/mvebio.com\/fr\/wp-json\/wp\/v2\/types\/page"}],"author":[{"embeddable":true,"href":"https:\/\/mvebio.com\/fr\/wp-json\/wp\/v2\/users\/1"}],"replies":[{"embeddable":true,"href":"https:\/\/mvebio.com\/fr\/wp-json\/wp\/v2\/comments?post=11816"}],"version-history":[{"count":1,"href":"https:\/\/mvebio.com\/fr\/wp-json\/wp\/v2\/pages\/11816\/revisions"}],"predecessor-version":[{"id":14473,"href":"https:\/\/mvebio.com\/fr\/wp-json\/wp\/v2\/pages\/11816\/revisions\/14473"}],"up":[{"embeddable":true,"href":"https:\/\/mvebio.com\/fr\/wp-json\/wp\/v2\/pages\/11799"}],"wp:featuredmedia":[{"embeddable":true,"href":"https:\/\/mvebio.com\/fr\/wp-json\/wp\/v2\/media\/10529"}],"wp:attachment":[{"href":"https:\/\/mvebio.com\/fr\/wp-json\/wp\/v2\/media?parent=11816"}],"curies":[{"name":"wp","href":"https:\/\/api.w.org\/{rel}","templated":true}]}}