{"id":11814,"date":"2023-03-30T10:49:14","date_gmt":"2023-03-30T09:49:14","guid":{"rendered":"https:\/\/mvebio.com\/sciences-de-la-vie-congelateurs\/mve-cryocart\/"},"modified":"2026-02-18T11:16:55","modified_gmt":"2026-02-18T16:16:55","slug":"mve-cryocart","status":"publish","type":"page","link":"https:\/\/mvebio.com\/fr\/nos-produits\/sciences-de-la-vie-congelateurs\/mve-cryocart\/","title":{"rendered":"MVE CryoCart"},"content":{"rendered":"","protected":false},"excerpt":{"rendered":"<p>Travailler et transporter efficacement des \u00e9chantillons biologiques critiques<\/p>\n","protected":false},"author":1,"featured_media":10537,"parent":11804,"menu_order":0,"comment_status":"closed","ping_status":"closed","template":"","meta":{"_acf_changed":false,"footnotes":""},"class_list":["post-11814","page","type-page","status-publish","has-post-thumbnail","hentry"],"acf":[],"yoast_head":"<!-- This site is optimized with the Yoast SEO plugin v27.2 - https:\/\/yoast.com\/product\/yoast-seo-wordpress\/ -->\n<title>MVE CryoCart - MVE Biological Solutions<\/title>\n<meta name=\"description\" content=\"Chargez et transportez vos \u00e9chantillons cryog\u00e9niques en toute confiance. Travaillez-vous dans un d\u00e9p\u00f4t biologique, une ferme de cong\u00e9lation ou une installation de biobanque ? Vous devez transporter de grandes quantit\u00e9s d&#039;\u00e9chantillons cryog\u00e9niques \u00e0 l&#039;aide d&#039;un banc de travail cryog\u00e9nique portable - d&#039;un r\u00e9servoir \u00e0 l&#039;autre - sans compromettre leur viabilit\u00e9 ? Si c&#039;est le cas, le CryoCart de MVE pourrait \u00eatre ce qu&#039;il vous faut. Depuis plus de dix ans, cet \u00e9quipement innovant est la r\u00e9f\u00e9rence en mati\u00e8re de minimisation des temps de sortie de l&#039;environnement pour les produits cellulaires.\" \/>\n<meta name=\"robots\" content=\"index, follow, max-snippet:-1, max-image-preview:large, max-video-preview:-1\" \/>\n<link rel=\"canonical\" href=\"https:\/\/mvebio.com\/fr\/nos-produits\/sciences-de-la-vie-congelateurs\/mve-cryocart\/\" \/>\n<meta property=\"og:locale\" content=\"fr_FR\" \/>\n<meta property=\"og:type\" content=\"article\" \/>\n<meta property=\"og:title\" content=\"MVE CryoCart - MVE Biological Solutions\" \/>\n<meta property=\"og:description\" content=\"Chargez et transportez vos \u00e9chantillons cryog\u00e9niques en toute confiance. Travaillez-vous dans un d\u00e9p\u00f4t biologique, une ferme de cong\u00e9lation ou une installation de biobanque ? Vous devez transporter de grandes quantit\u00e9s d&#039;\u00e9chantillons cryog\u00e9niques \u00e0 l&#039;aide d&#039;un banc de travail cryog\u00e9nique portable - d&#039;un r\u00e9servoir \u00e0 l&#039;autre - sans compromettre leur viabilit\u00e9 ? Si c&#039;est le cas, le CryoCart de MVE pourrait \u00eatre ce qu&#039;il vous faut. Depuis plus de dix ans, cet \u00e9quipement innovant est la r\u00e9f\u00e9rence en mati\u00e8re de minimisation des temps de sortie de l&#039;environnement pour les produits cellulaires.\" \/>\n<meta property=\"og:url\" content=\"https:\/\/mvebio.com\/fr\/nos-produits\/sciences-de-la-vie-congelateurs\/mve-cryocart\/\" \/>\n<meta property=\"og:site_name\" content=\"MVE Biological Solutions\" \/>\n<meta property=\"article:modified_time\" content=\"2026-02-18T16:16:55+00:00\" \/>\n<meta property=\"og:image\" content=\"https:\/\/mvebio.com\/wp-content\/uploads\/sites\/4\/2023\/12\/Cryo-Cart-1.jpg\" \/>\n\t<meta property=\"og:image:width\" content=\"1200\" \/>\n\t<meta property=\"og:image:height\" content=\"563\" \/>\n\t<meta property=\"og:image:type\" content=\"image\/jpeg\" \/>\n<meta name=\"twitter:card\" content=\"summary_large_image\" \/>\n<meta name=\"twitter:site\" content=\"@MveBioSolutions\" \/>\n<script type=\"application\/ld+json\" class=\"yoast-schema-graph\">{\"@context\":\"https:\/\/schema.org\",\"@graph\":[{\"@type\":\"WebPage\",\"@id\":\"https:\/\/mvebio.com\/fr\/nos-produits\/sciences-de-la-vie-congelateurs\/mve-cryocart\/\",\"url\":\"https:\/\/mvebio.com\/fr\/nos-produits\/sciences-de-la-vie-congelateurs\/mve-cryocart\/\",\"name\":\"MVE CryoCart - MVE Biological Solutions\",\"isPartOf\":{\"@id\":\"https:\/\/mvebio.com\/fr\/#website\"},\"primaryImageOfPage\":{\"@id\":\"https:\/\/mvebio.com\/fr\/nos-produits\/sciences-de-la-vie-congelateurs\/mve-cryocart\/#primaryimage\"},\"image\":{\"@id\":\"https:\/\/mvebio.com\/fr\/nos-produits\/sciences-de-la-vie-congelateurs\/mve-cryocart\/#primaryimage\"},\"thumbnailUrl\":\"https:\/\/mvebio.com\/wp-content\/uploads\/sites\/4\/2023\/12\/Cryo-Cart-1.jpg\",\"datePublished\":\"2023-03-30T09:49:14+00:00\",\"dateModified\":\"2026-02-18T16:16:55+00:00\",\"description\":\"Chargez et transportez vos \u00e9chantillons cryog\u00e9niques en toute confiance. Travaillez-vous dans un d\u00e9p\u00f4t biologique, une ferme de cong\u00e9lation ou une installation de biobanque ? Vous devez transporter de grandes quantit\u00e9s d'\u00e9chantillons cryog\u00e9niques \u00e0 l'aide d'un banc de travail cryog\u00e9nique portable - d'un r\u00e9servoir \u00e0 l'autre - sans compromettre leur viabilit\u00e9 ? Si c'est le cas, le CryoCart de MVE pourrait \u00eatre ce qu'il vous faut. Depuis plus de dix ans, cet \u00e9quipement innovant est la r\u00e9f\u00e9rence en mati\u00e8re de minimisation des temps de sortie de l'environnement pour les produits cellulaires.\",\"breadcrumb\":{\"@id\":\"https:\/\/mvebio.com\/fr\/nos-produits\/sciences-de-la-vie-congelateurs\/mve-cryocart\/#breadcrumb\"},\"inLanguage\":\"fr-FR\",\"potentialAction\":[{\"@type\":\"ReadAction\",\"target\":[\"https:\/\/mvebio.com\/fr\/nos-produits\/sciences-de-la-vie-congelateurs\/mve-cryocart\/\"]}]},{\"@type\":\"ImageObject\",\"inLanguage\":\"fr-FR\",\"@id\":\"https:\/\/mvebio.com\/fr\/nos-produits\/sciences-de-la-vie-congelateurs\/mve-cryocart\/#primaryimage\",\"url\":\"https:\/\/mvebio.com\/wp-content\/uploads\/sites\/4\/2023\/12\/Cryo-Cart-1.jpg\",\"contentUrl\":\"https:\/\/mvebio.com\/wp-content\/uploads\/sites\/4\/2023\/12\/Cryo-Cart-1.jpg\",\"width\":1200,\"height\":563,\"caption\":\"CryoCart\"},{\"@type\":\"BreadcrumbList\",\"@id\":\"https:\/\/mvebio.com\/fr\/nos-produits\/sciences-de-la-vie-congelateurs\/mve-cryocart\/#breadcrumb\",\"itemListElement\":[{\"@type\":\"ListItem\",\"position\":1,\"name\":\"Accueil\",\"item\":\"https:\/\/mvebio.com\/fr\/homepage\/\"},{\"@type\":\"ListItem\",\"position\":2,\"name\":\"Nos produits\",\"item\":\"https:\/\/mvebio.com\/fr\/nos-produits\/\"},{\"@type\":\"ListItem\",\"position\":3,\"name\":\"Sciences de la vie (cong\u00e9lateurs)\",\"item\":\"https:\/\/mvebio.com\/fr\/nos-produits\/sciences-de-la-vie-congelateurs\/\"},{\"@type\":\"ListItem\",\"position\":4,\"name\":\"MVE CryoCart\"}]},{\"@type\":\"WebSite\",\"@id\":\"https:\/\/mvebio.com\/fr\/#website\",\"url\":\"https:\/\/mvebio.com\/fr\/\",\"name\":\"MVE Biological Solutions\",\"description\":\"Cryogenic freezers and dewars\",\"publisher\":{\"@id\":\"https:\/\/mvebio.com\/fr\/#organization\"},\"alternateName\":\"MVE Bio\",\"potentialAction\":[{\"@type\":\"SearchAction\",\"target\":{\"@type\":\"EntryPoint\",\"urlTemplate\":\"https:\/\/mvebio.com\/fr\/?s={search_term_string}\"},\"query-input\":{\"@type\":\"PropertyValueSpecification\",\"valueRequired\":true,\"valueName\":\"search_term_string\"}}],\"inLanguage\":\"fr-FR\"},{\"@type\":\"Organization\",\"@id\":\"https:\/\/mvebio.com\/fr\/#organization\",\"name\":\"MVE Biological Solutions\",\"alternateName\":\"MVE Bio\",\"url\":\"https:\/\/mvebio.com\/fr\/\",\"logo\":{\"@type\":\"ImageObject\",\"inLanguage\":\"fr-FR\",\"@id\":\"https:\/\/mvebio.com\/fr\/#\/schema\/logo\/image\/\",\"url\":\"https:\/\/mvebio.com\/wp-content\/uploads\/sites\/4\/2023\/12\/mve-square.png\",\"contentUrl\":\"https:\/\/mvebio.com\/wp-content\/uploads\/sites\/4\/2023\/12\/mve-square.png\",\"width\":1200,\"height\":1200,\"caption\":\"MVE Biological Solutions\"},\"image\":{\"@id\":\"https:\/\/mvebio.com\/fr\/#\/schema\/logo\/image\/\"},\"sameAs\":[\"https:\/\/x.com\/MveBioSolutions\",\"https:\/\/www.linkedin.com\/company\/mvebio\/\"]}]}<\/script>\n<!-- \/ Yoast SEO plugin. -->","yoast_head_json":{"title":"MVE CryoCart - MVE Biological Solutions","description":"Chargez et transportez vos \u00e9chantillons cryog\u00e9niques en toute confiance. Travaillez-vous dans un d\u00e9p\u00f4t biologique, une ferme de cong\u00e9lation ou une installation de biobanque ? Vous devez transporter de grandes quantit\u00e9s d'\u00e9chantillons cryog\u00e9niques \u00e0 l'aide d'un banc de travail cryog\u00e9nique portable - d'un r\u00e9servoir \u00e0 l'autre - sans compromettre leur viabilit\u00e9 ? Si c'est le cas, le CryoCart de MVE pourrait \u00eatre ce qu'il vous faut. Depuis plus de dix ans, cet \u00e9quipement innovant est la r\u00e9f\u00e9rence en mati\u00e8re de minimisation des temps de sortie de l'environnement pour les produits cellulaires.","robots":{"index":"index","follow":"follow","max-snippet":"max-snippet:-1","max-image-preview":"max-image-preview:large","max-video-preview":"max-video-preview:-1"},"canonical":"https:\/\/mvebio.com\/fr\/nos-produits\/sciences-de-la-vie-congelateurs\/mve-cryocart\/","og_locale":"fr_FR","og_type":"article","og_title":"MVE CryoCart - MVE Biological Solutions","og_description":"Chargez et transportez vos \u00e9chantillons cryog\u00e9niques en toute confiance. Travaillez-vous dans un d\u00e9p\u00f4t biologique, une ferme de cong\u00e9lation ou une installation de biobanque ? Vous devez transporter de grandes quantit\u00e9s d'\u00e9chantillons cryog\u00e9niques \u00e0 l'aide d'un banc de travail cryog\u00e9nique portable - d'un r\u00e9servoir \u00e0 l'autre - sans compromettre leur viabilit\u00e9 ? Si c'est le cas, le CryoCart de MVE pourrait \u00eatre ce qu'il vous faut. Depuis plus de dix ans, cet \u00e9quipement innovant est la r\u00e9f\u00e9rence en mati\u00e8re de minimisation des temps de sortie de l'environnement pour les produits cellulaires.","og_url":"https:\/\/mvebio.com\/fr\/nos-produits\/sciences-de-la-vie-congelateurs\/mve-cryocart\/","og_site_name":"MVE Biological Solutions","article_modified_time":"2026-02-18T16:16:55+00:00","og_image":[{"width":1200,"height":563,"url":"https:\/\/mvebio.com\/wp-content\/uploads\/sites\/4\/2023\/12\/Cryo-Cart-1.jpg","type":"image\/jpeg"}],"twitter_card":"summary_large_image","twitter_site":"@MveBioSolutions","schema":{"@context":"https:\/\/schema.org","@graph":[{"@type":"WebPage","@id":"https:\/\/mvebio.com\/fr\/nos-produits\/sciences-de-la-vie-congelateurs\/mve-cryocart\/","url":"https:\/\/mvebio.com\/fr\/nos-produits\/sciences-de-la-vie-congelateurs\/mve-cryocart\/","name":"MVE CryoCart - MVE Biological Solutions","isPartOf":{"@id":"https:\/\/mvebio.com\/fr\/#website"},"primaryImageOfPage":{"@id":"https:\/\/mvebio.com\/fr\/nos-produits\/sciences-de-la-vie-congelateurs\/mve-cryocart\/#primaryimage"},"image":{"@id":"https:\/\/mvebio.com\/fr\/nos-produits\/sciences-de-la-vie-congelateurs\/mve-cryocart\/#primaryimage"},"thumbnailUrl":"https:\/\/mvebio.com\/wp-content\/uploads\/sites\/4\/2023\/12\/Cryo-Cart-1.jpg","datePublished":"2023-03-30T09:49:14+00:00","dateModified":"2026-02-18T16:16:55+00:00","description":"Chargez et transportez vos \u00e9chantillons cryog\u00e9niques en toute confiance. Travaillez-vous dans un d\u00e9p\u00f4t biologique, une ferme de cong\u00e9lation ou une installation de biobanque ? Vous devez transporter de grandes quantit\u00e9s d'\u00e9chantillons cryog\u00e9niques \u00e0 l'aide d'un banc de travail cryog\u00e9nique portable - d'un r\u00e9servoir \u00e0 l'autre - sans compromettre leur viabilit\u00e9 ? Si c'est le cas, le CryoCart de MVE pourrait \u00eatre ce qu'il vous faut. Depuis plus de dix ans, cet \u00e9quipement innovant est la r\u00e9f\u00e9rence en mati\u00e8re de minimisation des temps de sortie de l'environnement pour les produits cellulaires.","breadcrumb":{"@id":"https:\/\/mvebio.com\/fr\/nos-produits\/sciences-de-la-vie-congelateurs\/mve-cryocart\/#breadcrumb"},"inLanguage":"fr-FR","potentialAction":[{"@type":"ReadAction","target":["https:\/\/mvebio.com\/fr\/nos-produits\/sciences-de-la-vie-congelateurs\/mve-cryocart\/"]}]},{"@type":"ImageObject","inLanguage":"fr-FR","@id":"https:\/\/mvebio.com\/fr\/nos-produits\/sciences-de-la-vie-congelateurs\/mve-cryocart\/#primaryimage","url":"https:\/\/mvebio.com\/wp-content\/uploads\/sites\/4\/2023\/12\/Cryo-Cart-1.jpg","contentUrl":"https:\/\/mvebio.com\/wp-content\/uploads\/sites\/4\/2023\/12\/Cryo-Cart-1.jpg","width":1200,"height":563,"caption":"CryoCart"},{"@type":"BreadcrumbList","@id":"https:\/\/mvebio.com\/fr\/nos-produits\/sciences-de-la-vie-congelateurs\/mve-cryocart\/#breadcrumb","itemListElement":[{"@type":"ListItem","position":1,"name":"Accueil","item":"https:\/\/mvebio.com\/fr\/homepage\/"},{"@type":"ListItem","position":2,"name":"Nos produits","item":"https:\/\/mvebio.com\/fr\/nos-produits\/"},{"@type":"ListItem","position":3,"name":"Sciences de la vie (cong\u00e9lateurs)","item":"https:\/\/mvebio.com\/fr\/nos-produits\/sciences-de-la-vie-congelateurs\/"},{"@type":"ListItem","position":4,"name":"MVE CryoCart"}]},{"@type":"WebSite","@id":"https:\/\/mvebio.com\/fr\/#website","url":"https:\/\/mvebio.com\/fr\/","name":"MVE Biological Solutions","description":"Cryogenic freezers and dewars","publisher":{"@id":"https:\/\/mvebio.com\/fr\/#organization"},"alternateName":"MVE Bio","potentialAction":[{"@type":"SearchAction","target":{"@type":"EntryPoint","urlTemplate":"https:\/\/mvebio.com\/fr\/?s={search_term_string}"},"query-input":{"@type":"PropertyValueSpecification","valueRequired":true,"valueName":"search_term_string"}}],"inLanguage":"fr-FR"},{"@type":"Organization","@id":"https:\/\/mvebio.com\/fr\/#organization","name":"MVE Biological Solutions","alternateName":"MVE Bio","url":"https:\/\/mvebio.com\/fr\/","logo":{"@type":"ImageObject","inLanguage":"fr-FR","@id":"https:\/\/mvebio.com\/fr\/#\/schema\/logo\/image\/","url":"https:\/\/mvebio.com\/wp-content\/uploads\/sites\/4\/2023\/12\/mve-square.png","contentUrl":"https:\/\/mvebio.com\/wp-content\/uploads\/sites\/4\/2023\/12\/mve-square.png","width":1200,"height":1200,"caption":"MVE Biological Solutions"},"image":{"@id":"https:\/\/mvebio.com\/fr\/#\/schema\/logo\/image\/"},"sameAs":["https:\/\/x.com\/MveBioSolutions","https:\/\/www.linkedin.com\/company\/mvebio\/"]}]}},"_links":{"self":[{"href":"https:\/\/mvebio.com\/fr\/wp-json\/wp\/v2\/pages\/11814","targetHints":{"allow":["GET"]}}],"collection":[{"href":"https:\/\/mvebio.com\/fr\/wp-json\/wp\/v2\/pages"}],"about":[{"href":"https:\/\/mvebio.com\/fr\/wp-json\/wp\/v2\/types\/page"}],"author":[{"embeddable":true,"href":"https:\/\/mvebio.com\/fr\/wp-json\/wp\/v2\/users\/1"}],"replies":[{"embeddable":true,"href":"https:\/\/mvebio.com\/fr\/wp-json\/wp\/v2\/comments?post=11814"}],"version-history":[{"count":1,"href":"https:\/\/mvebio.com\/fr\/wp-json\/wp\/v2\/pages\/11814\/revisions"}],"predecessor-version":[{"id":14579,"href":"https:\/\/mvebio.com\/fr\/wp-json\/wp\/v2\/pages\/11814\/revisions\/14579"}],"up":[{"embeddable":true,"href":"https:\/\/mvebio.com\/fr\/wp-json\/wp\/v2\/pages\/11804"}],"wp:featuredmedia":[{"embeddable":true,"href":"https:\/\/mvebio.com\/fr\/wp-json\/wp\/v2\/media\/10537"}],"wp:attachment":[{"href":"https:\/\/mvebio.com\/fr\/wp-json\/wp\/v2\/media?parent=11814"}],"curies":[{"name":"wp","href":"https:\/\/api.w.org\/{rel}","templated":true}]}}