{"id":11810,"date":"2023-03-30T11:07:35","date_gmt":"2023-03-30T10:07:35","guid":{"rendered":"https:\/\/mvebio.com\/serie-mve-doble-2\/"},"modified":"2026-02-18T10:43:15","modified_gmt":"2026-02-18T15:43:15","slug":"serie-mve-doble-2","status":"publish","type":"page","link":"https:\/\/mvebio.com\/fr\/nos-produits\/eleveurs-aluminium\/serie-mve-doble-2\/","title":{"rendered":"S\u00e9rie MVE Doble"},"content":{"rendered":"","protected":false},"excerpt":{"rendered":"<p>Exp\u00e9dition cryog\u00e9nique et stockage d&rsquo;\u00e9chantillons liquides dans un seul dewar pratique<\/p>\n","protected":false},"author":1,"featured_media":10604,"parent":11841,"menu_order":0,"comment_status":"closed","ping_status":"closed","template":"","meta":{"_acf_changed":false,"footnotes":""},"class_list":["post-11810","page","type-page","status-publish","has-post-thumbnail","hentry"],"acf":[],"yoast_head":"<!-- This site is optimized with the Yoast SEO plugin v27.2 - https:\/\/yoast.com\/product\/yoast-seo-wordpress\/ -->\n<title>S\u00e9rie MVE Doble - MVE Biological Solutions<\/title>\n<meta name=\"description\" content=\"Si vous travaillez dans le secteur de l&#039;\u00e9levage et que vous devez transporter du sperme, des embryons ou des \u00e9chantillons provenant d&#039;\u00e9leveurs, ce dewar innovant vous permettra d&#039;effectuer des exp\u00e9ditions cryog\u00e9niques en toute s\u00e9curit\u00e9. La s\u00e9rie Doble est con\u00e7ue pour tirer parti de la technologie du transport de vapeur afin d&#039;acheminer vos produits g\u00e9n\u00e9tiques jusqu&#039;\u00e0 leur destination, puis, une fois sur place, elle peut \u00eatre utilis\u00e9e comme r\u00e9servoir de stockage d&#039;\u00e9chantillons standard. De plus, vous ne perdrez pas un instant de votre temps pr\u00e9cieux avec la s\u00e9rie MVE Doble. En effet, vos \u00e9chantillons critiques peuvent \u00eatre pr\u00eats \u00e0 \u00eatre exp\u00e9di\u00e9s en moins de deux heures*\" \/>\n<meta name=\"robots\" content=\"index, follow, max-snippet:-1, max-image-preview:large, max-video-preview:-1\" \/>\n<link rel=\"canonical\" href=\"https:\/\/mvebio.com\/fr\/nos-produits\/eleveurs-aluminium\/serie-mve-doble-2\/\" \/>\n<meta property=\"og:locale\" content=\"fr_FR\" \/>\n<meta property=\"og:type\" content=\"article\" \/>\n<meta property=\"og:title\" content=\"S\u00e9rie MVE Doble - MVE Biological Solutions\" \/>\n<meta property=\"og:description\" content=\"Si vous travaillez dans le secteur de l&#039;\u00e9levage et que vous devez transporter du sperme, des embryons ou des \u00e9chantillons provenant d&#039;\u00e9leveurs, ce dewar innovant vous permettra d&#039;effectuer des exp\u00e9ditions cryog\u00e9niques en toute s\u00e9curit\u00e9. La s\u00e9rie Doble est con\u00e7ue pour tirer parti de la technologie du transport de vapeur afin d&#039;acheminer vos produits g\u00e9n\u00e9tiques jusqu&#039;\u00e0 leur destination, puis, une fois sur place, elle peut \u00eatre utilis\u00e9e comme r\u00e9servoir de stockage d&#039;\u00e9chantillons standard. De plus, vous ne perdrez pas un instant de votre temps pr\u00e9cieux avec la s\u00e9rie MVE Doble. En effet, vos \u00e9chantillons critiques peuvent \u00eatre pr\u00eats \u00e0 \u00eatre exp\u00e9di\u00e9s en moins de deux heures*\" \/>\n<meta property=\"og:url\" content=\"https:\/\/mvebio.com\/fr\/nos-produits\/eleveurs-aluminium\/serie-mve-doble-2\/\" \/>\n<meta property=\"og:site_name\" content=\"MVE Biological Solutions\" \/>\n<meta property=\"article:modified_time\" content=\"2026-02-18T15:43:15+00:00\" \/>\n<meta property=\"og:image\" content=\"https:\/\/mvebio.com\/wp-content\/uploads\/sites\/4\/2023\/12\/Doble-Series-1.jpg\" \/>\n\t<meta property=\"og:image:width\" content=\"1200\" \/>\n\t<meta property=\"og:image:height\" content=\"562\" \/>\n\t<meta property=\"og:image:type\" content=\"image\/jpeg\" \/>\n<meta name=\"twitter:card\" content=\"summary_large_image\" \/>\n<meta name=\"twitter:site\" content=\"@MveBioSolutions\" \/>\n<script type=\"application\/ld+json\" class=\"yoast-schema-graph\">{\"@context\":\"https:\/\/schema.org\",\"@graph\":[{\"@type\":\"WebPage\",\"@id\":\"https:\/\/mvebio.com\/fr\/nos-produits\/eleveurs-aluminium\/serie-mve-doble-2\/\",\"url\":\"https:\/\/mvebio.com\/fr\/nos-produits\/eleveurs-aluminium\/serie-mve-doble-2\/\",\"name\":\"S\u00e9rie MVE Doble - MVE Biological Solutions\",\"isPartOf\":{\"@id\":\"https:\/\/mvebio.com\/fr\/#website\"},\"primaryImageOfPage\":{\"@id\":\"https:\/\/mvebio.com\/fr\/nos-produits\/eleveurs-aluminium\/serie-mve-doble-2\/#primaryimage\"},\"image\":{\"@id\":\"https:\/\/mvebio.com\/fr\/nos-produits\/eleveurs-aluminium\/serie-mve-doble-2\/#primaryimage\"},\"thumbnailUrl\":\"https:\/\/mvebio.com\/wp-content\/uploads\/sites\/4\/2023\/12\/Doble-Series-1.jpg\",\"datePublished\":\"2023-03-30T10:07:35+00:00\",\"dateModified\":\"2026-02-18T15:43:15+00:00\",\"description\":\"Si vous travaillez dans le secteur de l'\u00e9levage et que vous devez transporter du sperme, des embryons ou des \u00e9chantillons provenant d'\u00e9leveurs, ce dewar innovant vous permettra d'effectuer des exp\u00e9ditions cryog\u00e9niques en toute s\u00e9curit\u00e9. La s\u00e9rie Doble est con\u00e7ue pour tirer parti de la technologie du transport de vapeur afin d'acheminer vos produits g\u00e9n\u00e9tiques jusqu'\u00e0 leur destination, puis, une fois sur place, elle peut \u00eatre utilis\u00e9e comme r\u00e9servoir de stockage d'\u00e9chantillons standard. De plus, vous ne perdrez pas un instant de votre temps pr\u00e9cieux avec la s\u00e9rie MVE Doble. En effet, vos \u00e9chantillons critiques peuvent \u00eatre pr\u00eats \u00e0 \u00eatre exp\u00e9di\u00e9s en moins de deux heures*\",\"breadcrumb\":{\"@id\":\"https:\/\/mvebio.com\/fr\/nos-produits\/eleveurs-aluminium\/serie-mve-doble-2\/#breadcrumb\"},\"inLanguage\":\"fr-FR\",\"potentialAction\":[{\"@type\":\"ReadAction\",\"target\":[\"https:\/\/mvebio.com\/fr\/nos-produits\/eleveurs-aluminium\/serie-mve-doble-2\/\"]}]},{\"@type\":\"ImageObject\",\"inLanguage\":\"fr-FR\",\"@id\":\"https:\/\/mvebio.com\/fr\/nos-produits\/eleveurs-aluminium\/serie-mve-doble-2\/#primaryimage\",\"url\":\"https:\/\/mvebio.com\/wp-content\/uploads\/sites\/4\/2023\/12\/Doble-Series-1.jpg\",\"contentUrl\":\"https:\/\/mvebio.com\/wp-content\/uploads\/sites\/4\/2023\/12\/Doble-Series-1.jpg\",\"width\":1200,\"height\":562,\"caption\":\"S\u00e9rie Doble\"},{\"@type\":\"BreadcrumbList\",\"@id\":\"https:\/\/mvebio.com\/fr\/nos-produits\/eleveurs-aluminium\/serie-mve-doble-2\/#breadcrumb\",\"itemListElement\":[{\"@type\":\"ListItem\",\"position\":1,\"name\":\"Accueil\",\"item\":\"https:\/\/mvebio.com\/fr\/homepage\/\"},{\"@type\":\"ListItem\",\"position\":2,\"name\":\"Nos produits\",\"item\":\"https:\/\/mvebio.com\/fr\/nos-produits\/\"},{\"@type\":\"ListItem\",\"position\":3,\"name\":\"\u00c9leveurs (aluminium)\",\"item\":\"https:\/\/mvebio.com\/fr\/nos-produits\/eleveurs-aluminium\/\"},{\"@type\":\"ListItem\",\"position\":4,\"name\":\"S\u00e9rie MVE Doble\"}]},{\"@type\":\"WebSite\",\"@id\":\"https:\/\/mvebio.com\/fr\/#website\",\"url\":\"https:\/\/mvebio.com\/fr\/\",\"name\":\"MVE Biological Solutions\",\"description\":\"Cryogenic freezers and dewars\",\"publisher\":{\"@id\":\"https:\/\/mvebio.com\/fr\/#organization\"},\"alternateName\":\"MVE Bio\",\"potentialAction\":[{\"@type\":\"SearchAction\",\"target\":{\"@type\":\"EntryPoint\",\"urlTemplate\":\"https:\/\/mvebio.com\/fr\/?s={search_term_string}\"},\"query-input\":{\"@type\":\"PropertyValueSpecification\",\"valueRequired\":true,\"valueName\":\"search_term_string\"}}],\"inLanguage\":\"fr-FR\"},{\"@type\":\"Organization\",\"@id\":\"https:\/\/mvebio.com\/fr\/#organization\",\"name\":\"MVE Biological Solutions\",\"alternateName\":\"MVE Bio\",\"url\":\"https:\/\/mvebio.com\/fr\/\",\"logo\":{\"@type\":\"ImageObject\",\"inLanguage\":\"fr-FR\",\"@id\":\"https:\/\/mvebio.com\/fr\/#\/schema\/logo\/image\/\",\"url\":\"https:\/\/mvebio.com\/wp-content\/uploads\/sites\/4\/2023\/12\/mve-square.png\",\"contentUrl\":\"https:\/\/mvebio.com\/wp-content\/uploads\/sites\/4\/2023\/12\/mve-square.png\",\"width\":1200,\"height\":1200,\"caption\":\"MVE Biological Solutions\"},\"image\":{\"@id\":\"https:\/\/mvebio.com\/fr\/#\/schema\/logo\/image\/\"},\"sameAs\":[\"https:\/\/x.com\/MveBioSolutions\",\"https:\/\/www.linkedin.com\/company\/mvebio\/\"]}]}<\/script>\n<!-- \/ Yoast SEO plugin. -->","yoast_head_json":{"title":"S\u00e9rie MVE Doble - MVE Biological Solutions","description":"Si vous travaillez dans le secteur de l'\u00e9levage et que vous devez transporter du sperme, des embryons ou des \u00e9chantillons provenant d'\u00e9leveurs, ce dewar innovant vous permettra d'effectuer des exp\u00e9ditions cryog\u00e9niques en toute s\u00e9curit\u00e9. La s\u00e9rie Doble est con\u00e7ue pour tirer parti de la technologie du transport de vapeur afin d'acheminer vos produits g\u00e9n\u00e9tiques jusqu'\u00e0 leur destination, puis, une fois sur place, elle peut \u00eatre utilis\u00e9e comme r\u00e9servoir de stockage d'\u00e9chantillons standard. De plus, vous ne perdrez pas un instant de votre temps pr\u00e9cieux avec la s\u00e9rie MVE Doble. En effet, vos \u00e9chantillons critiques peuvent \u00eatre pr\u00eats \u00e0 \u00eatre exp\u00e9di\u00e9s en moins de deux heures*","robots":{"index":"index","follow":"follow","max-snippet":"max-snippet:-1","max-image-preview":"max-image-preview:large","max-video-preview":"max-video-preview:-1"},"canonical":"https:\/\/mvebio.com\/fr\/nos-produits\/eleveurs-aluminium\/serie-mve-doble-2\/","og_locale":"fr_FR","og_type":"article","og_title":"S\u00e9rie MVE Doble - MVE Biological Solutions","og_description":"Si vous travaillez dans le secteur de l'\u00e9levage et que vous devez transporter du sperme, des embryons ou des \u00e9chantillons provenant d'\u00e9leveurs, ce dewar innovant vous permettra d'effectuer des exp\u00e9ditions cryog\u00e9niques en toute s\u00e9curit\u00e9. La s\u00e9rie Doble est con\u00e7ue pour tirer parti de la technologie du transport de vapeur afin d'acheminer vos produits g\u00e9n\u00e9tiques jusqu'\u00e0 leur destination, puis, une fois sur place, elle peut \u00eatre utilis\u00e9e comme r\u00e9servoir de stockage d'\u00e9chantillons standard. De plus, vous ne perdrez pas un instant de votre temps pr\u00e9cieux avec la s\u00e9rie MVE Doble. En effet, vos \u00e9chantillons critiques peuvent \u00eatre pr\u00eats \u00e0 \u00eatre exp\u00e9di\u00e9s en moins de deux heures*","og_url":"https:\/\/mvebio.com\/fr\/nos-produits\/eleveurs-aluminium\/serie-mve-doble-2\/","og_site_name":"MVE Biological Solutions","article_modified_time":"2026-02-18T15:43:15+00:00","og_image":[{"width":1200,"height":562,"url":"https:\/\/mvebio.com\/wp-content\/uploads\/sites\/4\/2023\/12\/Doble-Series-1.jpg","type":"image\/jpeg"}],"twitter_card":"summary_large_image","twitter_site":"@MveBioSolutions","schema":{"@context":"https:\/\/schema.org","@graph":[{"@type":"WebPage","@id":"https:\/\/mvebio.com\/fr\/nos-produits\/eleveurs-aluminium\/serie-mve-doble-2\/","url":"https:\/\/mvebio.com\/fr\/nos-produits\/eleveurs-aluminium\/serie-mve-doble-2\/","name":"S\u00e9rie MVE Doble - MVE Biological Solutions","isPartOf":{"@id":"https:\/\/mvebio.com\/fr\/#website"},"primaryImageOfPage":{"@id":"https:\/\/mvebio.com\/fr\/nos-produits\/eleveurs-aluminium\/serie-mve-doble-2\/#primaryimage"},"image":{"@id":"https:\/\/mvebio.com\/fr\/nos-produits\/eleveurs-aluminium\/serie-mve-doble-2\/#primaryimage"},"thumbnailUrl":"https:\/\/mvebio.com\/wp-content\/uploads\/sites\/4\/2023\/12\/Doble-Series-1.jpg","datePublished":"2023-03-30T10:07:35+00:00","dateModified":"2026-02-18T15:43:15+00:00","description":"Si vous travaillez dans le secteur de l'\u00e9levage et que vous devez transporter du sperme, des embryons ou des \u00e9chantillons provenant d'\u00e9leveurs, ce dewar innovant vous permettra d'effectuer des exp\u00e9ditions cryog\u00e9niques en toute s\u00e9curit\u00e9. La s\u00e9rie Doble est con\u00e7ue pour tirer parti de la technologie du transport de vapeur afin d'acheminer vos produits g\u00e9n\u00e9tiques jusqu'\u00e0 leur destination, puis, une fois sur place, elle peut \u00eatre utilis\u00e9e comme r\u00e9servoir de stockage d'\u00e9chantillons standard. De plus, vous ne perdrez pas un instant de votre temps pr\u00e9cieux avec la s\u00e9rie MVE Doble. En effet, vos \u00e9chantillons critiques peuvent \u00eatre pr\u00eats \u00e0 \u00eatre exp\u00e9di\u00e9s en moins de deux heures*","breadcrumb":{"@id":"https:\/\/mvebio.com\/fr\/nos-produits\/eleveurs-aluminium\/serie-mve-doble-2\/#breadcrumb"},"inLanguage":"fr-FR","potentialAction":[{"@type":"ReadAction","target":["https:\/\/mvebio.com\/fr\/nos-produits\/eleveurs-aluminium\/serie-mve-doble-2\/"]}]},{"@type":"ImageObject","inLanguage":"fr-FR","@id":"https:\/\/mvebio.com\/fr\/nos-produits\/eleveurs-aluminium\/serie-mve-doble-2\/#primaryimage","url":"https:\/\/mvebio.com\/wp-content\/uploads\/sites\/4\/2023\/12\/Doble-Series-1.jpg","contentUrl":"https:\/\/mvebio.com\/wp-content\/uploads\/sites\/4\/2023\/12\/Doble-Series-1.jpg","width":1200,"height":562,"caption":"S\u00e9rie Doble"},{"@type":"BreadcrumbList","@id":"https:\/\/mvebio.com\/fr\/nos-produits\/eleveurs-aluminium\/serie-mve-doble-2\/#breadcrumb","itemListElement":[{"@type":"ListItem","position":1,"name":"Accueil","item":"https:\/\/mvebio.com\/fr\/homepage\/"},{"@type":"ListItem","position":2,"name":"Nos produits","item":"https:\/\/mvebio.com\/fr\/nos-produits\/"},{"@type":"ListItem","position":3,"name":"\u00c9leveurs (aluminium)","item":"https:\/\/mvebio.com\/fr\/nos-produits\/eleveurs-aluminium\/"},{"@type":"ListItem","position":4,"name":"S\u00e9rie MVE Doble"}]},{"@type":"WebSite","@id":"https:\/\/mvebio.com\/fr\/#website","url":"https:\/\/mvebio.com\/fr\/","name":"MVE Biological Solutions","description":"Cryogenic freezers and dewars","publisher":{"@id":"https:\/\/mvebio.com\/fr\/#organization"},"alternateName":"MVE Bio","potentialAction":[{"@type":"SearchAction","target":{"@type":"EntryPoint","urlTemplate":"https:\/\/mvebio.com\/fr\/?s={search_term_string}"},"query-input":{"@type":"PropertyValueSpecification","valueRequired":true,"valueName":"search_term_string"}}],"inLanguage":"fr-FR"},{"@type":"Organization","@id":"https:\/\/mvebio.com\/fr\/#organization","name":"MVE Biological Solutions","alternateName":"MVE Bio","url":"https:\/\/mvebio.com\/fr\/","logo":{"@type":"ImageObject","inLanguage":"fr-FR","@id":"https:\/\/mvebio.com\/fr\/#\/schema\/logo\/image\/","url":"https:\/\/mvebio.com\/wp-content\/uploads\/sites\/4\/2023\/12\/mve-square.png","contentUrl":"https:\/\/mvebio.com\/wp-content\/uploads\/sites\/4\/2023\/12\/mve-square.png","width":1200,"height":1200,"caption":"MVE Biological Solutions"},"image":{"@id":"https:\/\/mvebio.com\/fr\/#\/schema\/logo\/image\/"},"sameAs":["https:\/\/x.com\/MveBioSolutions","https:\/\/www.linkedin.com\/company\/mvebio\/"]}]}},"_links":{"self":[{"href":"https:\/\/mvebio.com\/fr\/wp-json\/wp\/v2\/pages\/11810","targetHints":{"allow":["GET"]}}],"collection":[{"href":"https:\/\/mvebio.com\/fr\/wp-json\/wp\/v2\/pages"}],"about":[{"href":"https:\/\/mvebio.com\/fr\/wp-json\/wp\/v2\/types\/page"}],"author":[{"embeddable":true,"href":"https:\/\/mvebio.com\/fr\/wp-json\/wp\/v2\/users\/1"}],"replies":[{"embeddable":true,"href":"https:\/\/mvebio.com\/fr\/wp-json\/wp\/v2\/comments?post=11810"}],"version-history":[{"count":1,"href":"https:\/\/mvebio.com\/fr\/wp-json\/wp\/v2\/pages\/11810\/revisions"}],"predecessor-version":[{"id":11849,"href":"https:\/\/mvebio.com\/fr\/wp-json\/wp\/v2\/pages\/11810\/revisions\/11849"}],"up":[{"embeddable":true,"href":"https:\/\/mvebio.com\/fr\/wp-json\/wp\/v2\/pages\/11841"}],"wp:featuredmedia":[{"embeddable":true,"href":"https:\/\/mvebio.com\/fr\/wp-json\/wp\/v2\/media\/10604"}],"wp:attachment":[{"href":"https:\/\/mvebio.com\/fr\/wp-json\/wp\/v2\/media?parent=11810"}],"curies":[{"name":"wp","href":"https:\/\/api.w.org\/{rel}","templated":true}]}}