{"id":11808,"date":"2023-03-30T10:25:25","date_gmt":"2023-03-30T09:25:25","guid":{"rendered":"https:\/\/mvebio.com\/la-famille-dentreprises-cryoport\/"},"modified":"2026-02-18T11:17:04","modified_gmt":"2026-02-18T16:17:04","slug":"la-famille-dentreprises-cryoport","status":"publish","type":"page","link":"https:\/\/mvebio.com\/fr\/a-propos-de-nous\/la-famille-dentreprises-cryoport\/","title":{"rendered":"La famille d&rsquo;entreprises Cryoport"},"content":{"rendered":"","protected":false},"excerpt":{"rendered":"","protected":false},"author":1,"featured_media":0,"parent":11861,"menu_order":0,"comment_status":"closed","ping_status":"closed","template":"","meta":{"_acf_changed":false,"footnotes":""},"class_list":["post-11808","page","type-page","status-publish","hentry"],"acf":[],"yoast_head":"<!-- This site is optimized with the Yoast SEO plugin v27.2 - https:\/\/yoast.com\/product\/yoast-seo-wordpress\/ -->\n<title>La famille d&#039;entreprises Cryoport - MVE Biological Solutions<\/title>\n<meta name=\"description\" content=\"Cryoport, Inc. est un leader dans le domaine des solutions de cha\u00eene d&#039;approvisionnement \u00e0 temp\u00e9rature contr\u00f4l\u00e9e pour l&#039;industrie des sciences de la vie. Gr\u00e2ce \u00e0 ses filiales de premier plan - Cryoport Systems, MVE Biological Solutions et CRYOGENE - l&#039;entreprise propose une plate-forme en constante \u00e9volution de produits et de solutions essentiels, notamment des emballages avanc\u00e9s, de l&#039;informatique, des services logistiques sp\u00e9cialis\u00e9s, des services de biostockage et des \u00e9quipements cryog\u00e9niques.\" \/>\n<meta name=\"robots\" content=\"index, follow, max-snippet:-1, max-image-preview:large, max-video-preview:-1\" \/>\n<link rel=\"canonical\" href=\"https:\/\/mvebio.com\/fr\/a-propos-de-nous\/la-famille-dentreprises-cryoport\/\" \/>\n<meta property=\"og:locale\" content=\"fr_FR\" \/>\n<meta property=\"og:type\" content=\"article\" \/>\n<meta property=\"og:title\" content=\"La famille d&#039;entreprises Cryoport - MVE Biological Solutions\" \/>\n<meta property=\"og:description\" content=\"Cryoport, Inc. est un leader dans le domaine des solutions de cha\u00eene d&#039;approvisionnement \u00e0 temp\u00e9rature contr\u00f4l\u00e9e pour l&#039;industrie des sciences de la vie. Gr\u00e2ce \u00e0 ses filiales de premier plan - Cryoport Systems, MVE Biological Solutions et CRYOGENE - l&#039;entreprise propose une plate-forme en constante \u00e9volution de produits et de solutions essentiels, notamment des emballages avanc\u00e9s, de l&#039;informatique, des services logistiques sp\u00e9cialis\u00e9s, des services de biostockage et des \u00e9quipements cryog\u00e9niques.\" \/>\n<meta property=\"og:url\" content=\"https:\/\/mvebio.com\/fr\/a-propos-de-nous\/la-famille-dentreprises-cryoport\/\" \/>\n<meta property=\"og:site_name\" content=\"MVE Biological Solutions\" \/>\n<meta property=\"article:modified_time\" content=\"2026-02-18T16:17:04+00:00\" \/>\n<meta property=\"og:image\" content=\"https:\/\/mvebio.com\/wp-content\/uploads\/sites\/4\/2023\/12\/mve-seo.png\" \/>\n\t<meta property=\"og:image:width\" content=\"1200\" \/>\n\t<meta property=\"og:image:height\" content=\"675\" \/>\n\t<meta property=\"og:image:type\" content=\"image\/png\" \/>\n<meta name=\"twitter:card\" content=\"summary_large_image\" \/>\n<meta name=\"twitter:site\" content=\"@MveBioSolutions\" \/>\n<script type=\"application\/ld+json\" class=\"yoast-schema-graph\">{\"@context\":\"https:\/\/schema.org\",\"@graph\":[{\"@type\":\"WebPage\",\"@id\":\"https:\/\/mvebio.com\/fr\/a-propos-de-nous\/la-famille-dentreprises-cryoport\/\",\"url\":\"https:\/\/mvebio.com\/fr\/a-propos-de-nous\/la-famille-dentreprises-cryoport\/\",\"name\":\"La famille d'entreprises Cryoport - MVE Biological Solutions\",\"isPartOf\":{\"@id\":\"https:\/\/mvebio.com\/fr\/#website\"},\"datePublished\":\"2023-03-30T09:25:25+00:00\",\"dateModified\":\"2026-02-18T16:17:04+00:00\",\"description\":\"Cryoport, Inc. est un leader dans le domaine des solutions de cha\u00eene d'approvisionnement \u00e0 temp\u00e9rature contr\u00f4l\u00e9e pour l'industrie des sciences de la vie. Gr\u00e2ce \u00e0 ses filiales de premier plan - Cryoport Systems, MVE Biological Solutions et CRYOGENE - l'entreprise propose une plate-forme en constante \u00e9volution de produits et de solutions essentiels, notamment des emballages avanc\u00e9s, de l'informatique, des services logistiques sp\u00e9cialis\u00e9s, des services de biostockage et des \u00e9quipements cryog\u00e9niques.\",\"breadcrumb\":{\"@id\":\"https:\/\/mvebio.com\/fr\/a-propos-de-nous\/la-famille-dentreprises-cryoport\/#breadcrumb\"},\"inLanguage\":\"fr-FR\",\"potentialAction\":[{\"@type\":\"ReadAction\",\"target\":[\"https:\/\/mvebio.com\/fr\/a-propos-de-nous\/la-famille-dentreprises-cryoport\/\"]}]},{\"@type\":\"BreadcrumbList\",\"@id\":\"https:\/\/mvebio.com\/fr\/a-propos-de-nous\/la-famille-dentreprises-cryoport\/#breadcrumb\",\"itemListElement\":[{\"@type\":\"ListItem\",\"position\":1,\"name\":\"Accueil\",\"item\":\"https:\/\/mvebio.com\/fr\/homepage\/\"},{\"@type\":\"ListItem\",\"position\":2,\"name\":\"About Us\",\"item\":\"https:\/\/mvebio.com\/fr\/a-propos-de-nous\/\"},{\"@type\":\"ListItem\",\"position\":3,\"name\":\"La famille d&#8217;entreprises Cryoport\"}]},{\"@type\":\"WebSite\",\"@id\":\"https:\/\/mvebio.com\/fr\/#website\",\"url\":\"https:\/\/mvebio.com\/fr\/\",\"name\":\"MVE Biological Solutions\",\"description\":\"Cryogenic freezers and dewars\",\"publisher\":{\"@id\":\"https:\/\/mvebio.com\/fr\/#organization\"},\"alternateName\":\"MVE Bio\",\"potentialAction\":[{\"@type\":\"SearchAction\",\"target\":{\"@type\":\"EntryPoint\",\"urlTemplate\":\"https:\/\/mvebio.com\/fr\/?s={search_term_string}\"},\"query-input\":{\"@type\":\"PropertyValueSpecification\",\"valueRequired\":true,\"valueName\":\"search_term_string\"}}],\"inLanguage\":\"fr-FR\"},{\"@type\":\"Organization\",\"@id\":\"https:\/\/mvebio.com\/fr\/#organization\",\"name\":\"MVE Biological Solutions\",\"alternateName\":\"MVE Bio\",\"url\":\"https:\/\/mvebio.com\/fr\/\",\"logo\":{\"@type\":\"ImageObject\",\"inLanguage\":\"fr-FR\",\"@id\":\"https:\/\/mvebio.com\/fr\/#\/schema\/logo\/image\/\",\"url\":\"https:\/\/mvebio.com\/wp-content\/uploads\/sites\/4\/2023\/12\/mve-square.png\",\"contentUrl\":\"https:\/\/mvebio.com\/wp-content\/uploads\/sites\/4\/2023\/12\/mve-square.png\",\"width\":1200,\"height\":1200,\"caption\":\"MVE Biological Solutions\"},\"image\":{\"@id\":\"https:\/\/mvebio.com\/fr\/#\/schema\/logo\/image\/\"},\"sameAs\":[\"https:\/\/x.com\/MveBioSolutions\",\"https:\/\/www.linkedin.com\/company\/mvebio\/\"]}]}<\/script>\n<!-- \/ Yoast SEO plugin. -->","yoast_head_json":{"title":"La famille d'entreprises Cryoport - MVE Biological Solutions","description":"Cryoport, Inc. est un leader dans le domaine des solutions de cha\u00eene d'approvisionnement \u00e0 temp\u00e9rature contr\u00f4l\u00e9e pour l'industrie des sciences de la vie. Gr\u00e2ce \u00e0 ses filiales de premier plan - Cryoport Systems, MVE Biological Solutions et CRYOGENE - l'entreprise propose une plate-forme en constante \u00e9volution de produits et de solutions essentiels, notamment des emballages avanc\u00e9s, de l'informatique, des services logistiques sp\u00e9cialis\u00e9s, des services de biostockage et des \u00e9quipements cryog\u00e9niques.","robots":{"index":"index","follow":"follow","max-snippet":"max-snippet:-1","max-image-preview":"max-image-preview:large","max-video-preview":"max-video-preview:-1"},"canonical":"https:\/\/mvebio.com\/fr\/a-propos-de-nous\/la-famille-dentreprises-cryoport\/","og_locale":"fr_FR","og_type":"article","og_title":"La famille d'entreprises Cryoport - MVE Biological Solutions","og_description":"Cryoport, Inc. est un leader dans le domaine des solutions de cha\u00eene d'approvisionnement \u00e0 temp\u00e9rature contr\u00f4l\u00e9e pour l'industrie des sciences de la vie. Gr\u00e2ce \u00e0 ses filiales de premier plan - Cryoport Systems, MVE Biological Solutions et CRYOGENE - l'entreprise propose une plate-forme en constante \u00e9volution de produits et de solutions essentiels, notamment des emballages avanc\u00e9s, de l'informatique, des services logistiques sp\u00e9cialis\u00e9s, des services de biostockage et des \u00e9quipements cryog\u00e9niques.","og_url":"https:\/\/mvebio.com\/fr\/a-propos-de-nous\/la-famille-dentreprises-cryoport\/","og_site_name":"MVE Biological Solutions","article_modified_time":"2026-02-18T16:17:04+00:00","og_image":[{"width":1200,"height":675,"url":"https:\/\/mvebio.com\/wp-content\/uploads\/sites\/4\/2023\/12\/mve-seo.png","type":"image\/png"}],"twitter_card":"summary_large_image","twitter_site":"@MveBioSolutions","schema":{"@context":"https:\/\/schema.org","@graph":[{"@type":"WebPage","@id":"https:\/\/mvebio.com\/fr\/a-propos-de-nous\/la-famille-dentreprises-cryoport\/","url":"https:\/\/mvebio.com\/fr\/a-propos-de-nous\/la-famille-dentreprises-cryoport\/","name":"La famille d'entreprises Cryoport - MVE Biological Solutions","isPartOf":{"@id":"https:\/\/mvebio.com\/fr\/#website"},"datePublished":"2023-03-30T09:25:25+00:00","dateModified":"2026-02-18T16:17:04+00:00","description":"Cryoport, Inc. est un leader dans le domaine des solutions de cha\u00eene d'approvisionnement \u00e0 temp\u00e9rature contr\u00f4l\u00e9e pour l'industrie des sciences de la vie. Gr\u00e2ce \u00e0 ses filiales de premier plan - Cryoport Systems, MVE Biological Solutions et CRYOGENE - l'entreprise propose une plate-forme en constante \u00e9volution de produits et de solutions essentiels, notamment des emballages avanc\u00e9s, de l'informatique, des services logistiques sp\u00e9cialis\u00e9s, des services de biostockage et des \u00e9quipements cryog\u00e9niques.","breadcrumb":{"@id":"https:\/\/mvebio.com\/fr\/a-propos-de-nous\/la-famille-dentreprises-cryoport\/#breadcrumb"},"inLanguage":"fr-FR","potentialAction":[{"@type":"ReadAction","target":["https:\/\/mvebio.com\/fr\/a-propos-de-nous\/la-famille-dentreprises-cryoport\/"]}]},{"@type":"BreadcrumbList","@id":"https:\/\/mvebio.com\/fr\/a-propos-de-nous\/la-famille-dentreprises-cryoport\/#breadcrumb","itemListElement":[{"@type":"ListItem","position":1,"name":"Accueil","item":"https:\/\/mvebio.com\/fr\/homepage\/"},{"@type":"ListItem","position":2,"name":"About Us","item":"https:\/\/mvebio.com\/fr\/a-propos-de-nous\/"},{"@type":"ListItem","position":3,"name":"La famille d&#8217;entreprises Cryoport"}]},{"@type":"WebSite","@id":"https:\/\/mvebio.com\/fr\/#website","url":"https:\/\/mvebio.com\/fr\/","name":"MVE Biological Solutions","description":"Cryogenic freezers and dewars","publisher":{"@id":"https:\/\/mvebio.com\/fr\/#organization"},"alternateName":"MVE Bio","potentialAction":[{"@type":"SearchAction","target":{"@type":"EntryPoint","urlTemplate":"https:\/\/mvebio.com\/fr\/?s={search_term_string}"},"query-input":{"@type":"PropertyValueSpecification","valueRequired":true,"valueName":"search_term_string"}}],"inLanguage":"fr-FR"},{"@type":"Organization","@id":"https:\/\/mvebio.com\/fr\/#organization","name":"MVE Biological Solutions","alternateName":"MVE Bio","url":"https:\/\/mvebio.com\/fr\/","logo":{"@type":"ImageObject","inLanguage":"fr-FR","@id":"https:\/\/mvebio.com\/fr\/#\/schema\/logo\/image\/","url":"https:\/\/mvebio.com\/wp-content\/uploads\/sites\/4\/2023\/12\/mve-square.png","contentUrl":"https:\/\/mvebio.com\/wp-content\/uploads\/sites\/4\/2023\/12\/mve-square.png","width":1200,"height":1200,"caption":"MVE Biological Solutions"},"image":{"@id":"https:\/\/mvebio.com\/fr\/#\/schema\/logo\/image\/"},"sameAs":["https:\/\/x.com\/MveBioSolutions","https:\/\/www.linkedin.com\/company\/mvebio\/"]}]}},"_links":{"self":[{"href":"https:\/\/mvebio.com\/fr\/wp-json\/wp\/v2\/pages\/11808","targetHints":{"allow":["GET"]}}],"collection":[{"href":"https:\/\/mvebio.com\/fr\/wp-json\/wp\/v2\/pages"}],"about":[{"href":"https:\/\/mvebio.com\/fr\/wp-json\/wp\/v2\/types\/page"}],"author":[{"embeddable":true,"href":"https:\/\/mvebio.com\/fr\/wp-json\/wp\/v2\/users\/1"}],"replies":[{"embeddable":true,"href":"https:\/\/mvebio.com\/fr\/wp-json\/wp\/v2\/comments?post=11808"}],"version-history":[{"count":1,"href":"https:\/\/mvebio.com\/fr\/wp-json\/wp\/v2\/pages\/11808\/revisions"}],"predecessor-version":[{"id":11862,"href":"https:\/\/mvebio.com\/fr\/wp-json\/wp\/v2\/pages\/11808\/revisions\/11862"}],"up":[{"embeddable":true,"href":"https:\/\/mvebio.com\/fr\/wp-json\/wp\/v2\/pages\/11861"}],"wp:attachment":[{"href":"https:\/\/mvebio.com\/fr\/wp-json\/wp\/v2\/media?parent=11808"}],"curies":[{"name":"wp","href":"https:\/\/api.w.org\/{rel}","templated":true}]}}