{"id":11804,"date":"2023-03-30T10:46:27","date_gmt":"2023-03-30T14:46:27","guid":{"rendered":"https:\/\/mvebio.com\/sciences-de-la-vie-congelateurs\/"},"modified":"2026-02-18T11:17:02","modified_gmt":"2026-02-18T16:17:02","slug":"sciences-de-la-vie-congelateurs","status":"publish","type":"page","link":"https:\/\/mvebio.com\/fr\/nos-produits\/sciences-de-la-vie-congelateurs\/","title":{"rendered":"Sciences de la vie (cong\u00e9lateurs)"},"content":{"rendered":"","protected":false},"excerpt":{"rendered":"","protected":false},"author":1,"featured_media":10487,"parent":11854,"menu_order":0,"comment_status":"closed","ping_status":"closed","template":"","meta":{"_acf_changed":false,"footnotes":""},"class_list":["post-11804","page","type-page","status-publish","has-post-thumbnail","hentry"],"acf":[],"yoast_head":"<!-- This site is optimized with the Yoast SEO plugin v27.2 - https:\/\/yoast.com\/product\/yoast-seo-wordpress\/ -->\n<title>Sciences de la vie (cong\u00e9lateurs) - MVE Biological Solutions<\/title>\n<meta name=\"description\" content=\"D\u00e9couvrez la fiabilit\u00e9 et la pr\u00e9cision in\u00e9gal\u00e9es des cong\u00e9lateurs Life Science de MVE Biological Solutions. D\u00e9couvrez nos solutions de stockage cryog\u00e9nique avanc\u00e9es con\u00e7ues pour l&#039;industrie des sciences de la vie. Garantissez une conservation optimale des \u00e9chantillons biologiques de valeur gr\u00e2ce \u00e0 une technologie de pointe. Am\u00e9liorez vos capacit\u00e9s de recherche avec MVE Biological Solutions - o\u00f9 l&#039;innovation r\u00e9pond aux exigences de l&#039;excellence en mati\u00e8re de cong\u00e9lation des sciences de la vie.\" \/>\n<meta name=\"robots\" content=\"index, follow, max-snippet:-1, max-image-preview:large, max-video-preview:-1\" \/>\n<link rel=\"canonical\" href=\"https:\/\/mvebio.com\/fr\/nos-produits\/sciences-de-la-vie-congelateurs\/\" \/>\n<meta property=\"og:locale\" content=\"fr_FR\" \/>\n<meta property=\"og:type\" content=\"article\" \/>\n<meta property=\"og:title\" content=\"Sciences de la vie (cong\u00e9lateurs) - MVE Biological Solutions\" \/>\n<meta property=\"og:description\" content=\"D\u00e9couvrez la fiabilit\u00e9 et la pr\u00e9cision in\u00e9gal\u00e9es des cong\u00e9lateurs Life Science de MVE Biological Solutions. D\u00e9couvrez nos solutions de stockage cryog\u00e9nique avanc\u00e9es con\u00e7ues pour l&#039;industrie des sciences de la vie. Garantissez une conservation optimale des \u00e9chantillons biologiques de valeur gr\u00e2ce \u00e0 une technologie de pointe. Am\u00e9liorez vos capacit\u00e9s de recherche avec MVE Biological Solutions - o\u00f9 l&#039;innovation r\u00e9pond aux exigences de l&#039;excellence en mati\u00e8re de cong\u00e9lation des sciences de la vie.\" \/>\n<meta property=\"og:url\" content=\"https:\/\/mvebio.com\/fr\/nos-produits\/sciences-de-la-vie-congelateurs\/\" \/>\n<meta property=\"og:site_name\" content=\"MVE Biological Solutions\" \/>\n<meta property=\"article:modified_time\" content=\"2026-02-18T16:17:02+00:00\" \/>\n<meta property=\"og:image\" content=\"https:\/\/mvebio.com\/wp-content\/uploads\/sites\/4\/2023\/12\/MVE_Fusion-2.jpg\" \/>\n\t<meta property=\"og:image:width\" content=\"1200\" \/>\n\t<meta property=\"og:image:height\" content=\"562\" \/>\n\t<meta property=\"og:image:type\" content=\"image\/jpeg\" \/>\n<meta name=\"twitter:card\" content=\"summary_large_image\" \/>\n<meta name=\"twitter:site\" content=\"@MveBioSolutions\" \/>\n<script type=\"application\/ld+json\" class=\"yoast-schema-graph\">{\"@context\":\"https:\/\/schema.org\",\"@graph\":[{\"@type\":\"WebPage\",\"@id\":\"https:\/\/mvebio.com\/fr\/nos-produits\/sciences-de-la-vie-congelateurs\/\",\"url\":\"https:\/\/mvebio.com\/fr\/nos-produits\/sciences-de-la-vie-congelateurs\/\",\"name\":\"Sciences de la vie (cong\u00e9lateurs) - MVE Biological Solutions\",\"isPartOf\":{\"@id\":\"https:\/\/mvebio.com\/fr\/#website\"},\"primaryImageOfPage\":{\"@id\":\"https:\/\/mvebio.com\/fr\/nos-produits\/sciences-de-la-vie-congelateurs\/#primaryimage\"},\"image\":{\"@id\":\"https:\/\/mvebio.com\/fr\/nos-produits\/sciences-de-la-vie-congelateurs\/#primaryimage\"},\"thumbnailUrl\":\"https:\/\/mvebio.com\/wp-content\/uploads\/sites\/4\/2023\/12\/MVE_Fusion-2.jpg\",\"datePublished\":\"2023-03-30T14:46:27+00:00\",\"dateModified\":\"2026-02-18T16:17:02+00:00\",\"description\":\"D\u00e9couvrez la fiabilit\u00e9 et la pr\u00e9cision in\u00e9gal\u00e9es des cong\u00e9lateurs Life Science de MVE Biological Solutions. D\u00e9couvrez nos solutions de stockage cryog\u00e9nique avanc\u00e9es con\u00e7ues pour l'industrie des sciences de la vie. Garantissez une conservation optimale des \u00e9chantillons biologiques de valeur gr\u00e2ce \u00e0 une technologie de pointe. Am\u00e9liorez vos capacit\u00e9s de recherche avec MVE Biological Solutions - o\u00f9 l'innovation r\u00e9pond aux exigences de l'excellence en mati\u00e8re de cong\u00e9lation des sciences de la vie.\",\"breadcrumb\":{\"@id\":\"https:\/\/mvebio.com\/fr\/nos-produits\/sciences-de-la-vie-congelateurs\/#breadcrumb\"},\"inLanguage\":\"fr-FR\",\"potentialAction\":[{\"@type\":\"ReadAction\",\"target\":[\"https:\/\/mvebio.com\/fr\/nos-produits\/sciences-de-la-vie-congelateurs\/\"]}]},{\"@type\":\"ImageObject\",\"inLanguage\":\"fr-FR\",\"@id\":\"https:\/\/mvebio.com\/fr\/nos-produits\/sciences-de-la-vie-congelateurs\/#primaryimage\",\"url\":\"https:\/\/mvebio.com\/wp-content\/uploads\/sites\/4\/2023\/12\/MVE_Fusion-2.jpg\",\"contentUrl\":\"https:\/\/mvebio.com\/wp-content\/uploads\/sites\/4\/2023\/12\/MVE_Fusion-2.jpg\",\"width\":1200,\"height\":562,\"caption\":\"MVE Fusion\"},{\"@type\":\"BreadcrumbList\",\"@id\":\"https:\/\/mvebio.com\/fr\/nos-produits\/sciences-de-la-vie-congelateurs\/#breadcrumb\",\"itemListElement\":[{\"@type\":\"ListItem\",\"position\":1,\"name\":\"Accueil\",\"item\":\"https:\/\/mvebio.com\/fr\/homepage\/\"},{\"@type\":\"ListItem\",\"position\":2,\"name\":\"Nos produits\",\"item\":\"https:\/\/mvebio.com\/fr\/nos-produits\/\"},{\"@type\":\"ListItem\",\"position\":3,\"name\":\"Sciences de la vie (cong\u00e9lateurs)\"}]},{\"@type\":\"WebSite\",\"@id\":\"https:\/\/mvebio.com\/fr\/#website\",\"url\":\"https:\/\/mvebio.com\/fr\/\",\"name\":\"MVE Biological Solutions\",\"description\":\"Cryogenic freezers and dewars\",\"publisher\":{\"@id\":\"https:\/\/mvebio.com\/fr\/#organization\"},\"alternateName\":\"MVE Bio\",\"potentialAction\":[{\"@type\":\"SearchAction\",\"target\":{\"@type\":\"EntryPoint\",\"urlTemplate\":\"https:\/\/mvebio.com\/fr\/?s={search_term_string}\"},\"query-input\":{\"@type\":\"PropertyValueSpecification\",\"valueRequired\":true,\"valueName\":\"search_term_string\"}}],\"inLanguage\":\"fr-FR\"},{\"@type\":\"Organization\",\"@id\":\"https:\/\/mvebio.com\/fr\/#organization\",\"name\":\"MVE Biological Solutions\",\"alternateName\":\"MVE Bio\",\"url\":\"https:\/\/mvebio.com\/fr\/\",\"logo\":{\"@type\":\"ImageObject\",\"inLanguage\":\"fr-FR\",\"@id\":\"https:\/\/mvebio.com\/fr\/#\/schema\/logo\/image\/\",\"url\":\"https:\/\/mvebio.com\/wp-content\/uploads\/sites\/4\/2023\/12\/mve-square.png\",\"contentUrl\":\"https:\/\/mvebio.com\/wp-content\/uploads\/sites\/4\/2023\/12\/mve-square.png\",\"width\":1200,\"height\":1200,\"caption\":\"MVE Biological Solutions\"},\"image\":{\"@id\":\"https:\/\/mvebio.com\/fr\/#\/schema\/logo\/image\/\"},\"sameAs\":[\"https:\/\/x.com\/MveBioSolutions\",\"https:\/\/www.linkedin.com\/company\/mvebio\/\"]}]}<\/script>\n<!-- \/ Yoast SEO plugin. -->","yoast_head_json":{"title":"Sciences de la vie (cong\u00e9lateurs) - MVE Biological Solutions","description":"D\u00e9couvrez la fiabilit\u00e9 et la pr\u00e9cision in\u00e9gal\u00e9es des cong\u00e9lateurs Life Science de MVE Biological Solutions. D\u00e9couvrez nos solutions de stockage cryog\u00e9nique avanc\u00e9es con\u00e7ues pour l'industrie des sciences de la vie. Garantissez une conservation optimale des \u00e9chantillons biologiques de valeur gr\u00e2ce \u00e0 une technologie de pointe. Am\u00e9liorez vos capacit\u00e9s de recherche avec MVE Biological Solutions - o\u00f9 l'innovation r\u00e9pond aux exigences de l'excellence en mati\u00e8re de cong\u00e9lation des sciences de la vie.","robots":{"index":"index","follow":"follow","max-snippet":"max-snippet:-1","max-image-preview":"max-image-preview:large","max-video-preview":"max-video-preview:-1"},"canonical":"https:\/\/mvebio.com\/fr\/nos-produits\/sciences-de-la-vie-congelateurs\/","og_locale":"fr_FR","og_type":"article","og_title":"Sciences de la vie (cong\u00e9lateurs) - MVE Biological Solutions","og_description":"D\u00e9couvrez la fiabilit\u00e9 et la pr\u00e9cision in\u00e9gal\u00e9es des cong\u00e9lateurs Life Science de MVE Biological Solutions. D\u00e9couvrez nos solutions de stockage cryog\u00e9nique avanc\u00e9es con\u00e7ues pour l'industrie des sciences de la vie. Garantissez une conservation optimale des \u00e9chantillons biologiques de valeur gr\u00e2ce \u00e0 une technologie de pointe. Am\u00e9liorez vos capacit\u00e9s de recherche avec MVE Biological Solutions - o\u00f9 l'innovation r\u00e9pond aux exigences de l'excellence en mati\u00e8re de cong\u00e9lation des sciences de la vie.","og_url":"https:\/\/mvebio.com\/fr\/nos-produits\/sciences-de-la-vie-congelateurs\/","og_site_name":"MVE Biological Solutions","article_modified_time":"2026-02-18T16:17:02+00:00","og_image":[{"width":1200,"height":562,"url":"https:\/\/mvebio.com\/wp-content\/uploads\/sites\/4\/2023\/12\/MVE_Fusion-2.jpg","type":"image\/jpeg"}],"twitter_card":"summary_large_image","twitter_site":"@MveBioSolutions","schema":{"@context":"https:\/\/schema.org","@graph":[{"@type":"WebPage","@id":"https:\/\/mvebio.com\/fr\/nos-produits\/sciences-de-la-vie-congelateurs\/","url":"https:\/\/mvebio.com\/fr\/nos-produits\/sciences-de-la-vie-congelateurs\/","name":"Sciences de la vie (cong\u00e9lateurs) - MVE Biological Solutions","isPartOf":{"@id":"https:\/\/mvebio.com\/fr\/#website"},"primaryImageOfPage":{"@id":"https:\/\/mvebio.com\/fr\/nos-produits\/sciences-de-la-vie-congelateurs\/#primaryimage"},"image":{"@id":"https:\/\/mvebio.com\/fr\/nos-produits\/sciences-de-la-vie-congelateurs\/#primaryimage"},"thumbnailUrl":"https:\/\/mvebio.com\/wp-content\/uploads\/sites\/4\/2023\/12\/MVE_Fusion-2.jpg","datePublished":"2023-03-30T14:46:27+00:00","dateModified":"2026-02-18T16:17:02+00:00","description":"D\u00e9couvrez la fiabilit\u00e9 et la pr\u00e9cision in\u00e9gal\u00e9es des cong\u00e9lateurs Life Science de MVE Biological Solutions. D\u00e9couvrez nos solutions de stockage cryog\u00e9nique avanc\u00e9es con\u00e7ues pour l'industrie des sciences de la vie. Garantissez une conservation optimale des \u00e9chantillons biologiques de valeur gr\u00e2ce \u00e0 une technologie de pointe. Am\u00e9liorez vos capacit\u00e9s de recherche avec MVE Biological Solutions - o\u00f9 l'innovation r\u00e9pond aux exigences de l'excellence en mati\u00e8re de cong\u00e9lation des sciences de la vie.","breadcrumb":{"@id":"https:\/\/mvebio.com\/fr\/nos-produits\/sciences-de-la-vie-congelateurs\/#breadcrumb"},"inLanguage":"fr-FR","potentialAction":[{"@type":"ReadAction","target":["https:\/\/mvebio.com\/fr\/nos-produits\/sciences-de-la-vie-congelateurs\/"]}]},{"@type":"ImageObject","inLanguage":"fr-FR","@id":"https:\/\/mvebio.com\/fr\/nos-produits\/sciences-de-la-vie-congelateurs\/#primaryimage","url":"https:\/\/mvebio.com\/wp-content\/uploads\/sites\/4\/2023\/12\/MVE_Fusion-2.jpg","contentUrl":"https:\/\/mvebio.com\/wp-content\/uploads\/sites\/4\/2023\/12\/MVE_Fusion-2.jpg","width":1200,"height":562,"caption":"MVE Fusion"},{"@type":"BreadcrumbList","@id":"https:\/\/mvebio.com\/fr\/nos-produits\/sciences-de-la-vie-congelateurs\/#breadcrumb","itemListElement":[{"@type":"ListItem","position":1,"name":"Accueil","item":"https:\/\/mvebio.com\/fr\/homepage\/"},{"@type":"ListItem","position":2,"name":"Nos produits","item":"https:\/\/mvebio.com\/fr\/nos-produits\/"},{"@type":"ListItem","position":3,"name":"Sciences de la vie (cong\u00e9lateurs)"}]},{"@type":"WebSite","@id":"https:\/\/mvebio.com\/fr\/#website","url":"https:\/\/mvebio.com\/fr\/","name":"MVE Biological Solutions","description":"Cryogenic freezers and dewars","publisher":{"@id":"https:\/\/mvebio.com\/fr\/#organization"},"alternateName":"MVE Bio","potentialAction":[{"@type":"SearchAction","target":{"@type":"EntryPoint","urlTemplate":"https:\/\/mvebio.com\/fr\/?s={search_term_string}"},"query-input":{"@type":"PropertyValueSpecification","valueRequired":true,"valueName":"search_term_string"}}],"inLanguage":"fr-FR"},{"@type":"Organization","@id":"https:\/\/mvebio.com\/fr\/#organization","name":"MVE Biological Solutions","alternateName":"MVE Bio","url":"https:\/\/mvebio.com\/fr\/","logo":{"@type":"ImageObject","inLanguage":"fr-FR","@id":"https:\/\/mvebio.com\/fr\/#\/schema\/logo\/image\/","url":"https:\/\/mvebio.com\/wp-content\/uploads\/sites\/4\/2023\/12\/mve-square.png","contentUrl":"https:\/\/mvebio.com\/wp-content\/uploads\/sites\/4\/2023\/12\/mve-square.png","width":1200,"height":1200,"caption":"MVE Biological Solutions"},"image":{"@id":"https:\/\/mvebio.com\/fr\/#\/schema\/logo\/image\/"},"sameAs":["https:\/\/x.com\/MveBioSolutions","https:\/\/www.linkedin.com\/company\/mvebio\/"]}]}},"_links":{"self":[{"href":"https:\/\/mvebio.com\/fr\/wp-json\/wp\/v2\/pages\/11804","targetHints":{"allow":["GET"]}}],"collection":[{"href":"https:\/\/mvebio.com\/fr\/wp-json\/wp\/v2\/pages"}],"about":[{"href":"https:\/\/mvebio.com\/fr\/wp-json\/wp\/v2\/types\/page"}],"author":[{"embeddable":true,"href":"https:\/\/mvebio.com\/fr\/wp-json\/wp\/v2\/users\/1"}],"replies":[{"embeddable":true,"href":"https:\/\/mvebio.com\/fr\/wp-json\/wp\/v2\/comments?post=11804"}],"version-history":[{"count":1,"href":"https:\/\/mvebio.com\/fr\/wp-json\/wp\/v2\/pages\/11804\/revisions"}],"predecessor-version":[{"id":11858,"href":"https:\/\/mvebio.com\/fr\/wp-json\/wp\/v2\/pages\/11804\/revisions\/11858"}],"up":[{"embeddable":true,"href":"https:\/\/mvebio.com\/fr\/wp-json\/wp\/v2\/pages\/11854"}],"wp:featuredmedia":[{"embeddable":true,"href":"https:\/\/mvebio.com\/fr\/wp-json\/wp\/v2\/media\/10487"}],"wp:attachment":[{"href":"https:\/\/mvebio.com\/fr\/wp-json\/wp\/v2\/media?parent=11804"}],"curies":[{"name":"wp","href":"https:\/\/api.w.org\/{rel}","templated":true}]}}