{"id":11802,"date":"2023-03-30T10:49:57","date_gmt":"2023-03-30T09:49:57","guid":{"rendered":"https:\/\/mvebio.com\/mve-1536-pd-dry-shipper\/"},"modified":"2026-02-18T11:16:55","modified_gmt":"2026-02-18T16:16:55","slug":"mve-1536-pd-dry-shipper","status":"publish","type":"page","link":"https:\/\/mvebio.com\/fr\/nos-produits\/sciences-de-la-vie-congelateurs\/mve-1536-pd-dry-shipper\/","title":{"rendered":"MVE 1536 PD Dry Shipper"},"content":{"rendered":"","protected":false},"excerpt":{"rendered":"<p>Exp\u00e9diez en toute s\u00e9curit\u00e9 des \u00e9chantillons stock\u00e9s \u00e0 la vapeur, en toute tranquillit\u00e9 d&rsquo;esprit.<\/p>\n","protected":false},"author":1,"featured_media":10545,"parent":11804,"menu_order":0,"comment_status":"closed","ping_status":"closed","template":"","meta":{"_acf_changed":false,"footnotes":""},"class_list":["post-11802","page","type-page","status-publish","has-post-thumbnail","hentry"],"acf":[],"yoast_head":"<!-- This site is optimized with the Yoast SEO plugin v27.2 - https:\/\/yoast.com\/product\/yoast-seo-wordpress\/ -->\n<title>MVE 1536 PD Dry Shipper - MVE Biological Solutions<\/title>\n<meta name=\"description\" content=\"Exp\u00e9diez en toute s\u00e9curit\u00e9 de grands volumes d&#039;\u00e9chantillons critiques gr\u00e2ce \u00e0 cette unit\u00e9 robuste, et vous aurez la certitude qu&#039;ils arriveront tels que vous les avez laiss\u00e9s. Vous pouvez m\u00eame valider la plage de temp\u00e9rature de transit \u00e0 l&#039;aide de l&#039;enregistreur de donn\u00e9es fourni en standard avec le MVE 1536 PD Dry Shipper. L&#039;enregistreur vous permet de conna\u00eetre \u00e0 la minute pr\u00e8s la temp\u00e9rature de votre \u00e9chantillon pendant le transport.\" \/>\n<meta name=\"robots\" content=\"index, follow, max-snippet:-1, max-image-preview:large, max-video-preview:-1\" \/>\n<link rel=\"canonical\" href=\"https:\/\/mvebio.com\/fr\/nos-produits\/sciences-de-la-vie-congelateurs\/mve-1536-pd-dry-shipper\/\" \/>\n<meta property=\"og:locale\" content=\"fr_FR\" \/>\n<meta property=\"og:type\" content=\"article\" \/>\n<meta property=\"og:title\" content=\"MVE 1536 PD Dry Shipper - MVE Biological Solutions\" \/>\n<meta property=\"og:description\" content=\"Exp\u00e9diez en toute s\u00e9curit\u00e9 de grands volumes d&#039;\u00e9chantillons critiques gr\u00e2ce \u00e0 cette unit\u00e9 robuste, et vous aurez la certitude qu&#039;ils arriveront tels que vous les avez laiss\u00e9s. Vous pouvez m\u00eame valider la plage de temp\u00e9rature de transit \u00e0 l&#039;aide de l&#039;enregistreur de donn\u00e9es fourni en standard avec le MVE 1536 PD Dry Shipper. L&#039;enregistreur vous permet de conna\u00eetre \u00e0 la minute pr\u00e8s la temp\u00e9rature de votre \u00e9chantillon pendant le transport.\" \/>\n<meta property=\"og:url\" content=\"https:\/\/mvebio.com\/fr\/nos-produits\/sciences-de-la-vie-congelateurs\/mve-1536-pd-dry-shipper\/\" \/>\n<meta property=\"og:site_name\" content=\"MVE Biological Solutions\" \/>\n<meta property=\"article:modified_time\" content=\"2026-02-18T16:16:55+00:00\" \/>\n<meta property=\"og:image\" content=\"https:\/\/mvebio.com\/wp-content\/uploads\/sites\/4\/2023\/12\/mve-1536-dry-shipper-1.jpg\" \/>\n\t<meta property=\"og:image:width\" content=\"1200\" \/>\n\t<meta property=\"og:image:height\" content=\"563\" \/>\n\t<meta property=\"og:image:type\" content=\"image\/jpeg\" \/>\n<meta name=\"twitter:card\" content=\"summary_large_image\" \/>\n<meta name=\"twitter:site\" content=\"@MveBioSolutions\" \/>\n<script type=\"application\/ld+json\" class=\"yoast-schema-graph\">{\"@context\":\"https:\/\/schema.org\",\"@graph\":[{\"@type\":\"WebPage\",\"@id\":\"https:\/\/mvebio.com\/fr\/nos-produits\/sciences-de-la-vie-congelateurs\/mve-1536-pd-dry-shipper\/\",\"url\":\"https:\/\/mvebio.com\/fr\/nos-produits\/sciences-de-la-vie-congelateurs\/mve-1536-pd-dry-shipper\/\",\"name\":\"MVE 1536 PD Dry Shipper - MVE Biological Solutions\",\"isPartOf\":{\"@id\":\"https:\/\/mvebio.com\/fr\/#website\"},\"primaryImageOfPage\":{\"@id\":\"https:\/\/mvebio.com\/fr\/nos-produits\/sciences-de-la-vie-congelateurs\/mve-1536-pd-dry-shipper\/#primaryimage\"},\"image\":{\"@id\":\"https:\/\/mvebio.com\/fr\/nos-produits\/sciences-de-la-vie-congelateurs\/mve-1536-pd-dry-shipper\/#primaryimage\"},\"thumbnailUrl\":\"https:\/\/mvebio.com\/wp-content\/uploads\/sites\/4\/2023\/12\/mve-1536-dry-shipper-1.jpg\",\"datePublished\":\"2023-03-30T09:49:57+00:00\",\"dateModified\":\"2026-02-18T16:16:55+00:00\",\"description\":\"Exp\u00e9diez en toute s\u00e9curit\u00e9 de grands volumes d'\u00e9chantillons critiques gr\u00e2ce \u00e0 cette unit\u00e9 robuste, et vous aurez la certitude qu'ils arriveront tels que vous les avez laiss\u00e9s. Vous pouvez m\u00eame valider la plage de temp\u00e9rature de transit \u00e0 l'aide de l'enregistreur de donn\u00e9es fourni en standard avec le MVE 1536 PD Dry Shipper. L'enregistreur vous permet de conna\u00eetre \u00e0 la minute pr\u00e8s la temp\u00e9rature de votre \u00e9chantillon pendant le transport.\",\"breadcrumb\":{\"@id\":\"https:\/\/mvebio.com\/fr\/nos-produits\/sciences-de-la-vie-congelateurs\/mve-1536-pd-dry-shipper\/#breadcrumb\"},\"inLanguage\":\"fr-FR\",\"potentialAction\":[{\"@type\":\"ReadAction\",\"target\":[\"https:\/\/mvebio.com\/fr\/nos-produits\/sciences-de-la-vie-congelateurs\/mve-1536-pd-dry-shipper\/\"]}]},{\"@type\":\"ImageObject\",\"inLanguage\":\"fr-FR\",\"@id\":\"https:\/\/mvebio.com\/fr\/nos-produits\/sciences-de-la-vie-congelateurs\/mve-1536-pd-dry-shipper\/#primaryimage\",\"url\":\"https:\/\/mvebio.com\/wp-content\/uploads\/sites\/4\/2023\/12\/mve-1536-dry-shipper-1.jpg\",\"contentUrl\":\"https:\/\/mvebio.com\/wp-content\/uploads\/sites\/4\/2023\/12\/mve-1536-dry-shipper-1.jpg\",\"width\":1200,\"height\":563,\"caption\":\"Chargeur \u00e0 sec MVE\"},{\"@type\":\"BreadcrumbList\",\"@id\":\"https:\/\/mvebio.com\/fr\/nos-produits\/sciences-de-la-vie-congelateurs\/mve-1536-pd-dry-shipper\/#breadcrumb\",\"itemListElement\":[{\"@type\":\"ListItem\",\"position\":1,\"name\":\"Accueil\",\"item\":\"https:\/\/mvebio.com\/fr\/homepage\/\"},{\"@type\":\"ListItem\",\"position\":2,\"name\":\"Nos produits\",\"item\":\"https:\/\/mvebio.com\/fr\/nos-produits\/\"},{\"@type\":\"ListItem\",\"position\":3,\"name\":\"Sciences de la vie (cong\u00e9lateurs)\",\"item\":\"https:\/\/mvebio.com\/fr\/nos-produits\/sciences-de-la-vie-congelateurs\/\"},{\"@type\":\"ListItem\",\"position\":4,\"name\":\"MVE 1536 PD Dry Shipper\"}]},{\"@type\":\"WebSite\",\"@id\":\"https:\/\/mvebio.com\/fr\/#website\",\"url\":\"https:\/\/mvebio.com\/fr\/\",\"name\":\"MVE Biological Solutions\",\"description\":\"Cryogenic freezers and dewars\",\"publisher\":{\"@id\":\"https:\/\/mvebio.com\/fr\/#organization\"},\"alternateName\":\"MVE Bio\",\"potentialAction\":[{\"@type\":\"SearchAction\",\"target\":{\"@type\":\"EntryPoint\",\"urlTemplate\":\"https:\/\/mvebio.com\/fr\/?s={search_term_string}\"},\"query-input\":{\"@type\":\"PropertyValueSpecification\",\"valueRequired\":true,\"valueName\":\"search_term_string\"}}],\"inLanguage\":\"fr-FR\"},{\"@type\":\"Organization\",\"@id\":\"https:\/\/mvebio.com\/fr\/#organization\",\"name\":\"MVE Biological Solutions\",\"alternateName\":\"MVE Bio\",\"url\":\"https:\/\/mvebio.com\/fr\/\",\"logo\":{\"@type\":\"ImageObject\",\"inLanguage\":\"fr-FR\",\"@id\":\"https:\/\/mvebio.com\/fr\/#\/schema\/logo\/image\/\",\"url\":\"https:\/\/mvebio.com\/wp-content\/uploads\/sites\/4\/2023\/12\/mve-square.png\",\"contentUrl\":\"https:\/\/mvebio.com\/wp-content\/uploads\/sites\/4\/2023\/12\/mve-square.png\",\"width\":1200,\"height\":1200,\"caption\":\"MVE Biological Solutions\"},\"image\":{\"@id\":\"https:\/\/mvebio.com\/fr\/#\/schema\/logo\/image\/\"},\"sameAs\":[\"https:\/\/x.com\/MveBioSolutions\",\"https:\/\/www.linkedin.com\/company\/mvebio\/\"]}]}<\/script>\n<!-- \/ Yoast SEO plugin. -->","yoast_head_json":{"title":"MVE 1536 PD Dry Shipper - MVE Biological Solutions","description":"Exp\u00e9diez en toute s\u00e9curit\u00e9 de grands volumes d'\u00e9chantillons critiques gr\u00e2ce \u00e0 cette unit\u00e9 robuste, et vous aurez la certitude qu'ils arriveront tels que vous les avez laiss\u00e9s. Vous pouvez m\u00eame valider la plage de temp\u00e9rature de transit \u00e0 l'aide de l'enregistreur de donn\u00e9es fourni en standard avec le MVE 1536 PD Dry Shipper. L'enregistreur vous permet de conna\u00eetre \u00e0 la minute pr\u00e8s la temp\u00e9rature de votre \u00e9chantillon pendant le transport.","robots":{"index":"index","follow":"follow","max-snippet":"max-snippet:-1","max-image-preview":"max-image-preview:large","max-video-preview":"max-video-preview:-1"},"canonical":"https:\/\/mvebio.com\/fr\/nos-produits\/sciences-de-la-vie-congelateurs\/mve-1536-pd-dry-shipper\/","og_locale":"fr_FR","og_type":"article","og_title":"MVE 1536 PD Dry Shipper - MVE Biological Solutions","og_description":"Exp\u00e9diez en toute s\u00e9curit\u00e9 de grands volumes d'\u00e9chantillons critiques gr\u00e2ce \u00e0 cette unit\u00e9 robuste, et vous aurez la certitude qu'ils arriveront tels que vous les avez laiss\u00e9s. Vous pouvez m\u00eame valider la plage de temp\u00e9rature de transit \u00e0 l'aide de l'enregistreur de donn\u00e9es fourni en standard avec le MVE 1536 PD Dry Shipper. L'enregistreur vous permet de conna\u00eetre \u00e0 la minute pr\u00e8s la temp\u00e9rature de votre \u00e9chantillon pendant le transport.","og_url":"https:\/\/mvebio.com\/fr\/nos-produits\/sciences-de-la-vie-congelateurs\/mve-1536-pd-dry-shipper\/","og_site_name":"MVE Biological Solutions","article_modified_time":"2026-02-18T16:16:55+00:00","og_image":[{"width":1200,"height":563,"url":"https:\/\/mvebio.com\/wp-content\/uploads\/sites\/4\/2023\/12\/mve-1536-dry-shipper-1.jpg","type":"image\/jpeg"}],"twitter_card":"summary_large_image","twitter_site":"@MveBioSolutions","schema":{"@context":"https:\/\/schema.org","@graph":[{"@type":"WebPage","@id":"https:\/\/mvebio.com\/fr\/nos-produits\/sciences-de-la-vie-congelateurs\/mve-1536-pd-dry-shipper\/","url":"https:\/\/mvebio.com\/fr\/nos-produits\/sciences-de-la-vie-congelateurs\/mve-1536-pd-dry-shipper\/","name":"MVE 1536 PD Dry Shipper - MVE Biological Solutions","isPartOf":{"@id":"https:\/\/mvebio.com\/fr\/#website"},"primaryImageOfPage":{"@id":"https:\/\/mvebio.com\/fr\/nos-produits\/sciences-de-la-vie-congelateurs\/mve-1536-pd-dry-shipper\/#primaryimage"},"image":{"@id":"https:\/\/mvebio.com\/fr\/nos-produits\/sciences-de-la-vie-congelateurs\/mve-1536-pd-dry-shipper\/#primaryimage"},"thumbnailUrl":"https:\/\/mvebio.com\/wp-content\/uploads\/sites\/4\/2023\/12\/mve-1536-dry-shipper-1.jpg","datePublished":"2023-03-30T09:49:57+00:00","dateModified":"2026-02-18T16:16:55+00:00","description":"Exp\u00e9diez en toute s\u00e9curit\u00e9 de grands volumes d'\u00e9chantillons critiques gr\u00e2ce \u00e0 cette unit\u00e9 robuste, et vous aurez la certitude qu'ils arriveront tels que vous les avez laiss\u00e9s. Vous pouvez m\u00eame valider la plage de temp\u00e9rature de transit \u00e0 l'aide de l'enregistreur de donn\u00e9es fourni en standard avec le MVE 1536 PD Dry Shipper. L'enregistreur vous permet de conna\u00eetre \u00e0 la minute pr\u00e8s la temp\u00e9rature de votre \u00e9chantillon pendant le transport.","breadcrumb":{"@id":"https:\/\/mvebio.com\/fr\/nos-produits\/sciences-de-la-vie-congelateurs\/mve-1536-pd-dry-shipper\/#breadcrumb"},"inLanguage":"fr-FR","potentialAction":[{"@type":"ReadAction","target":["https:\/\/mvebio.com\/fr\/nos-produits\/sciences-de-la-vie-congelateurs\/mve-1536-pd-dry-shipper\/"]}]},{"@type":"ImageObject","inLanguage":"fr-FR","@id":"https:\/\/mvebio.com\/fr\/nos-produits\/sciences-de-la-vie-congelateurs\/mve-1536-pd-dry-shipper\/#primaryimage","url":"https:\/\/mvebio.com\/wp-content\/uploads\/sites\/4\/2023\/12\/mve-1536-dry-shipper-1.jpg","contentUrl":"https:\/\/mvebio.com\/wp-content\/uploads\/sites\/4\/2023\/12\/mve-1536-dry-shipper-1.jpg","width":1200,"height":563,"caption":"Chargeur \u00e0 sec MVE"},{"@type":"BreadcrumbList","@id":"https:\/\/mvebio.com\/fr\/nos-produits\/sciences-de-la-vie-congelateurs\/mve-1536-pd-dry-shipper\/#breadcrumb","itemListElement":[{"@type":"ListItem","position":1,"name":"Accueil","item":"https:\/\/mvebio.com\/fr\/homepage\/"},{"@type":"ListItem","position":2,"name":"Nos produits","item":"https:\/\/mvebio.com\/fr\/nos-produits\/"},{"@type":"ListItem","position":3,"name":"Sciences de la vie (cong\u00e9lateurs)","item":"https:\/\/mvebio.com\/fr\/nos-produits\/sciences-de-la-vie-congelateurs\/"},{"@type":"ListItem","position":4,"name":"MVE 1536 PD Dry Shipper"}]},{"@type":"WebSite","@id":"https:\/\/mvebio.com\/fr\/#website","url":"https:\/\/mvebio.com\/fr\/","name":"MVE Biological Solutions","description":"Cryogenic freezers and dewars","publisher":{"@id":"https:\/\/mvebio.com\/fr\/#organization"},"alternateName":"MVE Bio","potentialAction":[{"@type":"SearchAction","target":{"@type":"EntryPoint","urlTemplate":"https:\/\/mvebio.com\/fr\/?s={search_term_string}"},"query-input":{"@type":"PropertyValueSpecification","valueRequired":true,"valueName":"search_term_string"}}],"inLanguage":"fr-FR"},{"@type":"Organization","@id":"https:\/\/mvebio.com\/fr\/#organization","name":"MVE Biological Solutions","alternateName":"MVE Bio","url":"https:\/\/mvebio.com\/fr\/","logo":{"@type":"ImageObject","inLanguage":"fr-FR","@id":"https:\/\/mvebio.com\/fr\/#\/schema\/logo\/image\/","url":"https:\/\/mvebio.com\/wp-content\/uploads\/sites\/4\/2023\/12\/mve-square.png","contentUrl":"https:\/\/mvebio.com\/wp-content\/uploads\/sites\/4\/2023\/12\/mve-square.png","width":1200,"height":1200,"caption":"MVE Biological Solutions"},"image":{"@id":"https:\/\/mvebio.com\/fr\/#\/schema\/logo\/image\/"},"sameAs":["https:\/\/x.com\/MveBioSolutions","https:\/\/www.linkedin.com\/company\/mvebio\/"]}]}},"_links":{"self":[{"href":"https:\/\/mvebio.com\/fr\/wp-json\/wp\/v2\/pages\/11802","targetHints":{"allow":["GET"]}}],"collection":[{"href":"https:\/\/mvebio.com\/fr\/wp-json\/wp\/v2\/pages"}],"about":[{"href":"https:\/\/mvebio.com\/fr\/wp-json\/wp\/v2\/types\/page"}],"author":[{"embeddable":true,"href":"https:\/\/mvebio.com\/fr\/wp-json\/wp\/v2\/users\/1"}],"replies":[{"embeddable":true,"href":"https:\/\/mvebio.com\/fr\/wp-json\/wp\/v2\/comments?post=11802"}],"version-history":[{"count":1,"href":"https:\/\/mvebio.com\/fr\/wp-json\/wp\/v2\/pages\/11802\/revisions"}],"predecessor-version":[{"id":11805,"href":"https:\/\/mvebio.com\/fr\/wp-json\/wp\/v2\/pages\/11802\/revisions\/11805"}],"up":[{"embeddable":true,"href":"https:\/\/mvebio.com\/fr\/wp-json\/wp\/v2\/pages\/11804"}],"wp:featuredmedia":[{"embeddable":true,"href":"https:\/\/mvebio.com\/fr\/wp-json\/wp\/v2\/media\/10545"}],"wp:attachment":[{"href":"https:\/\/mvebio.com\/fr\/wp-json\/wp\/v2\/media?parent=11802"}],"curies":[{"name":"wp","href":"https:\/\/api.w.org\/{rel}","templated":true}]}}