{"id":11801,"date":"2023-03-30T11:04:30","date_gmt":"2023-03-30T10:04:30","guid":{"rendered":"https:\/\/mvebio.com\/serie-mve-doble\/"},"modified":"2026-02-18T10:46:57","modified_gmt":"2026-02-18T15:46:57","slug":"serie-mve-doble","status":"publish","type":"page","link":"https:\/\/mvebio.com\/fr\/nos-produits\/sciences-de-la-vie-aluminium\/serie-mve-doble\/","title":{"rendered":"S\u00e9rie MVE Doble"},"content":{"rendered":"","protected":false},"excerpt":{"rendered":"<p>Le premier dewar d&rsquo;exp\u00e9dition cryog\u00e9nique \u00e0 offrir \u00e0 la fois l&rsquo;exp\u00e9dition de vapeur et le stockage de liquide<\/p>\n","protected":false},"author":1,"featured_media":10604,"parent":11823,"menu_order":0,"comment_status":"closed","ping_status":"closed","template":"","meta":{"_acf_changed":false,"footnotes":""},"class_list":["post-11801","page","type-page","status-publish","has-post-thumbnail","hentry"],"acf":[],"yoast_head":"<!-- This site is optimized with the Yoast SEO plugin v27.2 - https:\/\/yoast.com\/product\/yoast-seo-wordpress\/ -->\n<title>S\u00e9rie MVE Doble - MVE Biological Solutions<\/title>\n<meta name=\"description\" content=\"Le premier dewar d&#039;exp\u00e9dition cryog\u00e9nique \u00e0 offrir \u00e0 la fois l&#039;exp\u00e9dition de vapeur et le stockage de liquide. Si vous \u00eates \u00e0 la recherche d&#039;un transport cryog\u00e9nique pour la th\u00e9rapie cellulaire et g\u00e9nique, ce dewar innovant vous permettra d&#039;effectuer des exp\u00e9ditions cryog\u00e9niques en toute s\u00e9curit\u00e9. Et surtout, vous ne perdrez pas un instant de votre temps pr\u00e9cieux en choisissant la s\u00e9rie MVE Doble. En effet, vos \u00e9chantillons critiques peuvent \u00eatre pr\u00eats \u00e0 \u00eatre exp\u00e9di\u00e9s en moins de deux heures.\" \/>\n<meta name=\"robots\" content=\"index, follow, max-snippet:-1, max-image-preview:large, max-video-preview:-1\" \/>\n<link rel=\"canonical\" href=\"https:\/\/mvebio.com\/fr\/nos-produits\/sciences-de-la-vie-aluminium\/serie-mve-doble\/\" \/>\n<meta property=\"og:locale\" content=\"fr_FR\" \/>\n<meta property=\"og:type\" content=\"article\" \/>\n<meta property=\"og:title\" content=\"S\u00e9rie MVE Doble - MVE Biological Solutions\" \/>\n<meta property=\"og:description\" content=\"Le premier dewar d&#039;exp\u00e9dition cryog\u00e9nique \u00e0 offrir \u00e0 la fois l&#039;exp\u00e9dition de vapeur et le stockage de liquide. Si vous \u00eates \u00e0 la recherche d&#039;un transport cryog\u00e9nique pour la th\u00e9rapie cellulaire et g\u00e9nique, ce dewar innovant vous permettra d&#039;effectuer des exp\u00e9ditions cryog\u00e9niques en toute s\u00e9curit\u00e9. Et surtout, vous ne perdrez pas un instant de votre temps pr\u00e9cieux en choisissant la s\u00e9rie MVE Doble. En effet, vos \u00e9chantillons critiques peuvent \u00eatre pr\u00eats \u00e0 \u00eatre exp\u00e9di\u00e9s en moins de deux heures.\" \/>\n<meta property=\"og:url\" content=\"https:\/\/mvebio.com\/fr\/nos-produits\/sciences-de-la-vie-aluminium\/serie-mve-doble\/\" \/>\n<meta property=\"og:site_name\" content=\"MVE Biological Solutions\" \/>\n<meta property=\"article:modified_time\" content=\"2026-02-18T15:46:57+00:00\" \/>\n<meta property=\"og:image\" content=\"https:\/\/mvebio.com\/wp-content\/uploads\/sites\/4\/2023\/12\/Doble-Series-1.jpg\" \/>\n\t<meta property=\"og:image:width\" content=\"1200\" \/>\n\t<meta property=\"og:image:height\" content=\"562\" \/>\n\t<meta property=\"og:image:type\" content=\"image\/jpeg\" \/>\n<meta name=\"twitter:card\" content=\"summary_large_image\" \/>\n<meta name=\"twitter:site\" content=\"@MveBioSolutions\" \/>\n<script type=\"application\/ld+json\" class=\"yoast-schema-graph\">{\"@context\":\"https:\/\/schema.org\",\"@graph\":[{\"@type\":\"WebPage\",\"@id\":\"https:\/\/mvebio.com\/fr\/nos-produits\/sciences-de-la-vie-aluminium\/serie-mve-doble\/\",\"url\":\"https:\/\/mvebio.com\/fr\/nos-produits\/sciences-de-la-vie-aluminium\/serie-mve-doble\/\",\"name\":\"S\u00e9rie MVE Doble - MVE Biological Solutions\",\"isPartOf\":{\"@id\":\"https:\/\/mvebio.com\/fr\/#website\"},\"primaryImageOfPage\":{\"@id\":\"https:\/\/mvebio.com\/fr\/nos-produits\/sciences-de-la-vie-aluminium\/serie-mve-doble\/#primaryimage\"},\"image\":{\"@id\":\"https:\/\/mvebio.com\/fr\/nos-produits\/sciences-de-la-vie-aluminium\/serie-mve-doble\/#primaryimage\"},\"thumbnailUrl\":\"https:\/\/mvebio.com\/wp-content\/uploads\/sites\/4\/2023\/12\/Doble-Series-1.jpg\",\"datePublished\":\"2023-03-30T10:04:30+00:00\",\"dateModified\":\"2026-02-18T15:46:57+00:00\",\"description\":\"Le premier dewar d'exp\u00e9dition cryog\u00e9nique \u00e0 offrir \u00e0 la fois l'exp\u00e9dition de vapeur et le stockage de liquide. Si vous \u00eates \u00e0 la recherche d'un transport cryog\u00e9nique pour la th\u00e9rapie cellulaire et g\u00e9nique, ce dewar innovant vous permettra d'effectuer des exp\u00e9ditions cryog\u00e9niques en toute s\u00e9curit\u00e9. Et surtout, vous ne perdrez pas un instant de votre temps pr\u00e9cieux en choisissant la s\u00e9rie MVE Doble. En effet, vos \u00e9chantillons critiques peuvent \u00eatre pr\u00eats \u00e0 \u00eatre exp\u00e9di\u00e9s en moins de deux heures.\",\"breadcrumb\":{\"@id\":\"https:\/\/mvebio.com\/fr\/nos-produits\/sciences-de-la-vie-aluminium\/serie-mve-doble\/#breadcrumb\"},\"inLanguage\":\"fr-FR\",\"potentialAction\":[{\"@type\":\"ReadAction\",\"target\":[\"https:\/\/mvebio.com\/fr\/nos-produits\/sciences-de-la-vie-aluminium\/serie-mve-doble\/\"]}]},{\"@type\":\"ImageObject\",\"inLanguage\":\"fr-FR\",\"@id\":\"https:\/\/mvebio.com\/fr\/nos-produits\/sciences-de-la-vie-aluminium\/serie-mve-doble\/#primaryimage\",\"url\":\"https:\/\/mvebio.com\/wp-content\/uploads\/sites\/4\/2023\/12\/Doble-Series-1.jpg\",\"contentUrl\":\"https:\/\/mvebio.com\/wp-content\/uploads\/sites\/4\/2023\/12\/Doble-Series-1.jpg\",\"width\":1200,\"height\":562,\"caption\":\"S\u00e9rie Doble\"},{\"@type\":\"BreadcrumbList\",\"@id\":\"https:\/\/mvebio.com\/fr\/nos-produits\/sciences-de-la-vie-aluminium\/serie-mve-doble\/#breadcrumb\",\"itemListElement\":[{\"@type\":\"ListItem\",\"position\":1,\"name\":\"Accueil\",\"item\":\"https:\/\/mvebio.com\/fr\/homepage\/\"},{\"@type\":\"ListItem\",\"position\":2,\"name\":\"Nos produits\",\"item\":\"https:\/\/mvebio.com\/fr\/nos-produits\/\"},{\"@type\":\"ListItem\",\"position\":3,\"name\":\"Sciences de la vie (aluminium)\",\"item\":\"https:\/\/mvebio.com\/fr\/nos-produits\/sciences-de-la-vie-aluminium\/\"},{\"@type\":\"ListItem\",\"position\":4,\"name\":\"S\u00e9rie MVE Doble\"}]},{\"@type\":\"WebSite\",\"@id\":\"https:\/\/mvebio.com\/fr\/#website\",\"url\":\"https:\/\/mvebio.com\/fr\/\",\"name\":\"MVE Biological Solutions\",\"description\":\"Cryogenic freezers and dewars\",\"publisher\":{\"@id\":\"https:\/\/mvebio.com\/fr\/#organization\"},\"alternateName\":\"MVE Bio\",\"potentialAction\":[{\"@type\":\"SearchAction\",\"target\":{\"@type\":\"EntryPoint\",\"urlTemplate\":\"https:\/\/mvebio.com\/fr\/?s={search_term_string}\"},\"query-input\":{\"@type\":\"PropertyValueSpecification\",\"valueRequired\":true,\"valueName\":\"search_term_string\"}}],\"inLanguage\":\"fr-FR\"},{\"@type\":\"Organization\",\"@id\":\"https:\/\/mvebio.com\/fr\/#organization\",\"name\":\"MVE Biological Solutions\",\"alternateName\":\"MVE Bio\",\"url\":\"https:\/\/mvebio.com\/fr\/\",\"logo\":{\"@type\":\"ImageObject\",\"inLanguage\":\"fr-FR\",\"@id\":\"https:\/\/mvebio.com\/fr\/#\/schema\/logo\/image\/\",\"url\":\"https:\/\/mvebio.com\/wp-content\/uploads\/sites\/4\/2023\/12\/mve-square.png\",\"contentUrl\":\"https:\/\/mvebio.com\/wp-content\/uploads\/sites\/4\/2023\/12\/mve-square.png\",\"width\":1200,\"height\":1200,\"caption\":\"MVE Biological Solutions\"},\"image\":{\"@id\":\"https:\/\/mvebio.com\/fr\/#\/schema\/logo\/image\/\"},\"sameAs\":[\"https:\/\/x.com\/MveBioSolutions\",\"https:\/\/www.linkedin.com\/company\/mvebio\/\"]}]}<\/script>\n<!-- \/ Yoast SEO plugin. -->","yoast_head_json":{"title":"S\u00e9rie MVE Doble - MVE Biological Solutions","description":"Le premier dewar d'exp\u00e9dition cryog\u00e9nique \u00e0 offrir \u00e0 la fois l'exp\u00e9dition de vapeur et le stockage de liquide. Si vous \u00eates \u00e0 la recherche d'un transport cryog\u00e9nique pour la th\u00e9rapie cellulaire et g\u00e9nique, ce dewar innovant vous permettra d'effectuer des exp\u00e9ditions cryog\u00e9niques en toute s\u00e9curit\u00e9. Et surtout, vous ne perdrez pas un instant de votre temps pr\u00e9cieux en choisissant la s\u00e9rie MVE Doble. En effet, vos \u00e9chantillons critiques peuvent \u00eatre pr\u00eats \u00e0 \u00eatre exp\u00e9di\u00e9s en moins de deux heures.","robots":{"index":"index","follow":"follow","max-snippet":"max-snippet:-1","max-image-preview":"max-image-preview:large","max-video-preview":"max-video-preview:-1"},"canonical":"https:\/\/mvebio.com\/fr\/nos-produits\/sciences-de-la-vie-aluminium\/serie-mve-doble\/","og_locale":"fr_FR","og_type":"article","og_title":"S\u00e9rie MVE Doble - MVE Biological Solutions","og_description":"Le premier dewar d'exp\u00e9dition cryog\u00e9nique \u00e0 offrir \u00e0 la fois l'exp\u00e9dition de vapeur et le stockage de liquide. Si vous \u00eates \u00e0 la recherche d'un transport cryog\u00e9nique pour la th\u00e9rapie cellulaire et g\u00e9nique, ce dewar innovant vous permettra d'effectuer des exp\u00e9ditions cryog\u00e9niques en toute s\u00e9curit\u00e9. Et surtout, vous ne perdrez pas un instant de votre temps pr\u00e9cieux en choisissant la s\u00e9rie MVE Doble. En effet, vos \u00e9chantillons critiques peuvent \u00eatre pr\u00eats \u00e0 \u00eatre exp\u00e9di\u00e9s en moins de deux heures.","og_url":"https:\/\/mvebio.com\/fr\/nos-produits\/sciences-de-la-vie-aluminium\/serie-mve-doble\/","og_site_name":"MVE Biological Solutions","article_modified_time":"2026-02-18T15:46:57+00:00","og_image":[{"width":1200,"height":562,"url":"https:\/\/mvebio.com\/wp-content\/uploads\/sites\/4\/2023\/12\/Doble-Series-1.jpg","type":"image\/jpeg"}],"twitter_card":"summary_large_image","twitter_site":"@MveBioSolutions","schema":{"@context":"https:\/\/schema.org","@graph":[{"@type":"WebPage","@id":"https:\/\/mvebio.com\/fr\/nos-produits\/sciences-de-la-vie-aluminium\/serie-mve-doble\/","url":"https:\/\/mvebio.com\/fr\/nos-produits\/sciences-de-la-vie-aluminium\/serie-mve-doble\/","name":"S\u00e9rie MVE Doble - MVE Biological Solutions","isPartOf":{"@id":"https:\/\/mvebio.com\/fr\/#website"},"primaryImageOfPage":{"@id":"https:\/\/mvebio.com\/fr\/nos-produits\/sciences-de-la-vie-aluminium\/serie-mve-doble\/#primaryimage"},"image":{"@id":"https:\/\/mvebio.com\/fr\/nos-produits\/sciences-de-la-vie-aluminium\/serie-mve-doble\/#primaryimage"},"thumbnailUrl":"https:\/\/mvebio.com\/wp-content\/uploads\/sites\/4\/2023\/12\/Doble-Series-1.jpg","datePublished":"2023-03-30T10:04:30+00:00","dateModified":"2026-02-18T15:46:57+00:00","description":"Le premier dewar d'exp\u00e9dition cryog\u00e9nique \u00e0 offrir \u00e0 la fois l'exp\u00e9dition de vapeur et le stockage de liquide. Si vous \u00eates \u00e0 la recherche d'un transport cryog\u00e9nique pour la th\u00e9rapie cellulaire et g\u00e9nique, ce dewar innovant vous permettra d'effectuer des exp\u00e9ditions cryog\u00e9niques en toute s\u00e9curit\u00e9. Et surtout, vous ne perdrez pas un instant de votre temps pr\u00e9cieux en choisissant la s\u00e9rie MVE Doble. En effet, vos \u00e9chantillons critiques peuvent \u00eatre pr\u00eats \u00e0 \u00eatre exp\u00e9di\u00e9s en moins de deux heures.","breadcrumb":{"@id":"https:\/\/mvebio.com\/fr\/nos-produits\/sciences-de-la-vie-aluminium\/serie-mve-doble\/#breadcrumb"},"inLanguage":"fr-FR","potentialAction":[{"@type":"ReadAction","target":["https:\/\/mvebio.com\/fr\/nos-produits\/sciences-de-la-vie-aluminium\/serie-mve-doble\/"]}]},{"@type":"ImageObject","inLanguage":"fr-FR","@id":"https:\/\/mvebio.com\/fr\/nos-produits\/sciences-de-la-vie-aluminium\/serie-mve-doble\/#primaryimage","url":"https:\/\/mvebio.com\/wp-content\/uploads\/sites\/4\/2023\/12\/Doble-Series-1.jpg","contentUrl":"https:\/\/mvebio.com\/wp-content\/uploads\/sites\/4\/2023\/12\/Doble-Series-1.jpg","width":1200,"height":562,"caption":"S\u00e9rie Doble"},{"@type":"BreadcrumbList","@id":"https:\/\/mvebio.com\/fr\/nos-produits\/sciences-de-la-vie-aluminium\/serie-mve-doble\/#breadcrumb","itemListElement":[{"@type":"ListItem","position":1,"name":"Accueil","item":"https:\/\/mvebio.com\/fr\/homepage\/"},{"@type":"ListItem","position":2,"name":"Nos produits","item":"https:\/\/mvebio.com\/fr\/nos-produits\/"},{"@type":"ListItem","position":3,"name":"Sciences de la vie (aluminium)","item":"https:\/\/mvebio.com\/fr\/nos-produits\/sciences-de-la-vie-aluminium\/"},{"@type":"ListItem","position":4,"name":"S\u00e9rie MVE Doble"}]},{"@type":"WebSite","@id":"https:\/\/mvebio.com\/fr\/#website","url":"https:\/\/mvebio.com\/fr\/","name":"MVE Biological Solutions","description":"Cryogenic freezers and dewars","publisher":{"@id":"https:\/\/mvebio.com\/fr\/#organization"},"alternateName":"MVE Bio","potentialAction":[{"@type":"SearchAction","target":{"@type":"EntryPoint","urlTemplate":"https:\/\/mvebio.com\/fr\/?s={search_term_string}"},"query-input":{"@type":"PropertyValueSpecification","valueRequired":true,"valueName":"search_term_string"}}],"inLanguage":"fr-FR"},{"@type":"Organization","@id":"https:\/\/mvebio.com\/fr\/#organization","name":"MVE Biological Solutions","alternateName":"MVE Bio","url":"https:\/\/mvebio.com\/fr\/","logo":{"@type":"ImageObject","inLanguage":"fr-FR","@id":"https:\/\/mvebio.com\/fr\/#\/schema\/logo\/image\/","url":"https:\/\/mvebio.com\/wp-content\/uploads\/sites\/4\/2023\/12\/mve-square.png","contentUrl":"https:\/\/mvebio.com\/wp-content\/uploads\/sites\/4\/2023\/12\/mve-square.png","width":1200,"height":1200,"caption":"MVE Biological Solutions"},"image":{"@id":"https:\/\/mvebio.com\/fr\/#\/schema\/logo\/image\/"},"sameAs":["https:\/\/x.com\/MveBioSolutions","https:\/\/www.linkedin.com\/company\/mvebio\/"]}]}},"_links":{"self":[{"href":"https:\/\/mvebio.com\/fr\/wp-json\/wp\/v2\/pages\/11801","targetHints":{"allow":["GET"]}}],"collection":[{"href":"https:\/\/mvebio.com\/fr\/wp-json\/wp\/v2\/pages"}],"about":[{"href":"https:\/\/mvebio.com\/fr\/wp-json\/wp\/v2\/types\/page"}],"author":[{"embeddable":true,"href":"https:\/\/mvebio.com\/fr\/wp-json\/wp\/v2\/users\/1"}],"replies":[{"embeddable":true,"href":"https:\/\/mvebio.com\/fr\/wp-json\/wp\/v2\/comments?post=11801"}],"version-history":[{"count":1,"href":"https:\/\/mvebio.com\/fr\/wp-json\/wp\/v2\/pages\/11801\/revisions"}],"predecessor-version":[{"id":11827,"href":"https:\/\/mvebio.com\/fr\/wp-json\/wp\/v2\/pages\/11801\/revisions\/11827"}],"up":[{"embeddable":true,"href":"https:\/\/mvebio.com\/fr\/wp-json\/wp\/v2\/pages\/11823"}],"wp:featuredmedia":[{"embeddable":true,"href":"https:\/\/mvebio.com\/fr\/wp-json\/wp\/v2\/media\/10604"}],"wp:attachment":[{"href":"https:\/\/mvebio.com\/fr\/wp-json\/wp\/v2\/media?parent=11801"}],"curies":[{"name":"wp","href":"https:\/\/api.w.org\/{rel}","templated":true}]}}