{"id":11799,"date":"2023-03-30T10:50:35","date_gmt":"2023-03-30T09:50:35","guid":{"rendered":"https:\/\/mvebio.com\/eleveurs-congelateurs\/"},"modified":"2026-02-18T11:16:53","modified_gmt":"2026-02-18T16:16:53","slug":"eleveurs-congelateurs","status":"publish","type":"page","link":"https:\/\/mvebio.com\/fr\/nos-produits\/eleveurs-congelateurs\/","title":{"rendered":"\u00c9leveurs (cong\u00e9lateurs)"},"content":{"rendered":"","protected":false},"excerpt":{"rendered":"","protected":false},"author":1,"featured_media":10521,"parent":11854,"menu_order":0,"comment_status":"closed","ping_status":"closed","template":"","meta":{"_acf_changed":false,"footnotes":""},"class_list":["post-11799","page","type-page","status-publish","has-post-thumbnail","hentry"],"acf":[],"yoast_head":"<!-- This site is optimized with the Yoast SEO plugin v27.2 - https:\/\/yoast.com\/product\/yoast-seo-wordpress\/ -->\n<title>\u00c9leveurs (cong\u00e9lateurs) - MVE Biological Solutions<\/title>\n<meta name=\"description\" content=\"D\u00e9couvrez nos solutions de stockage cryog\u00e9nique sp\u00e9cialis\u00e9es, con\u00e7ues pour une pr\u00e9servation pr\u00e9cise des \u00e9chantillons dans les applications de reproduction. Faites confiance \u00e0 la fiabilit\u00e9 et \u00e0 l&#039;innovation de MVE pour pr\u00e9server l&#039;int\u00e9grit\u00e9 g\u00e9n\u00e9tique de vos pr\u00e9cieux sp\u00e9cimens. D\u00e9couvrez l&#039;avenir de la technologie des cong\u00e9lateurs d&#039;\u00e9levage chez MVE Biological Solutions, o\u00f9 l&#039;excellence rencontre la pr\u00e9servation g\u00e9n\u00e9tique.\" \/>\n<meta name=\"robots\" content=\"index, follow, max-snippet:-1, max-image-preview:large, max-video-preview:-1\" \/>\n<link rel=\"canonical\" href=\"https:\/\/mvebio.com\/fr\/nos-produits\/eleveurs-congelateurs\/\" \/>\n<meta property=\"og:locale\" content=\"fr_FR\" \/>\n<meta property=\"og:type\" content=\"article\" \/>\n<meta property=\"og:title\" content=\"\u00c9leveurs (cong\u00e9lateurs) - MVE Biological Solutions\" \/>\n<meta property=\"og:description\" content=\"D\u00e9couvrez nos solutions de stockage cryog\u00e9nique sp\u00e9cialis\u00e9es, con\u00e7ues pour une pr\u00e9servation pr\u00e9cise des \u00e9chantillons dans les applications de reproduction. Faites confiance \u00e0 la fiabilit\u00e9 et \u00e0 l&#039;innovation de MVE pour pr\u00e9server l&#039;int\u00e9grit\u00e9 g\u00e9n\u00e9tique de vos pr\u00e9cieux sp\u00e9cimens. D\u00e9couvrez l&#039;avenir de la technologie des cong\u00e9lateurs d&#039;\u00e9levage chez MVE Biological Solutions, o\u00f9 l&#039;excellence rencontre la pr\u00e9servation g\u00e9n\u00e9tique.\" \/>\n<meta property=\"og:url\" content=\"https:\/\/mvebio.com\/fr\/nos-produits\/eleveurs-congelateurs\/\" \/>\n<meta property=\"og:site_name\" content=\"MVE Biological Solutions\" \/>\n<meta property=\"article:modified_time\" content=\"2026-02-18T16:16:53+00:00\" \/>\n<meta property=\"og:image\" content=\"https:\/\/mvebio.com\/wp-content\/uploads\/sites\/4\/2023\/12\/MVE-Series-1-e1701460226836.jpg\" \/>\n\t<meta property=\"og:image:width\" content=\"1200\" \/>\n\t<meta property=\"og:image:height\" content=\"562\" \/>\n\t<meta property=\"og:image:type\" content=\"image\/jpeg\" \/>\n<meta name=\"twitter:card\" content=\"summary_large_image\" \/>\n<meta name=\"twitter:site\" content=\"@MveBioSolutions\" \/>\n<script type=\"application\/ld+json\" class=\"yoast-schema-graph\">{\"@context\":\"https:\/\/schema.org\",\"@graph\":[{\"@type\":\"WebPage\",\"@id\":\"https:\/\/mvebio.com\/fr\/nos-produits\/eleveurs-congelateurs\/\",\"url\":\"https:\/\/mvebio.com\/fr\/nos-produits\/eleveurs-congelateurs\/\",\"name\":\"\u00c9leveurs (cong\u00e9lateurs) - MVE Biological Solutions\",\"isPartOf\":{\"@id\":\"https:\/\/mvebio.com\/fr\/#website\"},\"primaryImageOfPage\":{\"@id\":\"https:\/\/mvebio.com\/fr\/nos-produits\/eleveurs-congelateurs\/#primaryimage\"},\"image\":{\"@id\":\"https:\/\/mvebio.com\/fr\/nos-produits\/eleveurs-congelateurs\/#primaryimage\"},\"thumbnailUrl\":\"https:\/\/mvebio.com\/wp-content\/uploads\/sites\/4\/2023\/12\/MVE-Series-1-e1701460226836.jpg\",\"datePublished\":\"2023-03-30T09:50:35+00:00\",\"dateModified\":\"2026-02-18T16:16:53+00:00\",\"description\":\"D\u00e9couvrez nos solutions de stockage cryog\u00e9nique sp\u00e9cialis\u00e9es, con\u00e7ues pour une pr\u00e9servation pr\u00e9cise des \u00e9chantillons dans les applications de reproduction. Faites confiance \u00e0 la fiabilit\u00e9 et \u00e0 l'innovation de MVE pour pr\u00e9server l'int\u00e9grit\u00e9 g\u00e9n\u00e9tique de vos pr\u00e9cieux sp\u00e9cimens. D\u00e9couvrez l'avenir de la technologie des cong\u00e9lateurs d'\u00e9levage chez MVE Biological Solutions, o\u00f9 l'excellence rencontre la pr\u00e9servation g\u00e9n\u00e9tique.\",\"breadcrumb\":{\"@id\":\"https:\/\/mvebio.com\/fr\/nos-produits\/eleveurs-congelateurs\/#breadcrumb\"},\"inLanguage\":\"fr-FR\",\"potentialAction\":[{\"@type\":\"ReadAction\",\"target\":[\"https:\/\/mvebio.com\/fr\/nos-produits\/eleveurs-congelateurs\/\"]}]},{\"@type\":\"ImageObject\",\"inLanguage\":\"fr-FR\",\"@id\":\"https:\/\/mvebio.com\/fr\/nos-produits\/eleveurs-congelateurs\/#primaryimage\",\"url\":\"https:\/\/mvebio.com\/wp-content\/uploads\/sites\/4\/2023\/12\/MVE-Series-1-e1701460226836.jpg\",\"contentUrl\":\"https:\/\/mvebio.com\/wp-content\/uploads\/sites\/4\/2023\/12\/MVE-Series-1-e1701460226836.jpg\",\"width\":1200,\"height\":562,\"caption\":\"S\u00e9rie MVE\"},{\"@type\":\"BreadcrumbList\",\"@id\":\"https:\/\/mvebio.com\/fr\/nos-produits\/eleveurs-congelateurs\/#breadcrumb\",\"itemListElement\":[{\"@type\":\"ListItem\",\"position\":1,\"name\":\"Accueil\",\"item\":\"https:\/\/mvebio.com\/fr\/homepage\/\"},{\"@type\":\"ListItem\",\"position\":2,\"name\":\"Nos produits\",\"item\":\"https:\/\/mvebio.com\/fr\/nos-produits\/\"},{\"@type\":\"ListItem\",\"position\":3,\"name\":\"\u00c9leveurs (cong\u00e9lateurs)\"}]},{\"@type\":\"WebSite\",\"@id\":\"https:\/\/mvebio.com\/fr\/#website\",\"url\":\"https:\/\/mvebio.com\/fr\/\",\"name\":\"MVE Biological Solutions\",\"description\":\"Cryogenic freezers and dewars\",\"publisher\":{\"@id\":\"https:\/\/mvebio.com\/fr\/#organization\"},\"alternateName\":\"MVE Bio\",\"potentialAction\":[{\"@type\":\"SearchAction\",\"target\":{\"@type\":\"EntryPoint\",\"urlTemplate\":\"https:\/\/mvebio.com\/fr\/?s={search_term_string}\"},\"query-input\":{\"@type\":\"PropertyValueSpecification\",\"valueRequired\":true,\"valueName\":\"search_term_string\"}}],\"inLanguage\":\"fr-FR\"},{\"@type\":\"Organization\",\"@id\":\"https:\/\/mvebio.com\/fr\/#organization\",\"name\":\"MVE Biological Solutions\",\"alternateName\":\"MVE Bio\",\"url\":\"https:\/\/mvebio.com\/fr\/\",\"logo\":{\"@type\":\"ImageObject\",\"inLanguage\":\"fr-FR\",\"@id\":\"https:\/\/mvebio.com\/fr\/#\/schema\/logo\/image\/\",\"url\":\"https:\/\/mvebio.com\/wp-content\/uploads\/sites\/4\/2023\/12\/mve-square.png\",\"contentUrl\":\"https:\/\/mvebio.com\/wp-content\/uploads\/sites\/4\/2023\/12\/mve-square.png\",\"width\":1200,\"height\":1200,\"caption\":\"MVE Biological Solutions\"},\"image\":{\"@id\":\"https:\/\/mvebio.com\/fr\/#\/schema\/logo\/image\/\"},\"sameAs\":[\"https:\/\/x.com\/MveBioSolutions\",\"https:\/\/www.linkedin.com\/company\/mvebio\/\"]}]}<\/script>\n<!-- \/ Yoast SEO plugin. -->","yoast_head_json":{"title":"\u00c9leveurs (cong\u00e9lateurs) - MVE Biological Solutions","description":"D\u00e9couvrez nos solutions de stockage cryog\u00e9nique sp\u00e9cialis\u00e9es, con\u00e7ues pour une pr\u00e9servation pr\u00e9cise des \u00e9chantillons dans les applications de reproduction. Faites confiance \u00e0 la fiabilit\u00e9 et \u00e0 l'innovation de MVE pour pr\u00e9server l'int\u00e9grit\u00e9 g\u00e9n\u00e9tique de vos pr\u00e9cieux sp\u00e9cimens. D\u00e9couvrez l'avenir de la technologie des cong\u00e9lateurs d'\u00e9levage chez MVE Biological Solutions, o\u00f9 l'excellence rencontre la pr\u00e9servation g\u00e9n\u00e9tique.","robots":{"index":"index","follow":"follow","max-snippet":"max-snippet:-1","max-image-preview":"max-image-preview:large","max-video-preview":"max-video-preview:-1"},"canonical":"https:\/\/mvebio.com\/fr\/nos-produits\/eleveurs-congelateurs\/","og_locale":"fr_FR","og_type":"article","og_title":"\u00c9leveurs (cong\u00e9lateurs) - MVE Biological Solutions","og_description":"D\u00e9couvrez nos solutions de stockage cryog\u00e9nique sp\u00e9cialis\u00e9es, con\u00e7ues pour une pr\u00e9servation pr\u00e9cise des \u00e9chantillons dans les applications de reproduction. Faites confiance \u00e0 la fiabilit\u00e9 et \u00e0 l'innovation de MVE pour pr\u00e9server l'int\u00e9grit\u00e9 g\u00e9n\u00e9tique de vos pr\u00e9cieux sp\u00e9cimens. D\u00e9couvrez l'avenir de la technologie des cong\u00e9lateurs d'\u00e9levage chez MVE Biological Solutions, o\u00f9 l'excellence rencontre la pr\u00e9servation g\u00e9n\u00e9tique.","og_url":"https:\/\/mvebio.com\/fr\/nos-produits\/eleveurs-congelateurs\/","og_site_name":"MVE Biological Solutions","article_modified_time":"2026-02-18T16:16:53+00:00","og_image":[{"width":1200,"height":562,"url":"https:\/\/mvebio.com\/wp-content\/uploads\/sites\/4\/2023\/12\/MVE-Series-1-e1701460226836.jpg","type":"image\/jpeg"}],"twitter_card":"summary_large_image","twitter_site":"@MveBioSolutions","schema":{"@context":"https:\/\/schema.org","@graph":[{"@type":"WebPage","@id":"https:\/\/mvebio.com\/fr\/nos-produits\/eleveurs-congelateurs\/","url":"https:\/\/mvebio.com\/fr\/nos-produits\/eleveurs-congelateurs\/","name":"\u00c9leveurs (cong\u00e9lateurs) - MVE Biological Solutions","isPartOf":{"@id":"https:\/\/mvebio.com\/fr\/#website"},"primaryImageOfPage":{"@id":"https:\/\/mvebio.com\/fr\/nos-produits\/eleveurs-congelateurs\/#primaryimage"},"image":{"@id":"https:\/\/mvebio.com\/fr\/nos-produits\/eleveurs-congelateurs\/#primaryimage"},"thumbnailUrl":"https:\/\/mvebio.com\/wp-content\/uploads\/sites\/4\/2023\/12\/MVE-Series-1-e1701460226836.jpg","datePublished":"2023-03-30T09:50:35+00:00","dateModified":"2026-02-18T16:16:53+00:00","description":"D\u00e9couvrez nos solutions de stockage cryog\u00e9nique sp\u00e9cialis\u00e9es, con\u00e7ues pour une pr\u00e9servation pr\u00e9cise des \u00e9chantillons dans les applications de reproduction. Faites confiance \u00e0 la fiabilit\u00e9 et \u00e0 l'innovation de MVE pour pr\u00e9server l'int\u00e9grit\u00e9 g\u00e9n\u00e9tique de vos pr\u00e9cieux sp\u00e9cimens. D\u00e9couvrez l'avenir de la technologie des cong\u00e9lateurs d'\u00e9levage chez MVE Biological Solutions, o\u00f9 l'excellence rencontre la pr\u00e9servation g\u00e9n\u00e9tique.","breadcrumb":{"@id":"https:\/\/mvebio.com\/fr\/nos-produits\/eleveurs-congelateurs\/#breadcrumb"},"inLanguage":"fr-FR","potentialAction":[{"@type":"ReadAction","target":["https:\/\/mvebio.com\/fr\/nos-produits\/eleveurs-congelateurs\/"]}]},{"@type":"ImageObject","inLanguage":"fr-FR","@id":"https:\/\/mvebio.com\/fr\/nos-produits\/eleveurs-congelateurs\/#primaryimage","url":"https:\/\/mvebio.com\/wp-content\/uploads\/sites\/4\/2023\/12\/MVE-Series-1-e1701460226836.jpg","contentUrl":"https:\/\/mvebio.com\/wp-content\/uploads\/sites\/4\/2023\/12\/MVE-Series-1-e1701460226836.jpg","width":1200,"height":562,"caption":"S\u00e9rie MVE"},{"@type":"BreadcrumbList","@id":"https:\/\/mvebio.com\/fr\/nos-produits\/eleveurs-congelateurs\/#breadcrumb","itemListElement":[{"@type":"ListItem","position":1,"name":"Accueil","item":"https:\/\/mvebio.com\/fr\/homepage\/"},{"@type":"ListItem","position":2,"name":"Nos produits","item":"https:\/\/mvebio.com\/fr\/nos-produits\/"},{"@type":"ListItem","position":3,"name":"\u00c9leveurs (cong\u00e9lateurs)"}]},{"@type":"WebSite","@id":"https:\/\/mvebio.com\/fr\/#website","url":"https:\/\/mvebio.com\/fr\/","name":"MVE Biological Solutions","description":"Cryogenic freezers and dewars","publisher":{"@id":"https:\/\/mvebio.com\/fr\/#organization"},"alternateName":"MVE Bio","potentialAction":[{"@type":"SearchAction","target":{"@type":"EntryPoint","urlTemplate":"https:\/\/mvebio.com\/fr\/?s={search_term_string}"},"query-input":{"@type":"PropertyValueSpecification","valueRequired":true,"valueName":"search_term_string"}}],"inLanguage":"fr-FR"},{"@type":"Organization","@id":"https:\/\/mvebio.com\/fr\/#organization","name":"MVE Biological Solutions","alternateName":"MVE Bio","url":"https:\/\/mvebio.com\/fr\/","logo":{"@type":"ImageObject","inLanguage":"fr-FR","@id":"https:\/\/mvebio.com\/fr\/#\/schema\/logo\/image\/","url":"https:\/\/mvebio.com\/wp-content\/uploads\/sites\/4\/2023\/12\/mve-square.png","contentUrl":"https:\/\/mvebio.com\/wp-content\/uploads\/sites\/4\/2023\/12\/mve-square.png","width":1200,"height":1200,"caption":"MVE Biological Solutions"},"image":{"@id":"https:\/\/mvebio.com\/fr\/#\/schema\/logo\/image\/"},"sameAs":["https:\/\/x.com\/MveBioSolutions","https:\/\/www.linkedin.com\/company\/mvebio\/"]}]}},"_links":{"self":[{"href":"https:\/\/mvebio.com\/fr\/wp-json\/wp\/v2\/pages\/11799","targetHints":{"allow":["GET"]}}],"collection":[{"href":"https:\/\/mvebio.com\/fr\/wp-json\/wp\/v2\/pages"}],"about":[{"href":"https:\/\/mvebio.com\/fr\/wp-json\/wp\/v2\/types\/page"}],"author":[{"embeddable":true,"href":"https:\/\/mvebio.com\/fr\/wp-json\/wp\/v2\/users\/1"}],"replies":[{"embeddable":true,"href":"https:\/\/mvebio.com\/fr\/wp-json\/wp\/v2\/comments?post=11799"}],"version-history":[{"count":1,"href":"https:\/\/mvebio.com\/fr\/wp-json\/wp\/v2\/pages\/11799\/revisions"}],"predecessor-version":[{"id":11859,"href":"https:\/\/mvebio.com\/fr\/wp-json\/wp\/v2\/pages\/11799\/revisions\/11859"}],"up":[{"embeddable":true,"href":"https:\/\/mvebio.com\/fr\/wp-json\/wp\/v2\/pages\/11854"}],"wp:featuredmedia":[{"embeddable":true,"href":"https:\/\/mvebio.com\/fr\/wp-json\/wp\/v2\/media\/10521"}],"wp:attachment":[{"href":"https:\/\/mvebio.com\/fr\/wp-json\/wp\/v2\/media?parent=11799"}],"curies":[{"name":"wp","href":"https:\/\/api.w.org\/{rel}","templated":true}]}}