{"id":11797,"date":"2023-03-30T11:05:59","date_gmt":"2023-03-30T10:05:59","guid":{"rendered":"https:\/\/mvebio.com\/serie-mve-lab\/"},"modified":"2026-02-18T10:46:23","modified_gmt":"2026-02-18T15:46:23","slug":"serie-mve-lab","status":"publish","type":"page","link":"https:\/\/mvebio.com\/fr\/nos-produits\/eleveurs-aluminium\/serie-mve-lab\/","title":{"rendered":"S\u00e9rie MVE Lab"},"content":{"rendered":"","protected":false},"excerpt":{"rendered":"<p>Compl\u00e9tez votre r\u00e9servoir de sperme avec notre s\u00e9rie Lab de Dewars en aluminium<\/p>\n","protected":false},"author":1,"featured_media":10620,"parent":11841,"menu_order":0,"comment_status":"closed","ping_status":"closed","template":"","meta":{"_acf_changed":false,"footnotes":""},"class_list":["post-11797","page","type-page","status-publish","has-post-thumbnail","hentry"],"acf":[],"yoast_head":"<!-- This site is optimized with the Yoast SEO plugin v27.2 - https:\/\/yoast.com\/product\/yoast-seo-wordpress\/ -->\n<title>S\u00e9rie MVE Lab - MVE Biological Solutions<\/title>\n<meta name=\"description\" content=\"Nos Dewars de la s\u00e9rie Lab sont con\u00e7us pour stocker efficacement l&#039;azote liquide afin de remplir les cuves de sperme en cas de besoin. Ils constituent un moyen s\u00fbr, pratique et \u00e9conomique de stocker l&#039;azote liquide. Les dewars en aluminium de la s\u00e9rie MVE Lab vous permettront d&#039;effectuer ce travail, soit en d\u00e9versant manuellement de l&#039;azote liquide, soit en utilisant le dispositif de d\u00e9chargement, le dipper ou le CryoTipper. C&#039;est la raison pour laquelle ils sont les dewars de choix pour le stockage de l&#039;azote liquide dans le monde entier.\" \/>\n<meta name=\"robots\" content=\"index, follow, max-snippet:-1, max-image-preview:large, max-video-preview:-1\" \/>\n<link rel=\"canonical\" href=\"https:\/\/mvebio.com\/fr\/nos-produits\/eleveurs-aluminium\/serie-mve-lab\/\" \/>\n<meta property=\"og:locale\" content=\"fr_FR\" \/>\n<meta property=\"og:type\" content=\"article\" \/>\n<meta property=\"og:title\" content=\"S\u00e9rie MVE Lab - MVE Biological Solutions\" \/>\n<meta property=\"og:description\" content=\"Nos Dewars de la s\u00e9rie Lab sont con\u00e7us pour stocker efficacement l&#039;azote liquide afin de remplir les cuves de sperme en cas de besoin. Ils constituent un moyen s\u00fbr, pratique et \u00e9conomique de stocker l&#039;azote liquide. Les dewars en aluminium de la s\u00e9rie MVE Lab vous permettront d&#039;effectuer ce travail, soit en d\u00e9versant manuellement de l&#039;azote liquide, soit en utilisant le dispositif de d\u00e9chargement, le dipper ou le CryoTipper. C&#039;est la raison pour laquelle ils sont les dewars de choix pour le stockage de l&#039;azote liquide dans le monde entier.\" \/>\n<meta property=\"og:url\" content=\"https:\/\/mvebio.com\/fr\/nos-produits\/eleveurs-aluminium\/serie-mve-lab\/\" \/>\n<meta property=\"og:site_name\" content=\"MVE Biological Solutions\" \/>\n<meta property=\"article:modified_time\" content=\"2026-02-18T15:46:23+00:00\" \/>\n<meta property=\"og:image\" content=\"https:\/\/mvebio.com\/wp-content\/uploads\/sites\/4\/2023\/12\/lab-series-2.jpg\" \/>\n\t<meta property=\"og:image:width\" content=\"1200\" \/>\n\t<meta property=\"og:image:height\" content=\"562\" \/>\n\t<meta property=\"og:image:type\" content=\"image\/jpeg\" \/>\n<meta name=\"twitter:card\" content=\"summary_large_image\" \/>\n<meta name=\"twitter:site\" content=\"@MveBioSolutions\" \/>\n<script type=\"application\/ld+json\" class=\"yoast-schema-graph\">{\"@context\":\"https:\/\/schema.org\",\"@graph\":[{\"@type\":\"WebPage\",\"@id\":\"https:\/\/mvebio.com\/fr\/nos-produits\/eleveurs-aluminium\/serie-mve-lab\/\",\"url\":\"https:\/\/mvebio.com\/fr\/nos-produits\/eleveurs-aluminium\/serie-mve-lab\/\",\"name\":\"S\u00e9rie MVE Lab - MVE Biological Solutions\",\"isPartOf\":{\"@id\":\"https:\/\/mvebio.com\/fr\/#website\"},\"primaryImageOfPage\":{\"@id\":\"https:\/\/mvebio.com\/fr\/nos-produits\/eleveurs-aluminium\/serie-mve-lab\/#primaryimage\"},\"image\":{\"@id\":\"https:\/\/mvebio.com\/fr\/nos-produits\/eleveurs-aluminium\/serie-mve-lab\/#primaryimage\"},\"thumbnailUrl\":\"https:\/\/mvebio.com\/wp-content\/uploads\/sites\/4\/2023\/12\/lab-series-2.jpg\",\"datePublished\":\"2023-03-30T10:05:59+00:00\",\"dateModified\":\"2026-02-18T15:46:23+00:00\",\"description\":\"Nos Dewars de la s\u00e9rie Lab sont con\u00e7us pour stocker efficacement l'azote liquide afin de remplir les cuves de sperme en cas de besoin. Ils constituent un moyen s\u00fbr, pratique et \u00e9conomique de stocker l'azote liquide. Les dewars en aluminium de la s\u00e9rie MVE Lab vous permettront d'effectuer ce travail, soit en d\u00e9versant manuellement de l'azote liquide, soit en utilisant le dispositif de d\u00e9chargement, le dipper ou le CryoTipper. C'est la raison pour laquelle ils sont les dewars de choix pour le stockage de l'azote liquide dans le monde entier.\",\"breadcrumb\":{\"@id\":\"https:\/\/mvebio.com\/fr\/nos-produits\/eleveurs-aluminium\/serie-mve-lab\/#breadcrumb\"},\"inLanguage\":\"fr-FR\",\"potentialAction\":[{\"@type\":\"ReadAction\",\"target\":[\"https:\/\/mvebio.com\/fr\/nos-produits\/eleveurs-aluminium\/serie-mve-lab\/\"]}]},{\"@type\":\"ImageObject\",\"inLanguage\":\"fr-FR\",\"@id\":\"https:\/\/mvebio.com\/fr\/nos-produits\/eleveurs-aluminium\/serie-mve-lab\/#primaryimage\",\"url\":\"https:\/\/mvebio.com\/wp-content\/uploads\/sites\/4\/2023\/12\/lab-series-2.jpg\",\"contentUrl\":\"https:\/\/mvebio.com\/wp-content\/uploads\/sites\/4\/2023\/12\/lab-series-2.jpg\",\"width\":1200,\"height\":562},{\"@type\":\"BreadcrumbList\",\"@id\":\"https:\/\/mvebio.com\/fr\/nos-produits\/eleveurs-aluminium\/serie-mve-lab\/#breadcrumb\",\"itemListElement\":[{\"@type\":\"ListItem\",\"position\":1,\"name\":\"Accueil\",\"item\":\"https:\/\/mvebio.com\/fr\/homepage\/\"},{\"@type\":\"ListItem\",\"position\":2,\"name\":\"Nos produits\",\"item\":\"https:\/\/mvebio.com\/fr\/nos-produits\/\"},{\"@type\":\"ListItem\",\"position\":3,\"name\":\"\u00c9leveurs (aluminium)\",\"item\":\"https:\/\/mvebio.com\/fr\/nos-produits\/eleveurs-aluminium\/\"},{\"@type\":\"ListItem\",\"position\":4,\"name\":\"S\u00e9rie MVE Lab\"}]},{\"@type\":\"WebSite\",\"@id\":\"https:\/\/mvebio.com\/fr\/#website\",\"url\":\"https:\/\/mvebio.com\/fr\/\",\"name\":\"MVE Biological Solutions\",\"description\":\"Cryogenic freezers and dewars\",\"publisher\":{\"@id\":\"https:\/\/mvebio.com\/fr\/#organization\"},\"alternateName\":\"MVE Bio\",\"potentialAction\":[{\"@type\":\"SearchAction\",\"target\":{\"@type\":\"EntryPoint\",\"urlTemplate\":\"https:\/\/mvebio.com\/fr\/?s={search_term_string}\"},\"query-input\":{\"@type\":\"PropertyValueSpecification\",\"valueRequired\":true,\"valueName\":\"search_term_string\"}}],\"inLanguage\":\"fr-FR\"},{\"@type\":\"Organization\",\"@id\":\"https:\/\/mvebio.com\/fr\/#organization\",\"name\":\"MVE Biological Solutions\",\"alternateName\":\"MVE Bio\",\"url\":\"https:\/\/mvebio.com\/fr\/\",\"logo\":{\"@type\":\"ImageObject\",\"inLanguage\":\"fr-FR\",\"@id\":\"https:\/\/mvebio.com\/fr\/#\/schema\/logo\/image\/\",\"url\":\"https:\/\/mvebio.com\/wp-content\/uploads\/sites\/4\/2023\/12\/mve-square.png\",\"contentUrl\":\"https:\/\/mvebio.com\/wp-content\/uploads\/sites\/4\/2023\/12\/mve-square.png\",\"width\":1200,\"height\":1200,\"caption\":\"MVE Biological Solutions\"},\"image\":{\"@id\":\"https:\/\/mvebio.com\/fr\/#\/schema\/logo\/image\/\"},\"sameAs\":[\"https:\/\/x.com\/MveBioSolutions\",\"https:\/\/www.linkedin.com\/company\/mvebio\/\"]}]}<\/script>\n<!-- \/ Yoast SEO plugin. -->","yoast_head_json":{"title":"S\u00e9rie MVE Lab - MVE Biological Solutions","description":"Nos Dewars de la s\u00e9rie Lab sont con\u00e7us pour stocker efficacement l'azote liquide afin de remplir les cuves de sperme en cas de besoin. Ils constituent un moyen s\u00fbr, pratique et \u00e9conomique de stocker l'azote liquide. Les dewars en aluminium de la s\u00e9rie MVE Lab vous permettront d'effectuer ce travail, soit en d\u00e9versant manuellement de l'azote liquide, soit en utilisant le dispositif de d\u00e9chargement, le dipper ou le CryoTipper. C'est la raison pour laquelle ils sont les dewars de choix pour le stockage de l'azote liquide dans le monde entier.","robots":{"index":"index","follow":"follow","max-snippet":"max-snippet:-1","max-image-preview":"max-image-preview:large","max-video-preview":"max-video-preview:-1"},"canonical":"https:\/\/mvebio.com\/fr\/nos-produits\/eleveurs-aluminium\/serie-mve-lab\/","og_locale":"fr_FR","og_type":"article","og_title":"S\u00e9rie MVE Lab - MVE Biological Solutions","og_description":"Nos Dewars de la s\u00e9rie Lab sont con\u00e7us pour stocker efficacement l'azote liquide afin de remplir les cuves de sperme en cas de besoin. Ils constituent un moyen s\u00fbr, pratique et \u00e9conomique de stocker l'azote liquide. Les dewars en aluminium de la s\u00e9rie MVE Lab vous permettront d'effectuer ce travail, soit en d\u00e9versant manuellement de l'azote liquide, soit en utilisant le dispositif de d\u00e9chargement, le dipper ou le CryoTipper. C'est la raison pour laquelle ils sont les dewars de choix pour le stockage de l'azote liquide dans le monde entier.","og_url":"https:\/\/mvebio.com\/fr\/nos-produits\/eleveurs-aluminium\/serie-mve-lab\/","og_site_name":"MVE Biological Solutions","article_modified_time":"2026-02-18T15:46:23+00:00","og_image":[{"width":1200,"height":562,"url":"https:\/\/mvebio.com\/wp-content\/uploads\/sites\/4\/2023\/12\/lab-series-2.jpg","type":"image\/jpeg"}],"twitter_card":"summary_large_image","twitter_site":"@MveBioSolutions","schema":{"@context":"https:\/\/schema.org","@graph":[{"@type":"WebPage","@id":"https:\/\/mvebio.com\/fr\/nos-produits\/eleveurs-aluminium\/serie-mve-lab\/","url":"https:\/\/mvebio.com\/fr\/nos-produits\/eleveurs-aluminium\/serie-mve-lab\/","name":"S\u00e9rie MVE Lab - MVE Biological Solutions","isPartOf":{"@id":"https:\/\/mvebio.com\/fr\/#website"},"primaryImageOfPage":{"@id":"https:\/\/mvebio.com\/fr\/nos-produits\/eleveurs-aluminium\/serie-mve-lab\/#primaryimage"},"image":{"@id":"https:\/\/mvebio.com\/fr\/nos-produits\/eleveurs-aluminium\/serie-mve-lab\/#primaryimage"},"thumbnailUrl":"https:\/\/mvebio.com\/wp-content\/uploads\/sites\/4\/2023\/12\/lab-series-2.jpg","datePublished":"2023-03-30T10:05:59+00:00","dateModified":"2026-02-18T15:46:23+00:00","description":"Nos Dewars de la s\u00e9rie Lab sont con\u00e7us pour stocker efficacement l'azote liquide afin de remplir les cuves de sperme en cas de besoin. Ils constituent un moyen s\u00fbr, pratique et \u00e9conomique de stocker l'azote liquide. Les dewars en aluminium de la s\u00e9rie MVE Lab vous permettront d'effectuer ce travail, soit en d\u00e9versant manuellement de l'azote liquide, soit en utilisant le dispositif de d\u00e9chargement, le dipper ou le CryoTipper. C'est la raison pour laquelle ils sont les dewars de choix pour le stockage de l'azote liquide dans le monde entier.","breadcrumb":{"@id":"https:\/\/mvebio.com\/fr\/nos-produits\/eleveurs-aluminium\/serie-mve-lab\/#breadcrumb"},"inLanguage":"fr-FR","potentialAction":[{"@type":"ReadAction","target":["https:\/\/mvebio.com\/fr\/nos-produits\/eleveurs-aluminium\/serie-mve-lab\/"]}]},{"@type":"ImageObject","inLanguage":"fr-FR","@id":"https:\/\/mvebio.com\/fr\/nos-produits\/eleveurs-aluminium\/serie-mve-lab\/#primaryimage","url":"https:\/\/mvebio.com\/wp-content\/uploads\/sites\/4\/2023\/12\/lab-series-2.jpg","contentUrl":"https:\/\/mvebio.com\/wp-content\/uploads\/sites\/4\/2023\/12\/lab-series-2.jpg","width":1200,"height":562},{"@type":"BreadcrumbList","@id":"https:\/\/mvebio.com\/fr\/nos-produits\/eleveurs-aluminium\/serie-mve-lab\/#breadcrumb","itemListElement":[{"@type":"ListItem","position":1,"name":"Accueil","item":"https:\/\/mvebio.com\/fr\/homepage\/"},{"@type":"ListItem","position":2,"name":"Nos produits","item":"https:\/\/mvebio.com\/fr\/nos-produits\/"},{"@type":"ListItem","position":3,"name":"\u00c9leveurs (aluminium)","item":"https:\/\/mvebio.com\/fr\/nos-produits\/eleveurs-aluminium\/"},{"@type":"ListItem","position":4,"name":"S\u00e9rie MVE Lab"}]},{"@type":"WebSite","@id":"https:\/\/mvebio.com\/fr\/#website","url":"https:\/\/mvebio.com\/fr\/","name":"MVE Biological Solutions","description":"Cryogenic freezers and dewars","publisher":{"@id":"https:\/\/mvebio.com\/fr\/#organization"},"alternateName":"MVE Bio","potentialAction":[{"@type":"SearchAction","target":{"@type":"EntryPoint","urlTemplate":"https:\/\/mvebio.com\/fr\/?s={search_term_string}"},"query-input":{"@type":"PropertyValueSpecification","valueRequired":true,"valueName":"search_term_string"}}],"inLanguage":"fr-FR"},{"@type":"Organization","@id":"https:\/\/mvebio.com\/fr\/#organization","name":"MVE Biological Solutions","alternateName":"MVE Bio","url":"https:\/\/mvebio.com\/fr\/","logo":{"@type":"ImageObject","inLanguage":"fr-FR","@id":"https:\/\/mvebio.com\/fr\/#\/schema\/logo\/image\/","url":"https:\/\/mvebio.com\/wp-content\/uploads\/sites\/4\/2023\/12\/mve-square.png","contentUrl":"https:\/\/mvebio.com\/wp-content\/uploads\/sites\/4\/2023\/12\/mve-square.png","width":1200,"height":1200,"caption":"MVE Biological Solutions"},"image":{"@id":"https:\/\/mvebio.com\/fr\/#\/schema\/logo\/image\/"},"sameAs":["https:\/\/x.com\/MveBioSolutions","https:\/\/www.linkedin.com\/company\/mvebio\/"]}]}},"_links":{"self":[{"href":"https:\/\/mvebio.com\/fr\/wp-json\/wp\/v2\/pages\/11797","targetHints":{"allow":["GET"]}}],"collection":[{"href":"https:\/\/mvebio.com\/fr\/wp-json\/wp\/v2\/pages"}],"about":[{"href":"https:\/\/mvebio.com\/fr\/wp-json\/wp\/v2\/types\/page"}],"author":[{"embeddable":true,"href":"https:\/\/mvebio.com\/fr\/wp-json\/wp\/v2\/users\/1"}],"replies":[{"embeddable":true,"href":"https:\/\/mvebio.com\/fr\/wp-json\/wp\/v2\/comments?post=11797"}],"version-history":[{"count":1,"href":"https:\/\/mvebio.com\/fr\/wp-json\/wp\/v2\/pages\/11797\/revisions"}],"predecessor-version":[{"id":11845,"href":"https:\/\/mvebio.com\/fr\/wp-json\/wp\/v2\/pages\/11797\/revisions\/11845"}],"up":[{"embeddable":true,"href":"https:\/\/mvebio.com\/fr\/wp-json\/wp\/v2\/pages\/11841"}],"wp:featuredmedia":[{"embeddable":true,"href":"https:\/\/mvebio.com\/fr\/wp-json\/wp\/v2\/media\/10620"}],"wp:attachment":[{"href":"https:\/\/mvebio.com\/fr\/wp-json\/wp\/v2\/media?parent=11797"}],"curies":[{"name":"wp","href":"https:\/\/api.w.org\/{rel}","templated":true}]}}