{"id":11795,"date":"2023-03-30T11:08:48","date_gmt":"2023-03-30T10:08:48","guid":{"rendered":"https:\/\/mvebio.com\/evenements\/"},"modified":"2026-02-18T10:41:50","modified_gmt":"2026-02-18T15:41:50","slug":"evenements","status":"publish","type":"page","link":"https:\/\/mvebio.com\/fr\/ressources\/evenements\/","title":{"rendered":"Ev\u00e9nements"},"content":{"rendered":"","protected":false},"excerpt":{"rendered":"","protected":false},"author":1,"featured_media":3473,"parent":11842,"menu_order":0,"comment_status":"closed","ping_status":"closed","template":"","meta":{"_acf_changed":false,"footnotes":""},"class_list":["post-11795","page","type-page","status-publish","has-post-thumbnail","hentry"],"acf":[],"yoast_head":"<!-- This site is optimized with the Yoast SEO plugin v27.2 - https:\/\/yoast.com\/product\/yoast-seo-wordpress\/ -->\n<title>Ev\u00e9nements - MVE Biological Solutions<\/title>\n<meta name=\"description\" content=\"Restez inform\u00e9 et connect\u00e9 avec la page des \u00e9v\u00e9nements de MVE. D\u00e9couvrez les derni\u00e8res tendances et innovations dans le domaine de la technologie cryog\u00e9nique et des sciences de la vie lors des \u00e9v\u00e9nements de MVE - o\u00f9 la collaboration rencontre le progr\u00e8s.\" \/>\n<meta name=\"robots\" content=\"index, follow, max-snippet:-1, max-image-preview:large, max-video-preview:-1\" \/>\n<link rel=\"canonical\" href=\"https:\/\/mvebio.com\/fr\/ressources\/evenements\/\" \/>\n<meta property=\"og:locale\" content=\"fr_FR\" \/>\n<meta property=\"og:type\" content=\"article\" \/>\n<meta property=\"og:title\" content=\"Ev\u00e9nements - MVE Biological Solutions\" \/>\n<meta property=\"og:description\" content=\"Restez inform\u00e9 et connect\u00e9 avec la page des \u00e9v\u00e9nements de MVE. D\u00e9couvrez les derni\u00e8res tendances et innovations dans le domaine de la technologie cryog\u00e9nique et des sciences de la vie lors des \u00e9v\u00e9nements de MVE - o\u00f9 la collaboration rencontre le progr\u00e8s.\" \/>\n<meta property=\"og:url\" content=\"https:\/\/mvebio.com\/fr\/ressources\/evenements\/\" \/>\n<meta property=\"og:site_name\" content=\"MVE Biological Solutions\" \/>\n<meta property=\"article:modified_time\" content=\"2026-02-18T15:41:50+00:00\" \/>\n<meta property=\"og:image\" content=\"https:\/\/mvebio.com\/wp-content\/uploads\/sites\/4\/2023\/10\/dna-elemental-bg-scaled-1.jpeg\" \/>\n\t<meta property=\"og:image:width\" content=\"2560\" \/>\n\t<meta property=\"og:image:height\" content=\"901\" \/>\n\t<meta property=\"og:image:type\" content=\"image\/jpeg\" \/>\n<meta name=\"twitter:card\" content=\"summary_large_image\" \/>\n<meta name=\"twitter:site\" content=\"@MveBioSolutions\" \/>\n<script type=\"application\/ld+json\" class=\"yoast-schema-graph\">{\"@context\":\"https:\/\/schema.org\",\"@graph\":[{\"@type\":\"WebPage\",\"@id\":\"https:\/\/mvebio.com\/fr\/ressources\/evenements\/\",\"url\":\"https:\/\/mvebio.com\/fr\/ressources\/evenements\/\",\"name\":\"Ev\u00e9nements - MVE Biological Solutions\",\"isPartOf\":{\"@id\":\"https:\/\/mvebio.com\/fr\/#website\"},\"primaryImageOfPage\":{\"@id\":\"https:\/\/mvebio.com\/fr\/ressources\/evenements\/#primaryimage\"},\"image\":{\"@id\":\"https:\/\/mvebio.com\/fr\/ressources\/evenements\/#primaryimage\"},\"thumbnailUrl\":\"https:\/\/mvebio.com\/wp-content\/uploads\/sites\/4\/2023\/10\/dna-elemental-bg-scaled-1.jpeg\",\"datePublished\":\"2023-03-30T10:08:48+00:00\",\"dateModified\":\"2026-02-18T15:41:50+00:00\",\"description\":\"Restez inform\u00e9 et connect\u00e9 avec la page des \u00e9v\u00e9nements de MVE. D\u00e9couvrez les derni\u00e8res tendances et innovations dans le domaine de la technologie cryog\u00e9nique et des sciences de la vie lors des \u00e9v\u00e9nements de MVE - o\u00f9 la collaboration rencontre le progr\u00e8s.\",\"breadcrumb\":{\"@id\":\"https:\/\/mvebio.com\/fr\/ressources\/evenements\/#breadcrumb\"},\"inLanguage\":\"fr-FR\",\"potentialAction\":[{\"@type\":\"ReadAction\",\"target\":[\"https:\/\/mvebio.com\/fr\/ressources\/evenements\/\"]}]},{\"@type\":\"ImageObject\",\"inLanguage\":\"fr-FR\",\"@id\":\"https:\/\/mvebio.com\/fr\/ressources\/evenements\/#primaryimage\",\"url\":\"https:\/\/mvebio.com\/wp-content\/uploads\/sites\/4\/2023\/10\/dna-elemental-bg-scaled-1.jpeg\",\"contentUrl\":\"https:\/\/mvebio.com\/wp-content\/uploads\/sites\/4\/2023\/10\/dna-elemental-bg-scaled-1.jpeg\",\"width\":2560,\"height\":901},{\"@type\":\"BreadcrumbList\",\"@id\":\"https:\/\/mvebio.com\/fr\/ressources\/evenements\/#breadcrumb\",\"itemListElement\":[{\"@type\":\"ListItem\",\"position\":1,\"name\":\"Accueil\",\"item\":\"https:\/\/mvebio.com\/fr\/homepage\/\"},{\"@type\":\"ListItem\",\"position\":2,\"name\":\"Ressources\",\"item\":\"https:\/\/mvebio.com\/fr\/ressources\/\"},{\"@type\":\"ListItem\",\"position\":3,\"name\":\"Ev\u00e9nements\"}]},{\"@type\":\"WebSite\",\"@id\":\"https:\/\/mvebio.com\/fr\/#website\",\"url\":\"https:\/\/mvebio.com\/fr\/\",\"name\":\"MVE Biological Solutions\",\"description\":\"Cryogenic freezers and dewars\",\"publisher\":{\"@id\":\"https:\/\/mvebio.com\/fr\/#organization\"},\"alternateName\":\"MVE Bio\",\"potentialAction\":[{\"@type\":\"SearchAction\",\"target\":{\"@type\":\"EntryPoint\",\"urlTemplate\":\"https:\/\/mvebio.com\/fr\/?s={search_term_string}\"},\"query-input\":{\"@type\":\"PropertyValueSpecification\",\"valueRequired\":true,\"valueName\":\"search_term_string\"}}],\"inLanguage\":\"fr-FR\"},{\"@type\":\"Organization\",\"@id\":\"https:\/\/mvebio.com\/fr\/#organization\",\"name\":\"MVE Biological Solutions\",\"alternateName\":\"MVE Bio\",\"url\":\"https:\/\/mvebio.com\/fr\/\",\"logo\":{\"@type\":\"ImageObject\",\"inLanguage\":\"fr-FR\",\"@id\":\"https:\/\/mvebio.com\/fr\/#\/schema\/logo\/image\/\",\"url\":\"https:\/\/mvebio.com\/wp-content\/uploads\/sites\/4\/2023\/12\/mve-square.png\",\"contentUrl\":\"https:\/\/mvebio.com\/wp-content\/uploads\/sites\/4\/2023\/12\/mve-square.png\",\"width\":1200,\"height\":1200,\"caption\":\"MVE Biological Solutions\"},\"image\":{\"@id\":\"https:\/\/mvebio.com\/fr\/#\/schema\/logo\/image\/\"},\"sameAs\":[\"https:\/\/x.com\/MveBioSolutions\",\"https:\/\/www.linkedin.com\/company\/mvebio\/\"]}]}<\/script>\n<!-- \/ Yoast SEO plugin. -->","yoast_head_json":{"title":"Ev\u00e9nements - MVE Biological Solutions","description":"Restez inform\u00e9 et connect\u00e9 avec la page des \u00e9v\u00e9nements de MVE. D\u00e9couvrez les derni\u00e8res tendances et innovations dans le domaine de la technologie cryog\u00e9nique et des sciences de la vie lors des \u00e9v\u00e9nements de MVE - o\u00f9 la collaboration rencontre le progr\u00e8s.","robots":{"index":"index","follow":"follow","max-snippet":"max-snippet:-1","max-image-preview":"max-image-preview:large","max-video-preview":"max-video-preview:-1"},"canonical":"https:\/\/mvebio.com\/fr\/ressources\/evenements\/","og_locale":"fr_FR","og_type":"article","og_title":"Ev\u00e9nements - MVE Biological Solutions","og_description":"Restez inform\u00e9 et connect\u00e9 avec la page des \u00e9v\u00e9nements de MVE. D\u00e9couvrez les derni\u00e8res tendances et innovations dans le domaine de la technologie cryog\u00e9nique et des sciences de la vie lors des \u00e9v\u00e9nements de MVE - o\u00f9 la collaboration rencontre le progr\u00e8s.","og_url":"https:\/\/mvebio.com\/fr\/ressources\/evenements\/","og_site_name":"MVE Biological Solutions","article_modified_time":"2026-02-18T15:41:50+00:00","og_image":[{"width":2560,"height":901,"url":"https:\/\/mvebio.com\/wp-content\/uploads\/sites\/4\/2023\/10\/dna-elemental-bg-scaled-1.jpeg","type":"image\/jpeg"}],"twitter_card":"summary_large_image","twitter_site":"@MveBioSolutions","schema":{"@context":"https:\/\/schema.org","@graph":[{"@type":"WebPage","@id":"https:\/\/mvebio.com\/fr\/ressources\/evenements\/","url":"https:\/\/mvebio.com\/fr\/ressources\/evenements\/","name":"Ev\u00e9nements - MVE Biological Solutions","isPartOf":{"@id":"https:\/\/mvebio.com\/fr\/#website"},"primaryImageOfPage":{"@id":"https:\/\/mvebio.com\/fr\/ressources\/evenements\/#primaryimage"},"image":{"@id":"https:\/\/mvebio.com\/fr\/ressources\/evenements\/#primaryimage"},"thumbnailUrl":"https:\/\/mvebio.com\/wp-content\/uploads\/sites\/4\/2023\/10\/dna-elemental-bg-scaled-1.jpeg","datePublished":"2023-03-30T10:08:48+00:00","dateModified":"2026-02-18T15:41:50+00:00","description":"Restez inform\u00e9 et connect\u00e9 avec la page des \u00e9v\u00e9nements de MVE. D\u00e9couvrez les derni\u00e8res tendances et innovations dans le domaine de la technologie cryog\u00e9nique et des sciences de la vie lors des \u00e9v\u00e9nements de MVE - o\u00f9 la collaboration rencontre le progr\u00e8s.","breadcrumb":{"@id":"https:\/\/mvebio.com\/fr\/ressources\/evenements\/#breadcrumb"},"inLanguage":"fr-FR","potentialAction":[{"@type":"ReadAction","target":["https:\/\/mvebio.com\/fr\/ressources\/evenements\/"]}]},{"@type":"ImageObject","inLanguage":"fr-FR","@id":"https:\/\/mvebio.com\/fr\/ressources\/evenements\/#primaryimage","url":"https:\/\/mvebio.com\/wp-content\/uploads\/sites\/4\/2023\/10\/dna-elemental-bg-scaled-1.jpeg","contentUrl":"https:\/\/mvebio.com\/wp-content\/uploads\/sites\/4\/2023\/10\/dna-elemental-bg-scaled-1.jpeg","width":2560,"height":901},{"@type":"BreadcrumbList","@id":"https:\/\/mvebio.com\/fr\/ressources\/evenements\/#breadcrumb","itemListElement":[{"@type":"ListItem","position":1,"name":"Accueil","item":"https:\/\/mvebio.com\/fr\/homepage\/"},{"@type":"ListItem","position":2,"name":"Ressources","item":"https:\/\/mvebio.com\/fr\/ressources\/"},{"@type":"ListItem","position":3,"name":"Ev\u00e9nements"}]},{"@type":"WebSite","@id":"https:\/\/mvebio.com\/fr\/#website","url":"https:\/\/mvebio.com\/fr\/","name":"MVE Biological Solutions","description":"Cryogenic freezers and dewars","publisher":{"@id":"https:\/\/mvebio.com\/fr\/#organization"},"alternateName":"MVE Bio","potentialAction":[{"@type":"SearchAction","target":{"@type":"EntryPoint","urlTemplate":"https:\/\/mvebio.com\/fr\/?s={search_term_string}"},"query-input":{"@type":"PropertyValueSpecification","valueRequired":true,"valueName":"search_term_string"}}],"inLanguage":"fr-FR"},{"@type":"Organization","@id":"https:\/\/mvebio.com\/fr\/#organization","name":"MVE Biological Solutions","alternateName":"MVE Bio","url":"https:\/\/mvebio.com\/fr\/","logo":{"@type":"ImageObject","inLanguage":"fr-FR","@id":"https:\/\/mvebio.com\/fr\/#\/schema\/logo\/image\/","url":"https:\/\/mvebio.com\/wp-content\/uploads\/sites\/4\/2023\/12\/mve-square.png","contentUrl":"https:\/\/mvebio.com\/wp-content\/uploads\/sites\/4\/2023\/12\/mve-square.png","width":1200,"height":1200,"caption":"MVE Biological Solutions"},"image":{"@id":"https:\/\/mvebio.com\/fr\/#\/schema\/logo\/image\/"},"sameAs":["https:\/\/x.com\/MveBioSolutions","https:\/\/www.linkedin.com\/company\/mvebio\/"]}]}},"_links":{"self":[{"href":"https:\/\/mvebio.com\/fr\/wp-json\/wp\/v2\/pages\/11795","targetHints":{"allow":["GET"]}}],"collection":[{"href":"https:\/\/mvebio.com\/fr\/wp-json\/wp\/v2\/pages"}],"about":[{"href":"https:\/\/mvebio.com\/fr\/wp-json\/wp\/v2\/types\/page"}],"author":[{"embeddable":true,"href":"https:\/\/mvebio.com\/fr\/wp-json\/wp\/v2\/users\/1"}],"replies":[{"embeddable":true,"href":"https:\/\/mvebio.com\/fr\/wp-json\/wp\/v2\/comments?post=11795"}],"version-history":[{"count":1,"href":"https:\/\/mvebio.com\/fr\/wp-json\/wp\/v2\/pages\/11795\/revisions"}],"predecessor-version":[{"id":11848,"href":"https:\/\/mvebio.com\/fr\/wp-json\/wp\/v2\/pages\/11795\/revisions\/11848"}],"up":[{"embeddable":true,"href":"https:\/\/mvebio.com\/fr\/wp-json\/wp\/v2\/pages\/11842"}],"wp:featuredmedia":[{"embeddable":true,"href":"https:\/\/mvebio.com\/fr\/wp-json\/wp\/v2\/media\/3473"}],"wp:attachment":[{"href":"https:\/\/mvebio.com\/fr\/wp-json\/wp\/v2\/media?parent=11795"}],"curies":[{"name":"wp","href":"https:\/\/api.w.org\/{rel}","templated":true}]}}