{"id":11787,"date":"2023-11-02T14:57:04","date_gmt":"2023-11-02T14:57:04","guid":{"rendered":"https:\/\/mvebio.com\/serie-mve\/"},"modified":"2026-02-18T10:41:24","modified_gmt":"2026-02-18T15:41:24","slug":"serie-mve","status":"publish","type":"page","link":"https:\/\/mvebio.com\/fr\/nos-produits\/eleveurs-congelateurs\/serie-mve\/","title":{"rendered":"S\u00e9rie MVE"},"content":{"rendered":"","protected":false},"excerpt":{"rendered":"<p>Stockage cryog\u00e9nique maximal et dur\u00e9es de conservation les plus longues de l&rsquo;industrie<\/p>\n","protected":false},"author":1,"featured_media":10521,"parent":11799,"menu_order":0,"comment_status":"closed","ping_status":"closed","template":"","meta":{"_acf_changed":false,"footnotes":""},"class_list":["post-11787","page","type-page","status-publish","has-post-thumbnail","hentry"],"acf":[],"yoast_head":"<!-- This site is optimized with the Yoast SEO plugin v27.4 - https:\/\/yoast.com\/product\/yoast-seo-wordpress\/ -->\n<title>S\u00e9rie MVE - MVE Biological Solutions<\/title>\n<meta name=\"description\" content=\"Qu&#039;il s&#039;agisse de stocker de la g\u00e9n\u00e9tique Holstein d&#039;\u00e9lite ou de grandes quantit\u00e9s de g\u00e9n\u00e9tique Angus, de germplasme de compagnon de pedigree ou d&#039;esp\u00e8ces exotiques, le cong\u00e9lateur de la s\u00e9rie MVE offre une solution optimale de stockage de paille en vrac avec des caract\u00e9ristiques de s\u00e9curit\u00e9 de temp\u00e9rature am\u00e9lior\u00e9es. La s\u00e9rie MVE, tr\u00e8s polyvalente, offre un stockage en vrac efficace et est disponible dans des tailles uniques qui correspondent \u00e0 des capacit\u00e9s de stockage allant de 23 \u00e0 150 bidons (73 mm de diam\u00e8tre), ce qui rend la s\u00e9rie MVE id\u00e9ale pour toute application d&#039;\u00e9levage.\" \/>\n<meta name=\"robots\" content=\"index, follow, max-snippet:-1, max-image-preview:large, max-video-preview:-1\" \/>\n<link rel=\"canonical\" href=\"https:\/\/mvebio.com\/fr\/nos-produits\/eleveurs-congelateurs\/serie-mve\/\" \/>\n<meta property=\"og:locale\" content=\"fr_FR\" \/>\n<meta property=\"og:type\" content=\"article\" \/>\n<meta property=\"og:title\" content=\"S\u00e9rie MVE - MVE Biological Solutions\" \/>\n<meta property=\"og:description\" content=\"Qu&#039;il s&#039;agisse de stocker de la g\u00e9n\u00e9tique Holstein d&#039;\u00e9lite ou de grandes quantit\u00e9s de g\u00e9n\u00e9tique Angus, de germplasme de compagnon de pedigree ou d&#039;esp\u00e8ces exotiques, le cong\u00e9lateur de la s\u00e9rie MVE offre une solution optimale de stockage de paille en vrac avec des caract\u00e9ristiques de s\u00e9curit\u00e9 de temp\u00e9rature am\u00e9lior\u00e9es. La s\u00e9rie MVE, tr\u00e8s polyvalente, offre un stockage en vrac efficace et est disponible dans des tailles uniques qui correspondent \u00e0 des capacit\u00e9s de stockage allant de 23 \u00e0 150 bidons (73 mm de diam\u00e8tre), ce qui rend la s\u00e9rie MVE id\u00e9ale pour toute application d&#039;\u00e9levage.\" \/>\n<meta property=\"og:url\" content=\"https:\/\/mvebio.com\/fr\/nos-produits\/eleveurs-congelateurs\/serie-mve\/\" \/>\n<meta property=\"og:site_name\" content=\"MVE Biological Solutions\" \/>\n<meta property=\"article:modified_time\" content=\"2026-02-18T15:41:24+00:00\" \/>\n<meta property=\"og:image\" content=\"https:\/\/mvebio.com\/wp-content\/uploads\/sites\/4\/2023\/12\/MVE-Series-1-e1701460226836.jpg\" \/>\n\t<meta property=\"og:image:width\" content=\"1200\" \/>\n\t<meta property=\"og:image:height\" content=\"562\" \/>\n\t<meta property=\"og:image:type\" content=\"image\/jpeg\" \/>\n<meta name=\"twitter:card\" content=\"summary_large_image\" \/>\n<meta name=\"twitter:site\" content=\"@MveBioSolutions\" \/>\n<script type=\"application\/ld+json\" class=\"yoast-schema-graph\">{\"@context\":\"https:\\\/\\\/schema.org\",\"@graph\":[{\"@type\":\"WebPage\",\"@id\":\"https:\\\/\\\/mvebio.com\\\/fr\\\/nos-produits\\\/eleveurs-congelateurs\\\/serie-mve\\\/\",\"url\":\"https:\\\/\\\/mvebio.com\\\/fr\\\/nos-produits\\\/eleveurs-congelateurs\\\/serie-mve\\\/\",\"name\":\"S\u00e9rie MVE - MVE Biological Solutions\",\"isPartOf\":{\"@id\":\"https:\\\/\\\/mvebio.com\\\/fr\\\/#website\"},\"primaryImageOfPage\":{\"@id\":\"https:\\\/\\\/mvebio.com\\\/fr\\\/nos-produits\\\/eleveurs-congelateurs\\\/serie-mve\\\/#primaryimage\"},\"image\":{\"@id\":\"https:\\\/\\\/mvebio.com\\\/fr\\\/nos-produits\\\/eleveurs-congelateurs\\\/serie-mve\\\/#primaryimage\"},\"thumbnailUrl\":\"https:\\\/\\\/mvebio.com\\\/wp-content\\\/uploads\\\/sites\\\/4\\\/2023\\\/12\\\/MVE-Series-1-e1701460226836.jpg\",\"datePublished\":\"2023-11-02T14:57:04+00:00\",\"dateModified\":\"2026-02-18T15:41:24+00:00\",\"description\":\"Qu'il s'agisse de stocker de la g\u00e9n\u00e9tique Holstein d'\u00e9lite ou de grandes quantit\u00e9s de g\u00e9n\u00e9tique Angus, de germplasme de compagnon de pedigree ou d'esp\u00e8ces exotiques, le cong\u00e9lateur de la s\u00e9rie MVE offre une solution optimale de stockage de paille en vrac avec des caract\u00e9ristiques de s\u00e9curit\u00e9 de temp\u00e9rature am\u00e9lior\u00e9es. La s\u00e9rie MVE, tr\u00e8s polyvalente, offre un stockage en vrac efficace et est disponible dans des tailles uniques qui correspondent \u00e0 des capacit\u00e9s de stockage allant de 23 \u00e0 150 bidons (73 mm de diam\u00e8tre), ce qui rend la s\u00e9rie MVE id\u00e9ale pour toute application d'\u00e9levage.\",\"breadcrumb\":{\"@id\":\"https:\\\/\\\/mvebio.com\\\/fr\\\/nos-produits\\\/eleveurs-congelateurs\\\/serie-mve\\\/#breadcrumb\"},\"inLanguage\":\"fr-FR\",\"potentialAction\":[{\"@type\":\"ReadAction\",\"target\":[\"https:\\\/\\\/mvebio.com\\\/fr\\\/nos-produits\\\/eleveurs-congelateurs\\\/serie-mve\\\/\"]}]},{\"@type\":\"ImageObject\",\"inLanguage\":\"fr-FR\",\"@id\":\"https:\\\/\\\/mvebio.com\\\/fr\\\/nos-produits\\\/eleveurs-congelateurs\\\/serie-mve\\\/#primaryimage\",\"url\":\"https:\\\/\\\/mvebio.com\\\/wp-content\\\/uploads\\\/sites\\\/4\\\/2023\\\/12\\\/MVE-Series-1-e1701460226836.jpg\",\"contentUrl\":\"https:\\\/\\\/mvebio.com\\\/wp-content\\\/uploads\\\/sites\\\/4\\\/2023\\\/12\\\/MVE-Series-1-e1701460226836.jpg\",\"width\":1200,\"height\":562,\"caption\":\"S\u00e9rie MVE\"},{\"@type\":\"BreadcrumbList\",\"@id\":\"https:\\\/\\\/mvebio.com\\\/fr\\\/nos-produits\\\/eleveurs-congelateurs\\\/serie-mve\\\/#breadcrumb\",\"itemListElement\":[{\"@type\":\"ListItem\",\"position\":1,\"name\":\"Accueil\",\"item\":\"https:\\\/\\\/mvebio.com\\\/fr\\\/homepage\\\/\"},{\"@type\":\"ListItem\",\"position\":2,\"name\":\"Nos produits\",\"item\":\"https:\\\/\\\/mvebio.com\\\/fr\\\/nos-produits\\\/\"},{\"@type\":\"ListItem\",\"position\":3,\"name\":\"\u00c9leveurs (cong\u00e9lateurs)\",\"item\":\"https:\\\/\\\/mvebio.com\\\/fr\\\/nos-produits\\\/eleveurs-congelateurs\\\/\"},{\"@type\":\"ListItem\",\"position\":4,\"name\":\"S\u00e9rie MVE\"}]},{\"@type\":\"WebSite\",\"@id\":\"https:\\\/\\\/mvebio.com\\\/fr\\\/#website\",\"url\":\"https:\\\/\\\/mvebio.com\\\/fr\\\/\",\"name\":\"MVE Biological Solutions\",\"description\":\"Cryogenic freezers and dewars\",\"publisher\":{\"@id\":\"https:\\\/\\\/mvebio.com\\\/fr\\\/#organization\"},\"alternateName\":\"MVE Bio\",\"potentialAction\":[{\"@type\":\"SearchAction\",\"target\":{\"@type\":\"EntryPoint\",\"urlTemplate\":\"https:\\\/\\\/mvebio.com\\\/fr\\\/?s={search_term_string}\"},\"query-input\":{\"@type\":\"PropertyValueSpecification\",\"valueRequired\":true,\"valueName\":\"search_term_string\"}}],\"inLanguage\":\"fr-FR\"},{\"@type\":\"Organization\",\"@id\":\"https:\\\/\\\/mvebio.com\\\/fr\\\/#organization\",\"name\":\"MVE Biological Solutions\",\"alternateName\":\"MVE Bio\",\"url\":\"https:\\\/\\\/mvebio.com\\\/fr\\\/\",\"logo\":{\"@type\":\"ImageObject\",\"inLanguage\":\"fr-FR\",\"@id\":\"https:\\\/\\\/mvebio.com\\\/fr\\\/#\\\/schema\\\/logo\\\/image\\\/\",\"url\":\"https:\\\/\\\/mvebio.com\\\/wp-content\\\/uploads\\\/sites\\\/4\\\/2023\\\/12\\\/mve-square.png\",\"contentUrl\":\"https:\\\/\\\/mvebio.com\\\/wp-content\\\/uploads\\\/sites\\\/4\\\/2023\\\/12\\\/mve-square.png\",\"width\":1200,\"height\":1200,\"caption\":\"MVE Biological Solutions\"},\"image\":{\"@id\":\"https:\\\/\\\/mvebio.com\\\/fr\\\/#\\\/schema\\\/logo\\\/image\\\/\"},\"sameAs\":[\"https:\\\/\\\/x.com\\\/MveBioSolutions\",\"https:\\\/\\\/www.linkedin.com\\\/company\\\/mvebio\\\/\"]}]}<\/script>\n<!-- \/ Yoast SEO plugin. -->","yoast_head_json":{"title":"S\u00e9rie MVE - MVE Biological Solutions","description":"Qu'il s'agisse de stocker de la g\u00e9n\u00e9tique Holstein d'\u00e9lite ou de grandes quantit\u00e9s de g\u00e9n\u00e9tique Angus, de germplasme de compagnon de pedigree ou d'esp\u00e8ces exotiques, le cong\u00e9lateur de la s\u00e9rie MVE offre une solution optimale de stockage de paille en vrac avec des caract\u00e9ristiques de s\u00e9curit\u00e9 de temp\u00e9rature am\u00e9lior\u00e9es. La s\u00e9rie MVE, tr\u00e8s polyvalente, offre un stockage en vrac efficace et est disponible dans des tailles uniques qui correspondent \u00e0 des capacit\u00e9s de stockage allant de 23 \u00e0 150 bidons (73 mm de diam\u00e8tre), ce qui rend la s\u00e9rie MVE id\u00e9ale pour toute application d'\u00e9levage.","robots":{"index":"index","follow":"follow","max-snippet":"max-snippet:-1","max-image-preview":"max-image-preview:large","max-video-preview":"max-video-preview:-1"},"canonical":"https:\/\/mvebio.com\/fr\/nos-produits\/eleveurs-congelateurs\/serie-mve\/","og_locale":"fr_FR","og_type":"article","og_title":"S\u00e9rie MVE - MVE Biological Solutions","og_description":"Qu'il s'agisse de stocker de la g\u00e9n\u00e9tique Holstein d'\u00e9lite ou de grandes quantit\u00e9s de g\u00e9n\u00e9tique Angus, de germplasme de compagnon de pedigree ou d'esp\u00e8ces exotiques, le cong\u00e9lateur de la s\u00e9rie MVE offre une solution optimale de stockage de paille en vrac avec des caract\u00e9ristiques de s\u00e9curit\u00e9 de temp\u00e9rature am\u00e9lior\u00e9es. La s\u00e9rie MVE, tr\u00e8s polyvalente, offre un stockage en vrac efficace et est disponible dans des tailles uniques qui correspondent \u00e0 des capacit\u00e9s de stockage allant de 23 \u00e0 150 bidons (73 mm de diam\u00e8tre), ce qui rend la s\u00e9rie MVE id\u00e9ale pour toute application d'\u00e9levage.","og_url":"https:\/\/mvebio.com\/fr\/nos-produits\/eleveurs-congelateurs\/serie-mve\/","og_site_name":"MVE Biological Solutions","article_modified_time":"2026-02-18T15:41:24+00:00","og_image":[{"width":1200,"height":562,"url":"https:\/\/mvebio.com\/wp-content\/uploads\/sites\/4\/2023\/12\/MVE-Series-1-e1701460226836.jpg","type":"image\/jpeg"}],"twitter_card":"summary_large_image","twitter_site":"@MveBioSolutions","schema":{"@context":"https:\/\/schema.org","@graph":[{"@type":"WebPage","@id":"https:\/\/mvebio.com\/fr\/nos-produits\/eleveurs-congelateurs\/serie-mve\/","url":"https:\/\/mvebio.com\/fr\/nos-produits\/eleveurs-congelateurs\/serie-mve\/","name":"S\u00e9rie MVE - MVE Biological Solutions","isPartOf":{"@id":"https:\/\/mvebio.com\/fr\/#website"},"primaryImageOfPage":{"@id":"https:\/\/mvebio.com\/fr\/nos-produits\/eleveurs-congelateurs\/serie-mve\/#primaryimage"},"image":{"@id":"https:\/\/mvebio.com\/fr\/nos-produits\/eleveurs-congelateurs\/serie-mve\/#primaryimage"},"thumbnailUrl":"https:\/\/mvebio.com\/wp-content\/uploads\/sites\/4\/2023\/12\/MVE-Series-1-e1701460226836.jpg","datePublished":"2023-11-02T14:57:04+00:00","dateModified":"2026-02-18T15:41:24+00:00","description":"Qu'il s'agisse de stocker de la g\u00e9n\u00e9tique Holstein d'\u00e9lite ou de grandes quantit\u00e9s de g\u00e9n\u00e9tique Angus, de germplasme de compagnon de pedigree ou d'esp\u00e8ces exotiques, le cong\u00e9lateur de la s\u00e9rie MVE offre une solution optimale de stockage de paille en vrac avec des caract\u00e9ristiques de s\u00e9curit\u00e9 de temp\u00e9rature am\u00e9lior\u00e9es. La s\u00e9rie MVE, tr\u00e8s polyvalente, offre un stockage en vrac efficace et est disponible dans des tailles uniques qui correspondent \u00e0 des capacit\u00e9s de stockage allant de 23 \u00e0 150 bidons (73 mm de diam\u00e8tre), ce qui rend la s\u00e9rie MVE id\u00e9ale pour toute application d'\u00e9levage.","breadcrumb":{"@id":"https:\/\/mvebio.com\/fr\/nos-produits\/eleveurs-congelateurs\/serie-mve\/#breadcrumb"},"inLanguage":"fr-FR","potentialAction":[{"@type":"ReadAction","target":["https:\/\/mvebio.com\/fr\/nos-produits\/eleveurs-congelateurs\/serie-mve\/"]}]},{"@type":"ImageObject","inLanguage":"fr-FR","@id":"https:\/\/mvebio.com\/fr\/nos-produits\/eleveurs-congelateurs\/serie-mve\/#primaryimage","url":"https:\/\/mvebio.com\/wp-content\/uploads\/sites\/4\/2023\/12\/MVE-Series-1-e1701460226836.jpg","contentUrl":"https:\/\/mvebio.com\/wp-content\/uploads\/sites\/4\/2023\/12\/MVE-Series-1-e1701460226836.jpg","width":1200,"height":562,"caption":"S\u00e9rie MVE"},{"@type":"BreadcrumbList","@id":"https:\/\/mvebio.com\/fr\/nos-produits\/eleveurs-congelateurs\/serie-mve\/#breadcrumb","itemListElement":[{"@type":"ListItem","position":1,"name":"Accueil","item":"https:\/\/mvebio.com\/fr\/homepage\/"},{"@type":"ListItem","position":2,"name":"Nos produits","item":"https:\/\/mvebio.com\/fr\/nos-produits\/"},{"@type":"ListItem","position":3,"name":"\u00c9leveurs (cong\u00e9lateurs)","item":"https:\/\/mvebio.com\/fr\/nos-produits\/eleveurs-congelateurs\/"},{"@type":"ListItem","position":4,"name":"S\u00e9rie MVE"}]},{"@type":"WebSite","@id":"https:\/\/mvebio.com\/fr\/#website","url":"https:\/\/mvebio.com\/fr\/","name":"MVE Biological Solutions","description":"Cryogenic freezers and dewars","publisher":{"@id":"https:\/\/mvebio.com\/fr\/#organization"},"alternateName":"MVE Bio","potentialAction":[{"@type":"SearchAction","target":{"@type":"EntryPoint","urlTemplate":"https:\/\/mvebio.com\/fr\/?s={search_term_string}"},"query-input":{"@type":"PropertyValueSpecification","valueRequired":true,"valueName":"search_term_string"}}],"inLanguage":"fr-FR"},{"@type":"Organization","@id":"https:\/\/mvebio.com\/fr\/#organization","name":"MVE Biological Solutions","alternateName":"MVE Bio","url":"https:\/\/mvebio.com\/fr\/","logo":{"@type":"ImageObject","inLanguage":"fr-FR","@id":"https:\/\/mvebio.com\/fr\/#\/schema\/logo\/image\/","url":"https:\/\/mvebio.com\/wp-content\/uploads\/sites\/4\/2023\/12\/mve-square.png","contentUrl":"https:\/\/mvebio.com\/wp-content\/uploads\/sites\/4\/2023\/12\/mve-square.png","width":1200,"height":1200,"caption":"MVE Biological Solutions"},"image":{"@id":"https:\/\/mvebio.com\/fr\/#\/schema\/logo\/image\/"},"sameAs":["https:\/\/x.com\/MveBioSolutions","https:\/\/www.linkedin.com\/company\/mvebio\/"]}]}},"_links":{"self":[{"href":"https:\/\/mvebio.com\/fr\/wp-json\/wp\/v2\/pages\/11787","targetHints":{"allow":["GET"]}}],"collection":[{"href":"https:\/\/mvebio.com\/fr\/wp-json\/wp\/v2\/pages"}],"about":[{"href":"https:\/\/mvebio.com\/fr\/wp-json\/wp\/v2\/types\/page"}],"author":[{"embeddable":true,"href":"https:\/\/mvebio.com\/fr\/wp-json\/wp\/v2\/users\/1"}],"replies":[{"embeddable":true,"href":"https:\/\/mvebio.com\/fr\/wp-json\/wp\/v2\/comments?post=11787"}],"version-history":[{"count":1,"href":"https:\/\/mvebio.com\/fr\/wp-json\/wp\/v2\/pages\/11787\/revisions"}],"predecessor-version":[{"id":11800,"href":"https:\/\/mvebio.com\/fr\/wp-json\/wp\/v2\/pages\/11787\/revisions\/11800"}],"up":[{"embeddable":true,"href":"https:\/\/mvebio.com\/fr\/wp-json\/wp\/v2\/pages\/11799"}],"wp:featuredmedia":[{"embeddable":true,"href":"https:\/\/mvebio.com\/fr\/wp-json\/wp\/v2\/media\/10521"}],"wp:attachment":[{"href":"https:\/\/mvebio.com\/fr\/wp-json\/wp\/v2\/media?parent=11787"}],"curies":[{"name":"wp","href":"https:\/\/api.w.org\/{rel}","templated":true}]}}