{"id":11527,"date":"2022-09-28T11:28:23","date_gmt":"2022-09-28T10:28:23","guid":{"rendered":"https:\/\/mvebio.com\/nuestros-productos\/ciencias-de-la-vida-aluminio\/serie-mve-lab\/"},"modified":"2026-02-18T11:18:24","modified_gmt":"2026-02-18T16:18:24","slug":"serie-mve-lab","status":"publish","type":"page","link":"https:\/\/mvebio.com\/es\/nuestros-productos\/ciencias-de-la-vida-aluminio\/serie-mve-lab\/","title":{"rendered":"Serie MVE Lab"},"content":{"rendered":"","protected":false},"excerpt":{"rendered":"<p>Descubra los dep\u00f3sitos de l\u00edquidos criog\u00e9nicos utilizados en laboratorios de todo el mundo<\/p>\n","protected":false},"author":1,"featured_media":10585,"parent":11484,"menu_order":0,"comment_status":"closed","ping_status":"closed","template":"","meta":{"_acf_changed":false,"footnotes":""},"class_list":["post-11527","page","type-page","status-publish","has-post-thumbnail","hentry"],"acf":[],"yoast_head":"<!-- This site is optimized with the Yoast SEO plugin v27.4 - https:\/\/yoast.com\/product\/yoast-seo-wordpress\/ -->\n<title>Serie MVE Lab - MVE Biological Solutions<\/title>\n<meta name=\"description\" content=\"Descubra los dep\u00f3sitos de l\u00edquidos criog\u00e9nicos utilizados en laboratorios de todo el mundo. \u00bfSu laboratorio o centro m\u00e9dico necesita una forma segura, c\u00f3moda y econ\u00f3mica de almacenar nitr\u00f3geno l\u00edquido? Y, por supuesto, lo m\u00e1s probable es que tambi\u00e9n tenga que dispensarlo. La serie de dewars de aluminio de MVE Lab har\u00e1 el trabajo. Por eso son los dewars preferidos por laboratorios e instalaciones m\u00e9dicas de todo el mundo.\" \/>\n<meta name=\"robots\" content=\"index, follow, max-snippet:-1, max-image-preview:large, max-video-preview:-1\" \/>\n<link rel=\"canonical\" href=\"https:\/\/mvebio.com\/es\/nuestros-productos\/ciencias-de-la-vida-aluminio\/serie-mve-lab\/\" \/>\n<meta property=\"og:locale\" content=\"es_ES\" \/>\n<meta property=\"og:type\" content=\"article\" \/>\n<meta property=\"og:title\" content=\"Serie MVE Lab - MVE Biological Solutions\" \/>\n<meta property=\"og:description\" content=\"Descubra los dep\u00f3sitos de l\u00edquidos criog\u00e9nicos utilizados en laboratorios de todo el mundo. \u00bfSu laboratorio o centro m\u00e9dico necesita una forma segura, c\u00f3moda y econ\u00f3mica de almacenar nitr\u00f3geno l\u00edquido? Y, por supuesto, lo m\u00e1s probable es que tambi\u00e9n tenga que dispensarlo. La serie de dewars de aluminio de MVE Lab har\u00e1 el trabajo. Por eso son los dewars preferidos por laboratorios e instalaciones m\u00e9dicas de todo el mundo.\" \/>\n<meta property=\"og:url\" content=\"https:\/\/mvebio.com\/es\/nuestros-productos\/ciencias-de-la-vida-aluminio\/serie-mve-lab\/\" \/>\n<meta property=\"og:site_name\" content=\"MVE Biological Solutions\" \/>\n<meta property=\"article:modified_time\" content=\"2026-02-18T16:18:24+00:00\" \/>\n<meta property=\"og:image\" content=\"https:\/\/mvebio.com\/wp-content\/uploads\/sites\/4\/2023\/12\/lab-series-1.jpg\" \/>\n\t<meta property=\"og:image:width\" content=\"1200\" \/>\n\t<meta property=\"og:image:height\" content=\"562\" \/>\n\t<meta property=\"og:image:type\" content=\"image\/jpeg\" \/>\n<meta name=\"twitter:card\" content=\"summary_large_image\" \/>\n<meta name=\"twitter:site\" content=\"@MveBioSolutions\" \/>\n<script type=\"application\/ld+json\" class=\"yoast-schema-graph\">{\"@context\":\"https:\\\/\\\/schema.org\",\"@graph\":[{\"@type\":\"WebPage\",\"@id\":\"https:\\\/\\\/mvebio.com\\\/es\\\/nuestros-productos\\\/ciencias-de-la-vida-aluminio\\\/serie-mve-lab\\\/\",\"url\":\"https:\\\/\\\/mvebio.com\\\/es\\\/nuestros-productos\\\/ciencias-de-la-vida-aluminio\\\/serie-mve-lab\\\/\",\"name\":\"Serie MVE Lab - MVE Biological Solutions\",\"isPartOf\":{\"@id\":\"https:\\\/\\\/mvebio.com\\\/es\\\/#website\"},\"primaryImageOfPage\":{\"@id\":\"https:\\\/\\\/mvebio.com\\\/es\\\/nuestros-productos\\\/ciencias-de-la-vida-aluminio\\\/serie-mve-lab\\\/#primaryimage\"},\"image\":{\"@id\":\"https:\\\/\\\/mvebio.com\\\/es\\\/nuestros-productos\\\/ciencias-de-la-vida-aluminio\\\/serie-mve-lab\\\/#primaryimage\"},\"thumbnailUrl\":\"https:\\\/\\\/mvebio.com\\\/wp-content\\\/uploads\\\/sites\\\/4\\\/2023\\\/12\\\/lab-series-1.jpg\",\"datePublished\":\"2022-09-28T10:28:23+00:00\",\"dateModified\":\"2026-02-18T16:18:24+00:00\",\"description\":\"Descubra los dep\u00f3sitos de l\u00edquidos criog\u00e9nicos utilizados en laboratorios de todo el mundo. \u00bfSu laboratorio o centro m\u00e9dico necesita una forma segura, c\u00f3moda y econ\u00f3mica de almacenar nitr\u00f3geno l\u00edquido? Y, por supuesto, lo m\u00e1s probable es que tambi\u00e9n tenga que dispensarlo. La serie de dewars de aluminio de MVE Lab har\u00e1 el trabajo. Por eso son los dewars preferidos por laboratorios e instalaciones m\u00e9dicas de todo el mundo.\",\"breadcrumb\":{\"@id\":\"https:\\\/\\\/mvebio.com\\\/es\\\/nuestros-productos\\\/ciencias-de-la-vida-aluminio\\\/serie-mve-lab\\\/#breadcrumb\"},\"inLanguage\":\"es\",\"potentialAction\":[{\"@type\":\"ReadAction\",\"target\":[\"https:\\\/\\\/mvebio.com\\\/es\\\/nuestros-productos\\\/ciencias-de-la-vida-aluminio\\\/serie-mve-lab\\\/\"]}]},{\"@type\":\"ImageObject\",\"inLanguage\":\"es\",\"@id\":\"https:\\\/\\\/mvebio.com\\\/es\\\/nuestros-productos\\\/ciencias-de-la-vida-aluminio\\\/serie-mve-lab\\\/#primaryimage\",\"url\":\"https:\\\/\\\/mvebio.com\\\/wp-content\\\/uploads\\\/sites\\\/4\\\/2023\\\/12\\\/lab-series-1.jpg\",\"contentUrl\":\"https:\\\/\\\/mvebio.com\\\/wp-content\\\/uploads\\\/sites\\\/4\\\/2023\\\/12\\\/lab-series-1.jpg\",\"width\":1200,\"height\":562,\"caption\":\"Serie Laboratorio\"},{\"@type\":\"BreadcrumbList\",\"@id\":\"https:\\\/\\\/mvebio.com\\\/es\\\/nuestros-productos\\\/ciencias-de-la-vida-aluminio\\\/serie-mve-lab\\\/#breadcrumb\",\"itemListElement\":[{\"@type\":\"ListItem\",\"position\":1,\"name\":\"Inicio\",\"item\":\"https:\\\/\\\/mvebio.com\\\/es\\\/pagina-de-inicio\\\/\"},{\"@type\":\"ListItem\",\"position\":2,\"name\":\"Nuestros productos\",\"item\":\"https:\\\/\\\/mvebio.com\\\/es\\\/nuestros-productos\\\/\"},{\"@type\":\"ListItem\",\"position\":3,\"name\":\"Ciencias de la vida (aluminio)\",\"item\":\"https:\\\/\\\/mvebio.com\\\/es\\\/nuestros-productos\\\/ciencias-de-la-vida-aluminio\\\/\"},{\"@type\":\"ListItem\",\"position\":4,\"name\":\"Serie MVE Lab\"}]},{\"@type\":\"WebSite\",\"@id\":\"https:\\\/\\\/mvebio.com\\\/es\\\/#website\",\"url\":\"https:\\\/\\\/mvebio.com\\\/es\\\/\",\"name\":\"MVE Biological Solutions\",\"description\":\"Cryogenic freezers and dewars\",\"publisher\":{\"@id\":\"https:\\\/\\\/mvebio.com\\\/es\\\/#organization\"},\"alternateName\":\"MVE Bio\",\"potentialAction\":[{\"@type\":\"SearchAction\",\"target\":{\"@type\":\"EntryPoint\",\"urlTemplate\":\"https:\\\/\\\/mvebio.com\\\/es\\\/?s={search_term_string}\"},\"query-input\":{\"@type\":\"PropertyValueSpecification\",\"valueRequired\":true,\"valueName\":\"search_term_string\"}}],\"inLanguage\":\"es\"},{\"@type\":\"Organization\",\"@id\":\"https:\\\/\\\/mvebio.com\\\/es\\\/#organization\",\"name\":\"MVE Biological Solutions\",\"alternateName\":\"MVE Bio\",\"url\":\"https:\\\/\\\/mvebio.com\\\/es\\\/\",\"logo\":{\"@type\":\"ImageObject\",\"inLanguage\":\"es\",\"@id\":\"https:\\\/\\\/mvebio.com\\\/es\\\/#\\\/schema\\\/logo\\\/image\\\/\",\"url\":\"https:\\\/\\\/mvebio.com\\\/wp-content\\\/uploads\\\/sites\\\/4\\\/2023\\\/12\\\/mve-square.png\",\"contentUrl\":\"https:\\\/\\\/mvebio.com\\\/wp-content\\\/uploads\\\/sites\\\/4\\\/2023\\\/12\\\/mve-square.png\",\"width\":1200,\"height\":1200,\"caption\":\"MVE Biological Solutions\"},\"image\":{\"@id\":\"https:\\\/\\\/mvebio.com\\\/es\\\/#\\\/schema\\\/logo\\\/image\\\/\"},\"sameAs\":[\"https:\\\/\\\/x.com\\\/MveBioSolutions\",\"https:\\\/\\\/www.linkedin.com\\\/company\\\/mvebio\\\/\"]}]}<\/script>\n<!-- \/ Yoast SEO plugin. -->","yoast_head_json":{"title":"Serie MVE Lab - MVE Biological Solutions","description":"Descubra los dep\u00f3sitos de l\u00edquidos criog\u00e9nicos utilizados en laboratorios de todo el mundo. \u00bfSu laboratorio o centro m\u00e9dico necesita una forma segura, c\u00f3moda y econ\u00f3mica de almacenar nitr\u00f3geno l\u00edquido? Y, por supuesto, lo m\u00e1s probable es que tambi\u00e9n tenga que dispensarlo. La serie de dewars de aluminio de MVE Lab har\u00e1 el trabajo. Por eso son los dewars preferidos por laboratorios e instalaciones m\u00e9dicas de todo el mundo.","robots":{"index":"index","follow":"follow","max-snippet":"max-snippet:-1","max-image-preview":"max-image-preview:large","max-video-preview":"max-video-preview:-1"},"canonical":"https:\/\/mvebio.com\/es\/nuestros-productos\/ciencias-de-la-vida-aluminio\/serie-mve-lab\/","og_locale":"es_ES","og_type":"article","og_title":"Serie MVE Lab - MVE Biological Solutions","og_description":"Descubra los dep\u00f3sitos de l\u00edquidos criog\u00e9nicos utilizados en laboratorios de todo el mundo. \u00bfSu laboratorio o centro m\u00e9dico necesita una forma segura, c\u00f3moda y econ\u00f3mica de almacenar nitr\u00f3geno l\u00edquido? Y, por supuesto, lo m\u00e1s probable es que tambi\u00e9n tenga que dispensarlo. La serie de dewars de aluminio de MVE Lab har\u00e1 el trabajo. Por eso son los dewars preferidos por laboratorios e instalaciones m\u00e9dicas de todo el mundo.","og_url":"https:\/\/mvebio.com\/es\/nuestros-productos\/ciencias-de-la-vida-aluminio\/serie-mve-lab\/","og_site_name":"MVE Biological Solutions","article_modified_time":"2026-02-18T16:18:24+00:00","og_image":[{"width":1200,"height":562,"url":"https:\/\/mvebio.com\/wp-content\/uploads\/sites\/4\/2023\/12\/lab-series-1.jpg","type":"image\/jpeg"}],"twitter_card":"summary_large_image","twitter_site":"@MveBioSolutions","schema":{"@context":"https:\/\/schema.org","@graph":[{"@type":"WebPage","@id":"https:\/\/mvebio.com\/es\/nuestros-productos\/ciencias-de-la-vida-aluminio\/serie-mve-lab\/","url":"https:\/\/mvebio.com\/es\/nuestros-productos\/ciencias-de-la-vida-aluminio\/serie-mve-lab\/","name":"Serie MVE Lab - MVE Biological Solutions","isPartOf":{"@id":"https:\/\/mvebio.com\/es\/#website"},"primaryImageOfPage":{"@id":"https:\/\/mvebio.com\/es\/nuestros-productos\/ciencias-de-la-vida-aluminio\/serie-mve-lab\/#primaryimage"},"image":{"@id":"https:\/\/mvebio.com\/es\/nuestros-productos\/ciencias-de-la-vida-aluminio\/serie-mve-lab\/#primaryimage"},"thumbnailUrl":"https:\/\/mvebio.com\/wp-content\/uploads\/sites\/4\/2023\/12\/lab-series-1.jpg","datePublished":"2022-09-28T10:28:23+00:00","dateModified":"2026-02-18T16:18:24+00:00","description":"Descubra los dep\u00f3sitos de l\u00edquidos criog\u00e9nicos utilizados en laboratorios de todo el mundo. \u00bfSu laboratorio o centro m\u00e9dico necesita una forma segura, c\u00f3moda y econ\u00f3mica de almacenar nitr\u00f3geno l\u00edquido? Y, por supuesto, lo m\u00e1s probable es que tambi\u00e9n tenga que dispensarlo. La serie de dewars de aluminio de MVE Lab har\u00e1 el trabajo. Por eso son los dewars preferidos por laboratorios e instalaciones m\u00e9dicas de todo el mundo.","breadcrumb":{"@id":"https:\/\/mvebio.com\/es\/nuestros-productos\/ciencias-de-la-vida-aluminio\/serie-mve-lab\/#breadcrumb"},"inLanguage":"es","potentialAction":[{"@type":"ReadAction","target":["https:\/\/mvebio.com\/es\/nuestros-productos\/ciencias-de-la-vida-aluminio\/serie-mve-lab\/"]}]},{"@type":"ImageObject","inLanguage":"es","@id":"https:\/\/mvebio.com\/es\/nuestros-productos\/ciencias-de-la-vida-aluminio\/serie-mve-lab\/#primaryimage","url":"https:\/\/mvebio.com\/wp-content\/uploads\/sites\/4\/2023\/12\/lab-series-1.jpg","contentUrl":"https:\/\/mvebio.com\/wp-content\/uploads\/sites\/4\/2023\/12\/lab-series-1.jpg","width":1200,"height":562,"caption":"Serie Laboratorio"},{"@type":"BreadcrumbList","@id":"https:\/\/mvebio.com\/es\/nuestros-productos\/ciencias-de-la-vida-aluminio\/serie-mve-lab\/#breadcrumb","itemListElement":[{"@type":"ListItem","position":1,"name":"Inicio","item":"https:\/\/mvebio.com\/es\/pagina-de-inicio\/"},{"@type":"ListItem","position":2,"name":"Nuestros productos","item":"https:\/\/mvebio.com\/es\/nuestros-productos\/"},{"@type":"ListItem","position":3,"name":"Ciencias de la vida (aluminio)","item":"https:\/\/mvebio.com\/es\/nuestros-productos\/ciencias-de-la-vida-aluminio\/"},{"@type":"ListItem","position":4,"name":"Serie MVE Lab"}]},{"@type":"WebSite","@id":"https:\/\/mvebio.com\/es\/#website","url":"https:\/\/mvebio.com\/es\/","name":"MVE Biological Solutions","description":"Cryogenic freezers and dewars","publisher":{"@id":"https:\/\/mvebio.com\/es\/#organization"},"alternateName":"MVE Bio","potentialAction":[{"@type":"SearchAction","target":{"@type":"EntryPoint","urlTemplate":"https:\/\/mvebio.com\/es\/?s={search_term_string}"},"query-input":{"@type":"PropertyValueSpecification","valueRequired":true,"valueName":"search_term_string"}}],"inLanguage":"es"},{"@type":"Organization","@id":"https:\/\/mvebio.com\/es\/#organization","name":"MVE Biological Solutions","alternateName":"MVE Bio","url":"https:\/\/mvebio.com\/es\/","logo":{"@type":"ImageObject","inLanguage":"es","@id":"https:\/\/mvebio.com\/es\/#\/schema\/logo\/image\/","url":"https:\/\/mvebio.com\/wp-content\/uploads\/sites\/4\/2023\/12\/mve-square.png","contentUrl":"https:\/\/mvebio.com\/wp-content\/uploads\/sites\/4\/2023\/12\/mve-square.png","width":1200,"height":1200,"caption":"MVE Biological Solutions"},"image":{"@id":"https:\/\/mvebio.com\/es\/#\/schema\/logo\/image\/"},"sameAs":["https:\/\/x.com\/MveBioSolutions","https:\/\/www.linkedin.com\/company\/mvebio\/"]}]}},"_links":{"self":[{"href":"https:\/\/mvebio.com\/es\/wp-json\/wp\/v2\/pages\/11527","targetHints":{"allow":["GET"]}}],"collection":[{"href":"https:\/\/mvebio.com\/es\/wp-json\/wp\/v2\/pages"}],"about":[{"href":"https:\/\/mvebio.com\/es\/wp-json\/wp\/v2\/types\/page"}],"author":[{"embeddable":true,"href":"https:\/\/mvebio.com\/es\/wp-json\/wp\/v2\/users\/1"}],"replies":[{"embeddable":true,"href":"https:\/\/mvebio.com\/es\/wp-json\/wp\/v2\/comments?post=11527"}],"version-history":[{"count":1,"href":"https:\/\/mvebio.com\/es\/wp-json\/wp\/v2\/pages\/11527\/revisions"}],"predecessor-version":[{"id":11531,"href":"https:\/\/mvebio.com\/es\/wp-json\/wp\/v2\/pages\/11527\/revisions\/11531"}],"up":[{"embeddable":true,"href":"https:\/\/mvebio.com\/es\/wp-json\/wp\/v2\/pages\/11484"}],"wp:featuredmedia":[{"embeddable":true,"href":"https:\/\/mvebio.com\/es\/wp-json\/wp\/v2\/media\/10585"}],"wp:attachment":[{"href":"https:\/\/mvebio.com\/es\/wp-json\/wp\/v2\/media?parent=11527"}],"curies":[{"name":"wp","href":"https:\/\/api.w.org\/{rel}","templated":true}]}}